{"id":56054,"date":"2025-11-26T23:14:38","date_gmt":"2025-11-26T22:14:38","guid":{"rendered":"https:\/\/swixed.com\/warenkorb-2\/"},"modified":"2025-11-29T07:52:03","modified_gmt":"2025-11-29T06:52:03","slug":"warenkorb","status":"publish","type":"page","link":"https:\/\/swixed.ch\/de\/warenkorb\/","title":{"rendered":"Warenkorb"},"content":{"rendered":"\t\t<div data-elementor-type=\"wp-page\" data-elementor-id=\"56054\" class=\"elementor elementor-56054 elementor-55972\" data-elementor-post-type=\"page\">\n\t\t\t\t\t\t<section class=\"elementor-section elementor-top-section elementor-element elementor-element-995e95e elementor-section-boxed elementor-section-height-default elementor-section-height-default\" data-id=\"995e95e\" data-element_type=\"section\" data-e-type=\"section\">\n\t\t\t\t\t\t<div class=\"elementor-container elementor-column-gap-default\">\n\t\t\t\t\t<div class=\"elementor-column elementor-col-100 elementor-top-column elementor-element elementor-element-96bf606\" data-id=\"96bf606\" data-element_type=\"column\" data-e-type=\"column\">\n\t\t\t<div class=\"elementor-widget-wrap elementor-element-populated\">\n\t\t\t\t\t\t<div class=\"elementor-element elementor-element-448c98f elementor-widget elementor-widget-eael-woo-cart\" data-id=\"448c98f\" data-element_type=\"widget\" data-e-type=\"widget\" data-settings=\"{&quot;eael_woo_cart_table_components_remove_icon&quot;:{&quot;value&quot;:&quot;fas fa-times&quot;,&quot;library&quot;:&quot;fa-solid&quot;},&quot;eael_woo_cart_components_continue_shopping_icon&quot;:{&quot;value&quot;:&quot;fas fa-chevron-left&quot;,&quot;library&quot;:&quot;fa-solid&quot;}}\" data-widget_type=\"eael-woo-cart.default\">\n\t\t\t\t\t\t\t\t\t<div class=\"eael-woo-cart-wrapper eael-woo-cart-empty eael-woo-style-2 eael-auto-update33\">\n\t\t\t\t<div class=\"woocommerce-notices-wrapper\"><\/div><div class=\"wc-empty-cart-message\">\n\t<div class=\"cart-empty woocommerce-info\" role=\"status\">\n\t\tVotre panier est actuellement vide.\t<\/div>\n<\/div>\t<p class=\"return-to-shop\">\n\t\t<a class=\"button wc-backward\" href=\"https:\/\/swixed.ch\/de\/shop\/\">\n\t\t\tZur\u00fcck zum Shop\t\t<\/a>\n\t<\/p>\n                <\/div>\n\t\t\t\t        <script>document.body.classList.add(\"eael-woo-cart\");<\/script>\n\t\t\t\t\t\t<\/div>\n\t\t\t\t\t<\/div>\n\t\t<\/div>\n\t\t\t\t\t<\/div>\n\t\t<\/section>\n\t\t\t\t<\/div>\n\t\t","protected":false},"excerpt":{"rendered":"<p>Titre du produit Prix Quantit\u00e9 Sous-total Zoll AED Plus \u2013 D\u00e9fibrillateur semi-automatique fiable et intuitif &#8211; Fran\u00e7ais #SED30001-01 &#67;&#72;&#70;&nbsp;1&#8217;469.94 quantit\u00e9 de Zoll AED Plus \u2013 D\u00e9fibrillateur semi-automatique fiable et intuitif &#8211; Fran\u00e7ais &#67;&#72;&#70;&nbsp;1&#8217;469.94 HT Coupon: Coupon anwenden Continuer vos achats Warenkorb aktualisieren Total panier Sous-total &#67;&#72;&#70;&nbsp;1&#8217;469.94 HT Lieferung Livraison gratuite Livraison \u00e0 Rue Carqueron 5, [&hellip;]<\/p>\n","protected":false},"author":1,"featured_media":0,"parent":0,"menu_order":0,"comment_status":"closed","ping_status":"closed","template":"","meta":{"_acf_changed":false,"footnotes":""},"class_list":["post-56054","page","type-page","status-publish","hentry"],"acf":[],"yoast_head":"<!-- This site is optimized with the Yoast SEO Premium plugin v27.4 (Yoast SEO v27.4) - https:\/\/yoast.com\/product\/yoast-seo-premium-wordpress\/ -->\n<title>Warenkorb | Swixed SA<\/title>\n<meta name=\"description\" content=\"Swixed offre une gamme compl\u00e8te de dispositifs m\u00e9dicaux et de fournitures m\u00e9dicales essentiels pour les professionnels de la sant\u00e9. Les services incluent \u00e9galement la maintenance et la r\u00e9paration pour garantir le bon fonctionnement des dispositifs.\" \/>\n<meta name=\"robots\" content=\"index, follow, max-snippet:-1, max-image-preview:large, max-video-preview:-1\" \/>\n<link rel=\"canonical\" href=\"https:\/\/swixed.ch\/de\/warenkorb\/\" \/>\n<meta property=\"og:locale\" content=\"de_DE\" \/>\n<meta property=\"og:type\" content=\"article\" \/>\n<meta property=\"og:title\" content=\"Warenkorb\" \/>\n<meta property=\"og:description\" content=\"Swixed offre une gamme compl\u00e8te de dispositifs m\u00e9dicaux et de fournitures m\u00e9dicales essentiels pour les professionnels de la sant\u00e9. Les services incluent \u00e9galement la maintenance et la r\u00e9paration pour garantir le bon fonctionnement des dispositifs.\" \/>\n<meta property=\"og:url\" content=\"https:\/\/swixed.ch\/de\/warenkorb\/\" \/>\n<meta property=\"og:site_name\" content=\"Swixed SA\" \/>\n<meta property=\"article:publisher\" content=\"https:\/\/www.facebook.com\/swixed\" \/>\n<meta property=\"article:modified_time\" content=\"2025-11-29T06:52:03+00:00\" \/>\n<meta property=\"og:image\" content=\"https:\/\/swixed.ch\/wp-content\/uploads\/products\/zoll-aed-plus-05-100x100.png\" \/>\n<meta name=\"twitter:card\" content=\"summary_large_image\" \/>\n<script type=\"application\/ld+json\" class=\"yoast-schema-graph\">{\"@context\":\"https:\\\/\\\/schema.org\",\"@graph\":[{\"@type\":\"WebPage\",\"@id\":\"https:\\\/\\\/swixed.ch\\\/de\\\/warenkorb\\\/\",\"url\":\"https:\\\/\\\/swixed.ch\\\/de\\\/warenkorb\\\/\",\"name\":\"Warenkorb | Swixed SA\",\"isPartOf\":{\"@id\":\"https:\\\/\\\/swixed.ch\\\/de\\\/#website\"},\"primaryImageOfPage\":{\"@id\":\"https:\\\/\\\/swixed.ch\\\/de\\\/warenkorb\\\/#primaryimage\"},\"image\":{\"@id\":\"https:\\\/\\\/swixed.ch\\\/de\\\/warenkorb\\\/#primaryimage\"},\"thumbnailUrl\":\"https:\\\/\\\/swixed.ch\\\/wp-content\\\/uploads\\\/products\\\/zoll-aed-plus-05-100x100.png\",\"datePublished\":\"2025-11-26T22:14:38+00:00\",\"dateModified\":\"2025-11-29T06:52:03+00:00\",\"description\":\"Swixed offre une gamme compl\u00e8te de dispositifs m\u00e9dicaux et de fournitures m\u00e9dicales essentiels pour les professionnels de la sant\u00e9. Les services incluent \u00e9galement la maintenance et la r\u00e9paration pour garantir le bon fonctionnement des dispositifs.\",\"breadcrumb\":{\"@id\":\"https:\\\/\\\/swixed.ch\\\/de\\\/warenkorb\\\/#breadcrumb\"},\"inLanguage\":\"de\",\"potentialAction\":[{\"@type\":\"ReadAction\",\"target\":[\"https:\\\/\\\/swixed.ch\\\/de\\\/warenkorb\\\/\"]}]},{\"@type\":\"ImageObject\",\"inLanguage\":\"de\",\"@id\":\"https:\\\/\\\/swixed.ch\\\/de\\\/warenkorb\\\/#primaryimage\",\"url\":\"https:\\\/\\\/swixed.ch\\\/wp-content\\\/uploads\\\/products\\\/zoll-aed-plus-05-100x100.png\",\"contentUrl\":\"https:\\\/\\\/swixed.ch\\\/wp-content\\\/uploads\\\/products\\\/zoll-aed-plus-05-100x100.png\"},{\"@type\":\"BreadcrumbList\",\"@id\":\"https:\\\/\\\/swixed.ch\\\/de\\\/warenkorb\\\/#breadcrumb\",\"itemListElement\":[{\"@type\":\"ListItem\",\"position\":1,\"name\":\"Startseite\",\"item\":\"https:\\\/\\\/swixed.ch\\\/de\\\/home\\\/\"},{\"@type\":\"ListItem\",\"position\":2,\"name\":\"Warenkorb\"}]},{\"@type\":\"WebSite\",\"@id\":\"https:\\\/\\\/swixed.ch\\\/de\\\/#website\",\"url\":\"https:\\\/\\\/swixed.ch\\\/de\\\/\",\"name\":\"Swixed SA\",\"description\":\"Elektronische Ger\u00e4te\",\"publisher\":{\"@id\":\"https:\\\/\\\/swixed.ch\\\/de\\\/#organization\"},\"potentialAction\":[{\"@type\":\"SearchAction\",\"target\":{\"@type\":\"EntryPoint\",\"urlTemplate\":\"https:\\\/\\\/swixed.ch\\\/de\\\/?s={search_term_string}\"},\"query-input\":{\"@type\":\"PropertyValueSpecification\",\"valueRequired\":true,\"valueName\":\"search_term_string\"}}],\"inLanguage\":\"de\"},{\"@type\":\"Organization\",\"@id\":\"https:\\\/\\\/swixed.ch\\\/de\\\/#organization\",\"name\":\"Swixed SA\",\"url\":\"https:\\\/\\\/swixed.ch\\\/de\\\/\",\"logo\":{\"@type\":\"ImageObject\",\"inLanguage\":\"de\",\"@id\":\"https:\\\/\\\/swixed.ch\\\/de\\\/#\\\/schema\\\/logo\\\/image\\\/\",\"url\":\"https:\\\/\\\/swixed.ch\\\/wp-content\\\/uploads\\\/logos\\\/swixed-logo-lite.png\",\"contentUrl\":\"https:\\\/\\\/swixed.ch\\\/wp-content\\\/uploads\\\/logos\\\/swixed-logo-lite.png\",\"width\":696,\"height\":696,\"caption\":\"Swixed SA\"},\"image\":{\"@id\":\"https:\\\/\\\/swixed.ch\\\/de\\\/#\\\/schema\\\/logo\\\/image\\\/\"},\"sameAs\":[\"https:\\\/\\\/www.facebook.com\\\/swixed\",\"https:\\\/\\\/www.linkedin.com\\\/company\\\/swixed\",\"https:\\\/\\\/www.youtube.com\\\/@swixedsa\"],\"description\":\"Swixed SA est une entreprise suisse bas\u00e9e \u00e0 Gen\u00e8ve, sp\u00e9cialis\u00e9e dans la vente, la location et la maintenance d\u2019appareils m\u00e9dicaux professionnels, tels que d\u00e9fibrillateurs AED, \u00e9lectrocardiographes, moniteurs patient et dispositifs de diagnostic.\",\"email\":\"infoshop@swixed.ch\",\"telephone\":\"+41 22 566 11 95\",\"legalName\":\"Swixed SA\",\"foundingDate\":\"2021-03-01\",\"numberOfEmployees\":{\"@type\":\"QuantitativeValue\",\"minValue\":\"1\",\"maxValue\":\"10\"}}]}<\/script>\n<!-- \/ Yoast SEO Premium plugin. -->","yoast_head_json":{"title":"Warenkorb | Swixed SA","description":"Swixed offre une gamme compl\u00e8te de dispositifs m\u00e9dicaux et de fournitures m\u00e9dicales essentiels pour les professionnels de la sant\u00e9. Les services incluent \u00e9galement la maintenance et la r\u00e9paration pour garantir le bon fonctionnement des dispositifs.","robots":{"index":"index","follow":"follow","max-snippet":"max-snippet:-1","max-image-preview":"max-image-preview:large","max-video-preview":"max-video-preview:-1"},"canonical":"https:\/\/swixed.ch\/de\/warenkorb\/","og_locale":"de_DE","og_type":"article","og_title":"Warenkorb","og_description":"Swixed offre une gamme compl\u00e8te de dispositifs m\u00e9dicaux et de fournitures m\u00e9dicales essentiels pour les professionnels de la sant\u00e9. Les services incluent \u00e9galement la maintenance et la r\u00e9paration pour garantir le bon fonctionnement des dispositifs.","og_url":"https:\/\/swixed.ch\/de\/warenkorb\/","og_site_name":"Swixed SA","article_publisher":"https:\/\/www.facebook.com\/swixed","article_modified_time":"2025-11-29T06:52:03+00:00","og_image":[{"url":"https:\/\/swixed.ch\/wp-content\/uploads\/products\/zoll-aed-plus-05-100x100.png","type":"","width":"","height":""}],"twitter_card":"summary_large_image","schema":{"@context":"https:\/\/schema.org","@graph":[{"@type":"WebPage","@id":"https:\/\/swixed.ch\/de\/warenkorb\/","url":"https:\/\/swixed.ch\/de\/warenkorb\/","name":"Warenkorb | Swixed SA","isPartOf":{"@id":"https:\/\/swixed.ch\/de\/#website"},"primaryImageOfPage":{"@id":"https:\/\/swixed.ch\/de\/warenkorb\/#primaryimage"},"image":{"@id":"https:\/\/swixed.ch\/de\/warenkorb\/#primaryimage"},"thumbnailUrl":"https:\/\/swixed.ch\/wp-content\/uploads\/products\/zoll-aed-plus-05-100x100.png","datePublished":"2025-11-26T22:14:38+00:00","dateModified":"2025-11-29T06:52:03+00:00","description":"Swixed offre une gamme compl\u00e8te de dispositifs m\u00e9dicaux et de fournitures m\u00e9dicales essentiels pour les professionnels de la sant\u00e9. Les services incluent \u00e9galement la maintenance et la r\u00e9paration pour garantir le bon fonctionnement des dispositifs.","breadcrumb":{"@id":"https:\/\/swixed.ch\/de\/warenkorb\/#breadcrumb"},"inLanguage":"de","potentialAction":[{"@type":"ReadAction","target":["https:\/\/swixed.ch\/de\/warenkorb\/"]}]},{"@type":"ImageObject","inLanguage":"de","@id":"https:\/\/swixed.ch\/de\/warenkorb\/#primaryimage","url":"https:\/\/swixed.ch\/wp-content\/uploads\/products\/zoll-aed-plus-05-100x100.png","contentUrl":"https:\/\/swixed.ch\/wp-content\/uploads\/products\/zoll-aed-plus-05-100x100.png"},{"@type":"BreadcrumbList","@id":"https:\/\/swixed.ch\/de\/warenkorb\/#breadcrumb","itemListElement":[{"@type":"ListItem","position":1,"name":"Startseite","item":"https:\/\/swixed.ch\/de\/home\/"},{"@type":"ListItem","position":2,"name":"Warenkorb"}]},{"@type":"WebSite","@id":"https:\/\/swixed.ch\/de\/#website","url":"https:\/\/swixed.ch\/de\/","name":"Swixed SA","description":"Elektronische Ger\u00e4te","publisher":{"@id":"https:\/\/swixed.ch\/de\/#organization"},"potentialAction":[{"@type":"SearchAction","target":{"@type":"EntryPoint","urlTemplate":"https:\/\/swixed.ch\/de\/?s={search_term_string}"},"query-input":{"@type":"PropertyValueSpecification","valueRequired":true,"valueName":"search_term_string"}}],"inLanguage":"de"},{"@type":"Organization","@id":"https:\/\/swixed.ch\/de\/#organization","name":"Swixed SA","url":"https:\/\/swixed.ch\/de\/","logo":{"@type":"ImageObject","inLanguage":"de","@id":"https:\/\/swixed.ch\/de\/#\/schema\/logo\/image\/","url":"https:\/\/swixed.ch\/wp-content\/uploads\/logos\/swixed-logo-lite.png","contentUrl":"https:\/\/swixed.ch\/wp-content\/uploads\/logos\/swixed-logo-lite.png","width":696,"height":696,"caption":"Swixed SA"},"image":{"@id":"https:\/\/swixed.ch\/de\/#\/schema\/logo\/image\/"},"sameAs":["https:\/\/www.facebook.com\/swixed","https:\/\/www.linkedin.com\/company\/swixed","https:\/\/www.youtube.com\/@swixedsa"],"description":"Swixed SA est une entreprise suisse bas\u00e9e \u00e0 Gen\u00e8ve, sp\u00e9cialis\u00e9e dans la vente, la location et la maintenance d\u2019appareils m\u00e9dicaux professionnels, tels que d\u00e9fibrillateurs AED, \u00e9lectrocardiographes, moniteurs patient et dispositifs de diagnostic.","email":"infoshop@swixed.ch","telephone":"+41 22 566 11 95","legalName":"Swixed SA","foundingDate":"2021-03-01","numberOfEmployees":{"@type":"QuantitativeValue","minValue":"1","maxValue":"10"}}]}},"_links":{"self":[{"href":"https:\/\/swixed.ch\/de\/wp-json\/wp\/v2\/pages\/56054","targetHints":{"allow":["GET"]}}],"collection":[{"href":"https:\/\/swixed.ch\/de\/wp-json\/wp\/v2\/pages"}],"about":[{"href":"https:\/\/swixed.ch\/de\/wp-json\/wp\/v2\/types\/page"}],"author":[{"embeddable":true,"href":"https:\/\/swixed.ch\/de\/wp-json\/wp\/v2\/users\/1"}],"replies":[{"embeddable":true,"href":"https:\/\/swixed.ch\/de\/wp-json\/wp\/v2\/comments?post=56054"}],"version-history":[{"count":0,"href":"https:\/\/swixed.ch\/de\/wp-json\/wp\/v2\/pages\/56054\/revisions"}],"wp:attachment":[{"href":"https:\/\/swixed.ch\/de\/wp-json\/wp\/v2\/media?parent=56054"}],"curies":[{"name":"wp","href":"https:\/\/api.w.org\/{rel}","templated":true}]}}