{"id":33111,"date":"2021-04-21T23:28:25","date_gmt":"2021-04-21T21:28:25","guid":{"rendered":"https:\/\/swixed.com\/produit\/skintact-elektroden-fs-tc1\/"},"modified":"2025-11-29T23:32:15","modified_gmt":"2025-11-29T22:32:15","slug":"sed17001","status":"publish","type":"product","link":"https:\/\/swixed.ch\/de\/produkt\/sed17001\/","title":{"rendered":"Skintact-Elektroden FS-TC1"},"content":{"rendered":"\t\t<div data-elementor-type=\"product-post\" data-elementor-id=\"33111\" class=\"elementor elementor-33111 elementor-2871\" data-elementor-post-type=\"product\">\n\t\t\t\t\t\t<section class=\"elementor-section elementor-top-section elementor-element elementor-element-fee15ff elementor-section-full_width elementor-section-height-default elementor-section-height-default\" data-id=\"fee15ff\" data-element_type=\"section\" data-e-type=\"section\">\n\t\t\t\t\t\t<div class=\"elementor-container elementor-column-gap-default\">\n\t\t\t\t\t<div class=\"elementor-column elementor-col-100 elementor-top-column elementor-element elementor-element-8bfc968\" data-id=\"8bfc968\" data-element_type=\"column\" data-e-type=\"column\">\n\t\t\t<div class=\"elementor-widget-wrap elementor-element-populated\">\n\t\t\t\t\t\t<div class=\"elementor-element elementor-element-c1564b6 elementor-widget elementor-widget-heading\" data-id=\"c1564b6\" data-element_type=\"widget\" data-e-type=\"widget\" data-widget_type=\"heading.default\">\n\t\t\t\t\t<h2 class=\"elementor-heading-title elementor-size-default\">Beschreibung<\/h2>\t\t\t\t<\/div>\n\t\t\t\t<div class=\"elementor-element elementor-element-5a1f6aa elementor-widget elementor-widget-text-editor\" data-id=\"5a1f6aa\" data-element_type=\"widget\" data-e-type=\"widget\" data-widget_type=\"text-editor.default\">\n\t\t\t\t\t\t\t\t\t<p><strong>Schnell und einfach<\/strong><br>Die FS-TC1 Elektroden sind auf Karten zu 6 oder 10 St\u00fcck verpackt. Eine Perforation in der Mitte der Karte verwandelt eine Karte in zwei praktische Streifen mit 3 oder 5 M\u00fcnzen.<\/p><p><strong>Lassen Sie die Handschuhe an!<\/strong><br>Die obere, nicht klebende Schicht der Elektroden \u00fcberlappt das Tr\u00e4germaterial. Dadurch entsteht eine ideale Entfernungshilfe: Sie k\u00f6nnen mit Einweghandschuhen leicht entfernt und aufgeklebt werden.<\/p><p><strong>Sichere Haftung<\/strong><br>Der verst\u00e4rkte Kleber von SKINTACT FS-TC1, garantiert eine gute Haftung, selbst wenn der Patient stark schwitzt.<\/p>\t\t\t\t\t\t\t\t<\/div>\n\t\t\t\t\t<\/div>\n\t\t<\/div>\n\t\t\t\t\t<\/div>\n\t\t<\/section>\n\t\t\t\t<\/div>\n\t\t","protected":false},"excerpt":{"rendered":"<p><strong>Schnell und einfach<\/strong><br \/>\nDie FS-TC1 Elektroden sind auf Karten zu 6 oder 10 St\u00fcck verpackt. Eine Perforation in der Mitte der Karte verwandelt eine Karte in zwei praktische Streifen mit 3 oder 5 M\u00fcnzen.<\/p>\n<p><strong>Lassen Sie die Handschuhe an!<\/strong><br \/>\nDie obere, nicht klebende Schicht der Elektroden \u00fcberlappt das Tr\u00e4germaterial. Dadurch entsteht eine ideale Entfernungshilfe: Die Elektroden k\u00f6nnen mit Einmalhandschuhen leicht entfernt und aufgeklebt werden.<\/p>\n<p><strong>Sichere Haftung<\/strong><br \/>\nDer verst\u00e4rkte Kleber des SKINTACT FS-TC1, garantiert, dass die Elektroden auch dann gut haften, wenn der Patient stark schwitzt.<\/p>\n","protected":false},"featured_media":26959,"template":"","meta":{"_acf_changed":false},"product_brand":[2187],"product_cat":[954,970,978,962],"product_tag":[982,989,993,998],"class_list":{"0":"post-33111","1":"product","2":"type-product","3":"status-publish","4":"has-post-thumbnail","6":"product_brand-skintact-de","7":"product_cat-elektrokardiographen","8":"product_cat-patientenmonitore","9":"product_cat-verbrauchsmaterial-patientenmonitore","10":"product_cat-verbrauchsmaterial-elektrokardiographen","11":"product_tag-ecg-de","12":"product_tag-elektroden","13":"product_tag-elektrokardiographen","14":"product_tag-monitoring-de","16":"first","17":"instock","18":"taxable","19":"shipping-taxable","20":"purchasable","21":"product-type-variable","22":"has-default-attributes"},"acf":[],"yoast_head":"<!-- This site is optimized with the Yoast SEO Premium plugin v27.4 (Yoast SEO v27.4) - https:\/\/yoast.com\/product\/yoast-seo-premium-wordpress\/ -->\n<title>Skintact-Elektroden FS-TC1 | Swixed SA<\/title>\n<meta name=\"description\" content=\"Die FS-TC1-Elektroden sind schnell und einfach zu verwenden. Sie sind auf Karten mit 6 oder 10 St\u00fcck verpackt, die in zwei Teile geteilt werden k\u00f6nnen.\" \/>\n<meta name=\"robots\" content=\"index, follow, max-snippet:-1, max-image-preview:large, max-video-preview:-1\" \/>\n<link rel=\"canonical\" href=\"https:\/\/swixed.ch\/de\/produkt\/sed17001\/\" \/>\n<meta property=\"og:locale\" content=\"de_DE\" \/>\n<meta property=\"og:type\" content=\"article\" \/>\n<meta property=\"og:title\" content=\"Skintact-Elektroden FS-TC1\" \/>\n<meta property=\"og:description\" content=\"Die FS-TC1-Elektroden sind schnell und einfach zu verwenden. Sie sind auf Karten mit 6 oder 10 St\u00fcck verpackt, die in zwei Teile geteilt werden k\u00f6nnen.\" \/>\n<meta property=\"og:url\" content=\"https:\/\/swixed.ch\/de\/produkt\/sed17001\/\" \/>\n<meta property=\"og:site_name\" content=\"Swixed SA\" \/>\n<meta property=\"article:publisher\" content=\"https:\/\/www.facebook.com\/swixed\" \/>\n<meta property=\"article:modified_time\" content=\"2025-11-29T22:32:15+00:00\" \/>\n<meta property=\"og:image\" content=\"https:\/\/swixed.ch\/wp-content\/uploads\/products\/skintact-fs-tc1-01.png\" \/>\n\t<meta property=\"og:image:width\" content=\"600\" \/>\n\t<meta property=\"og:image:height\" content=\"600\" \/>\n\t<meta property=\"og:image:type\" content=\"image\/png\" \/>\n<meta name=\"twitter:card\" content=\"summary_large_image\" \/>\n<script type=\"application\/ld+json\" class=\"yoast-schema-graph\">{\"@context\":\"https:\\\/\\\/schema.org\",\"@graph\":[{\"@type\":\"WebPage\",\"@id\":\"https:\\\/\\\/swixed.ch\\\/de\\\/produkt\\\/sed17001\\\/\",\"url\":\"https:\\\/\\\/swixed.ch\\\/de\\\/produkt\\\/sed17001\\\/\",\"name\":\"Skintact-Elektroden FS-TC1 | Swixed SA\",\"isPartOf\":{\"@id\":\"https:\\\/\\\/swixed.ch\\\/de\\\/#website\"},\"primaryImageOfPage\":{\"@id\":\"https:\\\/\\\/swixed.ch\\\/de\\\/produkt\\\/sed17001\\\/#primaryimage\"},\"image\":{\"@id\":\"https:\\\/\\\/swixed.ch\\\/de\\\/produkt\\\/sed17001\\\/#primaryimage\"},\"thumbnailUrl\":\"https:\\\/\\\/swixed.ch\\\/wp-content\\\/uploads\\\/products\\\/skintact-fs-tc1-01.png\",\"datePublished\":\"2021-04-21T21:28:25+00:00\",\"dateModified\":\"2025-11-29T22:32:15+00:00\",\"description\":\"Die FS-TC1-Elektroden sind schnell und einfach zu verwenden. Sie sind auf Karten mit 6 oder 10 St\u00fcck verpackt, die in zwei Teile geteilt werden k\u00f6nnen.\",\"breadcrumb\":{\"@id\":\"https:\\\/\\\/swixed.ch\\\/de\\\/produkt\\\/sed17001\\\/#breadcrumb\"},\"inLanguage\":\"de\",\"potentialAction\":[{\"@type\":\"ReadAction\",\"target\":[\"https:\\\/\\\/swixed.ch\\\/de\\\/produkt\\\/sed17001\\\/\"]}]},{\"@type\":\"ImageObject\",\"inLanguage\":\"de\",\"@id\":\"https:\\\/\\\/swixed.ch\\\/de\\\/produkt\\\/sed17001\\\/#primaryimage\",\"url\":\"https:\\\/\\\/swixed.ch\\\/wp-content\\\/uploads\\\/products\\\/skintact-fs-tc1-01.png\",\"contentUrl\":\"https:\\\/\\\/swixed.ch\\\/wp-content\\\/uploads\\\/products\\\/skintact-fs-tc1-01.png\",\"width\":600,\"height\":600,\"caption\":\"Skintact-Elektroden FS-TC1\"},{\"@type\":\"BreadcrumbList\",\"@id\":\"https:\\\/\\\/swixed.ch\\\/de\\\/produkt\\\/sed17001\\\/#breadcrumb\",\"itemListElement\":[{\"@type\":\"ListItem\",\"position\":1,\"name\":\"Startseite\",\"item\":\"https:\\\/\\\/swixed.ch\\\/de\\\/home\\\/\"},{\"@type\":\"ListItem\",\"position\":2,\"name\":\"Shop\",\"item\":\"https:\\\/\\\/swixed.ch\\\/de\\\/shop\\\/\"},{\"@type\":\"ListItem\",\"position\":3,\"name\":\"Skintact-Elektroden FS-TC1\"}]},{\"@type\":\"WebSite\",\"@id\":\"https:\\\/\\\/swixed.ch\\\/de\\\/#website\",\"url\":\"https:\\\/\\\/swixed.ch\\\/de\\\/\",\"name\":\"Swixed SA\",\"description\":\"Elektronische Ger\u00e4te\",\"publisher\":{\"@id\":\"https:\\\/\\\/swixed.ch\\\/de\\\/#organization\"},\"potentialAction\":[{\"@type\":\"SearchAction\",\"target\":{\"@type\":\"EntryPoint\",\"urlTemplate\":\"https:\\\/\\\/swixed.ch\\\/de\\\/?s={search_term_string}\"},\"query-input\":{\"@type\":\"PropertyValueSpecification\",\"valueRequired\":true,\"valueName\":\"search_term_string\"}}],\"inLanguage\":\"de\"},{\"@type\":\"Organization\",\"@id\":\"https:\\\/\\\/swixed.ch\\\/de\\\/#organization\",\"name\":\"Swixed SA\",\"url\":\"https:\\\/\\\/swixed.ch\\\/de\\\/\",\"logo\":{\"@type\":\"ImageObject\",\"inLanguage\":\"de\",\"@id\":\"https:\\\/\\\/swixed.ch\\\/de\\\/#\\\/schema\\\/logo\\\/image\\\/\",\"url\":\"https:\\\/\\\/swixed.ch\\\/wp-content\\\/uploads\\\/logos\\\/swixed-logo-lite.png\",\"contentUrl\":\"https:\\\/\\\/swixed.ch\\\/wp-content\\\/uploads\\\/logos\\\/swixed-logo-lite.png\",\"width\":696,\"height\":696,\"caption\":\"Swixed SA\"},\"image\":{\"@id\":\"https:\\\/\\\/swixed.ch\\\/de\\\/#\\\/schema\\\/logo\\\/image\\\/\"},\"sameAs\":[\"https:\\\/\\\/www.facebook.com\\\/swixed\",\"https:\\\/\\\/www.linkedin.com\\\/company\\\/swixed\",\"https:\\\/\\\/www.youtube.com\\\/@swixedsa\"],\"description\":\"Swixed SA est une entreprise suisse bas\u00e9e \u00e0 Gen\u00e8ve, sp\u00e9cialis\u00e9e dans la vente, la location et la maintenance d\u2019appareils m\u00e9dicaux professionnels, tels que d\u00e9fibrillateurs AED, \u00e9lectrocardiographes, moniteurs patient et dispositifs de diagnostic.\",\"email\":\"infoshop@swixed.ch\",\"telephone\":\"+41 22 566 11 95\",\"legalName\":\"Swixed SA\",\"foundingDate\":\"2021-03-01\",\"numberOfEmployees\":{\"@type\":\"QuantitativeValue\",\"minValue\":\"1\",\"maxValue\":\"10\"}}]}<\/script>\n<!-- \/ Yoast SEO Premium plugin. -->","yoast_head_json":{"title":"Skintact-Elektroden FS-TC1 | Swixed SA","description":"Die FS-TC1-Elektroden sind schnell und einfach zu verwenden. Sie sind auf Karten mit 6 oder 10 St\u00fcck verpackt, die in zwei Teile geteilt werden k\u00f6nnen.","robots":{"index":"index","follow":"follow","max-snippet":"max-snippet:-1","max-image-preview":"max-image-preview:large","max-video-preview":"max-video-preview:-1"},"canonical":"https:\/\/swixed.ch\/de\/produkt\/sed17001\/","og_locale":"de_DE","og_type":"article","og_title":"Skintact-Elektroden FS-TC1","og_description":"Die FS-TC1-Elektroden sind schnell und einfach zu verwenden. Sie sind auf Karten mit 6 oder 10 St\u00fcck verpackt, die in zwei Teile geteilt werden k\u00f6nnen.","og_url":"https:\/\/swixed.ch\/de\/produkt\/sed17001\/","og_site_name":"Swixed SA","article_publisher":"https:\/\/www.facebook.com\/swixed","article_modified_time":"2025-11-29T22:32:15+00:00","og_image":[{"width":600,"height":600,"url":"https:\/\/swixed.ch\/wp-content\/uploads\/products\/skintact-fs-tc1-01.png","type":"image\/png"}],"twitter_card":"summary_large_image","schema":{"@context":"https:\/\/schema.org","@graph":[{"@type":"WebPage","@id":"https:\/\/swixed.ch\/de\/produkt\/sed17001\/","url":"https:\/\/swixed.ch\/de\/produkt\/sed17001\/","name":"Skintact-Elektroden FS-TC1 | Swixed SA","isPartOf":{"@id":"https:\/\/swixed.ch\/de\/#website"},"primaryImageOfPage":{"@id":"https:\/\/swixed.ch\/de\/produkt\/sed17001\/#primaryimage"},"image":{"@id":"https:\/\/swixed.ch\/de\/produkt\/sed17001\/#primaryimage"},"thumbnailUrl":"https:\/\/swixed.ch\/wp-content\/uploads\/products\/skintact-fs-tc1-01.png","datePublished":"2021-04-21T21:28:25+00:00","dateModified":"2025-11-29T22:32:15+00:00","description":"Die FS-TC1-Elektroden sind schnell und einfach zu verwenden. Sie sind auf Karten mit 6 oder 10 St\u00fcck verpackt, die in zwei Teile geteilt werden k\u00f6nnen.","breadcrumb":{"@id":"https:\/\/swixed.ch\/de\/produkt\/sed17001\/#breadcrumb"},"inLanguage":"de","potentialAction":[{"@type":"ReadAction","target":["https:\/\/swixed.ch\/de\/produkt\/sed17001\/"]}]},{"@type":"ImageObject","inLanguage":"de","@id":"https:\/\/swixed.ch\/de\/produkt\/sed17001\/#primaryimage","url":"https:\/\/swixed.ch\/wp-content\/uploads\/products\/skintact-fs-tc1-01.png","contentUrl":"https:\/\/swixed.ch\/wp-content\/uploads\/products\/skintact-fs-tc1-01.png","width":600,"height":600,"caption":"Skintact-Elektroden FS-TC1"},{"@type":"BreadcrumbList","@id":"https:\/\/swixed.ch\/de\/produkt\/sed17001\/#breadcrumb","itemListElement":[{"@type":"ListItem","position":1,"name":"Startseite","item":"https:\/\/swixed.ch\/de\/home\/"},{"@type":"ListItem","position":2,"name":"Shop","item":"https:\/\/swixed.ch\/de\/shop\/"},{"@type":"ListItem","position":3,"name":"Skintact-Elektroden FS-TC1"}]},{"@type":"WebSite","@id":"https:\/\/swixed.ch\/de\/#website","url":"https:\/\/swixed.ch\/de\/","name":"Swixed SA","description":"Elektronische Ger\u00e4te","publisher":{"@id":"https:\/\/swixed.ch\/de\/#organization"},"potentialAction":[{"@type":"SearchAction","target":{"@type":"EntryPoint","urlTemplate":"https:\/\/swixed.ch\/de\/?s={search_term_string}"},"query-input":{"@type":"PropertyValueSpecification","valueRequired":true,"valueName":"search_term_string"}}],"inLanguage":"de"},{"@type":"Organization","@id":"https:\/\/swixed.ch\/de\/#organization","name":"Swixed SA","url":"https:\/\/swixed.ch\/de\/","logo":{"@type":"ImageObject","inLanguage":"de","@id":"https:\/\/swixed.ch\/de\/#\/schema\/logo\/image\/","url":"https:\/\/swixed.ch\/wp-content\/uploads\/logos\/swixed-logo-lite.png","contentUrl":"https:\/\/swixed.ch\/wp-content\/uploads\/logos\/swixed-logo-lite.png","width":696,"height":696,"caption":"Swixed SA"},"image":{"@id":"https:\/\/swixed.ch\/de\/#\/schema\/logo\/image\/"},"sameAs":["https:\/\/www.facebook.com\/swixed","https:\/\/www.linkedin.com\/company\/swixed","https:\/\/www.youtube.com\/@swixedsa"],"description":"Swixed SA est une entreprise suisse bas\u00e9e \u00e0 Gen\u00e8ve, sp\u00e9cialis\u00e9e dans la vente, la location et la maintenance d\u2019appareils m\u00e9dicaux professionnels, tels que d\u00e9fibrillateurs AED, \u00e9lectrocardiographes, moniteurs patient et dispositifs de diagnostic.","email":"infoshop@swixed.ch","telephone":"+41 22 566 11 95","legalName":"Swixed SA","foundingDate":"2021-03-01","numberOfEmployees":{"@type":"QuantitativeValue","minValue":"1","maxValue":"10"}}]}},"_links":{"self":[{"href":"https:\/\/swixed.ch\/de\/wp-json\/wp\/v2\/product\/33111","targetHints":{"allow":["GET"]}}],"collection":[{"href":"https:\/\/swixed.ch\/de\/wp-json\/wp\/v2\/product"}],"about":[{"href":"https:\/\/swixed.ch\/de\/wp-json\/wp\/v2\/types\/product"}],"version-history":[{"count":0,"href":"https:\/\/swixed.ch\/de\/wp-json\/wp\/v2\/product\/33111\/revisions"}],"wp:featuredmedia":[{"embeddable":true,"href":"https:\/\/swixed.ch\/de\/wp-json\/wp\/v2\/media\/26959"}],"wp:attachment":[{"href":"https:\/\/swixed.ch\/de\/wp-json\/wp\/v2\/media?parent=33111"}],"wp:term":[{"taxonomy":"product_brand","embeddable":true,"href":"https:\/\/swixed.ch\/de\/wp-json\/wp\/v2\/product_brand?post=33111"},{"taxonomy":"product_cat","embeddable":true,"href":"https:\/\/swixed.ch\/de\/wp-json\/wp\/v2\/product_cat?post=33111"},{"taxonomy":"product_tag","embeddable":true,"href":"https:\/\/swixed.ch\/de\/wp-json\/wp\/v2\/product_tag?post=33111"}],"curies":[{"name":"wp","href":"https:\/\/api.w.org\/{rel}","templated":true}]}}