{"id":33115,"date":"2021-04-23T14:09:40","date_gmt":"2021-04-23T12:09:40","guid":{"rendered":"https:\/\/swixed.com\/produit\/ruhe-ekg-edan-se-12-express\/"},"modified":"2026-02-01T21:48:21","modified_gmt":"2026-02-01T20:48:21","slug":"sed10006","status":"publish","type":"product","link":"https:\/\/swixed.ch\/de\/produkt\/sed10006\/","title":{"rendered":"Elektrokardiograph Edan SE-12 Express Ruhe-EKG"},"content":{"rendered":"\t\t<div data-elementor-type=\"product-post\" data-elementor-id=\"33115\" class=\"elementor elementor-33115 elementor-3010\" data-elementor-post-type=\"product\">\n\t\t\t\t<div class=\"elementor-element elementor-element-24612c3 e-con-full e-flex e-con e-parent\" data-id=\"24612c3\" data-element_type=\"container\" data-e-type=\"container\">\n\t\t<div class=\"elementor-element elementor-element-d844bd2 e-con-full e-flex e-con e-child\" data-id=\"d844bd2\" data-element_type=\"container\" data-e-type=\"container\">\n\t\t\t\t<div class=\"elementor-element elementor-element-4ca6e79 elementor-widget elementor-widget-heading\" data-id=\"4ca6e79\" data-element_type=\"widget\" data-e-type=\"widget\" data-widget_type=\"heading.default\">\n\t\t\t\t\t<h2 class=\"elementor-heading-title elementor-size-default\">Allgemeine Darstellung<\/h2>\t\t\t\t<\/div>\n\t\t\t\t<div class=\"elementor-element elementor-element-033812b elementor-widget elementor-widget-text-editor\" data-id=\"033812b\" data-element_type=\"widget\" data-e-type=\"widget\" data-widget_type=\"text-editor.default\">\n\t\t\t\t\t\t\t\t\t<p>Der Edan SE-12 Express Elektrokardiograph kombiniert Pr\u00e4zision und Benutzerfreundlichkeit. Dieses Ger\u00e4t zeichnet gleichzeitig alle 12 Standardableitungen auf. Der 12,1 Zoll gro\u00dfe Farb-Touchscreen bietet Ihnen eine klare und komfortable Ablesung.  <\/p><p>Das Ger\u00e4t bietet zwei Betriebsarten: automatisch und manuell. Sie k\u00f6nnen also die Methode w\u00e4hlen, die Ihren Bed\u00fcrfnissen am besten entspricht. Der eingebaute Thermodrucker erzeugt direkt lesbare Plots im A4-Format, so dass Sie keinen externen Drucker ben\u00f6tigen.  <\/p><p>Sie k\u00f6nnen Ihre Untersuchungen auch auf einem USB-Stick im PDF-Format speichern. Diese Funktion erleichtert Ihnen die Archivierung und den sicheren Austausch Ihrer Daten. <\/p><p>Schl\u00fcsselmerkmale :<\/p><ul><li>EKG-Aufzeichnung mit 12 Ableitungen (Ruhe-Modus + Option Anstrengung)<\/li><li>Hochaufl\u00f6sender 12,1\u2033 Farb-Touchscreen<\/li><li>Direkter Thermodruck im A4-Format<\/li><li>PDF-Export \u00fcber USB-Anschluss<\/li><\/ul>\t\t\t\t\t\t\t\t<\/div>\n\t\t\t\t<div class=\"elementor-element elementor-element-e59f371 elementor-widget elementor-widget-heading\" data-id=\"e59f371\" data-element_type=\"widget\" data-e-type=\"widget\" data-widget_type=\"heading.default\">\n\t\t\t\t\t<h2 class=\"elementor-heading-title elementor-size-default\">Betrieb und technisches Design<\/h2>\t\t\t\t<\/div>\n\t\t\t\t<div class=\"elementor-element elementor-element-47a5b99 elementor-widget elementor-widget-text-editor\" data-id=\"47a5b99\" data-element_type=\"widget\" data-e-type=\"widget\" data-widget_type=\"text-editor.default\">\n\t\t\t\t\t\t\t\t\t<p>Das SE-12 Express bietet mehrere Funktionen f\u00fcr Ihre EKG-Untersuchungen. Das Ger\u00e4t arbeitet eigenst\u00e4ndig, ohne dass Sie externe Ger\u00e4te ben\u00f6tigen. <\/p><p>Hauptfunktionen :<\/p><ul><li>Gleichzeitige Aufzeichnung aller 12 Ableitungen<\/li><li>Automatische Messungen mit Interpretation Glasgow<\/li><li>Erkennung von Herzrhythmusst\u00f6rungen<\/li><li>Einfache Eingabe von Patientendaten \u00fcber die Tastatur<\/li><li>Lokale Speicherung und PDF-Export auf USB-Stick<\/li><\/ul><p><br>\u26a0\ufe0f Obwohl diese Standardversion auf Ruhe-EKGs beschr\u00e4nkt ist, k\u00f6nnen Sie ein optionales Belastungsmodul hinzuf\u00fcgen. Dieses Modul erm\u00f6glicht es Ihnen, das Ger\u00e4t mit einem Ergometer oder einem Laufband zu verwenden, wobei die Protokolle individuell angepasst werden k\u00f6nnen. <\/p><p>\u26a0\ufe0f Ein WiFi-Modul ist ebenfalls als Option erh\u00e4ltlich. Mit diesem Modul k\u00f6nnen Sie Ihre Untersuchungen an eine kompatible Edan-Software senden. Bitte beachten Sie, dass dieses Modul nicht f\u00fcr den direkten Netzwerkdruck geeignet ist.  <\/p>\t\t\t\t\t\t\t\t<\/div>\n\t\t\t\t<div class=\"elementor-element elementor-element-640b358 elementor-widget elementor-widget-heading\" data-id=\"640b358\" data-element_type=\"widget\" data-e-type=\"widget\" data-widget_type=\"heading.default\">\n\t\t\t\t\t<h2 class=\"elementor-heading-title elementor-size-default\">Nutzung, Einhaltung und Empfehlungen<\/h2>\t\t\t\t<\/div>\n\t\t\t\t<div class=\"elementor-element elementor-element-2b5c953 elementor-widget elementor-widget-text-editor\" data-id=\"2b5c953\" data-element_type=\"widget\" data-e-type=\"widget\" data-widget_type=\"text-editor.default\">\n\t\t\t\t\t\t\t\t\t<p>Das SE-12 Express ist f\u00fcr den professionellen Gebrauch bestimmt und entspricht den Schweizer Vorschriften f\u00fcr medizinische Ger\u00e4te. Die Installation muss daher die Anforderungen f\u00fcr EKG-Ger\u00e4te zur Aufzeichnung und Archivierung erf\u00fcllen. <\/p><p>Die EKG-Ger\u00e4te entsprechen u.a. der europ\u00e4ischen technischen Norm EN 60601. Um diese Konformit\u00e4t langfristig zu erhalten, bieten wir Ihnen einen Wartungs- und Kontrollservice \u00fcber Swixed an. <br>\t\t<div data-elementor-type=\"widget\" data-elementor-id=\"59088\" class=\"elementor elementor-59088 elementor-59083 elementor-59083\" data-elementor-post-type=\"elementor_library\">\n\t\t\t\t\t\t<div class=\"elementor-element elementor-element-59083 elementor-widget elementor-widget-text-editor\" data-id=\"59083\" data-element_type=\"widget\" data-e-type=\"widget\" data-widget_type=\"text-editor.default\">\n\t\t\t\t\t\t\t\t\t<p>Weitere Informationen finden Sie unter :<\/p><ul><li><a href=\"https:\/\/www.swissmedic.ch\" target=\"_blank\" rel=\"noopener\">Swissmedic<\/a><\/li><li><a href=\"https:\/\/www.bag.admin.ch\" target=\"_blank\" rel=\"noopener\">Bundesamt f\u00fcr Gesundheit (BAG)<\/a><\/li><li><a href=\"https:\/\/www.switec.info\" target=\"_blank\" rel=\"noopener\">Schweizerisches Informationszentrum f\u00fcr technische Regeln (Switec)<\/a><\/li><li><a href=\"https:\/\/www.fedlex.admin.ch\/eli\/cc\/2020\/552\/\" target=\"_blank\" rel=\"noopener\">Verordnung \u00fcber Medizinprodukte (MDDV oder MedDO)<\/a><\/li><\/ul><p><br>Unsere Medizinprodukte haben einen autorisierten Vertreter in der Schweiz (CH-REP), gem\u00e4\u00df der geltenden schweizerischen Gesetzgebung f\u00fcr Medizinprodukte.<\/p>\t\t\t\t\t\t\t\t<\/div>\n\t\t\t\t<\/div>\n\t\t<br>Klicken Sie hier, um die <a href=\"\/produit\/sed94001\/\">regelm\u00e4\u00dfige Wartung<\/a> zu buchen.<\/p>\t\t\t\t\t\t\t\t<\/div>\n\t\t\t\t<div class=\"elementor-element elementor-element-524b424 elementor-widget elementor-widget-heading\" data-id=\"524b424\" data-element_type=\"widget\" data-e-type=\"widget\" data-widget_type=\"heading.default\">\n\t\t\t\t\t<h2 class=\"elementor-heading-title elementor-size-default\">Inhalt<\/h2>\t\t\t\t<\/div>\n\t\t\t\t<div class=\"elementor-element elementor-element-1773fe1 elementor-widget elementor-widget-text-editor\" data-id=\"1773fe1\" data-element_type=\"widget\" data-e-type=\"widget\" data-widget_type=\"text-editor.default\">\n\t\t\t\t\t\t\t\t\t<p>Ihr SE-12 Express wird mit allem notwendigen Zubeh\u00f6r geliefert, so dass Sie ihn sofort einsetzen k\u00f6nnen:<\/p><ul><li>1 10-adriges Patientenkabel mit Bananensteckern<\/li><li>6 pr\u00e4kordiale Elektroden<\/li><li>4 Gliedma\u00dfenklammern mit eingebauten Elektroden<\/li><li>1 Rolle EKG-Thermopapier<\/li><\/ul>\t\t\t\t\t\t\t\t<\/div>\n\t\t\t\t<\/div>\n\t\t\t\t<\/div>\n\t\t\t\t<\/div>\n\t\t","protected":false},"excerpt":{"rendered":"<p>Der Edan SE-12 Express ist ein 12-Kanal-Ruhe-EKG-Elektrokardiograph, der f\u00fcr die Erfassung und Anzeige von EKG-Signalen in professionellen Umgebungen entwickelt wurde. Er ist mit einem 12,1-Zoll-Farb-Touchscreen ausgestattet und bietet konfigurierbare Aufzeichnungsmodi. Das Ger\u00e4t verf\u00fcgt \u00fcber einen hochaufl\u00f6senden Thermodrucker und erm\u00f6glicht den Export von Berichten in digitalem Format \u00fcber kompatible Schnittstellen. Er ist CE-zertifiziert und mit dem EKG-Zubeh\u00f6r von Edan kompatibel.   <\/p>\n","protected":false},"featured_media":60476,"template":"","meta":{"_acf_changed":false},"product_brand":[2085],"product_cat":[954,973],"product_tag":[7699,7742,7710,7744,7702,7743,7715,7706,2277,6051],"class_list":{"0":"post-33115","1":"product","2":"type-product","3":"status-publish","4":"has-post-thumbnail","6":"product_brand-edan-de","7":"product_cat-elektrokardiographen","8":"product_cat-ruhe-ekg","9":"product_tag-12d-ekg","10":"product_tag-autonomes-ekg","11":"product_tag-diagnostisches-ekg","12":"product_tag-ekg-drucker","13":"product_tag-ekg-erfassung","14":"product_tag-ekg-touchscreen","15":"product_tag-ekg-untersuchung","16":"product_tag-kabel-ekg","17":"product_tag-ruhe-ekg","18":"product_tag-tragbares-ekg-gerat","20":"first","21":"instock","22":"sale","23":"taxable","24":"shipping-taxable","25":"purchasable","26":"product-type-variable","27":"has-default-attributes"},"acf":[],"yoast_head":"<!-- This site is optimized with the Yoast SEO Premium plugin v27.4 (Yoast SEO v27.4) - https:\/\/yoast.com\/product\/yoast-seo-premium-wordpress\/ -->\n<title>Elektrokardiograph Edan SE-12 Express - Ruhe-EKG<\/title>\n<meta name=\"description\" content=\"Edan SE-12 Express Ruhe-EKG-Elektrokardiograph mit 12,1&quot;-Touchscreen, 12-Kanal-Aufzeichnung, Glasgow-Interpretation und USB-PDF-Export.\" \/>\n<meta name=\"robots\" content=\"index, follow, max-snippet:-1, max-image-preview:large, max-video-preview:-1\" \/>\n<link rel=\"canonical\" href=\"https:\/\/swixed.ch\/de\/produkt\/sed10006\/\" \/>\n<meta property=\"og:locale\" content=\"de_DE\" \/>\n<meta property=\"og:type\" content=\"article\" \/>\n<meta property=\"og:title\" content=\"Elektrokardiograph Edan SE-12 Express Ruhe-EKG\" \/>\n<meta property=\"og:description\" content=\"Edan SE-12 Express Ruhe-EKG-Elektrokardiograph mit 12,1&quot;-Touchscreen, 12-Kanal-Aufzeichnung, Glasgow-Interpretation und USB-PDF-Export.\" \/>\n<meta property=\"og:url\" content=\"https:\/\/swixed.ch\/de\/produkt\/sed10006\/\" \/>\n<meta property=\"og:site_name\" content=\"Swixed SA\" \/>\n<meta property=\"article:publisher\" content=\"https:\/\/www.facebook.com\/swixed\" \/>\n<meta property=\"article:modified_time\" content=\"2026-02-01T20:48:21+00:00\" \/>\n<meta property=\"og:image\" content=\"https:\/\/swixed.ch\/wp-content\/uploads\/2026\/01\/SED12001-01.png\" \/>\n\t<meta property=\"og:image:width\" content=\"600\" \/>\n\t<meta property=\"og:image:height\" content=\"600\" \/>\n\t<meta property=\"og:image:type\" content=\"image\/png\" \/>\n<meta name=\"twitter:card\" content=\"summary_large_image\" \/>\n<meta name=\"twitter:label1\" content=\"Gesch\u00e4tzte Lesezeit\" \/>\n\t<meta name=\"twitter:data1\" content=\"2\u00a0Minuten\" \/>\n<script type=\"application\/ld+json\" class=\"yoast-schema-graph\">{\"@context\":\"https:\\\/\\\/schema.org\",\"@graph\":[{\"@type\":\"WebPage\",\"@id\":\"https:\\\/\\\/swixed.ch\\\/de\\\/produkt\\\/sed10006\\\/\",\"url\":\"https:\\\/\\\/swixed.ch\\\/de\\\/produkt\\\/sed10006\\\/\",\"name\":\"Elektrokardiograph Edan SE-12 Express - Ruhe-EKG\",\"isPartOf\":{\"@id\":\"https:\\\/\\\/swixed.ch\\\/de\\\/#website\"},\"primaryImageOfPage\":{\"@id\":\"https:\\\/\\\/swixed.ch\\\/de\\\/produkt\\\/sed10006\\\/#primaryimage\"},\"image\":{\"@id\":\"https:\\\/\\\/swixed.ch\\\/de\\\/produkt\\\/sed10006\\\/#primaryimage\"},\"thumbnailUrl\":\"https:\\\/\\\/swixed.ch\\\/wp-content\\\/uploads\\\/2026\\\/01\\\/SED12001-01.png\",\"datePublished\":\"2021-04-23T12:09:40+00:00\",\"dateModified\":\"2026-02-01T20:48:21+00:00\",\"description\":\"Edan SE-12 Express Ruhe-EKG-Elektrokardiograph mit 12,1\\\"-Touchscreen, 12-Kanal-Aufzeichnung, Glasgow-Interpretation und USB-PDF-Export.\",\"breadcrumb\":{\"@id\":\"https:\\\/\\\/swixed.ch\\\/de\\\/produkt\\\/sed10006\\\/#breadcrumb\"},\"inLanguage\":\"de\",\"potentialAction\":[{\"@type\":\"ReadAction\",\"target\":[\"https:\\\/\\\/swixed.ch\\\/de\\\/produkt\\\/sed10006\\\/\"]}]},{\"@type\":\"ImageObject\",\"inLanguage\":\"de\",\"@id\":\"https:\\\/\\\/swixed.ch\\\/de\\\/produkt\\\/sed10006\\\/#primaryimage\",\"url\":\"https:\\\/\\\/swixed.ch\\\/wp-content\\\/uploads\\\/2026\\\/01\\\/SED12001-01.png\",\"contentUrl\":\"https:\\\/\\\/swixed.ch\\\/wp-content\\\/uploads\\\/2026\\\/01\\\/SED12001-01.png\",\"width\":600,\"height\":600,\"caption\":\"SED12001, SED10006\"},{\"@type\":\"BreadcrumbList\",\"@id\":\"https:\\\/\\\/swixed.ch\\\/de\\\/produkt\\\/sed10006\\\/#breadcrumb\",\"itemListElement\":[{\"@type\":\"ListItem\",\"position\":1,\"name\":\"Startseite\",\"item\":\"https:\\\/\\\/swixed.ch\\\/de\\\/home\\\/\"},{\"@type\":\"ListItem\",\"position\":2,\"name\":\"Shop\",\"item\":\"https:\\\/\\\/swixed.ch\\\/de\\\/shop\\\/\"},{\"@type\":\"ListItem\",\"position\":3,\"name\":\"Elektrokardiograph Edan SE-12 Express Ruhe-EKG\"}]},{\"@type\":\"WebSite\",\"@id\":\"https:\\\/\\\/swixed.ch\\\/de\\\/#website\",\"url\":\"https:\\\/\\\/swixed.ch\\\/de\\\/\",\"name\":\"Swixed SA\",\"description\":\"Elektronische Ger\u00e4te\",\"publisher\":{\"@id\":\"https:\\\/\\\/swixed.ch\\\/de\\\/#organization\"},\"potentialAction\":[{\"@type\":\"SearchAction\",\"target\":{\"@type\":\"EntryPoint\",\"urlTemplate\":\"https:\\\/\\\/swixed.ch\\\/de\\\/?s={search_term_string}\"},\"query-input\":{\"@type\":\"PropertyValueSpecification\",\"valueRequired\":true,\"valueName\":\"search_term_string\"}}],\"inLanguage\":\"de\"},{\"@type\":\"Organization\",\"@id\":\"https:\\\/\\\/swixed.ch\\\/de\\\/#organization\",\"name\":\"Swixed SA\",\"url\":\"https:\\\/\\\/swixed.ch\\\/de\\\/\",\"logo\":{\"@type\":\"ImageObject\",\"inLanguage\":\"de\",\"@id\":\"https:\\\/\\\/swixed.ch\\\/de\\\/#\\\/schema\\\/logo\\\/image\\\/\",\"url\":\"https:\\\/\\\/swixed.ch\\\/wp-content\\\/uploads\\\/logos\\\/swixed-logo-lite.png\",\"contentUrl\":\"https:\\\/\\\/swixed.ch\\\/wp-content\\\/uploads\\\/logos\\\/swixed-logo-lite.png\",\"width\":696,\"height\":696,\"caption\":\"Swixed SA\"},\"image\":{\"@id\":\"https:\\\/\\\/swixed.ch\\\/de\\\/#\\\/schema\\\/logo\\\/image\\\/\"},\"sameAs\":[\"https:\\\/\\\/www.facebook.com\\\/swixed\",\"https:\\\/\\\/www.linkedin.com\\\/company\\\/swixed\",\"https:\\\/\\\/www.youtube.com\\\/@swixedsa\"],\"description\":\"Swixed SA est une entreprise suisse bas\u00e9e \u00e0 Gen\u00e8ve, sp\u00e9cialis\u00e9e dans la vente, la location et la maintenance d\u2019appareils m\u00e9dicaux professionnels, tels que d\u00e9fibrillateurs AED, \u00e9lectrocardiographes, moniteurs patient et dispositifs de diagnostic.\",\"email\":\"infoshop@swixed.ch\",\"telephone\":\"+41 22 566 11 95\",\"legalName\":\"Swixed SA\",\"foundingDate\":\"2021-03-01\",\"numberOfEmployees\":{\"@type\":\"QuantitativeValue\",\"minValue\":\"1\",\"maxValue\":\"10\"}}]}<\/script>\n<!-- \/ Yoast SEO Premium plugin. -->","yoast_head_json":{"title":"Elektrokardiograph Edan SE-12 Express - Ruhe-EKG","description":"Edan SE-12 Express Ruhe-EKG-Elektrokardiograph mit 12,1\"-Touchscreen, 12-Kanal-Aufzeichnung, Glasgow-Interpretation und USB-PDF-Export.","robots":{"index":"index","follow":"follow","max-snippet":"max-snippet:-1","max-image-preview":"max-image-preview:large","max-video-preview":"max-video-preview:-1"},"canonical":"https:\/\/swixed.ch\/de\/produkt\/sed10006\/","og_locale":"de_DE","og_type":"article","og_title":"Elektrokardiograph Edan SE-12 Express Ruhe-EKG","og_description":"Edan SE-12 Express Ruhe-EKG-Elektrokardiograph mit 12,1\"-Touchscreen, 12-Kanal-Aufzeichnung, Glasgow-Interpretation und USB-PDF-Export.","og_url":"https:\/\/swixed.ch\/de\/produkt\/sed10006\/","og_site_name":"Swixed SA","article_publisher":"https:\/\/www.facebook.com\/swixed","article_modified_time":"2026-02-01T20:48:21+00:00","og_image":[{"width":600,"height":600,"url":"https:\/\/swixed.ch\/wp-content\/uploads\/2026\/01\/SED12001-01.png","type":"image\/png"}],"twitter_card":"summary_large_image","twitter_misc":{"Gesch\u00e4tzte Lesezeit":"2\u00a0Minuten"},"schema":{"@context":"https:\/\/schema.org","@graph":[{"@type":"WebPage","@id":"https:\/\/swixed.ch\/de\/produkt\/sed10006\/","url":"https:\/\/swixed.ch\/de\/produkt\/sed10006\/","name":"Elektrokardiograph Edan SE-12 Express - Ruhe-EKG","isPartOf":{"@id":"https:\/\/swixed.ch\/de\/#website"},"primaryImageOfPage":{"@id":"https:\/\/swixed.ch\/de\/produkt\/sed10006\/#primaryimage"},"image":{"@id":"https:\/\/swixed.ch\/de\/produkt\/sed10006\/#primaryimage"},"thumbnailUrl":"https:\/\/swixed.ch\/wp-content\/uploads\/2026\/01\/SED12001-01.png","datePublished":"2021-04-23T12:09:40+00:00","dateModified":"2026-02-01T20:48:21+00:00","description":"Edan SE-12 Express Ruhe-EKG-Elektrokardiograph mit 12,1\"-Touchscreen, 12-Kanal-Aufzeichnung, Glasgow-Interpretation und USB-PDF-Export.","breadcrumb":{"@id":"https:\/\/swixed.ch\/de\/produkt\/sed10006\/#breadcrumb"},"inLanguage":"de","potentialAction":[{"@type":"ReadAction","target":["https:\/\/swixed.ch\/de\/produkt\/sed10006\/"]}]},{"@type":"ImageObject","inLanguage":"de","@id":"https:\/\/swixed.ch\/de\/produkt\/sed10006\/#primaryimage","url":"https:\/\/swixed.ch\/wp-content\/uploads\/2026\/01\/SED12001-01.png","contentUrl":"https:\/\/swixed.ch\/wp-content\/uploads\/2026\/01\/SED12001-01.png","width":600,"height":600,"caption":"SED12001, SED10006"},{"@type":"BreadcrumbList","@id":"https:\/\/swixed.ch\/de\/produkt\/sed10006\/#breadcrumb","itemListElement":[{"@type":"ListItem","position":1,"name":"Startseite","item":"https:\/\/swixed.ch\/de\/home\/"},{"@type":"ListItem","position":2,"name":"Shop","item":"https:\/\/swixed.ch\/de\/shop\/"},{"@type":"ListItem","position":3,"name":"Elektrokardiograph Edan SE-12 Express Ruhe-EKG"}]},{"@type":"WebSite","@id":"https:\/\/swixed.ch\/de\/#website","url":"https:\/\/swixed.ch\/de\/","name":"Swixed SA","description":"Elektronische Ger\u00e4te","publisher":{"@id":"https:\/\/swixed.ch\/de\/#organization"},"potentialAction":[{"@type":"SearchAction","target":{"@type":"EntryPoint","urlTemplate":"https:\/\/swixed.ch\/de\/?s={search_term_string}"},"query-input":{"@type":"PropertyValueSpecification","valueRequired":true,"valueName":"search_term_string"}}],"inLanguage":"de"},{"@type":"Organization","@id":"https:\/\/swixed.ch\/de\/#organization","name":"Swixed SA","url":"https:\/\/swixed.ch\/de\/","logo":{"@type":"ImageObject","inLanguage":"de","@id":"https:\/\/swixed.ch\/de\/#\/schema\/logo\/image\/","url":"https:\/\/swixed.ch\/wp-content\/uploads\/logos\/swixed-logo-lite.png","contentUrl":"https:\/\/swixed.ch\/wp-content\/uploads\/logos\/swixed-logo-lite.png","width":696,"height":696,"caption":"Swixed SA"},"image":{"@id":"https:\/\/swixed.ch\/de\/#\/schema\/logo\/image\/"},"sameAs":["https:\/\/www.facebook.com\/swixed","https:\/\/www.linkedin.com\/company\/swixed","https:\/\/www.youtube.com\/@swixedsa"],"description":"Swixed SA est une entreprise suisse bas\u00e9e \u00e0 Gen\u00e8ve, sp\u00e9cialis\u00e9e dans la vente, la location et la maintenance d\u2019appareils m\u00e9dicaux professionnels, tels que d\u00e9fibrillateurs AED, \u00e9lectrocardiographes, moniteurs patient et dispositifs de diagnostic.","email":"infoshop@swixed.ch","telephone":"+41 22 566 11 95","legalName":"Swixed SA","foundingDate":"2021-03-01","numberOfEmployees":{"@type":"QuantitativeValue","minValue":"1","maxValue":"10"}}]}},"_links":{"self":[{"href":"https:\/\/swixed.ch\/de\/wp-json\/wp\/v2\/product\/33115","targetHints":{"allow":["GET"]}}],"collection":[{"href":"https:\/\/swixed.ch\/de\/wp-json\/wp\/v2\/product"}],"about":[{"href":"https:\/\/swixed.ch\/de\/wp-json\/wp\/v2\/types\/product"}],"version-history":[{"count":0,"href":"https:\/\/swixed.ch\/de\/wp-json\/wp\/v2\/product\/33115\/revisions"}],"wp:featuredmedia":[{"embeddable":true,"href":"https:\/\/swixed.ch\/de\/wp-json\/wp\/v2\/media\/60476"}],"wp:attachment":[{"href":"https:\/\/swixed.ch\/de\/wp-json\/wp\/v2\/media?parent=33115"}],"wp:term":[{"taxonomy":"product_brand","embeddable":true,"href":"https:\/\/swixed.ch\/de\/wp-json\/wp\/v2\/product_brand?post=33115"},{"taxonomy":"product_cat","embeddable":true,"href":"https:\/\/swixed.ch\/de\/wp-json\/wp\/v2\/product_cat?post=33115"},{"taxonomy":"product_tag","embeddable":true,"href":"https:\/\/swixed.ch\/de\/wp-json\/wp\/v2\/product_tag?post=33115"}],"curies":[{"name":"wp","href":"https:\/\/api.w.org\/{rel}","templated":true}]}}