{"id":33187,"date":"2021-04-21T22:32:21","date_gmt":"2021-04-21T20:32:21","guid":{"rendered":"https:\/\/swixed.com\/produit\/littmann-classic-iii-stethoskop\/"},"modified":"2026-04-09T21:27:30","modified_gmt":"2026-04-09T20:27:30","slug":"sed67002","status":"publish","type":"product","link":"https:\/\/swixed.ch\/de\/produkt\/sed67002\/","title":{"rendered":"Littmann Classic III Stethoskop"},"content":{"rendered":"\t\t<div data-elementor-type=\"product-post\" data-elementor-id=\"33187\" class=\"elementor elementor-33187 elementor-2856\" data-elementor-post-type=\"product\">\n\t\t\t\t\t\t<section class=\"elementor-section elementor-top-section elementor-element elementor-element-ca45d20 elementor-section-full_width elementor-section-height-default elementor-section-height-default\" data-id=\"ca45d20\" data-element_type=\"section\" data-e-type=\"section\">\n\t\t\t\t\t\t<div class=\"elementor-container elementor-column-gap-default\">\n\t\t\t\t\t<div class=\"elementor-column elementor-col-100 elementor-top-column elementor-element elementor-element-6b55fd3\" data-id=\"6b55fd3\" data-element_type=\"column\" data-e-type=\"column\">\n\t\t\t<div class=\"elementor-widget-wrap elementor-element-populated\">\n\t\t\t\t\t\t<div class=\"elementor-element elementor-element-f67f92a elementor-widget elementor-widget-heading\" data-id=\"f67f92a\" data-element_type=\"widget\" data-e-type=\"widget\" data-widget_type=\"heading.default\">\n\t\t\t\t\t<h2 class=\"elementor-heading-title elementor-size-default\">Beschreibung<\/h2>\t\t\t\t<\/div>\n\t\t\t\t<div class=\"elementor-element elementor-element-52a5bf3 elementor-widget elementor-widget-text-editor\" data-id=\"52a5bf3\" data-element_type=\"widget\" data-e-type=\"widget\" data-widget_type=\"text-editor.default\">\n\t\t\t\t\t\t\t\t\t<p>Entdecken Sie das Littmann Classic III Stethoskop, ein hochwertiges Instrument, das f\u00fcr medizinisches Fachpersonal entwickelt wurde. Dieses Modell ist f\u00fcr seine Robustheit und Zuverl\u00e4ssigkeit bekannt und eignet sich ideal f\u00fcr pr\u00e4zise klinische Untersuchungen. Die verstellbaren Lyren passen sich jedem Benutzer an und gew\u00e4hrleisten eine optimale Ausrichtung auf den Geh\u00f6rgang.  <\/p><p>Das Littmann Classic III ist mit einem Doppelbrustst\u00fcck aus Edelstahl ausgestattet, das eine gro\u00dfe Membranseite f\u00fcr Erwachsene und eine kleine p\u00e4diatrische Membranseite bietet. Mit wenigen Handgriffen kann das Stethoskop in einen offenen Trichter verwandelt werden, wodurch es f\u00fcr verschiedene medizinische Anwendungen vielseitig einsetzbar ist. <\/p><p>Der Schlauch des Stethoskops ist aus haltbarem Material gefertigt und frei von Latex und Phthalaten, so dass er auch f\u00fcr empfindliche Patienten sicher zu verwenden ist. Die komfortablen Ohrpassst\u00fccke bieten eine hervorragende akustische Abdichtung und erm\u00f6glichen ein genaues Abh\u00f6ren von K\u00f6rperger\u00e4uschen. Mit einem geringen Gewicht von nur 150 g bietet das Littmann Classic III den ganzen Tag \u00fcber einen au\u00dfergew\u00f6hnlichen Komfort.  <\/p>\t\t\t\t\t\t\t\t<\/div>\n\t\t\t\t<div class=\"elementor-element elementor-element-8ba7502 elementor-widget elementor-widget-heading\" data-id=\"8ba7502\" data-element_type=\"widget\" data-e-type=\"widget\" data-widget_type=\"heading.default\">\n\t\t\t\t\t<h2 class=\"elementor-heading-title elementor-size-default\">Inhalt<\/h2>\t\t\t\t<\/div>\n\t\t\t\t<div class=\"elementor-element elementor-element-ebd8d54 elementor-widget elementor-widget-text-editor\" data-id=\"ebd8d54\" data-element_type=\"widget\" data-e-type=\"widget\" data-widget_type=\"text-editor.default\">\n\t\t\t\t\t\t\t\t\t<ul><li>Littmann Classic III Stethoskop<\/li><li>Benutzerhandbuch<\/li><\/ul><p><em><strong>Hinweis: <\/strong>Dieses Stethoskop ist ein medizinisches Ger\u00e4t, das zur Auskultation von K\u00f6rperger\u00e4uschen bestimmt ist. Es sollte nur von ausgebildetem medizinischem Fachpersonal verwendet werden, um eine angemessene Diagnose zu gew\u00e4hrleisten. <\/em><\/p>\t\t\t\t\t\t\t\t<\/div>\n\t\t\t\t\t<\/div>\n\t\t<\/div>\n\t\t\t\t\t<\/div>\n\t\t<\/section>\n\t\t\t\t<\/div>\n\t\t","protected":false},"excerpt":{"rendered":"<p>Das Littmann Classic III Stethoskop ist robust und flexibel, mit verstellbaren Lyren f\u00fcr optimalen Komfort und einem Doppelbrustst\u00fcck, das f\u00fcr Erwachsene und Kinder geeignet ist.<\/p>\n","protected":false},"featured_media":62508,"template":"","meta":{"_acf_changed":false},"product_brand":[2160],"product_cat":[1053],"product_tag":[4603,5437,5438,5429,5430,3769,4134,4611,5431,5433,4600,5432,5434,5435,5436],"class_list":{"0":"post-33187","1":"product","2":"type-product","3":"status-publish","4":"has-post-thumbnail","6":"product_brand-littmann-de","7":"product_cat-stethoskope","8":"product_tag-auskultation","9":"product_tag-auskultation-von-korpergerauschen","10":"product_tag-ergonomisches-stethoskop","11":"product_tag-littmann-de","12":"product_tag-littmann-classic-iii-de","13":"product_tag-medizinische-ausrustung","14":"product_tag-medizinische-gerate","15":"product_tag-medizinisches-instrument","16":"product_tag-medizinisches-stethoskop","17":"product_tag-padiatrisches-stethoskop","18":"product_tag-stethoskop","19":"product_tag-stethoskop-fur-arzte","20":"product_tag-stethoskop-fur-erwachsene","21":"product_tag-stethoskop-mit-doppelbruststuck","22":"product_tag-verstellbares-stethoskop","24":"first","25":"instock","26":"sale","27":"taxable","28":"shipping-taxable","29":"purchasable","30":"product-type-simple"},"acf":[],"yoast_head":"<!-- This site is optimized with the Yoast SEO Premium plugin v27.4 (Yoast SEO v27.4) - https:\/\/yoast.com\/product\/yoast-seo-premium-wordpress\/ -->\n<title>Littmann Classic III Stethoskop | Swixed SA<\/title>\n<meta name=\"description\" content=\"Entdecken Sie das robuste und flexible Littmann Classic III Stethoskop, das ideal f\u00fcr die pr\u00e4zise Auskultation von erwachsenen und p\u00e4diatrischen Patienten ist.\" \/>\n<meta name=\"robots\" content=\"index, follow, max-snippet:-1, max-image-preview:large, max-video-preview:-1\" \/>\n<link rel=\"canonical\" href=\"https:\/\/swixed.ch\/de\/produkt\/sed67002\/\" \/>\n<meta property=\"og:locale\" content=\"de_DE\" \/>\n<meta property=\"og:type\" content=\"article\" \/>\n<meta property=\"og:title\" content=\"Littmann Classic III Stethoskop\" \/>\n<meta property=\"og:description\" content=\"Entdecken Sie das robuste und flexible Littmann Classic III Stethoskop, das ideal f\u00fcr die pr\u00e4zise Auskultation von erwachsenen und p\u00e4diatrischen Patienten ist.\" \/>\n<meta property=\"og:url\" content=\"https:\/\/swixed.ch\/de\/produkt\/sed67002\/\" \/>\n<meta property=\"og:site_name\" content=\"Swixed SA\" \/>\n<meta property=\"article:publisher\" content=\"https:\/\/www.facebook.com\/swixed\" \/>\n<meta property=\"article:modified_time\" content=\"2026-04-09T20:27:30+00:00\" \/>\n<meta property=\"og:image\" content=\"https:\/\/swixed.ch\/wp-content\/uploads\/products\/littmann-classic-iii-01.png\" \/>\n\t<meta property=\"og:image:width\" content=\"600\" \/>\n\t<meta property=\"og:image:height\" content=\"600\" \/>\n\t<meta property=\"og:image:type\" content=\"image\/png\" \/>\n<meta name=\"twitter:card\" content=\"summary_large_image\" \/>\n<meta name=\"twitter:label1\" content=\"Gesch\u00e4tzte Lesezeit\" \/>\n\t<meta name=\"twitter:data1\" content=\"1\u00a0Minute\" \/>\n<script type=\"application\/ld+json\" class=\"yoast-schema-graph\">{\"@context\":\"https:\\\/\\\/schema.org\",\"@graph\":[{\"@type\":\"WebPage\",\"@id\":\"https:\\\/\\\/swixed.ch\\\/de\\\/produkt\\\/sed67002\\\/\",\"url\":\"https:\\\/\\\/swixed.ch\\\/de\\\/produkt\\\/sed67002\\\/\",\"name\":\"Littmann Classic III Stethoskop | Swixed SA\",\"isPartOf\":{\"@id\":\"https:\\\/\\\/swixed.ch\\\/de\\\/#website\"},\"primaryImageOfPage\":{\"@id\":\"https:\\\/\\\/swixed.ch\\\/de\\\/produkt\\\/sed67002\\\/#primaryimage\"},\"image\":{\"@id\":\"https:\\\/\\\/swixed.ch\\\/de\\\/produkt\\\/sed67002\\\/#primaryimage\"},\"thumbnailUrl\":\"https:\\\/\\\/swixed.ch\\\/wp-content\\\/uploads\\\/products\\\/littmann-classic-iii-01.png\",\"datePublished\":\"2021-04-21T20:32:21+00:00\",\"dateModified\":\"2026-04-09T20:27:30+00:00\",\"description\":\"Entdecken Sie das robuste und flexible Littmann Classic III Stethoskop, das ideal f\u00fcr die pr\u00e4zise Auskultation von erwachsenen und p\u00e4diatrischen Patienten ist.\",\"breadcrumb\":{\"@id\":\"https:\\\/\\\/swixed.ch\\\/de\\\/produkt\\\/sed67002\\\/#breadcrumb\"},\"inLanguage\":\"de\",\"potentialAction\":[{\"@type\":\"ReadAction\",\"target\":[\"https:\\\/\\\/swixed.ch\\\/de\\\/produkt\\\/sed67002\\\/\"]}]},{\"@type\":\"ImageObject\",\"inLanguage\":\"de\",\"@id\":\"https:\\\/\\\/swixed.ch\\\/de\\\/produkt\\\/sed67002\\\/#primaryimage\",\"url\":\"https:\\\/\\\/swixed.ch\\\/wp-content\\\/uploads\\\/products\\\/littmann-classic-iii-01.png\",\"contentUrl\":\"https:\\\/\\\/swixed.ch\\\/wp-content\\\/uploads\\\/products\\\/littmann-classic-iii-01.png\",\"width\":600,\"height\":600,\"caption\":\"littmann-classic-iii-01\"},{\"@type\":\"BreadcrumbList\",\"@id\":\"https:\\\/\\\/swixed.ch\\\/de\\\/produkt\\\/sed67002\\\/#breadcrumb\",\"itemListElement\":[{\"@type\":\"ListItem\",\"position\":1,\"name\":\"Startseite\",\"item\":\"https:\\\/\\\/swixed.ch\\\/de\\\/home\\\/\"},{\"@type\":\"ListItem\",\"position\":2,\"name\":\"Shop\",\"item\":\"https:\\\/\\\/swixed.ch\\\/de\\\/shop\\\/\"},{\"@type\":\"ListItem\",\"position\":3,\"name\":\"Littmann Classic III Stethoskop\"}]},{\"@type\":\"WebSite\",\"@id\":\"https:\\\/\\\/swixed.ch\\\/de\\\/#website\",\"url\":\"https:\\\/\\\/swixed.ch\\\/de\\\/\",\"name\":\"Swixed SA\",\"description\":\"Elektronische Ger\u00e4te\",\"publisher\":{\"@id\":\"https:\\\/\\\/swixed.ch\\\/de\\\/#organization\"},\"potentialAction\":[{\"@type\":\"SearchAction\",\"target\":{\"@type\":\"EntryPoint\",\"urlTemplate\":\"https:\\\/\\\/swixed.ch\\\/de\\\/?s={search_term_string}\"},\"query-input\":{\"@type\":\"PropertyValueSpecification\",\"valueRequired\":true,\"valueName\":\"search_term_string\"}}],\"inLanguage\":\"de\"},{\"@type\":\"Organization\",\"@id\":\"https:\\\/\\\/swixed.ch\\\/de\\\/#organization\",\"name\":\"Swixed SA\",\"url\":\"https:\\\/\\\/swixed.ch\\\/de\\\/\",\"logo\":{\"@type\":\"ImageObject\",\"inLanguage\":\"de\",\"@id\":\"https:\\\/\\\/swixed.ch\\\/de\\\/#\\\/schema\\\/logo\\\/image\\\/\",\"url\":\"https:\\\/\\\/swixed.ch\\\/wp-content\\\/uploads\\\/logos\\\/swixed-logo-lite.png\",\"contentUrl\":\"https:\\\/\\\/swixed.ch\\\/wp-content\\\/uploads\\\/logos\\\/swixed-logo-lite.png\",\"width\":696,\"height\":696,\"caption\":\"Swixed SA\"},\"image\":{\"@id\":\"https:\\\/\\\/swixed.ch\\\/de\\\/#\\\/schema\\\/logo\\\/image\\\/\"},\"sameAs\":[\"https:\\\/\\\/www.facebook.com\\\/swixed\",\"https:\\\/\\\/www.linkedin.com\\\/company\\\/swixed\",\"https:\\\/\\\/www.youtube.com\\\/@swixedsa\"],\"description\":\"Swixed SA est une entreprise suisse bas\u00e9e \u00e0 Gen\u00e8ve, sp\u00e9cialis\u00e9e dans la vente, la location et la maintenance d\u2019appareils m\u00e9dicaux professionnels, tels que d\u00e9fibrillateurs AED, \u00e9lectrocardiographes, moniteurs patient et dispositifs de diagnostic.\",\"email\":\"infoshop@swixed.ch\",\"telephone\":\"+41 22 566 11 95\",\"legalName\":\"Swixed SA\",\"foundingDate\":\"2021-03-01\",\"numberOfEmployees\":{\"@type\":\"QuantitativeValue\",\"minValue\":\"1\",\"maxValue\":\"10\"}}]}<\/script>\n<!-- \/ Yoast SEO Premium plugin. -->","yoast_head_json":{"title":"Littmann Classic III Stethoskop | Swixed SA","description":"Entdecken Sie das robuste und flexible Littmann Classic III Stethoskop, das ideal f\u00fcr die pr\u00e4zise Auskultation von erwachsenen und p\u00e4diatrischen Patienten ist.","robots":{"index":"index","follow":"follow","max-snippet":"max-snippet:-1","max-image-preview":"max-image-preview:large","max-video-preview":"max-video-preview:-1"},"canonical":"https:\/\/swixed.ch\/de\/produkt\/sed67002\/","og_locale":"de_DE","og_type":"article","og_title":"Littmann Classic III Stethoskop","og_description":"Entdecken Sie das robuste und flexible Littmann Classic III Stethoskop, das ideal f\u00fcr die pr\u00e4zise Auskultation von erwachsenen und p\u00e4diatrischen Patienten ist.","og_url":"https:\/\/swixed.ch\/de\/produkt\/sed67002\/","og_site_name":"Swixed SA","article_publisher":"https:\/\/www.facebook.com\/swixed","article_modified_time":"2026-04-09T20:27:30+00:00","og_image":[{"width":600,"height":600,"url":"https:\/\/swixed.ch\/wp-content\/uploads\/products\/littmann-classic-iii-01.png","type":"image\/png"}],"twitter_card":"summary_large_image","twitter_misc":{"Gesch\u00e4tzte Lesezeit":"1\u00a0Minute"},"schema":{"@context":"https:\/\/schema.org","@graph":[{"@type":"WebPage","@id":"https:\/\/swixed.ch\/de\/produkt\/sed67002\/","url":"https:\/\/swixed.ch\/de\/produkt\/sed67002\/","name":"Littmann Classic III Stethoskop | Swixed SA","isPartOf":{"@id":"https:\/\/swixed.ch\/de\/#website"},"primaryImageOfPage":{"@id":"https:\/\/swixed.ch\/de\/produkt\/sed67002\/#primaryimage"},"image":{"@id":"https:\/\/swixed.ch\/de\/produkt\/sed67002\/#primaryimage"},"thumbnailUrl":"https:\/\/swixed.ch\/wp-content\/uploads\/products\/littmann-classic-iii-01.png","datePublished":"2021-04-21T20:32:21+00:00","dateModified":"2026-04-09T20:27:30+00:00","description":"Entdecken Sie das robuste und flexible Littmann Classic III Stethoskop, das ideal f\u00fcr die pr\u00e4zise Auskultation von erwachsenen und p\u00e4diatrischen Patienten ist.","breadcrumb":{"@id":"https:\/\/swixed.ch\/de\/produkt\/sed67002\/#breadcrumb"},"inLanguage":"de","potentialAction":[{"@type":"ReadAction","target":["https:\/\/swixed.ch\/de\/produkt\/sed67002\/"]}]},{"@type":"ImageObject","inLanguage":"de","@id":"https:\/\/swixed.ch\/de\/produkt\/sed67002\/#primaryimage","url":"https:\/\/swixed.ch\/wp-content\/uploads\/products\/littmann-classic-iii-01.png","contentUrl":"https:\/\/swixed.ch\/wp-content\/uploads\/products\/littmann-classic-iii-01.png","width":600,"height":600,"caption":"littmann-classic-iii-01"},{"@type":"BreadcrumbList","@id":"https:\/\/swixed.ch\/de\/produkt\/sed67002\/#breadcrumb","itemListElement":[{"@type":"ListItem","position":1,"name":"Startseite","item":"https:\/\/swixed.ch\/de\/home\/"},{"@type":"ListItem","position":2,"name":"Shop","item":"https:\/\/swixed.ch\/de\/shop\/"},{"@type":"ListItem","position":3,"name":"Littmann Classic III Stethoskop"}]},{"@type":"WebSite","@id":"https:\/\/swixed.ch\/de\/#website","url":"https:\/\/swixed.ch\/de\/","name":"Swixed SA","description":"Elektronische Ger\u00e4te","publisher":{"@id":"https:\/\/swixed.ch\/de\/#organization"},"potentialAction":[{"@type":"SearchAction","target":{"@type":"EntryPoint","urlTemplate":"https:\/\/swixed.ch\/de\/?s={search_term_string}"},"query-input":{"@type":"PropertyValueSpecification","valueRequired":true,"valueName":"search_term_string"}}],"inLanguage":"de"},{"@type":"Organization","@id":"https:\/\/swixed.ch\/de\/#organization","name":"Swixed SA","url":"https:\/\/swixed.ch\/de\/","logo":{"@type":"ImageObject","inLanguage":"de","@id":"https:\/\/swixed.ch\/de\/#\/schema\/logo\/image\/","url":"https:\/\/swixed.ch\/wp-content\/uploads\/logos\/swixed-logo-lite.png","contentUrl":"https:\/\/swixed.ch\/wp-content\/uploads\/logos\/swixed-logo-lite.png","width":696,"height":696,"caption":"Swixed SA"},"image":{"@id":"https:\/\/swixed.ch\/de\/#\/schema\/logo\/image\/"},"sameAs":["https:\/\/www.facebook.com\/swixed","https:\/\/www.linkedin.com\/company\/swixed","https:\/\/www.youtube.com\/@swixedsa"],"description":"Swixed SA est une entreprise suisse bas\u00e9e \u00e0 Gen\u00e8ve, sp\u00e9cialis\u00e9e dans la vente, la location et la maintenance d\u2019appareils m\u00e9dicaux professionnels, tels que d\u00e9fibrillateurs AED, \u00e9lectrocardiographes, moniteurs patient et dispositifs de diagnostic.","email":"infoshop@swixed.ch","telephone":"+41 22 566 11 95","legalName":"Swixed SA","foundingDate":"2021-03-01","numberOfEmployees":{"@type":"QuantitativeValue","minValue":"1","maxValue":"10"}}]}},"_links":{"self":[{"href":"https:\/\/swixed.ch\/de\/wp-json\/wp\/v2\/product\/33187","targetHints":{"allow":["GET"]}}],"collection":[{"href":"https:\/\/swixed.ch\/de\/wp-json\/wp\/v2\/product"}],"about":[{"href":"https:\/\/swixed.ch\/de\/wp-json\/wp\/v2\/types\/product"}],"version-history":[{"count":0,"href":"https:\/\/swixed.ch\/de\/wp-json\/wp\/v2\/product\/33187\/revisions"}],"wp:featuredmedia":[{"embeddable":true,"href":"https:\/\/swixed.ch\/de\/wp-json\/wp\/v2\/media\/62508"}],"wp:attachment":[{"href":"https:\/\/swixed.ch\/de\/wp-json\/wp\/v2\/media?parent=33187"}],"wp:term":[{"taxonomy":"product_brand","embeddable":true,"href":"https:\/\/swixed.ch\/de\/wp-json\/wp\/v2\/product_brand?post=33187"},{"taxonomy":"product_cat","embeddable":true,"href":"https:\/\/swixed.ch\/de\/wp-json\/wp\/v2\/product_cat?post=33187"},{"taxonomy":"product_tag","embeddable":true,"href":"https:\/\/swixed.ch\/de\/wp-json\/wp\/v2\/product_tag?post=33187"}],"curies":[{"name":"wp","href":"https:\/\/api.w.org\/{rel}","templated":true}]}}