{"id":33211,"date":"2021-04-26T16:01:04","date_gmt":"2021-04-26T15:01:04","guid":{"rendered":"https:\/\/swixed.com\/produit\/boso-carat-professional\/"},"modified":"2026-04-20T21:06:38","modified_gmt":"2026-04-20T20:06:38","slug":"sed63001","status":"publish","type":"product","link":"https:\/\/swixed.ch\/de\/produkt\/sed63001\/","title":{"rendered":"Boso Carat Professional Blutdruckmessger\u00e4t"},"content":{"rendered":"\t\t<div data-elementor-type=\"product-post\" data-elementor-id=\"33211\" class=\"elementor elementor-33211 elementor-3104\" data-elementor-post-type=\"product\">\n\t\t\t\t\t\t<section class=\"elementor-section elementor-top-section elementor-element elementor-element-834d306 elementor-section-full_width elementor-section-height-default elementor-section-height-default\" data-id=\"834d306\" data-element_type=\"section\" data-e-type=\"section\">\n\t\t\t\t\t\t<div class=\"elementor-container elementor-column-gap-default\">\n\t\t\t\t\t<div class=\"elementor-column elementor-col-100 elementor-top-column elementor-element elementor-element-085465e\" data-id=\"085465e\" data-element_type=\"column\" data-e-type=\"column\">\n\t\t\t<div class=\"elementor-widget-wrap elementor-element-populated\">\n\t\t\t\t\t\t<div class=\"elementor-element elementor-element-0684e71 elementor-widget elementor-widget-heading\" data-id=\"0684e71\" data-element_type=\"widget\" data-e-type=\"widget\" data-widget_type=\"heading.default\">\n\t\t\t\t\t<h2 class=\"elementor-heading-title elementor-size-default\">Beschreibung<\/h2>\t\t\t\t<\/div>\n\t\t\t\t\t<\/div>\n\t\t<\/div>\n\t\t\t\t\t<\/div>\n\t\t<\/section>\n\t\t\t\t<section class=\"elementor-section elementor-top-section elementor-element elementor-element-c0f3979 elementor-section-boxed elementor-section-height-default elementor-section-height-default\" data-id=\"c0f3979\" data-element_type=\"section\" data-e-type=\"section\">\n\t\t\t\t\t\t<div class=\"elementor-container elementor-column-gap-default\">\n\t\t\t\t\t<div class=\"elementor-column elementor-col-100 elementor-top-column elementor-element elementor-element-6e68e75\" data-id=\"6e68e75\" data-element_type=\"column\" data-e-type=\"column\">\n\t\t\t<div class=\"elementor-widget-wrap elementor-element-populated\">\n\t\t\t\t\t\t<div class=\"elementor-element elementor-element-3376bb3 elementor-widget elementor-widget-text-editor\" data-id=\"3376bb3\" data-element_type=\"widget\" data-e-type=\"widget\" data-widget_type=\"text-editor.default\">\n\t\t\t\t\t\t\t\t\t<p>Das Blutdruckmessger\u00e4t Boso Carat ist ein Blutdruckmessger\u00e4t, das f\u00fcr den intensiven professionellen Gebrauch im medizinischen Bereich geeignet ist. Mit den 3 Manschetten in den Gr\u00f6\u00dfen Erwachsene, \u00dcbergewichtige und Kinder (im Lieferumfang enthalten) k\u00f6nnen Sie den Blutdruck von Personen mit unterschiedlichem K\u00f6rperbau messen.<br \/>Sein gro\u00dfer LCD-Bildschirm erm\u00f6glicht eine dreizeilige Anzeige, sodass die Ergebnisse leicht ablesbar sind.<br \/>Stromversorgung: Das Carat Professional Blutdruckmessger\u00e4t funktioniert mit einem Netzadapter (im Lieferumfang enthalten) oder im Stand-alone-Modus mit Batterien (4 AA-Batterien im Lieferumfang enthalten).<br \/>In dem Fach auf der R\u00fcckseite des Ger\u00e4ts l\u00e4sst sich die Manschette ganz einfach verstauen.<\/p>\n<p><strong>Der Boso Carat Professional geliefert mit :<\/strong><\/p>\n<ul>\n<li>1 Manschette Erwachsene (22-32 cm)<\/li>\n<li>1 Adipositas-Manschette (32-48 cm)<\/li>\n<li>1 Kindermanschette (16-22 cm)<\/li>\n<li>4 AA-Batterien LR06<\/li>\n<li>1 Netztransformator<\/li>\n<li>1 Gebrauchsanweisung.<\/li>\n<\/ul>\n\t\t\t\t\t\t\t\t<\/div>\n\t\t\t\t\t<\/div>\n\t\t<\/div>\n\t\t\t\t\t<\/div>\n\t\t<\/section>\n\t\t\t\t<\/div>\n\t\t","protected":false},"excerpt":{"rendered":"<p>Das Blutdruckmessger\u00e4t Boso Carat ist ein Blutdruckmessger\u00e4t, das f\u00fcr den intensiven professionellen Gebrauch im medizinischen Bereich geeignet ist. Mit den 3 Manschetten in den Gr\u00f6\u00dfen Erwachsene, \u00dcbergewichtige und Kinder (im Lieferumfang enthalten) k\u00f6nnen Sie den Blutdruck von Personen mit unterschiedlichem K\u00f6rperbau messen.<\/p>\n<p>Sein gro\u00dfer LCD-Bildschirm erm\u00f6glicht eine dreizeilige Anzeige, sodass die Ergebnisse leicht ablesbar sind.<\/p>\n<p>Stromversorgung: Das Carat Professional Blutdruckmessger\u00e4t funktioniert mit einem Netzadapter (im Lieferumfang enthalten) oder im Stand-alone-Modus mit Batterien (4 AA-Batterien im Lieferumfang enthalten).<\/p>\n<p>Das Fach auf der R\u00fcckseite des Ger\u00e4ts erm\u00f6glicht eine einfache Aufbewahrung der Manschette.<\/p>\n","protected":false},"featured_media":27003,"template":"","meta":{"_acf_changed":false},"product_brand":[2119],"product_cat":[1012,1079],"product_tag":[1017,1014,987,1016,1015],"class_list":{"0":"post-33211","1":"product","2":"type-product","3":"status-publish","4":"has-post-thumbnail","6":"product_brand-boso-de","7":"product_cat-blutdruckmessgerate","8":"product_cat-elektronische-blutdruckmessgerate","9":"product_tag-allgemeinmedizin","10":"product_tag-diagnose","11":"product_tag-kardiologie","12":"product_tag-mmhg-de","13":"product_tag-spannung","15":"first","16":"outofstock","17":"taxable","18":"shipping-taxable","19":"purchasable","20":"product-type-simple"},"acf":[],"yoast_head":"<!-- This site is optimized with the Yoast SEO Premium plugin v27.4 (Yoast SEO v27.4) - https:\/\/yoast.com\/product\/yoast-seo-premium-wordpress\/ -->\n<title>Boso Carat Professional Blutdruckmessger\u00e4t | Swixed SA<\/title>\n<meta name=\"description\" content=\"Blutdruckmessger\u00e4t f\u00fcr den intensiven professionellen Gebrauch im medizinischen Bereich. 3 Manschetten in den Gr\u00f6\u00dfen Erwachsene, Fettleibige und Kinder\" \/>\n<meta name=\"robots\" content=\"index, follow, max-snippet:-1, max-image-preview:large, max-video-preview:-1\" \/>\n<link rel=\"canonical\" href=\"https:\/\/swixed.ch\/de\/produkt\/sed63001\/\" \/>\n<meta property=\"og:locale\" content=\"de_DE\" \/>\n<meta property=\"og:type\" content=\"article\" \/>\n<meta property=\"og:title\" content=\"Boso Carat Professional Blutdruckmessger\u00e4t\" \/>\n<meta property=\"og:description\" content=\"Blutdruckmessger\u00e4t f\u00fcr den intensiven professionellen Gebrauch im medizinischen Bereich. 3 Manschetten in den Gr\u00f6\u00dfen Erwachsene, Fettleibige und Kinder\" \/>\n<meta property=\"og:url\" content=\"https:\/\/swixed.ch\/de\/produkt\/sed63001\/\" \/>\n<meta property=\"og:site_name\" content=\"Swixed SA\" \/>\n<meta property=\"article:publisher\" content=\"https:\/\/www.facebook.com\/swixed\" \/>\n<meta property=\"article:modified_time\" content=\"2026-04-20T20:06:38+00:00\" \/>\n<meta property=\"og:image\" content=\"https:\/\/swixed.ch\/wp-content\/uploads\/products\/boso-carat-pro-01.png\" \/>\n\t<meta property=\"og:image:width\" content=\"600\" \/>\n\t<meta property=\"og:image:height\" content=\"600\" \/>\n\t<meta property=\"og:image:type\" content=\"image\/png\" \/>\n<meta name=\"twitter:card\" content=\"summary_large_image\" \/>\n<meta name=\"twitter:label1\" content=\"Gesch\u00e4tzte Lesezeit\" \/>\n\t<meta name=\"twitter:data1\" content=\"1\u00a0Minute\" \/>\n<script type=\"application\/ld+json\" class=\"yoast-schema-graph\">{\"@context\":\"https:\\\/\\\/schema.org\",\"@graph\":[{\"@type\":\"WebPage\",\"@id\":\"https:\\\/\\\/swixed.ch\\\/de\\\/produkt\\\/sed63001\\\/\",\"url\":\"https:\\\/\\\/swixed.ch\\\/de\\\/produkt\\\/sed63001\\\/\",\"name\":\"Boso Carat Professional Blutdruckmessger\u00e4t | Swixed SA\",\"isPartOf\":{\"@id\":\"https:\\\/\\\/swixed.ch\\\/de\\\/#website\"},\"primaryImageOfPage\":{\"@id\":\"https:\\\/\\\/swixed.ch\\\/de\\\/produkt\\\/sed63001\\\/#primaryimage\"},\"image\":{\"@id\":\"https:\\\/\\\/swixed.ch\\\/de\\\/produkt\\\/sed63001\\\/#primaryimage\"},\"thumbnailUrl\":\"https:\\\/\\\/swixed.ch\\\/wp-content\\\/uploads\\\/products\\\/boso-carat-pro-01.png\",\"datePublished\":\"2021-04-26T15:01:04+00:00\",\"dateModified\":\"2026-04-20T20:06:38+00:00\",\"description\":\"Blutdruckmessger\u00e4t f\u00fcr den intensiven professionellen Gebrauch im medizinischen Bereich. 3 Manschetten in den Gr\u00f6\u00dfen Erwachsene, Fettleibige und Kinder\",\"breadcrumb\":{\"@id\":\"https:\\\/\\\/swixed.ch\\\/de\\\/produkt\\\/sed63001\\\/#breadcrumb\"},\"inLanguage\":\"de\",\"potentialAction\":[{\"@type\":\"ReadAction\",\"target\":[\"https:\\\/\\\/swixed.ch\\\/de\\\/produkt\\\/sed63001\\\/\"]}]},{\"@type\":\"ImageObject\",\"inLanguage\":\"de\",\"@id\":\"https:\\\/\\\/swixed.ch\\\/de\\\/produkt\\\/sed63001\\\/#primaryimage\",\"url\":\"https:\\\/\\\/swixed.ch\\\/wp-content\\\/uploads\\\/products\\\/boso-carat-pro-01.png\",\"contentUrl\":\"https:\\\/\\\/swixed.ch\\\/wp-content\\\/uploads\\\/products\\\/boso-carat-pro-01.png\",\"width\":600,\"height\":600,\"caption\":\"boso-carat-pro-01\"},{\"@type\":\"BreadcrumbList\",\"@id\":\"https:\\\/\\\/swixed.ch\\\/de\\\/produkt\\\/sed63001\\\/#breadcrumb\",\"itemListElement\":[{\"@type\":\"ListItem\",\"position\":1,\"name\":\"Startseite\",\"item\":\"https:\\\/\\\/swixed.ch\\\/de\\\/home\\\/\"},{\"@type\":\"ListItem\",\"position\":2,\"name\":\"Shop\",\"item\":\"https:\\\/\\\/swixed.ch\\\/de\\\/shop\\\/\"},{\"@type\":\"ListItem\",\"position\":3,\"name\":\"Boso Carat Professional Blutdruckmessger\u00e4t\"}]},{\"@type\":\"WebSite\",\"@id\":\"https:\\\/\\\/swixed.ch\\\/de\\\/#website\",\"url\":\"https:\\\/\\\/swixed.ch\\\/de\\\/\",\"name\":\"Swixed SA\",\"description\":\"Elektronische Ger\u00e4te\",\"publisher\":{\"@id\":\"https:\\\/\\\/swixed.ch\\\/de\\\/#organization\"},\"potentialAction\":[{\"@type\":\"SearchAction\",\"target\":{\"@type\":\"EntryPoint\",\"urlTemplate\":\"https:\\\/\\\/swixed.ch\\\/de\\\/?s={search_term_string}\"},\"query-input\":{\"@type\":\"PropertyValueSpecification\",\"valueRequired\":true,\"valueName\":\"search_term_string\"}}],\"inLanguage\":\"de\"},{\"@type\":\"Organization\",\"@id\":\"https:\\\/\\\/swixed.ch\\\/de\\\/#organization\",\"name\":\"Swixed SA\",\"url\":\"https:\\\/\\\/swixed.ch\\\/de\\\/\",\"logo\":{\"@type\":\"ImageObject\",\"inLanguage\":\"de\",\"@id\":\"https:\\\/\\\/swixed.ch\\\/de\\\/#\\\/schema\\\/logo\\\/image\\\/\",\"url\":\"https:\\\/\\\/swixed.ch\\\/wp-content\\\/uploads\\\/logos\\\/swixed-logo-lite.png\",\"contentUrl\":\"https:\\\/\\\/swixed.ch\\\/wp-content\\\/uploads\\\/logos\\\/swixed-logo-lite.png\",\"width\":696,\"height\":696,\"caption\":\"Swixed SA\"},\"image\":{\"@id\":\"https:\\\/\\\/swixed.ch\\\/de\\\/#\\\/schema\\\/logo\\\/image\\\/\"},\"sameAs\":[\"https:\\\/\\\/www.facebook.com\\\/swixed\",\"https:\\\/\\\/www.linkedin.com\\\/company\\\/swixed\",\"https:\\\/\\\/www.youtube.com\\\/@swixedsa\"],\"description\":\"Swixed SA est une entreprise suisse bas\u00e9e \u00e0 Gen\u00e8ve, sp\u00e9cialis\u00e9e dans la vente, la location et la maintenance d\u2019appareils m\u00e9dicaux professionnels, tels que d\u00e9fibrillateurs AED, \u00e9lectrocardiographes, moniteurs patient et dispositifs de diagnostic.\",\"email\":\"infoshop@swixed.ch\",\"telephone\":\"+41 22 566 11 95\",\"legalName\":\"Swixed SA\",\"foundingDate\":\"2021-03-01\",\"numberOfEmployees\":{\"@type\":\"QuantitativeValue\",\"minValue\":\"1\",\"maxValue\":\"10\"}}]}<\/script>\n<!-- \/ Yoast SEO Premium plugin. -->","yoast_head_json":{"title":"Boso Carat Professional Blutdruckmessger\u00e4t | Swixed SA","description":"Blutdruckmessger\u00e4t f\u00fcr den intensiven professionellen Gebrauch im medizinischen Bereich. 3 Manschetten in den Gr\u00f6\u00dfen Erwachsene, Fettleibige und Kinder","robots":{"index":"index","follow":"follow","max-snippet":"max-snippet:-1","max-image-preview":"max-image-preview:large","max-video-preview":"max-video-preview:-1"},"canonical":"https:\/\/swixed.ch\/de\/produkt\/sed63001\/","og_locale":"de_DE","og_type":"article","og_title":"Boso Carat Professional Blutdruckmessger\u00e4t","og_description":"Blutdruckmessger\u00e4t f\u00fcr den intensiven professionellen Gebrauch im medizinischen Bereich. 3 Manschetten in den Gr\u00f6\u00dfen Erwachsene, Fettleibige und Kinder","og_url":"https:\/\/swixed.ch\/de\/produkt\/sed63001\/","og_site_name":"Swixed SA","article_publisher":"https:\/\/www.facebook.com\/swixed","article_modified_time":"2026-04-20T20:06:38+00:00","og_image":[{"width":600,"height":600,"url":"https:\/\/swixed.ch\/wp-content\/uploads\/products\/boso-carat-pro-01.png","type":"image\/png"}],"twitter_card":"summary_large_image","twitter_misc":{"Gesch\u00e4tzte Lesezeit":"1\u00a0Minute"},"schema":{"@context":"https:\/\/schema.org","@graph":[{"@type":"WebPage","@id":"https:\/\/swixed.ch\/de\/produkt\/sed63001\/","url":"https:\/\/swixed.ch\/de\/produkt\/sed63001\/","name":"Boso Carat Professional Blutdruckmessger\u00e4t | Swixed SA","isPartOf":{"@id":"https:\/\/swixed.ch\/de\/#website"},"primaryImageOfPage":{"@id":"https:\/\/swixed.ch\/de\/produkt\/sed63001\/#primaryimage"},"image":{"@id":"https:\/\/swixed.ch\/de\/produkt\/sed63001\/#primaryimage"},"thumbnailUrl":"https:\/\/swixed.ch\/wp-content\/uploads\/products\/boso-carat-pro-01.png","datePublished":"2021-04-26T15:01:04+00:00","dateModified":"2026-04-20T20:06:38+00:00","description":"Blutdruckmessger\u00e4t f\u00fcr den intensiven professionellen Gebrauch im medizinischen Bereich. 3 Manschetten in den Gr\u00f6\u00dfen Erwachsene, Fettleibige und Kinder","breadcrumb":{"@id":"https:\/\/swixed.ch\/de\/produkt\/sed63001\/#breadcrumb"},"inLanguage":"de","potentialAction":[{"@type":"ReadAction","target":["https:\/\/swixed.ch\/de\/produkt\/sed63001\/"]}]},{"@type":"ImageObject","inLanguage":"de","@id":"https:\/\/swixed.ch\/de\/produkt\/sed63001\/#primaryimage","url":"https:\/\/swixed.ch\/wp-content\/uploads\/products\/boso-carat-pro-01.png","contentUrl":"https:\/\/swixed.ch\/wp-content\/uploads\/products\/boso-carat-pro-01.png","width":600,"height":600,"caption":"boso-carat-pro-01"},{"@type":"BreadcrumbList","@id":"https:\/\/swixed.ch\/de\/produkt\/sed63001\/#breadcrumb","itemListElement":[{"@type":"ListItem","position":1,"name":"Startseite","item":"https:\/\/swixed.ch\/de\/home\/"},{"@type":"ListItem","position":2,"name":"Shop","item":"https:\/\/swixed.ch\/de\/shop\/"},{"@type":"ListItem","position":3,"name":"Boso Carat Professional Blutdruckmessger\u00e4t"}]},{"@type":"WebSite","@id":"https:\/\/swixed.ch\/de\/#website","url":"https:\/\/swixed.ch\/de\/","name":"Swixed SA","description":"Elektronische Ger\u00e4te","publisher":{"@id":"https:\/\/swixed.ch\/de\/#organization"},"potentialAction":[{"@type":"SearchAction","target":{"@type":"EntryPoint","urlTemplate":"https:\/\/swixed.ch\/de\/?s={search_term_string}"},"query-input":{"@type":"PropertyValueSpecification","valueRequired":true,"valueName":"search_term_string"}}],"inLanguage":"de"},{"@type":"Organization","@id":"https:\/\/swixed.ch\/de\/#organization","name":"Swixed SA","url":"https:\/\/swixed.ch\/de\/","logo":{"@type":"ImageObject","inLanguage":"de","@id":"https:\/\/swixed.ch\/de\/#\/schema\/logo\/image\/","url":"https:\/\/swixed.ch\/wp-content\/uploads\/logos\/swixed-logo-lite.png","contentUrl":"https:\/\/swixed.ch\/wp-content\/uploads\/logos\/swixed-logo-lite.png","width":696,"height":696,"caption":"Swixed SA"},"image":{"@id":"https:\/\/swixed.ch\/de\/#\/schema\/logo\/image\/"},"sameAs":["https:\/\/www.facebook.com\/swixed","https:\/\/www.linkedin.com\/company\/swixed","https:\/\/www.youtube.com\/@swixedsa"],"description":"Swixed SA est une entreprise suisse bas\u00e9e \u00e0 Gen\u00e8ve, sp\u00e9cialis\u00e9e dans la vente, la location et la maintenance d\u2019appareils m\u00e9dicaux professionnels, tels que d\u00e9fibrillateurs AED, \u00e9lectrocardiographes, moniteurs patient et dispositifs de diagnostic.","email":"infoshop@swixed.ch","telephone":"+41 22 566 11 95","legalName":"Swixed SA","foundingDate":"2021-03-01","numberOfEmployees":{"@type":"QuantitativeValue","minValue":"1","maxValue":"10"}}]}},"_links":{"self":[{"href":"https:\/\/swixed.ch\/de\/wp-json\/wp\/v2\/product\/33211","targetHints":{"allow":["GET"]}}],"collection":[{"href":"https:\/\/swixed.ch\/de\/wp-json\/wp\/v2\/product"}],"about":[{"href":"https:\/\/swixed.ch\/de\/wp-json\/wp\/v2\/types\/product"}],"version-history":[{"count":1,"href":"https:\/\/swixed.ch\/de\/wp-json\/wp\/v2\/product\/33211\/revisions"}],"predecessor-version":[{"id":63031,"href":"https:\/\/swixed.ch\/de\/wp-json\/wp\/v2\/product\/33211\/revisions\/63031"}],"wp:featuredmedia":[{"embeddable":true,"href":"https:\/\/swixed.ch\/de\/wp-json\/wp\/v2\/media\/27003"}],"wp:attachment":[{"href":"https:\/\/swixed.ch\/de\/wp-json\/wp\/v2\/media?parent=33211"}],"wp:term":[{"taxonomy":"product_brand","embeddable":true,"href":"https:\/\/swixed.ch\/de\/wp-json\/wp\/v2\/product_brand?post=33211"},{"taxonomy":"product_cat","embeddable":true,"href":"https:\/\/swixed.ch\/de\/wp-json\/wp\/v2\/product_cat?post=33211"},{"taxonomy":"product_tag","embeddable":true,"href":"https:\/\/swixed.ch\/de\/wp-json\/wp\/v2\/product_tag?post=33211"}],"curies":[{"name":"wp","href":"https:\/\/api.w.org\/{rel}","templated":true}]}}