{"id":33219,"date":"2021-04-23T08:44:14","date_gmt":"2021-04-23T06:44:14","guid":{"rendered":"https:\/\/swixed.com\/produit\/ruhe-ekg-edan-se-3\/"},"modified":"2026-03-25T19:23:57","modified_gmt":"2026-03-25T18:23:57","slug":"sed10005","status":"publish","type":"product","link":"https:\/\/swixed.ch\/de\/produkt\/sed10005\/","title":{"rendered":"Elektrokardiograph Edan SE-3 Ruhe-EKG"},"content":{"rendered":"\t\t<div data-elementor-type=\"product-post\" data-elementor-id=\"33219\" class=\"elementor elementor-33219 elementor-2968\" data-elementor-post-type=\"product\">\n\t\t\t\t<div class=\"elementor-element elementor-element-ea9d438 e-con-full e-flex e-con e-parent\" data-id=\"ea9d438\" data-element_type=\"container\" data-e-type=\"container\">\n\t\t<div class=\"elementor-element elementor-element-305081e e-con-full e-flex e-con e-child\" data-id=\"305081e\" data-element_type=\"container\" data-e-type=\"container\">\n\t\t\t\t<div class=\"elementor-element elementor-element-fed3fce elementor-widget elementor-widget-heading\" data-id=\"fed3fce\" data-element_type=\"widget\" data-e-type=\"widget\" data-widget_type=\"heading.default\">\n\t\t\t\t\t<h2 class=\"elementor-heading-title elementor-size-default\">Hauptmerkmale<\/h2>\t\t\t\t<\/div>\n\t\t\t\t<div class=\"elementor-element elementor-element-dd11ed8 elementor-widget elementor-widget-text-editor\" data-id=\"dd11ed8\" data-element_type=\"widget\" data-e-type=\"widget\" data-widget_type=\"text-editor.default\">\n\t\t\t\t\t\t\t\t\t<p>Der Edan SE-3 Elektrokardiograph funktioniert wie ein 3-Kanal-Ruhe-EKG f\u00fcr die schnelle Aufzeichnung von Standard-EKG-Kurven. Sein kompaktes Format sorgt f\u00fcr einen geringen Platzbedarf auf dem Arbeitsplatz. Der klappbare LCD-Bildschirm verbessert die Lesbarkeit w\u00e4hrend der Aufnahme.<br>Das Ger\u00e4t verf\u00fcgt \u00fcber einen integrierten Thermodrucker, der die sofortige Ausgabe der EKG-Berichte in Papierform erm\u00f6glicht. Die Batteriebetriebsdauer erm\u00f6glicht eine kontinuierliche Nutzung ohne st\u00e4ndige Abh\u00e4ngigkeit vom Stromnetz.   <\/p><p>Wichtigste technische Merkmale :<\/p><ul><li>3-Kanal-Ruhe-EKG<\/li><li>Neigbarer LCD-Bildschirm f\u00fcr optimale Lesbarkeit<\/li><li>Integrierter Thermodrucker<\/li><li>Interner Speicher f\u00fcr bis zu 500 EKGs<\/li><li>USB-, Ethernet- und RS232-Schnittstellen<\/li><li>Herzschrittmacherfunktion und Farbdisplay als Option erh\u00e4ltlich<\/li><\/ul>\t\t\t\t\t\t\t\t<\/div>\n\t\t\t\t<div class=\"elementor-element elementor-element-5b11f3a elementor-widget elementor-widget-heading\" data-id=\"5b11f3a\" data-element_type=\"widget\" data-e-type=\"widget\" data-widget_type=\"heading.default\">\n\t\t\t\t\t<h2 class=\"elementor-heading-title elementor-size-default\">Betrieb und technisches Design<\/h2>\t\t\t\t<\/div>\n\t\t\t\t<div class=\"elementor-element elementor-element-be898a3 elementor-widget elementor-widget-text-editor\" data-id=\"be898a3\" data-element_type=\"widget\" data-e-type=\"widget\" data-widget_type=\"text-editor.default\">\n\t\t\t\t\t\t\t\t\t<p>Der Edan SE-3 erm\u00f6glicht die EKG-Aufzeichnung im automatischen und manuellen Modus, was die Anpassung an interne Protokolle erleichtert. Der Export der Untersuchungen im PDF-Format \u00fcber USB-Stick verbessert das Dokumentenmanagement.<br>So k\u00f6nnen die Daten archiviert, abgerufen oder auf kompatible Computersysteme \u00fcbertragen werden. Der Anschluss eines externen Druckers \u00fcber USB erweitert die Bearbeitungsm\u00f6glichkeiten.<br>Zus\u00e4tzlich tr\u00e4gt die interne Speicherkapazit\u00e4t dazu bei, die Daten zu sichern, ohne unmittelbar auf einen externen Computer angewiesen zu sein.  <\/p>\t\t\t\t\t\t\t\t<\/div>\n\t\t\t\t<div class=\"elementor-element elementor-element-38641cb elementor-widget elementor-widget-heading\" data-id=\"38641cb\" data-element_type=\"widget\" data-e-type=\"widget\" data-widget_type=\"heading.default\">\n\t\t\t\t\t<h2 class=\"elementor-heading-title elementor-size-default\">Nutzung, Einhaltung und Empfehlungen<\/h2>\t\t\t\t<\/div>\n\t\t\t\t<div class=\"elementor-element elementor-element-28a83ca elementor-widget elementor-widget-text-editor\" data-id=\"28a83ca\" data-element_type=\"widget\" data-e-type=\"widget\" data-widget_type=\"text-editor.default\">\n\t\t\t\t\t\t\t\t\t<p>Der Edan SE-3 Elektrokardiograph wird als Medizinprodukt f\u00fcr die Funktionsdiagnostik gem\u00e4\u00df dem geltenden schweizerischen Rechtsrahmen verwendet. Als solches unterliegt sein Betrieb den Anforderungen, die f\u00fcr in der Schweiz in Verkehr gebrachte Medizinprodukte gelten.<br>Die \u00dcberwachung, Wartung und Anwendung muss daher den von den zust\u00e4ndigen Beh\u00f6rden, insbesondere dem Bundesamt f\u00fcr Gesundheit und Swissmedic, festgelegten Vorschriften entsprechen.<br>Dar\u00fcber hinaus basiert der gesetzliche Rahmen auf der Medizinprodukteverordnung (MDDV \/ MedDO), die mit den geltenden europ\u00e4ischen Vorschriften in Einklang steht. Daher tragen die regelm\u00e4\u00dfigen technischen Kontrollen zur Aufrechterhaltung der Betriebskonformit\u00e4t der Ausr\u00fcstung bei.  <br>\t\t<div data-elementor-type=\"widget\" data-elementor-id=\"59088\" class=\"elementor elementor-59088 elementor-59083 elementor-59083\" data-elementor-post-type=\"elementor_library\">\n\t\t\t\t\t\t<div class=\"elementor-element elementor-element-59083 elementor-widget elementor-widget-text-editor\" data-id=\"59083\" data-element_type=\"widget\" data-e-type=\"widget\" data-widget_type=\"text-editor.default\">\n\t\t\t\t\t\t\t\t\t<p>Weitere Informationen finden Sie unter :<\/p><ul><li><a href=\"https:\/\/www.swissmedic.ch\" target=\"_blank\" rel=\"noopener\">Swissmedic<\/a><\/li><li><a href=\"https:\/\/www.bag.admin.ch\" target=\"_blank\" rel=\"noopener\">Bundesamt f\u00fcr Gesundheit (BAG)<\/a><\/li><li><a href=\"https:\/\/www.switec.info\" target=\"_blank\" rel=\"noopener\">Schweizerisches Informationszentrum f\u00fcr technische Regeln (Switec)<\/a><\/li><li><a href=\"https:\/\/www.fedlex.admin.ch\/eli\/cc\/2020\/552\/\" target=\"_blank\" rel=\"noopener\">Verordnung \u00fcber Medizinprodukte (MDDV oder MedDO)<\/a><\/li><\/ul><p><br>Unsere Medizinprodukte haben einen autorisierten Vertreter in der Schweiz (CH-REP), gem\u00e4\u00df der geltenden schweizerischen Gesetzgebung f\u00fcr Medizinprodukte.<\/p>\t\t\t\t\t\t\t\t<\/div>\n\t\t\t\t<\/div>\n\t\t<br>Klicken Sie hier, um die <a href=\"https:\/\/swixed.ch\/de\/produkt\/sed94001\/\">regelm\u00e4\u00dfige Wartung<\/a> zu buchen.<\/p>\t\t\t\t\t\t\t\t<\/div>\n\t\t\t\t<div class=\"elementor-element elementor-element-6e9d158 elementor-widget elementor-widget-heading\" data-id=\"6e9d158\" data-element_type=\"widget\" data-e-type=\"widget\" data-widget_type=\"heading.default\">\n\t\t\t\t\t<h2 class=\"elementor-heading-title elementor-size-default\">Inhalt<\/h2>\t\t\t\t<\/div>\n\t\t\t\t<div class=\"elementor-element elementor-element-4af53c1 elementor-widget elementor-widget-text-editor\" data-id=\"4af53c1\" data-element_type=\"widget\" data-e-type=\"widget\" data-widget_type=\"text-editor.default\">\n\t\t\t\t\t\t\t\t\t<p>Der Standardlieferumfang des Edan SE-3 Elektrokardiographen umfasst das gesamte Zubeh\u00f6r, das f\u00fcr eine sofortige Inbetriebnahme erforderlich ist. So tr\u00e4gt jedes Element dazu bei, dass Sie das Ger\u00e4t gem\u00e4\u00df den Spezifikationen des Herstellers verwenden k\u00f6nnen. <\/p><p>Enthaltene Elemente :<\/p><ul><li>1 10-adriges Patientenkabel mit Bananensteckern<\/li><li>6 pr\u00e4kordiale Elektroden<\/li><li>4 Gliedma\u00dfenklammern mit eingebauten Elektroden<\/li><li>1 Rolle EKG-Papier<\/li><li>1 Bedienungsanleitung<\/li><\/ul>\t\t\t\t\t\t\t\t<\/div>\n\t\t\t\t<\/div>\n\t\t\t\t<\/div>\n\t\t\t\t<\/div>\n\t\t","protected":false},"excerpt":{"rendered":"<p>Der Edan SE-3 ist ein kompakter 3-Kanal-Ruhe-EKG-Elektrokardiograph, der f\u00fcr die Erfassung und Anzeige von EKG-Signalen in professionellen Umgebungen entwickelt wurde. Er verf\u00fcgt \u00fcber einen klappbaren LCD-Bildschirm und bietet konfigurierbare Aufzeichnungsmodi. Das Ger\u00e4t ist batteriebetrieben f\u00fcr den mobilen Einsatz und ist mit dem EKG-Zubeh\u00f6r von Edan kompatibel. Das Ger\u00e4t ist CE-zertifiziert und f\u00fcr die nicht kundenspezifische technische Integration vorgesehen.   <\/p>\n","protected":false},"featured_media":60895,"template":"","meta":{"_acf_changed":false},"product_brand":[2085],"product_cat":[954,973],"product_tag":[7699,7742,7710,7744,7702,7715,7706,7782,2277,6051],"class_list":{"0":"post-33219","1":"product","2":"type-product","3":"status-publish","4":"has-post-thumbnail","6":"product_brand-edan-de","7":"product_cat-elektrokardiographen","8":"product_cat-ruhe-ekg","9":"product_tag-12d-ekg","10":"product_tag-autonomes-ekg","11":"product_tag-diagnostisches-ekg","12":"product_tag-ekg-drucker","13":"product_tag-ekg-erfassung","14":"product_tag-ekg-untersuchung","15":"product_tag-kabel-ekg","16":"product_tag-kompaktes-ekg","17":"product_tag-ruhe-ekg","18":"product_tag-tragbares-ekg-gerat","20":"first","21":"instock","22":"taxable","23":"shipping-taxable","24":"purchasable","25":"product-type-variable","26":"has-default-attributes"},"acf":[],"yoast_head":"<!-- This site is optimized with the Yoast SEO Premium plugin v27.4 (Yoast SEO v27.4) - https:\/\/yoast.com\/product\/yoast-seo-premium-wordpress\/ -->\n<title>Elektrokardiograph Edan SE-3 Kompaktes Ruhe-EKG | Swixed SA<\/title>\n<meta name=\"description\" content=\"Der Elektrokardiograph Edan SE-3 erm\u00f6glicht die Aufzeichnung von Ruhe-EKGs mit LCD-Anzeige, integriertem Druck und sicherer interner Speicherung.\" \/>\n<meta name=\"robots\" content=\"index, follow, max-snippet:-1, max-image-preview:large, max-video-preview:-1\" \/>\n<link rel=\"canonical\" href=\"https:\/\/swixed.ch\/de\/produkt\/sed10005\/\" \/>\n<meta property=\"og:locale\" content=\"de_DE\" \/>\n<meta property=\"og:type\" content=\"article\" \/>\n<meta property=\"og:title\" content=\"Elektrokardiograph Edan SE-3 Ruhe-EKG\" \/>\n<meta property=\"og:description\" content=\"Der Elektrokardiograph Edan SE-3 erm\u00f6glicht die Aufzeichnung von Ruhe-EKGs mit LCD-Anzeige, integriertem Druck und sicherer interner Speicherung.\" \/>\n<meta property=\"og:url\" content=\"https:\/\/swixed.ch\/de\/produkt\/sed10005\/\" \/>\n<meta property=\"og:site_name\" content=\"Swixed SA\" \/>\n<meta property=\"article:publisher\" content=\"https:\/\/www.facebook.com\/swixed\" \/>\n<meta property=\"article:modified_time\" content=\"2026-03-25T18:23:57+00:00\" \/>\n<meta property=\"og:image\" content=\"https:\/\/swixed.ch\/wp-content\/uploads\/2026\/01\/SED10005-01.png\" \/>\n\t<meta property=\"og:image:width\" content=\"600\" \/>\n\t<meta property=\"og:image:height\" content=\"600\" \/>\n\t<meta property=\"og:image:type\" content=\"image\/png\" \/>\n<meta name=\"twitter:card\" content=\"summary_large_image\" \/>\n<meta name=\"twitter:label1\" content=\"Gesch\u00e4tzte Lesezeit\" \/>\n\t<meta name=\"twitter:data1\" content=\"2\u00a0Minuten\" \/>\n<script type=\"application\/ld+json\" class=\"yoast-schema-graph\">{\"@context\":\"https:\\\/\\\/schema.org\",\"@graph\":[{\"@type\":\"WebPage\",\"@id\":\"https:\\\/\\\/swixed.ch\\\/de\\\/produkt\\\/sed10005\\\/\",\"url\":\"https:\\\/\\\/swixed.ch\\\/de\\\/produkt\\\/sed10005\\\/\",\"name\":\"Elektrokardiograph Edan SE-3 Kompaktes Ruhe-EKG | Swixed SA\",\"isPartOf\":{\"@id\":\"https:\\\/\\\/swixed.ch\\\/de\\\/#website\"},\"primaryImageOfPage\":{\"@id\":\"https:\\\/\\\/swixed.ch\\\/de\\\/produkt\\\/sed10005\\\/#primaryimage\"},\"image\":{\"@id\":\"https:\\\/\\\/swixed.ch\\\/de\\\/produkt\\\/sed10005\\\/#primaryimage\"},\"thumbnailUrl\":\"https:\\\/\\\/swixed.ch\\\/wp-content\\\/uploads\\\/2026\\\/01\\\/SED10005-01.png\",\"datePublished\":\"2021-04-23T06:44:14+00:00\",\"dateModified\":\"2026-03-25T18:23:57+00:00\",\"description\":\"Der Elektrokardiograph Edan SE-3 erm\u00f6glicht die Aufzeichnung von Ruhe-EKGs mit LCD-Anzeige, integriertem Druck und sicherer interner Speicherung.\",\"breadcrumb\":{\"@id\":\"https:\\\/\\\/swixed.ch\\\/de\\\/produkt\\\/sed10005\\\/#breadcrumb\"},\"inLanguage\":\"de\",\"potentialAction\":[{\"@type\":\"ReadAction\",\"target\":[\"https:\\\/\\\/swixed.ch\\\/de\\\/produkt\\\/sed10005\\\/\"]}]},{\"@type\":\"ImageObject\",\"inLanguage\":\"de\",\"@id\":\"https:\\\/\\\/swixed.ch\\\/de\\\/produkt\\\/sed10005\\\/#primaryimage\",\"url\":\"https:\\\/\\\/swixed.ch\\\/wp-content\\\/uploads\\\/2026\\\/01\\\/SED10005-01.png\",\"contentUrl\":\"https:\\\/\\\/swixed.ch\\\/wp-content\\\/uploads\\\/2026\\\/01\\\/SED10005-01.png\",\"width\":600,\"height\":600,\"caption\":\"SED10005\"},{\"@type\":\"BreadcrumbList\",\"@id\":\"https:\\\/\\\/swixed.ch\\\/de\\\/produkt\\\/sed10005\\\/#breadcrumb\",\"itemListElement\":[{\"@type\":\"ListItem\",\"position\":1,\"name\":\"Startseite\",\"item\":\"https:\\\/\\\/swixed.ch\\\/de\\\/home\\\/\"},{\"@type\":\"ListItem\",\"position\":2,\"name\":\"Shop\",\"item\":\"https:\\\/\\\/swixed.ch\\\/de\\\/shop\\\/\"},{\"@type\":\"ListItem\",\"position\":3,\"name\":\"Elektrokardiograph Edan SE-3 Ruhe-EKG\"}]},{\"@type\":\"WebSite\",\"@id\":\"https:\\\/\\\/swixed.ch\\\/de\\\/#website\",\"url\":\"https:\\\/\\\/swixed.ch\\\/de\\\/\",\"name\":\"Swixed SA\",\"description\":\"Elektronische Ger\u00e4te\",\"publisher\":{\"@id\":\"https:\\\/\\\/swixed.ch\\\/de\\\/#organization\"},\"potentialAction\":[{\"@type\":\"SearchAction\",\"target\":{\"@type\":\"EntryPoint\",\"urlTemplate\":\"https:\\\/\\\/swixed.ch\\\/de\\\/?s={search_term_string}\"},\"query-input\":{\"@type\":\"PropertyValueSpecification\",\"valueRequired\":true,\"valueName\":\"search_term_string\"}}],\"inLanguage\":\"de\"},{\"@type\":\"Organization\",\"@id\":\"https:\\\/\\\/swixed.ch\\\/de\\\/#organization\",\"name\":\"Swixed SA\",\"url\":\"https:\\\/\\\/swixed.ch\\\/de\\\/\",\"logo\":{\"@type\":\"ImageObject\",\"inLanguage\":\"de\",\"@id\":\"https:\\\/\\\/swixed.ch\\\/de\\\/#\\\/schema\\\/logo\\\/image\\\/\",\"url\":\"https:\\\/\\\/swixed.ch\\\/wp-content\\\/uploads\\\/logos\\\/swixed-logo-lite.png\",\"contentUrl\":\"https:\\\/\\\/swixed.ch\\\/wp-content\\\/uploads\\\/logos\\\/swixed-logo-lite.png\",\"width\":696,\"height\":696,\"caption\":\"Swixed SA\"},\"image\":{\"@id\":\"https:\\\/\\\/swixed.ch\\\/de\\\/#\\\/schema\\\/logo\\\/image\\\/\"},\"sameAs\":[\"https:\\\/\\\/www.facebook.com\\\/swixed\",\"https:\\\/\\\/www.linkedin.com\\\/company\\\/swixed\",\"https:\\\/\\\/www.youtube.com\\\/@swixedsa\"],\"description\":\"Swixed SA est une entreprise suisse bas\u00e9e \u00e0 Gen\u00e8ve, sp\u00e9cialis\u00e9e dans la vente, la location et la maintenance d\u2019appareils m\u00e9dicaux professionnels, tels que d\u00e9fibrillateurs AED, \u00e9lectrocardiographes, moniteurs patient et dispositifs de diagnostic.\",\"email\":\"infoshop@swixed.ch\",\"telephone\":\"+41 22 566 11 95\",\"legalName\":\"Swixed SA\",\"foundingDate\":\"2021-03-01\",\"numberOfEmployees\":{\"@type\":\"QuantitativeValue\",\"minValue\":\"1\",\"maxValue\":\"10\"}}]}<\/script>\n<!-- \/ Yoast SEO Premium plugin. -->","yoast_head_json":{"title":"Elektrokardiograph Edan SE-3 Kompaktes Ruhe-EKG | Swixed SA","description":"Der Elektrokardiograph Edan SE-3 erm\u00f6glicht die Aufzeichnung von Ruhe-EKGs mit LCD-Anzeige, integriertem Druck und sicherer interner Speicherung.","robots":{"index":"index","follow":"follow","max-snippet":"max-snippet:-1","max-image-preview":"max-image-preview:large","max-video-preview":"max-video-preview:-1"},"canonical":"https:\/\/swixed.ch\/de\/produkt\/sed10005\/","og_locale":"de_DE","og_type":"article","og_title":"Elektrokardiograph Edan SE-3 Ruhe-EKG","og_description":"Der Elektrokardiograph Edan SE-3 erm\u00f6glicht die Aufzeichnung von Ruhe-EKGs mit LCD-Anzeige, integriertem Druck und sicherer interner Speicherung.","og_url":"https:\/\/swixed.ch\/de\/produkt\/sed10005\/","og_site_name":"Swixed SA","article_publisher":"https:\/\/www.facebook.com\/swixed","article_modified_time":"2026-03-25T18:23:57+00:00","og_image":[{"width":600,"height":600,"url":"https:\/\/swixed.ch\/wp-content\/uploads\/2026\/01\/SED10005-01.png","type":"image\/png"}],"twitter_card":"summary_large_image","twitter_misc":{"Gesch\u00e4tzte Lesezeit":"2\u00a0Minuten"},"schema":{"@context":"https:\/\/schema.org","@graph":[{"@type":"WebPage","@id":"https:\/\/swixed.ch\/de\/produkt\/sed10005\/","url":"https:\/\/swixed.ch\/de\/produkt\/sed10005\/","name":"Elektrokardiograph Edan SE-3 Kompaktes Ruhe-EKG | Swixed SA","isPartOf":{"@id":"https:\/\/swixed.ch\/de\/#website"},"primaryImageOfPage":{"@id":"https:\/\/swixed.ch\/de\/produkt\/sed10005\/#primaryimage"},"image":{"@id":"https:\/\/swixed.ch\/de\/produkt\/sed10005\/#primaryimage"},"thumbnailUrl":"https:\/\/swixed.ch\/wp-content\/uploads\/2026\/01\/SED10005-01.png","datePublished":"2021-04-23T06:44:14+00:00","dateModified":"2026-03-25T18:23:57+00:00","description":"Der Elektrokardiograph Edan SE-3 erm\u00f6glicht die Aufzeichnung von Ruhe-EKGs mit LCD-Anzeige, integriertem Druck und sicherer interner Speicherung.","breadcrumb":{"@id":"https:\/\/swixed.ch\/de\/produkt\/sed10005\/#breadcrumb"},"inLanguage":"de","potentialAction":[{"@type":"ReadAction","target":["https:\/\/swixed.ch\/de\/produkt\/sed10005\/"]}]},{"@type":"ImageObject","inLanguage":"de","@id":"https:\/\/swixed.ch\/de\/produkt\/sed10005\/#primaryimage","url":"https:\/\/swixed.ch\/wp-content\/uploads\/2026\/01\/SED10005-01.png","contentUrl":"https:\/\/swixed.ch\/wp-content\/uploads\/2026\/01\/SED10005-01.png","width":600,"height":600,"caption":"SED10005"},{"@type":"BreadcrumbList","@id":"https:\/\/swixed.ch\/de\/produkt\/sed10005\/#breadcrumb","itemListElement":[{"@type":"ListItem","position":1,"name":"Startseite","item":"https:\/\/swixed.ch\/de\/home\/"},{"@type":"ListItem","position":2,"name":"Shop","item":"https:\/\/swixed.ch\/de\/shop\/"},{"@type":"ListItem","position":3,"name":"Elektrokardiograph Edan SE-3 Ruhe-EKG"}]},{"@type":"WebSite","@id":"https:\/\/swixed.ch\/de\/#website","url":"https:\/\/swixed.ch\/de\/","name":"Swixed SA","description":"Elektronische Ger\u00e4te","publisher":{"@id":"https:\/\/swixed.ch\/de\/#organization"},"potentialAction":[{"@type":"SearchAction","target":{"@type":"EntryPoint","urlTemplate":"https:\/\/swixed.ch\/de\/?s={search_term_string}"},"query-input":{"@type":"PropertyValueSpecification","valueRequired":true,"valueName":"search_term_string"}}],"inLanguage":"de"},{"@type":"Organization","@id":"https:\/\/swixed.ch\/de\/#organization","name":"Swixed SA","url":"https:\/\/swixed.ch\/de\/","logo":{"@type":"ImageObject","inLanguage":"de","@id":"https:\/\/swixed.ch\/de\/#\/schema\/logo\/image\/","url":"https:\/\/swixed.ch\/wp-content\/uploads\/logos\/swixed-logo-lite.png","contentUrl":"https:\/\/swixed.ch\/wp-content\/uploads\/logos\/swixed-logo-lite.png","width":696,"height":696,"caption":"Swixed SA"},"image":{"@id":"https:\/\/swixed.ch\/de\/#\/schema\/logo\/image\/"},"sameAs":["https:\/\/www.facebook.com\/swixed","https:\/\/www.linkedin.com\/company\/swixed","https:\/\/www.youtube.com\/@swixedsa"],"description":"Swixed SA est une entreprise suisse bas\u00e9e \u00e0 Gen\u00e8ve, sp\u00e9cialis\u00e9e dans la vente, la location et la maintenance d\u2019appareils m\u00e9dicaux professionnels, tels que d\u00e9fibrillateurs AED, \u00e9lectrocardiographes, moniteurs patient et dispositifs de diagnostic.","email":"infoshop@swixed.ch","telephone":"+41 22 566 11 95","legalName":"Swixed SA","foundingDate":"2021-03-01","numberOfEmployees":{"@type":"QuantitativeValue","minValue":"1","maxValue":"10"}}]}},"_links":{"self":[{"href":"https:\/\/swixed.ch\/de\/wp-json\/wp\/v2\/product\/33219","targetHints":{"allow":["GET"]}}],"collection":[{"href":"https:\/\/swixed.ch\/de\/wp-json\/wp\/v2\/product"}],"about":[{"href":"https:\/\/swixed.ch\/de\/wp-json\/wp\/v2\/types\/product"}],"version-history":[{"count":0,"href":"https:\/\/swixed.ch\/de\/wp-json\/wp\/v2\/product\/33219\/revisions"}],"wp:featuredmedia":[{"embeddable":true,"href":"https:\/\/swixed.ch\/de\/wp-json\/wp\/v2\/media\/60895"}],"wp:attachment":[{"href":"https:\/\/swixed.ch\/de\/wp-json\/wp\/v2\/media?parent=33219"}],"wp:term":[{"taxonomy":"product_brand","embeddable":true,"href":"https:\/\/swixed.ch\/de\/wp-json\/wp\/v2\/product_brand?post=33219"},{"taxonomy":"product_cat","embeddable":true,"href":"https:\/\/swixed.ch\/de\/wp-json\/wp\/v2\/product_cat?post=33219"},{"taxonomy":"product_tag","embeddable":true,"href":"https:\/\/swixed.ch\/de\/wp-json\/wp\/v2\/product_tag?post=33219"}],"curies":[{"name":"wp","href":"https:\/\/api.w.org\/{rel}","templated":true}]}}