{"id":33225,"date":"2021-04-21T19:46:47","date_gmt":"2021-04-21T17:46:47","guid":{"rendered":"https:\/\/swixed.com\/produit\/ruhe-ekg-edan-se-301\/"},"modified":"2026-04-19T16:10:58","modified_gmt":"2026-04-19T15:10:58","slug":"sed10001","status":"publish","type":"product","link":"https:\/\/swixed.ch\/de\/produkt\/sed10001\/","title":{"rendered":"Elektrokardiograph Edan SE-301 Ruhe-EKG"},"content":{"rendered":"\t\t<div data-elementor-type=\"product-post\" data-elementor-id=\"33225\" class=\"elementor elementor-33225 elementor-2837\" data-elementor-post-type=\"product\">\n\t\t\t\t<div class=\"elementor-element elementor-element-4a86844 e-con-full e-flex e-con e-parent\" data-id=\"4a86844\" data-element_type=\"container\" data-e-type=\"container\">\n\t\t<div class=\"elementor-element elementor-element-1268fa9 e-con-full e-flex e-con e-child\" data-id=\"1268fa9\" data-element_type=\"container\" data-e-type=\"container\">\n\t\t\t\t<div class=\"elementor-element elementor-element-eabf58b elementor-widget elementor-widget-heading\" data-id=\"eabf58b\" data-element_type=\"widget\" data-e-type=\"widget\" data-widget_type=\"heading.default\">\n\t\t\t\t\t<h2 class=\"elementor-heading-title elementor-size-default\">Hauptmerkmale<\/h2>\t\t\t\t<\/div>\n\t\t\t\t<div class=\"elementor-element elementor-element-659ff4c elementor-widget elementor-widget-text-editor\" data-id=\"659ff4c\" data-element_type=\"widget\" data-e-type=\"widget\" data-widget_type=\"text-editor.default\">\n\t\t\t\t\t\t\t\t\t<p>Der Elektrokardiograph Edan SE-301 wurde f\u00fcr professionelle medizinische Umgebungen entwickelt, in denen ein zuverl\u00e4ssiges und kompaktes Ruhe-EKG ben\u00f6tigt wird. Zun\u00e4chst einmal erleichtert sein leichtes Format und seine geringe Gr\u00f6\u00dfe die Installation an verschiedenen Arbeitspl\u00e4tzen. Zweitens verbessert der Farb-Touchscreen die Lesbarkeit der EKG-Kurven und beschleunigt die Navigation durch die Men\u00fcs.<br>Dar\u00fcber hinaus verf\u00fcgt das Ger\u00e4t \u00fcber einen internen Speicher, der die lokale Archivierung von Untersuchungen erm\u00f6glicht, ohne dass eine unmittelbare Abh\u00e4ngigkeit von einem externen System besteht. Das Design entspricht den g\u00e4ngigen Anforderungen an EKG-Ger\u00e4te, die in der klinischen Standardpraxis eingesetzt werden.   <\/p><p>Hauptmerkmale :<\/p><ul><li>3-Kanal-Ruhe-EKG<\/li><li>5-Zoll-Farb-Touchscreen<\/li><li>Kompaktes Format und geringes Gewicht<\/li><li>Interner Speicher f\u00fcr die Archivierung von EKGs<\/li><li>Stromversorgung durch wiederaufladbare Batterie<\/li><\/ul>\t\t\t\t\t\t\t\t<\/div>\n\t\t\t\t<div class=\"elementor-element elementor-element-14ced0e elementor-widget elementor-widget-heading\" data-id=\"14ced0e\" data-element_type=\"widget\" data-e-type=\"widget\" data-widget_type=\"heading.default\">\n\t\t\t\t\t<h2 class=\"elementor-heading-title elementor-size-default\">Betrieb und technisches Design<\/h2>\t\t\t\t<\/div>\n\t\t\t\t<div class=\"elementor-element elementor-element-bd08a92 elementor-widget elementor-widget-text-editor\" data-id=\"bd08a92\" data-element_type=\"widget\" data-e-type=\"widget\" data-widget_type=\"text-editor.default\">\n\t\t\t\t\t\t\t\t\t<p>Der Edan SE-301 bietet mehrere Aufzeichnungsmodi, um sich an die jeweiligen Protokolle anzupassen. So kann der Benutzer je nach interner Organisation einen manuellen oder automatischen Modus w\u00e4hlen. Dar\u00fcber hinaus erm\u00f6glicht das Ger\u00e4t den Export von EKG-Untersuchungen in digitaler Form, was die Dokumentationsverwaltung vereinfacht.<br>Verschiedene Kommunikationsschnittstellen erleichtern die Integration in ein bestehendes Netzwerk. Eine Software-Option zur Unterst\u00fctzung der Interpretation kann je nach Konfiguration der Einrichtung hinzugef\u00fcgt werden.   <\/p><p>Verf\u00fcgbare Funktionen :<\/p><ul><li>Manuelle oder automatische EKG-Aufzeichnung<\/li><li>Export von Berichten im PDF-Format<\/li><li>USB-, Ethernet- und Micro-SD-Karten-Anschluss<\/li><li>Optionale Wi-Fi-Konnektivit\u00e4t<\/li><li>Dolmetscherfunktion als Option verf\u00fcgbar<\/li><\/ul>\t\t\t\t\t\t\t\t<\/div>\n\t\t\t\t<div class=\"elementor-element elementor-element-fabcd17 elementor-widget elementor-widget-heading\" data-id=\"fabcd17\" data-element_type=\"widget\" data-e-type=\"widget\" data-widget_type=\"heading.default\">\n\t\t\t\t\t<h2 class=\"elementor-heading-title elementor-size-default\">Nutzung, Einhaltung und Empfehlungen<\/h2>\t\t\t\t<\/div>\n\t\t\t\t<div class=\"elementor-element elementor-element-0ff8bec elementor-widget elementor-widget-text-editor\" data-id=\"0ff8bec\" data-element_type=\"widget\" data-e-type=\"widget\" data-widget_type=\"text-editor.default\">\n\t\t\t\t\t\t\t\t\t<p>Die Verwendung eines Edan SE-301 Elektrokardiographen in der Schweiz unterliegt den Vorschriften f\u00fcr Medizinprodukte. Zun\u00e4chst legt die Medizinprodukteverordnung (MepV\/MedDV) die allgemeinen Anforderungen f\u00fcr das Inverkehrbringen und die Anwendung fest.<br>Zweitens \u00fcberwacht Swissmedic die Medizinprodukte, w\u00e4hrend das Bundesamt f\u00fcr Gesundheit (BAG) allgemeine Gesundheitsempfehlungen herausgibt. Dar\u00fcber hinaus stellt das Schweizerische Informationszentrum f\u00fcr technische Regeln (Switec) Informationen \u00fcber die geltenden technischen Normen zur Verf\u00fcgung.  <br>\t\t<div data-elementor-type=\"widget\" data-elementor-id=\"59088\" class=\"elementor elementor-59088 elementor-59083 elementor-59083\" data-elementor-post-type=\"elementor_library\">\n\t\t\t\t\t\t<div class=\"elementor-element elementor-element-59083 elementor-widget elementor-widget-text-editor\" data-id=\"59083\" data-element_type=\"widget\" data-e-type=\"widget\" data-widget_type=\"text-editor.default\">\n\t\t\t\t\t\t\t\t\t<p>Weitere Informationen finden Sie unter :<\/p><ul><li><a href=\"https:\/\/www.swissmedic.ch\" target=\"_blank\" rel=\"noopener\">Swissmedic<\/a><\/li><li><a href=\"https:\/\/www.bag.admin.ch\" target=\"_blank\" rel=\"noopener\">Bundesamt f\u00fcr Gesundheit (BAG)<\/a><\/li><li><a href=\"https:\/\/www.switec.info\" target=\"_blank\" rel=\"noopener\">Schweizerisches Informationszentrum f\u00fcr technische Regeln (Switec)<\/a><\/li><li><a href=\"https:\/\/www.fedlex.admin.ch\/eli\/cc\/2020\/552\/\" target=\"_blank\" rel=\"noopener\">Verordnung \u00fcber Medizinprodukte (MDDV oder MedDO)<\/a><\/li><\/ul><p><br>Unsere Medizinprodukte haben einen autorisierten Vertreter in der Schweiz (CH-REP), gem\u00e4\u00df der geltenden schweizerischen Gesetzgebung f\u00fcr Medizinprodukte.<\/p>\t\t\t\t\t\t\t\t<\/div>\n\t\t\t\t<\/div>\n\t\t<br>Klicken Sie hier, um die <a href=\"https:\/\/swixed.ch\/de\/produkt\/sed94001\/\">regelm\u00e4\u00dfige Wartung<\/a> zu buchen.<\/p>\t\t\t\t\t\t\t\t<\/div>\n\t\t\t\t<div class=\"elementor-element elementor-element-1e841cc elementor-widget elementor-widget-heading\" data-id=\"1e841cc\" data-element_type=\"widget\" data-e-type=\"widget\" data-widget_type=\"heading.default\">\n\t\t\t\t\t<h2 class=\"elementor-heading-title elementor-size-default\">Inhalt<\/h2>\t\t\t\t<\/div>\n\t\t\t\t<div class=\"elementor-element elementor-element-131acb1 elementor-widget elementor-widget-text-editor\" data-id=\"131acb1\" data-element_type=\"widget\" data-e-type=\"widget\" data-widget_type=\"text-editor.default\">\n\t\t\t\t\t\t\t\t\t<p>Der Edan SE-301 wird mit dem Zubeh\u00f6r geliefert, das f\u00fcr eine Standardinbetriebnahme erforderlich ist. Jedes Element erm\u00f6glicht die Verwendung gem\u00e4\u00df den Spezifikationen des Herstellers. So kann das Ger\u00e4t schnell in einer medizinisch ausgestatteten Umgebung installiert werden, ohne dass sofort zus\u00e4tzliche Hardware hinzugef\u00fcgt werden muss.  <\/p><p>Enthaltene Elemente :<\/p><ul><li>Elektrokardiograph Edan SE-301<\/li><li>1 10-adriges Patientenkabel mit Bananensteckern<\/li><li>6 pr\u00e4kordiale Elektroden<\/li><li>4 Gliedma\u00dfenklammern mit eingebauten Elektroden<\/li><li>1 Rolle EKG-Papier<\/li><li>1 Bedienungsanleitung<\/li><\/ul>\t\t\t\t\t\t\t\t<\/div>\n\t\t\t\t<\/div>\n\t\t\t\t<\/div>\n\t\t\t\t<\/div>\n\t\t","protected":false},"excerpt":{"rendered":"<p>Der Elektrokardiograph Edan SE-301 ist ein kompaktes 3-Kanal-Ruhe-EKG-Ger\u00e4t, das f\u00fcr die Aufzeichnung und Archivierung von Standard-EKG-Kurven entwickelt wurde. Mit seinem 5-Zoll-Touchscreen, dem gro\u00dfen internen Speicher und den kabelgebundenen und kabellosen Kommunikationsschnittstellen erm\u00f6glicht er eine strukturierte Verwaltung der Untersuchungen. Sein leichtes und eigenst\u00e4ndiges Format erleichtert den Einsatz in verschiedenen professionellen medizinischen Umgebungen.  <\/p>\n","protected":false},"featured_media":61612,"template":"","meta":{"_acf_changed":false},"product_brand":[2085],"product_cat":[954,973],"product_tag":[7699,7742,7710,7744,7702,7715,7706,7782,2277,6051],"class_list":{"0":"post-33225","1":"product","2":"type-product","3":"status-publish","4":"has-post-thumbnail","6":"product_brand-edan-de","7":"product_cat-elektrokardiographen","8":"product_cat-ruhe-ekg","9":"product_tag-12d-ekg","10":"product_tag-autonomes-ekg","11":"product_tag-diagnostisches-ekg","12":"product_tag-ekg-drucker","13":"product_tag-ekg-erfassung","14":"product_tag-ekg-untersuchung","15":"product_tag-kabel-ekg","16":"product_tag-kompaktes-ekg","17":"product_tag-ruhe-ekg","18":"product_tag-tragbares-ekg-gerat","20":"first","21":"instock","22":"sale","23":"taxable","24":"shipping-taxable","25":"purchasable","26":"product-type-variable","27":"has-default-attributes"},"acf":[],"yoast_head":"<!-- This site is optimized with the Yoast SEO Premium plugin v27.4 (Yoast SEO v27.4) - https:\/\/yoast.com\/product\/yoast-seo-premium-wordpress\/ -->\n<title>Elektrokardiograph Edan SE-301 - Kompaktes Ruhe-EKG | Swixed SA<\/title>\n<meta name=\"description\" content=\"Kompaktes Ruhe-EKG Edan SE-301 mit 3 Kan\u00e4len, Touchscreen, internem Speicher und USB-Anschluss f\u00fcr den professionellen Gebrauch.\" \/>\n<meta name=\"robots\" content=\"index, follow, max-snippet:-1, max-image-preview:large, max-video-preview:-1\" \/>\n<link rel=\"canonical\" href=\"https:\/\/swixed.ch\/de\/produkt\/sed10001\/\" \/>\n<meta property=\"og:locale\" content=\"de_DE\" \/>\n<meta property=\"og:type\" content=\"article\" \/>\n<meta property=\"og:title\" content=\"Elektrokardiograph Edan SE-301 Ruhe-EKG\" \/>\n<meta property=\"og:description\" content=\"Kompaktes Ruhe-EKG Edan SE-301 mit 3 Kan\u00e4len, Touchscreen, internem Speicher und USB-Anschluss f\u00fcr den professionellen Gebrauch.\" \/>\n<meta property=\"og:url\" content=\"https:\/\/swixed.ch\/de\/produkt\/sed10001\/\" \/>\n<meta property=\"og:site_name\" content=\"Swixed SA\" \/>\n<meta property=\"article:publisher\" content=\"https:\/\/www.facebook.com\/swixed\" \/>\n<meta property=\"article:modified_time\" content=\"2026-04-19T15:10:58+00:00\" \/>\n<meta property=\"og:image\" content=\"https:\/\/swixed.ch\/wp-content\/uploads\/2026\/01\/SED10001-01.png\" \/>\n\t<meta property=\"og:image:width\" content=\"600\" \/>\n\t<meta property=\"og:image:height\" content=\"600\" \/>\n\t<meta property=\"og:image:type\" content=\"image\/png\" \/>\n<meta name=\"twitter:card\" content=\"summary_large_image\" \/>\n<meta name=\"twitter:label1\" content=\"Gesch\u00e4tzte Lesezeit\" \/>\n\t<meta name=\"twitter:data1\" content=\"2\u00a0Minuten\" \/>\n<script type=\"application\/ld+json\" class=\"yoast-schema-graph\">{\"@context\":\"https:\\\/\\\/schema.org\",\"@graph\":[{\"@type\":\"WebPage\",\"@id\":\"https:\\\/\\\/swixed.ch\\\/de\\\/produkt\\\/sed10001\\\/\",\"url\":\"https:\\\/\\\/swixed.ch\\\/de\\\/produkt\\\/sed10001\\\/\",\"name\":\"Elektrokardiograph Edan SE-301 - Kompaktes Ruhe-EKG | Swixed SA\",\"isPartOf\":{\"@id\":\"https:\\\/\\\/swixed.ch\\\/de\\\/#website\"},\"primaryImageOfPage\":{\"@id\":\"https:\\\/\\\/swixed.ch\\\/de\\\/produkt\\\/sed10001\\\/#primaryimage\"},\"image\":{\"@id\":\"https:\\\/\\\/swixed.ch\\\/de\\\/produkt\\\/sed10001\\\/#primaryimage\"},\"thumbnailUrl\":\"https:\\\/\\\/swixed.ch\\\/wp-content\\\/uploads\\\/2026\\\/01\\\/SED10001-01.png\",\"datePublished\":\"2021-04-21T17:46:47+00:00\",\"dateModified\":\"2026-04-19T15:10:58+00:00\",\"description\":\"Kompaktes Ruhe-EKG Edan SE-301 mit 3 Kan\u00e4len, Touchscreen, internem Speicher und USB-Anschluss f\u00fcr den professionellen Gebrauch.\",\"breadcrumb\":{\"@id\":\"https:\\\/\\\/swixed.ch\\\/de\\\/produkt\\\/sed10001\\\/#breadcrumb\"},\"inLanguage\":\"de\",\"potentialAction\":[{\"@type\":\"ReadAction\",\"target\":[\"https:\\\/\\\/swixed.ch\\\/de\\\/produkt\\\/sed10001\\\/\"]}]},{\"@type\":\"ImageObject\",\"inLanguage\":\"de\",\"@id\":\"https:\\\/\\\/swixed.ch\\\/de\\\/produkt\\\/sed10001\\\/#primaryimage\",\"url\":\"https:\\\/\\\/swixed.ch\\\/wp-content\\\/uploads\\\/2026\\\/01\\\/SED10001-01.png\",\"contentUrl\":\"https:\\\/\\\/swixed.ch\\\/wp-content\\\/uploads\\\/2026\\\/01\\\/SED10001-01.png\",\"width\":600,\"height\":600,\"caption\":\"SED10001\"},{\"@type\":\"BreadcrumbList\",\"@id\":\"https:\\\/\\\/swixed.ch\\\/de\\\/produkt\\\/sed10001\\\/#breadcrumb\",\"itemListElement\":[{\"@type\":\"ListItem\",\"position\":1,\"name\":\"Startseite\",\"item\":\"https:\\\/\\\/swixed.ch\\\/de\\\/home\\\/\"},{\"@type\":\"ListItem\",\"position\":2,\"name\":\"Shop\",\"item\":\"https:\\\/\\\/swixed.ch\\\/de\\\/shop\\\/\"},{\"@type\":\"ListItem\",\"position\":3,\"name\":\"Elektrokardiograph Edan SE-301 Ruhe-EKG\"}]},{\"@type\":\"WebSite\",\"@id\":\"https:\\\/\\\/swixed.ch\\\/de\\\/#website\",\"url\":\"https:\\\/\\\/swixed.ch\\\/de\\\/\",\"name\":\"Swixed SA\",\"description\":\"Elektronische Ger\u00e4te\",\"publisher\":{\"@id\":\"https:\\\/\\\/swixed.ch\\\/de\\\/#organization\"},\"potentialAction\":[{\"@type\":\"SearchAction\",\"target\":{\"@type\":\"EntryPoint\",\"urlTemplate\":\"https:\\\/\\\/swixed.ch\\\/de\\\/?s={search_term_string}\"},\"query-input\":{\"@type\":\"PropertyValueSpecification\",\"valueRequired\":true,\"valueName\":\"search_term_string\"}}],\"inLanguage\":\"de\"},{\"@type\":\"Organization\",\"@id\":\"https:\\\/\\\/swixed.ch\\\/de\\\/#organization\",\"name\":\"Swixed SA\",\"url\":\"https:\\\/\\\/swixed.ch\\\/de\\\/\",\"logo\":{\"@type\":\"ImageObject\",\"inLanguage\":\"de\",\"@id\":\"https:\\\/\\\/swixed.ch\\\/de\\\/#\\\/schema\\\/logo\\\/image\\\/\",\"url\":\"https:\\\/\\\/swixed.ch\\\/wp-content\\\/uploads\\\/logos\\\/swixed-logo-lite.png\",\"contentUrl\":\"https:\\\/\\\/swixed.ch\\\/wp-content\\\/uploads\\\/logos\\\/swixed-logo-lite.png\",\"width\":696,\"height\":696,\"caption\":\"Swixed SA\"},\"image\":{\"@id\":\"https:\\\/\\\/swixed.ch\\\/de\\\/#\\\/schema\\\/logo\\\/image\\\/\"},\"sameAs\":[\"https:\\\/\\\/www.facebook.com\\\/swixed\",\"https:\\\/\\\/www.linkedin.com\\\/company\\\/swixed\",\"https:\\\/\\\/www.youtube.com\\\/@swixedsa\"],\"description\":\"Swixed SA est une entreprise suisse bas\u00e9e \u00e0 Gen\u00e8ve, sp\u00e9cialis\u00e9e dans la vente, la location et la maintenance d\u2019appareils m\u00e9dicaux professionnels, tels que d\u00e9fibrillateurs AED, \u00e9lectrocardiographes, moniteurs patient et dispositifs de diagnostic.\",\"email\":\"infoshop@swixed.ch\",\"telephone\":\"+41 22 566 11 95\",\"legalName\":\"Swixed SA\",\"foundingDate\":\"2021-03-01\",\"numberOfEmployees\":{\"@type\":\"QuantitativeValue\",\"minValue\":\"1\",\"maxValue\":\"10\"}}]}<\/script>\n<!-- \/ Yoast SEO Premium plugin. -->","yoast_head_json":{"title":"Elektrokardiograph Edan SE-301 - Kompaktes Ruhe-EKG | Swixed SA","description":"Kompaktes Ruhe-EKG Edan SE-301 mit 3 Kan\u00e4len, Touchscreen, internem Speicher und USB-Anschluss f\u00fcr den professionellen Gebrauch.","robots":{"index":"index","follow":"follow","max-snippet":"max-snippet:-1","max-image-preview":"max-image-preview:large","max-video-preview":"max-video-preview:-1"},"canonical":"https:\/\/swixed.ch\/de\/produkt\/sed10001\/","og_locale":"de_DE","og_type":"article","og_title":"Elektrokardiograph Edan SE-301 Ruhe-EKG","og_description":"Kompaktes Ruhe-EKG Edan SE-301 mit 3 Kan\u00e4len, Touchscreen, internem Speicher und USB-Anschluss f\u00fcr den professionellen Gebrauch.","og_url":"https:\/\/swixed.ch\/de\/produkt\/sed10001\/","og_site_name":"Swixed SA","article_publisher":"https:\/\/www.facebook.com\/swixed","article_modified_time":"2026-04-19T15:10:58+00:00","og_image":[{"width":600,"height":600,"url":"https:\/\/swixed.ch\/wp-content\/uploads\/2026\/01\/SED10001-01.png","type":"image\/png"}],"twitter_card":"summary_large_image","twitter_misc":{"Gesch\u00e4tzte Lesezeit":"2\u00a0Minuten"},"schema":{"@context":"https:\/\/schema.org","@graph":[{"@type":"WebPage","@id":"https:\/\/swixed.ch\/de\/produkt\/sed10001\/","url":"https:\/\/swixed.ch\/de\/produkt\/sed10001\/","name":"Elektrokardiograph Edan SE-301 - Kompaktes Ruhe-EKG | Swixed SA","isPartOf":{"@id":"https:\/\/swixed.ch\/de\/#website"},"primaryImageOfPage":{"@id":"https:\/\/swixed.ch\/de\/produkt\/sed10001\/#primaryimage"},"image":{"@id":"https:\/\/swixed.ch\/de\/produkt\/sed10001\/#primaryimage"},"thumbnailUrl":"https:\/\/swixed.ch\/wp-content\/uploads\/2026\/01\/SED10001-01.png","datePublished":"2021-04-21T17:46:47+00:00","dateModified":"2026-04-19T15:10:58+00:00","description":"Kompaktes Ruhe-EKG Edan SE-301 mit 3 Kan\u00e4len, Touchscreen, internem Speicher und USB-Anschluss f\u00fcr den professionellen Gebrauch.","breadcrumb":{"@id":"https:\/\/swixed.ch\/de\/produkt\/sed10001\/#breadcrumb"},"inLanguage":"de","potentialAction":[{"@type":"ReadAction","target":["https:\/\/swixed.ch\/de\/produkt\/sed10001\/"]}]},{"@type":"ImageObject","inLanguage":"de","@id":"https:\/\/swixed.ch\/de\/produkt\/sed10001\/#primaryimage","url":"https:\/\/swixed.ch\/wp-content\/uploads\/2026\/01\/SED10001-01.png","contentUrl":"https:\/\/swixed.ch\/wp-content\/uploads\/2026\/01\/SED10001-01.png","width":600,"height":600,"caption":"SED10001"},{"@type":"BreadcrumbList","@id":"https:\/\/swixed.ch\/de\/produkt\/sed10001\/#breadcrumb","itemListElement":[{"@type":"ListItem","position":1,"name":"Startseite","item":"https:\/\/swixed.ch\/de\/home\/"},{"@type":"ListItem","position":2,"name":"Shop","item":"https:\/\/swixed.ch\/de\/shop\/"},{"@type":"ListItem","position":3,"name":"Elektrokardiograph Edan SE-301 Ruhe-EKG"}]},{"@type":"WebSite","@id":"https:\/\/swixed.ch\/de\/#website","url":"https:\/\/swixed.ch\/de\/","name":"Swixed SA","description":"Elektronische Ger\u00e4te","publisher":{"@id":"https:\/\/swixed.ch\/de\/#organization"},"potentialAction":[{"@type":"SearchAction","target":{"@type":"EntryPoint","urlTemplate":"https:\/\/swixed.ch\/de\/?s={search_term_string}"},"query-input":{"@type":"PropertyValueSpecification","valueRequired":true,"valueName":"search_term_string"}}],"inLanguage":"de"},{"@type":"Organization","@id":"https:\/\/swixed.ch\/de\/#organization","name":"Swixed SA","url":"https:\/\/swixed.ch\/de\/","logo":{"@type":"ImageObject","inLanguage":"de","@id":"https:\/\/swixed.ch\/de\/#\/schema\/logo\/image\/","url":"https:\/\/swixed.ch\/wp-content\/uploads\/logos\/swixed-logo-lite.png","contentUrl":"https:\/\/swixed.ch\/wp-content\/uploads\/logos\/swixed-logo-lite.png","width":696,"height":696,"caption":"Swixed SA"},"image":{"@id":"https:\/\/swixed.ch\/de\/#\/schema\/logo\/image\/"},"sameAs":["https:\/\/www.facebook.com\/swixed","https:\/\/www.linkedin.com\/company\/swixed","https:\/\/www.youtube.com\/@swixedsa"],"description":"Swixed SA est une entreprise suisse bas\u00e9e \u00e0 Gen\u00e8ve, sp\u00e9cialis\u00e9e dans la vente, la location et la maintenance d\u2019appareils m\u00e9dicaux professionnels, tels que d\u00e9fibrillateurs AED, \u00e9lectrocardiographes, moniteurs patient et dispositifs de diagnostic.","email":"infoshop@swixed.ch","telephone":"+41 22 566 11 95","legalName":"Swixed SA","foundingDate":"2021-03-01","numberOfEmployees":{"@type":"QuantitativeValue","minValue":"1","maxValue":"10"}}]}},"_links":{"self":[{"href":"https:\/\/swixed.ch\/de\/wp-json\/wp\/v2\/product\/33225","targetHints":{"allow":["GET"]}}],"collection":[{"href":"https:\/\/swixed.ch\/de\/wp-json\/wp\/v2\/product"}],"about":[{"href":"https:\/\/swixed.ch\/de\/wp-json\/wp\/v2\/types\/product"}],"version-history":[{"count":0,"href":"https:\/\/swixed.ch\/de\/wp-json\/wp\/v2\/product\/33225\/revisions"}],"wp:featuredmedia":[{"embeddable":true,"href":"https:\/\/swixed.ch\/de\/wp-json\/wp\/v2\/media\/61612"}],"wp:attachment":[{"href":"https:\/\/swixed.ch\/de\/wp-json\/wp\/v2\/media?parent=33225"}],"wp:term":[{"taxonomy":"product_brand","embeddable":true,"href":"https:\/\/swixed.ch\/de\/wp-json\/wp\/v2\/product_brand?post=33225"},{"taxonomy":"product_cat","embeddable":true,"href":"https:\/\/swixed.ch\/de\/wp-json\/wp\/v2\/product_cat?post=33225"},{"taxonomy":"product_tag","embeddable":true,"href":"https:\/\/swixed.ch\/de\/wp-json\/wp\/v2\/product_tag?post=33225"}],"curies":[{"name":"wp","href":"https:\/\/api.w.org\/{rel}","templated":true}]}}