{"id":33257,"date":"2021-04-20T17:13:22","date_gmt":"2021-04-20T15:13:22","guid":{"rendered":"https:\/\/swixed.com\/produit\/infrarot-ohrthermometer-swixed-tympatherm-200\/"},"modified":"2026-03-18T01:21:13","modified_gmt":"2026-03-18T00:21:13","slug":"sed75200","status":"publish","type":"product","link":"https:\/\/swixed.ch\/de\/produkt\/sed75200\/","title":{"rendered":"Swixed Tympatherm 200 &#8211; Infrarot-Ohrthermometer mit Zubeh\u00f6r"},"content":{"rendered":"\t\t<div data-elementor-type=\"product-post\" data-elementor-id=\"33257\" class=\"elementor elementor-33257 elementor-2727\" data-elementor-post-type=\"product\">\n\t\t\t\t\t\t<section class=\"elementor-section elementor-top-section elementor-element elementor-element-1cbcefd elementor-section-full_width elementor-section-height-default elementor-section-height-default\" data-id=\"1cbcefd\" data-element_type=\"section\" data-e-type=\"section\">\n\t\t\t\t\t\t<div class=\"elementor-container elementor-column-gap-default\">\n\t\t\t\t\t<div class=\"elementor-column elementor-col-100 elementor-top-column elementor-element elementor-element-8fcf62b\" data-id=\"8fcf62b\" data-element_type=\"column\" data-e-type=\"column\">\n\t\t\t<div class=\"elementor-widget-wrap elementor-element-populated\">\n\t\t\t\t\t\t<div class=\"elementor-element elementor-element-e89990f elementor-widget elementor-widget-heading\" data-id=\"e89990f\" data-element_type=\"widget\" data-e-type=\"widget\" data-widget_type=\"heading.default\">\n\t\t\t\t\t<h2 class=\"elementor-heading-title elementor-size-default\">Beschreibung<\/h2>\t\t\t\t<\/div>\n\t\t\t\t<div class=\"elementor-element elementor-element-cd833bc elementor-widget elementor-widget-text-editor\" data-id=\"cd833bc\" data-element_type=\"widget\" data-e-type=\"widget\" data-widget_type=\"text-editor.default\">\n\t\t\t\t\t\t\t\t\t<p>Das<span style=\"font-family: Arial Narrow; font-weight: bold;\"><i>Tympatherm<\/i><\/span><span style=\"font-family: Arial Narrow; font-weight: bold;\">200<\/span> von Swixed ist ein pr\u00e4zises, zuverl\u00e4ssiges, schnelles und leicht abzulesendes Thermometer mit einem hintergrundbeleuchteten Display, was es ideal f\u00fcr die \u00dcberpr\u00fcfung von Fieber bei S\u00e4uglingen, Kindern und Erwachsenen macht.  <\/p><p>Das Ger\u00e4t wird h\u00e4ufig von Kinder\u00e4rzten verwendet und misst die Temperatur Ihres Kindes in nur 1 Sekunde genau. Ein komfortabler Aufbewahrungskoffer, der auch eine Stirnabdeckung und 15 Einweg-Sondenabdeckungen von <a href=\"\/shop\/sed75201\/\"><em>Probetherm <\/em>201<\/a> f\u00fcr die Hygiene der ganzen Familie enth\u00e4lt. <\/p>\t\t\t\t\t\t\t\t<\/div>\n\t\t\t\t<section class=\"elementor-section elementor-inner-section elementor-element elementor-element-2528b60 elementor-section-full_width elementor-section-height-default elementor-section-height-default\" data-id=\"2528b60\" data-element_type=\"section\" data-e-type=\"section\">\n\t\t\t\t\t\t<div class=\"elementor-container elementor-column-gap-default\">\n\t\t\t\t\t<div class=\"elementor-column elementor-col-50 elementor-inner-column elementor-element elementor-element-b326ac8\" data-id=\"b326ac8\" data-element_type=\"column\" data-e-type=\"column\">\n\t\t\t<div class=\"elementor-widget-wrap elementor-element-populated\">\n\t\t\t\t\t\t<div class=\"elementor-element elementor-element-b5b1028 elementor-widget elementor-widget-heading\" data-id=\"b5b1028\" data-element_type=\"widget\" data-e-type=\"widget\" data-widget_type=\"heading.default\">\n\t\t\t\t\t<h3 class=\"elementor-heading-title elementor-size-default\">Hauptmerkmale<\/h3>\t\t\t\t<\/div>\n\t\t\t\t<div class=\"elementor-element elementor-element-2d8b747 elementor-widget elementor-widget-text-editor\" data-id=\"2d8b747\" data-element_type=\"widget\" data-e-type=\"widget\" data-widget_type=\"text-editor.default\">\n\t\t\t\t\t\t\t\t\t<ul><li>Messung der Ohrentemperatur<\/li><li>Temperaturmessung an der Vorderseite<\/li><li>Messung der Temperatur von Objekten (z.B. Fl\u00fcssigkeiten)<\/li><li>Sofortige Messung in 1 Sekunde<\/li><li>Temperaturanzeige<\/li><li>Bildschirmaufl\u00f6sung 0.1\u00b0C \/ 0.1\u00b0F<\/li><li>LCD mit Hintergrundbeleuchtung<\/li><li>Speicher der letzten 10 Tests<\/li><li>F\u00fcr intensive Nutzung konzipiert<\/li><\/ul>\t\t\t\t\t\t\t\t<\/div>\n\t\t\t\t\t<\/div>\n\t\t<\/div>\n\t\t\t\t<div class=\"elementor-column elementor-col-50 elementor-inner-column elementor-element elementor-element-93c9bbc\" data-id=\"93c9bbc\" data-element_type=\"column\" data-e-type=\"column\">\n\t\t\t<div class=\"elementor-widget-wrap elementor-element-populated\">\n\t\t\t\t\t\t<div class=\"elementor-element elementor-element-b75c89e elementor-widget elementor-widget-heading\" data-id=\"b75c89e\" data-element_type=\"widget\" data-e-type=\"widget\" data-widget_type=\"heading.default\">\n\t\t\t\t\t<h3 class=\"elementor-heading-title elementor-size-default\">Vorteile<\/h3>\t\t\t\t<\/div>\n\t\t\t\t<div class=\"elementor-element elementor-element-9881c2c elementor-widget elementor-widget-text-editor\" data-id=\"9881c2c\" data-element_type=\"widget\" data-e-type=\"widget\" data-widget_type=\"text-editor.default\">\n\t\t\t\t\t\t\t\t\t<ul><li>Hochpr\u00e4ziser Sensor<\/li><li>Er ist schnell und muss nicht lange im Ohr sein.<\/li><li>Er liefert eine sehr genaue Anzeige und ist ein zuverl\u00e4ssiges Mittel, um die Temperatur Ihres Babys zu bestimmen.<\/li><li>Fieberalarm<\/li><li>Einfache Umschaltung in C \u00b0 \/ F \u00b0.<\/li><li>Automatische Abschaltung nach 60 Sekunden.<\/li><li>Zertifizierungen: CE, ROHS, ISO13485<\/li><\/ul>\t\t\t\t\t\t\t\t<\/div>\n\t\t\t\t<div class=\"elementor-element elementor-element-c39ec39 elementor-widget elementor-widget-heading\" data-id=\"c39ec39\" data-element_type=\"widget\" data-e-type=\"widget\" data-widget_type=\"heading.default\">\n\t\t\t\t\t<h3 class=\"elementor-heading-title elementor-size-default\">Inhalt<\/h3>\t\t\t\t<\/div>\n\t\t\t\t<div class=\"elementor-element elementor-element-3b22b37 elementor-widget elementor-widget-text-editor\" data-id=\"3b22b37\" data-element_type=\"widget\" data-e-type=\"widget\" data-widget_type=\"text-editor.default\">\n\t\t\t\t\t\t\t\t\t<ul><li>Infrarot-Ohrthermometer<\/li><li>Frontaler Adapter<\/li><li>15 Einweg-Sondenabdeckungen<\/li><li>Aufbewahrungstasche<\/li><li>2 AAA-Batterien<\/li><li>Mehrsprachiges Benutzerhandbuch EN \/ FR \/ IT \/ DE<\/li><\/ul>\t\t\t\t\t\t\t\t<\/div>\n\t\t\t\t\t<\/div>\n\t\t<\/div>\n\t\t\t\t\t<\/div>\n\t\t<\/section>\n\t\t\t\t\t<\/div>\n\t\t<\/div>\n\t\t\t\t\t<\/div>\n\t\t<\/section>\n\t\t\t\t<\/div>\n\t\t","protected":false},"excerpt":{"rendered":"<p>Das Infrarot-Ohrthermometer Swixed Tympatherm 200 erm\u00f6glicht eine schnelle und zuverl\u00e4ssige Temperaturmessung innerhalb einer Sekunde. Mit seinem hintergrundbeleuchteten Display ist es leicht ablesbar und f\u00fcr den Gebrauch in der Familie geeignet. Das Ger\u00e4t wird mit einem Aufbewahrungskoffer, einer Stirnabdeckung und 15 Einweg-Ohrst\u00f6pseln f\u00fcr optimale Hygiene geliefert. Geeignet f\u00fcr alle Altersgruppen.   <\/p>\n","protected":false},"featured_media":28927,"template":"","meta":{"_acf_changed":false},"product_brand":[2192],"product_cat":[959,974,980,967],"product_tag":[999,1105,1106,1004],"class_list":{"0":"post-33257","1":"product","2":"type-product","3":"status-publish","4":"has-post-thumbnail","6":"product_brand-swixed-de","7":"product_cat-swixed-produkte","8":"product_cat-thermometer-de","9":"product_cat-geraete-thermometer","10":"product_cat-thermometer","11":"product_tag-infrarot","12":"product_tag-ohrtemperatur","13":"product_tag-fronttemperatur","14":"product_tag-objekttemperatur","15":"product_shipping_class-flat-rate-shipping","17":"first","18":"instock","19":"sale","20":"taxable","21":"shipping-taxable","22":"purchasable","23":"product-type-simple"},"acf":[],"yoast_head":"<!-- This site is optimized with the Yoast SEO Premium plugin v27.4 (Yoast SEO v27.4) - https:\/\/yoast.com\/product\/yoast-seo-premium-wordpress\/ -->\n<title>Swixed Tympatherm 200 - Infrarot-Ohrthermometer mit Zubeh\u00f6r | Swixed SA - -<\/title>\n<meta name=\"description\" content=\"Das Tympatherm 200 von Swixed ist ein pr\u00e4zises, zuverl\u00e4ssiges, schnelles und leicht abzulesendes Ohrthermometer mit einem hintergrundbeleuchteten Display.\" \/>\n<meta name=\"robots\" content=\"index, follow, max-snippet:-1, max-image-preview:large, max-video-preview:-1\" \/>\n<link rel=\"canonical\" href=\"https:\/\/swixed.ch\/de\/produkt\/sed75200\/\" \/>\n<meta property=\"og:locale\" content=\"de_DE\" \/>\n<meta property=\"og:type\" content=\"article\" \/>\n<meta property=\"og:title\" content=\"Swixed Tympatherm 200 - Infrarot-Ohrthermometer mit Zubeh\u00f6r\" \/>\n<meta property=\"og:description\" content=\"Das Tympatherm 200 von Swixed ist ein pr\u00e4zises, zuverl\u00e4ssiges, schnelles und leicht abzulesendes Ohrthermometer mit einem hintergrundbeleuchteten Display.\" \/>\n<meta property=\"og:url\" content=\"https:\/\/swixed.ch\/de\/produkt\/sed75200\/\" \/>\n<meta property=\"og:site_name\" content=\"Swixed SA\" \/>\n<meta property=\"article:publisher\" content=\"https:\/\/www.facebook.com\/swixed\" \/>\n<meta property=\"article:modified_time\" content=\"2026-03-18T00:21:13+00:00\" \/>\n<meta property=\"og:image\" content=\"https:\/\/swixed.ch\/wp-content\/uploads\/products\/swixed-tympatherm-200-01b.png\" \/>\n\t<meta property=\"og:image:width\" content=\"600\" \/>\n\t<meta property=\"og:image:height\" content=\"600\" \/>\n\t<meta property=\"og:image:type\" content=\"image\/png\" \/>\n<meta name=\"twitter:card\" content=\"summary_large_image\" \/>\n<meta name=\"twitter:label1\" content=\"Gesch\u00e4tzte Lesezeit\" \/>\n\t<meta name=\"twitter:data1\" content=\"1\u00a0Minute\" \/>\n<script type=\"application\/ld+json\" class=\"yoast-schema-graph\">{\"@context\":\"https:\\\/\\\/schema.org\",\"@graph\":[{\"@type\":\"WebPage\",\"@id\":\"https:\\\/\\\/swixed.ch\\\/de\\\/produkt\\\/sed75200\\\/\",\"url\":\"https:\\\/\\\/swixed.ch\\\/de\\\/produkt\\\/sed75200\\\/\",\"name\":\"Swixed Tympatherm 200 - Infrarot-Ohrthermometer mit Zubeh\u00f6r | Swixed SA - -\",\"isPartOf\":{\"@id\":\"https:\\\/\\\/swixed.ch\\\/de\\\/#website\"},\"primaryImageOfPage\":{\"@id\":\"https:\\\/\\\/swixed.ch\\\/de\\\/produkt\\\/sed75200\\\/#primaryimage\"},\"image\":{\"@id\":\"https:\\\/\\\/swixed.ch\\\/de\\\/produkt\\\/sed75200\\\/#primaryimage\"},\"thumbnailUrl\":\"https:\\\/\\\/swixed.ch\\\/wp-content\\\/uploads\\\/products\\\/swixed-tympatherm-200-01b.png\",\"datePublished\":\"2021-04-20T15:13:22+00:00\",\"dateModified\":\"2026-03-18T00:21:13+00:00\",\"description\":\"Das Tympatherm 200 von Swixed ist ein pr\u00e4zises, zuverl\u00e4ssiges, schnelles und leicht abzulesendes Ohrthermometer mit einem hintergrundbeleuchteten Display.\",\"breadcrumb\":{\"@id\":\"https:\\\/\\\/swixed.ch\\\/de\\\/produkt\\\/sed75200\\\/#breadcrumb\"},\"inLanguage\":\"de\",\"potentialAction\":[{\"@type\":\"ReadAction\",\"target\":[\"https:\\\/\\\/swixed.ch\\\/de\\\/produkt\\\/sed75200\\\/\"]}]},{\"@type\":\"ImageObject\",\"inLanguage\":\"de\",\"@id\":\"https:\\\/\\\/swixed.ch\\\/de\\\/produkt\\\/sed75200\\\/#primaryimage\",\"url\":\"https:\\\/\\\/swixed.ch\\\/wp-content\\\/uploads\\\/products\\\/swixed-tympatherm-200-01b.png\",\"contentUrl\":\"https:\\\/\\\/swixed.ch\\\/wp-content\\\/uploads\\\/products\\\/swixed-tympatherm-200-01b.png\",\"width\":600,\"height\":600,\"caption\":\"swixed-tympatherm-200-01b\"},{\"@type\":\"BreadcrumbList\",\"@id\":\"https:\\\/\\\/swixed.ch\\\/de\\\/produkt\\\/sed75200\\\/#breadcrumb\",\"itemListElement\":[{\"@type\":\"ListItem\",\"position\":1,\"name\":\"Startseite\",\"item\":\"https:\\\/\\\/swixed.ch\\\/de\\\/home\\\/\"},{\"@type\":\"ListItem\",\"position\":2,\"name\":\"Shop\",\"item\":\"https:\\\/\\\/swixed.ch\\\/de\\\/shop\\\/\"},{\"@type\":\"ListItem\",\"position\":3,\"name\":\"Swixed Tympatherm 200 &#8211; Infrarot-Ohrthermometer mit Zubeh\u00f6r\"}]},{\"@type\":\"WebSite\",\"@id\":\"https:\\\/\\\/swixed.ch\\\/de\\\/#website\",\"url\":\"https:\\\/\\\/swixed.ch\\\/de\\\/\",\"name\":\"Swixed SA\",\"description\":\"Elektronische Ger\u00e4te\",\"publisher\":{\"@id\":\"https:\\\/\\\/swixed.ch\\\/de\\\/#organization\"},\"potentialAction\":[{\"@type\":\"SearchAction\",\"target\":{\"@type\":\"EntryPoint\",\"urlTemplate\":\"https:\\\/\\\/swixed.ch\\\/de\\\/?s={search_term_string}\"},\"query-input\":{\"@type\":\"PropertyValueSpecification\",\"valueRequired\":true,\"valueName\":\"search_term_string\"}}],\"inLanguage\":\"de\"},{\"@type\":\"Organization\",\"@id\":\"https:\\\/\\\/swixed.ch\\\/de\\\/#organization\",\"name\":\"Swixed SA\",\"url\":\"https:\\\/\\\/swixed.ch\\\/de\\\/\",\"logo\":{\"@type\":\"ImageObject\",\"inLanguage\":\"de\",\"@id\":\"https:\\\/\\\/swixed.ch\\\/de\\\/#\\\/schema\\\/logo\\\/image\\\/\",\"url\":\"https:\\\/\\\/swixed.ch\\\/wp-content\\\/uploads\\\/logos\\\/swixed-logo-lite.png\",\"contentUrl\":\"https:\\\/\\\/swixed.ch\\\/wp-content\\\/uploads\\\/logos\\\/swixed-logo-lite.png\",\"width\":696,\"height\":696,\"caption\":\"Swixed SA\"},\"image\":{\"@id\":\"https:\\\/\\\/swixed.ch\\\/de\\\/#\\\/schema\\\/logo\\\/image\\\/\"},\"sameAs\":[\"https:\\\/\\\/www.facebook.com\\\/swixed\",\"https:\\\/\\\/www.linkedin.com\\\/company\\\/swixed\",\"https:\\\/\\\/www.youtube.com\\\/@swixedsa\"],\"description\":\"Swixed SA est une entreprise suisse bas\u00e9e \u00e0 Gen\u00e8ve, sp\u00e9cialis\u00e9e dans la vente, la location et la maintenance d\u2019appareils m\u00e9dicaux professionnels, tels que d\u00e9fibrillateurs AED, \u00e9lectrocardiographes, moniteurs patient et dispositifs de diagnostic.\",\"email\":\"infoshop@swixed.ch\",\"telephone\":\"+41 22 566 11 95\",\"legalName\":\"Swixed SA\",\"foundingDate\":\"2021-03-01\",\"numberOfEmployees\":{\"@type\":\"QuantitativeValue\",\"minValue\":\"1\",\"maxValue\":\"10\"}}]}<\/script>\n<!-- \/ Yoast SEO Premium plugin. -->","yoast_head_json":{"title":"Swixed Tympatherm 200 - Infrarot-Ohrthermometer mit Zubeh\u00f6r | Swixed SA - -","description":"Das Tympatherm 200 von Swixed ist ein pr\u00e4zises, zuverl\u00e4ssiges, schnelles und leicht abzulesendes Ohrthermometer mit einem hintergrundbeleuchteten Display.","robots":{"index":"index","follow":"follow","max-snippet":"max-snippet:-1","max-image-preview":"max-image-preview:large","max-video-preview":"max-video-preview:-1"},"canonical":"https:\/\/swixed.ch\/de\/produkt\/sed75200\/","og_locale":"de_DE","og_type":"article","og_title":"Swixed Tympatherm 200 - Infrarot-Ohrthermometer mit Zubeh\u00f6r","og_description":"Das Tympatherm 200 von Swixed ist ein pr\u00e4zises, zuverl\u00e4ssiges, schnelles und leicht abzulesendes Ohrthermometer mit einem hintergrundbeleuchteten Display.","og_url":"https:\/\/swixed.ch\/de\/produkt\/sed75200\/","og_site_name":"Swixed SA","article_publisher":"https:\/\/www.facebook.com\/swixed","article_modified_time":"2026-03-18T00:21:13+00:00","og_image":[{"width":600,"height":600,"url":"https:\/\/swixed.ch\/wp-content\/uploads\/products\/swixed-tympatherm-200-01b.png","type":"image\/png"}],"twitter_card":"summary_large_image","twitter_misc":{"Gesch\u00e4tzte Lesezeit":"1\u00a0Minute"},"schema":{"@context":"https:\/\/schema.org","@graph":[{"@type":"WebPage","@id":"https:\/\/swixed.ch\/de\/produkt\/sed75200\/","url":"https:\/\/swixed.ch\/de\/produkt\/sed75200\/","name":"Swixed Tympatherm 200 - Infrarot-Ohrthermometer mit Zubeh\u00f6r | Swixed SA - -","isPartOf":{"@id":"https:\/\/swixed.ch\/de\/#website"},"primaryImageOfPage":{"@id":"https:\/\/swixed.ch\/de\/produkt\/sed75200\/#primaryimage"},"image":{"@id":"https:\/\/swixed.ch\/de\/produkt\/sed75200\/#primaryimage"},"thumbnailUrl":"https:\/\/swixed.ch\/wp-content\/uploads\/products\/swixed-tympatherm-200-01b.png","datePublished":"2021-04-20T15:13:22+00:00","dateModified":"2026-03-18T00:21:13+00:00","description":"Das Tympatherm 200 von Swixed ist ein pr\u00e4zises, zuverl\u00e4ssiges, schnelles und leicht abzulesendes Ohrthermometer mit einem hintergrundbeleuchteten Display.","breadcrumb":{"@id":"https:\/\/swixed.ch\/de\/produkt\/sed75200\/#breadcrumb"},"inLanguage":"de","potentialAction":[{"@type":"ReadAction","target":["https:\/\/swixed.ch\/de\/produkt\/sed75200\/"]}]},{"@type":"ImageObject","inLanguage":"de","@id":"https:\/\/swixed.ch\/de\/produkt\/sed75200\/#primaryimage","url":"https:\/\/swixed.ch\/wp-content\/uploads\/products\/swixed-tympatherm-200-01b.png","contentUrl":"https:\/\/swixed.ch\/wp-content\/uploads\/products\/swixed-tympatherm-200-01b.png","width":600,"height":600,"caption":"swixed-tympatherm-200-01b"},{"@type":"BreadcrumbList","@id":"https:\/\/swixed.ch\/de\/produkt\/sed75200\/#breadcrumb","itemListElement":[{"@type":"ListItem","position":1,"name":"Startseite","item":"https:\/\/swixed.ch\/de\/home\/"},{"@type":"ListItem","position":2,"name":"Shop","item":"https:\/\/swixed.ch\/de\/shop\/"},{"@type":"ListItem","position":3,"name":"Swixed Tympatherm 200 &#8211; Infrarot-Ohrthermometer mit Zubeh\u00f6r"}]},{"@type":"WebSite","@id":"https:\/\/swixed.ch\/de\/#website","url":"https:\/\/swixed.ch\/de\/","name":"Swixed SA","description":"Elektronische Ger\u00e4te","publisher":{"@id":"https:\/\/swixed.ch\/de\/#organization"},"potentialAction":[{"@type":"SearchAction","target":{"@type":"EntryPoint","urlTemplate":"https:\/\/swixed.ch\/de\/?s={search_term_string}"},"query-input":{"@type":"PropertyValueSpecification","valueRequired":true,"valueName":"search_term_string"}}],"inLanguage":"de"},{"@type":"Organization","@id":"https:\/\/swixed.ch\/de\/#organization","name":"Swixed SA","url":"https:\/\/swixed.ch\/de\/","logo":{"@type":"ImageObject","inLanguage":"de","@id":"https:\/\/swixed.ch\/de\/#\/schema\/logo\/image\/","url":"https:\/\/swixed.ch\/wp-content\/uploads\/logos\/swixed-logo-lite.png","contentUrl":"https:\/\/swixed.ch\/wp-content\/uploads\/logos\/swixed-logo-lite.png","width":696,"height":696,"caption":"Swixed SA"},"image":{"@id":"https:\/\/swixed.ch\/de\/#\/schema\/logo\/image\/"},"sameAs":["https:\/\/www.facebook.com\/swixed","https:\/\/www.linkedin.com\/company\/swixed","https:\/\/www.youtube.com\/@swixedsa"],"description":"Swixed SA est une entreprise suisse bas\u00e9e \u00e0 Gen\u00e8ve, sp\u00e9cialis\u00e9e dans la vente, la location et la maintenance d\u2019appareils m\u00e9dicaux professionnels, tels que d\u00e9fibrillateurs AED, \u00e9lectrocardiographes, moniteurs patient et dispositifs de diagnostic.","email":"infoshop@swixed.ch","telephone":"+41 22 566 11 95","legalName":"Swixed SA","foundingDate":"2021-03-01","numberOfEmployees":{"@type":"QuantitativeValue","minValue":"1","maxValue":"10"}}]}},"_links":{"self":[{"href":"https:\/\/swixed.ch\/de\/wp-json\/wp\/v2\/product\/33257","targetHints":{"allow":["GET"]}}],"collection":[{"href":"https:\/\/swixed.ch\/de\/wp-json\/wp\/v2\/product"}],"about":[{"href":"https:\/\/swixed.ch\/de\/wp-json\/wp\/v2\/types\/product"}],"version-history":[{"count":0,"href":"https:\/\/swixed.ch\/de\/wp-json\/wp\/v2\/product\/33257\/revisions"}],"wp:featuredmedia":[{"embeddable":true,"href":"https:\/\/swixed.ch\/de\/wp-json\/wp\/v2\/media\/28927"}],"wp:attachment":[{"href":"https:\/\/swixed.ch\/de\/wp-json\/wp\/v2\/media?parent=33257"}],"wp:term":[{"taxonomy":"product_brand","embeddable":true,"href":"https:\/\/swixed.ch\/de\/wp-json\/wp\/v2\/product_brand?post=33257"},{"taxonomy":"product_cat","embeddable":true,"href":"https:\/\/swixed.ch\/de\/wp-json\/wp\/v2\/product_cat?post=33257"},{"taxonomy":"product_tag","embeddable":true,"href":"https:\/\/swixed.ch\/de\/wp-json\/wp\/v2\/product_tag?post=33257"}],"curies":[{"name":"wp","href":"https:\/\/api.w.org\/{rel}","templated":true}]}}