{"id":33270,"date":"2021-04-23T14:17:24","date_gmt":"2021-04-23T13:17:24","guid":{"rendered":"https:\/\/swixed.com\/produit\/littmann-cardiology-vi-stethoskop\/"},"modified":"2026-04-21T06:44:46","modified_gmt":"2026-04-21T05:44:46","slug":"sed67001","status":"publish","type":"product","link":"https:\/\/swixed.ch\/de\/produkt\/sed67001\/","title":{"rendered":"Littmann Cardilogy VI Stethoskop"},"content":{"rendered":"\t\t<div data-elementor-type=\"product-post\" data-elementor-id=\"33270\" class=\"elementor elementor-33270 elementor-3020\" data-elementor-post-type=\"product\">\n\t\t\t\t\t\t<section class=\"elementor-section elementor-top-section elementor-element elementor-element-ca45d20 elementor-section-full_width elementor-section-height-default elementor-section-height-default\" data-id=\"ca45d20\" data-element_type=\"section\" data-e-type=\"section\">\n\t\t\t\t\t\t<div class=\"elementor-container elementor-column-gap-default\">\n\t\t\t\t\t<div class=\"elementor-column elementor-col-100 elementor-top-column elementor-element elementor-element-6b55fd3\" data-id=\"6b55fd3\" data-element_type=\"column\" data-e-type=\"column\">\n\t\t\t<div class=\"elementor-widget-wrap elementor-element-populated\">\n\t\t\t\t\t\t<div class=\"elementor-element elementor-element-f67f92a elementor-widget elementor-widget-heading\" data-id=\"f67f92a\" data-element_type=\"widget\" data-e-type=\"widget\" data-widget_type=\"heading.default\">\n\t\t\t\t\t<h2 class=\"elementor-heading-title elementor-size-default\">Beschreibung<\/h2>\t\t\t\t<\/div>\n\t\t\t\t<div class=\"elementor-element elementor-element-52a5bf3 elementor-widget elementor-widget-text-editor\" data-id=\"52a5bf3\" data-element_type=\"widget\" data-e-type=\"widget\" data-widget_type=\"text-editor.default\">\n\t\t\t\t\t\t\t\t\t<p>Das Stethoskop 3M Littmann Cardiologie IV wurde f\u00fcr \u00c4rzte entwickelt, die eine hervorragende und \u00fcberragende Klangqualit\u00e4t und ein vielseitiges Stethoskop (f\u00fcr Erwachsene und Kinder) w\u00fcnschen. Es verf\u00fcgt \u00fcber ein innovatives Design und eine Dual-Frequenz-Membran aus einem St\u00fcck auf jeder Seite des Schalltrichters. <\/p><p>Der Littmann Cardiology IV verf\u00fcgt \u00fcber eine hervorragende Akustik f\u00fcr ein besseres H\u00f6ren von hochfrequenten T\u00f6nen (Erwachsenenseite, mit festem Druck).<\/p><p>Die Dual-Frequenz-Membran erm\u00f6glicht es Ihnen, sowohl hoch- als auch niederfrequente T\u00f6ne zu h\u00f6ren, indem Sie den Druck auf die Ohrmuschel leicht anpassen.<\/p><p>Das Doppelrohr kombiniert zwei Klangwege in einem einzigen Rohr, wodurch die Reibungsger\u00e4usche der herk\u00f6mmlichen Doppelrohre vermieden werden.<\/p><p>Diese neue Generation von Schl\u00e4uchen wird ohne Zusatz von Naturlatex oder weichmachenden Phthalaten hergestellt und ist l\u00e4nger haltbar und widerstandsf\u00e4higer gegen Hautfl\u00fcssigkeiten und Alkohol.<\/p><p>Die Lyra kann leicht an die individuelle Morphologie angepasst werden, um einen optimalen Komfort zu gew\u00e4hrleisten. Die Lyra ist so ausgerichtet, dass sie auf den Geh\u00f6rgang ausgerichtet ist. <\/p>\t\t\t\t\t\t\t\t<\/div>\n\t\t\t\t\t<\/div>\n\t\t<\/div>\n\t\t\t\t\t<\/div>\n\t\t<\/section>\n\t\t\t\t<\/div>\n\t\t","protected":false},"excerpt":{"rendered":"<p>Das 3M Littmann Cardiology IV ist ein professionelles Stethoskop mit einem doppelseitigen Horn und einer Dual-Frequenz-Membran in einem St\u00fcck. Es wurde mit robusten Materialien und einem ergonomischen Design entwickelt und bietet eine zuverl\u00e4ssige Anwendung in verschiedenen professionellen Umgebungen. Das Produkt ist CE-zertifiziert und in verschiedenen Ausf\u00fchrungen erh\u00e4ltlich.  <\/p>\n","protected":false},"featured_media":27263,"template":"","meta":{"_acf_changed":false},"product_brand":[2160],"product_cat":[1053],"product_tag":[1014,1057,987,1054,1059],"class_list":{"0":"post-33270","1":"product","2":"type-product","3":"status-publish","4":"has-post-thumbnail","6":"product_brand-littmann-de","7":"product_cat-stethoskope","8":"product_tag-diagnose","9":"product_tag-innere-medizin","10":"product_tag-kardiologie","11":"product_tag-medical-de","12":"product_tag-pflege","14":"first","15":"instock","16":"sale","17":"taxable","18":"shipping-taxable","19":"purchasable","20":"product-type-simple"},"acf":[],"yoast_head":"<!-- This site is optimized with the Yoast SEO Premium plugin v27.4 (Yoast SEO v27.4) - https:\/\/yoast.com\/product\/yoast-seo-premium-wordpress\/ -->\n<title>Littmann Cardilogy VI Stethoskop | Swixed SA<\/title>\n<meta name=\"description\" content=\"Littmann Cardiology IV Stethoskop mit \u00fcberlegener und au\u00dfergew\u00f6hnlicher Tonqualit\u00e4t. Vielseitiges Stethoskop (Erwachsene und P\u00e4diatrie).\" \/>\n<meta name=\"robots\" content=\"index, follow, max-snippet:-1, max-image-preview:large, max-video-preview:-1\" \/>\n<link rel=\"canonical\" href=\"https:\/\/swixed.ch\/de\/produkt\/sed67001\/\" \/>\n<meta property=\"og:locale\" content=\"de_DE\" \/>\n<meta property=\"og:type\" content=\"article\" \/>\n<meta property=\"og:title\" content=\"Littmann Cardilogy VI Stethoskop\" \/>\n<meta property=\"og:description\" content=\"Littmann Cardiology IV Stethoskop mit \u00fcberlegener und au\u00dfergew\u00f6hnlicher Tonqualit\u00e4t. Vielseitiges Stethoskop (Erwachsene und P\u00e4diatrie).\" \/>\n<meta property=\"og:url\" content=\"https:\/\/swixed.ch\/de\/produkt\/sed67001\/\" \/>\n<meta property=\"og:site_name\" content=\"Swixed SA\" \/>\n<meta property=\"article:publisher\" content=\"https:\/\/www.facebook.com\/swixed\" \/>\n<meta property=\"article:modified_time\" content=\"2026-04-21T05:44:46+00:00\" \/>\n<meta property=\"og:image\" content=\"https:\/\/swixed.ch\/wp-content\/uploads\/products\/littmann-cardiology-iv-01.png\" \/>\n\t<meta property=\"og:image:width\" content=\"600\" \/>\n\t<meta property=\"og:image:height\" content=\"600\" \/>\n\t<meta property=\"og:image:type\" content=\"image\/png\" \/>\n<meta name=\"twitter:card\" content=\"summary_large_image\" \/>\n<meta name=\"twitter:label1\" content=\"Gesch\u00e4tzte Lesezeit\" \/>\n\t<meta name=\"twitter:data1\" content=\"1\u00a0Minute\" \/>\n<script type=\"application\/ld+json\" class=\"yoast-schema-graph\">{\"@context\":\"https:\\\/\\\/schema.org\",\"@graph\":[{\"@type\":\"WebPage\",\"@id\":\"https:\\\/\\\/swixed.ch\\\/de\\\/produkt\\\/sed67001\\\/\",\"url\":\"https:\\\/\\\/swixed.ch\\\/de\\\/produkt\\\/sed67001\\\/\",\"name\":\"Littmann Cardilogy VI Stethoskop | Swixed SA\",\"isPartOf\":{\"@id\":\"https:\\\/\\\/swixed.ch\\\/de\\\/#website\"},\"primaryImageOfPage\":{\"@id\":\"https:\\\/\\\/swixed.ch\\\/de\\\/produkt\\\/sed67001\\\/#primaryimage\"},\"image\":{\"@id\":\"https:\\\/\\\/swixed.ch\\\/de\\\/produkt\\\/sed67001\\\/#primaryimage\"},\"thumbnailUrl\":\"https:\\\/\\\/swixed.ch\\\/wp-content\\\/uploads\\\/products\\\/littmann-cardiology-iv-01.png\",\"datePublished\":\"2021-04-23T13:17:24+00:00\",\"dateModified\":\"2026-04-21T05:44:46+00:00\",\"description\":\"Littmann Cardiology IV Stethoskop mit \u00fcberlegener und au\u00dfergew\u00f6hnlicher Tonqualit\u00e4t. Vielseitiges Stethoskop (Erwachsene und P\u00e4diatrie).\",\"breadcrumb\":{\"@id\":\"https:\\\/\\\/swixed.ch\\\/de\\\/produkt\\\/sed67001\\\/#breadcrumb\"},\"inLanguage\":\"de\",\"potentialAction\":[{\"@type\":\"ReadAction\",\"target\":[\"https:\\\/\\\/swixed.ch\\\/de\\\/produkt\\\/sed67001\\\/\"]}]},{\"@type\":\"ImageObject\",\"inLanguage\":\"de\",\"@id\":\"https:\\\/\\\/swixed.ch\\\/de\\\/produkt\\\/sed67001\\\/#primaryimage\",\"url\":\"https:\\\/\\\/swixed.ch\\\/wp-content\\\/uploads\\\/products\\\/littmann-cardiology-iv-01.png\",\"contentUrl\":\"https:\\\/\\\/swixed.ch\\\/wp-content\\\/uploads\\\/products\\\/littmann-cardiology-iv-01.png\",\"width\":600,\"height\":600,\"caption\":\"littmann-cardiology-iv-01\"},{\"@type\":\"BreadcrumbList\",\"@id\":\"https:\\\/\\\/swixed.ch\\\/de\\\/produkt\\\/sed67001\\\/#breadcrumb\",\"itemListElement\":[{\"@type\":\"ListItem\",\"position\":1,\"name\":\"Startseite\",\"item\":\"https:\\\/\\\/swixed.ch\\\/de\\\/home\\\/\"},{\"@type\":\"ListItem\",\"position\":2,\"name\":\"Shop\",\"item\":\"https:\\\/\\\/swixed.ch\\\/de\\\/shop\\\/\"},{\"@type\":\"ListItem\",\"position\":3,\"name\":\"Littmann Cardilogy VI Stethoskop\"}]},{\"@type\":\"WebSite\",\"@id\":\"https:\\\/\\\/swixed.ch\\\/de\\\/#website\",\"url\":\"https:\\\/\\\/swixed.ch\\\/de\\\/\",\"name\":\"Swixed SA\",\"description\":\"Elektronische Ger\u00e4te\",\"publisher\":{\"@id\":\"https:\\\/\\\/swixed.ch\\\/de\\\/#organization\"},\"potentialAction\":[{\"@type\":\"SearchAction\",\"target\":{\"@type\":\"EntryPoint\",\"urlTemplate\":\"https:\\\/\\\/swixed.ch\\\/de\\\/?s={search_term_string}\"},\"query-input\":{\"@type\":\"PropertyValueSpecification\",\"valueRequired\":true,\"valueName\":\"search_term_string\"}}],\"inLanguage\":\"de\"},{\"@type\":\"Organization\",\"@id\":\"https:\\\/\\\/swixed.ch\\\/de\\\/#organization\",\"name\":\"Swixed SA\",\"url\":\"https:\\\/\\\/swixed.ch\\\/de\\\/\",\"logo\":{\"@type\":\"ImageObject\",\"inLanguage\":\"de\",\"@id\":\"https:\\\/\\\/swixed.ch\\\/de\\\/#\\\/schema\\\/logo\\\/image\\\/\",\"url\":\"https:\\\/\\\/swixed.ch\\\/wp-content\\\/uploads\\\/logos\\\/swixed-logo-lite.png\",\"contentUrl\":\"https:\\\/\\\/swixed.ch\\\/wp-content\\\/uploads\\\/logos\\\/swixed-logo-lite.png\",\"width\":696,\"height\":696,\"caption\":\"Swixed SA\"},\"image\":{\"@id\":\"https:\\\/\\\/swixed.ch\\\/de\\\/#\\\/schema\\\/logo\\\/image\\\/\"},\"sameAs\":[\"https:\\\/\\\/www.facebook.com\\\/swixed\",\"https:\\\/\\\/www.linkedin.com\\\/company\\\/swixed\",\"https:\\\/\\\/www.youtube.com\\\/@swixedsa\"],\"description\":\"Swixed SA est une entreprise suisse bas\u00e9e \u00e0 Gen\u00e8ve, sp\u00e9cialis\u00e9e dans la vente, la location et la maintenance d\u2019appareils m\u00e9dicaux professionnels, tels que d\u00e9fibrillateurs AED, \u00e9lectrocardiographes, moniteurs patient et dispositifs de diagnostic.\",\"email\":\"infoshop@swixed.ch\",\"telephone\":\"+41 22 566 11 95\",\"legalName\":\"Swixed SA\",\"foundingDate\":\"2021-03-01\",\"numberOfEmployees\":{\"@type\":\"QuantitativeValue\",\"minValue\":\"1\",\"maxValue\":\"10\"}}]}<\/script>\n<!-- \/ Yoast SEO Premium plugin. -->","yoast_head_json":{"title":"Littmann Cardilogy VI Stethoskop | Swixed SA","description":"Littmann Cardiology IV Stethoskop mit \u00fcberlegener und au\u00dfergew\u00f6hnlicher Tonqualit\u00e4t. Vielseitiges Stethoskop (Erwachsene und P\u00e4diatrie).","robots":{"index":"index","follow":"follow","max-snippet":"max-snippet:-1","max-image-preview":"max-image-preview:large","max-video-preview":"max-video-preview:-1"},"canonical":"https:\/\/swixed.ch\/de\/produkt\/sed67001\/","og_locale":"de_DE","og_type":"article","og_title":"Littmann Cardilogy VI Stethoskop","og_description":"Littmann Cardiology IV Stethoskop mit \u00fcberlegener und au\u00dfergew\u00f6hnlicher Tonqualit\u00e4t. Vielseitiges Stethoskop (Erwachsene und P\u00e4diatrie).","og_url":"https:\/\/swixed.ch\/de\/produkt\/sed67001\/","og_site_name":"Swixed SA","article_publisher":"https:\/\/www.facebook.com\/swixed","article_modified_time":"2026-04-21T05:44:46+00:00","og_image":[{"width":600,"height":600,"url":"https:\/\/swixed.ch\/wp-content\/uploads\/products\/littmann-cardiology-iv-01.png","type":"image\/png"}],"twitter_card":"summary_large_image","twitter_misc":{"Gesch\u00e4tzte Lesezeit":"1\u00a0Minute"},"schema":{"@context":"https:\/\/schema.org","@graph":[{"@type":"WebPage","@id":"https:\/\/swixed.ch\/de\/produkt\/sed67001\/","url":"https:\/\/swixed.ch\/de\/produkt\/sed67001\/","name":"Littmann Cardilogy VI Stethoskop | Swixed SA","isPartOf":{"@id":"https:\/\/swixed.ch\/de\/#website"},"primaryImageOfPage":{"@id":"https:\/\/swixed.ch\/de\/produkt\/sed67001\/#primaryimage"},"image":{"@id":"https:\/\/swixed.ch\/de\/produkt\/sed67001\/#primaryimage"},"thumbnailUrl":"https:\/\/swixed.ch\/wp-content\/uploads\/products\/littmann-cardiology-iv-01.png","datePublished":"2021-04-23T13:17:24+00:00","dateModified":"2026-04-21T05:44:46+00:00","description":"Littmann Cardiology IV Stethoskop mit \u00fcberlegener und au\u00dfergew\u00f6hnlicher Tonqualit\u00e4t. Vielseitiges Stethoskop (Erwachsene und P\u00e4diatrie).","breadcrumb":{"@id":"https:\/\/swixed.ch\/de\/produkt\/sed67001\/#breadcrumb"},"inLanguage":"de","potentialAction":[{"@type":"ReadAction","target":["https:\/\/swixed.ch\/de\/produkt\/sed67001\/"]}]},{"@type":"ImageObject","inLanguage":"de","@id":"https:\/\/swixed.ch\/de\/produkt\/sed67001\/#primaryimage","url":"https:\/\/swixed.ch\/wp-content\/uploads\/products\/littmann-cardiology-iv-01.png","contentUrl":"https:\/\/swixed.ch\/wp-content\/uploads\/products\/littmann-cardiology-iv-01.png","width":600,"height":600,"caption":"littmann-cardiology-iv-01"},{"@type":"BreadcrumbList","@id":"https:\/\/swixed.ch\/de\/produkt\/sed67001\/#breadcrumb","itemListElement":[{"@type":"ListItem","position":1,"name":"Startseite","item":"https:\/\/swixed.ch\/de\/home\/"},{"@type":"ListItem","position":2,"name":"Shop","item":"https:\/\/swixed.ch\/de\/shop\/"},{"@type":"ListItem","position":3,"name":"Littmann Cardilogy VI Stethoskop"}]},{"@type":"WebSite","@id":"https:\/\/swixed.ch\/de\/#website","url":"https:\/\/swixed.ch\/de\/","name":"Swixed SA","description":"Elektronische Ger\u00e4te","publisher":{"@id":"https:\/\/swixed.ch\/de\/#organization"},"potentialAction":[{"@type":"SearchAction","target":{"@type":"EntryPoint","urlTemplate":"https:\/\/swixed.ch\/de\/?s={search_term_string}"},"query-input":{"@type":"PropertyValueSpecification","valueRequired":true,"valueName":"search_term_string"}}],"inLanguage":"de"},{"@type":"Organization","@id":"https:\/\/swixed.ch\/de\/#organization","name":"Swixed SA","url":"https:\/\/swixed.ch\/de\/","logo":{"@type":"ImageObject","inLanguage":"de","@id":"https:\/\/swixed.ch\/de\/#\/schema\/logo\/image\/","url":"https:\/\/swixed.ch\/wp-content\/uploads\/logos\/swixed-logo-lite.png","contentUrl":"https:\/\/swixed.ch\/wp-content\/uploads\/logos\/swixed-logo-lite.png","width":696,"height":696,"caption":"Swixed SA"},"image":{"@id":"https:\/\/swixed.ch\/de\/#\/schema\/logo\/image\/"},"sameAs":["https:\/\/www.facebook.com\/swixed","https:\/\/www.linkedin.com\/company\/swixed","https:\/\/www.youtube.com\/@swixedsa"],"description":"Swixed SA est une entreprise suisse bas\u00e9e \u00e0 Gen\u00e8ve, sp\u00e9cialis\u00e9e dans la vente, la location et la maintenance d\u2019appareils m\u00e9dicaux professionnels, tels que d\u00e9fibrillateurs AED, \u00e9lectrocardiographes, moniteurs patient et dispositifs de diagnostic.","email":"infoshop@swixed.ch","telephone":"+41 22 566 11 95","legalName":"Swixed SA","foundingDate":"2021-03-01","numberOfEmployees":{"@type":"QuantitativeValue","minValue":"1","maxValue":"10"}}]}},"_links":{"self":[{"href":"https:\/\/swixed.ch\/de\/wp-json\/wp\/v2\/product\/33270","targetHints":{"allow":["GET"]}}],"collection":[{"href":"https:\/\/swixed.ch\/de\/wp-json\/wp\/v2\/product"}],"about":[{"href":"https:\/\/swixed.ch\/de\/wp-json\/wp\/v2\/types\/product"}],"version-history":[{"count":1,"href":"https:\/\/swixed.ch\/de\/wp-json\/wp\/v2\/product\/33270\/revisions"}],"predecessor-version":[{"id":63066,"href":"https:\/\/swixed.ch\/de\/wp-json\/wp\/v2\/product\/33270\/revisions\/63066"}],"wp:featuredmedia":[{"embeddable":true,"href":"https:\/\/swixed.ch\/de\/wp-json\/wp\/v2\/media\/27263"}],"wp:attachment":[{"href":"https:\/\/swixed.ch\/de\/wp-json\/wp\/v2\/media?parent=33270"}],"wp:term":[{"taxonomy":"product_brand","embeddable":true,"href":"https:\/\/swixed.ch\/de\/wp-json\/wp\/v2\/product_brand?post=33270"},{"taxonomy":"product_cat","embeddable":true,"href":"https:\/\/swixed.ch\/de\/wp-json\/wp\/v2\/product_cat?post=33270"},{"taxonomy":"product_tag","embeddable":true,"href":"https:\/\/swixed.ch\/de\/wp-json\/wp\/v2\/product_tag?post=33270"}],"curies":[{"name":"wp","href":"https:\/\/api.w.org\/{rel}","templated":true}]}}