{"id":33279,"date":"2021-04-23T08:17:55","date_gmt":"2021-04-23T06:17:55","guid":{"rendered":"https:\/\/swixed.com\/produit\/ruhe-ekg-edan-se-601\/"},"modified":"2026-03-25T19:23:56","modified_gmt":"2026-03-25T18:23:56","slug":"sed10002","status":"publish","type":"product","link":"https:\/\/swixed.ch\/de\/produkt\/sed10002\/","title":{"rendered":"Elektrokardiograph Edan SE-601B Ruhe-EKG"},"content":{"rendered":"\t\t<div data-elementor-type=\"product-post\" data-elementor-id=\"33279\" class=\"elementor elementor-33279 elementor-2959\" data-elementor-post-type=\"product\">\n\t\t\t\t<div class=\"elementor-element elementor-element-26deab6 e-con-full e-flex e-con e-parent\" data-id=\"26deab6\" data-element_type=\"container\" data-e-type=\"container\">\n\t\t<div class=\"elementor-element elementor-element-23c3a9e e-con-full e-flex e-con e-child\" data-id=\"23c3a9e\" data-element_type=\"container\" data-e-type=\"container\">\n\t\t\t\t<div class=\"elementor-element elementor-element-8d96dc7 elementor-widget elementor-widget-heading\" data-id=\"8d96dc7\" data-element_type=\"widget\" data-e-type=\"widget\" data-widget_type=\"heading.default\">\n\t\t\t\t\t<h2 class=\"elementor-heading-title elementor-size-default\">Hauptmerkmale<\/h2>\t\t\t\t<\/div>\n\t\t\t\t<div class=\"elementor-element elementor-element-55678cc elementor-widget elementor-widget-text-editor\" data-id=\"55678cc\" data-element_type=\"widget\" data-e-type=\"widget\" data-widget_type=\"text-editor.default\">\n\t\t\t\t\t\t\t\t\t<p>Der Elektrokardiograph Edan SE-601B fungiert als 6-Kanal-Ruhe-EKG-Ger\u00e4t und wurde f\u00fcr medizinische Umgebungen entwickelt, in denen ein zuverl\u00e4ssiges und kompaktes Ger\u00e4t ben\u00f6tigt wird. Zun\u00e4chst einmal verbessert der gro\u00dfe Farbbildschirm die Lesbarkeit der EKG-Kurven w\u00e4hrend der Untersuchung. Zweitens kann das Ger\u00e4t dank seines leichten und platzsparenden Formats und des integrierten Griffs leicht zwischen den Untersuchungsstationen transportiert werden.  <\/p><p>Dar\u00fcber hinaus kann das Ger\u00e4t im automatischen oder manuellen Modus betrieben werden, was die Anpassung an interne Protokolle erm\u00f6glicht. Der eingebaute Thermodrucker garantiert eine sofortige Ausgabe der EKG-Kurven ohne zus\u00e4tzliche Peripherieger\u00e4te. <\/p><p>Wichtigste technische Merkmale :<\/p><ul><li>6-Kanal-Ruhe-EKG<\/li><li>Gro\u00dfer Farbbildschirm f\u00fcr gleichzeitige Betrachtung<\/li><li>Integrierter Thermodruck<\/li><li>Kompaktes Ger\u00e4t mit Tragegriff<\/li><li>Automatische Berechnung der EKG-Parameter<\/li><\/ul><p><br>\u26a0\ufe0f Modell der B-Serie, ausgestattet mit einem gro\u00dfen Farbbildschirm ohne Touchscreen.<\/p>\t\t\t\t\t\t\t\t<\/div>\n\t\t\t\t<div class=\"elementor-element elementor-element-46b7c9e elementor-widget elementor-widget-heading\" data-id=\"46b7c9e\" data-element_type=\"widget\" data-e-type=\"widget\" data-widget_type=\"heading.default\">\n\t\t\t\t\t<h2 class=\"elementor-heading-title elementor-size-default\">Betrieb und technisches Design<\/h2>\t\t\t\t<\/div>\n\t\t\t\t<div class=\"elementor-element elementor-element-5e731ba elementor-widget elementor-widget-text-editor\" data-id=\"5e731ba\" data-element_type=\"widget\" data-e-type=\"widget\" data-widget_type=\"text-editor.default\">\n\t\t\t\t\t\t\t\t\t<p>Der Elektrokardiograph Edan SE-601B enth\u00e4lt Funktionen, die f\u00fcr den strukturierten klinischen Gebrauch bestimmt sind. So erm\u00f6glicht die alphanumerische Tastatur eine schnelle Eingabe von Patientendaten. Au\u00dferdem erkennt das Ger\u00e4t automatisch Herzschrittmacher, was die Zuverl\u00e4ssigkeit der Aufzeichnungen in diesen F\u00e4llen erh\u00f6ht.  <\/p><p>Zus\u00e4tzlich kann je nach Konfiguration eine Glasgow-Interpretation aktiviert werden. Dar\u00fcber hinaus stehen verschiedene EKG-Filter zur Verf\u00fcgung, um die Signalqualit\u00e4t zu optimieren und Interferenzen zu minimieren. <\/p><p>Integrierte Hauptfunktionen :<\/p><ul><li>Automatische und manuelle EKG-Aufzeichnung<\/li><li>Automatische Erkennung des Herzschrittmachers<\/li><li>EKG-Filter zur Verbesserung der Darstellung<\/li><li>Option zur EKG-Interpretation (Glasgow)<\/li><li>Ausdruck der 12 Ableitungen in mehreren Formaten<\/li><\/ul>\t\t\t\t\t\t\t\t<\/div>\n\t\t\t\t<div class=\"elementor-element elementor-element-9d0ff17 elementor-widget elementor-widget-heading\" data-id=\"9d0ff17\" data-element_type=\"widget\" data-e-type=\"widget\" data-widget_type=\"heading.default\">\n\t\t\t\t\t<h2 class=\"elementor-heading-title elementor-size-default\">Nutzung, Einhaltung und Empfehlungen<\/h2>\t\t\t\t<\/div>\n\t\t\t\t<div class=\"elementor-element elementor-element-7c182f7 elementor-widget elementor-widget-text-editor\" data-id=\"7c182f7\" data-element_type=\"widget\" data-e-type=\"widget\" data-widget_type=\"text-editor.default\">\n\t\t\t\t\t\t\t\t\t<p>Der Edan SE-601B Elektrokardiograph ist f\u00fcr den Einsatz in medizinischen Einrichtungen bestimmt, die dem schweizerischen Rechtsrahmen entsprechen. Der Betrieb dieses Ger\u00e4ts entspricht den Anforderungen des Bundesamts f\u00fcr Gesundheit (BAG) f\u00fcr Medizinprodukte, die in der klinischen Praxis eingesetzt werden. <\/p><p>Das Inverkehrbringen und die Verwendung des Ger\u00e4ts fallen unter die Aufsicht von Swissmedic, der Schweizer Beh\u00f6rde f\u00fcr Medizinprodukte. Dar\u00fcber hinaus legt die Medizinprodukteverordnung (Medical Device Ordinance, MDDO) die Pflichten der Anwendereinrichtungen fest. <\/p><p>Schlie\u00dflich k\u00f6nnen technische Referenzen beim Schweizerischen Informationszentrum f\u00fcr technische Regeln (Switec) f\u00fcr die Auslegung der anwendbaren Normen konsultiert werden.<br>\t\t<div data-elementor-type=\"widget\" data-elementor-id=\"59088\" class=\"elementor elementor-59088 elementor-59083 elementor-59083\" data-elementor-post-type=\"elementor_library\">\n\t\t\t\t\t\t<div class=\"elementor-element elementor-element-59083 elementor-widget elementor-widget-text-editor\" data-id=\"59083\" data-element_type=\"widget\" data-e-type=\"widget\" data-widget_type=\"text-editor.default\">\n\t\t\t\t\t\t\t\t\t<p>Weitere Informationen finden Sie unter :<\/p><ul><li><a href=\"https:\/\/www.swissmedic.ch\" target=\"_blank\" rel=\"noopener\">Swissmedic<\/a><\/li><li><a href=\"https:\/\/www.bag.admin.ch\" target=\"_blank\" rel=\"noopener\">Bundesamt f\u00fcr Gesundheit (BAG)<\/a><\/li><li><a href=\"https:\/\/www.switec.info\" target=\"_blank\" rel=\"noopener\">Schweizerisches Informationszentrum f\u00fcr technische Regeln (Switec)<\/a><\/li><li><a href=\"https:\/\/www.fedlex.admin.ch\/eli\/cc\/2020\/552\/\" target=\"_blank\" rel=\"noopener\">Verordnung \u00fcber Medizinprodukte (MDDV oder MedDO)<\/a><\/li><\/ul><p><br>Unsere Medizinprodukte haben einen autorisierten Vertreter in der Schweiz (CH-REP), gem\u00e4\u00df der geltenden schweizerischen Gesetzgebung f\u00fcr Medizinprodukte.<\/p>\t\t\t\t\t\t\t\t<\/div>\n\t\t\t\t<\/div>\n\t\t<br>Klicken Sie hier, um die <a href=\"https:\/\/swixed.ch\/de\/produkt\/sed94001\/\">regelm\u00e4\u00dfige Wartung<\/a> zu buchen.<\/p>\t\t\t\t\t\t\t\t<\/div>\n\t\t\t\t<div class=\"elementor-element elementor-element-871b6ee elementor-widget elementor-widget-heading\" data-id=\"871b6ee\" data-element_type=\"widget\" data-e-type=\"widget\" data-widget_type=\"heading.default\">\n\t\t\t\t\t<h2 class=\"elementor-heading-title elementor-size-default\">Inhalt<\/h2>\t\t\t\t<\/div>\n\t\t\t\t<div class=\"elementor-element elementor-element-9bf2915 elementor-widget elementor-widget-text-editor\" data-id=\"9bf2915\" data-element_type=\"widget\" data-e-type=\"widget\" data-widget_type=\"text-editor.default\">\n\t\t\t\t\t\t\t\t\t<p>Der Elektrokardiograph Edan SE-601B wird mit dem notwendigen Zubeh\u00f6r geliefert, so dass Sie ihn sofort in Betrieb nehmen k\u00f6nnen.<\/p><p>Standardinhalt :<\/p><ul><li>Edan SE-601B mit gro\u00dfem Farbdisplay ohne Touchscreen<\/li><li>1 10-adriges Patientenkabel mit Bananensteckern<\/li><li>6 pr\u00e4kordiale Elektroden<\/li><li>4 Gliedma\u00dfenklammern mit eingebauten Elektroden<\/li><li>1 Rolle Thermopapier<\/li><li>1 Bedienungsanleitung<\/li><\/ul>\t\t\t\t\t\t\t\t<\/div>\n\t\t\t\t<\/div>\n\t\t\t\t<\/div>\n\t\t\t\t<\/div>\n\t\t","protected":false},"excerpt":{"rendered":"<p>Der Edan SE-601B ist ein 6-Kanal-Ruhe-EKG-Elektrokardiograph, der f\u00fcr die Erfassung und Bearbeitung von EKG-Signalen in professionellen Umgebungen entwickelt wurde. Er ist mit einem LCD-Bildschirm f\u00fcr die Anzeige der Kurven und einem integrierten Thermodrucker f\u00fcr den direkten Ausdruck ausgestattet. Ein USB-Anschluss erm\u00f6glicht den Export und die Verwaltung von Daten. Kompaktes Modell, CE-zertifiziert und kompatibel mit dem EKG-Zubeh\u00f6r von Edan.   <\/p>\n","protected":false},"featured_media":60917,"template":"","meta":{"_acf_changed":false},"product_brand":[2085],"product_cat":[954,973],"product_tag":[7699,7742,7710,7744,7702,7743,7715,7706,2277,6051],"class_list":{"0":"post-33279","1":"product","2":"type-product","3":"status-publish","4":"has-post-thumbnail","6":"product_brand-edan-de","7":"product_cat-elektrokardiographen","8":"product_cat-ruhe-ekg","9":"product_tag-12d-ekg","10":"product_tag-autonomes-ekg","11":"product_tag-diagnostisches-ekg","12":"product_tag-ekg-drucker","13":"product_tag-ekg-erfassung","14":"product_tag-ekg-touchscreen","15":"product_tag-ekg-untersuchung","16":"product_tag-kabel-ekg","17":"product_tag-ruhe-ekg","18":"product_tag-tragbares-ekg-gerat","20":"first","21":"instock","22":"sale","23":"taxable","24":"shipping-taxable","25":"purchasable","26":"product-type-variable","27":"has-default-attributes"},"acf":[],"yoast_head":"<!-- This site is optimized with the Yoast SEO Premium plugin v27.4 (Yoast SEO v27.4) - https:\/\/yoast.com\/product\/yoast-seo-premium-wordpress\/ -->\n<title>Elektrokardiograph Edan SE-601B 6-Kanal-EKG Farb-EKG | Swixed SA<\/title>\n<meta name=\"description\" content=\"Edan SE-601B 6-Kanal-Elektrokardiograph mit Farbbildschirm, integriertem Thermodruck und USB-, Ethernet- und RS232-Anschluss f\u00fcr Ruhe-EKGs.\" \/>\n<meta name=\"robots\" content=\"index, follow, max-snippet:-1, max-image-preview:large, max-video-preview:-1\" \/>\n<link rel=\"canonical\" href=\"https:\/\/swixed.ch\/de\/produkt\/sed10002\/\" \/>\n<meta property=\"og:locale\" content=\"de_DE\" \/>\n<meta property=\"og:type\" content=\"article\" \/>\n<meta property=\"og:title\" content=\"Elektrokardiograph Edan SE-601B Ruhe-EKG\" \/>\n<meta property=\"og:description\" content=\"Edan SE-601B 6-Kanal-Elektrokardiograph mit Farbbildschirm, integriertem Thermodruck und USB-, Ethernet- und RS232-Anschluss f\u00fcr Ruhe-EKGs.\" \/>\n<meta property=\"og:url\" content=\"https:\/\/swixed.ch\/de\/produkt\/sed10002\/\" \/>\n<meta property=\"og:site_name\" content=\"Swixed SA\" \/>\n<meta property=\"article:publisher\" content=\"https:\/\/www.facebook.com\/swixed\" \/>\n<meta property=\"article:modified_time\" content=\"2026-03-25T18:23:56+00:00\" \/>\n<meta property=\"og:image\" content=\"https:\/\/swixed.ch\/wp-content\/uploads\/2026\/01\/SED10002-01.png\" \/>\n\t<meta property=\"og:image:width\" content=\"600\" \/>\n\t<meta property=\"og:image:height\" content=\"600\" \/>\n\t<meta property=\"og:image:type\" content=\"image\/png\" \/>\n<meta name=\"twitter:card\" content=\"summary_large_image\" \/>\n<meta name=\"twitter:label1\" content=\"Gesch\u00e4tzte Lesezeit\" \/>\n\t<meta name=\"twitter:data1\" content=\"1\u00a0Minute\" \/>\n<script type=\"application\/ld+json\" class=\"yoast-schema-graph\">{\"@context\":\"https:\\\/\\\/schema.org\",\"@graph\":[{\"@type\":\"WebPage\",\"@id\":\"https:\\\/\\\/swixed.ch\\\/de\\\/produkt\\\/sed10002\\\/\",\"url\":\"https:\\\/\\\/swixed.ch\\\/de\\\/produkt\\\/sed10002\\\/\",\"name\":\"Elektrokardiograph Edan SE-601B 6-Kanal-EKG Farb-EKG | Swixed SA\",\"isPartOf\":{\"@id\":\"https:\\\/\\\/swixed.ch\\\/de\\\/#website\"},\"primaryImageOfPage\":{\"@id\":\"https:\\\/\\\/swixed.ch\\\/de\\\/produkt\\\/sed10002\\\/#primaryimage\"},\"image\":{\"@id\":\"https:\\\/\\\/swixed.ch\\\/de\\\/produkt\\\/sed10002\\\/#primaryimage\"},\"thumbnailUrl\":\"https:\\\/\\\/swixed.ch\\\/wp-content\\\/uploads\\\/2026\\\/01\\\/SED10002-01.png\",\"datePublished\":\"2021-04-23T06:17:55+00:00\",\"dateModified\":\"2026-03-25T18:23:56+00:00\",\"description\":\"Edan SE-601B 6-Kanal-Elektrokardiograph mit Farbbildschirm, integriertem Thermodruck und USB-, Ethernet- und RS232-Anschluss f\u00fcr Ruhe-EKGs.\",\"breadcrumb\":{\"@id\":\"https:\\\/\\\/swixed.ch\\\/de\\\/produkt\\\/sed10002\\\/#breadcrumb\"},\"inLanguage\":\"de\",\"potentialAction\":[{\"@type\":\"ReadAction\",\"target\":[\"https:\\\/\\\/swixed.ch\\\/de\\\/produkt\\\/sed10002\\\/\"]}]},{\"@type\":\"ImageObject\",\"inLanguage\":\"de\",\"@id\":\"https:\\\/\\\/swixed.ch\\\/de\\\/produkt\\\/sed10002\\\/#primaryimage\",\"url\":\"https:\\\/\\\/swixed.ch\\\/wp-content\\\/uploads\\\/2026\\\/01\\\/SED10002-01.png\",\"contentUrl\":\"https:\\\/\\\/swixed.ch\\\/wp-content\\\/uploads\\\/2026\\\/01\\\/SED10002-01.png\",\"width\":600,\"height\":600,\"caption\":\"SED10002\"},{\"@type\":\"BreadcrumbList\",\"@id\":\"https:\\\/\\\/swixed.ch\\\/de\\\/produkt\\\/sed10002\\\/#breadcrumb\",\"itemListElement\":[{\"@type\":\"ListItem\",\"position\":1,\"name\":\"Startseite\",\"item\":\"https:\\\/\\\/swixed.ch\\\/de\\\/home\\\/\"},{\"@type\":\"ListItem\",\"position\":2,\"name\":\"Shop\",\"item\":\"https:\\\/\\\/swixed.ch\\\/de\\\/shop\\\/\"},{\"@type\":\"ListItem\",\"position\":3,\"name\":\"Elektrokardiograph Edan SE-601B Ruhe-EKG\"}]},{\"@type\":\"WebSite\",\"@id\":\"https:\\\/\\\/swixed.ch\\\/de\\\/#website\",\"url\":\"https:\\\/\\\/swixed.ch\\\/de\\\/\",\"name\":\"Swixed SA\",\"description\":\"Elektronische Ger\u00e4te\",\"publisher\":{\"@id\":\"https:\\\/\\\/swixed.ch\\\/de\\\/#organization\"},\"potentialAction\":[{\"@type\":\"SearchAction\",\"target\":{\"@type\":\"EntryPoint\",\"urlTemplate\":\"https:\\\/\\\/swixed.ch\\\/de\\\/?s={search_term_string}\"},\"query-input\":{\"@type\":\"PropertyValueSpecification\",\"valueRequired\":true,\"valueName\":\"search_term_string\"}}],\"inLanguage\":\"de\"},{\"@type\":\"Organization\",\"@id\":\"https:\\\/\\\/swixed.ch\\\/de\\\/#organization\",\"name\":\"Swixed SA\",\"url\":\"https:\\\/\\\/swixed.ch\\\/de\\\/\",\"logo\":{\"@type\":\"ImageObject\",\"inLanguage\":\"de\",\"@id\":\"https:\\\/\\\/swixed.ch\\\/de\\\/#\\\/schema\\\/logo\\\/image\\\/\",\"url\":\"https:\\\/\\\/swixed.ch\\\/wp-content\\\/uploads\\\/logos\\\/swixed-logo-lite.png\",\"contentUrl\":\"https:\\\/\\\/swixed.ch\\\/wp-content\\\/uploads\\\/logos\\\/swixed-logo-lite.png\",\"width\":696,\"height\":696,\"caption\":\"Swixed SA\"},\"image\":{\"@id\":\"https:\\\/\\\/swixed.ch\\\/de\\\/#\\\/schema\\\/logo\\\/image\\\/\"},\"sameAs\":[\"https:\\\/\\\/www.facebook.com\\\/swixed\",\"https:\\\/\\\/www.linkedin.com\\\/company\\\/swixed\",\"https:\\\/\\\/www.youtube.com\\\/@swixedsa\"],\"description\":\"Swixed SA est une entreprise suisse bas\u00e9e \u00e0 Gen\u00e8ve, sp\u00e9cialis\u00e9e dans la vente, la location et la maintenance d\u2019appareils m\u00e9dicaux professionnels, tels que d\u00e9fibrillateurs AED, \u00e9lectrocardiographes, moniteurs patient et dispositifs de diagnostic.\",\"email\":\"infoshop@swixed.ch\",\"telephone\":\"+41 22 566 11 95\",\"legalName\":\"Swixed SA\",\"foundingDate\":\"2021-03-01\",\"numberOfEmployees\":{\"@type\":\"QuantitativeValue\",\"minValue\":\"1\",\"maxValue\":\"10\"}}]}<\/script>\n<!-- \/ Yoast SEO Premium plugin. -->","yoast_head_json":{"title":"Elektrokardiograph Edan SE-601B 6-Kanal-EKG Farb-EKG | Swixed SA","description":"Edan SE-601B 6-Kanal-Elektrokardiograph mit Farbbildschirm, integriertem Thermodruck und USB-, Ethernet- und RS232-Anschluss f\u00fcr Ruhe-EKGs.","robots":{"index":"index","follow":"follow","max-snippet":"max-snippet:-1","max-image-preview":"max-image-preview:large","max-video-preview":"max-video-preview:-1"},"canonical":"https:\/\/swixed.ch\/de\/produkt\/sed10002\/","og_locale":"de_DE","og_type":"article","og_title":"Elektrokardiograph Edan SE-601B Ruhe-EKG","og_description":"Edan SE-601B 6-Kanal-Elektrokardiograph mit Farbbildschirm, integriertem Thermodruck und USB-, Ethernet- und RS232-Anschluss f\u00fcr Ruhe-EKGs.","og_url":"https:\/\/swixed.ch\/de\/produkt\/sed10002\/","og_site_name":"Swixed SA","article_publisher":"https:\/\/www.facebook.com\/swixed","article_modified_time":"2026-03-25T18:23:56+00:00","og_image":[{"width":600,"height":600,"url":"https:\/\/swixed.ch\/wp-content\/uploads\/2026\/01\/SED10002-01.png","type":"image\/png"}],"twitter_card":"summary_large_image","twitter_misc":{"Gesch\u00e4tzte Lesezeit":"1\u00a0Minute"},"schema":{"@context":"https:\/\/schema.org","@graph":[{"@type":"WebPage","@id":"https:\/\/swixed.ch\/de\/produkt\/sed10002\/","url":"https:\/\/swixed.ch\/de\/produkt\/sed10002\/","name":"Elektrokardiograph Edan SE-601B 6-Kanal-EKG Farb-EKG | Swixed SA","isPartOf":{"@id":"https:\/\/swixed.ch\/de\/#website"},"primaryImageOfPage":{"@id":"https:\/\/swixed.ch\/de\/produkt\/sed10002\/#primaryimage"},"image":{"@id":"https:\/\/swixed.ch\/de\/produkt\/sed10002\/#primaryimage"},"thumbnailUrl":"https:\/\/swixed.ch\/wp-content\/uploads\/2026\/01\/SED10002-01.png","datePublished":"2021-04-23T06:17:55+00:00","dateModified":"2026-03-25T18:23:56+00:00","description":"Edan SE-601B 6-Kanal-Elektrokardiograph mit Farbbildschirm, integriertem Thermodruck und USB-, Ethernet- und RS232-Anschluss f\u00fcr Ruhe-EKGs.","breadcrumb":{"@id":"https:\/\/swixed.ch\/de\/produkt\/sed10002\/#breadcrumb"},"inLanguage":"de","potentialAction":[{"@type":"ReadAction","target":["https:\/\/swixed.ch\/de\/produkt\/sed10002\/"]}]},{"@type":"ImageObject","inLanguage":"de","@id":"https:\/\/swixed.ch\/de\/produkt\/sed10002\/#primaryimage","url":"https:\/\/swixed.ch\/wp-content\/uploads\/2026\/01\/SED10002-01.png","contentUrl":"https:\/\/swixed.ch\/wp-content\/uploads\/2026\/01\/SED10002-01.png","width":600,"height":600,"caption":"SED10002"},{"@type":"BreadcrumbList","@id":"https:\/\/swixed.ch\/de\/produkt\/sed10002\/#breadcrumb","itemListElement":[{"@type":"ListItem","position":1,"name":"Startseite","item":"https:\/\/swixed.ch\/de\/home\/"},{"@type":"ListItem","position":2,"name":"Shop","item":"https:\/\/swixed.ch\/de\/shop\/"},{"@type":"ListItem","position":3,"name":"Elektrokardiograph Edan SE-601B Ruhe-EKG"}]},{"@type":"WebSite","@id":"https:\/\/swixed.ch\/de\/#website","url":"https:\/\/swixed.ch\/de\/","name":"Swixed SA","description":"Elektronische Ger\u00e4te","publisher":{"@id":"https:\/\/swixed.ch\/de\/#organization"},"potentialAction":[{"@type":"SearchAction","target":{"@type":"EntryPoint","urlTemplate":"https:\/\/swixed.ch\/de\/?s={search_term_string}"},"query-input":{"@type":"PropertyValueSpecification","valueRequired":true,"valueName":"search_term_string"}}],"inLanguage":"de"},{"@type":"Organization","@id":"https:\/\/swixed.ch\/de\/#organization","name":"Swixed SA","url":"https:\/\/swixed.ch\/de\/","logo":{"@type":"ImageObject","inLanguage":"de","@id":"https:\/\/swixed.ch\/de\/#\/schema\/logo\/image\/","url":"https:\/\/swixed.ch\/wp-content\/uploads\/logos\/swixed-logo-lite.png","contentUrl":"https:\/\/swixed.ch\/wp-content\/uploads\/logos\/swixed-logo-lite.png","width":696,"height":696,"caption":"Swixed SA"},"image":{"@id":"https:\/\/swixed.ch\/de\/#\/schema\/logo\/image\/"},"sameAs":["https:\/\/www.facebook.com\/swixed","https:\/\/www.linkedin.com\/company\/swixed","https:\/\/www.youtube.com\/@swixedsa"],"description":"Swixed SA est une entreprise suisse bas\u00e9e \u00e0 Gen\u00e8ve, sp\u00e9cialis\u00e9e dans la vente, la location et la maintenance d\u2019appareils m\u00e9dicaux professionnels, tels que d\u00e9fibrillateurs AED, \u00e9lectrocardiographes, moniteurs patient et dispositifs de diagnostic.","email":"infoshop@swixed.ch","telephone":"+41 22 566 11 95","legalName":"Swixed SA","foundingDate":"2021-03-01","numberOfEmployees":{"@type":"QuantitativeValue","minValue":"1","maxValue":"10"}}]}},"_links":{"self":[{"href":"https:\/\/swixed.ch\/de\/wp-json\/wp\/v2\/product\/33279","targetHints":{"allow":["GET"]}}],"collection":[{"href":"https:\/\/swixed.ch\/de\/wp-json\/wp\/v2\/product"}],"about":[{"href":"https:\/\/swixed.ch\/de\/wp-json\/wp\/v2\/types\/product"}],"version-history":[{"count":0,"href":"https:\/\/swixed.ch\/de\/wp-json\/wp\/v2\/product\/33279\/revisions"}],"wp:featuredmedia":[{"embeddable":true,"href":"https:\/\/swixed.ch\/de\/wp-json\/wp\/v2\/media\/60917"}],"wp:attachment":[{"href":"https:\/\/swixed.ch\/de\/wp-json\/wp\/v2\/media?parent=33279"}],"wp:term":[{"taxonomy":"product_brand","embeddable":true,"href":"https:\/\/swixed.ch\/de\/wp-json\/wp\/v2\/product_brand?post=33279"},{"taxonomy":"product_cat","embeddable":true,"href":"https:\/\/swixed.ch\/de\/wp-json\/wp\/v2\/product_cat?post=33279"},{"taxonomy":"product_tag","embeddable":true,"href":"https:\/\/swixed.ch\/de\/wp-json\/wp\/v2\/product_tag?post=33279"}],"curies":[{"name":"wp","href":"https:\/\/api.w.org\/{rel}","templated":true}]}}