{"id":33292,"date":"2021-04-26T17:52:04","date_gmt":"2021-04-26T16:52:04","guid":{"rendered":"https:\/\/swixed.com\/produit\/contec-cms50d2-pulsoximeter\/"},"modified":"2026-04-21T06:47:37","modified_gmt":"2026-04-21T05:47:37","slug":"sed70001","status":"publish","type":"product","link":"https:\/\/swixed.ch\/de\/produkt\/sed70001\/","title":{"rendered":"Contec CMS50D2 Pulsoximeter"},"content":{"rendered":"\t\t<div data-elementor-type=\"product-post\" data-elementor-id=\"33292\" class=\"elementor elementor-33292 elementor-3125\" data-elementor-post-type=\"product\">\n\t\t\t\t<div class=\"elementor-element elementor-element-3008b71 e-con-full e-flex e-con e-parent\" data-id=\"3008b71\" data-element_type=\"container\" data-e-type=\"container\">\n\t\t<div class=\"elementor-element elementor-element-8940462 e-con-full e-flex e-con e-child\" data-id=\"8940462\" data-element_type=\"container\" data-e-type=\"container\">\n\t\t\t\t<div class=\"elementor-element elementor-element-cd225ae elementor-widget elementor-widget-heading\" data-id=\"cd225ae\" data-element_type=\"widget\" data-e-type=\"widget\" data-widget_type=\"heading.default\">\n\t\t\t\t\t<h2 class=\"elementor-heading-title elementor-size-default\">Hauptmerkmale<\/h2>\t\t\t\t<\/div>\n\t\t\t\t<div class=\"elementor-element elementor-element-3d7a324 elementor-widget elementor-widget-text-editor\" data-id=\"3d7a324\" data-element_type=\"widget\" data-e-type=\"widget\" data-widget_type=\"text-editor.default\">\n\t\t\t\t\t\t\t\t\t<p>Zun\u00e4chst f\u00fchrt das Contec CMS50D2 Pulsoximeter die Messung der Sauerstoffs\u00e4ttigung (SpO\u2082) und der Herzfrequenz mittels nichtinvasiver optischer Technologie durch. Anschlie\u00dfend analysiert der Sensor die Ver\u00e4nderungen der Lichtabsorption am Finger, um stabile numerische Werte zu liefern. Daher kann der Benutzer die Ergebnisse schnell auf dem drehbaren LCD-Bildschirm sehen.<br>Dar\u00fcber hinaus enth\u00e4lt das Display die Plethysmographie-Kurve, was das Ablesen des Signals verbessert. So kombiniert das Ger\u00e4t eine einfache Bedienung mit einer klaren Wiedergabe der Messdaten, ohne dass eine komplizierte Konfiguration erforderlich ist.   <\/p><p>Wichtigste technische Merkmale :<\/p><ul><li>Messung von SpO\u2082 und Herzfrequenz<\/li><li>Drehbarer LCD-Bildschirm mit digitaler Anzeige<\/li><li>Integrierte Plethysmographie-Kurve<\/li><li>Ein-Knopf-Bedienung<\/li><li>Automatische Abschaltung zur Energieeinsparung<\/li><\/ul>\t\t\t\t\t\t\t\t<\/div>\n\t\t\t\t<div class=\"elementor-element elementor-element-8a34698 elementor-widget elementor-widget-heading\" data-id=\"8a34698\" data-element_type=\"widget\" data-e-type=\"widget\" data-widget_type=\"heading.default\">\n\t\t\t\t\t<h2 class=\"elementor-heading-title elementor-size-default\">Funktionen<\/h2>\t\t\t\t<\/div>\n\t\t\t\t<div class=\"elementor-element elementor-element-25418af elementor-widget elementor-widget-text-editor\" data-id=\"25418af\" data-element_type=\"widget\" data-e-type=\"widget\" data-widget_type=\"text-editor.default\">\n\t\t\t\t\t\t\t\t\tEinerseits hat der Contec CMS50D2 ein kompaktes Format, das den Transport und die Lagerung erleichtert. Andererseits erm\u00f6glicht das geringe Gewicht eine komfortable Handhabung bei kurzen Messungen. Das drehbare Display verbessert die Ablesbarkeit je nach Position des Fingers.\nDank der AAA-Batterien ist das Ger\u00e4t ohne vorherige Installation sofort einsatzbereit. So l\u00e4sst sich das Oximeter leicht in verschiedene Nutzungsumgebungen integrieren, wobei der technische und funktionelle Ansatz beibehalten wird.   \t\t\t\t\t\t\t\t<\/div>\n\t\t\t\t<div class=\"elementor-element elementor-element-b8dda06 elementor-widget elementor-widget-heading\" data-id=\"b8dda06\" data-element_type=\"widget\" data-e-type=\"widget\" data-widget_type=\"heading.default\">\n\t\t\t\t\t<h2 class=\"elementor-heading-title elementor-size-default\">Nutzung und rechtliche Rahmenbedingungen in der Schweiz<\/h2>\t\t\t\t<\/div>\n\t\t\t\t<div class=\"elementor-element elementor-element-f4149dd elementor-widget elementor-widget-text-editor\" data-id=\"f4149dd\" data-element_type=\"widget\" data-e-type=\"widget\" data-widget_type=\"text-editor.default\">\n\t\t\t\t\t\t\t\t\t<p>Vor der Verwendung sollten Sie die Anweisungen des Herstellers befolgen. In der Schweiz fallen medizinische Ger\u00e4te wie dieses Oximeter unter den regulatorischen Rahmen, der vom Bundesamt f\u00fcr Gesundheit und von Swissmedic beaufsichtigt wird. Diese Beh\u00f6rden wenden insbesondere die Medical Devices Ordinance an, um das Inverkehrbringen von Medizinprodukten zu regeln.  <br>Dar\u00fcber hinaus tragen eine regelm\u00e4\u00dfige Sichtkontrolle und der Austausch der Batterien zur Aufrechterhaltung der Funktionsf\u00e4higkeit bei. Schlie\u00dflich wird empfohlen, die technische Dokumentation aufzubewahren, um eine Verwendung gem\u00e4\u00df den geltenden Anforderungen zu gew\u00e4hrleisten.<br>Dar\u00fcber hinaus basiert die Regulierung auf der Medical Devices Ordinance (MedDO), die die europ\u00e4ischen Anforderungen in der Schweiz umsetzt. Daher sind die CE-Konformit\u00e4t, die R\u00fcckverfolgbarkeit und die regelm\u00e4\u00dfige Wartung wesentliche Elemente des Lebenszyklus des Produkts.<br>Eine regelm\u00e4\u00dfige Wartung erm\u00f6glicht es daher, den Zustand der Elektroden, der Stromversorgung und der internen Funktionen zu \u00fcberpr\u00fcfen. Auf diese Weise bleiben die technische Leistung und die Einhaltung der gesetzlichen Vorschriften dauerhaft erhalten.   <br>\t\t<div data-elementor-type=\"widget\" data-elementor-id=\"59088\" class=\"elementor elementor-59088 elementor-59083 elementor-59083\" data-elementor-post-type=\"elementor_library\">\n\t\t\t\t\t\t<div class=\"elementor-element elementor-element-59083 elementor-widget elementor-widget-text-editor\" data-id=\"59083\" data-element_type=\"widget\" data-e-type=\"widget\" data-widget_type=\"text-editor.default\">\n\t\t\t\t\t\t\t\t\t<p>Weitere Informationen finden Sie unter :<\/p><ul><li><a href=\"https:\/\/www.swissmedic.ch\" target=\"_blank\" rel=\"noopener\">Swissmedic<\/a><\/li><li><a href=\"https:\/\/www.bag.admin.ch\" target=\"_blank\" rel=\"noopener\">Bundesamt f\u00fcr Gesundheit (BAG)<\/a><\/li><li><a href=\"https:\/\/www.switec.info\" target=\"_blank\" rel=\"noopener\">Schweizerisches Informationszentrum f\u00fcr technische Regeln (Switec)<\/a><\/li><li><a href=\"https:\/\/www.fedlex.admin.ch\/eli\/cc\/2020\/552\/\" target=\"_blank\" rel=\"noopener\">Verordnung \u00fcber Medizinprodukte (MDDV oder MedDO)<\/a><\/li><\/ul><p><br>Unsere Medizinprodukte haben einen autorisierten Vertreter in der Schweiz (CH-REP), gem\u00e4\u00df der geltenden schweizerischen Gesetzgebung f\u00fcr Medizinprodukte.<\/p>\t\t\t\t\t\t\t\t<\/div>\n\t\t\t\t<\/div>\n\t\t<br>Klicken Sie hier, um die <a href=\"https:\/\/swixed.ch\/de\/produkt\/sed94005\/\">regelm\u00e4\u00dfige Wartung<\/a> zu buchen.<\/p>\t\t\t\t\t\t\t\t<\/div>\n\t\t\t\t<div class=\"elementor-element elementor-element-ea58c68 elementor-widget elementor-widget-heading\" data-id=\"ea58c68\" data-element_type=\"widget\" data-e-type=\"widget\" data-widget_type=\"heading.default\">\n\t\t\t\t\t<h2 class=\"elementor-heading-title elementor-size-default\">Inhalt<\/h2>\t\t\t\t<\/div>\n\t\t\t\t<div class=\"elementor-element elementor-element-a3f8bb3 elementor-widget elementor-widget-text-editor\" data-id=\"a3f8bb3\" data-element_type=\"widget\" data-e-type=\"widget\" data-widget_type=\"text-editor.default\">\n\t\t\t\t\t\t\t\t\t<ul><li>1 Pulsoximeter CMS50D2<\/li><li>1 Handgelenkschlaufe<\/li><li>2 AAA-Batterien<\/li><li>1 Gebrauchsanweisung (Englisch)<\/li><\/ul>\t\t\t\t\t\t\t\t<\/div>\n\t\t\t\t<\/div>\n\t\t\t\t<\/div>\n\t\t\t\t<\/div>\n\t\t","protected":false},"excerpt":{"rendered":"<p>Das Contec CMS50D2 ist ein digitales Pulsoximeter im kompakten Format mit einem OLED-Display zur Anzeige von Betriebsinformationen. Das Ger\u00e4t wird mit Batterien betrieben und verf\u00fcgt \u00fcber eine automatische Abschaltfunktion, um den Energieverbrauch zu optimieren. Das Ger\u00e4t ist CE-zertifiziert und entspricht den technischen Spezifikationen des Herstellers und ist f\u00fcr den Einsatz in professionellen und institutionellen Umgebungen vorgesehen.  <\/p>\n","protected":false},"featured_media":58388,"template":"","meta":{"_acf_changed":false},"product_brand":[2140],"product_cat":[1114,1112],"product_tag":[7760,7757,7753,7759,7755,7586,7758,7754,7756,1181],"class_list":{"0":"post-33292","1":"product","2":"type-product","3":"status-publish","4":"has-post-thumbnail","6":"product_brand-contec-de","7":"product_cat-geraete-pulsoximeter","8":"product_cat-pulsoximeter","9":"product_tag-automatische-abschaltung","10":"product_tag-batterieanzeige","11":"product_tag-hr","12":"product_tag-infusionsindikator-pi","13":"product_tag-kompaktes-format","14":"product_tag-nicht-invasive-messung","15":"product_tag-oled-anzeige","16":"product_tag-pulsoximeter-finger","17":"product_tag-sofortige-wiedergabe","18":"product_tag-spo2-de","19":"product_shipping_class-flat-rate-shipping","21":"first","22":"instock","23":"sale","24":"taxable","25":"shipping-taxable","26":"purchasable","27":"product-type-simple"},"acf":[],"yoast_head":"<!-- This site is optimized with the Yoast SEO Premium plugin v27.4 (Yoast SEO v27.4) - https:\/\/yoast.com\/product\/yoast-seo-premium-wordpress\/ -->\n<title>Contec CMS50D2 Pulsoximeter | Swixed SA<\/title>\n<meta name=\"description\" content=\"Contec CMS50D2 Pulsoximeter mit drehbarem LCD-Display, SpO\u2082- und Herzfrequenzmessung, kompaktem Format und einfacher Bedienung.\" \/>\n<meta name=\"robots\" content=\"index, follow, max-snippet:-1, max-image-preview:large, max-video-preview:-1\" \/>\n<link rel=\"canonical\" href=\"https:\/\/swixed.ch\/de\/produkt\/sed70001\/\" \/>\n<meta property=\"og:locale\" content=\"de_DE\" \/>\n<meta property=\"og:type\" content=\"article\" \/>\n<meta property=\"og:title\" content=\"Contec CMS50D2 Pulsoximeter\" \/>\n<meta property=\"og:description\" content=\"Contec CMS50D2 Pulsoximeter mit drehbarem LCD-Display, SpO\u2082- und Herzfrequenzmessung, kompaktem Format und einfacher Bedienung.\" \/>\n<meta property=\"og:url\" content=\"https:\/\/swixed.ch\/de\/produkt\/sed70001\/\" \/>\n<meta property=\"og:site_name\" content=\"Swixed SA\" \/>\n<meta property=\"article:publisher\" content=\"https:\/\/www.facebook.com\/swixed\" \/>\n<meta property=\"article:modified_time\" content=\"2026-04-21T05:47:37+00:00\" \/>\n<meta property=\"og:image\" content=\"https:\/\/swixed.ch\/wp-content\/uploads\/2026\/01\/SED70001-01.png\" \/>\n\t<meta property=\"og:image:width\" content=\"600\" \/>\n\t<meta property=\"og:image:height\" content=\"600\" \/>\n\t<meta property=\"og:image:type\" content=\"image\/png\" \/>\n<meta name=\"twitter:card\" content=\"summary_large_image\" \/>\n<meta name=\"twitter:label1\" content=\"Gesch\u00e4tzte Lesezeit\" \/>\n\t<meta name=\"twitter:data1\" content=\"2\u00a0Minuten\" \/>\n<script type=\"application\/ld+json\" class=\"yoast-schema-graph\">{\"@context\":\"https:\\\/\\\/schema.org\",\"@graph\":[{\"@type\":\"WebPage\",\"@id\":\"https:\\\/\\\/swixed.ch\\\/de\\\/produkt\\\/sed70001\\\/\",\"url\":\"https:\\\/\\\/swixed.ch\\\/de\\\/produkt\\\/sed70001\\\/\",\"name\":\"Contec CMS50D2 Pulsoximeter | Swixed SA\",\"isPartOf\":{\"@id\":\"https:\\\/\\\/swixed.ch\\\/de\\\/#website\"},\"primaryImageOfPage\":{\"@id\":\"https:\\\/\\\/swixed.ch\\\/de\\\/produkt\\\/sed70001\\\/#primaryimage\"},\"image\":{\"@id\":\"https:\\\/\\\/swixed.ch\\\/de\\\/produkt\\\/sed70001\\\/#primaryimage\"},\"thumbnailUrl\":\"https:\\\/\\\/swixed.ch\\\/wp-content\\\/uploads\\\/2026\\\/01\\\/SED70001-01.png\",\"datePublished\":\"2021-04-26T16:52:04+00:00\",\"dateModified\":\"2026-04-21T05:47:37+00:00\",\"description\":\"Contec CMS50D2 Pulsoximeter mit drehbarem LCD-Display, SpO\u2082- und Herzfrequenzmessung, kompaktem Format und einfacher Bedienung.\",\"breadcrumb\":{\"@id\":\"https:\\\/\\\/swixed.ch\\\/de\\\/produkt\\\/sed70001\\\/#breadcrumb\"},\"inLanguage\":\"de\",\"potentialAction\":[{\"@type\":\"ReadAction\",\"target\":[\"https:\\\/\\\/swixed.ch\\\/de\\\/produkt\\\/sed70001\\\/\"]}]},{\"@type\":\"ImageObject\",\"inLanguage\":\"de\",\"@id\":\"https:\\\/\\\/swixed.ch\\\/de\\\/produkt\\\/sed70001\\\/#primaryimage\",\"url\":\"https:\\\/\\\/swixed.ch\\\/wp-content\\\/uploads\\\/2026\\\/01\\\/SED70001-01.png\",\"contentUrl\":\"https:\\\/\\\/swixed.ch\\\/wp-content\\\/uploads\\\/2026\\\/01\\\/SED70001-01.png\",\"width\":600,\"height\":600,\"caption\":\"SED70001\"},{\"@type\":\"BreadcrumbList\",\"@id\":\"https:\\\/\\\/swixed.ch\\\/de\\\/produkt\\\/sed70001\\\/#breadcrumb\",\"itemListElement\":[{\"@type\":\"ListItem\",\"position\":1,\"name\":\"Startseite\",\"item\":\"https:\\\/\\\/swixed.ch\\\/de\\\/home\\\/\"},{\"@type\":\"ListItem\",\"position\":2,\"name\":\"Shop\",\"item\":\"https:\\\/\\\/swixed.ch\\\/de\\\/shop\\\/\"},{\"@type\":\"ListItem\",\"position\":3,\"name\":\"Contec CMS50D2 Pulsoximeter\"}]},{\"@type\":\"WebSite\",\"@id\":\"https:\\\/\\\/swixed.ch\\\/de\\\/#website\",\"url\":\"https:\\\/\\\/swixed.ch\\\/de\\\/\",\"name\":\"Swixed SA\",\"description\":\"Elektronische Ger\u00e4te\",\"publisher\":{\"@id\":\"https:\\\/\\\/swixed.ch\\\/de\\\/#organization\"},\"potentialAction\":[{\"@type\":\"SearchAction\",\"target\":{\"@type\":\"EntryPoint\",\"urlTemplate\":\"https:\\\/\\\/swixed.ch\\\/de\\\/?s={search_term_string}\"},\"query-input\":{\"@type\":\"PropertyValueSpecification\",\"valueRequired\":true,\"valueName\":\"search_term_string\"}}],\"inLanguage\":\"de\"},{\"@type\":\"Organization\",\"@id\":\"https:\\\/\\\/swixed.ch\\\/de\\\/#organization\",\"name\":\"Swixed SA\",\"url\":\"https:\\\/\\\/swixed.ch\\\/de\\\/\",\"logo\":{\"@type\":\"ImageObject\",\"inLanguage\":\"de\",\"@id\":\"https:\\\/\\\/swixed.ch\\\/de\\\/#\\\/schema\\\/logo\\\/image\\\/\",\"url\":\"https:\\\/\\\/swixed.ch\\\/wp-content\\\/uploads\\\/logos\\\/swixed-logo-lite.png\",\"contentUrl\":\"https:\\\/\\\/swixed.ch\\\/wp-content\\\/uploads\\\/logos\\\/swixed-logo-lite.png\",\"width\":696,\"height\":696,\"caption\":\"Swixed SA\"},\"image\":{\"@id\":\"https:\\\/\\\/swixed.ch\\\/de\\\/#\\\/schema\\\/logo\\\/image\\\/\"},\"sameAs\":[\"https:\\\/\\\/www.facebook.com\\\/swixed\",\"https:\\\/\\\/www.linkedin.com\\\/company\\\/swixed\",\"https:\\\/\\\/www.youtube.com\\\/@swixedsa\"],\"description\":\"Swixed SA est une entreprise suisse bas\u00e9e \u00e0 Gen\u00e8ve, sp\u00e9cialis\u00e9e dans la vente, la location et la maintenance d\u2019appareils m\u00e9dicaux professionnels, tels que d\u00e9fibrillateurs AED, \u00e9lectrocardiographes, moniteurs patient et dispositifs de diagnostic.\",\"email\":\"infoshop@swixed.ch\",\"telephone\":\"+41 22 566 11 95\",\"legalName\":\"Swixed SA\",\"foundingDate\":\"2021-03-01\",\"numberOfEmployees\":{\"@type\":\"QuantitativeValue\",\"minValue\":\"1\",\"maxValue\":\"10\"}}]}<\/script>\n<!-- \/ Yoast SEO Premium plugin. -->","yoast_head_json":{"title":"Contec CMS50D2 Pulsoximeter | Swixed SA","description":"Contec CMS50D2 Pulsoximeter mit drehbarem LCD-Display, SpO\u2082- und Herzfrequenzmessung, kompaktem Format und einfacher Bedienung.","robots":{"index":"index","follow":"follow","max-snippet":"max-snippet:-1","max-image-preview":"max-image-preview:large","max-video-preview":"max-video-preview:-1"},"canonical":"https:\/\/swixed.ch\/de\/produkt\/sed70001\/","og_locale":"de_DE","og_type":"article","og_title":"Contec CMS50D2 Pulsoximeter","og_description":"Contec CMS50D2 Pulsoximeter mit drehbarem LCD-Display, SpO\u2082- und Herzfrequenzmessung, kompaktem Format und einfacher Bedienung.","og_url":"https:\/\/swixed.ch\/de\/produkt\/sed70001\/","og_site_name":"Swixed SA","article_publisher":"https:\/\/www.facebook.com\/swixed","article_modified_time":"2026-04-21T05:47:37+00:00","og_image":[{"width":600,"height":600,"url":"https:\/\/swixed.ch\/wp-content\/uploads\/2026\/01\/SED70001-01.png","type":"image\/png"}],"twitter_card":"summary_large_image","twitter_misc":{"Gesch\u00e4tzte Lesezeit":"2\u00a0Minuten"},"schema":{"@context":"https:\/\/schema.org","@graph":[{"@type":"WebPage","@id":"https:\/\/swixed.ch\/de\/produkt\/sed70001\/","url":"https:\/\/swixed.ch\/de\/produkt\/sed70001\/","name":"Contec CMS50D2 Pulsoximeter | Swixed SA","isPartOf":{"@id":"https:\/\/swixed.ch\/de\/#website"},"primaryImageOfPage":{"@id":"https:\/\/swixed.ch\/de\/produkt\/sed70001\/#primaryimage"},"image":{"@id":"https:\/\/swixed.ch\/de\/produkt\/sed70001\/#primaryimage"},"thumbnailUrl":"https:\/\/swixed.ch\/wp-content\/uploads\/2026\/01\/SED70001-01.png","datePublished":"2021-04-26T16:52:04+00:00","dateModified":"2026-04-21T05:47:37+00:00","description":"Contec CMS50D2 Pulsoximeter mit drehbarem LCD-Display, SpO\u2082- und Herzfrequenzmessung, kompaktem Format und einfacher Bedienung.","breadcrumb":{"@id":"https:\/\/swixed.ch\/de\/produkt\/sed70001\/#breadcrumb"},"inLanguage":"de","potentialAction":[{"@type":"ReadAction","target":["https:\/\/swixed.ch\/de\/produkt\/sed70001\/"]}]},{"@type":"ImageObject","inLanguage":"de","@id":"https:\/\/swixed.ch\/de\/produkt\/sed70001\/#primaryimage","url":"https:\/\/swixed.ch\/wp-content\/uploads\/2026\/01\/SED70001-01.png","contentUrl":"https:\/\/swixed.ch\/wp-content\/uploads\/2026\/01\/SED70001-01.png","width":600,"height":600,"caption":"SED70001"},{"@type":"BreadcrumbList","@id":"https:\/\/swixed.ch\/de\/produkt\/sed70001\/#breadcrumb","itemListElement":[{"@type":"ListItem","position":1,"name":"Startseite","item":"https:\/\/swixed.ch\/de\/home\/"},{"@type":"ListItem","position":2,"name":"Shop","item":"https:\/\/swixed.ch\/de\/shop\/"},{"@type":"ListItem","position":3,"name":"Contec CMS50D2 Pulsoximeter"}]},{"@type":"WebSite","@id":"https:\/\/swixed.ch\/de\/#website","url":"https:\/\/swixed.ch\/de\/","name":"Swixed SA","description":"Elektronische Ger\u00e4te","publisher":{"@id":"https:\/\/swixed.ch\/de\/#organization"},"potentialAction":[{"@type":"SearchAction","target":{"@type":"EntryPoint","urlTemplate":"https:\/\/swixed.ch\/de\/?s={search_term_string}"},"query-input":{"@type":"PropertyValueSpecification","valueRequired":true,"valueName":"search_term_string"}}],"inLanguage":"de"},{"@type":"Organization","@id":"https:\/\/swixed.ch\/de\/#organization","name":"Swixed SA","url":"https:\/\/swixed.ch\/de\/","logo":{"@type":"ImageObject","inLanguage":"de","@id":"https:\/\/swixed.ch\/de\/#\/schema\/logo\/image\/","url":"https:\/\/swixed.ch\/wp-content\/uploads\/logos\/swixed-logo-lite.png","contentUrl":"https:\/\/swixed.ch\/wp-content\/uploads\/logos\/swixed-logo-lite.png","width":696,"height":696,"caption":"Swixed SA"},"image":{"@id":"https:\/\/swixed.ch\/de\/#\/schema\/logo\/image\/"},"sameAs":["https:\/\/www.facebook.com\/swixed","https:\/\/www.linkedin.com\/company\/swixed","https:\/\/www.youtube.com\/@swixedsa"],"description":"Swixed SA est une entreprise suisse bas\u00e9e \u00e0 Gen\u00e8ve, sp\u00e9cialis\u00e9e dans la vente, la location et la maintenance d\u2019appareils m\u00e9dicaux professionnels, tels que d\u00e9fibrillateurs AED, \u00e9lectrocardiographes, moniteurs patient et dispositifs de diagnostic.","email":"infoshop@swixed.ch","telephone":"+41 22 566 11 95","legalName":"Swixed SA","foundingDate":"2021-03-01","numberOfEmployees":{"@type":"QuantitativeValue","minValue":"1","maxValue":"10"}}]}},"_links":{"self":[{"href":"https:\/\/swixed.ch\/de\/wp-json\/wp\/v2\/product\/33292","targetHints":{"allow":["GET"]}}],"collection":[{"href":"https:\/\/swixed.ch\/de\/wp-json\/wp\/v2\/product"}],"about":[{"href":"https:\/\/swixed.ch\/de\/wp-json\/wp\/v2\/types\/product"}],"version-history":[{"count":1,"href":"https:\/\/swixed.ch\/de\/wp-json\/wp\/v2\/product\/33292\/revisions"}],"predecessor-version":[{"id":63078,"href":"https:\/\/swixed.ch\/de\/wp-json\/wp\/v2\/product\/33292\/revisions\/63078"}],"wp:featuredmedia":[{"embeddable":true,"href":"https:\/\/swixed.ch\/de\/wp-json\/wp\/v2\/media\/58388"}],"wp:attachment":[{"href":"https:\/\/swixed.ch\/de\/wp-json\/wp\/v2\/media?parent=33292"}],"wp:term":[{"taxonomy":"product_brand","embeddable":true,"href":"https:\/\/swixed.ch\/de\/wp-json\/wp\/v2\/product_brand?post=33292"},{"taxonomy":"product_cat","embeddable":true,"href":"https:\/\/swixed.ch\/de\/wp-json\/wp\/v2\/product_cat?post=33292"},{"taxonomy":"product_tag","embeddable":true,"href":"https:\/\/swixed.ch\/de\/wp-json\/wp\/v2\/product_tag?post=33292"}],"curies":[{"name":"wp","href":"https:\/\/api.w.org\/{rel}","templated":true}]}}