{"id":33320,"date":"2021-04-27T08:48:04","date_gmt":"2021-04-27T07:48:04","guid":{"rendered":"https:\/\/swixed.com\/produit\/edan-f3-zwillings-fetal-ueberwachungsmonitor\/"},"modified":"2026-04-20T19:00:38","modified_gmt":"2026-04-20T18:00:38","slug":"sed40002","status":"publish","type":"product","link":"https:\/\/swixed.ch\/de\/produkt\/sed40002\/","title":{"rendered":"Edan F3 Kardiotokograph + Zwillingsoption"},"content":{"rendered":"\t\t<div data-elementor-type=\"product-post\" data-elementor-id=\"33320\" class=\"elementor elementor-33320 elementor-3162\" data-elementor-post-type=\"product\">\n\t\t\t\t\t\t<section class=\"elementor-section elementor-top-section elementor-element elementor-element-566dfe8 elementor-section-full_width elementor-section-height-default elementor-section-height-default\" data-id=\"566dfe8\" data-element_type=\"section\" data-e-type=\"section\">\n\t\t\t\t\t\t<div class=\"elementor-container elementor-column-gap-default\">\n\t\t\t\t\t<div class=\"elementor-column elementor-col-100 elementor-top-column elementor-element elementor-element-2c4618e\" data-id=\"2c4618e\" data-element_type=\"column\" data-e-type=\"column\">\n\t\t\t<div class=\"elementor-widget-wrap elementor-element-populated\">\n\t\t\t\t\t\t<div class=\"elementor-element elementor-element-57fea7d elementor-widget elementor-widget-heading\" data-id=\"57fea7d\" data-element_type=\"widget\" data-e-type=\"widget\" data-widget_type=\"heading.default\">\n\t\t\t\t\t<h2 class=\"elementor-heading-title elementor-size-default\">Beschreibung<\/h2>\t\t\t\t<\/div>\n\t\t\t\t<div class=\"elementor-element elementor-element-e0a279c elementor-widget elementor-widget-text-editor\" data-id=\"e0a279c\" data-element_type=\"widget\" data-e-type=\"widget\" data-widget_type=\"text-editor.default\">\n\t\t\t\t\t\t\t\t\t<p>Der Edan F3 Fetalmonitor ist ein hochentwickeltes medizinisches Ger\u00e4t, das speziell f\u00fcr medizinisches Fachpersonal entwickelt wurde, das Mehrlingsschwangerschaften \u00fcberwacht. Das Ger\u00e4t vereint Pr\u00e4zision, Tragbarkeit und fortschrittliche Funktionen f\u00fcr eine optimale \u00dcberwachung. <\/p>\t\t\t\t\t\t\t\t<\/div>\n\t\t\t\t<div class=\"elementor-element elementor-element-7838ed4 elementor-widget elementor-widget-heading\" data-id=\"7838ed4\" data-element_type=\"widget\" data-e-type=\"widget\" data-widget_type=\"heading.default\">\n\t\t\t\t\t<h2 class=\"elementor-heading-title elementor-size-default\">Hauptmerkmale<\/h2>\t\t\t\t<\/div>\n\t\t\t\t<div class=\"elementor-element elementor-element-19a155d elementor-widget elementor-widget-text-editor\" data-id=\"19a155d\" data-element_type=\"widget\" data-e-type=\"widget\" data-widget_type=\"text-editor.default\">\n\t\t\t\t\t\t\t\t\t<ul><li class=\"whitespace-normal break-words\">Multiple \u00dcberwachung: 2 Fetal Heart Rate (FHR) Kan\u00e4le und 1 externer TOCO-Kanal<\/li><li class=\"whitespace-normal break-words\">Geringes Gewicht: 3,5 kg f\u00fcr eine bessere Tragbarkeit<\/li><li class=\"whitespace-normal break-words\">Farbdisplay: Klare Darstellung der Daten f\u00fcr eine leichtere Interpretation<\/li><li class=\"whitespace-normal break-words\">Hochleistungssensoren: Wasserdicht nach IPX8, optimale Frequenz von 1 MHz<\/li><\/ul>\t\t\t\t\t\t\t\t<\/div>\n\t\t\t\t<div class=\"elementor-element elementor-element-fcf3d3d elementor-widget elementor-widget-heading\" data-id=\"fcf3d3d\" data-element_type=\"widget\" data-e-type=\"widget\" data-widget_type=\"heading.default\">\n\t\t\t\t\t<h2 class=\"elementor-heading-title elementor-size-default\">Erweiterte Funktionen<\/h2>\t\t\t\t<\/div>\n\t\t\t\t<div class=\"elementor-element elementor-element-8880ade elementor-widget elementor-widget-text-editor\" data-id=\"8880ade\" data-element_type=\"widget\" data-e-type=\"widget\" data-widget_type=\"text-editor.default\">\n\t\t\t\t\t\t\t\t\t<ul><li class=\"whitespace-normal break-words\">SOV-Technologie: Automatische \u00dcberpr\u00fcfung der Kreuzsignale bei Mehrlingsschwangerschaften<\/li><li class=\"whitespace-normal break-words\">Integrierte VCT-Berechnung: Analyse des fetalen Herzrhythmus und der Kurzzeitvariabilit\u00e4t<\/li><li class=\"whitespace-normal break-words\">Flexible Erkennungsmodi: Automatisch oder manuell f\u00fcr fetale Bewegungen<\/li><li class=\"whitespace-normal break-words\">Wiederaufladbare Batterie: Nutzung w\u00e4hrend des Ladevorgangs m\u00f6glich<\/li><li class=\"whitespace-normal break-words\">Erweiterter Speicher: Speicherung von bis zu 60 Stunden Tracks<\/li><\/ul>\t\t\t\t\t\t\t\t<\/div>\n\t\t\t\t<div class=\"elementor-element elementor-element-dbad13b elementor-widget elementor-widget-heading\" data-id=\"dbad13b\" data-element_type=\"widget\" data-e-type=\"widget\" data-widget_type=\"heading.default\">\n\t\t\t\t\t<h2 class=\"elementor-heading-title elementor-size-default\">Vorteile f\u00fcr Berufst\u00e4tige<\/h2>\t\t\t\t<\/div>\n\t\t\t\t<div class=\"elementor-element elementor-element-a9abf41 elementor-widget elementor-widget-text-editor\" data-id=\"a9abf41\" data-element_type=\"widget\" data-e-type=\"widget\" data-widget_type=\"text-editor.default\">\n\t\t\t\t\t\t\t\t\t<ul><li class=\"whitespace-normal break-words\">Vielseitig einsetzbar: Geeignet f\u00fcr Arztpraxen und Krankenhausumgebungen<\/li><li class=\"whitespace-normal break-words\">Schneller Druck: Integrierter Thermodrucker mit einstellbaren Geschwindigkeiten<\/li><li class=\"whitespace-normal break-words\">Anpassbare Anzeige: Drei Anzeigemodi zur Anpassung an die Vorlieben des Nutzers.<\/li><li class=\"whitespace-normal break-words\">Integrierte Software: Datentransfer in Echtzeit und Verwaltung von Berichten<\/li><\/ul>\t\t\t\t\t\t\t\t<\/div>\n\t\t\t\t<div class=\"elementor-element elementor-element-54e8fc6 elementor-widget elementor-widget-heading\" data-id=\"54e8fc6\" data-element_type=\"widget\" data-e-type=\"widget\" data-widget_type=\"heading.default\">\n\t\t\t\t\t<h2 class=\"elementor-heading-title elementor-size-default\">Inhalt<\/h2>\t\t\t\t<\/div>\n\t\t\t\t<div class=\"elementor-element elementor-element-7f03c73 elementor-widget elementor-widget-text-editor\" data-id=\"7f03c73\" data-element_type=\"widget\" data-e-type=\"widget\" data-widget_type=\"text-editor.default\">\n\t\t\t\t\t\t\t\t\t<ul class=\"-mt-1 list-disc space-y-2 pl-8\"><li class=\"whitespace-normal break-words\">Edan F3 Monitor<\/li><li class=\"whitespace-normal break-words\">2 RCF-Sensoren und 1 externer TOCO-Sensor<\/li><li class=\"whitespace-normal break-words\">Lithium-Batterie und Netzkabel<\/li><li class=\"whitespace-normal break-words\">Bauchgurte und Transporttasche<\/li><li class=\"whitespace-normal break-words\">Benutzerhandbuch auf Franz\u00f6sisch<\/li><\/ul><p class=\"whitespace-pre-wrap break-words\">Der Edan F3 ist ein wichtiges Hilfsmittel f\u00fcr medizinisches Fachpersonal, das sich auf die \u00dcberwachung von Mehrlingsschwangerschaften spezialisiert hat, und bietet modernste Technologie f\u00fcr eine genaue und zuverl\u00e4ssige \u00dcberwachung des F\u00f6tus.<\/p><p class=\"whitespace-pre-wrap break-words\"><em>Hinweis: Dieses medizinische Ger\u00e4t ist f\u00fcr den Gebrauch durch qualifiziertes medizinisches Fachpersonal bestimmt. Wenn Sie Fragen zu seiner Verwendung oder seinen Indikationen haben, wenden Sie sich bitte an einen Spezialisten. <\/em><\/p>\t\t\t\t\t\t\t\t<\/div>\n\t\t\t\t\t<\/div>\n\t\t<\/div>\n\t\t\t\t\t<\/div>\n\t\t<\/section>\n\t\t\t\t<\/div>\n\t\t","protected":false},"excerpt":{"rendered":"<p>Tragbares Ger\u00e4t mit zwei Kan\u00e4len, das zur Anzeige technischer Daten von externen Sensoren entwickelt wurde. Ausgestattet mit einem Farbdisplay und hochempfindlichen Sensoren ist es f\u00fcr den Einsatz in beaufsichtigten professionellen Umgebungen geeignet. Nicht f\u00fcr den pers\u00f6nlichen Gebrauch oder medizinische Zwecke bestimmt.  <\/p>\n","protected":false},"featured_media":47068,"template":"","meta":{"_acf_changed":false},"product_brand":[2085],"product_cat":[1134,1133],"product_tag":[4819,4823,3709,1264,4827,3671,4817,4822,4826,4820,4825,4821,3026,4818,4824],"class_list":{"0":"post-33320","1":"product","2":"type-product","3":"status-publish","4":"has-post-thumbnail","6":"product_brand-edan-de","7":"product_cat-gerate-kardiotokographen","8":"product_cat-kardiotokographen","9":"product_tag-ausrustung-fur-geburtshilfe","10":"product_tag-ausrustung-fur-hebammen","11":"product_tag-fetalmonitor","12":"product_tag-kardiotokograph","13":"product_tag-medizinische-prazisionsgerate","14":"product_tag-medizinische-technologie","15":"product_tag-medizinisches-gerat-edan","16":"product_tag-pranatale-uberwachung-de","17":"product_tag-professioneller-monitor-fur-geburtshilfe","18":"product_tag-rcf-monitor","19":"product_tag-sov-technologie","20":"product_tag-toco-gerat","21":"product_tag-tragbares-medizinisches-gerat","22":"product_tag-uberwachung-der-mehrlingsschwangerschaft","23":"product_tag-zwillingsmonitor","25":"first","26":"instock","27":"taxable","28":"shipping-taxable","29":"purchasable","30":"product-type-simple"},"acf":[],"yoast_head":"<!-- This site is optimized with the Yoast SEO Premium plugin v27.4 (Yoast SEO v27.4) - https:\/\/yoast.com\/product\/yoast-seo-premium-wordpress\/ -->\n<title>Edan F3 Kardiotokograph + Zwillingsoption | Swixed SA<\/title>\n<meta name=\"description\" content=\"Entdecken Sie den Edan F3, den fortschrittlichen Fetalmonitor f\u00fcr Mehrlingsschwangerschaften. Ein pr\u00e4zises und tragbares medizinisches Ger\u00e4t, ideal f\u00fcr die Geburtshilfe.\" \/>\n<meta name=\"robots\" content=\"index, follow, max-snippet:-1, max-image-preview:large, max-video-preview:-1\" \/>\n<link rel=\"canonical\" href=\"https:\/\/swixed.ch\/de\/produkt\/sed40002\/\" \/>\n<meta property=\"og:locale\" content=\"de_DE\" \/>\n<meta property=\"og:type\" content=\"article\" \/>\n<meta property=\"og:title\" content=\"Edan F3 Kardiotokograph + Zwillingsoption\" \/>\n<meta property=\"og:description\" content=\"Entdecken Sie den Edan F3, den fortschrittlichen Fetalmonitor f\u00fcr Mehrlingsschwangerschaften. Ein pr\u00e4zises und tragbares medizinisches Ger\u00e4t, ideal f\u00fcr die Geburtshilfe.\" \/>\n<meta property=\"og:url\" content=\"https:\/\/swixed.ch\/de\/produkt\/sed40002\/\" \/>\n<meta property=\"og:site_name\" content=\"Swixed SA\" \/>\n<meta property=\"article:publisher\" content=\"https:\/\/www.facebook.com\/swixed\" \/>\n<meta property=\"article:modified_time\" content=\"2026-04-20T18:00:38+00:00\" \/>\n<meta property=\"og:image\" content=\"https:\/\/swixed.ch\/wp-content\/uploads\/products\/elan-f3-01a.png\" \/>\n\t<meta property=\"og:image:width\" content=\"600\" \/>\n\t<meta property=\"og:image:height\" content=\"600\" \/>\n\t<meta property=\"og:image:type\" content=\"image\/png\" \/>\n<meta name=\"twitter:card\" content=\"summary_large_image\" \/>\n<meta name=\"twitter:label1\" content=\"Gesch\u00e4tzte Lesezeit\" \/>\n\t<meta name=\"twitter:data1\" content=\"1\u00a0Minute\" \/>\n<script type=\"application\/ld+json\" class=\"yoast-schema-graph\">{\"@context\":\"https:\\\/\\\/schema.org\",\"@graph\":[{\"@type\":\"WebPage\",\"@id\":\"https:\\\/\\\/swixed.ch\\\/de\\\/produkt\\\/sed40002\\\/\",\"url\":\"https:\\\/\\\/swixed.ch\\\/de\\\/produkt\\\/sed40002\\\/\",\"name\":\"Edan F3 Kardiotokograph + Zwillingsoption | Swixed SA\",\"isPartOf\":{\"@id\":\"https:\\\/\\\/swixed.ch\\\/de\\\/#website\"},\"primaryImageOfPage\":{\"@id\":\"https:\\\/\\\/swixed.ch\\\/de\\\/produkt\\\/sed40002\\\/#primaryimage\"},\"image\":{\"@id\":\"https:\\\/\\\/swixed.ch\\\/de\\\/produkt\\\/sed40002\\\/#primaryimage\"},\"thumbnailUrl\":\"https:\\\/\\\/swixed.ch\\\/wp-content\\\/uploads\\\/products\\\/elan-f3-01a.png\",\"datePublished\":\"2021-04-27T07:48:04+00:00\",\"dateModified\":\"2026-04-20T18:00:38+00:00\",\"description\":\"Entdecken Sie den Edan F3, den fortschrittlichen Fetalmonitor f\u00fcr Mehrlingsschwangerschaften. Ein pr\u00e4zises und tragbares medizinisches Ger\u00e4t, ideal f\u00fcr die Geburtshilfe.\",\"breadcrumb\":{\"@id\":\"https:\\\/\\\/swixed.ch\\\/de\\\/produkt\\\/sed40002\\\/#breadcrumb\"},\"inLanguage\":\"de\",\"potentialAction\":[{\"@type\":\"ReadAction\",\"target\":[\"https:\\\/\\\/swixed.ch\\\/de\\\/produkt\\\/sed40002\\\/\"]}]},{\"@type\":\"ImageObject\",\"inLanguage\":\"de\",\"@id\":\"https:\\\/\\\/swixed.ch\\\/de\\\/produkt\\\/sed40002\\\/#primaryimage\",\"url\":\"https:\\\/\\\/swixed.ch\\\/wp-content\\\/uploads\\\/products\\\/elan-f3-01a.png\",\"contentUrl\":\"https:\\\/\\\/swixed.ch\\\/wp-content\\\/uploads\\\/products\\\/elan-f3-01a.png\",\"width\":600,\"height\":600,\"caption\":\"Elch f3\"},{\"@type\":\"BreadcrumbList\",\"@id\":\"https:\\\/\\\/swixed.ch\\\/de\\\/produkt\\\/sed40002\\\/#breadcrumb\",\"itemListElement\":[{\"@type\":\"ListItem\",\"position\":1,\"name\":\"Startseite\",\"item\":\"https:\\\/\\\/swixed.ch\\\/de\\\/home\\\/\"},{\"@type\":\"ListItem\",\"position\":2,\"name\":\"Shop\",\"item\":\"https:\\\/\\\/swixed.ch\\\/de\\\/shop\\\/\"},{\"@type\":\"ListItem\",\"position\":3,\"name\":\"Edan F3 Kardiotokograph + Zwillingsoption\"}]},{\"@type\":\"WebSite\",\"@id\":\"https:\\\/\\\/swixed.ch\\\/de\\\/#website\",\"url\":\"https:\\\/\\\/swixed.ch\\\/de\\\/\",\"name\":\"Swixed SA\",\"description\":\"Elektronische Ger\u00e4te\",\"publisher\":{\"@id\":\"https:\\\/\\\/swixed.ch\\\/de\\\/#organization\"},\"potentialAction\":[{\"@type\":\"SearchAction\",\"target\":{\"@type\":\"EntryPoint\",\"urlTemplate\":\"https:\\\/\\\/swixed.ch\\\/de\\\/?s={search_term_string}\"},\"query-input\":{\"@type\":\"PropertyValueSpecification\",\"valueRequired\":true,\"valueName\":\"search_term_string\"}}],\"inLanguage\":\"de\"},{\"@type\":\"Organization\",\"@id\":\"https:\\\/\\\/swixed.ch\\\/de\\\/#organization\",\"name\":\"Swixed SA\",\"url\":\"https:\\\/\\\/swixed.ch\\\/de\\\/\",\"logo\":{\"@type\":\"ImageObject\",\"inLanguage\":\"de\",\"@id\":\"https:\\\/\\\/swixed.ch\\\/de\\\/#\\\/schema\\\/logo\\\/image\\\/\",\"url\":\"https:\\\/\\\/swixed.ch\\\/wp-content\\\/uploads\\\/logos\\\/swixed-logo-lite.png\",\"contentUrl\":\"https:\\\/\\\/swixed.ch\\\/wp-content\\\/uploads\\\/logos\\\/swixed-logo-lite.png\",\"width\":696,\"height\":696,\"caption\":\"Swixed SA\"},\"image\":{\"@id\":\"https:\\\/\\\/swixed.ch\\\/de\\\/#\\\/schema\\\/logo\\\/image\\\/\"},\"sameAs\":[\"https:\\\/\\\/www.facebook.com\\\/swixed\",\"https:\\\/\\\/www.linkedin.com\\\/company\\\/swixed\",\"https:\\\/\\\/www.youtube.com\\\/@swixedsa\"],\"description\":\"Swixed SA est une entreprise suisse bas\u00e9e \u00e0 Gen\u00e8ve, sp\u00e9cialis\u00e9e dans la vente, la location et la maintenance d\u2019appareils m\u00e9dicaux professionnels, tels que d\u00e9fibrillateurs AED, \u00e9lectrocardiographes, moniteurs patient et dispositifs de diagnostic.\",\"email\":\"infoshop@swixed.ch\",\"telephone\":\"+41 22 566 11 95\",\"legalName\":\"Swixed SA\",\"foundingDate\":\"2021-03-01\",\"numberOfEmployees\":{\"@type\":\"QuantitativeValue\",\"minValue\":\"1\",\"maxValue\":\"10\"}}]}<\/script>\n<!-- \/ Yoast SEO Premium plugin. -->","yoast_head_json":{"title":"Edan F3 Kardiotokograph + Zwillingsoption | Swixed SA","description":"Entdecken Sie den Edan F3, den fortschrittlichen Fetalmonitor f\u00fcr Mehrlingsschwangerschaften. Ein pr\u00e4zises und tragbares medizinisches Ger\u00e4t, ideal f\u00fcr die Geburtshilfe.","robots":{"index":"index","follow":"follow","max-snippet":"max-snippet:-1","max-image-preview":"max-image-preview:large","max-video-preview":"max-video-preview:-1"},"canonical":"https:\/\/swixed.ch\/de\/produkt\/sed40002\/","og_locale":"de_DE","og_type":"article","og_title":"Edan F3 Kardiotokograph + Zwillingsoption","og_description":"Entdecken Sie den Edan F3, den fortschrittlichen Fetalmonitor f\u00fcr Mehrlingsschwangerschaften. Ein pr\u00e4zises und tragbares medizinisches Ger\u00e4t, ideal f\u00fcr die Geburtshilfe.","og_url":"https:\/\/swixed.ch\/de\/produkt\/sed40002\/","og_site_name":"Swixed SA","article_publisher":"https:\/\/www.facebook.com\/swixed","article_modified_time":"2026-04-20T18:00:38+00:00","og_image":[{"width":600,"height":600,"url":"https:\/\/swixed.ch\/wp-content\/uploads\/products\/elan-f3-01a.png","type":"image\/png"}],"twitter_card":"summary_large_image","twitter_misc":{"Gesch\u00e4tzte Lesezeit":"1\u00a0Minute"},"schema":{"@context":"https:\/\/schema.org","@graph":[{"@type":"WebPage","@id":"https:\/\/swixed.ch\/de\/produkt\/sed40002\/","url":"https:\/\/swixed.ch\/de\/produkt\/sed40002\/","name":"Edan F3 Kardiotokograph + Zwillingsoption | Swixed SA","isPartOf":{"@id":"https:\/\/swixed.ch\/de\/#website"},"primaryImageOfPage":{"@id":"https:\/\/swixed.ch\/de\/produkt\/sed40002\/#primaryimage"},"image":{"@id":"https:\/\/swixed.ch\/de\/produkt\/sed40002\/#primaryimage"},"thumbnailUrl":"https:\/\/swixed.ch\/wp-content\/uploads\/products\/elan-f3-01a.png","datePublished":"2021-04-27T07:48:04+00:00","dateModified":"2026-04-20T18:00:38+00:00","description":"Entdecken Sie den Edan F3, den fortschrittlichen Fetalmonitor f\u00fcr Mehrlingsschwangerschaften. Ein pr\u00e4zises und tragbares medizinisches Ger\u00e4t, ideal f\u00fcr die Geburtshilfe.","breadcrumb":{"@id":"https:\/\/swixed.ch\/de\/produkt\/sed40002\/#breadcrumb"},"inLanguage":"de","potentialAction":[{"@type":"ReadAction","target":["https:\/\/swixed.ch\/de\/produkt\/sed40002\/"]}]},{"@type":"ImageObject","inLanguage":"de","@id":"https:\/\/swixed.ch\/de\/produkt\/sed40002\/#primaryimage","url":"https:\/\/swixed.ch\/wp-content\/uploads\/products\/elan-f3-01a.png","contentUrl":"https:\/\/swixed.ch\/wp-content\/uploads\/products\/elan-f3-01a.png","width":600,"height":600,"caption":"Elch f3"},{"@type":"BreadcrumbList","@id":"https:\/\/swixed.ch\/de\/produkt\/sed40002\/#breadcrumb","itemListElement":[{"@type":"ListItem","position":1,"name":"Startseite","item":"https:\/\/swixed.ch\/de\/home\/"},{"@type":"ListItem","position":2,"name":"Shop","item":"https:\/\/swixed.ch\/de\/shop\/"},{"@type":"ListItem","position":3,"name":"Edan F3 Kardiotokograph + Zwillingsoption"}]},{"@type":"WebSite","@id":"https:\/\/swixed.ch\/de\/#website","url":"https:\/\/swixed.ch\/de\/","name":"Swixed SA","description":"Elektronische Ger\u00e4te","publisher":{"@id":"https:\/\/swixed.ch\/de\/#organization"},"potentialAction":[{"@type":"SearchAction","target":{"@type":"EntryPoint","urlTemplate":"https:\/\/swixed.ch\/de\/?s={search_term_string}"},"query-input":{"@type":"PropertyValueSpecification","valueRequired":true,"valueName":"search_term_string"}}],"inLanguage":"de"},{"@type":"Organization","@id":"https:\/\/swixed.ch\/de\/#organization","name":"Swixed SA","url":"https:\/\/swixed.ch\/de\/","logo":{"@type":"ImageObject","inLanguage":"de","@id":"https:\/\/swixed.ch\/de\/#\/schema\/logo\/image\/","url":"https:\/\/swixed.ch\/wp-content\/uploads\/logos\/swixed-logo-lite.png","contentUrl":"https:\/\/swixed.ch\/wp-content\/uploads\/logos\/swixed-logo-lite.png","width":696,"height":696,"caption":"Swixed SA"},"image":{"@id":"https:\/\/swixed.ch\/de\/#\/schema\/logo\/image\/"},"sameAs":["https:\/\/www.facebook.com\/swixed","https:\/\/www.linkedin.com\/company\/swixed","https:\/\/www.youtube.com\/@swixedsa"],"description":"Swixed SA est une entreprise suisse bas\u00e9e \u00e0 Gen\u00e8ve, sp\u00e9cialis\u00e9e dans la vente, la location et la maintenance d\u2019appareils m\u00e9dicaux professionnels, tels que d\u00e9fibrillateurs AED, \u00e9lectrocardiographes, moniteurs patient et dispositifs de diagnostic.","email":"infoshop@swixed.ch","telephone":"+41 22 566 11 95","legalName":"Swixed SA","foundingDate":"2021-03-01","numberOfEmployees":{"@type":"QuantitativeValue","minValue":"1","maxValue":"10"}}]}},"_links":{"self":[{"href":"https:\/\/swixed.ch\/de\/wp-json\/wp\/v2\/product\/33320","targetHints":{"allow":["GET"]}}],"collection":[{"href":"https:\/\/swixed.ch\/de\/wp-json\/wp\/v2\/product"}],"about":[{"href":"https:\/\/swixed.ch\/de\/wp-json\/wp\/v2\/types\/product"}],"version-history":[{"count":1,"href":"https:\/\/swixed.ch\/de\/wp-json\/wp\/v2\/product\/33320\/revisions"}],"predecessor-version":[{"id":62967,"href":"https:\/\/swixed.ch\/de\/wp-json\/wp\/v2\/product\/33320\/revisions\/62967"}],"wp:featuredmedia":[{"embeddable":true,"href":"https:\/\/swixed.ch\/de\/wp-json\/wp\/v2\/media\/47068"}],"wp:attachment":[{"href":"https:\/\/swixed.ch\/de\/wp-json\/wp\/v2\/media?parent=33320"}],"wp:term":[{"taxonomy":"product_brand","embeddable":true,"href":"https:\/\/swixed.ch\/de\/wp-json\/wp\/v2\/product_brand?post=33320"},{"taxonomy":"product_cat","embeddable":true,"href":"https:\/\/swixed.ch\/de\/wp-json\/wp\/v2\/product_cat?post=33320"},{"taxonomy":"product_tag","embeddable":true,"href":"https:\/\/swixed.ch\/de\/wp-json\/wp\/v2\/product_tag?post=33320"}],"curies":[{"name":"wp","href":"https:\/\/api.w.org\/{rel}","templated":true}]}}