{"id":33342,"date":"2021-04-26T16:16:57","date_gmt":"2021-04-26T15:16:57","guid":{"rendered":"https:\/\/swixed.com\/produit\/blutdruckmessgeraet-boso-medicus-exclusive\/"},"modified":"2026-04-21T06:24:43","modified_gmt":"2026-04-21T05:24:43","slug":"sed63002","status":"publish","type":"product","link":"https:\/\/swixed.ch\/de\/produkt\/sed63002\/","title":{"rendered":"Boso Medicus Exclusive Blutdruckmessger\u00e4t"},"content":{"rendered":"\t\t<div data-elementor-type=\"product-post\" data-elementor-id=\"33342\" class=\"elementor elementor-33342 elementor-3110\" data-elementor-post-type=\"product\">\n\t\t\t\t\t\t<section class=\"elementor-section elementor-top-section elementor-element elementor-element-834d306 elementor-section-full_width elementor-section-height-default elementor-section-height-default\" data-id=\"834d306\" data-element_type=\"section\" data-e-type=\"section\">\n\t\t\t\t\t\t<div class=\"elementor-container elementor-column-gap-default\">\n\t\t\t\t\t<div class=\"elementor-column elementor-col-100 elementor-top-column elementor-element elementor-element-085465e\" data-id=\"085465e\" data-element_type=\"column\" data-e-type=\"column\">\n\t\t\t<div class=\"elementor-widget-wrap elementor-element-populated\">\n\t\t\t\t\t\t<div class=\"elementor-element elementor-element-0684e71 elementor-widget elementor-widget-heading\" data-id=\"0684e71\" data-element_type=\"widget\" data-e-type=\"widget\" data-widget_type=\"heading.default\">\n\t\t\t\t\t<h2 class=\"elementor-heading-title elementor-size-default\">Beschreibung<\/h2>\t\t\t\t<\/div>\n\t\t\t\t<div class=\"elementor-element elementor-element-3376bb3 elementor-widget elementor-widget-text-editor\" data-id=\"3376bb3\" data-element_type=\"widget\" data-e-type=\"widget\" data-widget_type=\"text-editor.default\">\n\t\t\t\t\t\t\t\t\t<p>Das BOSO Medicus Exclusive ist ein Blutdruckmessger\u00e4t, das eine einfache Bedienung mit fortschrittlicher Technologie verbindet. Es verf\u00fcgt \u00fcber einen integrierten Speicher f\u00fcr bis zu 90 Messungen und erm\u00f6glicht eine gr\u00fcndliche Langzeit\u00fcberwachung des Blutdrucks. <\/p>\t\t\t\t\t\t\t\t<\/div>\n\t\t\t\t<div class=\"elementor-element elementor-element-fe7506a elementor-widget elementor-widget-heading\" data-id=\"fe7506a\" data-element_type=\"widget\" data-e-type=\"widget\" data-widget_type=\"heading.default\">\n\t\t\t\t\t<h2 class=\"elementor-heading-title elementor-size-default\">Hauptmerkmale<\/h2>\t\t\t\t<\/div>\n\t\t\t\t<div class=\"elementor-element elementor-element-b500f71 elementor-widget elementor-widget-text-editor\" data-id=\"b500f71\" data-element_type=\"widget\" data-e-type=\"widget\" data-widget_type=\"text-editor.default\">\n\t\t\t\t\t\t\t\t\t<ul><li><strong>Triple-Check-Funktion:<\/strong> F\u00fchrt drei aufeinanderfolgende Messungen durch, um den Mittelwert zu berechnen, und garantiert so genaue Ergebnisse.<\/li><li><strong>Gro\u00dfe Bildschirmanzeige:<\/strong> Ausgestattet mit einem gro\u00dfen Bildschirm, auf dem die Ergebnisse auch f\u00fcr Sehbehinderte leicht ablesbar sind.<\/li><li><strong>Intuitive Bedienung:<\/strong> Drei Tasten f\u00fcr eine einfache Bedienung :<ul><li><strong>Start: Startet<\/strong> die Spannungsmessung.<\/li><li><strong>M:<\/strong> Zeigt die Speicherpl\u00e4tze und Durchschnittswerte an.<\/li><li><strong>SET:<\/strong> Hier k\u00f6nnen Sie Einstellungen wie Jahr, Monat, Datum, Uhrzeit und Reifendruck vornehmen.<\/li><\/ul><\/li><li><strong>Blutdruckbewertung:<\/strong> Enth\u00e4lt eine WHO-Klassifikationsskala auf der Seite des Bildschirms, die eine schnelle Bewertung des Gesundheitszustands erm\u00f6glicht.<\/li><li><strong>Anpassungsf\u00e4higkeit:<\/strong> Geeignet f\u00fcr Armumf\u00e4nge von 16 bis 48 cm, was Flexibilit\u00e4t f\u00fcr eine vielf\u00e4ltige Nutzung bietet.<\/li><\/ul><p>Dieses Modell wird in Deutschland von BOSO hergestellt, das als f\u00fchrender deutscher Hersteller von Blutdruckmessger\u00e4ten bekannt ist, und vereint Qualit\u00e4t und Zuverl\u00e4ssigkeit.<\/p>\t\t\t\t\t\t\t\t<\/div>\n\t\t\t\t<div class=\"elementor-element elementor-element-b0cff64 elementor-widget elementor-widget-heading\" data-id=\"b0cff64\" data-element_type=\"widget\" data-e-type=\"widget\" data-widget_type=\"heading.default\">\n\t\t\t\t\t<h2 class=\"elementor-heading-title elementor-size-default\">Inhalt<\/h2>\t\t\t\t<\/div>\n\t\t\t\t<div class=\"elementor-element elementor-element-5f2779c elementor-widget elementor-widget-text-editor\" data-id=\"5f2779c\" data-element_type=\"widget\" data-e-type=\"widget\" data-widget_type=\"text-editor.default\">\n\t\t\t\t\t\t\t\t\t<ul><li>1 Erwachsenenmanschette (22-42 cm)<\/li><li>4 Batterien AA LR06<\/li><li>1 Aufbewahrungstasche<\/li><li>1 Gebrauchsanweisung<\/li><\/ul>\t\t\t\t\t\t\t\t<\/div>\n\t\t\t\t\t<\/div>\n\t\t<\/div>\n\t\t\t\t\t<\/div>\n\t\t<\/section>\n\t\t\t\t<\/div>\n\t\t","protected":false},"excerpt":{"rendered":"<p>Das <strong>BOSO Medicus Exclusive<\/strong> ist ein komplettes und hochwertiges Blutdruckmessger\u00e4t, das einfach zu bedienen ist. Der Speicher des Ger\u00e4tes kann bis zu 90 Messungen speichern, was eine \u00dcberwachung \u00fcber einen l\u00e4ngeren Zeitraum erm\u00f6glicht. Das <strong>BOSO Medicus Exclusive Blutdruckmessger\u00e4t<\/strong> erm\u00f6glicht eine gr\u00fcndliche Blutdruckmessung, insbesondere durch die Dreifachkontrolle: drei aufeinanderfolgende Messungen mit Mittelwertbildung. Dieses Blutdruckmessger\u00e4t ist f\u00fcr Patienten mit einem Oberarmumfang zwischen 16 und 48 cm geeignet. Es ist auch f\u00fcr Sehbehinderte geeignet.    <\/p>\n","protected":false},"featured_media":28879,"template":"","meta":{"_acf_changed":false},"product_brand":[2119],"product_cat":[1012,1079],"product_tag":[3099,4126,4544,1670,4548,4044,4545,4542,4541,3671,3410,4543,4546,4540,4547],"class_list":{"0":"post-33342","1":"product","2":"type-product","3":"status-publish","4":"has-post-thumbnail","6":"product_brand-boso-de","7":"product_cat-blutdruckmessgerate","8":"product_cat-elektronische-blutdruckmessgerate","9":"product_tag-blutdruck","10":"product_tag-blutdruckmessgerat","11":"product_tag-bluthochdruck","12":"product_tag-boso-de","13":"product_tag-dreifache-kontrolle","14":"product_tag-gesundheit","15":"product_tag-gesundheitsuberwachung","16":"product_tag-hohe-prazision","17":"product_tag-manschette-fur-erwachsene","18":"product_tag-medizinische-technologie","19":"product_tag-medizinisches-gerat-de","20":"product_tag-messgerat","21":"product_tag-spannungsbewertung","22":"product_tag-spannungsmessung","23":"product_tag-speicher-90-messwerte","24":"product_shipping_class-flat-rate-shipping","26":"first","27":"instock","28":"sale","29":"taxable","30":"shipping-taxable","31":"purchasable","32":"product-type-simple"},"acf":[],"yoast_head":"<!-- This site is optimized with the Yoast SEO Premium plugin v27.4 (Yoast SEO v27.4) - https:\/\/yoast.com\/product\/yoast-seo-premium-wordpress\/ -->\n<title>Boso Medicus Exclusive Blutdruckmessger\u00e4t | Swixed SA<\/title>\n<meta name=\"description\" content=\"Messen Sie Ihren Blutdruck genau mit dem BOSO Medicus Exclusive Blutdruckmessger\u00e4t. Speicher f\u00fcr 90 Messungen und Dreifach-Kontrollfunktion.\" \/>\n<meta name=\"robots\" content=\"index, follow, max-snippet:-1, max-image-preview:large, max-video-preview:-1\" \/>\n<link rel=\"canonical\" href=\"https:\/\/swixed.ch\/de\/produkt\/sed63002\/\" \/>\n<meta property=\"og:locale\" content=\"de_DE\" \/>\n<meta property=\"og:type\" content=\"article\" \/>\n<meta property=\"og:title\" content=\"Boso Medicus Exclusive Blutdruckmessger\u00e4t\" \/>\n<meta property=\"og:description\" content=\"Messen Sie Ihren Blutdruck genau mit dem BOSO Medicus Exclusive Blutdruckmessger\u00e4t. Speicher f\u00fcr 90 Messungen und Dreifach-Kontrollfunktion.\" \/>\n<meta property=\"og:url\" content=\"https:\/\/swixed.ch\/de\/produkt\/sed63002\/\" \/>\n<meta property=\"og:site_name\" content=\"Swixed SA\" \/>\n<meta property=\"article:publisher\" content=\"https:\/\/www.facebook.com\/swixed\" \/>\n<meta property=\"article:modified_time\" content=\"2026-04-21T05:24:43+00:00\" \/>\n<meta property=\"og:image\" content=\"https:\/\/swixed.ch\/wp-content\/uploads\/products\/boso-medicus-exclusive-01a.png\" \/>\n\t<meta property=\"og:image:width\" content=\"600\" \/>\n\t<meta property=\"og:image:height\" content=\"600\" \/>\n\t<meta property=\"og:image:type\" content=\"image\/png\" \/>\n<meta name=\"twitter:card\" content=\"summary_large_image\" \/>\n<meta name=\"twitter:label1\" content=\"Gesch\u00e4tzte Lesezeit\" \/>\n\t<meta name=\"twitter:data1\" content=\"1\u00a0Minute\" \/>\n<script type=\"application\/ld+json\" class=\"yoast-schema-graph\">{\"@context\":\"https:\\\/\\\/schema.org\",\"@graph\":[{\"@type\":\"WebPage\",\"@id\":\"https:\\\/\\\/swixed.ch\\\/de\\\/produkt\\\/sed63002\\\/\",\"url\":\"https:\\\/\\\/swixed.ch\\\/de\\\/produkt\\\/sed63002\\\/\",\"name\":\"Boso Medicus Exclusive Blutdruckmessger\u00e4t | Swixed SA\",\"isPartOf\":{\"@id\":\"https:\\\/\\\/swixed.ch\\\/de\\\/#website\"},\"primaryImageOfPage\":{\"@id\":\"https:\\\/\\\/swixed.ch\\\/de\\\/produkt\\\/sed63002\\\/#primaryimage\"},\"image\":{\"@id\":\"https:\\\/\\\/swixed.ch\\\/de\\\/produkt\\\/sed63002\\\/#primaryimage\"},\"thumbnailUrl\":\"https:\\\/\\\/swixed.ch\\\/wp-content\\\/uploads\\\/products\\\/boso-medicus-exclusive-01a.png\",\"datePublished\":\"2021-04-26T15:16:57+00:00\",\"dateModified\":\"2026-04-21T05:24:43+00:00\",\"description\":\"Messen Sie Ihren Blutdruck genau mit dem BOSO Medicus Exclusive Blutdruckmessger\u00e4t. Speicher f\u00fcr 90 Messungen und Dreifach-Kontrollfunktion.\",\"breadcrumb\":{\"@id\":\"https:\\\/\\\/swixed.ch\\\/de\\\/produkt\\\/sed63002\\\/#breadcrumb\"},\"inLanguage\":\"de\",\"potentialAction\":[{\"@type\":\"ReadAction\",\"target\":[\"https:\\\/\\\/swixed.ch\\\/de\\\/produkt\\\/sed63002\\\/\"]}]},{\"@type\":\"ImageObject\",\"inLanguage\":\"de\",\"@id\":\"https:\\\/\\\/swixed.ch\\\/de\\\/produkt\\\/sed63002\\\/#primaryimage\",\"url\":\"https:\\\/\\\/swixed.ch\\\/wp-content\\\/uploads\\\/products\\\/boso-medicus-exclusive-01a.png\",\"contentUrl\":\"https:\\\/\\\/swixed.ch\\\/wp-content\\\/uploads\\\/products\\\/boso-medicus-exclusive-01a.png\",\"width\":600,\"height\":600,\"caption\":\"boso-medicus-exclusive-01a\"},{\"@type\":\"BreadcrumbList\",\"@id\":\"https:\\\/\\\/swixed.ch\\\/de\\\/produkt\\\/sed63002\\\/#breadcrumb\",\"itemListElement\":[{\"@type\":\"ListItem\",\"position\":1,\"name\":\"Startseite\",\"item\":\"https:\\\/\\\/swixed.ch\\\/de\\\/home\\\/\"},{\"@type\":\"ListItem\",\"position\":2,\"name\":\"Shop\",\"item\":\"https:\\\/\\\/swixed.ch\\\/de\\\/shop\\\/\"},{\"@type\":\"ListItem\",\"position\":3,\"name\":\"Boso Medicus Exclusive Blutdruckmessger\u00e4t\"}]},{\"@type\":\"WebSite\",\"@id\":\"https:\\\/\\\/swixed.ch\\\/de\\\/#website\",\"url\":\"https:\\\/\\\/swixed.ch\\\/de\\\/\",\"name\":\"Swixed SA\",\"description\":\"Elektronische Ger\u00e4te\",\"publisher\":{\"@id\":\"https:\\\/\\\/swixed.ch\\\/de\\\/#organization\"},\"potentialAction\":[{\"@type\":\"SearchAction\",\"target\":{\"@type\":\"EntryPoint\",\"urlTemplate\":\"https:\\\/\\\/swixed.ch\\\/de\\\/?s={search_term_string}\"},\"query-input\":{\"@type\":\"PropertyValueSpecification\",\"valueRequired\":true,\"valueName\":\"search_term_string\"}}],\"inLanguage\":\"de\"},{\"@type\":\"Organization\",\"@id\":\"https:\\\/\\\/swixed.ch\\\/de\\\/#organization\",\"name\":\"Swixed SA\",\"url\":\"https:\\\/\\\/swixed.ch\\\/de\\\/\",\"logo\":{\"@type\":\"ImageObject\",\"inLanguage\":\"de\",\"@id\":\"https:\\\/\\\/swixed.ch\\\/de\\\/#\\\/schema\\\/logo\\\/image\\\/\",\"url\":\"https:\\\/\\\/swixed.ch\\\/wp-content\\\/uploads\\\/logos\\\/swixed-logo-lite.png\",\"contentUrl\":\"https:\\\/\\\/swixed.ch\\\/wp-content\\\/uploads\\\/logos\\\/swixed-logo-lite.png\",\"width\":696,\"height\":696,\"caption\":\"Swixed SA\"},\"image\":{\"@id\":\"https:\\\/\\\/swixed.ch\\\/de\\\/#\\\/schema\\\/logo\\\/image\\\/\"},\"sameAs\":[\"https:\\\/\\\/www.facebook.com\\\/swixed\",\"https:\\\/\\\/www.linkedin.com\\\/company\\\/swixed\",\"https:\\\/\\\/www.youtube.com\\\/@swixedsa\"],\"description\":\"Swixed SA est une entreprise suisse bas\u00e9e \u00e0 Gen\u00e8ve, sp\u00e9cialis\u00e9e dans la vente, la location et la maintenance d\u2019appareils m\u00e9dicaux professionnels, tels que d\u00e9fibrillateurs AED, \u00e9lectrocardiographes, moniteurs patient et dispositifs de diagnostic.\",\"email\":\"infoshop@swixed.ch\",\"telephone\":\"+41 22 566 11 95\",\"legalName\":\"Swixed SA\",\"foundingDate\":\"2021-03-01\",\"numberOfEmployees\":{\"@type\":\"QuantitativeValue\",\"minValue\":\"1\",\"maxValue\":\"10\"}}]}<\/script>\n<!-- \/ Yoast SEO Premium plugin. -->","yoast_head_json":{"title":"Boso Medicus Exclusive Blutdruckmessger\u00e4t | Swixed SA","description":"Messen Sie Ihren Blutdruck genau mit dem BOSO Medicus Exclusive Blutdruckmessger\u00e4t. Speicher f\u00fcr 90 Messungen und Dreifach-Kontrollfunktion.","robots":{"index":"index","follow":"follow","max-snippet":"max-snippet:-1","max-image-preview":"max-image-preview:large","max-video-preview":"max-video-preview:-1"},"canonical":"https:\/\/swixed.ch\/de\/produkt\/sed63002\/","og_locale":"de_DE","og_type":"article","og_title":"Boso Medicus Exclusive Blutdruckmessger\u00e4t","og_description":"Messen Sie Ihren Blutdruck genau mit dem BOSO Medicus Exclusive Blutdruckmessger\u00e4t. Speicher f\u00fcr 90 Messungen und Dreifach-Kontrollfunktion.","og_url":"https:\/\/swixed.ch\/de\/produkt\/sed63002\/","og_site_name":"Swixed SA","article_publisher":"https:\/\/www.facebook.com\/swixed","article_modified_time":"2026-04-21T05:24:43+00:00","og_image":[{"width":600,"height":600,"url":"https:\/\/swixed.ch\/wp-content\/uploads\/products\/boso-medicus-exclusive-01a.png","type":"image\/png"}],"twitter_card":"summary_large_image","twitter_misc":{"Gesch\u00e4tzte Lesezeit":"1\u00a0Minute"},"schema":{"@context":"https:\/\/schema.org","@graph":[{"@type":"WebPage","@id":"https:\/\/swixed.ch\/de\/produkt\/sed63002\/","url":"https:\/\/swixed.ch\/de\/produkt\/sed63002\/","name":"Boso Medicus Exclusive Blutdruckmessger\u00e4t | Swixed SA","isPartOf":{"@id":"https:\/\/swixed.ch\/de\/#website"},"primaryImageOfPage":{"@id":"https:\/\/swixed.ch\/de\/produkt\/sed63002\/#primaryimage"},"image":{"@id":"https:\/\/swixed.ch\/de\/produkt\/sed63002\/#primaryimage"},"thumbnailUrl":"https:\/\/swixed.ch\/wp-content\/uploads\/products\/boso-medicus-exclusive-01a.png","datePublished":"2021-04-26T15:16:57+00:00","dateModified":"2026-04-21T05:24:43+00:00","description":"Messen Sie Ihren Blutdruck genau mit dem BOSO Medicus Exclusive Blutdruckmessger\u00e4t. Speicher f\u00fcr 90 Messungen und Dreifach-Kontrollfunktion.","breadcrumb":{"@id":"https:\/\/swixed.ch\/de\/produkt\/sed63002\/#breadcrumb"},"inLanguage":"de","potentialAction":[{"@type":"ReadAction","target":["https:\/\/swixed.ch\/de\/produkt\/sed63002\/"]}]},{"@type":"ImageObject","inLanguage":"de","@id":"https:\/\/swixed.ch\/de\/produkt\/sed63002\/#primaryimage","url":"https:\/\/swixed.ch\/wp-content\/uploads\/products\/boso-medicus-exclusive-01a.png","contentUrl":"https:\/\/swixed.ch\/wp-content\/uploads\/products\/boso-medicus-exclusive-01a.png","width":600,"height":600,"caption":"boso-medicus-exclusive-01a"},{"@type":"BreadcrumbList","@id":"https:\/\/swixed.ch\/de\/produkt\/sed63002\/#breadcrumb","itemListElement":[{"@type":"ListItem","position":1,"name":"Startseite","item":"https:\/\/swixed.ch\/de\/home\/"},{"@type":"ListItem","position":2,"name":"Shop","item":"https:\/\/swixed.ch\/de\/shop\/"},{"@type":"ListItem","position":3,"name":"Boso Medicus Exclusive Blutdruckmessger\u00e4t"}]},{"@type":"WebSite","@id":"https:\/\/swixed.ch\/de\/#website","url":"https:\/\/swixed.ch\/de\/","name":"Swixed SA","description":"Elektronische Ger\u00e4te","publisher":{"@id":"https:\/\/swixed.ch\/de\/#organization"},"potentialAction":[{"@type":"SearchAction","target":{"@type":"EntryPoint","urlTemplate":"https:\/\/swixed.ch\/de\/?s={search_term_string}"},"query-input":{"@type":"PropertyValueSpecification","valueRequired":true,"valueName":"search_term_string"}}],"inLanguage":"de"},{"@type":"Organization","@id":"https:\/\/swixed.ch\/de\/#organization","name":"Swixed SA","url":"https:\/\/swixed.ch\/de\/","logo":{"@type":"ImageObject","inLanguage":"de","@id":"https:\/\/swixed.ch\/de\/#\/schema\/logo\/image\/","url":"https:\/\/swixed.ch\/wp-content\/uploads\/logos\/swixed-logo-lite.png","contentUrl":"https:\/\/swixed.ch\/wp-content\/uploads\/logos\/swixed-logo-lite.png","width":696,"height":696,"caption":"Swixed SA"},"image":{"@id":"https:\/\/swixed.ch\/de\/#\/schema\/logo\/image\/"},"sameAs":["https:\/\/www.facebook.com\/swixed","https:\/\/www.linkedin.com\/company\/swixed","https:\/\/www.youtube.com\/@swixedsa"],"description":"Swixed SA est une entreprise suisse bas\u00e9e \u00e0 Gen\u00e8ve, sp\u00e9cialis\u00e9e dans la vente, la location et la maintenance d\u2019appareils m\u00e9dicaux professionnels, tels que d\u00e9fibrillateurs AED, \u00e9lectrocardiographes, moniteurs patient et dispositifs de diagnostic.","email":"infoshop@swixed.ch","telephone":"+41 22 566 11 95","legalName":"Swixed SA","foundingDate":"2021-03-01","numberOfEmployees":{"@type":"QuantitativeValue","minValue":"1","maxValue":"10"}}]}},"_links":{"self":[{"href":"https:\/\/swixed.ch\/de\/wp-json\/wp\/v2\/product\/33342","targetHints":{"allow":["GET"]}}],"collection":[{"href":"https:\/\/swixed.ch\/de\/wp-json\/wp\/v2\/product"}],"about":[{"href":"https:\/\/swixed.ch\/de\/wp-json\/wp\/v2\/types\/product"}],"version-history":[{"count":1,"href":"https:\/\/swixed.ch\/de\/wp-json\/wp\/v2\/product\/33342\/revisions"}],"predecessor-version":[{"id":63034,"href":"https:\/\/swixed.ch\/de\/wp-json\/wp\/v2\/product\/33342\/revisions\/63034"}],"wp:featuredmedia":[{"embeddable":true,"href":"https:\/\/swixed.ch\/de\/wp-json\/wp\/v2\/media\/28879"}],"wp:attachment":[{"href":"https:\/\/swixed.ch\/de\/wp-json\/wp\/v2\/media?parent=33342"}],"wp:term":[{"taxonomy":"product_brand","embeddable":true,"href":"https:\/\/swixed.ch\/de\/wp-json\/wp\/v2\/product_brand?post=33342"},{"taxonomy":"product_cat","embeddable":true,"href":"https:\/\/swixed.ch\/de\/wp-json\/wp\/v2\/product_cat?post=33342"},{"taxonomy":"product_tag","embeddable":true,"href":"https:\/\/swixed.ch\/de\/wp-json\/wp\/v2\/product_tag?post=33342"}],"curies":[{"name":"wp","href":"https:\/\/api.w.org\/{rel}","templated":true}]}}