{"id":33349,"date":"2021-04-27T08:34:03","date_gmt":"2021-04-27T07:34:03","guid":{"rendered":"https:\/\/swixed.com\/produit\/edan-f2-zwillings-fetal-ueberwachungsmonitor\/"},"modified":"2026-04-20T18:58:16","modified_gmt":"2026-04-20T17:58:16","slug":"sed40001","status":"publish","type":"product","link":"https:\/\/swixed.ch\/de\/produkt\/sed40001\/","title":{"rendered":"Edan F2 Kardiotokograph"},"content":{"rendered":"\t\t<div data-elementor-type=\"product-post\" data-elementor-id=\"33349\" class=\"elementor elementor-33349 elementor-3156\" data-elementor-post-type=\"product\">\n\t\t\t\t\t\t<section class=\"elementor-section elementor-top-section elementor-element elementor-element-566dfe8 elementor-section-full_width elementor-section-height-default elementor-section-height-default\" data-id=\"566dfe8\" data-element_type=\"section\" data-e-type=\"section\">\n\t\t\t\t\t\t<div class=\"elementor-container elementor-column-gap-default\">\n\t\t\t\t\t<div class=\"elementor-column elementor-col-100 elementor-top-column elementor-element elementor-element-2c4618e\" data-id=\"2c4618e\" data-element_type=\"column\" data-e-type=\"column\">\n\t\t\t<div class=\"elementor-widget-wrap elementor-element-populated\">\n\t\t\t\t\t\t<div class=\"elementor-element elementor-element-57fea7d elementor-widget elementor-widget-heading\" data-id=\"57fea7d\" data-element_type=\"widget\" data-e-type=\"widget\" data-widget_type=\"heading.default\">\n\t\t\t\t\t<h2 class=\"elementor-heading-title elementor-size-default\">Beschreibung<\/h2>\t\t\t\t<\/div>\n\t\t\t\t<div class=\"elementor-element elementor-element-e0a279c elementor-widget elementor-widget-text-editor\" data-id=\"e0a279c\" data-element_type=\"widget\" data-e-type=\"widget\" data-widget_type=\"text-editor.default\">\n\t\t\t\t\t\t\t\t\t<p>Der <strong>Edan F2<\/strong> ist ein Zwillings-Fetal-\u00dcberwachungsmonitor, auch Kardiotokograph genannt. Er ist mit 2 RCF-Kan\u00e4len und einem externen TOCO-Kanal ausgestattet. Es ist ein robustes und leichtes Ger\u00e4t mit einem Gewicht von 3,5 kg, so dass es leicht zu Hause transportiert werden kann.  <\/p><p>Die wasserdichten IPX8-Sensoren des Edan F2 haben eine sehr hohe Empfindlichkeit (optimale Frequenz von 1 MHz) f\u00fcr eine bessere Durchdringung der Wellen und den Schutz des fetalen Gewebes.<\/p><p>Die Erkennung der fetalen Bewegungen kann automatisch oder manuell erfolgen.<\/p><p><strong>VCT-Berechnung<\/strong>: Dieses Programm wird bei der \u00dcberwachung einer intrauterinen Wachstumsverz\u00f6gerung (IUGR) verwendet. Es analysiert den fetalen Herzrhythmus und die Berechnung der Kurzzeitvariabilit\u00e4t. Diese Option ist im Kardiotokograph F2 integriert.  <\/p><p>Die wiederaufladbare Batterie hat keinen Memory-Effekt, so dass der Edan F2 auch w\u00e4hrend des Ladevorgangs verwendet werden kann. Der Monitor F2 funktioniert auch, wenn er direkt an das Stromnetz angeschlossen ist. <\/p><p>Dieser Fetalmonitor erm\u00f6glicht eine hohe Druckgeschwindigkeit (1, 2 oder 3 cm\/Minute) dank seines integrierten hochaufl\u00f6senden Thermodruckers. Die hohe Speicherkapazit\u00e4t erm\u00f6glicht es, bis zu 60 Stunden an Aufzeichnungen abzurufen. <\/p><p>Es gibt drei verschiedene Anzeigemodi: Darstellung + Werte, nur Darstellung oder nur Werte.<\/p><p>Die SOV-Technologie f\u00fcr Zwillingsschwangerschaften (automatische \u00dcberpr\u00fcfung von Kreuzsignalen) ist enthalten. Ereignismarker, akustische und visuelle Warnungen sind ebenfalls m\u00f6glich. <\/p><p>Das Ger\u00e4t verf\u00fcgt \u00fcber eine integrierte Software f\u00fcr: Daten\u00fcbertragung in Echtzeit, Aufzeichnung von Ereignissen, Patientendateien, Historie der aufgezeichneten Sitzungen, Ausdruck auf A4-Papier, Versand per E-Mail, Export, etc.<\/p>\t\t\t\t\t\t\t\t<\/div>\n\t\t\t\t<div class=\"elementor-element elementor-element-815501b elementor-widget elementor-widget-heading\" data-id=\"815501b\" data-element_type=\"widget\" data-e-type=\"widget\" data-widget_type=\"heading.default\">\n\t\t\t\t\t<h2 class=\"elementor-heading-title elementor-size-default\">Inhalt<\/h2>\t\t\t\t<\/div>\n\t\t\t\t<div class=\"elementor-element elementor-element-7b75745 elementor-widget elementor-widget-text-editor\" data-id=\"7b75745\" data-element_type=\"widget\" data-e-type=\"widget\" data-widget_type=\"text-editor.default\">\n\t\t\t\t\t\t\t\t\t<ul><li>1 externer TOCO-Sensor<\/li><li>2 RCF-Sensoren<\/li><li>1 B\u00fcndel Papier<\/li><li>1 Transporttasche<\/li><li>Lithium-Batterie<\/li><li>2 Bauchgurte<\/li><li>1 Netzkabel<\/li><li>Handbuch und Bedienungsanleitungen auf Deutsch,<\/li><li>Inklusive VCT<\/li><\/ul>\t\t\t\t\t\t\t\t<\/div>\n\t\t\t\t\t<\/div>\n\t\t<\/div>\n\t\t\t\t\t<\/div>\n\t\t<\/section>\n\t\t\t\t<\/div>\n\t\t","protected":false},"excerpt":{"rendered":"<p>Tragbares Zweikanalger\u00e4t mit wasserdichten IPX8-Sensoren, Farbdisplay und VCT-Konnektivit\u00e4t. Das F2 ist f\u00fcr den Einsatz in professionellen Umgebungen geeignet und erm\u00f6glicht die Aufzeichnung technischer Daten \u00fcber Oberfl\u00e4chensensoren. Der Betrieb erfolgt \u00fcber wiederaufladbare Batterien oder Netzstrom. Dieses Produkt ist f\u00fcr den beaufsichtigten Gebrauch bestimmt und ist kein Ersatz f\u00fcr medizinische Ger\u00e4te f\u00fcr den klinischen Gebrauch.   <\/p>\n","protected":false},"featured_media":47064,"template":"","meta":{"_acf_changed":false},"product_brand":[2085],"product_cat":[1134,1133],"product_tag":[1138,1135,987,998,1142,1140,1136],"class_list":{"0":"post-33349","1":"product","2":"type-product","3":"status-publish","4":"has-post-thumbnail","6":"product_brand-edan-de","7":"product_cat-gerate-kardiotokographen","8":"product_cat-kardiotokographen","9":"product_tag-ctg-de","10":"product_tag-fetal","11":"product_tag-kardiologie","12":"product_tag-monitoring-de","13":"product_tag-rcf-de","14":"product_tag-toco-de","15":"product_tag-vtc-de","16":"product_shipping_class-kostenloser-versand","18":"first","19":"instock","20":"taxable","21":"shipping-taxable","22":"purchasable","23":"product-type-simple"},"acf":[],"yoast_head":"<!-- This site is optimized with the Yoast SEO Premium plugin v27.4 (Yoast SEO v27.4) - https:\/\/yoast.com\/product\/yoast-seo-premium-wordpress\/ -->\n<title>Kardiotokograph Edan F2 Kardiotokograph | Swixed SA - Zwillings-Fetalmonitor<\/title>\n<meta name=\"description\" content=\"Der Edan F2 ist ein Zwillings-Fetal-\u00dcberwachungsmonitor, der auch als Kardiotokograph bezeichnet wird. Er ist mit 2 RCF-Kan\u00e4len und einem Toco-Kanal ausgestattet.\" \/>\n<meta name=\"robots\" content=\"index, follow, max-snippet:-1, max-image-preview:large, max-video-preview:-1\" \/>\n<link rel=\"canonical\" href=\"https:\/\/swixed.ch\/de\/produkt\/sed40001\/\" \/>\n<meta property=\"og:locale\" content=\"de_DE\" \/>\n<meta property=\"og:type\" content=\"article\" \/>\n<meta property=\"og:title\" content=\"Edan F2 Kardiotokograph\" \/>\n<meta property=\"og:description\" content=\"Der Edan F2 ist ein Zwillings-Fetal-\u00dcberwachungsmonitor, der auch als Kardiotokograph bezeichnet wird. Er ist mit 2 RCF-Kan\u00e4len und einem Toco-Kanal ausgestattet.\" \/>\n<meta property=\"og:url\" content=\"https:\/\/swixed.ch\/de\/produkt\/sed40001\/\" \/>\n<meta property=\"og:site_name\" content=\"Swixed SA\" \/>\n<meta property=\"article:publisher\" content=\"https:\/\/www.facebook.com\/swixed\" \/>\n<meta property=\"article:modified_time\" content=\"2026-04-20T17:58:16+00:00\" \/>\n<meta property=\"og:image\" content=\"https:\/\/swixed.ch\/wp-content\/uploads\/products\/edan-f2-01a.png\" \/>\n\t<meta property=\"og:image:width\" content=\"600\" \/>\n\t<meta property=\"og:image:height\" content=\"600\" \/>\n\t<meta property=\"og:image:type\" content=\"image\/png\" \/>\n<meta name=\"twitter:card\" content=\"summary_large_image\" \/>\n<meta name=\"twitter:label1\" content=\"Gesch\u00e4tzte Lesezeit\" \/>\n\t<meta name=\"twitter:data1\" content=\"1\u00a0Minute\" \/>\n<script type=\"application\/ld+json\" class=\"yoast-schema-graph\">{\"@context\":\"https:\\\/\\\/schema.org\",\"@graph\":[{\"@type\":\"WebPage\",\"@id\":\"https:\\\/\\\/swixed.ch\\\/de\\\/produkt\\\/sed40001\\\/\",\"url\":\"https:\\\/\\\/swixed.ch\\\/de\\\/produkt\\\/sed40001\\\/\",\"name\":\"Kardiotokograph Edan F2 Kardiotokograph | Swixed SA - Zwillings-Fetalmonitor\",\"isPartOf\":{\"@id\":\"https:\\\/\\\/swixed.ch\\\/de\\\/#website\"},\"primaryImageOfPage\":{\"@id\":\"https:\\\/\\\/swixed.ch\\\/de\\\/produkt\\\/sed40001\\\/#primaryimage\"},\"image\":{\"@id\":\"https:\\\/\\\/swixed.ch\\\/de\\\/produkt\\\/sed40001\\\/#primaryimage\"},\"thumbnailUrl\":\"https:\\\/\\\/swixed.ch\\\/wp-content\\\/uploads\\\/products\\\/edan-f2-01a.png\",\"datePublished\":\"2021-04-27T07:34:03+00:00\",\"dateModified\":\"2026-04-20T17:58:16+00:00\",\"description\":\"Der Edan F2 ist ein Zwillings-Fetal-\u00dcberwachungsmonitor, der auch als Kardiotokograph bezeichnet wird. Er ist mit 2 RCF-Kan\u00e4len und einem Toco-Kanal ausgestattet.\",\"breadcrumb\":{\"@id\":\"https:\\\/\\\/swixed.ch\\\/de\\\/produkt\\\/sed40001\\\/#breadcrumb\"},\"inLanguage\":\"de\",\"potentialAction\":[{\"@type\":\"ReadAction\",\"target\":[\"https:\\\/\\\/swixed.ch\\\/de\\\/produkt\\\/sed40001\\\/\"]}]},{\"@type\":\"ImageObject\",\"inLanguage\":\"de\",\"@id\":\"https:\\\/\\\/swixed.ch\\\/de\\\/produkt\\\/sed40001\\\/#primaryimage\",\"url\":\"https:\\\/\\\/swixed.ch\\\/wp-content\\\/uploads\\\/products\\\/edan-f2-01a.png\",\"contentUrl\":\"https:\\\/\\\/swixed.ch\\\/wp-content\\\/uploads\\\/products\\\/edan-f2-01a.png\",\"width\":600,\"height\":600,\"caption\":\"edan f2\"},{\"@type\":\"BreadcrumbList\",\"@id\":\"https:\\\/\\\/swixed.ch\\\/de\\\/produkt\\\/sed40001\\\/#breadcrumb\",\"itemListElement\":[{\"@type\":\"ListItem\",\"position\":1,\"name\":\"Startseite\",\"item\":\"https:\\\/\\\/swixed.ch\\\/de\\\/home\\\/\"},{\"@type\":\"ListItem\",\"position\":2,\"name\":\"Shop\",\"item\":\"https:\\\/\\\/swixed.ch\\\/de\\\/shop\\\/\"},{\"@type\":\"ListItem\",\"position\":3,\"name\":\"Edan F2 Kardiotokograph\"}]},{\"@type\":\"WebSite\",\"@id\":\"https:\\\/\\\/swixed.ch\\\/de\\\/#website\",\"url\":\"https:\\\/\\\/swixed.ch\\\/de\\\/\",\"name\":\"Swixed SA\",\"description\":\"Elektronische Ger\u00e4te\",\"publisher\":{\"@id\":\"https:\\\/\\\/swixed.ch\\\/de\\\/#organization\"},\"potentialAction\":[{\"@type\":\"SearchAction\",\"target\":{\"@type\":\"EntryPoint\",\"urlTemplate\":\"https:\\\/\\\/swixed.ch\\\/de\\\/?s={search_term_string}\"},\"query-input\":{\"@type\":\"PropertyValueSpecification\",\"valueRequired\":true,\"valueName\":\"search_term_string\"}}],\"inLanguage\":\"de\"},{\"@type\":\"Organization\",\"@id\":\"https:\\\/\\\/swixed.ch\\\/de\\\/#organization\",\"name\":\"Swixed SA\",\"url\":\"https:\\\/\\\/swixed.ch\\\/de\\\/\",\"logo\":{\"@type\":\"ImageObject\",\"inLanguage\":\"de\",\"@id\":\"https:\\\/\\\/swixed.ch\\\/de\\\/#\\\/schema\\\/logo\\\/image\\\/\",\"url\":\"https:\\\/\\\/swixed.ch\\\/wp-content\\\/uploads\\\/logos\\\/swixed-logo-lite.png\",\"contentUrl\":\"https:\\\/\\\/swixed.ch\\\/wp-content\\\/uploads\\\/logos\\\/swixed-logo-lite.png\",\"width\":696,\"height\":696,\"caption\":\"Swixed SA\"},\"image\":{\"@id\":\"https:\\\/\\\/swixed.ch\\\/de\\\/#\\\/schema\\\/logo\\\/image\\\/\"},\"sameAs\":[\"https:\\\/\\\/www.facebook.com\\\/swixed\",\"https:\\\/\\\/www.linkedin.com\\\/company\\\/swixed\",\"https:\\\/\\\/www.youtube.com\\\/@swixedsa\"],\"description\":\"Swixed SA est une entreprise suisse bas\u00e9e \u00e0 Gen\u00e8ve, sp\u00e9cialis\u00e9e dans la vente, la location et la maintenance d\u2019appareils m\u00e9dicaux professionnels, tels que d\u00e9fibrillateurs AED, \u00e9lectrocardiographes, moniteurs patient et dispositifs de diagnostic.\",\"email\":\"infoshop@swixed.ch\",\"telephone\":\"+41 22 566 11 95\",\"legalName\":\"Swixed SA\",\"foundingDate\":\"2021-03-01\",\"numberOfEmployees\":{\"@type\":\"QuantitativeValue\",\"minValue\":\"1\",\"maxValue\":\"10\"}}]}<\/script>\n<!-- \/ Yoast SEO Premium plugin. -->","yoast_head_json":{"title":"Kardiotokograph Edan F2 Kardiotokograph | Swixed SA - Zwillings-Fetalmonitor","description":"Der Edan F2 ist ein Zwillings-Fetal-\u00dcberwachungsmonitor, der auch als Kardiotokograph bezeichnet wird. Er ist mit 2 RCF-Kan\u00e4len und einem Toco-Kanal ausgestattet.","robots":{"index":"index","follow":"follow","max-snippet":"max-snippet:-1","max-image-preview":"max-image-preview:large","max-video-preview":"max-video-preview:-1"},"canonical":"https:\/\/swixed.ch\/de\/produkt\/sed40001\/","og_locale":"de_DE","og_type":"article","og_title":"Edan F2 Kardiotokograph","og_description":"Der Edan F2 ist ein Zwillings-Fetal-\u00dcberwachungsmonitor, der auch als Kardiotokograph bezeichnet wird. Er ist mit 2 RCF-Kan\u00e4len und einem Toco-Kanal ausgestattet.","og_url":"https:\/\/swixed.ch\/de\/produkt\/sed40001\/","og_site_name":"Swixed SA","article_publisher":"https:\/\/www.facebook.com\/swixed","article_modified_time":"2026-04-20T17:58:16+00:00","og_image":[{"width":600,"height":600,"url":"https:\/\/swixed.ch\/wp-content\/uploads\/products\/edan-f2-01a.png","type":"image\/png"}],"twitter_card":"summary_large_image","twitter_misc":{"Gesch\u00e4tzte Lesezeit":"1\u00a0Minute"},"schema":{"@context":"https:\/\/schema.org","@graph":[{"@type":"WebPage","@id":"https:\/\/swixed.ch\/de\/produkt\/sed40001\/","url":"https:\/\/swixed.ch\/de\/produkt\/sed40001\/","name":"Kardiotokograph Edan F2 Kardiotokograph | Swixed SA - Zwillings-Fetalmonitor","isPartOf":{"@id":"https:\/\/swixed.ch\/de\/#website"},"primaryImageOfPage":{"@id":"https:\/\/swixed.ch\/de\/produkt\/sed40001\/#primaryimage"},"image":{"@id":"https:\/\/swixed.ch\/de\/produkt\/sed40001\/#primaryimage"},"thumbnailUrl":"https:\/\/swixed.ch\/wp-content\/uploads\/products\/edan-f2-01a.png","datePublished":"2021-04-27T07:34:03+00:00","dateModified":"2026-04-20T17:58:16+00:00","description":"Der Edan F2 ist ein Zwillings-Fetal-\u00dcberwachungsmonitor, der auch als Kardiotokograph bezeichnet wird. Er ist mit 2 RCF-Kan\u00e4len und einem Toco-Kanal ausgestattet.","breadcrumb":{"@id":"https:\/\/swixed.ch\/de\/produkt\/sed40001\/#breadcrumb"},"inLanguage":"de","potentialAction":[{"@type":"ReadAction","target":["https:\/\/swixed.ch\/de\/produkt\/sed40001\/"]}]},{"@type":"ImageObject","inLanguage":"de","@id":"https:\/\/swixed.ch\/de\/produkt\/sed40001\/#primaryimage","url":"https:\/\/swixed.ch\/wp-content\/uploads\/products\/edan-f2-01a.png","contentUrl":"https:\/\/swixed.ch\/wp-content\/uploads\/products\/edan-f2-01a.png","width":600,"height":600,"caption":"edan f2"},{"@type":"BreadcrumbList","@id":"https:\/\/swixed.ch\/de\/produkt\/sed40001\/#breadcrumb","itemListElement":[{"@type":"ListItem","position":1,"name":"Startseite","item":"https:\/\/swixed.ch\/de\/home\/"},{"@type":"ListItem","position":2,"name":"Shop","item":"https:\/\/swixed.ch\/de\/shop\/"},{"@type":"ListItem","position":3,"name":"Edan F2 Kardiotokograph"}]},{"@type":"WebSite","@id":"https:\/\/swixed.ch\/de\/#website","url":"https:\/\/swixed.ch\/de\/","name":"Swixed SA","description":"Elektronische Ger\u00e4te","publisher":{"@id":"https:\/\/swixed.ch\/de\/#organization"},"potentialAction":[{"@type":"SearchAction","target":{"@type":"EntryPoint","urlTemplate":"https:\/\/swixed.ch\/de\/?s={search_term_string}"},"query-input":{"@type":"PropertyValueSpecification","valueRequired":true,"valueName":"search_term_string"}}],"inLanguage":"de"},{"@type":"Organization","@id":"https:\/\/swixed.ch\/de\/#organization","name":"Swixed SA","url":"https:\/\/swixed.ch\/de\/","logo":{"@type":"ImageObject","inLanguage":"de","@id":"https:\/\/swixed.ch\/de\/#\/schema\/logo\/image\/","url":"https:\/\/swixed.ch\/wp-content\/uploads\/logos\/swixed-logo-lite.png","contentUrl":"https:\/\/swixed.ch\/wp-content\/uploads\/logos\/swixed-logo-lite.png","width":696,"height":696,"caption":"Swixed SA"},"image":{"@id":"https:\/\/swixed.ch\/de\/#\/schema\/logo\/image\/"},"sameAs":["https:\/\/www.facebook.com\/swixed","https:\/\/www.linkedin.com\/company\/swixed","https:\/\/www.youtube.com\/@swixedsa"],"description":"Swixed SA est une entreprise suisse bas\u00e9e \u00e0 Gen\u00e8ve, sp\u00e9cialis\u00e9e dans la vente, la location et la maintenance d\u2019appareils m\u00e9dicaux professionnels, tels que d\u00e9fibrillateurs AED, \u00e9lectrocardiographes, moniteurs patient et dispositifs de diagnostic.","email":"infoshop@swixed.ch","telephone":"+41 22 566 11 95","legalName":"Swixed SA","foundingDate":"2021-03-01","numberOfEmployees":{"@type":"QuantitativeValue","minValue":"1","maxValue":"10"}}]}},"_links":{"self":[{"href":"https:\/\/swixed.ch\/de\/wp-json\/wp\/v2\/product\/33349","targetHints":{"allow":["GET"]}}],"collection":[{"href":"https:\/\/swixed.ch\/de\/wp-json\/wp\/v2\/product"}],"about":[{"href":"https:\/\/swixed.ch\/de\/wp-json\/wp\/v2\/types\/product"}],"version-history":[{"count":1,"href":"https:\/\/swixed.ch\/de\/wp-json\/wp\/v2\/product\/33349\/revisions"}],"predecessor-version":[{"id":62964,"href":"https:\/\/swixed.ch\/de\/wp-json\/wp\/v2\/product\/33349\/revisions\/62964"}],"wp:featuredmedia":[{"embeddable":true,"href":"https:\/\/swixed.ch\/de\/wp-json\/wp\/v2\/media\/47064"}],"wp:attachment":[{"href":"https:\/\/swixed.ch\/de\/wp-json\/wp\/v2\/media?parent=33349"}],"wp:term":[{"taxonomy":"product_brand","embeddable":true,"href":"https:\/\/swixed.ch\/de\/wp-json\/wp\/v2\/product_brand?post=33349"},{"taxonomy":"product_cat","embeddable":true,"href":"https:\/\/swixed.ch\/de\/wp-json\/wp\/v2\/product_cat?post=33349"},{"taxonomy":"product_tag","embeddable":true,"href":"https:\/\/swixed.ch\/de\/wp-json\/wp\/v2\/product_tag?post=33349"}],"curies":[{"name":"wp","href":"https:\/\/api.w.org\/{rel}","templated":true}]}}