{"id":33352,"date":"2021-04-27T15:01:18","date_gmt":"2021-04-27T14:01:18","guid":{"rendered":"https:\/\/swixed.com\/produit\/skintact-elektroden-t-vo01\/"},"modified":"2026-04-19T16:19:23","modified_gmt":"2026-04-19T15:19:23","slug":"sed17004","status":"publish","type":"product","link":"https:\/\/swixed.ch\/de\/produkt\/sed17004\/","title":{"rendered":"Skintact-Elektroden T-VO01"},"content":{"rendered":"\t\t<div data-elementor-type=\"product-post\" data-elementor-id=\"33352\" class=\"elementor elementor-33352 elementor-3218\" data-elementor-post-type=\"product\">\n\t\t\t\t\t\t<section class=\"elementor-section elementor-top-section elementor-element elementor-element-fee15ff elementor-section-full_width elementor-section-height-default elementor-section-height-default\" data-id=\"fee15ff\" data-element_type=\"section\" data-e-type=\"section\">\n\t\t\t\t\t\t<div class=\"elementor-container elementor-column-gap-default\">\n\t\t\t\t\t<div class=\"elementor-column elementor-col-100 elementor-top-column elementor-element elementor-element-8bfc968\" data-id=\"8bfc968\" data-element_type=\"column\" data-e-type=\"column\">\n\t\t\t<div class=\"elementor-widget-wrap elementor-element-populated\">\n\t\t\t\t\t\t<div class=\"elementor-element elementor-element-c1564b6 elementor-widget elementor-widget-heading\" data-id=\"c1564b6\" data-element_type=\"widget\" data-e-type=\"widget\" data-widget_type=\"heading.default\">\n\t\t\t\t\t<h2 class=\"elementor-heading-title elementor-size-default\">Adh\u00e4sion und nachhaltige Leistung<\/h2>\t\t\t\t<\/div>\n\t\t\t\t<div class=\"elementor-element elementor-element-5a1f6aa elementor-widget elementor-widget-text-editor\" data-id=\"5a1f6aa\" data-element_type=\"widget\" data-e-type=\"widget\" data-widget_type=\"text-editor.default\">\n\t\t\t\t\t\t\t\t\tDie EKG-Elektroden Skintact T-VO01 bieten dank ihres verst\u00e4rkten Klebers und der PE-Schaumstoffhalterung eine zuverl\u00e4ssige Befestigung. Dar\u00fcber hinaus bleiben die Elektroden auch bei starkem Schwitzen stabil. Daher sind sie auch f\u00fcr Untersuchungen wie das Echokardiogramm geeignet. Die Nutzungsdauer kann bis zu 72 Stunden betragen.   \t\t\t\t\t\t\t\t<\/div>\n\t\t\t\t<div class=\"elementor-element elementor-element-7b54600 elementor-widget elementor-widget-heading\" data-id=\"7b54600\" data-element_type=\"widget\" data-e-type=\"widget\" data-widget_type=\"heading.default\">\n\t\t\t\t\t<h2 class=\"elementor-heading-title elementor-size-default\">Hautkomfort und praktische Anwendung<\/h2>\t\t\t\t<\/div>\n\t\t\t\t<div class=\"elementor-element elementor-element-30db5d7 elementor-widget elementor-widget-text-editor\" data-id=\"30db5d7\" data-element_type=\"widget\" data-e-type=\"widget\" data-widget_type=\"text-editor.default\">\n\t\t\t\t\t\t\t\t\tDiese Elektroden sind mit einem fl\u00fcssigen Gel und einer mikropor\u00f6sen Unterlage versehen. Dadurch kann die Haut besser atmen und Irritationen werden verringert. Die Verpackung in Beuteln ist leicht zu \u00f6ffnen. Dar\u00fcber hinaus vereinfachen die dezentralen Konnektoren das Anbringen und Entfernen, was die t\u00e4gliche Arbeit verbessert.   \t\t\t\t\t\t\t\t<\/div>\n\t\t\t\t<div class=\"elementor-element elementor-element-9bfcf8a elementor-widget elementor-widget-heading\" data-id=\"9bfcf8a\" data-element_type=\"widget\" data-e-type=\"widget\" data-widget_type=\"heading.default\">\n\t\t\t\t\t<h2 class=\"elementor-heading-title elementor-size-default\">Innovative Technologie f\u00fcr eine bessere Signalqualit\u00e4t<\/h2>\t\t\t\t<\/div>\n\t\t\t\t<div class=\"elementor-element elementor-element-1e882a0 elementor-widget elementor-widget-text-editor\" data-id=\"1e882a0\" data-element_type=\"widget\" data-e-type=\"widget\" data-widget_type=\"text-editor.default\">\n\t\t\t\t\t\t\t\t\t<p>Der Klebering sch\u00fctzt das Gel vor dem Austrocknen. Auf diese Weise bleibt das Signal stabil und Artefakte werden reduziert. Dieses Design verbessert die Zuverl\u00e4ssigkeit von EKG-Untersuchungen.  <\/p><p><strong>Hauptmerkmale :<\/strong><\/p><ul><li>Verwendung von Holter und Belastungstest<\/li><li>Maximale Dauer: 72 Stunden<\/li><li>Mikropor\u00f6ses fl\u00fcssiges Gel<\/li><li>Hypoallergen und atmungsaktiv<\/li><li>Wasserfester PE-Schaumstofftr\u00e4ger<\/li><li>Optimierte Anschl\u00fcsse f\u00fcr EKG-Kabel<\/li><\/ul>\t\t\t\t\t\t\t\t<\/div>\n\t\t\t\t<div class=\"elementor-element elementor-element-393a68c elementor-widget elementor-widget-heading\" data-id=\"393a68c\" data-element_type=\"widget\" data-e-type=\"widget\" data-widget_type=\"heading.default\">\n\t\t\t\t\t<h2 class=\"elementor-heading-title elementor-size-default\">Konformit\u00e4t und Standards<\/h2>\t\t\t\t<\/div>\n\t\t\t\t<div class=\"elementor-element elementor-element-ef11d89 elementor-widget elementor-widget-text-editor\" data-id=\"ef11d89\" data-element_type=\"widget\" data-e-type=\"widget\" data-widget_type=\"text-editor.default\">\n\t\t\t\t\t\t\t\t\tSkintact T-VO01 EKG-Elektroden erf\u00fcllen die Qualit\u00e4ts- und Sicherheitsanforderungen f\u00fcr medizinisches Verbrauchsmaterial, das bei elektrokardiographischen Untersuchungen eingesetzt wird. Sie werden nach den Richtlinien der Hersteller produziert und entsprechen den internationalen Standards f\u00fcr Medizinprodukte f\u00fcr den professionellen Gebrauch. In der Schweiz gibt das Bundesamt f\u00fcr Gesundheit (BAG) Empfehlungen f\u00fcr die Verwendung und den Umgang mit medizinischen Ger\u00e4ten heraus.  \n\nWeitere Informationen finden Sie unter :\n<ul>\n \t<li><a href=\"https:\/\/www.bag.admin.ch\" target=\"_blank\" rel=\"noopener\">Bundesamt f\u00fcr Gesundheit (BAG)<\/a><\/li>\n<\/ul>\n\t\t\t\t\t\t\t\t<\/div>\n\t\t\t\t\t<\/div>\n\t\t<\/div>\n\t\t\t\t\t<\/div>\n\t\t<\/section>\n\t\t\t\t<\/div>\n\t\t","protected":false},"excerpt":{"rendered":"<p>Die EKG-Elektroden Skintact T-VO01 sind f\u00fcr die Erfassung von elektrischen Signalen in der technischen Kardiologie bestimmt. Die Elektroden verf\u00fcgen \u00fcber einen mikropor\u00f6sen Tr\u00e4ger in Kombination mit einem fl\u00fcssigen Gel, das eine stabile Fixierung bis zu 72 Stunden gew\u00e4hrleistet. Jede Elektrode ist in einem praktischen Beutel verpackt und mit optimierten Anschl\u00fcssen f\u00fcr eine zuverl\u00e4ssige Anwendung ausgestattet. CE-zertifiziertes Modell.   <\/p>\n","protected":false},"featured_media":27331,"template":"","meta":{"_acf_changed":false},"product_brand":[2187],"product_cat":[954,970,962,978],"product_tag":[982,989,993,998],"class_list":{"0":"post-33352","1":"product","2":"type-product","3":"status-publish","4":"has-post-thumbnail","6":"product_brand-skintact-de","7":"product_cat-elektrokardiographen","8":"product_cat-patientenmonitore","9":"product_cat-verbrauchsmaterial-elektrokardiographen","10":"product_cat-verbrauchsmaterial-patientenmonitore","11":"product_tag-ecg-de","12":"product_tag-elektroden","13":"product_tag-elektrokardiographen","14":"product_tag-monitoring-de","16":"first","17":"instock","18":"taxable","19":"shipping-taxable","20":"purchasable","21":"product-type-variable","22":"has-default-attributes"},"acf":[],"yoast_head":"<!-- This site is optimized with the Yoast SEO Premium plugin v27.4 (Yoast SEO v27.4) - https:\/\/yoast.com\/product\/yoast-seo-premium-wordpress\/ -->\n<title>Skintact T-VO01 | Swixed SA%<\/title>\n<meta name=\"description\" content=\"Skintact T-VO01 EKG-Elektroden f\u00fcr Langzeit- und Belastungstests. Hypoallergen, mikropor\u00f6s, verst\u00e4rkte Haftung und optimaler Komfort.\" \/>\n<meta name=\"robots\" content=\"index, follow, max-snippet:-1, max-image-preview:large, max-video-preview:-1\" \/>\n<link rel=\"canonical\" href=\"https:\/\/swixed.ch\/de\/produkt\/sed17004\/\" \/>\n<meta property=\"og:locale\" content=\"de_DE\" \/>\n<meta property=\"og:type\" content=\"article\" \/>\n<meta property=\"og:title\" content=\"Skintact-Elektroden T-VO01\" \/>\n<meta property=\"og:description\" content=\"Skintact T-VO01 EKG-Elektroden f\u00fcr Langzeit- und Belastungstests. Hypoallergen, mikropor\u00f6s, verst\u00e4rkte Haftung und optimaler Komfort.\" \/>\n<meta property=\"og:url\" content=\"https:\/\/swixed.ch\/de\/produkt\/sed17004\/\" \/>\n<meta property=\"og:site_name\" content=\"Swixed SA\" \/>\n<meta property=\"article:publisher\" content=\"https:\/\/www.facebook.com\/swixed\" \/>\n<meta property=\"article:modified_time\" content=\"2026-04-19T15:19:23+00:00\" \/>\n<meta property=\"og:image\" content=\"https:\/\/swixed.ch\/wp-content\/uploads\/products\/skintact-t-vo01-01.png\" \/>\n\t<meta property=\"og:image:width\" content=\"600\" \/>\n\t<meta property=\"og:image:height\" content=\"600\" \/>\n\t<meta property=\"og:image:type\" content=\"image\/png\" \/>\n<meta name=\"twitter:card\" content=\"summary_large_image\" \/>\n<meta name=\"twitter:label1\" content=\"Gesch\u00e4tzte Lesezeit\" \/>\n\t<meta name=\"twitter:data1\" content=\"1\u00a0Minute\" \/>\n<script type=\"application\/ld+json\" class=\"yoast-schema-graph\">{\"@context\":\"https:\\\/\\\/schema.org\",\"@graph\":[{\"@type\":\"WebPage\",\"@id\":\"https:\\\/\\\/swixed.ch\\\/de\\\/produkt\\\/sed17004\\\/\",\"url\":\"https:\\\/\\\/swixed.ch\\\/de\\\/produkt\\\/sed17004\\\/\",\"name\":\"Skintact T-VO01 | Swixed SA%\",\"isPartOf\":{\"@id\":\"https:\\\/\\\/swixed.ch\\\/de\\\/#website\"},\"primaryImageOfPage\":{\"@id\":\"https:\\\/\\\/swixed.ch\\\/de\\\/produkt\\\/sed17004\\\/#primaryimage\"},\"image\":{\"@id\":\"https:\\\/\\\/swixed.ch\\\/de\\\/produkt\\\/sed17004\\\/#primaryimage\"},\"thumbnailUrl\":\"https:\\\/\\\/swixed.ch\\\/wp-content\\\/uploads\\\/products\\\/skintact-t-vo01-01.png\",\"datePublished\":\"2021-04-27T14:01:18+00:00\",\"dateModified\":\"2026-04-19T15:19:23+00:00\",\"description\":\"Skintact T-VO01 EKG-Elektroden f\u00fcr Langzeit- und Belastungstests. Hypoallergen, mikropor\u00f6s, verst\u00e4rkte Haftung und optimaler Komfort.\",\"breadcrumb\":{\"@id\":\"https:\\\/\\\/swixed.ch\\\/de\\\/produkt\\\/sed17004\\\/#breadcrumb\"},\"inLanguage\":\"de\",\"potentialAction\":[{\"@type\":\"ReadAction\",\"target\":[\"https:\\\/\\\/swixed.ch\\\/de\\\/produkt\\\/sed17004\\\/\"]}]},{\"@type\":\"ImageObject\",\"inLanguage\":\"de\",\"@id\":\"https:\\\/\\\/swixed.ch\\\/de\\\/produkt\\\/sed17004\\\/#primaryimage\",\"url\":\"https:\\\/\\\/swixed.ch\\\/wp-content\\\/uploads\\\/products\\\/skintact-t-vo01-01.png\",\"contentUrl\":\"https:\\\/\\\/swixed.ch\\\/wp-content\\\/uploads\\\/products\\\/skintact-t-vo01-01.png\",\"width\":600,\"height\":600,\"caption\":\"skintact-t-vo01-01\"},{\"@type\":\"BreadcrumbList\",\"@id\":\"https:\\\/\\\/swixed.ch\\\/de\\\/produkt\\\/sed17004\\\/#breadcrumb\",\"itemListElement\":[{\"@type\":\"ListItem\",\"position\":1,\"name\":\"Startseite\",\"item\":\"https:\\\/\\\/swixed.ch\\\/de\\\/home\\\/\"},{\"@type\":\"ListItem\",\"position\":2,\"name\":\"Shop\",\"item\":\"https:\\\/\\\/swixed.ch\\\/de\\\/shop\\\/\"},{\"@type\":\"ListItem\",\"position\":3,\"name\":\"Skintact-Elektroden T-VO01\"}]},{\"@type\":\"WebSite\",\"@id\":\"https:\\\/\\\/swixed.ch\\\/de\\\/#website\",\"url\":\"https:\\\/\\\/swixed.ch\\\/de\\\/\",\"name\":\"Swixed SA\",\"description\":\"Elektronische Ger\u00e4te\",\"publisher\":{\"@id\":\"https:\\\/\\\/swixed.ch\\\/de\\\/#organization\"},\"potentialAction\":[{\"@type\":\"SearchAction\",\"target\":{\"@type\":\"EntryPoint\",\"urlTemplate\":\"https:\\\/\\\/swixed.ch\\\/de\\\/?s={search_term_string}\"},\"query-input\":{\"@type\":\"PropertyValueSpecification\",\"valueRequired\":true,\"valueName\":\"search_term_string\"}}],\"inLanguage\":\"de\"},{\"@type\":\"Organization\",\"@id\":\"https:\\\/\\\/swixed.ch\\\/de\\\/#organization\",\"name\":\"Swixed SA\",\"url\":\"https:\\\/\\\/swixed.ch\\\/de\\\/\",\"logo\":{\"@type\":\"ImageObject\",\"inLanguage\":\"de\",\"@id\":\"https:\\\/\\\/swixed.ch\\\/de\\\/#\\\/schema\\\/logo\\\/image\\\/\",\"url\":\"https:\\\/\\\/swixed.ch\\\/wp-content\\\/uploads\\\/logos\\\/swixed-logo-lite.png\",\"contentUrl\":\"https:\\\/\\\/swixed.ch\\\/wp-content\\\/uploads\\\/logos\\\/swixed-logo-lite.png\",\"width\":696,\"height\":696,\"caption\":\"Swixed SA\"},\"image\":{\"@id\":\"https:\\\/\\\/swixed.ch\\\/de\\\/#\\\/schema\\\/logo\\\/image\\\/\"},\"sameAs\":[\"https:\\\/\\\/www.facebook.com\\\/swixed\",\"https:\\\/\\\/www.linkedin.com\\\/company\\\/swixed\",\"https:\\\/\\\/www.youtube.com\\\/@swixedsa\"],\"description\":\"Swixed SA est une entreprise suisse bas\u00e9e \u00e0 Gen\u00e8ve, sp\u00e9cialis\u00e9e dans la vente, la location et la maintenance d\u2019appareils m\u00e9dicaux professionnels, tels que d\u00e9fibrillateurs AED, \u00e9lectrocardiographes, moniteurs patient et dispositifs de diagnostic.\",\"email\":\"infoshop@swixed.ch\",\"telephone\":\"+41 22 566 11 95\",\"legalName\":\"Swixed SA\",\"foundingDate\":\"2021-03-01\",\"numberOfEmployees\":{\"@type\":\"QuantitativeValue\",\"minValue\":\"1\",\"maxValue\":\"10\"}}]}<\/script>\n<!-- \/ Yoast SEO Premium plugin. -->","yoast_head_json":{"title":"Skintact T-VO01 | Swixed SA%","description":"Skintact T-VO01 EKG-Elektroden f\u00fcr Langzeit- und Belastungstests. Hypoallergen, mikropor\u00f6s, verst\u00e4rkte Haftung und optimaler Komfort.","robots":{"index":"index","follow":"follow","max-snippet":"max-snippet:-1","max-image-preview":"max-image-preview:large","max-video-preview":"max-video-preview:-1"},"canonical":"https:\/\/swixed.ch\/de\/produkt\/sed17004\/","og_locale":"de_DE","og_type":"article","og_title":"Skintact-Elektroden T-VO01","og_description":"Skintact T-VO01 EKG-Elektroden f\u00fcr Langzeit- und Belastungstests. Hypoallergen, mikropor\u00f6s, verst\u00e4rkte Haftung und optimaler Komfort.","og_url":"https:\/\/swixed.ch\/de\/produkt\/sed17004\/","og_site_name":"Swixed SA","article_publisher":"https:\/\/www.facebook.com\/swixed","article_modified_time":"2026-04-19T15:19:23+00:00","og_image":[{"width":600,"height":600,"url":"https:\/\/swixed.ch\/wp-content\/uploads\/products\/skintact-t-vo01-01.png","type":"image\/png"}],"twitter_card":"summary_large_image","twitter_misc":{"Gesch\u00e4tzte Lesezeit":"1\u00a0Minute"},"schema":{"@context":"https:\/\/schema.org","@graph":[{"@type":"WebPage","@id":"https:\/\/swixed.ch\/de\/produkt\/sed17004\/","url":"https:\/\/swixed.ch\/de\/produkt\/sed17004\/","name":"Skintact T-VO01 | Swixed SA%","isPartOf":{"@id":"https:\/\/swixed.ch\/de\/#website"},"primaryImageOfPage":{"@id":"https:\/\/swixed.ch\/de\/produkt\/sed17004\/#primaryimage"},"image":{"@id":"https:\/\/swixed.ch\/de\/produkt\/sed17004\/#primaryimage"},"thumbnailUrl":"https:\/\/swixed.ch\/wp-content\/uploads\/products\/skintact-t-vo01-01.png","datePublished":"2021-04-27T14:01:18+00:00","dateModified":"2026-04-19T15:19:23+00:00","description":"Skintact T-VO01 EKG-Elektroden f\u00fcr Langzeit- und Belastungstests. Hypoallergen, mikropor\u00f6s, verst\u00e4rkte Haftung und optimaler Komfort.","breadcrumb":{"@id":"https:\/\/swixed.ch\/de\/produkt\/sed17004\/#breadcrumb"},"inLanguage":"de","potentialAction":[{"@type":"ReadAction","target":["https:\/\/swixed.ch\/de\/produkt\/sed17004\/"]}]},{"@type":"ImageObject","inLanguage":"de","@id":"https:\/\/swixed.ch\/de\/produkt\/sed17004\/#primaryimage","url":"https:\/\/swixed.ch\/wp-content\/uploads\/products\/skintact-t-vo01-01.png","contentUrl":"https:\/\/swixed.ch\/wp-content\/uploads\/products\/skintact-t-vo01-01.png","width":600,"height":600,"caption":"skintact-t-vo01-01"},{"@type":"BreadcrumbList","@id":"https:\/\/swixed.ch\/de\/produkt\/sed17004\/#breadcrumb","itemListElement":[{"@type":"ListItem","position":1,"name":"Startseite","item":"https:\/\/swixed.ch\/de\/home\/"},{"@type":"ListItem","position":2,"name":"Shop","item":"https:\/\/swixed.ch\/de\/shop\/"},{"@type":"ListItem","position":3,"name":"Skintact-Elektroden T-VO01"}]},{"@type":"WebSite","@id":"https:\/\/swixed.ch\/de\/#website","url":"https:\/\/swixed.ch\/de\/","name":"Swixed SA","description":"Elektronische Ger\u00e4te","publisher":{"@id":"https:\/\/swixed.ch\/de\/#organization"},"potentialAction":[{"@type":"SearchAction","target":{"@type":"EntryPoint","urlTemplate":"https:\/\/swixed.ch\/de\/?s={search_term_string}"},"query-input":{"@type":"PropertyValueSpecification","valueRequired":true,"valueName":"search_term_string"}}],"inLanguage":"de"},{"@type":"Organization","@id":"https:\/\/swixed.ch\/de\/#organization","name":"Swixed SA","url":"https:\/\/swixed.ch\/de\/","logo":{"@type":"ImageObject","inLanguage":"de","@id":"https:\/\/swixed.ch\/de\/#\/schema\/logo\/image\/","url":"https:\/\/swixed.ch\/wp-content\/uploads\/logos\/swixed-logo-lite.png","contentUrl":"https:\/\/swixed.ch\/wp-content\/uploads\/logos\/swixed-logo-lite.png","width":696,"height":696,"caption":"Swixed SA"},"image":{"@id":"https:\/\/swixed.ch\/de\/#\/schema\/logo\/image\/"},"sameAs":["https:\/\/www.facebook.com\/swixed","https:\/\/www.linkedin.com\/company\/swixed","https:\/\/www.youtube.com\/@swixedsa"],"description":"Swixed SA est une entreprise suisse bas\u00e9e \u00e0 Gen\u00e8ve, sp\u00e9cialis\u00e9e dans la vente, la location et la maintenance d\u2019appareils m\u00e9dicaux professionnels, tels que d\u00e9fibrillateurs AED, \u00e9lectrocardiographes, moniteurs patient et dispositifs de diagnostic.","email":"infoshop@swixed.ch","telephone":"+41 22 566 11 95","legalName":"Swixed SA","foundingDate":"2021-03-01","numberOfEmployees":{"@type":"QuantitativeValue","minValue":"1","maxValue":"10"}}]}},"_links":{"self":[{"href":"https:\/\/swixed.ch\/de\/wp-json\/wp\/v2\/product\/33352","targetHints":{"allow":["GET"]}}],"collection":[{"href":"https:\/\/swixed.ch\/de\/wp-json\/wp\/v2\/product"}],"about":[{"href":"https:\/\/swixed.ch\/de\/wp-json\/wp\/v2\/types\/product"}],"version-history":[{"count":2,"href":"https:\/\/swixed.ch\/de\/wp-json\/wp\/v2\/product\/33352\/revisions"}],"predecessor-version":[{"id":62783,"href":"https:\/\/swixed.ch\/de\/wp-json\/wp\/v2\/product\/33352\/revisions\/62783"}],"wp:featuredmedia":[{"embeddable":true,"href":"https:\/\/swixed.ch\/de\/wp-json\/wp\/v2\/media\/27331"}],"wp:attachment":[{"href":"https:\/\/swixed.ch\/de\/wp-json\/wp\/v2\/media?parent=33352"}],"wp:term":[{"taxonomy":"product_brand","embeddable":true,"href":"https:\/\/swixed.ch\/de\/wp-json\/wp\/v2\/product_brand?post=33352"},{"taxonomy":"product_cat","embeddable":true,"href":"https:\/\/swixed.ch\/de\/wp-json\/wp\/v2\/product_cat?post=33352"},{"taxonomy":"product_tag","embeddable":true,"href":"https:\/\/swixed.ch\/de\/wp-json\/wp\/v2\/product_tag?post=33352"}],"curies":[{"name":"wp","href":"https:\/\/api.w.org\/{rel}","templated":true}]}}