{"id":33371,"date":"2021-04-26T18:38:18","date_gmt":"2021-04-26T17:38:18","guid":{"rendered":"https:\/\/swixed.com\/produit\/oximeter-edan-h100b\/"},"modified":"2026-04-21T06:48:20","modified_gmt":"2026-04-21T05:48:20","slug":"sed70002","status":"publish","type":"product","link":"https:\/\/swixed.ch\/de\/produkt\/sed70002\/","title":{"rendered":"Edan H100B Pulsoximeter"},"content":{"rendered":"\t\t<div data-elementor-type=\"product-post\" data-elementor-id=\"33371\" class=\"elementor elementor-33371 elementor-3151\" data-elementor-post-type=\"product\">\n\t\t\t\t<div class=\"elementor-element elementor-element-5d0d073 e-con-full e-flex e-con e-parent\" data-id=\"5d0d073\" data-element_type=\"container\" data-e-type=\"container\">\n\t\t<div class=\"elementor-element elementor-element-c39da0e e-con-full e-flex e-con e-child\" data-id=\"c39da0e\" data-element_type=\"container\" data-e-type=\"container\">\n\t\t\t\t<div class=\"elementor-element elementor-element-8f715b0 elementor-widget elementor-widget-heading\" data-id=\"8f715b0\" data-element_type=\"widget\" data-e-type=\"widget\" data-widget_type=\"heading.default\">\n\t\t\t\t\t<h2 class=\"elementor-heading-title elementor-size-default\">Hauptmerkmale<\/h2>\t\t\t\t<\/div>\n\t\t\t\t<div class=\"elementor-element elementor-element-16badb3 elementor-widget elementor-widget-text-editor\" data-id=\"16badb3\" data-element_type=\"widget\" data-e-type=\"widget\" data-widget_type=\"text-editor.default\">\n\t\t\t\t\t\t\t\t\t<p>Das Pulsoximeter Edan H100B gew\u00e4hrleistet eine zuverl\u00e4ssige Messung von SpO\u2082 und Herzfrequenz durch einen optischen Sensor, der an verschiedene K\u00f6rperformen angepasst ist. Anschlie\u00dfend zeigt sein hintergrundbeleuchtetes LCD-Display die numerischen Daten sowie die Trendkurven deutlich an. Dar\u00fcber hinaus verf\u00fcgt das Ger\u00e4t \u00fcber einen internen Speicher, der mehrere Messsitzungen aufzeichnen kann. Das kompakte Format erleichtert den Transport und die Installation in verschiedenen Pflegeumgebungen.   <\/p><p>Wichtigste technische Merkmale :<\/p><ul><li>Gleichzeitige Anzeige von SpO\u2082 und Herzfrequenz<\/li><li>Hinterleuchteter LCD-Bildschirm mit Kurven und Histogrammen<\/li><li>Interner Speicher f\u00fcr bis zu 300 Stunden Aufnahmezeit<\/li><li>Verwaltung mehrerer Profile: Erwachsene und Neugeborene<\/li><li>AA-Batterien mit verl\u00e4ngerter Laufzeit<\/li><\/ul>\t\t\t\t\t\t\t\t<\/div>\n\t\t\t\t<div class=\"elementor-element elementor-element-bb3ac09 elementor-widget elementor-widget-heading\" data-id=\"bb3ac09\" data-element_type=\"widget\" data-e-type=\"widget\" data-widget_type=\"heading.default\">\n\t\t\t\t\t<h2 class=\"elementor-heading-title elementor-size-default\">Funktionen und Datenanzeige<\/h2>\t\t\t\t<\/div>\n\t\t\t\t<div class=\"elementor-element elementor-element-1fbe583 elementor-widget elementor-widget-text-editor\" data-id=\"1fbe583\" data-element_type=\"widget\" data-e-type=\"widget\" data-widget_type=\"text-editor.default\">\n\t\t\t\t\t\t\t\t\t<p>Das Pulsoximeter Edan H100B bietet verschiedene Anzeigemodi, um den \u00dcberwachungsbed\u00fcrfnissen gerecht zu werden. Der Benutzer kann die Werte in numerischer oder grafischer Form anzeigen lassen. Die Trends der letzten 10 Minuten sind in Form einer Tabelle oder Kurve zug\u00e4nglich. Das visuelle und akustische Alarmsystem meldet automatisch, wenn die konfigurierten Schwellenwerte \u00fcberschritten werden. Ein spezieller Alarm informiert, wenn der Sensor entfernt wird, was die Zuverl\u00e4ssigkeit der aufgezeichneten Daten erh\u00f6ht.    <\/p>\t\t\t\t\t\t\t\t<\/div>\n\t\t\t\t<div class=\"elementor-element elementor-element-d480398 elementor-widget elementor-widget-heading\" data-id=\"d480398\" data-element_type=\"widget\" data-e-type=\"widget\" data-widget_type=\"heading.default\">\n\t\t\t\t\t<h2 class=\"elementor-heading-title elementor-size-default\">Nutzung und rechtliche Rahmenbedingungen in der Schweiz<\/h2>\t\t\t\t<\/div>\n\t\t\t\t<div class=\"elementor-element elementor-element-e27b963 elementor-widget elementor-widget-text-editor\" data-id=\"e27b963\" data-element_type=\"widget\" data-e-type=\"widget\" data-widget_type=\"text-editor.default\">\n\t\t\t\t\t\t\t\t\t<p>In der Schweiz f\u00e4llt die Verwendung eines Pulsoximeters wie Edan H100B unter den Begriff der regulierten Medizinprodukte. Als solches unterliegt das Produkt den Anforderungen der Swissmedic, der f\u00fcr die \u00dcberwachung des Marktes f\u00fcr Medizinprodukte zust\u00e4ndigen Beh\u00f6rde.<br>Die allgemeinen Empfehlungen zur Sicherheit und Konformit\u00e4t basieren auf den vom Bundesamt f\u00fcr Gesundheit ver\u00f6ffentlichten Informationen.<br>Schlie\u00dflich ergibt sich der anwendbare Rechtsrahmen auch aus der Medical Devices Ordinance (MedDO), die die Bedingungen f\u00fcr das Inverkehrbringen und die Verwendung von Medizinprodukten in der Schweiz festlegt. <br>\t\t<div data-elementor-type=\"widget\" data-elementor-id=\"59088\" class=\"elementor elementor-59088 elementor-59083 elementor-59083\" data-elementor-post-type=\"elementor_library\">\n\t\t\t\t\t\t<div class=\"elementor-element elementor-element-59083 elementor-widget elementor-widget-text-editor\" data-id=\"59083\" data-element_type=\"widget\" data-e-type=\"widget\" data-widget_type=\"text-editor.default\">\n\t\t\t\t\t\t\t\t\t<p>Weitere Informationen finden Sie unter :<\/p><ul><li><a href=\"https:\/\/www.swissmedic.ch\" target=\"_blank\" rel=\"noopener\">Swissmedic<\/a><\/li><li><a href=\"https:\/\/www.bag.admin.ch\" target=\"_blank\" rel=\"noopener\">Bundesamt f\u00fcr Gesundheit (BAG)<\/a><\/li><li><a href=\"https:\/\/www.switec.info\" target=\"_blank\" rel=\"noopener\">Schweizerisches Informationszentrum f\u00fcr technische Regeln (Switec)<\/a><\/li><li><a href=\"https:\/\/www.fedlex.admin.ch\/eli\/cc\/2020\/552\/\" target=\"_blank\" rel=\"noopener\">Verordnung \u00fcber Medizinprodukte (MDDV oder MedDO)<\/a><\/li><\/ul><p><br>Unsere Medizinprodukte haben einen autorisierten Vertreter in der Schweiz (CH-REP), gem\u00e4\u00df der geltenden schweizerischen Gesetzgebung f\u00fcr Medizinprodukte.<\/p>\t\t\t\t\t\t\t\t<\/div>\n\t\t\t\t<\/div>\n\t\t<br>Klicken Sie hier, um die <a href=\"https:\/\/swixed.ch\/de\/produkt\/sed94005\/\">regelm\u00e4\u00dfige Wartung<\/a> zu buchen.<\/p>\t\t\t\t\t\t\t\t<\/div>\n\t\t\t\t<div class=\"elementor-element elementor-element-07011ac elementor-widget elementor-widget-heading\" data-id=\"07011ac\" data-element_type=\"widget\" data-e-type=\"widget\" data-widget_type=\"heading.default\">\n\t\t\t\t\t<h2 class=\"elementor-heading-title elementor-size-default\">Inhalt<\/h2>\t\t\t\t<\/div>\n\t\t\t\t<div class=\"elementor-element elementor-element-52222c4 elementor-widget elementor-widget-text-editor\" data-id=\"52222c4\" data-element_type=\"widget\" data-e-type=\"widget\" data-widget_type=\"text-editor.default\">\n\t\t\t\t\t\t\t\t\t<p>Das Pulsoximeter Edan H100B wird mit den notwendigen Teilen geliefert, damit Sie es sofort in Betrieb nehmen k\u00f6nnen. Das Paket umfasst <\/p><ul><li>1 wiederverwendbarer SpO\u2082-Sensor f\u00fcr Erwachsene (1 m)<\/li><li>1 Aufbewahrungstasche<\/li><li>4 x 1,5 V AA-Batterien<\/li><li>1 Bedienungsanleitung<\/li><\/ul><p><br>Dar\u00fcber hinaus ist optionales Zubeh\u00f6r weiterhin separat erh\u00e4ltlich, darunter Schutzh\u00fcllen und Ladel\u00f6sungen.<\/p>\t\t\t\t\t\t\t\t<\/div>\n\t\t\t\t<\/div>\n\t\t\t\t<\/div>\n\t\t\t\t<\/div>\n\t\t","protected":false},"excerpt":{"rendered":"<p>Das Edan H100B ist ein tragbares digitales Pulsoximeter mit einem hintergrundbeleuchteten LCD-Display. Es bietet mehrere Anzeigemodi, numerische und grafische, sowie einen internen Speicher, der die Aufzeichnung von Daten \u00fcber einen l\u00e4ngeren Zeitraum erm\u00f6glicht. Das Ger\u00e4t ist CE-zertifiziert und entspricht den technischen Spezifikationen des Herstellers und ist f\u00fcr den Einsatz in professionellen und institutionellen Umgebungen vorgesehen.  <\/p>\n","protected":false},"featured_media":62529,"template":"","meta":{"_acf_changed":false},"product_brand":[2085],"product_cat":[1114,1112],"product_tag":[7767,7753,7759,7765,7755,7586,7758,7754,1181,7768],"class_list":{"0":"post-33371","1":"product","2":"type-product","3":"status-publish","4":"has-post-thumbnail","6":"product_brand-edan-de","7":"product_cat-geraete-pulsoximeter","8":"product_cat-pulsoximeter","9":"product_tag-akustischer-alarm","10":"product_tag-hr","11":"product_tag-infusionsindikator-pi","12":"product_tag-interner-speicher","13":"product_tag-kompaktes-format","14":"product_tag-nicht-invasive-messung","15":"product_tag-oled-anzeige","16":"product_tag-pulsoximeter-finger","17":"product_tag-spo2-de","18":"product_tag-wiederaufladbare-batterie","19":"product_shipping_class-kostenloser-versand","21":"first","22":"instock","23":"taxable","24":"shipping-taxable","25":"purchasable","26":"product-type-simple"},"acf":[],"yoast_head":"<!-- This site is optimized with the Yoast SEO Premium plugin v27.4 (Yoast SEO v27.4) - https:\/\/yoast.com\/product\/yoast-seo-premium-wordpress\/ -->\n<title>Pulsoximeter Edan H100B | Swixed SA%<\/title>\n<meta name=\"description\" content=\"Pulsoximeter Edan H100B mit SpO\u2082- und Herzfrequenzanzeige, integriertem Speicher, konfigurierbaren Alarmen und autonomem Betrieb.\" \/>\n<meta name=\"robots\" content=\"index, follow, max-snippet:-1, max-image-preview:large, max-video-preview:-1\" \/>\n<link rel=\"canonical\" href=\"https:\/\/swixed.ch\/de\/produkt\/sed70002\/\" \/>\n<meta property=\"og:locale\" content=\"de_DE\" \/>\n<meta property=\"og:type\" content=\"article\" \/>\n<meta property=\"og:title\" content=\"Edan H100B Pulsoximeter\" \/>\n<meta property=\"og:description\" content=\"Pulsoximeter Edan H100B mit SpO\u2082- und Herzfrequenzanzeige, integriertem Speicher, konfigurierbaren Alarmen und autonomem Betrieb.\" \/>\n<meta property=\"og:url\" content=\"https:\/\/swixed.ch\/de\/produkt\/sed70002\/\" \/>\n<meta property=\"og:site_name\" content=\"Swixed SA\" \/>\n<meta property=\"article:publisher\" content=\"https:\/\/www.facebook.com\/swixed\" \/>\n<meta property=\"article:modified_time\" content=\"2026-04-21T05:48:20+00:00\" \/>\n<meta property=\"og:image\" content=\"https:\/\/swixed.ch\/wp-content\/uploads\/2026\/01\/SED70002-01.png\" \/>\n\t<meta property=\"og:image:width\" content=\"600\" \/>\n\t<meta property=\"og:image:height\" content=\"600\" \/>\n\t<meta property=\"og:image:type\" content=\"image\/png\" \/>\n<meta name=\"twitter:card\" content=\"summary_large_image\" \/>\n<meta name=\"twitter:label1\" content=\"Gesch\u00e4tzte Lesezeit\" \/>\n\t<meta name=\"twitter:data1\" content=\"2\u00a0Minuten\" \/>\n<script type=\"application\/ld+json\" class=\"yoast-schema-graph\">{\"@context\":\"https:\\\/\\\/schema.org\",\"@graph\":[{\"@type\":\"WebPage\",\"@id\":\"https:\\\/\\\/swixed.ch\\\/de\\\/produkt\\\/sed70002\\\/\",\"url\":\"https:\\\/\\\/swixed.ch\\\/de\\\/produkt\\\/sed70002\\\/\",\"name\":\"Pulsoximeter Edan H100B | Swixed SA%\",\"isPartOf\":{\"@id\":\"https:\\\/\\\/swixed.ch\\\/de\\\/#website\"},\"primaryImageOfPage\":{\"@id\":\"https:\\\/\\\/swixed.ch\\\/de\\\/produkt\\\/sed70002\\\/#primaryimage\"},\"image\":{\"@id\":\"https:\\\/\\\/swixed.ch\\\/de\\\/produkt\\\/sed70002\\\/#primaryimage\"},\"thumbnailUrl\":\"https:\\\/\\\/swixed.ch\\\/wp-content\\\/uploads\\\/2026\\\/01\\\/SED70002-01.png\",\"datePublished\":\"2021-04-26T17:38:18+00:00\",\"dateModified\":\"2026-04-21T05:48:20+00:00\",\"description\":\"Pulsoximeter Edan H100B mit SpO\u2082- und Herzfrequenzanzeige, integriertem Speicher, konfigurierbaren Alarmen und autonomem Betrieb.\",\"breadcrumb\":{\"@id\":\"https:\\\/\\\/swixed.ch\\\/de\\\/produkt\\\/sed70002\\\/#breadcrumb\"},\"inLanguage\":\"de\",\"potentialAction\":[{\"@type\":\"ReadAction\",\"target\":[\"https:\\\/\\\/swixed.ch\\\/de\\\/produkt\\\/sed70002\\\/\"]}]},{\"@type\":\"ImageObject\",\"inLanguage\":\"de\",\"@id\":\"https:\\\/\\\/swixed.ch\\\/de\\\/produkt\\\/sed70002\\\/#primaryimage\",\"url\":\"https:\\\/\\\/swixed.ch\\\/wp-content\\\/uploads\\\/2026\\\/01\\\/SED70002-01.png\",\"contentUrl\":\"https:\\\/\\\/swixed.ch\\\/wp-content\\\/uploads\\\/2026\\\/01\\\/SED70002-01.png\",\"width\":600,\"height\":600,\"caption\":\"SED70002\"},{\"@type\":\"BreadcrumbList\",\"@id\":\"https:\\\/\\\/swixed.ch\\\/de\\\/produkt\\\/sed70002\\\/#breadcrumb\",\"itemListElement\":[{\"@type\":\"ListItem\",\"position\":1,\"name\":\"Startseite\",\"item\":\"https:\\\/\\\/swixed.ch\\\/de\\\/home\\\/\"},{\"@type\":\"ListItem\",\"position\":2,\"name\":\"Shop\",\"item\":\"https:\\\/\\\/swixed.ch\\\/de\\\/shop\\\/\"},{\"@type\":\"ListItem\",\"position\":3,\"name\":\"Edan H100B Pulsoximeter\"}]},{\"@type\":\"WebSite\",\"@id\":\"https:\\\/\\\/swixed.ch\\\/de\\\/#website\",\"url\":\"https:\\\/\\\/swixed.ch\\\/de\\\/\",\"name\":\"Swixed SA\",\"description\":\"Elektronische Ger\u00e4te\",\"publisher\":{\"@id\":\"https:\\\/\\\/swixed.ch\\\/de\\\/#organization\"},\"potentialAction\":[{\"@type\":\"SearchAction\",\"target\":{\"@type\":\"EntryPoint\",\"urlTemplate\":\"https:\\\/\\\/swixed.ch\\\/de\\\/?s={search_term_string}\"},\"query-input\":{\"@type\":\"PropertyValueSpecification\",\"valueRequired\":true,\"valueName\":\"search_term_string\"}}],\"inLanguage\":\"de\"},{\"@type\":\"Organization\",\"@id\":\"https:\\\/\\\/swixed.ch\\\/de\\\/#organization\",\"name\":\"Swixed SA\",\"url\":\"https:\\\/\\\/swixed.ch\\\/de\\\/\",\"logo\":{\"@type\":\"ImageObject\",\"inLanguage\":\"de\",\"@id\":\"https:\\\/\\\/swixed.ch\\\/de\\\/#\\\/schema\\\/logo\\\/image\\\/\",\"url\":\"https:\\\/\\\/swixed.ch\\\/wp-content\\\/uploads\\\/logos\\\/swixed-logo-lite.png\",\"contentUrl\":\"https:\\\/\\\/swixed.ch\\\/wp-content\\\/uploads\\\/logos\\\/swixed-logo-lite.png\",\"width\":696,\"height\":696,\"caption\":\"Swixed SA\"},\"image\":{\"@id\":\"https:\\\/\\\/swixed.ch\\\/de\\\/#\\\/schema\\\/logo\\\/image\\\/\"},\"sameAs\":[\"https:\\\/\\\/www.facebook.com\\\/swixed\",\"https:\\\/\\\/www.linkedin.com\\\/company\\\/swixed\",\"https:\\\/\\\/www.youtube.com\\\/@swixedsa\"],\"description\":\"Swixed SA est une entreprise suisse bas\u00e9e \u00e0 Gen\u00e8ve, sp\u00e9cialis\u00e9e dans la vente, la location et la maintenance d\u2019appareils m\u00e9dicaux professionnels, tels que d\u00e9fibrillateurs AED, \u00e9lectrocardiographes, moniteurs patient et dispositifs de diagnostic.\",\"email\":\"infoshop@swixed.ch\",\"telephone\":\"+41 22 566 11 95\",\"legalName\":\"Swixed SA\",\"foundingDate\":\"2021-03-01\",\"numberOfEmployees\":{\"@type\":\"QuantitativeValue\",\"minValue\":\"1\",\"maxValue\":\"10\"}}]}<\/script>\n<!-- \/ Yoast SEO Premium plugin. -->","yoast_head_json":{"title":"Pulsoximeter Edan H100B | Swixed SA%","description":"Pulsoximeter Edan H100B mit SpO\u2082- und Herzfrequenzanzeige, integriertem Speicher, konfigurierbaren Alarmen und autonomem Betrieb.","robots":{"index":"index","follow":"follow","max-snippet":"max-snippet:-1","max-image-preview":"max-image-preview:large","max-video-preview":"max-video-preview:-1"},"canonical":"https:\/\/swixed.ch\/de\/produkt\/sed70002\/","og_locale":"de_DE","og_type":"article","og_title":"Edan H100B Pulsoximeter","og_description":"Pulsoximeter Edan H100B mit SpO\u2082- und Herzfrequenzanzeige, integriertem Speicher, konfigurierbaren Alarmen und autonomem Betrieb.","og_url":"https:\/\/swixed.ch\/de\/produkt\/sed70002\/","og_site_name":"Swixed SA","article_publisher":"https:\/\/www.facebook.com\/swixed","article_modified_time":"2026-04-21T05:48:20+00:00","og_image":[{"width":600,"height":600,"url":"https:\/\/swixed.ch\/wp-content\/uploads\/2026\/01\/SED70002-01.png","type":"image\/png"}],"twitter_card":"summary_large_image","twitter_misc":{"Gesch\u00e4tzte Lesezeit":"2\u00a0Minuten"},"schema":{"@context":"https:\/\/schema.org","@graph":[{"@type":"WebPage","@id":"https:\/\/swixed.ch\/de\/produkt\/sed70002\/","url":"https:\/\/swixed.ch\/de\/produkt\/sed70002\/","name":"Pulsoximeter Edan H100B | Swixed SA%","isPartOf":{"@id":"https:\/\/swixed.ch\/de\/#website"},"primaryImageOfPage":{"@id":"https:\/\/swixed.ch\/de\/produkt\/sed70002\/#primaryimage"},"image":{"@id":"https:\/\/swixed.ch\/de\/produkt\/sed70002\/#primaryimage"},"thumbnailUrl":"https:\/\/swixed.ch\/wp-content\/uploads\/2026\/01\/SED70002-01.png","datePublished":"2021-04-26T17:38:18+00:00","dateModified":"2026-04-21T05:48:20+00:00","description":"Pulsoximeter Edan H100B mit SpO\u2082- und Herzfrequenzanzeige, integriertem Speicher, konfigurierbaren Alarmen und autonomem Betrieb.","breadcrumb":{"@id":"https:\/\/swixed.ch\/de\/produkt\/sed70002\/#breadcrumb"},"inLanguage":"de","potentialAction":[{"@type":"ReadAction","target":["https:\/\/swixed.ch\/de\/produkt\/sed70002\/"]}]},{"@type":"ImageObject","inLanguage":"de","@id":"https:\/\/swixed.ch\/de\/produkt\/sed70002\/#primaryimage","url":"https:\/\/swixed.ch\/wp-content\/uploads\/2026\/01\/SED70002-01.png","contentUrl":"https:\/\/swixed.ch\/wp-content\/uploads\/2026\/01\/SED70002-01.png","width":600,"height":600,"caption":"SED70002"},{"@type":"BreadcrumbList","@id":"https:\/\/swixed.ch\/de\/produkt\/sed70002\/#breadcrumb","itemListElement":[{"@type":"ListItem","position":1,"name":"Startseite","item":"https:\/\/swixed.ch\/de\/home\/"},{"@type":"ListItem","position":2,"name":"Shop","item":"https:\/\/swixed.ch\/de\/shop\/"},{"@type":"ListItem","position":3,"name":"Edan H100B Pulsoximeter"}]},{"@type":"WebSite","@id":"https:\/\/swixed.ch\/de\/#website","url":"https:\/\/swixed.ch\/de\/","name":"Swixed SA","description":"Elektronische Ger\u00e4te","publisher":{"@id":"https:\/\/swixed.ch\/de\/#organization"},"potentialAction":[{"@type":"SearchAction","target":{"@type":"EntryPoint","urlTemplate":"https:\/\/swixed.ch\/de\/?s={search_term_string}"},"query-input":{"@type":"PropertyValueSpecification","valueRequired":true,"valueName":"search_term_string"}}],"inLanguage":"de"},{"@type":"Organization","@id":"https:\/\/swixed.ch\/de\/#organization","name":"Swixed SA","url":"https:\/\/swixed.ch\/de\/","logo":{"@type":"ImageObject","inLanguage":"de","@id":"https:\/\/swixed.ch\/de\/#\/schema\/logo\/image\/","url":"https:\/\/swixed.ch\/wp-content\/uploads\/logos\/swixed-logo-lite.png","contentUrl":"https:\/\/swixed.ch\/wp-content\/uploads\/logos\/swixed-logo-lite.png","width":696,"height":696,"caption":"Swixed SA"},"image":{"@id":"https:\/\/swixed.ch\/de\/#\/schema\/logo\/image\/"},"sameAs":["https:\/\/www.facebook.com\/swixed","https:\/\/www.linkedin.com\/company\/swixed","https:\/\/www.youtube.com\/@swixedsa"],"description":"Swixed SA est une entreprise suisse bas\u00e9e \u00e0 Gen\u00e8ve, sp\u00e9cialis\u00e9e dans la vente, la location et la maintenance d\u2019appareils m\u00e9dicaux professionnels, tels que d\u00e9fibrillateurs AED, \u00e9lectrocardiographes, moniteurs patient et dispositifs de diagnostic.","email":"infoshop@swixed.ch","telephone":"+41 22 566 11 95","legalName":"Swixed SA","foundingDate":"2021-03-01","numberOfEmployees":{"@type":"QuantitativeValue","minValue":"1","maxValue":"10"}}]}},"_links":{"self":[{"href":"https:\/\/swixed.ch\/de\/wp-json\/wp\/v2\/product\/33371","targetHints":{"allow":["GET"]}}],"collection":[{"href":"https:\/\/swixed.ch\/de\/wp-json\/wp\/v2\/product"}],"about":[{"href":"https:\/\/swixed.ch\/de\/wp-json\/wp\/v2\/types\/product"}],"version-history":[{"count":1,"href":"https:\/\/swixed.ch\/de\/wp-json\/wp\/v2\/product\/33371\/revisions"}],"predecessor-version":[{"id":63079,"href":"https:\/\/swixed.ch\/de\/wp-json\/wp\/v2\/product\/33371\/revisions\/63079"}],"wp:featuredmedia":[{"embeddable":true,"href":"https:\/\/swixed.ch\/de\/wp-json\/wp\/v2\/media\/62529"}],"wp:attachment":[{"href":"https:\/\/swixed.ch\/de\/wp-json\/wp\/v2\/media?parent=33371"}],"wp:term":[{"taxonomy":"product_brand","embeddable":true,"href":"https:\/\/swixed.ch\/de\/wp-json\/wp\/v2\/product_brand?post=33371"},{"taxonomy":"product_cat","embeddable":true,"href":"https:\/\/swixed.ch\/de\/wp-json\/wp\/v2\/product_cat?post=33371"},{"taxonomy":"product_tag","embeddable":true,"href":"https:\/\/swixed.ch\/de\/wp-json\/wp\/v2\/product_tag?post=33371"}],"curies":[{"name":"wp","href":"https:\/\/api.w.org\/{rel}","templated":true}]}}