{"id":33428,"date":"2021-04-27T09:00:54","date_gmt":"2021-04-27T08:00:54","guid":{"rendered":"https:\/\/swixed.com\/produit\/edan-sonotrax-basic-a-2mhz-fetaldoppler-im-taschenformat\/"},"modified":"2026-04-20T19:57:23","modified_gmt":"2026-04-20T18:57:23","slug":"sed50001","status":"publish","type":"product","link":"https:\/\/swixed.ch\/de\/produkt\/sed50001\/","title":{"rendered":"Edan Sonotrax Basic A 2MHz Fetaldoppler im Taschenformat"},"content":{"rendered":"\t\t<div data-elementor-type=\"product-post\" data-elementor-id=\"33428\" class=\"elementor elementor-33428 elementor-3168\" data-elementor-post-type=\"product\">\n\t\t\t\t\t\t<section class=\"elementor-section elementor-top-section elementor-element elementor-element-566dfe8 elementor-section-full_width elementor-section-height-default elementor-section-height-default\" data-id=\"566dfe8\" data-element_type=\"section\" data-e-type=\"section\">\n\t\t\t\t\t\t<div class=\"elementor-container elementor-column-gap-default\">\n\t\t\t\t\t<div class=\"elementor-column elementor-col-100 elementor-top-column elementor-element elementor-element-2c4618e\" data-id=\"2c4618e\" data-element_type=\"column\" data-e-type=\"column\">\n\t\t\t<div class=\"elementor-widget-wrap elementor-element-populated\">\n\t\t\t\t\t\t<div class=\"elementor-element elementor-element-57fea7d elementor-widget elementor-widget-heading\" data-id=\"57fea7d\" data-element_type=\"widget\" data-e-type=\"widget\" data-widget_type=\"heading.default\">\n\t\t\t\t\t<h2 class=\"elementor-heading-title elementor-size-default\">Beschreibung<\/h2>\t\t\t\t<\/div>\n\t\t\t\t<div class=\"elementor-element elementor-element-e0a279c elementor-widget elementor-widget-text-editor\" data-id=\"e0a279c\" data-element_type=\"widget\" data-e-type=\"widget\" data-widget_type=\"text-editor.default\">\n\t\t\t\t\t\t\t\t\t<p>Der Edan Sonotrax Basic A ist ein kompakter und vielseitiger tragbarer Doppler, der entwickelt wurde, um die Bed\u00fcrfnisse von medizinischem Fachpersonal bei der medizinischen \u00dcberwachung in verschiedenen Umgebungen zu erf\u00fcllen. Mit seiner wasserdichten, austauschbaren 2-MHz-Sonde liefert das Ger\u00e4t pr\u00e4zise Echtzeitmessungen und erm\u00f6glicht eine zuverl\u00e4ssige \u00dcberwachung des Blutflusses. <\/p>\t\t\t\t\t\t\t\t<\/div>\n\t\t\t\t<div class=\"elementor-element elementor-element-488430f elementor-widget elementor-widget-heading\" data-id=\"488430f\" data-element_type=\"widget\" data-e-type=\"widget\" data-widget_type=\"heading.default\">\n\t\t\t\t\t<h2 class=\"elementor-heading-title elementor-size-default\">Hauptmerkmale<\/h2>\t\t\t\t<\/div>\n\t\t\t\t<div class=\"elementor-element elementor-element-14d7d42 elementor-widget elementor-widget-text-editor\" data-id=\"14d7d42\" data-element_type=\"widget\" data-e-type=\"widget\" data-widget_type=\"text-editor.default\">\n\t\t\t\t\t\t\t\t\t<ul><li>Leicht und einfach zu transportieren (167 g ohne Batterien)<\/li><li>LCD-Bildschirm mit Hintergrundbeleuchtung f\u00fcr eine klare Lesbarkeit auch bei schlechten Lichtverh\u00e4ltnissen<\/li><li>Echtzeit-, Durchschnitts- und manuelle Berechnungsmodi f\u00fcr unterschiedliche Pr\u00fcfungsanforderungen<\/li><li>Eingebauter Lautsprecher mit Lautst\u00e4rkeregelung und Kopfh\u00f6reranschluss f\u00fcr eine pr\u00e4zise H\u00f6r\u00fcberwachung<\/li><li>Batteriestandsanzeige und automatische Abschaltung nach 1 Minute Inaktivit\u00e4t<\/li><\/ul>\t\t\t\t\t\t\t\t<\/div>\n\t\t\t\t<div class=\"elementor-element elementor-element-e589465 elementor-widget elementor-widget-heading\" data-id=\"e589465\" data-element_type=\"widget\" data-e-type=\"widget\" data-widget_type=\"heading.default\">\n\t\t\t\t\t<h2 class=\"elementor-heading-title elementor-size-default\">Vielseitigkeit<\/h2>\t\t\t\t<\/div>\n\t\t\t\t<div class=\"elementor-element elementor-element-d449851 elementor-widget elementor-widget-text-editor\" data-id=\"d449851\" data-element_type=\"widget\" data-e-type=\"widget\" data-widget_type=\"text-editor.default\">\n\t\t\t\t\t\t\t\t\t<p>Kompatibel mit einer Reihe von Sonden (3, 4, 5 und 8 MHz), die separat erh\u00e4ltlich sind, was einen erweiterten Einsatz f\u00fcr verschiedene Untersuchungen erm\u00f6glicht, einschlie\u00dflich der Gef\u00e4\u00df\u00fcberwachung mit einer 8 MHz Sonde.<\/p>\t\t\t\t\t\t\t\t<\/div>\n\t\t\t\t<div class=\"elementor-element elementor-element-44f83b5 elementor-widget elementor-widget-heading\" data-id=\"44f83b5\" data-element_type=\"widget\" data-e-type=\"widget\" data-widget_type=\"heading.default\">\n\t\t\t\t\t<h2 class=\"elementor-heading-title elementor-size-default\">Vorteile f\u00fcr Berufst\u00e4tige<\/h2>\t\t\t\t<\/div>\n\t\t\t\t<div class=\"elementor-element elementor-element-82940a4 elementor-widget elementor-widget-text-editor\" data-id=\"82940a4\" data-element_type=\"widget\" data-e-type=\"widget\" data-widget_type=\"text-editor.default\">\n\t\t\t\t\t\t\t\t\t<p>Das kompakte und robuste Design des Edan Sonotrax Basic A Dopplers erleichtert die Untersuchung in vielen klinischen Situationen. Seine Portabilit\u00e4t und die Flexibilit\u00e4t der austauschbaren Sonden bieten ein zuverl\u00e4ssiges und einfach zu bedienendes Instrument f\u00fcr die professionelle Nachsorge. <\/p>\t\t\t\t\t\t\t\t<\/div>\n\t\t\t\t<div class=\"elementor-element elementor-element-e2e8b42 elementor-widget elementor-widget-heading\" data-id=\"e2e8b42\" data-element_type=\"widget\" data-e-type=\"widget\" data-widget_type=\"heading.default\">\n\t\t\t\t\t<h2 class=\"elementor-heading-title elementor-size-default\">Inhalt<\/h2>\t\t\t\t<\/div>\n\t\t\t\t<div class=\"elementor-element elementor-element-4251475 elementor-widget elementor-widget-text-editor\" data-id=\"4251475\" data-element_type=\"widget\" data-e-type=\"widget\" data-widget_type=\"text-editor.default\">\n\t\t\t\t\t\t\t\t\t<ul><li>Doppler Edan Sonotrax Basic A<\/li><li>2-MHz-Sonde<\/li><li>Transporttasche<\/li><li>Benutzerhandbuch<\/li><\/ul><p class=\"whitespace-pre-wrap break-words\"> <\/p><p class=\"whitespace-pre-wrap break-words\"><em>Hinweis: Dieses medizinische Ger\u00e4t ist nur f\u00fcr den professionellen Gebrauch bestimmt und darf nur von qualifiziertem medizinischem Fachpersonal verwendet werden. Bei Fragen zu seiner Verwendung wenden Sie sich bitte an medizinisches Fachpersonal. <br><\/em><\/p>\t\t\t\t\t\t\t\t<\/div>\n\t\t\t\t\t<\/div>\n\t\t<\/div>\n\t\t\t\t\t<\/div>\n\t\t<\/section>\n\t\t\t\t<\/div>\n\t\t","protected":false},"excerpt":{"rendered":"<p>Der Edan Sonotrax Basic A Doppler ist ein batteriebetriebenes Ger\u00e4t mit einer festen 2-MHz-Sonde und einem Standard-Audioausgang. Das Ger\u00e4t ist CE-zertifiziert, entspricht internationalen Standards und ist mit den Zubeh\u00f6rteilen der Sonotrax-Reihe kompatibel. <\/p>\n","protected":false},"featured_media":27259,"template":"","meta":{"_acf_changed":false},"product_brand":[2085],"product_cat":[1198,1201],"product_tag":[4733,6465,6474,6471,6472,6469,6467,6360,3403,6473,6468,4742,6470,4731,6466],"class_list":{"0":"post-33428","1":"product","2":"type-product","3":"status-publish","4":"has-post-thumbnail","6":"product_brand-edan-de","7":"product_cat-doppler-de","8":"product_cat-gerate-doppler","9":"product_tag-2-mhz-sonde","10":"product_tag-doppler-edan-sonotrax-basic-a-de","11":"product_tag-doppler-fur-blutfluss","12":"product_tag-doppler-fur-medizinisches-fachpersonal","13":"product_tag-doppler-kompatibel-austauschbare-sonden","14":"product_tag-doppler-mit-eingebautem-lautsprecher","15":"product_tag-doppler-mit-lcd-bildschirm","16":"product_tag-fetale-uberwachung-de","17":"product_tag-fetaler-doppler","18":"product_tag-gerat-fur-fetale-untersuchungen","19":"product_tag-gerat-zur-fetalen-uberwachung","20":"product_tag-kompakt-doppler","21":"product_tag-leichter-doppler","22":"product_tag-tragbarer-doppler-de","23":"product_tag-tragbarer-medizinischer-doppler","25":"first","26":"instock","27":"taxable","28":"shipping-taxable","29":"purchasable","30":"product-type-simple"},"acf":[],"yoast_head":"<!-- This site is optimized with the Yoast SEO Premium plugin v27.4 (Yoast SEO v27.4) - https:\/\/yoast.com\/product\/yoast-seo-premium-wordpress\/ -->\n<title>Edan Sonotrax Basic A 2MHz Fetaldoppler im Taschenformat | Swixed SA<\/title>\n<meta name=\"description\" content=\"Tragbarer Doppler Edan Sonotrax Basic A mit 2 MHz Sonde, leicht und vielseitig, ideal f\u00fcr medizinische Untersuchungen. LCD-Bildschirm und wasserdichte Sonde.\" \/>\n<meta name=\"robots\" content=\"index, follow, max-snippet:-1, max-image-preview:large, max-video-preview:-1\" \/>\n<link rel=\"canonical\" href=\"https:\/\/swixed.ch\/de\/produkt\/sed50001\/\" \/>\n<meta property=\"og:locale\" content=\"de_DE\" \/>\n<meta property=\"og:type\" content=\"article\" \/>\n<meta property=\"og:title\" content=\"Edan Sonotrax Basic A 2MHz Fetaldoppler im Taschenformat\" \/>\n<meta property=\"og:description\" content=\"Tragbarer Doppler Edan Sonotrax Basic A mit 2 MHz Sonde, leicht und vielseitig, ideal f\u00fcr medizinische Untersuchungen. LCD-Bildschirm und wasserdichte Sonde.\" \/>\n<meta property=\"og:url\" content=\"https:\/\/swixed.ch\/de\/produkt\/sed50001\/\" \/>\n<meta property=\"og:site_name\" content=\"Swixed SA\" \/>\n<meta property=\"article:publisher\" content=\"https:\/\/www.facebook.com\/swixed\" \/>\n<meta property=\"article:modified_time\" content=\"2026-04-20T18:57:23+00:00\" \/>\n<meta property=\"og:image\" content=\"https:\/\/swixed.ch\/wp-content\/uploads\/products\/edan-sonotrax-basic-a-01.png\" \/>\n\t<meta property=\"og:image:width\" content=\"600\" \/>\n\t<meta property=\"og:image:height\" content=\"600\" \/>\n\t<meta property=\"og:image:type\" content=\"image\/png\" \/>\n<meta name=\"twitter:card\" content=\"summary_large_image\" \/>\n<meta name=\"twitter:label1\" content=\"Gesch\u00e4tzte Lesezeit\" \/>\n\t<meta name=\"twitter:data1\" content=\"1\u00a0Minute\" \/>\n<script type=\"application\/ld+json\" class=\"yoast-schema-graph\">{\"@context\":\"https:\\\/\\\/schema.org\",\"@graph\":[{\"@type\":\"WebPage\",\"@id\":\"https:\\\/\\\/swixed.ch\\\/de\\\/produkt\\\/sed50001\\\/\",\"url\":\"https:\\\/\\\/swixed.ch\\\/de\\\/produkt\\\/sed50001\\\/\",\"name\":\"Edan Sonotrax Basic A 2MHz Fetaldoppler im Taschenformat | Swixed SA\",\"isPartOf\":{\"@id\":\"https:\\\/\\\/swixed.ch\\\/de\\\/#website\"},\"primaryImageOfPage\":{\"@id\":\"https:\\\/\\\/swixed.ch\\\/de\\\/produkt\\\/sed50001\\\/#primaryimage\"},\"image\":{\"@id\":\"https:\\\/\\\/swixed.ch\\\/de\\\/produkt\\\/sed50001\\\/#primaryimage\"},\"thumbnailUrl\":\"https:\\\/\\\/swixed.ch\\\/wp-content\\\/uploads\\\/products\\\/edan-sonotrax-basic-a-01.png\",\"datePublished\":\"2021-04-27T08:00:54+00:00\",\"dateModified\":\"2026-04-20T18:57:23+00:00\",\"description\":\"Tragbarer Doppler Edan Sonotrax Basic A mit 2 MHz Sonde, leicht und vielseitig, ideal f\u00fcr medizinische Untersuchungen. LCD-Bildschirm und wasserdichte Sonde.\",\"breadcrumb\":{\"@id\":\"https:\\\/\\\/swixed.ch\\\/de\\\/produkt\\\/sed50001\\\/#breadcrumb\"},\"inLanguage\":\"de\",\"potentialAction\":[{\"@type\":\"ReadAction\",\"target\":[\"https:\\\/\\\/swixed.ch\\\/de\\\/produkt\\\/sed50001\\\/\"]}]},{\"@type\":\"ImageObject\",\"inLanguage\":\"de\",\"@id\":\"https:\\\/\\\/swixed.ch\\\/de\\\/produkt\\\/sed50001\\\/#primaryimage\",\"url\":\"https:\\\/\\\/swixed.ch\\\/wp-content\\\/uploads\\\/products\\\/edan-sonotrax-basic-a-01.png\",\"contentUrl\":\"https:\\\/\\\/swixed.ch\\\/wp-content\\\/uploads\\\/products\\\/edan-sonotrax-basic-a-01.png\",\"width\":600,\"height\":600,\"caption\":\"edan-sonotrax-basic-a-01\"},{\"@type\":\"BreadcrumbList\",\"@id\":\"https:\\\/\\\/swixed.ch\\\/de\\\/produkt\\\/sed50001\\\/#breadcrumb\",\"itemListElement\":[{\"@type\":\"ListItem\",\"position\":1,\"name\":\"Startseite\",\"item\":\"https:\\\/\\\/swixed.ch\\\/de\\\/home\\\/\"},{\"@type\":\"ListItem\",\"position\":2,\"name\":\"Shop\",\"item\":\"https:\\\/\\\/swixed.ch\\\/de\\\/shop\\\/\"},{\"@type\":\"ListItem\",\"position\":3,\"name\":\"Edan Sonotrax Basic A 2MHz Fetaldoppler im Taschenformat\"}]},{\"@type\":\"WebSite\",\"@id\":\"https:\\\/\\\/swixed.ch\\\/de\\\/#website\",\"url\":\"https:\\\/\\\/swixed.ch\\\/de\\\/\",\"name\":\"Swixed SA\",\"description\":\"Elektronische Ger\u00e4te\",\"publisher\":{\"@id\":\"https:\\\/\\\/swixed.ch\\\/de\\\/#organization\"},\"potentialAction\":[{\"@type\":\"SearchAction\",\"target\":{\"@type\":\"EntryPoint\",\"urlTemplate\":\"https:\\\/\\\/swixed.ch\\\/de\\\/?s={search_term_string}\"},\"query-input\":{\"@type\":\"PropertyValueSpecification\",\"valueRequired\":true,\"valueName\":\"search_term_string\"}}],\"inLanguage\":\"de\"},{\"@type\":\"Organization\",\"@id\":\"https:\\\/\\\/swixed.ch\\\/de\\\/#organization\",\"name\":\"Swixed SA\",\"url\":\"https:\\\/\\\/swixed.ch\\\/de\\\/\",\"logo\":{\"@type\":\"ImageObject\",\"inLanguage\":\"de\",\"@id\":\"https:\\\/\\\/swixed.ch\\\/de\\\/#\\\/schema\\\/logo\\\/image\\\/\",\"url\":\"https:\\\/\\\/swixed.ch\\\/wp-content\\\/uploads\\\/logos\\\/swixed-logo-lite.png\",\"contentUrl\":\"https:\\\/\\\/swixed.ch\\\/wp-content\\\/uploads\\\/logos\\\/swixed-logo-lite.png\",\"width\":696,\"height\":696,\"caption\":\"Swixed SA\"},\"image\":{\"@id\":\"https:\\\/\\\/swixed.ch\\\/de\\\/#\\\/schema\\\/logo\\\/image\\\/\"},\"sameAs\":[\"https:\\\/\\\/www.facebook.com\\\/swixed\",\"https:\\\/\\\/www.linkedin.com\\\/company\\\/swixed\",\"https:\\\/\\\/www.youtube.com\\\/@swixedsa\"],\"description\":\"Swixed SA est une entreprise suisse bas\u00e9e \u00e0 Gen\u00e8ve, sp\u00e9cialis\u00e9e dans la vente, la location et la maintenance d\u2019appareils m\u00e9dicaux professionnels, tels que d\u00e9fibrillateurs AED, \u00e9lectrocardiographes, moniteurs patient et dispositifs de diagnostic.\",\"email\":\"infoshop@swixed.ch\",\"telephone\":\"+41 22 566 11 95\",\"legalName\":\"Swixed SA\",\"foundingDate\":\"2021-03-01\",\"numberOfEmployees\":{\"@type\":\"QuantitativeValue\",\"minValue\":\"1\",\"maxValue\":\"10\"}}]}<\/script>\n<!-- \/ Yoast SEO Premium plugin. -->","yoast_head_json":{"title":"Edan Sonotrax Basic A 2MHz Fetaldoppler im Taschenformat | Swixed SA","description":"Tragbarer Doppler Edan Sonotrax Basic A mit 2 MHz Sonde, leicht und vielseitig, ideal f\u00fcr medizinische Untersuchungen. LCD-Bildschirm und wasserdichte Sonde.","robots":{"index":"index","follow":"follow","max-snippet":"max-snippet:-1","max-image-preview":"max-image-preview:large","max-video-preview":"max-video-preview:-1"},"canonical":"https:\/\/swixed.ch\/de\/produkt\/sed50001\/","og_locale":"de_DE","og_type":"article","og_title":"Edan Sonotrax Basic A 2MHz Fetaldoppler im Taschenformat","og_description":"Tragbarer Doppler Edan Sonotrax Basic A mit 2 MHz Sonde, leicht und vielseitig, ideal f\u00fcr medizinische Untersuchungen. LCD-Bildschirm und wasserdichte Sonde.","og_url":"https:\/\/swixed.ch\/de\/produkt\/sed50001\/","og_site_name":"Swixed SA","article_publisher":"https:\/\/www.facebook.com\/swixed","article_modified_time":"2026-04-20T18:57:23+00:00","og_image":[{"width":600,"height":600,"url":"https:\/\/swixed.ch\/wp-content\/uploads\/products\/edan-sonotrax-basic-a-01.png","type":"image\/png"}],"twitter_card":"summary_large_image","twitter_misc":{"Gesch\u00e4tzte Lesezeit":"1\u00a0Minute"},"schema":{"@context":"https:\/\/schema.org","@graph":[{"@type":"WebPage","@id":"https:\/\/swixed.ch\/de\/produkt\/sed50001\/","url":"https:\/\/swixed.ch\/de\/produkt\/sed50001\/","name":"Edan Sonotrax Basic A 2MHz Fetaldoppler im Taschenformat | Swixed SA","isPartOf":{"@id":"https:\/\/swixed.ch\/de\/#website"},"primaryImageOfPage":{"@id":"https:\/\/swixed.ch\/de\/produkt\/sed50001\/#primaryimage"},"image":{"@id":"https:\/\/swixed.ch\/de\/produkt\/sed50001\/#primaryimage"},"thumbnailUrl":"https:\/\/swixed.ch\/wp-content\/uploads\/products\/edan-sonotrax-basic-a-01.png","datePublished":"2021-04-27T08:00:54+00:00","dateModified":"2026-04-20T18:57:23+00:00","description":"Tragbarer Doppler Edan Sonotrax Basic A mit 2 MHz Sonde, leicht und vielseitig, ideal f\u00fcr medizinische Untersuchungen. LCD-Bildschirm und wasserdichte Sonde.","breadcrumb":{"@id":"https:\/\/swixed.ch\/de\/produkt\/sed50001\/#breadcrumb"},"inLanguage":"de","potentialAction":[{"@type":"ReadAction","target":["https:\/\/swixed.ch\/de\/produkt\/sed50001\/"]}]},{"@type":"ImageObject","inLanguage":"de","@id":"https:\/\/swixed.ch\/de\/produkt\/sed50001\/#primaryimage","url":"https:\/\/swixed.ch\/wp-content\/uploads\/products\/edan-sonotrax-basic-a-01.png","contentUrl":"https:\/\/swixed.ch\/wp-content\/uploads\/products\/edan-sonotrax-basic-a-01.png","width":600,"height":600,"caption":"edan-sonotrax-basic-a-01"},{"@type":"BreadcrumbList","@id":"https:\/\/swixed.ch\/de\/produkt\/sed50001\/#breadcrumb","itemListElement":[{"@type":"ListItem","position":1,"name":"Startseite","item":"https:\/\/swixed.ch\/de\/home\/"},{"@type":"ListItem","position":2,"name":"Shop","item":"https:\/\/swixed.ch\/de\/shop\/"},{"@type":"ListItem","position":3,"name":"Edan Sonotrax Basic A 2MHz Fetaldoppler im Taschenformat"}]},{"@type":"WebSite","@id":"https:\/\/swixed.ch\/de\/#website","url":"https:\/\/swixed.ch\/de\/","name":"Swixed SA","description":"Elektronische Ger\u00e4te","publisher":{"@id":"https:\/\/swixed.ch\/de\/#organization"},"potentialAction":[{"@type":"SearchAction","target":{"@type":"EntryPoint","urlTemplate":"https:\/\/swixed.ch\/de\/?s={search_term_string}"},"query-input":{"@type":"PropertyValueSpecification","valueRequired":true,"valueName":"search_term_string"}}],"inLanguage":"de"},{"@type":"Organization","@id":"https:\/\/swixed.ch\/de\/#organization","name":"Swixed SA","url":"https:\/\/swixed.ch\/de\/","logo":{"@type":"ImageObject","inLanguage":"de","@id":"https:\/\/swixed.ch\/de\/#\/schema\/logo\/image\/","url":"https:\/\/swixed.ch\/wp-content\/uploads\/logos\/swixed-logo-lite.png","contentUrl":"https:\/\/swixed.ch\/wp-content\/uploads\/logos\/swixed-logo-lite.png","width":696,"height":696,"caption":"Swixed SA"},"image":{"@id":"https:\/\/swixed.ch\/de\/#\/schema\/logo\/image\/"},"sameAs":["https:\/\/www.facebook.com\/swixed","https:\/\/www.linkedin.com\/company\/swixed","https:\/\/www.youtube.com\/@swixedsa"],"description":"Swixed SA est une entreprise suisse bas\u00e9e \u00e0 Gen\u00e8ve, sp\u00e9cialis\u00e9e dans la vente, la location et la maintenance d\u2019appareils m\u00e9dicaux professionnels, tels que d\u00e9fibrillateurs AED, \u00e9lectrocardiographes, moniteurs patient et dispositifs de diagnostic.","email":"infoshop@swixed.ch","telephone":"+41 22 566 11 95","legalName":"Swixed SA","foundingDate":"2021-03-01","numberOfEmployees":{"@type":"QuantitativeValue","minValue":"1","maxValue":"10"}}]}},"_links":{"self":[{"href":"https:\/\/swixed.ch\/de\/wp-json\/wp\/v2\/product\/33428","targetHints":{"allow":["GET"]}}],"collection":[{"href":"https:\/\/swixed.ch\/de\/wp-json\/wp\/v2\/product"}],"about":[{"href":"https:\/\/swixed.ch\/de\/wp-json\/wp\/v2\/types\/product"}],"version-history":[{"count":1,"href":"https:\/\/swixed.ch\/de\/wp-json\/wp\/v2\/product\/33428\/revisions"}],"predecessor-version":[{"id":62993,"href":"https:\/\/swixed.ch\/de\/wp-json\/wp\/v2\/product\/33428\/revisions\/62993"}],"wp:featuredmedia":[{"embeddable":true,"href":"https:\/\/swixed.ch\/de\/wp-json\/wp\/v2\/media\/27259"}],"wp:attachment":[{"href":"https:\/\/swixed.ch\/de\/wp-json\/wp\/v2\/media?parent=33428"}],"wp:term":[{"taxonomy":"product_brand","embeddable":true,"href":"https:\/\/swixed.ch\/de\/wp-json\/wp\/v2\/product_brand?post=33428"},{"taxonomy":"product_cat","embeddable":true,"href":"https:\/\/swixed.ch\/de\/wp-json\/wp\/v2\/product_cat?post=33428"},{"taxonomy":"product_tag","embeddable":true,"href":"https:\/\/swixed.ch\/de\/wp-json\/wp\/v2\/product_tag?post=33428"}],"curies":[{"name":"wp","href":"https:\/\/api.w.org\/{rel}","templated":true}]}}