{"id":33430,"date":"2021-04-27T19:11:10","date_gmt":"2021-04-27T17:11:10","guid":{"rendered":"https:\/\/swixed.com\/produit\/adapter-krokodilklemmen-fuer-kabel-mit-bananensteckern-4mm-10-stueck\/"},"modified":"2026-02-05T18:28:58","modified_gmt":"2026-02-05T17:28:58","slug":"sed14004","status":"publish","type":"product","link":"https:\/\/swixed.ch\/de\/produkt\/sed14004\/","title":{"rendered":"Krokodilklemmen-Adapter f\u00fcr EKG-Kabel, 4mm Bananenstecker (10 St\u00fcck)"},"content":{"rendered":"\t\t<div data-elementor-type=\"product-post\" data-elementor-id=\"33430\" class=\"elementor elementor-33430 elementor-3281\" data-elementor-post-type=\"product\">\n\t\t\t\t<div class=\"elementor-element elementor-element-87a50dc e-con-full e-flex e-con e-parent\" data-id=\"87a50dc\" data-element_type=\"container\" data-e-type=\"container\">\n\t\t<div class=\"elementor-element elementor-element-1678d17 e-con-full e-flex e-con e-child\" data-id=\"1678d17\" data-element_type=\"container\" data-e-type=\"container\">\n\t\t\t\t<div class=\"elementor-element elementor-element-b0c2a61 elementor-widget elementor-widget-heading\" data-id=\"b0c2a61\" data-element_type=\"widget\" data-e-type=\"widget\" data-widget_type=\"heading.default\">\n\t\t\t\t\t<h2 class=\"elementor-heading-title elementor-size-default\">Hauptmerkmale<\/h2>\t\t\t\t<\/div>\n\t\t\t\t<div class=\"elementor-element elementor-element-5c43662 elementor-widget elementor-widget-text-editor\" data-id=\"5c43662\" data-element_type=\"widget\" data-e-type=\"widget\" data-widget_type=\"text-editor.default\">\n\t\t\t\t\t\t\t\t\t<p>Diese Krokodilklemmen-Adapter f\u00fcr EKG-Kabel erf\u00fcllen die technischen Anforderungen in medizinischen und paramedizinischen Umgebungen. Sie erm\u00f6glichen eine zuverl\u00e4ssige Verbindung zwischen 4 mm Bananensteckern und Easitab-kompatiblen Elektroden, insbesondere f\u00fcr Ruhe-EKG-Untersuchungen.<br>Das mechanische Design sorgt f\u00fcr eine konstante Aufrechterhaltung des elektrischen Kontakts und vereinfacht die Handhabung bei der Installation. <\/p><p>Hauptmerkmale :<\/p><ul><li>Kompatibilit\u00e4t mit 4 mm Standard-Bananensteckern<\/li><li>Verbindung mit Easitab-Elektroden (z.B. Skintact RT-34)<\/li><li>Federmechanismus mit rutschfesten Z\u00e4hnen<\/li><li>Druckverschluss f\u00fcr eine kontrollierte Handhabung<\/li><li>Adapter f\u00fcr professionelle EKG-Kabel<\/li><li>Packung mit 10 St\u00fcck<\/li><\/ul><p><br>Daher kann dieses Zubeh\u00f6r in eine bestehende EKG-Messkette integriert werden, ohne dass die Hauptverkabelung ge\u00e4ndert werden muss.<\/p>\t\t\t\t\t\t\t\t<\/div>\n\t\t\t\t<div class=\"elementor-element elementor-element-782686a elementor-widget elementor-widget-heading\" data-id=\"782686a\" data-element_type=\"widget\" data-e-type=\"widget\" data-widget_type=\"heading.default\">\n\t\t\t\t\t<h2 class=\"elementor-heading-title elementor-size-default\">Nutzung, Einhaltung und Empfehlungen<\/h2>\t\t\t\t<\/div>\n\t\t\t\t<div class=\"elementor-element elementor-element-178266a elementor-widget elementor-widget-text-editor\" data-id=\"178266a\" data-element_type=\"widget\" data-e-type=\"widget\" data-widget_type=\"text-editor.default\">\n\t\t\t\t\t\t\t\t\t<p>Diese Krokodilklemmen-Adapter f\u00fcr EKG-Kabel werden als technisches Zubeh\u00f6r bei EKG-Aufzeichnungen verwendet, die mit konformen Medizinprodukten durchgef\u00fchrt werden. In der Schweiz erfolgt die Verwendung gem\u00e4\u00df den Empfehlungen und Informationen, die vom Bundesamt f\u00fcr Gesundheit (BAG) und dem Schweizerischen Informationszentrum f\u00fcr technische Regeln (Switec) ver\u00f6ffentlicht wurden. <br>Dar\u00fcber hinaus bieten diese Einrichtungen n\u00fctzliche Referenzen \u00fcber medizinische Ger\u00e4te und deren Zubeh\u00f6r.<br>\t\t<div data-elementor-type=\"widget\" data-elementor-id=\"60303\" class=\"elementor elementor-60303 elementor-60240 elementor-60240\" data-elementor-post-type=\"elementor_library\">\n\t\t\t\t\t\t<div class=\"elementor-element elementor-element-60240 elementor-widget elementor-widget-text-editor\" data-id=\"60240\" data-element_type=\"widget\" data-e-type=\"widget\" data-widget_type=\"text-editor.default\">\n\t\t\t\t\t\t\t\t\t<p>Weitere Informationen finden Sie unter :<\/p><ul><li><a href=\"https:\/\/www.bag.admin.ch\" target=\"_blank\" rel=\"noopener\">Bundesamt f\u00fcr Gesundheit (BAG)<\/a><\/li><li><a href=\"https:\/\/www.switec.info\" target=\"_blank\" rel=\"noopener\">Schweizerisches Informationszentrum f\u00fcr technische Regeln (Switec)<\/a><\/li><\/ul><p><br>Unsere Medizinprodukte haben einen autorisierten Vertreter in der Schweiz (CH-REP), gem\u00e4\u00df der geltenden schweizerischen Gesetzgebung f\u00fcr Medizinprodukte.<\/p>\t\t\t\t\t\t\t\t<\/div>\n\t\t\t\t<\/div>\n\t\t<\/p>\t\t\t\t\t\t\t\t<\/div>\n\t\t\t\t<div class=\"elementor-element elementor-element-b127ddc elementor-widget elementor-widget-heading\" data-id=\"b127ddc\" data-element_type=\"widget\" data-e-type=\"widget\" data-widget_type=\"heading.default\">\n\t\t\t\t\t<h2 class=\"elementor-heading-title elementor-size-default\">Inhalt<\/h2>\t\t\t\t<\/div>\n\t\t\t\t<div class=\"elementor-element elementor-element-dc71122 elementor-widget elementor-widget-text-editor\" data-id=\"dc71122\" data-element_type=\"widget\" data-e-type=\"widget\" data-widget_type=\"text-editor.default\">\n\t\t\t\t\t\t\t\t\t<p>Die Verpackung enth\u00e4lt ausschlie\u00dflich die f\u00fcr die Verwendung der Adapter notwendigen Elemente ohne zus\u00e4tzliches Zubeh\u00f6r. Der Inhalt entspricht somit einer klaren und sachlichen Darstellung. <\/p><p>Inhalt der Verpackung :<\/p><ul><li>10 \u00d7 Krokodilklemmen-Adapter f\u00fcr EKG-Kabel, 4 mm Bananenstecker<\/li><\/ul><p><br>Kein EKG-Kabel enthalten<br>Keine Elektrode enthalten<\/p>\t\t\t\t\t\t\t\t<\/div>\n\t\t\t\t<\/div>\n\t\t\t\t<\/div>\n\t\t\t\t<\/div>\n\t\t","protected":false},"excerpt":{"rendered":"<p>Diese Krokodilklemmen-Adapter f\u00fcr EKG-Kabel stellen die Verbindung zwischen 4 mm Bananensteckern und Elektroden des Typs Easitab her. Mit ihrem Federmechanismus und der integrierten Verzahnung sorgen sie f\u00fcr einen stabilen Kontakt w\u00e4hrend der EKG-Aufzeichnung. Dar\u00fcber hinaus erleichtert die Druck\u00f6ffnung das Anlegen ohne unbeabsichtigtes Verrutschen. Dieses Set mit 10 technischen Zubeh\u00f6rteilen passt in eine professionelle Umgebung, die den \u00fcblichen Gepflogenheiten entspricht.   <\/p>\n","protected":false},"featured_media":62184,"template":"","meta":{"_acf_changed":false},"product_brand":[2085],"product_cat":[954,970,1199,1203],"product_tag":[7828,7882,7836,7827,7702,7811,7884,6716,4500,7886],"class_list":{"0":"post-33430","1":"product","2":"type-product","3":"status-publish","4":"has-post-thumbnail","6":"product_brand-edan-de","7":"product_cat-elektrokardiographen","8":"product_cat-patientenmonitore","9":"product_cat-zubehor-belastungs","10":"product_cat-zubehor-patientenmonitore","11":"product_tag-4-mm-bananenstecker","12":"product_tag-ekg-adapter","13":"product_tag-ekg-anschluss-3","14":"product_tag-ekg-anschluss-2","15":"product_tag-ekg-erfassung","16":"product_tag-ekg-ersatzteil","17":"product_tag-ekg-verbrauchsmaterial","18":"product_tag-ekg-wartung","19":"product_tag-ekg-zubehor-de","20":"product_tag-krokodilklemme-ekg","22":"first","23":"instock","24":"taxable","25":"shipping-taxable","26":"purchasable","27":"product-type-simple"},"acf":[],"yoast_head":"<!-- This site is optimized with the Yoast SEO Premium plugin v27.4 (Yoast SEO v27.4) - https:\/\/yoast.com\/product\/yoast-seo-premium-wordpress\/ -->\n<title>Krokodilklemmen-Adapter f\u00fcr EKG-Kabel | Swixed SA%<\/title>\n<meta name=\"description\" content=\"Krokodilklemmen-Adapter f\u00fcr EKG-Kabel, die mit 4 mm Bananensteckern kompatibel sind. Zuverl\u00e4ssige Verbindung mit Easitab-Elektroden. Set mit 10 technischen Zubeh\u00f6rteilen.\" \/>\n<meta name=\"robots\" content=\"index, follow, max-snippet:-1, max-image-preview:large, max-video-preview:-1\" \/>\n<link rel=\"canonical\" href=\"https:\/\/swixed.ch\/de\/produkt\/sed14004\/\" \/>\n<meta property=\"og:locale\" content=\"de_DE\" \/>\n<meta property=\"og:type\" content=\"article\" \/>\n<meta property=\"og:title\" content=\"Krokodilklemmen-Adapter f\u00fcr EKG-Kabel, 4mm Bananenstecker (10 St\u00fcck)\" \/>\n<meta property=\"og:description\" content=\"Krokodilklemmen-Adapter f\u00fcr EKG-Kabel, die mit 4 mm Bananensteckern kompatibel sind. Zuverl\u00e4ssige Verbindung mit Easitab-Elektroden. Set mit 10 technischen Zubeh\u00f6rteilen.\" \/>\n<meta property=\"og:url\" content=\"https:\/\/swixed.ch\/de\/produkt\/sed14004\/\" \/>\n<meta property=\"og:site_name\" content=\"Swixed SA\" \/>\n<meta property=\"article:publisher\" content=\"https:\/\/www.facebook.com\/swixed\" \/>\n<meta property=\"article:modified_time\" content=\"2026-02-05T17:28:58+00:00\" \/>\n<meta property=\"og:image\" content=\"https:\/\/swixed.ch\/wp-content\/uploads\/2026\/02\/SED14004-01.png\" \/>\n\t<meta property=\"og:image:width\" content=\"600\" \/>\n\t<meta property=\"og:image:height\" content=\"600\" \/>\n\t<meta property=\"og:image:type\" content=\"image\/png\" \/>\n<meta name=\"twitter:card\" content=\"summary_large_image\" \/>\n<meta name=\"twitter:label1\" content=\"Gesch\u00e4tzte Lesezeit\" \/>\n\t<meta name=\"twitter:data1\" content=\"1\u00a0Minute\" \/>\n<script type=\"application\/ld+json\" class=\"yoast-schema-graph\">{\"@context\":\"https:\\\/\\\/schema.org\",\"@graph\":[{\"@type\":\"WebPage\",\"@id\":\"https:\\\/\\\/swixed.ch\\\/de\\\/produkt\\\/sed14004\\\/\",\"url\":\"https:\\\/\\\/swixed.ch\\\/de\\\/produkt\\\/sed14004\\\/\",\"name\":\"Krokodilklemmen-Adapter f\u00fcr EKG-Kabel | Swixed SA%\",\"isPartOf\":{\"@id\":\"https:\\\/\\\/swixed.ch\\\/de\\\/#website\"},\"primaryImageOfPage\":{\"@id\":\"https:\\\/\\\/swixed.ch\\\/de\\\/produkt\\\/sed14004\\\/#primaryimage\"},\"image\":{\"@id\":\"https:\\\/\\\/swixed.ch\\\/de\\\/produkt\\\/sed14004\\\/#primaryimage\"},\"thumbnailUrl\":\"https:\\\/\\\/swixed.ch\\\/wp-content\\\/uploads\\\/2026\\\/02\\\/SED14004-01.png\",\"datePublished\":\"2021-04-27T17:11:10+00:00\",\"dateModified\":\"2026-02-05T17:28:58+00:00\",\"description\":\"Krokodilklemmen-Adapter f\u00fcr EKG-Kabel, die mit 4 mm Bananensteckern kompatibel sind. Zuverl\u00e4ssige Verbindung mit Easitab-Elektroden. Set mit 10 technischen Zubeh\u00f6rteilen.\",\"breadcrumb\":{\"@id\":\"https:\\\/\\\/swixed.ch\\\/de\\\/produkt\\\/sed14004\\\/#breadcrumb\"},\"inLanguage\":\"de\",\"potentialAction\":[{\"@type\":\"ReadAction\",\"target\":[\"https:\\\/\\\/swixed.ch\\\/de\\\/produkt\\\/sed14004\\\/\"]}]},{\"@type\":\"ImageObject\",\"inLanguage\":\"de\",\"@id\":\"https:\\\/\\\/swixed.ch\\\/de\\\/produkt\\\/sed14004\\\/#primaryimage\",\"url\":\"https:\\\/\\\/swixed.ch\\\/wp-content\\\/uploads\\\/2026\\\/02\\\/SED14004-01.png\",\"contentUrl\":\"https:\\\/\\\/swixed.ch\\\/wp-content\\\/uploads\\\/2026\\\/02\\\/SED14004-01.png\",\"width\":600,\"height\":600,\"caption\":\"SED14004\"},{\"@type\":\"BreadcrumbList\",\"@id\":\"https:\\\/\\\/swixed.ch\\\/de\\\/produkt\\\/sed14004\\\/#breadcrumb\",\"itemListElement\":[{\"@type\":\"ListItem\",\"position\":1,\"name\":\"Startseite\",\"item\":\"https:\\\/\\\/swixed.ch\\\/de\\\/home\\\/\"},{\"@type\":\"ListItem\",\"position\":2,\"name\":\"Shop\",\"item\":\"https:\\\/\\\/swixed.ch\\\/de\\\/shop\\\/\"},{\"@type\":\"ListItem\",\"position\":3,\"name\":\"Krokodilklemmen-Adapter f\u00fcr EKG-Kabel, 4mm Bananenstecker (10 St\u00fcck)\"}]},{\"@type\":\"WebSite\",\"@id\":\"https:\\\/\\\/swixed.ch\\\/de\\\/#website\",\"url\":\"https:\\\/\\\/swixed.ch\\\/de\\\/\",\"name\":\"Swixed SA\",\"description\":\"Elektronische Ger\u00e4te\",\"publisher\":{\"@id\":\"https:\\\/\\\/swixed.ch\\\/de\\\/#organization\"},\"potentialAction\":[{\"@type\":\"SearchAction\",\"target\":{\"@type\":\"EntryPoint\",\"urlTemplate\":\"https:\\\/\\\/swixed.ch\\\/de\\\/?s={search_term_string}\"},\"query-input\":{\"@type\":\"PropertyValueSpecification\",\"valueRequired\":true,\"valueName\":\"search_term_string\"}}],\"inLanguage\":\"de\"},{\"@type\":\"Organization\",\"@id\":\"https:\\\/\\\/swixed.ch\\\/de\\\/#organization\",\"name\":\"Swixed SA\",\"url\":\"https:\\\/\\\/swixed.ch\\\/de\\\/\",\"logo\":{\"@type\":\"ImageObject\",\"inLanguage\":\"de\",\"@id\":\"https:\\\/\\\/swixed.ch\\\/de\\\/#\\\/schema\\\/logo\\\/image\\\/\",\"url\":\"https:\\\/\\\/swixed.ch\\\/wp-content\\\/uploads\\\/logos\\\/swixed-logo-lite.png\",\"contentUrl\":\"https:\\\/\\\/swixed.ch\\\/wp-content\\\/uploads\\\/logos\\\/swixed-logo-lite.png\",\"width\":696,\"height\":696,\"caption\":\"Swixed SA\"},\"image\":{\"@id\":\"https:\\\/\\\/swixed.ch\\\/de\\\/#\\\/schema\\\/logo\\\/image\\\/\"},\"sameAs\":[\"https:\\\/\\\/www.facebook.com\\\/swixed\",\"https:\\\/\\\/www.linkedin.com\\\/company\\\/swixed\",\"https:\\\/\\\/www.youtube.com\\\/@swixedsa\"],\"description\":\"Swixed SA est une entreprise suisse bas\u00e9e \u00e0 Gen\u00e8ve, sp\u00e9cialis\u00e9e dans la vente, la location et la maintenance d\u2019appareils m\u00e9dicaux professionnels, tels que d\u00e9fibrillateurs AED, \u00e9lectrocardiographes, moniteurs patient et dispositifs de diagnostic.\",\"email\":\"infoshop@swixed.ch\",\"telephone\":\"+41 22 566 11 95\",\"legalName\":\"Swixed SA\",\"foundingDate\":\"2021-03-01\",\"numberOfEmployees\":{\"@type\":\"QuantitativeValue\",\"minValue\":\"1\",\"maxValue\":\"10\"}}]}<\/script>\n<!-- \/ Yoast SEO Premium plugin. -->","yoast_head_json":{"title":"Krokodilklemmen-Adapter f\u00fcr EKG-Kabel | Swixed SA%","description":"Krokodilklemmen-Adapter f\u00fcr EKG-Kabel, die mit 4 mm Bananensteckern kompatibel sind. Zuverl\u00e4ssige Verbindung mit Easitab-Elektroden. Set mit 10 technischen Zubeh\u00f6rteilen.","robots":{"index":"index","follow":"follow","max-snippet":"max-snippet:-1","max-image-preview":"max-image-preview:large","max-video-preview":"max-video-preview:-1"},"canonical":"https:\/\/swixed.ch\/de\/produkt\/sed14004\/","og_locale":"de_DE","og_type":"article","og_title":"Krokodilklemmen-Adapter f\u00fcr EKG-Kabel, 4mm Bananenstecker (10 St\u00fcck)","og_description":"Krokodilklemmen-Adapter f\u00fcr EKG-Kabel, die mit 4 mm Bananensteckern kompatibel sind. Zuverl\u00e4ssige Verbindung mit Easitab-Elektroden. Set mit 10 technischen Zubeh\u00f6rteilen.","og_url":"https:\/\/swixed.ch\/de\/produkt\/sed14004\/","og_site_name":"Swixed SA","article_publisher":"https:\/\/www.facebook.com\/swixed","article_modified_time":"2026-02-05T17:28:58+00:00","og_image":[{"width":600,"height":600,"url":"https:\/\/swixed.ch\/wp-content\/uploads\/2026\/02\/SED14004-01.png","type":"image\/png"}],"twitter_card":"summary_large_image","twitter_misc":{"Gesch\u00e4tzte Lesezeit":"1\u00a0Minute"},"schema":{"@context":"https:\/\/schema.org","@graph":[{"@type":"WebPage","@id":"https:\/\/swixed.ch\/de\/produkt\/sed14004\/","url":"https:\/\/swixed.ch\/de\/produkt\/sed14004\/","name":"Krokodilklemmen-Adapter f\u00fcr EKG-Kabel | Swixed SA%","isPartOf":{"@id":"https:\/\/swixed.ch\/de\/#website"},"primaryImageOfPage":{"@id":"https:\/\/swixed.ch\/de\/produkt\/sed14004\/#primaryimage"},"image":{"@id":"https:\/\/swixed.ch\/de\/produkt\/sed14004\/#primaryimage"},"thumbnailUrl":"https:\/\/swixed.ch\/wp-content\/uploads\/2026\/02\/SED14004-01.png","datePublished":"2021-04-27T17:11:10+00:00","dateModified":"2026-02-05T17:28:58+00:00","description":"Krokodilklemmen-Adapter f\u00fcr EKG-Kabel, die mit 4 mm Bananensteckern kompatibel sind. Zuverl\u00e4ssige Verbindung mit Easitab-Elektroden. Set mit 10 technischen Zubeh\u00f6rteilen.","breadcrumb":{"@id":"https:\/\/swixed.ch\/de\/produkt\/sed14004\/#breadcrumb"},"inLanguage":"de","potentialAction":[{"@type":"ReadAction","target":["https:\/\/swixed.ch\/de\/produkt\/sed14004\/"]}]},{"@type":"ImageObject","inLanguage":"de","@id":"https:\/\/swixed.ch\/de\/produkt\/sed14004\/#primaryimage","url":"https:\/\/swixed.ch\/wp-content\/uploads\/2026\/02\/SED14004-01.png","contentUrl":"https:\/\/swixed.ch\/wp-content\/uploads\/2026\/02\/SED14004-01.png","width":600,"height":600,"caption":"SED14004"},{"@type":"BreadcrumbList","@id":"https:\/\/swixed.ch\/de\/produkt\/sed14004\/#breadcrumb","itemListElement":[{"@type":"ListItem","position":1,"name":"Startseite","item":"https:\/\/swixed.ch\/de\/home\/"},{"@type":"ListItem","position":2,"name":"Shop","item":"https:\/\/swixed.ch\/de\/shop\/"},{"@type":"ListItem","position":3,"name":"Krokodilklemmen-Adapter f\u00fcr EKG-Kabel, 4mm Bananenstecker (10 St\u00fcck)"}]},{"@type":"WebSite","@id":"https:\/\/swixed.ch\/de\/#website","url":"https:\/\/swixed.ch\/de\/","name":"Swixed SA","description":"Elektronische Ger\u00e4te","publisher":{"@id":"https:\/\/swixed.ch\/de\/#organization"},"potentialAction":[{"@type":"SearchAction","target":{"@type":"EntryPoint","urlTemplate":"https:\/\/swixed.ch\/de\/?s={search_term_string}"},"query-input":{"@type":"PropertyValueSpecification","valueRequired":true,"valueName":"search_term_string"}}],"inLanguage":"de"},{"@type":"Organization","@id":"https:\/\/swixed.ch\/de\/#organization","name":"Swixed SA","url":"https:\/\/swixed.ch\/de\/","logo":{"@type":"ImageObject","inLanguage":"de","@id":"https:\/\/swixed.ch\/de\/#\/schema\/logo\/image\/","url":"https:\/\/swixed.ch\/wp-content\/uploads\/logos\/swixed-logo-lite.png","contentUrl":"https:\/\/swixed.ch\/wp-content\/uploads\/logos\/swixed-logo-lite.png","width":696,"height":696,"caption":"Swixed SA"},"image":{"@id":"https:\/\/swixed.ch\/de\/#\/schema\/logo\/image\/"},"sameAs":["https:\/\/www.facebook.com\/swixed","https:\/\/www.linkedin.com\/company\/swixed","https:\/\/www.youtube.com\/@swixedsa"],"description":"Swixed SA est une entreprise suisse bas\u00e9e \u00e0 Gen\u00e8ve, sp\u00e9cialis\u00e9e dans la vente, la location et la maintenance d\u2019appareils m\u00e9dicaux professionnels, tels que d\u00e9fibrillateurs AED, \u00e9lectrocardiographes, moniteurs patient et dispositifs de diagnostic.","email":"infoshop@swixed.ch","telephone":"+41 22 566 11 95","legalName":"Swixed SA","foundingDate":"2021-03-01","numberOfEmployees":{"@type":"QuantitativeValue","minValue":"1","maxValue":"10"}}]}},"_links":{"self":[{"href":"https:\/\/swixed.ch\/de\/wp-json\/wp\/v2\/product\/33430","targetHints":{"allow":["GET"]}}],"collection":[{"href":"https:\/\/swixed.ch\/de\/wp-json\/wp\/v2\/product"}],"about":[{"href":"https:\/\/swixed.ch\/de\/wp-json\/wp\/v2\/types\/product"}],"version-history":[{"count":0,"href":"https:\/\/swixed.ch\/de\/wp-json\/wp\/v2\/product\/33430\/revisions"}],"wp:featuredmedia":[{"embeddable":true,"href":"https:\/\/swixed.ch\/de\/wp-json\/wp\/v2\/media\/62184"}],"wp:attachment":[{"href":"https:\/\/swixed.ch\/de\/wp-json\/wp\/v2\/media?parent=33430"}],"wp:term":[{"taxonomy":"product_brand","embeddable":true,"href":"https:\/\/swixed.ch\/de\/wp-json\/wp\/v2\/product_brand?post=33430"},{"taxonomy":"product_cat","embeddable":true,"href":"https:\/\/swixed.ch\/de\/wp-json\/wp\/v2\/product_cat?post=33430"},{"taxonomy":"product_tag","embeddable":true,"href":"https:\/\/swixed.ch\/de\/wp-json\/wp\/v2\/product_tag?post=33430"}],"curies":[{"name":"wp","href":"https:\/\/api.w.org\/{rel}","templated":true}]}}