{"id":33452,"date":"2021-04-28T10:16:46","date_gmt":"2021-04-28T08:16:46","guid":{"rendered":"https:\/\/swixed.com\/produit\/tragetasche-fuer-edan-se-301-ekg-geraet\/"},"modified":"2026-02-04T22:27:18","modified_gmt":"2026-02-04T21:27:18","slug":"sed14007","status":"publish","type":"product","link":"https:\/\/swixed.ch\/de\/produkt\/sed14007\/","title":{"rendered":"Tragetasche f\u00fcr Edan SE-301 EKG-Ger\u00e4t"},"content":{"rendered":"\t\t<div data-elementor-type=\"product-post\" data-elementor-id=\"33452\" class=\"elementor elementor-33452 elementor-3315\" data-elementor-post-type=\"product\">\n\t\t\t\t<div class=\"elementor-element elementor-element-3ad1b49 e-con-full e-flex e-con e-parent\" data-id=\"3ad1b49\" data-element_type=\"container\" data-e-type=\"container\">\n\t\t<div class=\"elementor-element elementor-element-2a4c1fb e-con-full e-flex e-con e-child\" data-id=\"2a4c1fb\" data-element_type=\"container\" data-e-type=\"container\">\n\t\t\t\t<div class=\"elementor-element elementor-element-394d474 elementor-widget elementor-widget-heading\" data-id=\"394d474\" data-element_type=\"widget\" data-e-type=\"widget\" data-widget_type=\"heading.default\">\n\t\t\t\t\t<h2 class=\"elementor-heading-title elementor-size-default\">Beschreibung<\/h2>\t\t\t\t<\/div>\n\t\t\t\t<div class=\"elementor-element elementor-element-e9586a0 elementor-widget elementor-widget-text-editor\" data-id=\"e9586a0\" data-element_type=\"widget\" data-e-type=\"widget\" data-widget_type=\"text-editor.default\">\n\t\t\t\t\t\t\t\t\t<p>Diese Tasche f\u00fcr das Edan SE-301 EKG-Ger\u00e4t wurde entwickelt, um das zugeh\u00f6rige Zubeh\u00f6r zu sch\u00fctzen und zu organisieren. Das Design der Tasche ist auf die Kompatibilit\u00e4t mit dem Format des Ger\u00e4ts und den regelm\u00e4\u00dfigen professionellen Gebrauch ausgerichtet. Dar\u00fcber hinaus begrenzt die interne Anordnung die Bewegungen des Elektrokardiographen w\u00e4hrend des Transports. So erh\u00e4lt der Benutzer eine spezielle L\u00f6sung ohne unn\u00f6tige Zusatzger\u00e4te.   <\/p><p>Die gepolsterte Struktur sch\u00fctzt das Ger\u00e4t effektiv vor St\u00f6\u00dfen und Vibrationen, wenn Sie t\u00e4glich unterwegs sind. Die Au\u00dfenbeschichtung h\u00e4lt auch h\u00e4ufigem Gebrauch stand und erleichtert die Pflege der Tasche. Dar\u00fcber hinaus entsprechen alle Materialien den Anforderungen einer professionellen medizinischen Umgebung. Die Tasche bietet daher einen dauerhaften Schutz und sieht auch im Laufe der Zeit gut aus.   <\/p><p>Hauptmerkmale :<\/p><ul><li>Interne F\u00e4cher mit speziellen Taschen<\/li><li>Gummib\u00e4nder zur Befestigung von EKG-Zubeh\u00f6r<\/li><li>Integrierter Handgriff zum Tragen in der Hand<\/li><li>Verstellbarer Schulterriemen zum Tragen \u00fcber der Schulter<\/li><li>Kompaktes Format und Struktur passend zum Edan SE-301 EKG-Ger\u00e4t<\/li><li>\u00d6ffnung an der Oberseite f\u00fcr einen einfachen Zugang zum Ger\u00e4t<\/li><li>Dauerhafte und pflegeleichte Au\u00dfenverkleidung<\/li><li>Sichere Schlie\u00dfung, die den Inhalt an Ort und Stelle h\u00e4lt<\/li><\/ul><p><br>Organisation und Praktikabilit\u00e4t :<\/p><p>Die Innenaufteilung wurde so konzipiert, dass das Ger\u00e4t und das wichtige Zubeh\u00f6r wie Kabel, Elektroden, Papier und Bedienungsanleitung untergebracht werden k\u00f6nnen. Die getrennten F\u00e4cher verhindern einerseits, dass sich die Kabel verheddern. Andererseits erm\u00f6glichen sie einen schnellen Zugriff auf jedes Element. Dies erleichtert die Arbeit vor Ort und verk\u00fcrzt die Vorbereitungszeit f\u00fcr das Ger\u00e4t.   <\/p>\t\t\t\t\t\t\t\t<\/div>\n\t\t\t\t<div class=\"elementor-element elementor-element-223486e elementor-widget elementor-widget-heading\" data-id=\"223486e\" data-element_type=\"widget\" data-e-type=\"widget\" data-widget_type=\"heading.default\">\n\t\t\t\t\t<h2 class=\"elementor-heading-title elementor-size-default\">Nutzung, Einhaltung und Empfehlungen<\/h2>\t\t\t\t<\/div>\n\t\t\t\t<div class=\"elementor-element elementor-element-5ebf7db elementor-widget elementor-widget-text-editor\" data-id=\"5ebf7db\" data-element_type=\"widget\" data-e-type=\"widget\" data-widget_type=\"text-editor.default\">\n\t\t\t\t\t\t\t\t\t<p>Die Transporttasche ist ein Zubeh\u00f6r f\u00fcr die Aufbewahrung und den Transport eines Elektrokardiographen. In der Schweiz werden regulatorische Referenzinformationen von offiziellen Stellen ver\u00f6ffentlicht, insbesondere vom Bundesamt f\u00fcr Gesundheit (BAG) und dem Schweizerischen Informationszentrum f\u00fcr technische Regeln (Switec). <br>\t\t<div data-elementor-type=\"widget\" data-elementor-id=\"60303\" class=\"elementor elementor-60303 elementor-60240 elementor-60240\" data-elementor-post-type=\"elementor_library\">\n\t\t\t\t\t\t<div class=\"elementor-element elementor-element-60240 elementor-widget elementor-widget-text-editor\" data-id=\"60240\" data-element_type=\"widget\" data-e-type=\"widget\" data-widget_type=\"text-editor.default\">\n\t\t\t\t\t\t\t\t\t<p>Weitere Informationen finden Sie unter :<\/p><ul><li><a href=\"https:\/\/www.bag.admin.ch\" target=\"_blank\" rel=\"noopener\">Bundesamt f\u00fcr Gesundheit (BAG)<\/a><\/li><li><a href=\"https:\/\/www.switec.info\" target=\"_blank\" rel=\"noopener\">Schweizerisches Informationszentrum f\u00fcr technische Regeln (Switec)<\/a><\/li><\/ul><p><br>Unsere Medizinprodukte haben einen autorisierten Vertreter in der Schweiz (CH-REP), gem\u00e4\u00df der geltenden schweizerischen Gesetzgebung f\u00fcr Medizinprodukte.<\/p>\t\t\t\t\t\t\t\t<\/div>\n\t\t\t\t<\/div>\n\t\t<\/p>\t\t\t\t\t\t\t\t<\/div>\n\t\t\t\t<div class=\"elementor-element elementor-element-b477601 elementor-widget elementor-widget-heading\" data-id=\"b477601\" data-element_type=\"widget\" data-e-type=\"widget\" data-widget_type=\"heading.default\">\n\t\t\t\t\t<h2 class=\"elementor-heading-title elementor-size-default\">Inhalt<\/h2>\t\t\t\t<\/div>\n\t\t\t\t<div class=\"elementor-element elementor-element-da11018 elementor-widget elementor-widget-text-editor\" data-id=\"da11018\" data-element_type=\"widget\" data-e-type=\"widget\" data-widget_type=\"text-editor.default\">\n\t\t\t\t\t\t\t\t\t<p>Diese Tragetasche wird als kompatibles Zubeh\u00f6r f\u00fcr das Edan SE-301 EKG-Ger\u00e4t geliefert. Sie erm\u00f6glicht die Aufbewahrung des Ger\u00e4ts und des Zubeh\u00f6rs, das f\u00fcr den Betrieb des Ger\u00e4ts erforderlich ist, und erleichtert die Reise. <\/p><p>Inhalt der Verpackung :<\/p><ul><li>1 Transporttasche f\u00fcr Edan SE-301 EKG-Ger\u00e4t<\/li><li>1 verstellbarer Schulterriemen<\/li><\/ul>\t\t\t\t\t\t\t\t<\/div>\n\t\t\t\t<\/div>\n\t\t\t\t<\/div>\n\t\t\t\t<\/div>\n\t\t","protected":false},"excerpt":{"rendered":"<p>Edan SE-301 EKG-Tasche mit Innentaschen und Gummib\u00e4ndern zur Befestigung von EKG-Zubeh\u00f6r. In der Hand oder \u00fcber der Schulter zu tragen. <\/p>\n","protected":false},"featured_media":62116,"template":"","meta":{"_acf_changed":false},"product_brand":[2085],"product_cat":[954,1199],"product_tag":[7872,7860,6716,4500,7829,3769,7865,7859,7863,7864],"class_list":{"0":"post-33452","1":"product","2":"type-product","3":"status-publish","4":"has-post-thumbnail","6":"product_brand-edan-de","7":"product_cat-elektrokardiographen","8":"product_cat-zubehor-belastungs","9":"product_tag-ekg-schutz","10":"product_tag-ekg-transporttasche","11":"product_tag-ekg-wartung","12":"product_tag-ekg-zubehor-de","13":"product_tag-kompatibel-edan","14":"product_tag-medizinische-ausrustung","15":"product_tag-medizinische-logistik","16":"product_tag-medizinische-transporttasche","17":"product_tag-transport-von-medizinischer-ausrustung","18":"product_tag-transporttasche-2","20":"first","21":"instock","22":"taxable","23":"shipping-taxable","24":"purchasable","25":"product-type-simple"},"acf":[],"yoast_head":"<!-- This site is optimized with the Yoast SEO Premium plugin v27.4 (Yoast SEO v27.4) - https:\/\/yoast.com\/product\/yoast-seo-premium-wordpress\/ -->\n<title>Edan SE-301 EKG-Transporttasche - Spezieller Schutz<\/title>\n<meta name=\"description\" content=\"Transporttasche f\u00fcr das Edan SE-301 EKG-Ger\u00e4t, mit Innentaschen, elastischer Befestigung und zum Tragen in der Hand oder \u00fcber der Schulter.\" \/>\n<meta name=\"robots\" content=\"index, follow, max-snippet:-1, max-image-preview:large, max-video-preview:-1\" \/>\n<link rel=\"canonical\" href=\"https:\/\/swixed.ch\/de\/produkt\/sed14007\/\" \/>\n<meta property=\"og:locale\" content=\"de_DE\" \/>\n<meta property=\"og:type\" content=\"article\" \/>\n<meta property=\"og:title\" content=\"Tragetasche f\u00fcr Edan SE-301 EKG-Ger\u00e4t\" \/>\n<meta property=\"og:description\" content=\"Transporttasche f\u00fcr das Edan SE-301 EKG-Ger\u00e4t, mit Innentaschen, elastischer Befestigung und zum Tragen in der Hand oder \u00fcber der Schulter.\" \/>\n<meta property=\"og:url\" content=\"https:\/\/swixed.ch\/de\/produkt\/sed14007\/\" \/>\n<meta property=\"og:site_name\" content=\"Swixed SA\" \/>\n<meta property=\"article:publisher\" content=\"https:\/\/www.facebook.com\/swixed\" \/>\n<meta property=\"article:modified_time\" content=\"2026-02-04T21:27:18+00:00\" \/>\n<meta property=\"og:image\" content=\"https:\/\/swixed.ch\/wp-content\/uploads\/2026\/02\/SED14007-01.png\" \/>\n\t<meta property=\"og:image:width\" content=\"600\" \/>\n\t<meta property=\"og:image:height\" content=\"600\" \/>\n\t<meta property=\"og:image:type\" content=\"image\/png\" \/>\n<meta name=\"twitter:card\" content=\"summary_large_image\" \/>\n<meta name=\"twitter:label1\" content=\"Gesch\u00e4tzte Lesezeit\" \/>\n\t<meta name=\"twitter:data1\" content=\"2\u00a0Minuten\" \/>\n<script type=\"application\/ld+json\" class=\"yoast-schema-graph\">{\"@context\":\"https:\\\/\\\/schema.org\",\"@graph\":[{\"@type\":\"WebPage\",\"@id\":\"https:\\\/\\\/swixed.ch\\\/de\\\/produkt\\\/sed14007\\\/\",\"url\":\"https:\\\/\\\/swixed.ch\\\/de\\\/produkt\\\/sed14007\\\/\",\"name\":\"Edan SE-301 EKG-Transporttasche - Spezieller Schutz\",\"isPartOf\":{\"@id\":\"https:\\\/\\\/swixed.ch\\\/de\\\/#website\"},\"primaryImageOfPage\":{\"@id\":\"https:\\\/\\\/swixed.ch\\\/de\\\/produkt\\\/sed14007\\\/#primaryimage\"},\"image\":{\"@id\":\"https:\\\/\\\/swixed.ch\\\/de\\\/produkt\\\/sed14007\\\/#primaryimage\"},\"thumbnailUrl\":\"https:\\\/\\\/swixed.ch\\\/wp-content\\\/uploads\\\/2026\\\/02\\\/SED14007-01.png\",\"datePublished\":\"2021-04-28T08:16:46+00:00\",\"dateModified\":\"2026-02-04T21:27:18+00:00\",\"description\":\"Transporttasche f\u00fcr das Edan SE-301 EKG-Ger\u00e4t, mit Innentaschen, elastischer Befestigung und zum Tragen in der Hand oder \u00fcber der Schulter.\",\"breadcrumb\":{\"@id\":\"https:\\\/\\\/swixed.ch\\\/de\\\/produkt\\\/sed14007\\\/#breadcrumb\"},\"inLanguage\":\"de\",\"potentialAction\":[{\"@type\":\"ReadAction\",\"target\":[\"https:\\\/\\\/swixed.ch\\\/de\\\/produkt\\\/sed14007\\\/\"]}]},{\"@type\":\"ImageObject\",\"inLanguage\":\"de\",\"@id\":\"https:\\\/\\\/swixed.ch\\\/de\\\/produkt\\\/sed14007\\\/#primaryimage\",\"url\":\"https:\\\/\\\/swixed.ch\\\/wp-content\\\/uploads\\\/2026\\\/02\\\/SED14007-01.png\",\"contentUrl\":\"https:\\\/\\\/swixed.ch\\\/wp-content\\\/uploads\\\/2026\\\/02\\\/SED14007-01.png\",\"width\":600,\"height\":600,\"caption\":\"SED14007\"},{\"@type\":\"BreadcrumbList\",\"@id\":\"https:\\\/\\\/swixed.ch\\\/de\\\/produkt\\\/sed14007\\\/#breadcrumb\",\"itemListElement\":[{\"@type\":\"ListItem\",\"position\":1,\"name\":\"Startseite\",\"item\":\"https:\\\/\\\/swixed.ch\\\/de\\\/home\\\/\"},{\"@type\":\"ListItem\",\"position\":2,\"name\":\"Shop\",\"item\":\"https:\\\/\\\/swixed.ch\\\/de\\\/shop\\\/\"},{\"@type\":\"ListItem\",\"position\":3,\"name\":\"Tragetasche f\u00fcr Edan SE-301 EKG-Ger\u00e4t\"}]},{\"@type\":\"WebSite\",\"@id\":\"https:\\\/\\\/swixed.ch\\\/de\\\/#website\",\"url\":\"https:\\\/\\\/swixed.ch\\\/de\\\/\",\"name\":\"Swixed SA\",\"description\":\"Elektronische Ger\u00e4te\",\"publisher\":{\"@id\":\"https:\\\/\\\/swixed.ch\\\/de\\\/#organization\"},\"potentialAction\":[{\"@type\":\"SearchAction\",\"target\":{\"@type\":\"EntryPoint\",\"urlTemplate\":\"https:\\\/\\\/swixed.ch\\\/de\\\/?s={search_term_string}\"},\"query-input\":{\"@type\":\"PropertyValueSpecification\",\"valueRequired\":true,\"valueName\":\"search_term_string\"}}],\"inLanguage\":\"de\"},{\"@type\":\"Organization\",\"@id\":\"https:\\\/\\\/swixed.ch\\\/de\\\/#organization\",\"name\":\"Swixed SA\",\"url\":\"https:\\\/\\\/swixed.ch\\\/de\\\/\",\"logo\":{\"@type\":\"ImageObject\",\"inLanguage\":\"de\",\"@id\":\"https:\\\/\\\/swixed.ch\\\/de\\\/#\\\/schema\\\/logo\\\/image\\\/\",\"url\":\"https:\\\/\\\/swixed.ch\\\/wp-content\\\/uploads\\\/logos\\\/swixed-logo-lite.png\",\"contentUrl\":\"https:\\\/\\\/swixed.ch\\\/wp-content\\\/uploads\\\/logos\\\/swixed-logo-lite.png\",\"width\":696,\"height\":696,\"caption\":\"Swixed SA\"},\"image\":{\"@id\":\"https:\\\/\\\/swixed.ch\\\/de\\\/#\\\/schema\\\/logo\\\/image\\\/\"},\"sameAs\":[\"https:\\\/\\\/www.facebook.com\\\/swixed\",\"https:\\\/\\\/www.linkedin.com\\\/company\\\/swixed\",\"https:\\\/\\\/www.youtube.com\\\/@swixedsa\"],\"description\":\"Swixed SA est une entreprise suisse bas\u00e9e \u00e0 Gen\u00e8ve, sp\u00e9cialis\u00e9e dans la vente, la location et la maintenance d\u2019appareils m\u00e9dicaux professionnels, tels que d\u00e9fibrillateurs AED, \u00e9lectrocardiographes, moniteurs patient et dispositifs de diagnostic.\",\"email\":\"infoshop@swixed.ch\",\"telephone\":\"+41 22 566 11 95\",\"legalName\":\"Swixed SA\",\"foundingDate\":\"2021-03-01\",\"numberOfEmployees\":{\"@type\":\"QuantitativeValue\",\"minValue\":\"1\",\"maxValue\":\"10\"}}]}<\/script>\n<!-- \/ Yoast SEO Premium plugin. -->","yoast_head_json":{"title":"Edan SE-301 EKG-Transporttasche - Spezieller Schutz","description":"Transporttasche f\u00fcr das Edan SE-301 EKG-Ger\u00e4t, mit Innentaschen, elastischer Befestigung und zum Tragen in der Hand oder \u00fcber der Schulter.","robots":{"index":"index","follow":"follow","max-snippet":"max-snippet:-1","max-image-preview":"max-image-preview:large","max-video-preview":"max-video-preview:-1"},"canonical":"https:\/\/swixed.ch\/de\/produkt\/sed14007\/","og_locale":"de_DE","og_type":"article","og_title":"Tragetasche f\u00fcr Edan SE-301 EKG-Ger\u00e4t","og_description":"Transporttasche f\u00fcr das Edan SE-301 EKG-Ger\u00e4t, mit Innentaschen, elastischer Befestigung und zum Tragen in der Hand oder \u00fcber der Schulter.","og_url":"https:\/\/swixed.ch\/de\/produkt\/sed14007\/","og_site_name":"Swixed SA","article_publisher":"https:\/\/www.facebook.com\/swixed","article_modified_time":"2026-02-04T21:27:18+00:00","og_image":[{"width":600,"height":600,"url":"https:\/\/swixed.ch\/wp-content\/uploads\/2026\/02\/SED14007-01.png","type":"image\/png"}],"twitter_card":"summary_large_image","twitter_misc":{"Gesch\u00e4tzte Lesezeit":"2\u00a0Minuten"},"schema":{"@context":"https:\/\/schema.org","@graph":[{"@type":"WebPage","@id":"https:\/\/swixed.ch\/de\/produkt\/sed14007\/","url":"https:\/\/swixed.ch\/de\/produkt\/sed14007\/","name":"Edan SE-301 EKG-Transporttasche - Spezieller Schutz","isPartOf":{"@id":"https:\/\/swixed.ch\/de\/#website"},"primaryImageOfPage":{"@id":"https:\/\/swixed.ch\/de\/produkt\/sed14007\/#primaryimage"},"image":{"@id":"https:\/\/swixed.ch\/de\/produkt\/sed14007\/#primaryimage"},"thumbnailUrl":"https:\/\/swixed.ch\/wp-content\/uploads\/2026\/02\/SED14007-01.png","datePublished":"2021-04-28T08:16:46+00:00","dateModified":"2026-02-04T21:27:18+00:00","description":"Transporttasche f\u00fcr das Edan SE-301 EKG-Ger\u00e4t, mit Innentaschen, elastischer Befestigung und zum Tragen in der Hand oder \u00fcber der Schulter.","breadcrumb":{"@id":"https:\/\/swixed.ch\/de\/produkt\/sed14007\/#breadcrumb"},"inLanguage":"de","potentialAction":[{"@type":"ReadAction","target":["https:\/\/swixed.ch\/de\/produkt\/sed14007\/"]}]},{"@type":"ImageObject","inLanguage":"de","@id":"https:\/\/swixed.ch\/de\/produkt\/sed14007\/#primaryimage","url":"https:\/\/swixed.ch\/wp-content\/uploads\/2026\/02\/SED14007-01.png","contentUrl":"https:\/\/swixed.ch\/wp-content\/uploads\/2026\/02\/SED14007-01.png","width":600,"height":600,"caption":"SED14007"},{"@type":"BreadcrumbList","@id":"https:\/\/swixed.ch\/de\/produkt\/sed14007\/#breadcrumb","itemListElement":[{"@type":"ListItem","position":1,"name":"Startseite","item":"https:\/\/swixed.ch\/de\/home\/"},{"@type":"ListItem","position":2,"name":"Shop","item":"https:\/\/swixed.ch\/de\/shop\/"},{"@type":"ListItem","position":3,"name":"Tragetasche f\u00fcr Edan SE-301 EKG-Ger\u00e4t"}]},{"@type":"WebSite","@id":"https:\/\/swixed.ch\/de\/#website","url":"https:\/\/swixed.ch\/de\/","name":"Swixed SA","description":"Elektronische Ger\u00e4te","publisher":{"@id":"https:\/\/swixed.ch\/de\/#organization"},"potentialAction":[{"@type":"SearchAction","target":{"@type":"EntryPoint","urlTemplate":"https:\/\/swixed.ch\/de\/?s={search_term_string}"},"query-input":{"@type":"PropertyValueSpecification","valueRequired":true,"valueName":"search_term_string"}}],"inLanguage":"de"},{"@type":"Organization","@id":"https:\/\/swixed.ch\/de\/#organization","name":"Swixed SA","url":"https:\/\/swixed.ch\/de\/","logo":{"@type":"ImageObject","inLanguage":"de","@id":"https:\/\/swixed.ch\/de\/#\/schema\/logo\/image\/","url":"https:\/\/swixed.ch\/wp-content\/uploads\/logos\/swixed-logo-lite.png","contentUrl":"https:\/\/swixed.ch\/wp-content\/uploads\/logos\/swixed-logo-lite.png","width":696,"height":696,"caption":"Swixed SA"},"image":{"@id":"https:\/\/swixed.ch\/de\/#\/schema\/logo\/image\/"},"sameAs":["https:\/\/www.facebook.com\/swixed","https:\/\/www.linkedin.com\/company\/swixed","https:\/\/www.youtube.com\/@swixedsa"],"description":"Swixed SA est une entreprise suisse bas\u00e9e \u00e0 Gen\u00e8ve, sp\u00e9cialis\u00e9e dans la vente, la location et la maintenance d\u2019appareils m\u00e9dicaux professionnels, tels que d\u00e9fibrillateurs AED, \u00e9lectrocardiographes, moniteurs patient et dispositifs de diagnostic.","email":"infoshop@swixed.ch","telephone":"+41 22 566 11 95","legalName":"Swixed SA","foundingDate":"2021-03-01","numberOfEmployees":{"@type":"QuantitativeValue","minValue":"1","maxValue":"10"}}]}},"_links":{"self":[{"href":"https:\/\/swixed.ch\/de\/wp-json\/wp\/v2\/product\/33452","targetHints":{"allow":["GET"]}}],"collection":[{"href":"https:\/\/swixed.ch\/de\/wp-json\/wp\/v2\/product"}],"about":[{"href":"https:\/\/swixed.ch\/de\/wp-json\/wp\/v2\/types\/product"}],"version-history":[{"count":0,"href":"https:\/\/swixed.ch\/de\/wp-json\/wp\/v2\/product\/33452\/revisions"}],"wp:featuredmedia":[{"embeddable":true,"href":"https:\/\/swixed.ch\/de\/wp-json\/wp\/v2\/media\/62116"}],"wp:attachment":[{"href":"https:\/\/swixed.ch\/de\/wp-json\/wp\/v2\/media?parent=33452"}],"wp:term":[{"taxonomy":"product_brand","embeddable":true,"href":"https:\/\/swixed.ch\/de\/wp-json\/wp\/v2\/product_brand?post=33452"},{"taxonomy":"product_cat","embeddable":true,"href":"https:\/\/swixed.ch\/de\/wp-json\/wp\/v2\/product_cat?post=33452"},{"taxonomy":"product_tag","embeddable":true,"href":"https:\/\/swixed.ch\/de\/wp-json\/wp\/v2\/product_tag?post=33452"}],"curies":[{"name":"wp","href":"https:\/\/api.w.org\/{rel}","templated":true}]}}