{"id":33453,"date":"2021-04-27T19:01:16","date_gmt":"2021-04-27T17:01:16","guid":{"rendered":"https:\/\/swixed.com\/produit\/clip-adapter-fuer-4-mm-bananensteckerkabel-10-stueck\/"},"modified":"2026-02-05T18:28:58","modified_gmt":"2026-02-05T17:28:58","slug":"sed14003","status":"publish","type":"product","link":"https:\/\/swixed.ch\/de\/produkt\/sed14003\/","title":{"rendered":"Clip-Adapter f\u00fcr EKG-Kabel, 4mm Bananenstecker (10 St\u00fcck)"},"content":{"rendered":"\t\t<div data-elementor-type=\"product-post\" data-elementor-id=\"33453\" class=\"elementor elementor-33453 elementor-3274\" data-elementor-post-type=\"product\">\n\t\t\t\t<div class=\"elementor-element elementor-element-b278d16 e-con-full e-flex e-con e-parent\" data-id=\"b278d16\" data-element_type=\"container\" data-e-type=\"container\">\n\t\t<div class=\"elementor-element elementor-element-193d855 e-con-full e-flex e-con e-child\" data-id=\"193d855\" data-element_type=\"container\" data-e-type=\"container\">\n\t\t\t\t<div class=\"elementor-element elementor-element-39a7181 elementor-widget elementor-widget-heading\" data-id=\"39a7181\" data-element_type=\"widget\" data-e-type=\"widget\" data-widget_type=\"heading.default\">\n\t\t\t\t\t<h2 class=\"elementor-heading-title elementor-size-default\">Beschreibung<\/h2>\t\t\t\t<\/div>\n\t\t\t\t<div class=\"elementor-element elementor-element-f3eaa0b elementor-widget elementor-widget-text-editor\" data-id=\"f3eaa0b\" data-element_type=\"widget\" data-e-type=\"widget\" data-widget_type=\"text-editor.default\">\n\t\t\t\t\t\t\t\t\t<p>Diese Clip-Adapter f\u00fcr EKG-Kabel sind ein Anschlusszubeh\u00f6r f\u00fcr Elektrokardiographiesysteme, die 4 mm Bananenstecker verwenden. Sie werden direkt am Ende des EKG-Patientenkabels befestigt und lassen sich auf Einwegelektroden mit Druckknopf aufstecken.<br>Auf diese Weise erm\u00f6glichen sie eine einfache Anpassung zwischen verschiedenen Anschlussformaten ohne Eingriffe am Ger\u00e4t. <\/p><p>Technische Merkmale :<\/p><ul><li>Kompatibilit\u00e4t mit Bananensteckern mit 4 mm Durchmesser<\/li><li>Standard-Druckknopfverbindung<\/li><li>Mechanische Schnittstelle ohne integrierte Elektronik<\/li><li>Verwendung mit vorhandenen EKG-Patientenkabeln<\/li><li>Packung mit 10 St\u00fcck<\/li><\/ul><p><br>Dar\u00fcber hinaus passen diese Adapter in professionelle EKG-Konfigurationen, die austauschbares und standardisiertes Zubeh\u00f6r erfordern.<\/p>\t\t\t\t\t\t\t\t<\/div>\n\t\t\t\t<div class=\"elementor-element elementor-element-1460ddb elementor-widget elementor-widget-heading\" data-id=\"1460ddb\" data-element_type=\"widget\" data-e-type=\"widget\" data-widget_type=\"heading.default\">\n\t\t\t\t\t<h2 class=\"elementor-heading-title elementor-size-default\">Nutzung, Einhaltung und Empfehlungen<\/h2>\t\t\t\t<\/div>\n\t\t\t\t<div class=\"elementor-element elementor-element-c3452d8 elementor-widget elementor-widget-text-editor\" data-id=\"c3452d8\" data-element_type=\"widget\" data-e-type=\"widget\" data-widget_type=\"text-editor.default\">\n\t\t\t\t\t\t\t\t\t<p>Diese Adapter werden als EKG-Zubeh\u00f6r in technischen und medizinischen Umgebungen verwendet, die mit professionellen Elektrokardiographen ausgestattet sind.<br>In der Schweiz werden sie im Rahmen des Bundesamtes f\u00fcr Gesundheit (BAG) und der technischen Regeln des Schweizerischen Informationszentrums f\u00fcr technische Regeln (Switec) angeboten. <br>\t\t<div data-elementor-type=\"widget\" data-elementor-id=\"60303\" class=\"elementor elementor-60303 elementor-60240 elementor-60240\" data-elementor-post-type=\"elementor_library\">\n\t\t\t\t\t\t<div class=\"elementor-element elementor-element-60240 elementor-widget elementor-widget-text-editor\" data-id=\"60240\" data-element_type=\"widget\" data-e-type=\"widget\" data-widget_type=\"text-editor.default\">\n\t\t\t\t\t\t\t\t\t<p>Weitere Informationen finden Sie unter :<\/p><ul><li><a href=\"https:\/\/www.bag.admin.ch\" target=\"_blank\" rel=\"noopener\">Bundesamt f\u00fcr Gesundheit (BAG)<\/a><\/li><li><a href=\"https:\/\/www.switec.info\" target=\"_blank\" rel=\"noopener\">Schweizerisches Informationszentrum f\u00fcr technische Regeln (Switec)<\/a><\/li><\/ul><p><br>Unsere Medizinprodukte haben einen autorisierten Vertreter in der Schweiz (CH-REP), gem\u00e4\u00df der geltenden schweizerischen Gesetzgebung f\u00fcr Medizinprodukte.<\/p>\t\t\t\t\t\t\t\t<\/div>\n\t\t\t\t<\/div>\n\t\t<\/p>\t\t\t\t\t\t\t\t<\/div>\n\t\t\t\t<div class=\"elementor-element elementor-element-c382f07 elementor-widget elementor-widget-heading\" data-id=\"c382f07\" data-element_type=\"widget\" data-e-type=\"widget\" data-widget_type=\"heading.default\">\n\t\t\t\t\t<h2 class=\"elementor-heading-title elementor-size-default\">Kompatibilit\u00e4t<\/h2>\t\t\t\t<\/div>\n\t\t\t\t<div class=\"elementor-element elementor-element-9a4bf68 elementor-widget elementor-widget-text-editor\" data-id=\"9a4bf68\" data-element_type=\"widget\" data-e-type=\"widget\" data-widget_type=\"text-editor.default\">\n\t\t\t\t\t\t\t\t\t<p>Diese EKG-Kabelclip-Adapter sind f\u00fcr Patientenkabel mit 4 mm Bananensteckern und Standard-Einmalelektroden mit Druckknopf konzipiert. Au\u00dferdem k\u00f6nnen sie mit professionellen Elektrokardiographen verwendet werden, die mit dieser Art von Verkabelung kompatibel sind. Die endg\u00fcltige Kompatibilit\u00e4t h\u00e4ngt jedoch vom Patientenkabel und dem verwendeten EKG-System ab. Es wird daher empfohlen, die technischen Spezifikationen des jeweiligen Ger\u00e4ts vor der Integration zu \u00fcberpr\u00fcfen.   <\/p>\t\t\t\t\t\t\t\t<\/div>\n\t\t\t\t<div class=\"elementor-element elementor-element-ed266d2 elementor-widget elementor-widget-heading\" data-id=\"ed266d2\" data-element_type=\"widget\" data-e-type=\"widget\" data-widget_type=\"heading.default\">\n\t\t\t\t\t<h2 class=\"elementor-heading-title elementor-size-default\">Inhalt<\/h2>\t\t\t\t<\/div>\n\t\t\t\t<div class=\"elementor-element elementor-element-e4bfbc1 elementor-widget elementor-widget-text-editor\" data-id=\"e4bfbc1\" data-element_type=\"widget\" data-e-type=\"widget\" data-widget_type=\"text-editor.default\">\n\t\t\t\t\t\t\t\t\t<p>Die Verpackung enth\u00e4lt nur die Elemente, die f\u00fcr die mechanische Anpassung zwischen Kabel und Elektrode erforderlich sind. Es sind keine zus\u00e4tzlichen elektronischen Komponenten oder Zubeh\u00f6rteile enthalten. <\/p><p>Inhalt der Verpackung :<\/p><ul><li>10 Clip-Adapter f\u00fcr EKG-Kabel mit 4 mm Bananensteckern<\/li><\/ul>\t\t\t\t\t\t\t\t<\/div>\n\t\t\t\t<\/div>\n\t\t\t\t<\/div>\n\t\t\t\t<\/div>\n\t\t","protected":false},"excerpt":{"rendered":"<p>Diese Clip-Adapter f\u00fcr EKG-Kabel erm\u00f6glichen die Verbindung zwischen Patientenkabeln mit 4 mm Bananensteckern und Einmalelektroden mit Druckknopf. Sie bieten eine standardisierte mechanische Schnittstelle zwischen dem EKG-Kabel und der Elektrode. Dadurch wird die Verwendung von kompatiblen Verbrauchsmaterialien erleichtert, ohne dass die bestehende Verkabelung ver\u00e4ndert werden muss. Die Packung mit 10 St\u00fcck entspricht den Anforderungen von technischen Umgebungen, in denen professionelle Elektrokardiographen verwendet werden, die den geltenden Normen entsprechen.   <\/p>\n","protected":false},"featured_media":62177,"template":"","meta":{"_acf_changed":false},"product_brand":[2085],"product_cat":[954,970,1199,1203],"product_tag":[7828,7882,7827,7836,7883,7702,7811,7884,6716,4500],"class_list":{"0":"post-33453","1":"product","2":"type-product","3":"status-publish","4":"has-post-thumbnail","6":"product_brand-edan-de","7":"product_cat-elektrokardiographen","8":"product_cat-patientenmonitore","9":"product_cat-zubehor-belastungs","10":"product_cat-zubehor-patientenmonitore","11":"product_tag-4-mm-bananenstecker","12":"product_tag-ekg-adapter","13":"product_tag-ekg-anschluss-2","14":"product_tag-ekg-anschluss-3","15":"product_tag-ekg-clip","16":"product_tag-ekg-erfassung","17":"product_tag-ekg-ersatzteil","18":"product_tag-ekg-verbrauchsmaterial","19":"product_tag-ekg-wartung","20":"product_tag-ekg-zubehor-de","22":"first","23":"instock","24":"taxable","25":"shipping-taxable","26":"purchasable","27":"product-type-simple"},"acf":[],"yoast_head":"<!-- This site is optimized with the Yoast SEO Premium plugin v27.4 (Yoast SEO v27.4) - https:\/\/yoast.com\/product\/yoast-seo-premium-wordpress\/ -->\n<title>Clip-Adapter f\u00fcr EKG-Kabel, 4 mm Bananenstecker | Swixed SA%<\/title>\n<meta name=\"description\" content=\"Clip-Adapter f\u00fcr EKG-Kabel mit 4 mm Bananensteckern, kompatibel mit Druckelektroden. Set mit 10 technischen EKG-Zubeh\u00f6rteilen.\" \/>\n<meta name=\"robots\" content=\"index, follow, max-snippet:-1, max-image-preview:large, max-video-preview:-1\" \/>\n<link rel=\"canonical\" href=\"https:\/\/swixed.ch\/de\/produkt\/sed14003\/\" \/>\n<meta property=\"og:locale\" content=\"de_DE\" \/>\n<meta property=\"og:type\" content=\"article\" \/>\n<meta property=\"og:title\" content=\"Clip-Adapter f\u00fcr EKG-Kabel, 4mm Bananenstecker (10 St\u00fcck)\" \/>\n<meta property=\"og:description\" content=\"Clip-Adapter f\u00fcr EKG-Kabel mit 4 mm Bananensteckern, kompatibel mit Druckelektroden. Set mit 10 technischen EKG-Zubeh\u00f6rteilen.\" \/>\n<meta property=\"og:url\" content=\"https:\/\/swixed.ch\/de\/produkt\/sed14003\/\" \/>\n<meta property=\"og:site_name\" content=\"Swixed SA\" \/>\n<meta property=\"article:publisher\" content=\"https:\/\/www.facebook.com\/swixed\" \/>\n<meta property=\"article:modified_time\" content=\"2026-02-05T17:28:58+00:00\" \/>\n<meta property=\"og:image\" content=\"https:\/\/swixed.ch\/wp-content\/uploads\/2026\/02\/SED14003-01.png\" \/>\n\t<meta property=\"og:image:width\" content=\"600\" \/>\n\t<meta property=\"og:image:height\" content=\"600\" \/>\n\t<meta property=\"og:image:type\" content=\"image\/png\" \/>\n<meta name=\"twitter:card\" content=\"summary_large_image\" \/>\n<meta name=\"twitter:label1\" content=\"Gesch\u00e4tzte Lesezeit\" \/>\n\t<meta name=\"twitter:data1\" content=\"1\u00a0Minute\" \/>\n<script type=\"application\/ld+json\" class=\"yoast-schema-graph\">{\"@context\":\"https:\\\/\\\/schema.org\",\"@graph\":[{\"@type\":\"WebPage\",\"@id\":\"https:\\\/\\\/swixed.ch\\\/de\\\/produkt\\\/sed14003\\\/\",\"url\":\"https:\\\/\\\/swixed.ch\\\/de\\\/produkt\\\/sed14003\\\/\",\"name\":\"Clip-Adapter f\u00fcr EKG-Kabel, 4 mm Bananenstecker | Swixed SA%\",\"isPartOf\":{\"@id\":\"https:\\\/\\\/swixed.ch\\\/de\\\/#website\"},\"primaryImageOfPage\":{\"@id\":\"https:\\\/\\\/swixed.ch\\\/de\\\/produkt\\\/sed14003\\\/#primaryimage\"},\"image\":{\"@id\":\"https:\\\/\\\/swixed.ch\\\/de\\\/produkt\\\/sed14003\\\/#primaryimage\"},\"thumbnailUrl\":\"https:\\\/\\\/swixed.ch\\\/wp-content\\\/uploads\\\/2026\\\/02\\\/SED14003-01.png\",\"datePublished\":\"2021-04-27T17:01:16+00:00\",\"dateModified\":\"2026-02-05T17:28:58+00:00\",\"description\":\"Clip-Adapter f\u00fcr EKG-Kabel mit 4 mm Bananensteckern, kompatibel mit Druckelektroden. Set mit 10 technischen EKG-Zubeh\u00f6rteilen.\",\"breadcrumb\":{\"@id\":\"https:\\\/\\\/swixed.ch\\\/de\\\/produkt\\\/sed14003\\\/#breadcrumb\"},\"inLanguage\":\"de\",\"potentialAction\":[{\"@type\":\"ReadAction\",\"target\":[\"https:\\\/\\\/swixed.ch\\\/de\\\/produkt\\\/sed14003\\\/\"]}]},{\"@type\":\"ImageObject\",\"inLanguage\":\"de\",\"@id\":\"https:\\\/\\\/swixed.ch\\\/de\\\/produkt\\\/sed14003\\\/#primaryimage\",\"url\":\"https:\\\/\\\/swixed.ch\\\/wp-content\\\/uploads\\\/2026\\\/02\\\/SED14003-01.png\",\"contentUrl\":\"https:\\\/\\\/swixed.ch\\\/wp-content\\\/uploads\\\/2026\\\/02\\\/SED14003-01.png\",\"width\":600,\"height\":600,\"caption\":\"SED14003\"},{\"@type\":\"BreadcrumbList\",\"@id\":\"https:\\\/\\\/swixed.ch\\\/de\\\/produkt\\\/sed14003\\\/#breadcrumb\",\"itemListElement\":[{\"@type\":\"ListItem\",\"position\":1,\"name\":\"Startseite\",\"item\":\"https:\\\/\\\/swixed.ch\\\/de\\\/home\\\/\"},{\"@type\":\"ListItem\",\"position\":2,\"name\":\"Shop\",\"item\":\"https:\\\/\\\/swixed.ch\\\/de\\\/shop\\\/\"},{\"@type\":\"ListItem\",\"position\":3,\"name\":\"Clip-Adapter f\u00fcr EKG-Kabel, 4mm Bananenstecker (10 St\u00fcck)\"}]},{\"@type\":\"WebSite\",\"@id\":\"https:\\\/\\\/swixed.ch\\\/de\\\/#website\",\"url\":\"https:\\\/\\\/swixed.ch\\\/de\\\/\",\"name\":\"Swixed SA\",\"description\":\"Elektronische Ger\u00e4te\",\"publisher\":{\"@id\":\"https:\\\/\\\/swixed.ch\\\/de\\\/#organization\"},\"potentialAction\":[{\"@type\":\"SearchAction\",\"target\":{\"@type\":\"EntryPoint\",\"urlTemplate\":\"https:\\\/\\\/swixed.ch\\\/de\\\/?s={search_term_string}\"},\"query-input\":{\"@type\":\"PropertyValueSpecification\",\"valueRequired\":true,\"valueName\":\"search_term_string\"}}],\"inLanguage\":\"de\"},{\"@type\":\"Organization\",\"@id\":\"https:\\\/\\\/swixed.ch\\\/de\\\/#organization\",\"name\":\"Swixed SA\",\"url\":\"https:\\\/\\\/swixed.ch\\\/de\\\/\",\"logo\":{\"@type\":\"ImageObject\",\"inLanguage\":\"de\",\"@id\":\"https:\\\/\\\/swixed.ch\\\/de\\\/#\\\/schema\\\/logo\\\/image\\\/\",\"url\":\"https:\\\/\\\/swixed.ch\\\/wp-content\\\/uploads\\\/logos\\\/swixed-logo-lite.png\",\"contentUrl\":\"https:\\\/\\\/swixed.ch\\\/wp-content\\\/uploads\\\/logos\\\/swixed-logo-lite.png\",\"width\":696,\"height\":696,\"caption\":\"Swixed SA\"},\"image\":{\"@id\":\"https:\\\/\\\/swixed.ch\\\/de\\\/#\\\/schema\\\/logo\\\/image\\\/\"},\"sameAs\":[\"https:\\\/\\\/www.facebook.com\\\/swixed\",\"https:\\\/\\\/www.linkedin.com\\\/company\\\/swixed\",\"https:\\\/\\\/www.youtube.com\\\/@swixedsa\"],\"description\":\"Swixed SA est une entreprise suisse bas\u00e9e \u00e0 Gen\u00e8ve, sp\u00e9cialis\u00e9e dans la vente, la location et la maintenance d\u2019appareils m\u00e9dicaux professionnels, tels que d\u00e9fibrillateurs AED, \u00e9lectrocardiographes, moniteurs patient et dispositifs de diagnostic.\",\"email\":\"infoshop@swixed.ch\",\"telephone\":\"+41 22 566 11 95\",\"legalName\":\"Swixed SA\",\"foundingDate\":\"2021-03-01\",\"numberOfEmployees\":{\"@type\":\"QuantitativeValue\",\"minValue\":\"1\",\"maxValue\":\"10\"}}]}<\/script>\n<!-- \/ Yoast SEO Premium plugin. -->","yoast_head_json":{"title":"Clip-Adapter f\u00fcr EKG-Kabel, 4 mm Bananenstecker | Swixed SA%","description":"Clip-Adapter f\u00fcr EKG-Kabel mit 4 mm Bananensteckern, kompatibel mit Druckelektroden. Set mit 10 technischen EKG-Zubeh\u00f6rteilen.","robots":{"index":"index","follow":"follow","max-snippet":"max-snippet:-1","max-image-preview":"max-image-preview:large","max-video-preview":"max-video-preview:-1"},"canonical":"https:\/\/swixed.ch\/de\/produkt\/sed14003\/","og_locale":"de_DE","og_type":"article","og_title":"Clip-Adapter f\u00fcr EKG-Kabel, 4mm Bananenstecker (10 St\u00fcck)","og_description":"Clip-Adapter f\u00fcr EKG-Kabel mit 4 mm Bananensteckern, kompatibel mit Druckelektroden. Set mit 10 technischen EKG-Zubeh\u00f6rteilen.","og_url":"https:\/\/swixed.ch\/de\/produkt\/sed14003\/","og_site_name":"Swixed SA","article_publisher":"https:\/\/www.facebook.com\/swixed","article_modified_time":"2026-02-05T17:28:58+00:00","og_image":[{"width":600,"height":600,"url":"https:\/\/swixed.ch\/wp-content\/uploads\/2026\/02\/SED14003-01.png","type":"image\/png"}],"twitter_card":"summary_large_image","twitter_misc":{"Gesch\u00e4tzte Lesezeit":"1\u00a0Minute"},"schema":{"@context":"https:\/\/schema.org","@graph":[{"@type":"WebPage","@id":"https:\/\/swixed.ch\/de\/produkt\/sed14003\/","url":"https:\/\/swixed.ch\/de\/produkt\/sed14003\/","name":"Clip-Adapter f\u00fcr EKG-Kabel, 4 mm Bananenstecker | Swixed SA%","isPartOf":{"@id":"https:\/\/swixed.ch\/de\/#website"},"primaryImageOfPage":{"@id":"https:\/\/swixed.ch\/de\/produkt\/sed14003\/#primaryimage"},"image":{"@id":"https:\/\/swixed.ch\/de\/produkt\/sed14003\/#primaryimage"},"thumbnailUrl":"https:\/\/swixed.ch\/wp-content\/uploads\/2026\/02\/SED14003-01.png","datePublished":"2021-04-27T17:01:16+00:00","dateModified":"2026-02-05T17:28:58+00:00","description":"Clip-Adapter f\u00fcr EKG-Kabel mit 4 mm Bananensteckern, kompatibel mit Druckelektroden. Set mit 10 technischen EKG-Zubeh\u00f6rteilen.","breadcrumb":{"@id":"https:\/\/swixed.ch\/de\/produkt\/sed14003\/#breadcrumb"},"inLanguage":"de","potentialAction":[{"@type":"ReadAction","target":["https:\/\/swixed.ch\/de\/produkt\/sed14003\/"]}]},{"@type":"ImageObject","inLanguage":"de","@id":"https:\/\/swixed.ch\/de\/produkt\/sed14003\/#primaryimage","url":"https:\/\/swixed.ch\/wp-content\/uploads\/2026\/02\/SED14003-01.png","contentUrl":"https:\/\/swixed.ch\/wp-content\/uploads\/2026\/02\/SED14003-01.png","width":600,"height":600,"caption":"SED14003"},{"@type":"BreadcrumbList","@id":"https:\/\/swixed.ch\/de\/produkt\/sed14003\/#breadcrumb","itemListElement":[{"@type":"ListItem","position":1,"name":"Startseite","item":"https:\/\/swixed.ch\/de\/home\/"},{"@type":"ListItem","position":2,"name":"Shop","item":"https:\/\/swixed.ch\/de\/shop\/"},{"@type":"ListItem","position":3,"name":"Clip-Adapter f\u00fcr EKG-Kabel, 4mm Bananenstecker (10 St\u00fcck)"}]},{"@type":"WebSite","@id":"https:\/\/swixed.ch\/de\/#website","url":"https:\/\/swixed.ch\/de\/","name":"Swixed SA","description":"Elektronische Ger\u00e4te","publisher":{"@id":"https:\/\/swixed.ch\/de\/#organization"},"potentialAction":[{"@type":"SearchAction","target":{"@type":"EntryPoint","urlTemplate":"https:\/\/swixed.ch\/de\/?s={search_term_string}"},"query-input":{"@type":"PropertyValueSpecification","valueRequired":true,"valueName":"search_term_string"}}],"inLanguage":"de"},{"@type":"Organization","@id":"https:\/\/swixed.ch\/de\/#organization","name":"Swixed SA","url":"https:\/\/swixed.ch\/de\/","logo":{"@type":"ImageObject","inLanguage":"de","@id":"https:\/\/swixed.ch\/de\/#\/schema\/logo\/image\/","url":"https:\/\/swixed.ch\/wp-content\/uploads\/logos\/swixed-logo-lite.png","contentUrl":"https:\/\/swixed.ch\/wp-content\/uploads\/logos\/swixed-logo-lite.png","width":696,"height":696,"caption":"Swixed SA"},"image":{"@id":"https:\/\/swixed.ch\/de\/#\/schema\/logo\/image\/"},"sameAs":["https:\/\/www.facebook.com\/swixed","https:\/\/www.linkedin.com\/company\/swixed","https:\/\/www.youtube.com\/@swixedsa"],"description":"Swixed SA est une entreprise suisse bas\u00e9e \u00e0 Gen\u00e8ve, sp\u00e9cialis\u00e9e dans la vente, la location et la maintenance d\u2019appareils m\u00e9dicaux professionnels, tels que d\u00e9fibrillateurs AED, \u00e9lectrocardiographes, moniteurs patient et dispositifs de diagnostic.","email":"infoshop@swixed.ch","telephone":"+41 22 566 11 95","legalName":"Swixed SA","foundingDate":"2021-03-01","numberOfEmployees":{"@type":"QuantitativeValue","minValue":"1","maxValue":"10"}}]}},"_links":{"self":[{"href":"https:\/\/swixed.ch\/de\/wp-json\/wp\/v2\/product\/33453","targetHints":{"allow":["GET"]}}],"collection":[{"href":"https:\/\/swixed.ch\/de\/wp-json\/wp\/v2\/product"}],"about":[{"href":"https:\/\/swixed.ch\/de\/wp-json\/wp\/v2\/types\/product"}],"version-history":[{"count":0,"href":"https:\/\/swixed.ch\/de\/wp-json\/wp\/v2\/product\/33453\/revisions"}],"wp:featuredmedia":[{"embeddable":true,"href":"https:\/\/swixed.ch\/de\/wp-json\/wp\/v2\/media\/62177"}],"wp:attachment":[{"href":"https:\/\/swixed.ch\/de\/wp-json\/wp\/v2\/media?parent=33453"}],"wp:term":[{"taxonomy":"product_brand","embeddable":true,"href":"https:\/\/swixed.ch\/de\/wp-json\/wp\/v2\/product_brand?post=33453"},{"taxonomy":"product_cat","embeddable":true,"href":"https:\/\/swixed.ch\/de\/wp-json\/wp\/v2\/product_cat?post=33453"},{"taxonomy":"product_tag","embeddable":true,"href":"https:\/\/swixed.ch\/de\/wp-json\/wp\/v2\/product_tag?post=33453"}],"curies":[{"name":"wp","href":"https:\/\/api.w.org\/{rel}","templated":true}]}}