{"id":33474,"date":"2021-04-27T17:55:53","date_gmt":"2021-04-27T16:55:53","guid":{"rendered":"https:\/\/swixed.com\/produit\/ekg-kabel-mit-clip-fuer-edan-padecg-und-dx12\/"},"modified":"2026-04-19T10:38:49","modified_gmt":"2026-04-19T09:38:49","slug":"sed14002","status":"publish","type":"product","link":"https:\/\/swixed.ch\/de\/produkt\/sed14002\/","title":{"rendered":"Patientenkabel mit Clips f\u00fcr EKG-Ger\u00e4te Edan PADECG \/ SE-1515 \/ DX12"},"content":{"rendered":"\t\t<div data-elementor-type=\"product-post\" data-elementor-id=\"33474\" class=\"elementor elementor-33474 elementor-3269\" data-elementor-post-type=\"product\">\n\t\t\t\t\t\t<section class=\"elementor-section elementor-top-section elementor-element elementor-element-566dfe8 elementor-section-full_width elementor-section-height-default elementor-section-height-default\" data-id=\"566dfe8\" data-element_type=\"section\" data-e-type=\"section\">\n\t\t\t\t\t\t<div class=\"elementor-container elementor-column-gap-default\">\n\t\t\t\t\t<div class=\"elementor-column elementor-col-100 elementor-top-column elementor-element elementor-element-2c4618e\" data-id=\"2c4618e\" data-element_type=\"column\" data-e-type=\"column\">\n\t\t\t<div class=\"elementor-widget-wrap elementor-element-populated\">\n\t\t\t\t\t\t<div class=\"elementor-element elementor-element-57fea7d elementor-widget elementor-widget-heading\" data-id=\"57fea7d\" data-element_type=\"widget\" data-e-type=\"widget\" data-widget_type=\"heading.default\">\n\t\t\t\t\t<h2 class=\"elementor-heading-title elementor-size-default\">Beschreibung<\/h2>\t\t\t\t<\/div>\n\t\t\t\t<div class=\"elementor-element elementor-element-e0a279c elementor-widget elementor-widget-text-editor\" data-id=\"e0a279c\" data-element_type=\"widget\" data-e-type=\"widget\" data-widget_type=\"text-editor.default\">\n\t\t\t\t\t\t\t\t\t<p>10-adriges Patientenkabel mit Clip-Steckern, das f\u00fcr die Verwendung mit dem digitalen Elektrokardiographen ECGPAD oder EDAN SE-1515 DX-12 Bluetooth konzipiert ist. Clip-Stecker f\u00fcr Einweg-Druckelektroden.<\/p>\t\t\t\t\t\t\t\t<\/div>\n\t\t\t\t\t<\/div>\n\t\t<\/div>\n\t\t\t\t\t<\/div>\n\t\t<\/section>\n\t\t\t\t<\/div>\n\t\t","protected":false},"excerpt":{"rendered":"<p>10-adriges EKG-Patientenkabel mit Clip-Anschl\u00fcssen, das f\u00fcr eine direkte Kompatibilit\u00e4t mit den digitalen Elektrokardiographen Edan PADECG, SE-1515 und DX12 entwickelt wurde. Kompatibel mit den Einweg-Druckelektroden. Das Kabel sorgt f\u00fcr die \u00dcbertragung der Signale zwischen den Elektroden und dem EKG-Ger\u00e4t. Flexible Struktur und starke Steckverbinder, f\u00fcr den technischen Einsatz in professionellen Umgebungen mit CE-zertifizierten Ger\u00e4ten.   <\/p>\n","protected":false},"featured_media":61850,"template":"","meta":{"_acf_changed":false},"product_brand":[2085],"product_cat":[954,1199],"product_tag":[7831,7836,7827,7702,7811,4493,7826,6716,4500,7829],"class_list":{"0":"post-33474","1":"product","2":"type-product","3":"status-publish","4":"has-post-thumbnail","6":"product_brand-edan-de","7":"product_cat-elektrokardiographen","8":"product_cat-zubehor-belastungs","9":"product_tag-druckkabel","10":"product_tag-ekg-anschluss-3","11":"product_tag-ekg-anschluss-2","12":"product_tag-ekg-erfassung","13":"product_tag-ekg-ersatzteil","14":"product_tag-ekg-kabel","15":"product_tag-ekg-patientenkabel","16":"product_tag-ekg-wartung","17":"product_tag-ekg-zubehor-de","18":"product_tag-kompatibel-edan","20":"first","21":"instock","22":"taxable","23":"shipping-taxable","24":"purchasable","25":"product-type-simple"},"acf":[],"yoast_head":"<!-- This site is optimized with the Yoast SEO Premium plugin v27.4 (Yoast SEO v27.4) - https:\/\/yoast.com\/product\/yoast-seo-premium-wordpress\/ -->\n<title>Patientenkabel mit Clips f\u00fcr EKG-Ger\u00e4te Edan PADECG \/ SE-1515 \/ DX12 | Swixed SA<\/title>\n<meta name=\"description\" content=\"10-adriges Patientenkabel mit Clip-Steckern f\u00fcr den digitalen Elektrokardiographen ECGPAD oder EDAN SE-1515 DX-12 Bluetooth\" \/>\n<meta name=\"robots\" content=\"index, follow, max-snippet:-1, max-image-preview:large, max-video-preview:-1\" \/>\n<link rel=\"canonical\" href=\"https:\/\/swixed.ch\/de\/produkt\/sed14002\/\" \/>\n<meta property=\"og:locale\" content=\"de_DE\" \/>\n<meta property=\"og:type\" content=\"article\" \/>\n<meta property=\"og:title\" content=\"Patientenkabel mit Clips f\u00fcr EKG-Ger\u00e4te Edan PADECG \/ SE-1515 \/ DX12\" \/>\n<meta property=\"og:description\" content=\"10-adriges Patientenkabel mit Clip-Steckern f\u00fcr den digitalen Elektrokardiographen ECGPAD oder EDAN SE-1515 DX-12 Bluetooth\" \/>\n<meta property=\"og:url\" content=\"https:\/\/swixed.ch\/de\/produkt\/sed14002\/\" \/>\n<meta property=\"og:site_name\" content=\"Swixed SA\" \/>\n<meta property=\"article:publisher\" content=\"https:\/\/www.facebook.com\/swixed\" \/>\n<meta property=\"article:modified_time\" content=\"2026-04-19T09:38:49+00:00\" \/>\n<meta property=\"og:image\" content=\"https:\/\/swixed.ch\/wp-content\/uploads\/2026\/02\/SED14002-01.png\" \/>\n\t<meta property=\"og:image:width\" content=\"600\" \/>\n\t<meta property=\"og:image:height\" content=\"600\" \/>\n\t<meta property=\"og:image:type\" content=\"image\/png\" \/>\n<meta name=\"twitter:card\" content=\"summary_large_image\" \/>\n<script type=\"application\/ld+json\" class=\"yoast-schema-graph\">{\"@context\":\"https:\\\/\\\/schema.org\",\"@graph\":[{\"@type\":\"WebPage\",\"@id\":\"https:\\\/\\\/swixed.ch\\\/de\\\/produkt\\\/sed14002\\\/\",\"url\":\"https:\\\/\\\/swixed.ch\\\/de\\\/produkt\\\/sed14002\\\/\",\"name\":\"Patientenkabel mit Clips f\u00fcr EKG-Ger\u00e4te Edan PADECG \\\/ SE-1515 \\\/ DX12 | Swixed SA\",\"isPartOf\":{\"@id\":\"https:\\\/\\\/swixed.ch\\\/de\\\/#website\"},\"primaryImageOfPage\":{\"@id\":\"https:\\\/\\\/swixed.ch\\\/de\\\/produkt\\\/sed14002\\\/#primaryimage\"},\"image\":{\"@id\":\"https:\\\/\\\/swixed.ch\\\/de\\\/produkt\\\/sed14002\\\/#primaryimage\"},\"thumbnailUrl\":\"https:\\\/\\\/swixed.ch\\\/wp-content\\\/uploads\\\/2026\\\/02\\\/SED14002-01.png\",\"datePublished\":\"2021-04-27T16:55:53+00:00\",\"dateModified\":\"2026-04-19T09:38:49+00:00\",\"description\":\"10-adriges Patientenkabel mit Clip-Steckern f\u00fcr den digitalen Elektrokardiographen ECGPAD oder EDAN SE-1515 DX-12 Bluetooth\",\"breadcrumb\":{\"@id\":\"https:\\\/\\\/swixed.ch\\\/de\\\/produkt\\\/sed14002\\\/#breadcrumb\"},\"inLanguage\":\"de\",\"potentialAction\":[{\"@type\":\"ReadAction\",\"target\":[\"https:\\\/\\\/swixed.ch\\\/de\\\/produkt\\\/sed14002\\\/\"]}]},{\"@type\":\"ImageObject\",\"inLanguage\":\"de\",\"@id\":\"https:\\\/\\\/swixed.ch\\\/de\\\/produkt\\\/sed14002\\\/#primaryimage\",\"url\":\"https:\\\/\\\/swixed.ch\\\/wp-content\\\/uploads\\\/2026\\\/02\\\/SED14002-01.png\",\"contentUrl\":\"https:\\\/\\\/swixed.ch\\\/wp-content\\\/uploads\\\/2026\\\/02\\\/SED14002-01.png\",\"width\":600,\"height\":600,\"caption\":\"SED14002\"},{\"@type\":\"BreadcrumbList\",\"@id\":\"https:\\\/\\\/swixed.ch\\\/de\\\/produkt\\\/sed14002\\\/#breadcrumb\",\"itemListElement\":[{\"@type\":\"ListItem\",\"position\":1,\"name\":\"Startseite\",\"item\":\"https:\\\/\\\/swixed.ch\\\/de\\\/home\\\/\"},{\"@type\":\"ListItem\",\"position\":2,\"name\":\"Shop\",\"item\":\"https:\\\/\\\/swixed.ch\\\/de\\\/shop\\\/\"},{\"@type\":\"ListItem\",\"position\":3,\"name\":\"Patientenkabel mit Clips f\u00fcr EKG-Ger\u00e4te Edan PADECG \\\/ SE-1515 \\\/ DX12\"}]},{\"@type\":\"WebSite\",\"@id\":\"https:\\\/\\\/swixed.ch\\\/de\\\/#website\",\"url\":\"https:\\\/\\\/swixed.ch\\\/de\\\/\",\"name\":\"Swixed SA\",\"description\":\"Elektronische Ger\u00e4te\",\"publisher\":{\"@id\":\"https:\\\/\\\/swixed.ch\\\/de\\\/#organization\"},\"potentialAction\":[{\"@type\":\"SearchAction\",\"target\":{\"@type\":\"EntryPoint\",\"urlTemplate\":\"https:\\\/\\\/swixed.ch\\\/de\\\/?s={search_term_string}\"},\"query-input\":{\"@type\":\"PropertyValueSpecification\",\"valueRequired\":true,\"valueName\":\"search_term_string\"}}],\"inLanguage\":\"de\"},{\"@type\":\"Organization\",\"@id\":\"https:\\\/\\\/swixed.ch\\\/de\\\/#organization\",\"name\":\"Swixed SA\",\"url\":\"https:\\\/\\\/swixed.ch\\\/de\\\/\",\"logo\":{\"@type\":\"ImageObject\",\"inLanguage\":\"de\",\"@id\":\"https:\\\/\\\/swixed.ch\\\/de\\\/#\\\/schema\\\/logo\\\/image\\\/\",\"url\":\"https:\\\/\\\/swixed.ch\\\/wp-content\\\/uploads\\\/logos\\\/swixed-logo-lite.png\",\"contentUrl\":\"https:\\\/\\\/swixed.ch\\\/wp-content\\\/uploads\\\/logos\\\/swixed-logo-lite.png\",\"width\":696,\"height\":696,\"caption\":\"Swixed SA\"},\"image\":{\"@id\":\"https:\\\/\\\/swixed.ch\\\/de\\\/#\\\/schema\\\/logo\\\/image\\\/\"},\"sameAs\":[\"https:\\\/\\\/www.facebook.com\\\/swixed\",\"https:\\\/\\\/www.linkedin.com\\\/company\\\/swixed\",\"https:\\\/\\\/www.youtube.com\\\/@swixedsa\"],\"description\":\"Swixed SA est une entreprise suisse bas\u00e9e \u00e0 Gen\u00e8ve, sp\u00e9cialis\u00e9e dans la vente, la location et la maintenance d\u2019appareils m\u00e9dicaux professionnels, tels que d\u00e9fibrillateurs AED, \u00e9lectrocardiographes, moniteurs patient et dispositifs de diagnostic.\",\"email\":\"infoshop@swixed.ch\",\"telephone\":\"+41 22 566 11 95\",\"legalName\":\"Swixed SA\",\"foundingDate\":\"2021-03-01\",\"numberOfEmployees\":{\"@type\":\"QuantitativeValue\",\"minValue\":\"1\",\"maxValue\":\"10\"}}]}<\/script>\n<!-- \/ Yoast SEO Premium plugin. -->","yoast_head_json":{"title":"Patientenkabel mit Clips f\u00fcr EKG-Ger\u00e4te Edan PADECG \/ SE-1515 \/ DX12 | Swixed SA","description":"10-adriges Patientenkabel mit Clip-Steckern f\u00fcr den digitalen Elektrokardiographen ECGPAD oder EDAN SE-1515 DX-12 Bluetooth","robots":{"index":"index","follow":"follow","max-snippet":"max-snippet:-1","max-image-preview":"max-image-preview:large","max-video-preview":"max-video-preview:-1"},"canonical":"https:\/\/swixed.ch\/de\/produkt\/sed14002\/","og_locale":"de_DE","og_type":"article","og_title":"Patientenkabel mit Clips f\u00fcr EKG-Ger\u00e4te Edan PADECG \/ SE-1515 \/ DX12","og_description":"10-adriges Patientenkabel mit Clip-Steckern f\u00fcr den digitalen Elektrokardiographen ECGPAD oder EDAN SE-1515 DX-12 Bluetooth","og_url":"https:\/\/swixed.ch\/de\/produkt\/sed14002\/","og_site_name":"Swixed SA","article_publisher":"https:\/\/www.facebook.com\/swixed","article_modified_time":"2026-04-19T09:38:49+00:00","og_image":[{"width":600,"height":600,"url":"https:\/\/swixed.ch\/wp-content\/uploads\/2026\/02\/SED14002-01.png","type":"image\/png"}],"twitter_card":"summary_large_image","schema":{"@context":"https:\/\/schema.org","@graph":[{"@type":"WebPage","@id":"https:\/\/swixed.ch\/de\/produkt\/sed14002\/","url":"https:\/\/swixed.ch\/de\/produkt\/sed14002\/","name":"Patientenkabel mit Clips f\u00fcr EKG-Ger\u00e4te Edan PADECG \/ SE-1515 \/ DX12 | Swixed SA","isPartOf":{"@id":"https:\/\/swixed.ch\/de\/#website"},"primaryImageOfPage":{"@id":"https:\/\/swixed.ch\/de\/produkt\/sed14002\/#primaryimage"},"image":{"@id":"https:\/\/swixed.ch\/de\/produkt\/sed14002\/#primaryimage"},"thumbnailUrl":"https:\/\/swixed.ch\/wp-content\/uploads\/2026\/02\/SED14002-01.png","datePublished":"2021-04-27T16:55:53+00:00","dateModified":"2026-04-19T09:38:49+00:00","description":"10-adriges Patientenkabel mit Clip-Steckern f\u00fcr den digitalen Elektrokardiographen ECGPAD oder EDAN SE-1515 DX-12 Bluetooth","breadcrumb":{"@id":"https:\/\/swixed.ch\/de\/produkt\/sed14002\/#breadcrumb"},"inLanguage":"de","potentialAction":[{"@type":"ReadAction","target":["https:\/\/swixed.ch\/de\/produkt\/sed14002\/"]}]},{"@type":"ImageObject","inLanguage":"de","@id":"https:\/\/swixed.ch\/de\/produkt\/sed14002\/#primaryimage","url":"https:\/\/swixed.ch\/wp-content\/uploads\/2026\/02\/SED14002-01.png","contentUrl":"https:\/\/swixed.ch\/wp-content\/uploads\/2026\/02\/SED14002-01.png","width":600,"height":600,"caption":"SED14002"},{"@type":"BreadcrumbList","@id":"https:\/\/swixed.ch\/de\/produkt\/sed14002\/#breadcrumb","itemListElement":[{"@type":"ListItem","position":1,"name":"Startseite","item":"https:\/\/swixed.ch\/de\/home\/"},{"@type":"ListItem","position":2,"name":"Shop","item":"https:\/\/swixed.ch\/de\/shop\/"},{"@type":"ListItem","position":3,"name":"Patientenkabel mit Clips f\u00fcr EKG-Ger\u00e4te Edan PADECG \/ SE-1515 \/ DX12"}]},{"@type":"WebSite","@id":"https:\/\/swixed.ch\/de\/#website","url":"https:\/\/swixed.ch\/de\/","name":"Swixed SA","description":"Elektronische Ger\u00e4te","publisher":{"@id":"https:\/\/swixed.ch\/de\/#organization"},"potentialAction":[{"@type":"SearchAction","target":{"@type":"EntryPoint","urlTemplate":"https:\/\/swixed.ch\/de\/?s={search_term_string}"},"query-input":{"@type":"PropertyValueSpecification","valueRequired":true,"valueName":"search_term_string"}}],"inLanguage":"de"},{"@type":"Organization","@id":"https:\/\/swixed.ch\/de\/#organization","name":"Swixed SA","url":"https:\/\/swixed.ch\/de\/","logo":{"@type":"ImageObject","inLanguage":"de","@id":"https:\/\/swixed.ch\/de\/#\/schema\/logo\/image\/","url":"https:\/\/swixed.ch\/wp-content\/uploads\/logos\/swixed-logo-lite.png","contentUrl":"https:\/\/swixed.ch\/wp-content\/uploads\/logos\/swixed-logo-lite.png","width":696,"height":696,"caption":"Swixed SA"},"image":{"@id":"https:\/\/swixed.ch\/de\/#\/schema\/logo\/image\/"},"sameAs":["https:\/\/www.facebook.com\/swixed","https:\/\/www.linkedin.com\/company\/swixed","https:\/\/www.youtube.com\/@swixedsa"],"description":"Swixed SA est une entreprise suisse bas\u00e9e \u00e0 Gen\u00e8ve, sp\u00e9cialis\u00e9e dans la vente, la location et la maintenance d\u2019appareils m\u00e9dicaux professionnels, tels que d\u00e9fibrillateurs AED, \u00e9lectrocardiographes, moniteurs patient et dispositifs de diagnostic.","email":"infoshop@swixed.ch","telephone":"+41 22 566 11 95","legalName":"Swixed SA","foundingDate":"2021-03-01","numberOfEmployees":{"@type":"QuantitativeValue","minValue":"1","maxValue":"10"}}]}},"_links":{"self":[{"href":"https:\/\/swixed.ch\/de\/wp-json\/wp\/v2\/product\/33474","targetHints":{"allow":["GET"]}}],"collection":[{"href":"https:\/\/swixed.ch\/de\/wp-json\/wp\/v2\/product"}],"about":[{"href":"https:\/\/swixed.ch\/de\/wp-json\/wp\/v2\/types\/product"}],"version-history":[{"count":0,"href":"https:\/\/swixed.ch\/de\/wp-json\/wp\/v2\/product\/33474\/revisions"}],"wp:featuredmedia":[{"embeddable":true,"href":"https:\/\/swixed.ch\/de\/wp-json\/wp\/v2\/media\/61850"}],"wp:attachment":[{"href":"https:\/\/swixed.ch\/de\/wp-json\/wp\/v2\/media?parent=33474"}],"wp:term":[{"taxonomy":"product_brand","embeddable":true,"href":"https:\/\/swixed.ch\/de\/wp-json\/wp\/v2\/product_brand?post=33474"},{"taxonomy":"product_cat","embeddable":true,"href":"https:\/\/swixed.ch\/de\/wp-json\/wp\/v2\/product_cat?post=33474"},{"taxonomy":"product_tag","embeddable":true,"href":"https:\/\/swixed.ch\/de\/wp-json\/wp\/v2\/product_tag?post=33474"}],"curies":[{"name":"wp","href":"https:\/\/api.w.org\/{rel}","templated":true}]}}