{"id":33476,"date":"2021-04-28T09:53:17","date_gmt":"2021-04-28T07:53:17","guid":{"rendered":"https:\/\/swixed.com\/produit\/batterie-fuer-edan-se-301-se-3-se-601-se-1201-und-se-12-ekg-geraete\/"},"modified":"2026-02-02T22:29:08","modified_gmt":"2026-02-02T21:29:08","slug":"sed14006","status":"publish","type":"product","link":"https:\/\/swixed.ch\/de\/produkt\/sed14006\/","title":{"rendered":"Li-Ionen-Akku f\u00fcr EKG-Ger\u00e4t Edan SE-3 \/ SE-301 \/ SE-601 \/ SE-1201 \/ SE-12"},"content":{"rendered":"\t\t<div data-elementor-type=\"product-post\" data-elementor-id=\"33476\" class=\"elementor elementor-33476 elementor-3308\" data-elementor-post-type=\"product\">\n\t\t\t\t<div class=\"elementor-element elementor-element-1c8d12e e-con-full e-flex e-con e-parent\" data-id=\"1c8d12e\" data-element_type=\"container\" data-e-type=\"container\">\n\t\t<div class=\"elementor-element elementor-element-363bd6f e-con-full e-flex e-con e-child\" data-id=\"363bd6f\" data-element_type=\"container\" data-e-type=\"container\">\n\t\t\t\t<div class=\"elementor-element elementor-element-b6d3e52 elementor-widget elementor-widget-heading\" data-id=\"b6d3e52\" data-element_type=\"widget\" data-e-type=\"widget\" data-widget_type=\"heading.default\">\n\t\t\t\t\t<h2 class=\"elementor-heading-title elementor-size-default\">Hauptmerkmale<\/h2>\t\t\t\t<\/div>\n\t\t\t\t<div class=\"elementor-element elementor-element-3661e64 elementor-widget elementor-widget-text-editor\" data-id=\"3661e64\" data-element_type=\"widget\" data-e-type=\"widget\" data-widget_type=\"text-editor.default\">\n\t\t\t\t\t\t\t\t\t<p>Diese Lithium-Ionen-Batterie dient als Stromversorgungszubeh\u00f6r f\u00fcr die kompatiblen Edan EKG-Elektrokardiographen. Die Batterie entspricht in erster Linie den technischen Spezifikationen des Herstellers. Daher kann sie direkt in die entsprechenden Modelle integriert werden, ohne dass eine besondere Anpassung erforderlich ist. Dar\u00fcber hinaus erm\u00f6glicht sie den mobilen Einsatz des Ger\u00e4ts, wenn die Netzstromversorgung nicht verf\u00fcgbar ist. Dies bedeutet, dass der Benutzer in einem professionellen Umfeld weiterhin einen kontinuierlichen Betrieb aufrechterhalten kann. Die Lithium-Ionen-Technologie bietet eine Kapazit\u00e4t, die f\u00fcr den normalen Gebrauch geeignet ist.     <\/p><p>Hauptmerkmale :<\/p><ul><li>Wiederaufladbarer Lithium-Ionen-Akku<\/li><li>Kompatibilit\u00e4t mit EKG-Ger\u00e4ten Edan SE-3 \/ SE-301 \/ SE-601 \/ SE-1201 \/ SE-12<\/li><li>Design gem\u00e4\u00df den Spezifikationen des Herstellers<\/li><li>Zubeh\u00f6r f\u00fcr die interne Stromversorgung des Ger\u00e4ts<\/li><li>Geeignet f\u00fcr den mobilen professionellen Einsatz<\/li><\/ul>\t\t\t\t\t\t\t\t<\/div>\n\t\t\t\t<div class=\"elementor-element elementor-element-f174e1d elementor-widget elementor-widget-heading\" data-id=\"f174e1d\" data-element_type=\"widget\" data-e-type=\"widget\" data-widget_type=\"heading.default\">\n\t\t\t\t\t<h2 class=\"elementor-heading-title elementor-size-default\">Nutzung, Einhaltung und Empfehlungen<\/h2>\t\t\t\t<\/div>\n\t\t\t\t<div class=\"elementor-element elementor-element-eef170d elementor-widget elementor-widget-text-editor\" data-id=\"eef170d\" data-element_type=\"widget\" data-e-type=\"widget\" data-widget_type=\"text-editor.default\">\n\t\t\t\t\t\t\t\t\t<p>Diese Lithium-Ionen-Batterie ist ein Zubeh\u00f6r f\u00fcr ein bestehendes medizinisches Ger\u00e4t. In der Schweiz unterliegt die Verwendung und das Inverkehrbringen von medizinischen Ger\u00e4ten und deren Zubeh\u00f6r dem nationalen Rechtsrahmen. Das Bundesamt f\u00fcr Gesundheit gibt allgemeine Empfehlungen f\u00fcr die Verwendung von medizinischen Ger\u00e4ten heraus. Dar\u00fcber hinaus stellt das Schweizerische Informationszentrum f\u00fcr technische Regeln zus\u00e4tzliche technische Informationen zur Verf\u00fcgung.   <br>\t\t<div data-elementor-type=\"widget\" data-elementor-id=\"60303\" class=\"elementor elementor-60303 elementor-60240 elementor-60240\" data-elementor-post-type=\"elementor_library\">\n\t\t\t\t\t\t<div class=\"elementor-element elementor-element-60240 elementor-widget elementor-widget-text-editor\" data-id=\"60240\" data-element_type=\"widget\" data-e-type=\"widget\" data-widget_type=\"text-editor.default\">\n\t\t\t\t\t\t\t\t\t<p>Weitere Informationen finden Sie unter :<\/p><ul><li><a href=\"https:\/\/www.bag.admin.ch\" target=\"_blank\" rel=\"noopener\">Bundesamt f\u00fcr Gesundheit (BAG)<\/a><\/li><li><a href=\"https:\/\/www.switec.info\" target=\"_blank\" rel=\"noopener\">Schweizerisches Informationszentrum f\u00fcr technische Regeln (Switec)<\/a><\/li><\/ul><p><br>Unsere Medizinprodukte haben einen autorisierten Vertreter in der Schweiz (CH-REP), gem\u00e4\u00df der geltenden schweizerischen Gesetzgebung f\u00fcr Medizinprodukte.<\/p>\t\t\t\t\t\t\t\t<\/div>\n\t\t\t\t<\/div>\n\t\t<\/p>\t\t\t\t\t\t\t\t<\/div>\n\t\t\t\t<div class=\"elementor-element elementor-element-fd79b31 elementor-widget elementor-widget-heading\" data-id=\"fd79b31\" data-element_type=\"widget\" data-e-type=\"widget\" data-widget_type=\"heading.default\">\n\t\t\t\t\t<h2 class=\"elementor-heading-title elementor-size-default\">Inhalt<\/h2>\t\t\t\t<\/div>\n\t\t\t\t<div class=\"elementor-element elementor-element-fbf8938 elementor-widget elementor-widget-text-editor\" data-id=\"fbf8938\" data-element_type=\"widget\" data-e-type=\"widget\" data-widget_type=\"text-editor.default\">\n\t\t\t\t\t\t\t\t\t<p>Diese Lithium-Ionen-Batterie wird als Ersatzzubeh\u00f6r f\u00fcr kompatible EKG-Elektrokardiographen von Edan geliefert. Er passt in eine professionelle Umgebung, in der eine zuverl\u00e4ssige Stromversorgung gem\u00e4\u00df den Spezifikationen des Herstellers erforderlich ist. <\/p><ul><li>1 \u00d7 Lithium-Ionen-Akku f\u00fcr kompatible Edan EKG-Ger\u00e4te<\/li><\/ul>\t\t\t\t\t\t\t\t<\/div>\n\t\t\t\t<\/div>\n\t\t\t\t<\/div>\n\t\t\t\t<\/div>\n\t\t","protected":false},"excerpt":{"rendered":"<p>Dieser Lithium-Ionen-Ersatzakku ist f\u00fcr die kompatiblen EKG-Elektrokardiographen von Edan bestimmt. Er versorgt die Modelle SE-3, SE-301, SE-601, SE-1201 und SE-12 gem\u00e4\u00df den Spezifikationen des Herstellers mit Strom. Dank seines angepassten Designs erm\u00f6glicht er den mobilen Einsatz des Ger\u00e4ts und gew\u00e4hrleistet die Fortsetzung des Betriebs, wenn keine Netzstromversorgung vorhanden ist. Dieses Zubeh\u00f6r passt in eine professionelle Umgebung, in der eine zuverl\u00e4ssige Stromversorgung gem\u00e4\u00df den technischen Anforderungen erforderlich ist.   <\/p>\n","protected":false},"featured_media":61710,"template":"","meta":{"_acf_changed":false},"product_brand":[2085],"product_cat":[954,1199],"product_tag":[7806,7811,7808,6716,4500,7809,7810,7807,7812,7768],"class_list":{"0":"post-33476","1":"product","2":"type-product","3":"status-publish","4":"has-post-thumbnail","6":"product_brand-edan-de","7":"product_cat-elektrokardiographen","8":"product_cat-zubehor-belastungs","9":"product_tag-ekg-batterie","10":"product_tag-ekg-ersatzteil","11":"product_tag-ekg-versorgung","12":"product_tag-ekg-wartung","13":"product_tag-ekg-zubehor-de","14":"product_tag-interne-batterie","15":"product_tag-kompatibilitat-edan","16":"product_tag-li-ionen-akku","17":"product_tag-tragbare-stromversorgung","18":"product_tag-wiederaufladbare-batterie","20":"first","21":"instock","22":"taxable","23":"shipping-taxable","24":"purchasable","25":"product-type-simple"},"acf":[],"yoast_head":"<!-- This site is optimized with the Yoast SEO Premium plugin v27.4 (Yoast SEO v27.4) - https:\/\/yoast.com\/product\/yoast-seo-premium-wordpress\/ -->\n<title>Li-Ionen-Akku f\u00fcr Edan kompatible EKG-Elektrokardiographen | Swixed SA<\/title>\n<meta name=\"description\" content=\"Ersatz-Lithium-Ionen-Akku f\u00fcr Edan SE-3, SE-301, SE-601, SE-1201, SE-12, der gem\u00e4\u00df den technischen Spezifikationen des Herstellers entwickelt wurde.\" \/>\n<meta name=\"robots\" content=\"index, follow, max-snippet:-1, max-image-preview:large, max-video-preview:-1\" \/>\n<link rel=\"canonical\" href=\"https:\/\/swixed.ch\/de\/produkt\/sed14006\/\" \/>\n<meta property=\"og:locale\" content=\"de_DE\" \/>\n<meta property=\"og:type\" content=\"article\" \/>\n<meta property=\"og:title\" content=\"Li-Ionen-Akku f\u00fcr EKG-Ger\u00e4t Edan SE-3 \/ SE-301 \/ SE-601 \/ SE-1201 \/ SE-12\" \/>\n<meta property=\"og:description\" content=\"Ersatz-Lithium-Ionen-Akku f\u00fcr Edan SE-3, SE-301, SE-601, SE-1201, SE-12, der gem\u00e4\u00df den technischen Spezifikationen des Herstellers entwickelt wurde.\" \/>\n<meta property=\"og:url\" content=\"https:\/\/swixed.ch\/de\/produkt\/sed14006\/\" \/>\n<meta property=\"og:site_name\" content=\"Swixed SA\" \/>\n<meta property=\"article:publisher\" content=\"https:\/\/www.facebook.com\/swixed\" \/>\n<meta property=\"article:modified_time\" content=\"2026-02-02T21:29:08+00:00\" \/>\n<meta property=\"og:image\" content=\"https:\/\/swixed.ch\/wp-content\/uploads\/2026\/02\/SED14006-01.png\" \/>\n\t<meta property=\"og:image:width\" content=\"600\" \/>\n\t<meta property=\"og:image:height\" content=\"600\" \/>\n\t<meta property=\"og:image:type\" content=\"image\/png\" \/>\n<meta name=\"twitter:card\" content=\"summary_large_image\" \/>\n<meta name=\"twitter:label1\" content=\"Gesch\u00e4tzte Lesezeit\" \/>\n\t<meta name=\"twitter:data1\" content=\"1\u00a0Minute\" \/>\n<script type=\"application\/ld+json\" class=\"yoast-schema-graph\">{\"@context\":\"https:\\\/\\\/schema.org\",\"@graph\":[{\"@type\":\"WebPage\",\"@id\":\"https:\\\/\\\/swixed.ch\\\/de\\\/produkt\\\/sed14006\\\/\",\"url\":\"https:\\\/\\\/swixed.ch\\\/de\\\/produkt\\\/sed14006\\\/\",\"name\":\"Li-Ionen-Akku f\u00fcr Edan kompatible EKG-Elektrokardiographen | Swixed SA\",\"isPartOf\":{\"@id\":\"https:\\\/\\\/swixed.ch\\\/de\\\/#website\"},\"primaryImageOfPage\":{\"@id\":\"https:\\\/\\\/swixed.ch\\\/de\\\/produkt\\\/sed14006\\\/#primaryimage\"},\"image\":{\"@id\":\"https:\\\/\\\/swixed.ch\\\/de\\\/produkt\\\/sed14006\\\/#primaryimage\"},\"thumbnailUrl\":\"https:\\\/\\\/swixed.ch\\\/wp-content\\\/uploads\\\/2026\\\/02\\\/SED14006-01.png\",\"datePublished\":\"2021-04-28T07:53:17+00:00\",\"dateModified\":\"2026-02-02T21:29:08+00:00\",\"description\":\"Ersatz-Lithium-Ionen-Akku f\u00fcr Edan SE-3, SE-301, SE-601, SE-1201, SE-12, der gem\u00e4\u00df den technischen Spezifikationen des Herstellers entwickelt wurde.\",\"breadcrumb\":{\"@id\":\"https:\\\/\\\/swixed.ch\\\/de\\\/produkt\\\/sed14006\\\/#breadcrumb\"},\"inLanguage\":\"de\",\"potentialAction\":[{\"@type\":\"ReadAction\",\"target\":[\"https:\\\/\\\/swixed.ch\\\/de\\\/produkt\\\/sed14006\\\/\"]}]},{\"@type\":\"ImageObject\",\"inLanguage\":\"de\",\"@id\":\"https:\\\/\\\/swixed.ch\\\/de\\\/produkt\\\/sed14006\\\/#primaryimage\",\"url\":\"https:\\\/\\\/swixed.ch\\\/wp-content\\\/uploads\\\/2026\\\/02\\\/SED14006-01.png\",\"contentUrl\":\"https:\\\/\\\/swixed.ch\\\/wp-content\\\/uploads\\\/2026\\\/02\\\/SED14006-01.png\",\"width\":600,\"height\":600,\"caption\":\"SED14006\"},{\"@type\":\"BreadcrumbList\",\"@id\":\"https:\\\/\\\/swixed.ch\\\/de\\\/produkt\\\/sed14006\\\/#breadcrumb\",\"itemListElement\":[{\"@type\":\"ListItem\",\"position\":1,\"name\":\"Startseite\",\"item\":\"https:\\\/\\\/swixed.ch\\\/de\\\/home\\\/\"},{\"@type\":\"ListItem\",\"position\":2,\"name\":\"Shop\",\"item\":\"https:\\\/\\\/swixed.ch\\\/de\\\/shop\\\/\"},{\"@type\":\"ListItem\",\"position\":3,\"name\":\"Li-Ionen-Akku f\u00fcr EKG-Ger\u00e4t Edan SE-3 \\\/ SE-301 \\\/ SE-601 \\\/ SE-1201 \\\/ SE-12\"}]},{\"@type\":\"WebSite\",\"@id\":\"https:\\\/\\\/swixed.ch\\\/de\\\/#website\",\"url\":\"https:\\\/\\\/swixed.ch\\\/de\\\/\",\"name\":\"Swixed SA\",\"description\":\"Elektronische Ger\u00e4te\",\"publisher\":{\"@id\":\"https:\\\/\\\/swixed.ch\\\/de\\\/#organization\"},\"potentialAction\":[{\"@type\":\"SearchAction\",\"target\":{\"@type\":\"EntryPoint\",\"urlTemplate\":\"https:\\\/\\\/swixed.ch\\\/de\\\/?s={search_term_string}\"},\"query-input\":{\"@type\":\"PropertyValueSpecification\",\"valueRequired\":true,\"valueName\":\"search_term_string\"}}],\"inLanguage\":\"de\"},{\"@type\":\"Organization\",\"@id\":\"https:\\\/\\\/swixed.ch\\\/de\\\/#organization\",\"name\":\"Swixed SA\",\"url\":\"https:\\\/\\\/swixed.ch\\\/de\\\/\",\"logo\":{\"@type\":\"ImageObject\",\"inLanguage\":\"de\",\"@id\":\"https:\\\/\\\/swixed.ch\\\/de\\\/#\\\/schema\\\/logo\\\/image\\\/\",\"url\":\"https:\\\/\\\/swixed.ch\\\/wp-content\\\/uploads\\\/logos\\\/swixed-logo-lite.png\",\"contentUrl\":\"https:\\\/\\\/swixed.ch\\\/wp-content\\\/uploads\\\/logos\\\/swixed-logo-lite.png\",\"width\":696,\"height\":696,\"caption\":\"Swixed SA\"},\"image\":{\"@id\":\"https:\\\/\\\/swixed.ch\\\/de\\\/#\\\/schema\\\/logo\\\/image\\\/\"},\"sameAs\":[\"https:\\\/\\\/www.facebook.com\\\/swixed\",\"https:\\\/\\\/www.linkedin.com\\\/company\\\/swixed\",\"https:\\\/\\\/www.youtube.com\\\/@swixedsa\"],\"description\":\"Swixed SA est une entreprise suisse bas\u00e9e \u00e0 Gen\u00e8ve, sp\u00e9cialis\u00e9e dans la vente, la location et la maintenance d\u2019appareils m\u00e9dicaux professionnels, tels que d\u00e9fibrillateurs AED, \u00e9lectrocardiographes, moniteurs patient et dispositifs de diagnostic.\",\"email\":\"infoshop@swixed.ch\",\"telephone\":\"+41 22 566 11 95\",\"legalName\":\"Swixed SA\",\"foundingDate\":\"2021-03-01\",\"numberOfEmployees\":{\"@type\":\"QuantitativeValue\",\"minValue\":\"1\",\"maxValue\":\"10\"}}]}<\/script>\n<!-- \/ Yoast SEO Premium plugin. -->","yoast_head_json":{"title":"Li-Ionen-Akku f\u00fcr Edan kompatible EKG-Elektrokardiographen | Swixed SA","description":"Ersatz-Lithium-Ionen-Akku f\u00fcr Edan SE-3, SE-301, SE-601, SE-1201, SE-12, der gem\u00e4\u00df den technischen Spezifikationen des Herstellers entwickelt wurde.","robots":{"index":"index","follow":"follow","max-snippet":"max-snippet:-1","max-image-preview":"max-image-preview:large","max-video-preview":"max-video-preview:-1"},"canonical":"https:\/\/swixed.ch\/de\/produkt\/sed14006\/","og_locale":"de_DE","og_type":"article","og_title":"Li-Ionen-Akku f\u00fcr EKG-Ger\u00e4t Edan SE-3 \/ SE-301 \/ SE-601 \/ SE-1201 \/ SE-12","og_description":"Ersatz-Lithium-Ionen-Akku f\u00fcr Edan SE-3, SE-301, SE-601, SE-1201, SE-12, der gem\u00e4\u00df den technischen Spezifikationen des Herstellers entwickelt wurde.","og_url":"https:\/\/swixed.ch\/de\/produkt\/sed14006\/","og_site_name":"Swixed SA","article_publisher":"https:\/\/www.facebook.com\/swixed","article_modified_time":"2026-02-02T21:29:08+00:00","og_image":[{"width":600,"height":600,"url":"https:\/\/swixed.ch\/wp-content\/uploads\/2026\/02\/SED14006-01.png","type":"image\/png"}],"twitter_card":"summary_large_image","twitter_misc":{"Gesch\u00e4tzte Lesezeit":"1\u00a0Minute"},"schema":{"@context":"https:\/\/schema.org","@graph":[{"@type":"WebPage","@id":"https:\/\/swixed.ch\/de\/produkt\/sed14006\/","url":"https:\/\/swixed.ch\/de\/produkt\/sed14006\/","name":"Li-Ionen-Akku f\u00fcr Edan kompatible EKG-Elektrokardiographen | Swixed SA","isPartOf":{"@id":"https:\/\/swixed.ch\/de\/#website"},"primaryImageOfPage":{"@id":"https:\/\/swixed.ch\/de\/produkt\/sed14006\/#primaryimage"},"image":{"@id":"https:\/\/swixed.ch\/de\/produkt\/sed14006\/#primaryimage"},"thumbnailUrl":"https:\/\/swixed.ch\/wp-content\/uploads\/2026\/02\/SED14006-01.png","datePublished":"2021-04-28T07:53:17+00:00","dateModified":"2026-02-02T21:29:08+00:00","description":"Ersatz-Lithium-Ionen-Akku f\u00fcr Edan SE-3, SE-301, SE-601, SE-1201, SE-12, der gem\u00e4\u00df den technischen Spezifikationen des Herstellers entwickelt wurde.","breadcrumb":{"@id":"https:\/\/swixed.ch\/de\/produkt\/sed14006\/#breadcrumb"},"inLanguage":"de","potentialAction":[{"@type":"ReadAction","target":["https:\/\/swixed.ch\/de\/produkt\/sed14006\/"]}]},{"@type":"ImageObject","inLanguage":"de","@id":"https:\/\/swixed.ch\/de\/produkt\/sed14006\/#primaryimage","url":"https:\/\/swixed.ch\/wp-content\/uploads\/2026\/02\/SED14006-01.png","contentUrl":"https:\/\/swixed.ch\/wp-content\/uploads\/2026\/02\/SED14006-01.png","width":600,"height":600,"caption":"SED14006"},{"@type":"BreadcrumbList","@id":"https:\/\/swixed.ch\/de\/produkt\/sed14006\/#breadcrumb","itemListElement":[{"@type":"ListItem","position":1,"name":"Startseite","item":"https:\/\/swixed.ch\/de\/home\/"},{"@type":"ListItem","position":2,"name":"Shop","item":"https:\/\/swixed.ch\/de\/shop\/"},{"@type":"ListItem","position":3,"name":"Li-Ionen-Akku f\u00fcr EKG-Ger\u00e4t Edan SE-3 \/ SE-301 \/ SE-601 \/ SE-1201 \/ SE-12"}]},{"@type":"WebSite","@id":"https:\/\/swixed.ch\/de\/#website","url":"https:\/\/swixed.ch\/de\/","name":"Swixed SA","description":"Elektronische Ger\u00e4te","publisher":{"@id":"https:\/\/swixed.ch\/de\/#organization"},"potentialAction":[{"@type":"SearchAction","target":{"@type":"EntryPoint","urlTemplate":"https:\/\/swixed.ch\/de\/?s={search_term_string}"},"query-input":{"@type":"PropertyValueSpecification","valueRequired":true,"valueName":"search_term_string"}}],"inLanguage":"de"},{"@type":"Organization","@id":"https:\/\/swixed.ch\/de\/#organization","name":"Swixed SA","url":"https:\/\/swixed.ch\/de\/","logo":{"@type":"ImageObject","inLanguage":"de","@id":"https:\/\/swixed.ch\/de\/#\/schema\/logo\/image\/","url":"https:\/\/swixed.ch\/wp-content\/uploads\/logos\/swixed-logo-lite.png","contentUrl":"https:\/\/swixed.ch\/wp-content\/uploads\/logos\/swixed-logo-lite.png","width":696,"height":696,"caption":"Swixed SA"},"image":{"@id":"https:\/\/swixed.ch\/de\/#\/schema\/logo\/image\/"},"sameAs":["https:\/\/www.facebook.com\/swixed","https:\/\/www.linkedin.com\/company\/swixed","https:\/\/www.youtube.com\/@swixedsa"],"description":"Swixed SA est une entreprise suisse bas\u00e9e \u00e0 Gen\u00e8ve, sp\u00e9cialis\u00e9e dans la vente, la location et la maintenance d\u2019appareils m\u00e9dicaux professionnels, tels que d\u00e9fibrillateurs AED, \u00e9lectrocardiographes, moniteurs patient et dispositifs de diagnostic.","email":"infoshop@swixed.ch","telephone":"+41 22 566 11 95","legalName":"Swixed SA","foundingDate":"2021-03-01","numberOfEmployees":{"@type":"QuantitativeValue","minValue":"1","maxValue":"10"}}]}},"_links":{"self":[{"href":"https:\/\/swixed.ch\/de\/wp-json\/wp\/v2\/product\/33476","targetHints":{"allow":["GET"]}}],"collection":[{"href":"https:\/\/swixed.ch\/de\/wp-json\/wp\/v2\/product"}],"about":[{"href":"https:\/\/swixed.ch\/de\/wp-json\/wp\/v2\/types\/product"}],"version-history":[{"count":0,"href":"https:\/\/swixed.ch\/de\/wp-json\/wp\/v2\/product\/33476\/revisions"}],"wp:featuredmedia":[{"embeddable":true,"href":"https:\/\/swixed.ch\/de\/wp-json\/wp\/v2\/media\/61710"}],"wp:attachment":[{"href":"https:\/\/swixed.ch\/de\/wp-json\/wp\/v2\/media?parent=33476"}],"wp:term":[{"taxonomy":"product_brand","embeddable":true,"href":"https:\/\/swixed.ch\/de\/wp-json\/wp\/v2\/product_brand?post=33476"},{"taxonomy":"product_cat","embeddable":true,"href":"https:\/\/swixed.ch\/de\/wp-json\/wp\/v2\/product_cat?post=33476"},{"taxonomy":"product_tag","embeddable":true,"href":"https:\/\/swixed.ch\/de\/wp-json\/wp\/v2\/product_tag?post=33476"}],"curies":[{"name":"wp","href":"https:\/\/api.w.org\/{rel}","templated":true}]}}