{"id":33506,"date":"2021-04-28T09:36:43","date_gmt":"2021-04-28T07:36:43","guid":{"rendered":"https:\/\/swixed.com\/produit\/ekg-kabel-mit-bananensteckern-4-mm-fuer-edan-se-301-se-3-se-601-se-1201-und-se-12\/"},"modified":"2026-02-04T22:27:18","modified_gmt":"2026-02-04T21:27:18","slug":"sed14005","status":"publish","type":"product","link":"https:\/\/swixed.ch\/de\/produkt\/sed14005\/","title":{"rendered":"Patientenkabel mit Bananensteckern f\u00fcr EKG-Ger\u00e4te Edan SE-3 \/ SE-301 \/ SE-601 \/ SE-1201 \/ SE-12"},"content":{"rendered":"\t\t<div data-elementor-type=\"product-post\" data-elementor-id=\"33506\" class=\"elementor elementor-33506 elementor-3302\" data-elementor-post-type=\"product\">\n\t\t\t\t<div class=\"elementor-element elementor-element-6620d36 e-con-full e-flex e-con e-parent\" data-id=\"6620d36\" data-element_type=\"container\" data-e-type=\"container\">\n\t\t<div class=\"elementor-element elementor-element-b306df7 e-con-full e-flex e-con e-child\" data-id=\"b306df7\" data-element_type=\"container\" data-e-type=\"container\">\n\t\t\t\t<div class=\"elementor-element elementor-element-bda5b74 elementor-widget elementor-widget-heading\" data-id=\"bda5b74\" data-element_type=\"widget\" data-e-type=\"widget\" data-widget_type=\"heading.default\">\n\t\t\t\t\t<h2 class=\"elementor-heading-title elementor-size-default\">Beschreibung<\/h2>\t\t\t\t<\/div>\n\t\t\t\t<div class=\"elementor-element elementor-element-653c10b elementor-widget elementor-widget-text-editor\" data-id=\"653c10b\" data-element_type=\"widget\" data-e-type=\"widget\" data-widget_type=\"text-editor.default\">\n\t\t\t\t\t\t\t\t\t<p>Dieses Patientenkabel mit Bananensteckern f\u00fcr EKG-Ger\u00e4te Edan SE-3 \/ SE-301 \/ SE-601 \/ SE-1201 \/ SE-12 dient als Verbindungszubeh\u00f6r f\u00fcr kompatible Elektrokardiographen. Es erm\u00f6glicht die zuverl\u00e4ssige Verbindung von Patientenelektroden mit dem EKG-Ger\u00e4t. Das Design ist f\u00fcr den regelm\u00e4\u00dfigen Gebrauch in strukturierten medizinischen Umgebungen geeignet.  <\/p><p>Wichtigste technische Merkmale :<\/p><ul><li>10-adriges EKG-Kabel<\/li><li>4 mm Bananenstecker<\/li><li>Kompatibilit\u00e4t mit mehreren Edan Elektrokardiographen<\/li><li>Flexibles Design f\u00fcr eine einfache Handhabung<\/li><li>Zubeh\u00f6r f\u00fcr den professionellen Gebrauch<\/li><li>Stabile \u00dcbertragung des EKG-Signals<\/li><\/ul><p><br>Daher passt dieses Kabel auf nat\u00fcrliche Weise in bestehende EKG-Ger\u00e4te. So erg\u00e4nzt es das Zubeh\u00f6r f\u00fcr Routineuntersuchungen, ohne die Funktion des Hauptger\u00e4tes zu beeintr\u00e4chtigen. <\/p>\t\t\t\t\t\t\t\t<\/div>\n\t\t\t\t<div class=\"elementor-element elementor-element-990e8a2 elementor-widget elementor-widget-heading\" data-id=\"990e8a2\" data-element_type=\"widget\" data-e-type=\"widget\" data-widget_type=\"heading.default\">\n\t\t\t\t\t<h2 class=\"elementor-heading-title elementor-size-default\">Nutzung, Einhaltung und Empfehlungen<\/h2>\t\t\t\t<\/div>\n\t\t\t\t<div class=\"elementor-element elementor-element-4017586 elementor-widget elementor-widget-text-editor\" data-id=\"4017586\" data-element_type=\"widget\" data-e-type=\"widget\" data-widget_type=\"text-editor.default\">\n\t\t\t\t\t\t\t\t\t<p>Dieses EKG-Patientenkabel ist f\u00fcr die Verwendung mit professionellen Elektrokardiographen gem\u00e4\u00df den in der Schweiz geltenden Praktiken bestimmt. Es wird ausschlie\u00dflich als technisches Verbindungszubeh\u00f6r verwendet und hat keine Funktion zur Analyse oder Interpretation der Daten. <\/p><p>In der Schweiz wird die Verwendung von medizinischen Ger\u00e4ten und Zubeh\u00f6r durch das Bundesamt f\u00fcr Gesundheit geregelt, das allgemeine Informationen \u00fcber ihre Verwendung ver\u00f6ffentlicht. Das Schweizerische Informationszentrum f\u00fcr technische Regeln stellt technische Ressourcen zur Verf\u00fcgung, die f\u00fcr Fachleute n\u00fctzlich sind. <br>\t\t<div data-elementor-type=\"widget\" data-elementor-id=\"60303\" class=\"elementor elementor-60303 elementor-60240 elementor-60240\" data-elementor-post-type=\"elementor_library\">\n\t\t\t\t\t\t<div class=\"elementor-element elementor-element-60240 elementor-widget elementor-widget-text-editor\" data-id=\"60240\" data-element_type=\"widget\" data-e-type=\"widget\" data-widget_type=\"text-editor.default\">\n\t\t\t\t\t\t\t\t\t<p>Weitere Informationen finden Sie unter :<\/p><ul><li><a href=\"https:\/\/www.bag.admin.ch\" target=\"_blank\" rel=\"noopener\">Bundesamt f\u00fcr Gesundheit (BAG)<\/a><\/li><li><a href=\"https:\/\/www.switec.info\" target=\"_blank\" rel=\"noopener\">Schweizerisches Informationszentrum f\u00fcr technische Regeln (Switec)<\/a><\/li><\/ul><p><br>Unsere Medizinprodukte haben einen autorisierten Vertreter in der Schweiz (CH-REP), gem\u00e4\u00df der geltenden schweizerischen Gesetzgebung f\u00fcr Medizinprodukte.<\/p>\t\t\t\t\t\t\t\t<\/div>\n\t\t\t\t<\/div>\n\t\t<\/p>\t\t\t\t\t\t\t\t<\/div>\n\t\t\t\t<div class=\"elementor-element elementor-element-4acf579 elementor-widget elementor-widget-heading\" data-id=\"4acf579\" data-element_type=\"widget\" data-e-type=\"widget\" data-widget_type=\"heading.default\">\n\t\t\t\t\t<h2 class=\"elementor-heading-title elementor-size-default\">Inhalt<\/h2>\t\t\t\t<\/div>\n\t\t\t\t<div class=\"elementor-element elementor-element-068fc1d elementor-widget elementor-widget-text-editor\" data-id=\"068fc1d\" data-element_type=\"widget\" data-e-type=\"widget\" data-widget_type=\"text-editor.default\">\n\t\t\t\t\t\t\t\t\t<p>Die Verpackung enth\u00e4lt nur die f\u00fcr den beabsichtigten Gebrauch notwendigen Elemente ohne zus\u00e4tzliches Zubeh\u00f6r.<\/p><p>Inhalt der Verpackung :<\/p><ul><li>Patientenkabel mit Bananensteckern f\u00fcr EKG-Ger\u00e4te Edan SE-3 \/ SE-301 \/ SE-601 \/ SE-1201 \/ SE-12<\/li><\/ul><p><br>Das Kabel ist ein zus\u00e4tzliches Zubeh\u00f6r f\u00fcr die kompatiblen Edan Elektrokardiographen und bietet ein einfaches und funktionelles Design, das den Bed\u00fcrfnissen professioneller medizinischer Umgebungen entspricht.<\/p>\t\t\t\t\t\t\t\t<\/div>\n\t\t\t\t<\/div>\n\t\t\t\t<\/div>\n\t\t\t\t<\/div>\n\t\t","protected":false},"excerpt":{"rendered":"<p>Das Patientenkabel mit Bananensteckern ist ein Zubeh\u00f6r, das f\u00fcr den Anschluss von EKG-kompatiblen Elektrokardiographen Edan SE-3 \/ SE-301 \/ SE-601 \/ SE-1201 \/ SE-12 entwickelt wurde. Es verf\u00fcgt \u00fcber 10 Dr\u00e4hte mit 4 mm Bananensteckern, die eine stabile \u00dcbertragung des EKG-Signals gew\u00e4hrleisten. Dank seines robusten und flexiblen Designs eignet er sich f\u00fcr den Einsatz in professionellen medizinischen Umgebungen. Dar\u00fcber hinaus erf\u00fcllt er die \u00fcblichen Anforderungen f\u00fcr die Verwendung bei Standard-EKG-Untersuchungen mit kompatiblen Edan-Ger\u00e4ten.   <\/p>\n","protected":false},"featured_media":61855,"template":"","meta":{"_acf_changed":false},"product_brand":[2085],"product_cat":[954,1199],"product_tag":[7828,7836,7827,7702,7811,4493,7826,6716,4500,7829],"class_list":{"0":"post-33506","1":"product","2":"type-product","3":"status-publish","4":"has-post-thumbnail","6":"product_brand-edan-de","7":"product_cat-elektrokardiographen","8":"product_cat-zubehor-belastungs","9":"product_tag-4-mm-bananenstecker","10":"product_tag-ekg-anschluss-3","11":"product_tag-ekg-anschluss-2","12":"product_tag-ekg-erfassung","13":"product_tag-ekg-ersatzteil","14":"product_tag-ekg-kabel","15":"product_tag-ekg-patientenkabel","16":"product_tag-ekg-wartung","17":"product_tag-ekg-zubehor-de","18":"product_tag-kompatibel-edan","20":"first","21":"instock","22":"taxable","23":"shipping-taxable","24":"purchasable","25":"product-type-simple"},"acf":[],"yoast_head":"<!-- This site is optimized with the Yoast SEO Premium plugin v27.4 (Yoast SEO v27.4) - https:\/\/yoast.com\/product\/yoast-seo-premium-wordpress\/ -->\n<title>Edan EKG-Patientenkabel mit Bananensteckern - 10 Adern<\/title>\n<meta name=\"description\" content=\"Edan EKG-Patientenkabel mit 4 mm Bananensteckern, 10-adrig. Zubeh\u00f6r, das mit mehreren Edan Elektrokardiographen f\u00fcr den professionellen Gebrauch kompatibel ist.\" \/>\n<meta name=\"robots\" content=\"index, follow, max-snippet:-1, max-image-preview:large, max-video-preview:-1\" \/>\n<link rel=\"canonical\" href=\"https:\/\/swixed.ch\/de\/produkt\/sed14005\/\" \/>\n<meta property=\"og:locale\" content=\"de_DE\" \/>\n<meta property=\"og:type\" content=\"article\" \/>\n<meta property=\"og:title\" content=\"Patientenkabel mit Bananensteckern f\u00fcr EKG-Ger\u00e4te Edan SE-3 \/ SE-301 \/ SE-601 \/ SE-1201 \/ SE-12\" \/>\n<meta property=\"og:description\" content=\"Edan EKG-Patientenkabel mit 4 mm Bananensteckern, 10-adrig. Zubeh\u00f6r, das mit mehreren Edan Elektrokardiographen f\u00fcr den professionellen Gebrauch kompatibel ist.\" \/>\n<meta property=\"og:url\" content=\"https:\/\/swixed.ch\/de\/produkt\/sed14005\/\" \/>\n<meta property=\"og:site_name\" content=\"Swixed SA\" \/>\n<meta property=\"article:publisher\" content=\"https:\/\/www.facebook.com\/swixed\" \/>\n<meta property=\"article:modified_time\" content=\"2026-02-04T21:27:18+00:00\" \/>\n<meta property=\"og:image\" content=\"https:\/\/swixed.ch\/wp-content\/uploads\/2026\/02\/SED14005-01.png\" \/>\n\t<meta property=\"og:image:width\" content=\"600\" \/>\n\t<meta property=\"og:image:height\" content=\"600\" \/>\n\t<meta property=\"og:image:type\" content=\"image\/png\" \/>\n<meta name=\"twitter:card\" content=\"summary_large_image\" \/>\n<meta name=\"twitter:label1\" content=\"Gesch\u00e4tzte Lesezeit\" \/>\n\t<meta name=\"twitter:data1\" content=\"1\u00a0Minute\" \/>\n<script type=\"application\/ld+json\" class=\"yoast-schema-graph\">{\"@context\":\"https:\\\/\\\/schema.org\",\"@graph\":[{\"@type\":\"WebPage\",\"@id\":\"https:\\\/\\\/swixed.ch\\\/de\\\/produkt\\\/sed14005\\\/\",\"url\":\"https:\\\/\\\/swixed.ch\\\/de\\\/produkt\\\/sed14005\\\/\",\"name\":\"Edan EKG-Patientenkabel mit Bananensteckern - 10 Adern\",\"isPartOf\":{\"@id\":\"https:\\\/\\\/swixed.ch\\\/de\\\/#website\"},\"primaryImageOfPage\":{\"@id\":\"https:\\\/\\\/swixed.ch\\\/de\\\/produkt\\\/sed14005\\\/#primaryimage\"},\"image\":{\"@id\":\"https:\\\/\\\/swixed.ch\\\/de\\\/produkt\\\/sed14005\\\/#primaryimage\"},\"thumbnailUrl\":\"https:\\\/\\\/swixed.ch\\\/wp-content\\\/uploads\\\/2026\\\/02\\\/SED14005-01.png\",\"datePublished\":\"2021-04-28T07:36:43+00:00\",\"dateModified\":\"2026-02-04T21:27:18+00:00\",\"description\":\"Edan EKG-Patientenkabel mit 4 mm Bananensteckern, 10-adrig. Zubeh\u00f6r, das mit mehreren Edan Elektrokardiographen f\u00fcr den professionellen Gebrauch kompatibel ist.\",\"breadcrumb\":{\"@id\":\"https:\\\/\\\/swixed.ch\\\/de\\\/produkt\\\/sed14005\\\/#breadcrumb\"},\"inLanguage\":\"de\",\"potentialAction\":[{\"@type\":\"ReadAction\",\"target\":[\"https:\\\/\\\/swixed.ch\\\/de\\\/produkt\\\/sed14005\\\/\"]}]},{\"@type\":\"ImageObject\",\"inLanguage\":\"de\",\"@id\":\"https:\\\/\\\/swixed.ch\\\/de\\\/produkt\\\/sed14005\\\/#primaryimage\",\"url\":\"https:\\\/\\\/swixed.ch\\\/wp-content\\\/uploads\\\/2026\\\/02\\\/SED14005-01.png\",\"contentUrl\":\"https:\\\/\\\/swixed.ch\\\/wp-content\\\/uploads\\\/2026\\\/02\\\/SED14005-01.png\",\"width\":600,\"height\":600,\"caption\":\"SED14005\"},{\"@type\":\"BreadcrumbList\",\"@id\":\"https:\\\/\\\/swixed.ch\\\/de\\\/produkt\\\/sed14005\\\/#breadcrumb\",\"itemListElement\":[{\"@type\":\"ListItem\",\"position\":1,\"name\":\"Startseite\",\"item\":\"https:\\\/\\\/swixed.ch\\\/de\\\/home\\\/\"},{\"@type\":\"ListItem\",\"position\":2,\"name\":\"Shop\",\"item\":\"https:\\\/\\\/swixed.ch\\\/de\\\/shop\\\/\"},{\"@type\":\"ListItem\",\"position\":3,\"name\":\"Patientenkabel mit Bananensteckern f\u00fcr EKG-Ger\u00e4te Edan SE-3 \\\/ SE-301 \\\/ SE-601 \\\/ SE-1201 \\\/ SE-12\"}]},{\"@type\":\"WebSite\",\"@id\":\"https:\\\/\\\/swixed.ch\\\/de\\\/#website\",\"url\":\"https:\\\/\\\/swixed.ch\\\/de\\\/\",\"name\":\"Swixed SA\",\"description\":\"Elektronische Ger\u00e4te\",\"publisher\":{\"@id\":\"https:\\\/\\\/swixed.ch\\\/de\\\/#organization\"},\"potentialAction\":[{\"@type\":\"SearchAction\",\"target\":{\"@type\":\"EntryPoint\",\"urlTemplate\":\"https:\\\/\\\/swixed.ch\\\/de\\\/?s={search_term_string}\"},\"query-input\":{\"@type\":\"PropertyValueSpecification\",\"valueRequired\":true,\"valueName\":\"search_term_string\"}}],\"inLanguage\":\"de\"},{\"@type\":\"Organization\",\"@id\":\"https:\\\/\\\/swixed.ch\\\/de\\\/#organization\",\"name\":\"Swixed SA\",\"url\":\"https:\\\/\\\/swixed.ch\\\/de\\\/\",\"logo\":{\"@type\":\"ImageObject\",\"inLanguage\":\"de\",\"@id\":\"https:\\\/\\\/swixed.ch\\\/de\\\/#\\\/schema\\\/logo\\\/image\\\/\",\"url\":\"https:\\\/\\\/swixed.ch\\\/wp-content\\\/uploads\\\/logos\\\/swixed-logo-lite.png\",\"contentUrl\":\"https:\\\/\\\/swixed.ch\\\/wp-content\\\/uploads\\\/logos\\\/swixed-logo-lite.png\",\"width\":696,\"height\":696,\"caption\":\"Swixed SA\"},\"image\":{\"@id\":\"https:\\\/\\\/swixed.ch\\\/de\\\/#\\\/schema\\\/logo\\\/image\\\/\"},\"sameAs\":[\"https:\\\/\\\/www.facebook.com\\\/swixed\",\"https:\\\/\\\/www.linkedin.com\\\/company\\\/swixed\",\"https:\\\/\\\/www.youtube.com\\\/@swixedsa\"],\"description\":\"Swixed SA est une entreprise suisse bas\u00e9e \u00e0 Gen\u00e8ve, sp\u00e9cialis\u00e9e dans la vente, la location et la maintenance d\u2019appareils m\u00e9dicaux professionnels, tels que d\u00e9fibrillateurs AED, \u00e9lectrocardiographes, moniteurs patient et dispositifs de diagnostic.\",\"email\":\"infoshop@swixed.ch\",\"telephone\":\"+41 22 566 11 95\",\"legalName\":\"Swixed SA\",\"foundingDate\":\"2021-03-01\",\"numberOfEmployees\":{\"@type\":\"QuantitativeValue\",\"minValue\":\"1\",\"maxValue\":\"10\"}}]}<\/script>\n<!-- \/ Yoast SEO Premium plugin. -->","yoast_head_json":{"title":"Edan EKG-Patientenkabel mit Bananensteckern - 10 Adern","description":"Edan EKG-Patientenkabel mit 4 mm Bananensteckern, 10-adrig. Zubeh\u00f6r, das mit mehreren Edan Elektrokardiographen f\u00fcr den professionellen Gebrauch kompatibel ist.","robots":{"index":"index","follow":"follow","max-snippet":"max-snippet:-1","max-image-preview":"max-image-preview:large","max-video-preview":"max-video-preview:-1"},"canonical":"https:\/\/swixed.ch\/de\/produkt\/sed14005\/","og_locale":"de_DE","og_type":"article","og_title":"Patientenkabel mit Bananensteckern f\u00fcr EKG-Ger\u00e4te Edan SE-3 \/ SE-301 \/ SE-601 \/ SE-1201 \/ SE-12","og_description":"Edan EKG-Patientenkabel mit 4 mm Bananensteckern, 10-adrig. Zubeh\u00f6r, das mit mehreren Edan Elektrokardiographen f\u00fcr den professionellen Gebrauch kompatibel ist.","og_url":"https:\/\/swixed.ch\/de\/produkt\/sed14005\/","og_site_name":"Swixed SA","article_publisher":"https:\/\/www.facebook.com\/swixed","article_modified_time":"2026-02-04T21:27:18+00:00","og_image":[{"width":600,"height":600,"url":"https:\/\/swixed.ch\/wp-content\/uploads\/2026\/02\/SED14005-01.png","type":"image\/png"}],"twitter_card":"summary_large_image","twitter_misc":{"Gesch\u00e4tzte Lesezeit":"1\u00a0Minute"},"schema":{"@context":"https:\/\/schema.org","@graph":[{"@type":"WebPage","@id":"https:\/\/swixed.ch\/de\/produkt\/sed14005\/","url":"https:\/\/swixed.ch\/de\/produkt\/sed14005\/","name":"Edan EKG-Patientenkabel mit Bananensteckern - 10 Adern","isPartOf":{"@id":"https:\/\/swixed.ch\/de\/#website"},"primaryImageOfPage":{"@id":"https:\/\/swixed.ch\/de\/produkt\/sed14005\/#primaryimage"},"image":{"@id":"https:\/\/swixed.ch\/de\/produkt\/sed14005\/#primaryimage"},"thumbnailUrl":"https:\/\/swixed.ch\/wp-content\/uploads\/2026\/02\/SED14005-01.png","datePublished":"2021-04-28T07:36:43+00:00","dateModified":"2026-02-04T21:27:18+00:00","description":"Edan EKG-Patientenkabel mit 4 mm Bananensteckern, 10-adrig. Zubeh\u00f6r, das mit mehreren Edan Elektrokardiographen f\u00fcr den professionellen Gebrauch kompatibel ist.","breadcrumb":{"@id":"https:\/\/swixed.ch\/de\/produkt\/sed14005\/#breadcrumb"},"inLanguage":"de","potentialAction":[{"@type":"ReadAction","target":["https:\/\/swixed.ch\/de\/produkt\/sed14005\/"]}]},{"@type":"ImageObject","inLanguage":"de","@id":"https:\/\/swixed.ch\/de\/produkt\/sed14005\/#primaryimage","url":"https:\/\/swixed.ch\/wp-content\/uploads\/2026\/02\/SED14005-01.png","contentUrl":"https:\/\/swixed.ch\/wp-content\/uploads\/2026\/02\/SED14005-01.png","width":600,"height":600,"caption":"SED14005"},{"@type":"BreadcrumbList","@id":"https:\/\/swixed.ch\/de\/produkt\/sed14005\/#breadcrumb","itemListElement":[{"@type":"ListItem","position":1,"name":"Startseite","item":"https:\/\/swixed.ch\/de\/home\/"},{"@type":"ListItem","position":2,"name":"Shop","item":"https:\/\/swixed.ch\/de\/shop\/"},{"@type":"ListItem","position":3,"name":"Patientenkabel mit Bananensteckern f\u00fcr EKG-Ger\u00e4te Edan SE-3 \/ SE-301 \/ SE-601 \/ SE-1201 \/ SE-12"}]},{"@type":"WebSite","@id":"https:\/\/swixed.ch\/de\/#website","url":"https:\/\/swixed.ch\/de\/","name":"Swixed SA","description":"Elektronische Ger\u00e4te","publisher":{"@id":"https:\/\/swixed.ch\/de\/#organization"},"potentialAction":[{"@type":"SearchAction","target":{"@type":"EntryPoint","urlTemplate":"https:\/\/swixed.ch\/de\/?s={search_term_string}"},"query-input":{"@type":"PropertyValueSpecification","valueRequired":true,"valueName":"search_term_string"}}],"inLanguage":"de"},{"@type":"Organization","@id":"https:\/\/swixed.ch\/de\/#organization","name":"Swixed SA","url":"https:\/\/swixed.ch\/de\/","logo":{"@type":"ImageObject","inLanguage":"de","@id":"https:\/\/swixed.ch\/de\/#\/schema\/logo\/image\/","url":"https:\/\/swixed.ch\/wp-content\/uploads\/logos\/swixed-logo-lite.png","contentUrl":"https:\/\/swixed.ch\/wp-content\/uploads\/logos\/swixed-logo-lite.png","width":696,"height":696,"caption":"Swixed SA"},"image":{"@id":"https:\/\/swixed.ch\/de\/#\/schema\/logo\/image\/"},"sameAs":["https:\/\/www.facebook.com\/swixed","https:\/\/www.linkedin.com\/company\/swixed","https:\/\/www.youtube.com\/@swixedsa"],"description":"Swixed SA est une entreprise suisse bas\u00e9e \u00e0 Gen\u00e8ve, sp\u00e9cialis\u00e9e dans la vente, la location et la maintenance d\u2019appareils m\u00e9dicaux professionnels, tels que d\u00e9fibrillateurs AED, \u00e9lectrocardiographes, moniteurs patient et dispositifs de diagnostic.","email":"infoshop@swixed.ch","telephone":"+41 22 566 11 95","legalName":"Swixed SA","foundingDate":"2021-03-01","numberOfEmployees":{"@type":"QuantitativeValue","minValue":"1","maxValue":"10"}}]}},"_links":{"self":[{"href":"https:\/\/swixed.ch\/de\/wp-json\/wp\/v2\/product\/33506","targetHints":{"allow":["GET"]}}],"collection":[{"href":"https:\/\/swixed.ch\/de\/wp-json\/wp\/v2\/product"}],"about":[{"href":"https:\/\/swixed.ch\/de\/wp-json\/wp\/v2\/types\/product"}],"version-history":[{"count":0,"href":"https:\/\/swixed.ch\/de\/wp-json\/wp\/v2\/product\/33506\/revisions"}],"wp:featuredmedia":[{"embeddable":true,"href":"https:\/\/swixed.ch\/de\/wp-json\/wp\/v2\/media\/61855"}],"wp:attachment":[{"href":"https:\/\/swixed.ch\/de\/wp-json\/wp\/v2\/media?parent=33506"}],"wp:term":[{"taxonomy":"product_brand","embeddable":true,"href":"https:\/\/swixed.ch\/de\/wp-json\/wp\/v2\/product_brand?post=33506"},{"taxonomy":"product_cat","embeddable":true,"href":"https:\/\/swixed.ch\/de\/wp-json\/wp\/v2\/product_cat?post=33506"},{"taxonomy":"product_tag","embeddable":true,"href":"https:\/\/swixed.ch\/de\/wp-json\/wp\/v2\/product_tag?post=33506"}],"curies":[{"name":"wp","href":"https:\/\/api.w.org\/{rel}","templated":true}]}}