{"id":33554,"date":"2021-04-28T10:27:42","date_gmt":"2021-04-28T08:27:42","guid":{"rendered":"https:\/\/swixed.com\/produit\/tragetasche-fuer-edan-se-1201-f2-und-f3-ekg-geraete\/"},"modified":"2026-02-05T07:20:46","modified_gmt":"2026-02-05T06:20:46","slug":"sed14008","status":"publish","type":"product","link":"https:\/\/swixed.ch\/de\/produkt\/sed14008\/","title":{"rendered":"Transporttasche f\u00fcr Edan SE-1201 \/ F2 \/ F3"},"content":{"rendered":"\t\t<div data-elementor-type=\"product-post\" data-elementor-id=\"33554\" class=\"elementor elementor-33554 elementor-3321\" data-elementor-post-type=\"product\">\n\t\t\t\t<div class=\"elementor-element elementor-element-4a8897d e-con-full e-flex e-con e-parent\" data-id=\"4a8897d\" data-element_type=\"container\" data-e-type=\"container\">\n\t\t<div class=\"elementor-element elementor-element-a97e459 e-con-full e-flex e-con e-child\" data-id=\"a97e459\" data-element_type=\"container\" data-e-type=\"container\">\n\t\t\t\t<div class=\"elementor-element elementor-element-abd851c elementor-widget elementor-widget-heading\" data-id=\"abd851c\" data-element_type=\"widget\" data-e-type=\"widget\" data-widget_type=\"heading.default\">\n\t\t\t\t\t<h2 class=\"elementor-heading-title elementor-size-default\">Beschreibung<\/h2>\t\t\t\t<\/div>\n\t\t\t\t<div class=\"elementor-element elementor-element-2fac695 elementor-widget elementor-widget-text-editor\" data-id=\"2fac695\" data-element_type=\"widget\" data-e-type=\"widget\" data-widget_type=\"text-editor.default\">\n\t\t\t\t\t\t\t\t\t<p>Die Edan Transporttasche erm\u00f6glicht es Ihnen, verschiedene Ger\u00e4te der Marke Edan in einem professionellen Umfeld zu transportieren und aufzubewahren. Sie eignet sich sowohl f\u00fcr den Elektrokardiographen Edan SE-1201 als auch f\u00fcr die Kardiotokographen Edan F2 und F3. Dar\u00fcber hinaus ist sie so konzipiert, dass sie einfach zu bedienen ist und auf Reisen von au\u00dfen gesch\u00fctzt wird. Das kompakte Format erleichtert die t\u00e4gliche Handhabung ohne unn\u00f6tiges Volumen.   <\/p><p>Hauptmerkmale :<\/p><ul><li>Kompatibilit\u00e4t mit Edan SE-1201 EKG-Ger\u00e4t<\/li><li>Kompatibilit\u00e4t mit dem Kardiotokograph Edan F2<\/li><li>Kompatibilit\u00e4t mit dem Kardiotokograph Edan F3<\/li><li>Clipverschluss f\u00fcr sicheren Halt<\/li><li>Integrierter Griff f\u00fcr manuellen Transport<\/li><li>Verstellbarer Schulterriemen mit Klettverschluss<\/li><\/ul>\t\t\t\t\t\t\t\t<\/div>\n\t\t\t\t<div class=\"elementor-element elementor-element-63b3af3 elementor-widget elementor-widget-heading\" data-id=\"63b3af3\" data-element_type=\"widget\" data-e-type=\"widget\" data-widget_type=\"heading.default\">\n\t\t\t\t\t<h2 class=\"elementor-heading-title elementor-size-default\">Nutzung, Einhaltung und Empfehlungen<\/h2>\t\t\t\t<\/div>\n\t\t\t\t<div class=\"elementor-element elementor-element-ce255ec elementor-widget elementor-widget-text-editor\" data-id=\"ce255ec\" data-element_type=\"widget\" data-e-type=\"widget\" data-widget_type=\"text-editor.default\">\n\t\t\t\t\t\t\t\t\t<p>Die Tragetasche f\u00fcr Edan SE-1201 \/ F2 \/ F3 wird in erster Linie als Zubeh\u00f6r f\u00fcr den Transport und die Aufbewahrung von medizinischen Ger\u00e4ten verwendet. Sie enth\u00e4lt jedoch keine aktiven Komponenten und ist kein eigenst\u00e4ndiges medizinisches Ger\u00e4t. Ihre Verwendung ist daher auf eine logistische und organisatorische Funktion beschr\u00e4nkt.  <\/p><p>Die Verwendung dieser Art von Zubeh\u00f6r ist jedoch Teil eines regulierten Umfelds, das mit medizinischen Ger\u00e4ten verbunden ist. Die allgemeinen Referenzinformationen f\u00fcr die Schweiz werden vom Bundesamt f\u00fcr Gesundheit (BAG) und vom Schweizerischen Informationszentrum f\u00fcr technische Regeln (Switec) ver\u00f6ffentlicht. Diese Stellen stellen die rechtlichen Rahmenbedingungen f\u00fcr medizinische Ger\u00e4te und Zubeh\u00f6r zur Verf\u00fcgung.  <br>\t\t<div data-elementor-type=\"widget\" data-elementor-id=\"60303\" class=\"elementor elementor-60303 elementor-60240 elementor-60240\" data-elementor-post-type=\"elementor_library\">\n\t\t\t\t\t\t<div class=\"elementor-element elementor-element-60240 elementor-widget elementor-widget-text-editor\" data-id=\"60240\" data-element_type=\"widget\" data-e-type=\"widget\" data-widget_type=\"text-editor.default\">\n\t\t\t\t\t\t\t\t\t<p>Weitere Informationen finden Sie unter :<\/p><ul><li><a href=\"https:\/\/www.bag.admin.ch\" target=\"_blank\" rel=\"noopener\">Bundesamt f\u00fcr Gesundheit (BAG)<\/a><\/li><li><a href=\"https:\/\/www.switec.info\" target=\"_blank\" rel=\"noopener\">Schweizerisches Informationszentrum f\u00fcr technische Regeln (Switec)<\/a><\/li><\/ul><p><br>Unsere Medizinprodukte haben einen autorisierten Vertreter in der Schweiz (CH-REP), gem\u00e4\u00df der geltenden schweizerischen Gesetzgebung f\u00fcr Medizinprodukte.<\/p>\t\t\t\t\t\t\t\t<\/div>\n\t\t\t\t<\/div>\n\t\t<\/p>\t\t\t\t\t\t\t\t<\/div>\n\t\t\t\t<div class=\"elementor-element elementor-element-2117f30 elementor-widget elementor-widget-heading\" data-id=\"2117f30\" data-element_type=\"widget\" data-e-type=\"widget\" data-widget_type=\"heading.default\">\n\t\t\t\t\t<h2 class=\"elementor-heading-title elementor-size-default\">Inhalt<\/h2>\t\t\t\t<\/div>\n\t\t\t\t<div class=\"elementor-element elementor-element-9e7ea5c elementor-widget elementor-widget-text-editor\" data-id=\"9e7ea5c\" data-element_type=\"widget\" data-e-type=\"widget\" data-widget_type=\"text-editor.default\">\n\t\t\t\t\t\t\t\t\t<p>Diese Tasche ist ein Transportzubeh\u00f6r, das ausschlie\u00dflich f\u00fcr kompatible Edan-Ger\u00e4te bestimmt ist. Sie dient lediglich der Aufbewahrung und dem mechanischen Schutz w\u00e4hrend des Transports oder der Lagerung und hat keine zus\u00e4tzliche Funktion. <\/p><p>Inhalt der Verpackung :<\/p><ul><li>1 Transporttasche f\u00fcr Edan SE-1201 \/ F2 \/ F3<\/li><li>1 integrierter und verstellbarer Schulterriemen<\/li><\/ul>\t\t\t\t\t\t\t\t<\/div>\n\t\t\t\t<\/div>\n\t\t\t\t<\/div>\n\t\t\t\t<\/div>\n\t\t","protected":false},"excerpt":{"rendered":"<p>Die Edan Transporttasche wurde f\u00fcr den Transport und die Aufbewahrung der Edan SE-1201, F2 und F3 entwickelt. Sie verf\u00fcgt \u00fcber einen Clipverschluss, einen integrierten Griff und einen verstellbaren Schultergurt mit Klettverschluss. Das kompakte Format erleichtert die Handhabung und den Transport der Ausr\u00fcstung in einem professionellen Umfeld. Sie ist ein geeignetes Zubeh\u00f6r f\u00fcr die Aufbewahrung und den Transport kompatibler Edan-Ausr\u00fcstungen.   <\/p>\n","protected":false},"featured_media":62078,"template":"","meta":{"_acf_changed":false},"product_brand":[2085],"product_cat":[954,1133,1199,1251],"product_tag":[7861,7860,7829,3769,7865,7859,3417,7862,7863,7864],"class_list":{"0":"post-33554","1":"product","2":"type-product","3":"status-publish","4":"has-post-thumbnail","6":"product_brand-edan-de","7":"product_cat-elektrokardiographen","8":"product_cat-kardiotokographen","9":"product_cat-zubehor-belastungs","10":"product_cat-zubehor-kardiotokographen","11":"product_tag-ctg-transporttasche","12":"product_tag-ekg-transporttasche","13":"product_tag-kompatibel-edan","14":"product_tag-medizinische-ausrustung","15":"product_tag-medizinische-logistik","16":"product_tag-medizinische-transporttasche","17":"product_tag-medizinisches-zubehor","18":"product_tag-schutz-von-medizinischen-geraten","19":"product_tag-transport-von-medizinischer-ausrustung","20":"product_tag-transporttasche-2","22":"first","23":"instock","24":"taxable","25":"shipping-taxable","26":"purchasable","27":"product-type-simple"},"acf":[],"yoast_head":"<!-- This site is optimized with the Yoast SEO Premium plugin v27.4 (Yoast SEO v27.4) - https:\/\/yoast.com\/product\/yoast-seo-premium-wordpress\/ -->\n<title>Tragetasche f\u00fcr Edan SE-1201 \/ F2 \/ F3 | Swixed SA<\/title>\n<meta name=\"description\" content=\"Transporttasche kompatibel mit Edan SE-1201, F2 und F3. Kompaktes Format, sicherer Verschluss, integrierter Schultergurt und Tragegriff.\" \/>\n<meta name=\"robots\" content=\"index, follow, max-snippet:-1, max-image-preview:large, max-video-preview:-1\" \/>\n<link rel=\"canonical\" href=\"https:\/\/swixed.ch\/de\/produkt\/sed14008\/\" \/>\n<meta property=\"og:locale\" content=\"de_DE\" \/>\n<meta property=\"og:type\" content=\"article\" \/>\n<meta property=\"og:title\" content=\"Transporttasche f\u00fcr Edan SE-1201 \/ F2 \/ F3\" \/>\n<meta property=\"og:description\" content=\"Transporttasche kompatibel mit Edan SE-1201, F2 und F3. Kompaktes Format, sicherer Verschluss, integrierter Schultergurt und Tragegriff.\" \/>\n<meta property=\"og:url\" content=\"https:\/\/swixed.ch\/de\/produkt\/sed14008\/\" \/>\n<meta property=\"og:site_name\" content=\"Swixed SA\" \/>\n<meta property=\"article:publisher\" content=\"https:\/\/www.facebook.com\/swixed\" \/>\n<meta property=\"article:modified_time\" content=\"2026-02-05T06:20:46+00:00\" \/>\n<meta property=\"og:image\" content=\"https:\/\/swixed.ch\/wp-content\/uploads\/2026\/02\/SED14008-01.png\" \/>\n\t<meta property=\"og:image:width\" content=\"600\" \/>\n\t<meta property=\"og:image:height\" content=\"600\" \/>\n\t<meta property=\"og:image:type\" content=\"image\/png\" \/>\n<meta name=\"twitter:card\" content=\"summary_large_image\" \/>\n<meta name=\"twitter:label1\" content=\"Gesch\u00e4tzte Lesezeit\" \/>\n\t<meta name=\"twitter:data1\" content=\"1\u00a0Minute\" \/>\n<script type=\"application\/ld+json\" class=\"yoast-schema-graph\">{\"@context\":\"https:\\\/\\\/schema.org\",\"@graph\":[{\"@type\":\"WebPage\",\"@id\":\"https:\\\/\\\/swixed.ch\\\/de\\\/produkt\\\/sed14008\\\/\",\"url\":\"https:\\\/\\\/swixed.ch\\\/de\\\/produkt\\\/sed14008\\\/\",\"name\":\"Tragetasche f\u00fcr Edan SE-1201 \\\/ F2 \\\/ F3 | Swixed SA\",\"isPartOf\":{\"@id\":\"https:\\\/\\\/swixed.ch\\\/de\\\/#website\"},\"primaryImageOfPage\":{\"@id\":\"https:\\\/\\\/swixed.ch\\\/de\\\/produkt\\\/sed14008\\\/#primaryimage\"},\"image\":{\"@id\":\"https:\\\/\\\/swixed.ch\\\/de\\\/produkt\\\/sed14008\\\/#primaryimage\"},\"thumbnailUrl\":\"https:\\\/\\\/swixed.ch\\\/wp-content\\\/uploads\\\/2026\\\/02\\\/SED14008-01.png\",\"datePublished\":\"2021-04-28T08:27:42+00:00\",\"dateModified\":\"2026-02-05T06:20:46+00:00\",\"description\":\"Transporttasche kompatibel mit Edan SE-1201, F2 und F3. Kompaktes Format, sicherer Verschluss, integrierter Schultergurt und Tragegriff.\",\"breadcrumb\":{\"@id\":\"https:\\\/\\\/swixed.ch\\\/de\\\/produkt\\\/sed14008\\\/#breadcrumb\"},\"inLanguage\":\"de\",\"potentialAction\":[{\"@type\":\"ReadAction\",\"target\":[\"https:\\\/\\\/swixed.ch\\\/de\\\/produkt\\\/sed14008\\\/\"]}]},{\"@type\":\"ImageObject\",\"inLanguage\":\"de\",\"@id\":\"https:\\\/\\\/swixed.ch\\\/de\\\/produkt\\\/sed14008\\\/#primaryimage\",\"url\":\"https:\\\/\\\/swixed.ch\\\/wp-content\\\/uploads\\\/2026\\\/02\\\/SED14008-01.png\",\"contentUrl\":\"https:\\\/\\\/swixed.ch\\\/wp-content\\\/uploads\\\/2026\\\/02\\\/SED14008-01.png\",\"width\":600,\"height\":600,\"caption\":\"SED14008\"},{\"@type\":\"BreadcrumbList\",\"@id\":\"https:\\\/\\\/swixed.ch\\\/de\\\/produkt\\\/sed14008\\\/#breadcrumb\",\"itemListElement\":[{\"@type\":\"ListItem\",\"position\":1,\"name\":\"Startseite\",\"item\":\"https:\\\/\\\/swixed.ch\\\/de\\\/home\\\/\"},{\"@type\":\"ListItem\",\"position\":2,\"name\":\"Shop\",\"item\":\"https:\\\/\\\/swixed.ch\\\/de\\\/shop\\\/\"},{\"@type\":\"ListItem\",\"position\":3,\"name\":\"Transporttasche f\u00fcr Edan SE-1201 \\\/ F2 \\\/ F3\"}]},{\"@type\":\"WebSite\",\"@id\":\"https:\\\/\\\/swixed.ch\\\/de\\\/#website\",\"url\":\"https:\\\/\\\/swixed.ch\\\/de\\\/\",\"name\":\"Swixed SA\",\"description\":\"Elektronische Ger\u00e4te\",\"publisher\":{\"@id\":\"https:\\\/\\\/swixed.ch\\\/de\\\/#organization\"},\"potentialAction\":[{\"@type\":\"SearchAction\",\"target\":{\"@type\":\"EntryPoint\",\"urlTemplate\":\"https:\\\/\\\/swixed.ch\\\/de\\\/?s={search_term_string}\"},\"query-input\":{\"@type\":\"PropertyValueSpecification\",\"valueRequired\":true,\"valueName\":\"search_term_string\"}}],\"inLanguage\":\"de\"},{\"@type\":\"Organization\",\"@id\":\"https:\\\/\\\/swixed.ch\\\/de\\\/#organization\",\"name\":\"Swixed SA\",\"url\":\"https:\\\/\\\/swixed.ch\\\/de\\\/\",\"logo\":{\"@type\":\"ImageObject\",\"inLanguage\":\"de\",\"@id\":\"https:\\\/\\\/swixed.ch\\\/de\\\/#\\\/schema\\\/logo\\\/image\\\/\",\"url\":\"https:\\\/\\\/swixed.ch\\\/wp-content\\\/uploads\\\/logos\\\/swixed-logo-lite.png\",\"contentUrl\":\"https:\\\/\\\/swixed.ch\\\/wp-content\\\/uploads\\\/logos\\\/swixed-logo-lite.png\",\"width\":696,\"height\":696,\"caption\":\"Swixed SA\"},\"image\":{\"@id\":\"https:\\\/\\\/swixed.ch\\\/de\\\/#\\\/schema\\\/logo\\\/image\\\/\"},\"sameAs\":[\"https:\\\/\\\/www.facebook.com\\\/swixed\",\"https:\\\/\\\/www.linkedin.com\\\/company\\\/swixed\",\"https:\\\/\\\/www.youtube.com\\\/@swixedsa\"],\"description\":\"Swixed SA est une entreprise suisse bas\u00e9e \u00e0 Gen\u00e8ve, sp\u00e9cialis\u00e9e dans la vente, la location et la maintenance d\u2019appareils m\u00e9dicaux professionnels, tels que d\u00e9fibrillateurs AED, \u00e9lectrocardiographes, moniteurs patient et dispositifs de diagnostic.\",\"email\":\"infoshop@swixed.ch\",\"telephone\":\"+41 22 566 11 95\",\"legalName\":\"Swixed SA\",\"foundingDate\":\"2021-03-01\",\"numberOfEmployees\":{\"@type\":\"QuantitativeValue\",\"minValue\":\"1\",\"maxValue\":\"10\"}}]}<\/script>\n<!-- \/ Yoast SEO Premium plugin. -->","yoast_head_json":{"title":"Tragetasche f\u00fcr Edan SE-1201 \/ F2 \/ F3 | Swixed SA","description":"Transporttasche kompatibel mit Edan SE-1201, F2 und F3. Kompaktes Format, sicherer Verschluss, integrierter Schultergurt und Tragegriff.","robots":{"index":"index","follow":"follow","max-snippet":"max-snippet:-1","max-image-preview":"max-image-preview:large","max-video-preview":"max-video-preview:-1"},"canonical":"https:\/\/swixed.ch\/de\/produkt\/sed14008\/","og_locale":"de_DE","og_type":"article","og_title":"Transporttasche f\u00fcr Edan SE-1201 \/ F2 \/ F3","og_description":"Transporttasche kompatibel mit Edan SE-1201, F2 und F3. Kompaktes Format, sicherer Verschluss, integrierter Schultergurt und Tragegriff.","og_url":"https:\/\/swixed.ch\/de\/produkt\/sed14008\/","og_site_name":"Swixed SA","article_publisher":"https:\/\/www.facebook.com\/swixed","article_modified_time":"2026-02-05T06:20:46+00:00","og_image":[{"width":600,"height":600,"url":"https:\/\/swixed.ch\/wp-content\/uploads\/2026\/02\/SED14008-01.png","type":"image\/png"}],"twitter_card":"summary_large_image","twitter_misc":{"Gesch\u00e4tzte Lesezeit":"1\u00a0Minute"},"schema":{"@context":"https:\/\/schema.org","@graph":[{"@type":"WebPage","@id":"https:\/\/swixed.ch\/de\/produkt\/sed14008\/","url":"https:\/\/swixed.ch\/de\/produkt\/sed14008\/","name":"Tragetasche f\u00fcr Edan SE-1201 \/ F2 \/ F3 | Swixed SA","isPartOf":{"@id":"https:\/\/swixed.ch\/de\/#website"},"primaryImageOfPage":{"@id":"https:\/\/swixed.ch\/de\/produkt\/sed14008\/#primaryimage"},"image":{"@id":"https:\/\/swixed.ch\/de\/produkt\/sed14008\/#primaryimage"},"thumbnailUrl":"https:\/\/swixed.ch\/wp-content\/uploads\/2026\/02\/SED14008-01.png","datePublished":"2021-04-28T08:27:42+00:00","dateModified":"2026-02-05T06:20:46+00:00","description":"Transporttasche kompatibel mit Edan SE-1201, F2 und F3. Kompaktes Format, sicherer Verschluss, integrierter Schultergurt und Tragegriff.","breadcrumb":{"@id":"https:\/\/swixed.ch\/de\/produkt\/sed14008\/#breadcrumb"},"inLanguage":"de","potentialAction":[{"@type":"ReadAction","target":["https:\/\/swixed.ch\/de\/produkt\/sed14008\/"]}]},{"@type":"ImageObject","inLanguage":"de","@id":"https:\/\/swixed.ch\/de\/produkt\/sed14008\/#primaryimage","url":"https:\/\/swixed.ch\/wp-content\/uploads\/2026\/02\/SED14008-01.png","contentUrl":"https:\/\/swixed.ch\/wp-content\/uploads\/2026\/02\/SED14008-01.png","width":600,"height":600,"caption":"SED14008"},{"@type":"BreadcrumbList","@id":"https:\/\/swixed.ch\/de\/produkt\/sed14008\/#breadcrumb","itemListElement":[{"@type":"ListItem","position":1,"name":"Startseite","item":"https:\/\/swixed.ch\/de\/home\/"},{"@type":"ListItem","position":2,"name":"Shop","item":"https:\/\/swixed.ch\/de\/shop\/"},{"@type":"ListItem","position":3,"name":"Transporttasche f\u00fcr Edan SE-1201 \/ F2 \/ F3"}]},{"@type":"WebSite","@id":"https:\/\/swixed.ch\/de\/#website","url":"https:\/\/swixed.ch\/de\/","name":"Swixed SA","description":"Elektronische Ger\u00e4te","publisher":{"@id":"https:\/\/swixed.ch\/de\/#organization"},"potentialAction":[{"@type":"SearchAction","target":{"@type":"EntryPoint","urlTemplate":"https:\/\/swixed.ch\/de\/?s={search_term_string}"},"query-input":{"@type":"PropertyValueSpecification","valueRequired":true,"valueName":"search_term_string"}}],"inLanguage":"de"},{"@type":"Organization","@id":"https:\/\/swixed.ch\/de\/#organization","name":"Swixed SA","url":"https:\/\/swixed.ch\/de\/","logo":{"@type":"ImageObject","inLanguage":"de","@id":"https:\/\/swixed.ch\/de\/#\/schema\/logo\/image\/","url":"https:\/\/swixed.ch\/wp-content\/uploads\/logos\/swixed-logo-lite.png","contentUrl":"https:\/\/swixed.ch\/wp-content\/uploads\/logos\/swixed-logo-lite.png","width":696,"height":696,"caption":"Swixed SA"},"image":{"@id":"https:\/\/swixed.ch\/de\/#\/schema\/logo\/image\/"},"sameAs":["https:\/\/www.facebook.com\/swixed","https:\/\/www.linkedin.com\/company\/swixed","https:\/\/www.youtube.com\/@swixedsa"],"description":"Swixed SA est une entreprise suisse bas\u00e9e \u00e0 Gen\u00e8ve, sp\u00e9cialis\u00e9e dans la vente, la location et la maintenance d\u2019appareils m\u00e9dicaux professionnels, tels que d\u00e9fibrillateurs AED, \u00e9lectrocardiographes, moniteurs patient et dispositifs de diagnostic.","email":"infoshop@swixed.ch","telephone":"+41 22 566 11 95","legalName":"Swixed SA","foundingDate":"2021-03-01","numberOfEmployees":{"@type":"QuantitativeValue","minValue":"1","maxValue":"10"}}]}},"_links":{"self":[{"href":"https:\/\/swixed.ch\/de\/wp-json\/wp\/v2\/product\/33554","targetHints":{"allow":["GET"]}}],"collection":[{"href":"https:\/\/swixed.ch\/de\/wp-json\/wp\/v2\/product"}],"about":[{"href":"https:\/\/swixed.ch\/de\/wp-json\/wp\/v2\/types\/product"}],"version-history":[{"count":0,"href":"https:\/\/swixed.ch\/de\/wp-json\/wp\/v2\/product\/33554\/revisions"}],"wp:featuredmedia":[{"embeddable":true,"href":"https:\/\/swixed.ch\/de\/wp-json\/wp\/v2\/media\/62078"}],"wp:attachment":[{"href":"https:\/\/swixed.ch\/de\/wp-json\/wp\/v2\/media?parent=33554"}],"wp:term":[{"taxonomy":"product_brand","embeddable":true,"href":"https:\/\/swixed.ch\/de\/wp-json\/wp\/v2\/product_brand?post=33554"},{"taxonomy":"product_cat","embeddable":true,"href":"https:\/\/swixed.ch\/de\/wp-json\/wp\/v2\/product_cat?post=33554"},{"taxonomy":"product_tag","embeddable":true,"href":"https:\/\/swixed.ch\/de\/wp-json\/wp\/v2\/product_tag?post=33554"}],"curies":[{"name":"wp","href":"https:\/\/api.w.org\/{rel}","templated":true}]}}