{"id":33616,"date":"2021-04-28T12:02:16","date_gmt":"2021-04-28T10:02:16","guid":{"rendered":"https:\/\/swixed.com\/produit\/ruhe-ekg-edan-se-1515-dx12-bluetooth\/"},"modified":"2026-03-17T01:07:11","modified_gmt":"2026-03-17T00:07:11","slug":"sed10008","status":"publish","type":"product","link":"https:\/\/swixed.ch\/de\/produkt\/sed10008\/","title":{"rendered":"Elektrokardiograph Edan SE-1515 DX12 Ruhe-EKG"},"content":{"rendered":"\t\t<div data-elementor-type=\"product-post\" data-elementor-id=\"33616\" class=\"elementor elementor-33616 elementor-3327\" data-elementor-post-type=\"product\">\n\t\t\t\t<div class=\"elementor-element elementor-element-802a913 e-con-full e-flex e-con e-parent\" data-id=\"802a913\" data-element_type=\"container\" data-e-type=\"container\">\n\t\t<div class=\"elementor-element elementor-element-5a3269e e-con-full e-flex e-con e-child\" data-id=\"5a3269e\" data-element_type=\"container\" data-e-type=\"container\">\n\t\t\t\t<div class=\"elementor-element elementor-element-6b4f673 elementor-widget elementor-widget-heading\" data-id=\"6b4f673\" data-element_type=\"widget\" data-e-type=\"widget\" data-widget_type=\"heading.default\">\n\t\t\t\t\t<h2 class=\"elementor-heading-title elementor-size-default\">Hauptmerkmale<\/h2>\t\t\t\t<\/div>\n\t\t\t\t<div class=\"elementor-element elementor-element-0616b68 elementor-widget elementor-widget-text-editor\" data-id=\"0616b68\" data-element_type=\"widget\" data-e-type=\"widget\" data-widget_type=\"text-editor.default\">\n\t\t\t\t\t\t\t\t\t<p>Der Edan SE-1515 DX12 Elektrokardiograph fungiert als eine vollst\u00e4ndig computergest\u00fctzte Belastungs-EKG-Plattform. Er \u00fcbertr\u00e4gt die Herzsignale \u00fcber eine spezielle Bluetooth-Verbindung kabellos an einen Computer. Die gleichzeitige Anzeige von 12 Ableitungen verbessert die Lesbarkeit der Kurven w\u00e4hrend der Belastungsphasen.<br>Die modulare Architektur erleichtert die Integration in eine bestehende klinische Umgebung. Das System wird mit einer speziellen Softwarelizenz f\u00fcr Belastungstests betrieben.   <\/p><p>Wichtigste technische Merkmale :<\/p><ul><li>12-Kanal-EKG in Echtzeit<\/li><li>Drahtlose Daten\u00fcbertragung \u00fcber Bluetooth zum PC<\/li><li>Softwaregest\u00fctzte Analyse<\/li><li>Kompatibilit\u00e4t mit externer Belastungsausr\u00fcstung<\/li><li>Export von Berichten (PDF, Word, JPG)<\/li><\/ul>\t\t\t\t\t\t\t\t<\/div>\n\t\t\t\t<div class=\"elementor-element elementor-element-6067b60 elementor-widget elementor-widget-heading\" data-id=\"6067b60\" data-element_type=\"widget\" data-e-type=\"widget\" data-widget_type=\"heading.default\">\n\t\t\t\t\t<h2 class=\"elementor-heading-title elementor-size-default\">Betrieb und technisches Design<\/h2>\t\t\t\t<\/div>\n\t\t\t\t<div class=\"elementor-element elementor-element-d506737 elementor-widget elementor-widget-text-editor\" data-id=\"d506737\" data-element_type=\"widget\" data-e-type=\"widget\" data-widget_type=\"text-editor.default\">\n\t\t\t\t\t\t\t\t\t<p>Zweitens erm\u00f6glicht die Edan SE-1515 Software eine \u00fcbersichtliche Verwaltung von EKG-Daten. So kann der Benutzer direkt von der PC-Schnittstelle aus Patientenakten anlegen, einsehen und organisieren.<br>Dar\u00fcber hinaus beinhaltet die Software die Funktionen der automatischen Messung, Berechnung und Interpretation des Signals, wobei eine genaue visuelle Ablesung erhalten bleibt. <\/p><p>Auch die Erstellung von Berichten ist einfach. Die Untersuchungen k\u00f6nnen als PDF, Word oder Bild exportiert und dann \u00fcber einen angeschlossenen Drucker auf A4-Papier ausgedruckt werden. Diese Version des Ruhe-EKGs erlaubt jedoch nicht die Kontrolle von Ergometern, Laufb\u00e4ndern oder belastungsbezogenen Messger\u00e4ten.  <\/p><p>\u26a0\ufe0f Diese Ruhe-EKG-Version erm\u00f6glicht nicht die Kontrolle von Ergometern, Laufb\u00e4ndern oder externen Messger\u00e4ten. Diese Funktion ist ausschlie\u00dflich in der <a href=\"https:\/\/swixed.ch\/de\/produkt\/sed12003\/\">Version Belastungs-EKG<\/a> enthalten, die separat erh\u00e4ltlich ist. <\/p>\t\t\t\t\t\t\t\t<\/div>\n\t\t\t\t<div class=\"elementor-element elementor-element-a9dbd64 elementor-widget elementor-widget-heading\" data-id=\"a9dbd64\" data-element_type=\"widget\" data-e-type=\"widget\" data-widget_type=\"heading.default\">\n\t\t\t\t\t<h2 class=\"elementor-heading-title elementor-size-default\">Nutzung, Einhaltung und Empfehlungen<\/h2>\t\t\t\t<\/div>\n\t\t\t\t<div class=\"elementor-element elementor-element-9804ec9 elementor-widget elementor-widget-text-editor\" data-id=\"9804ec9\" data-element_type=\"widget\" data-e-type=\"widget\" data-widget_type=\"text-editor.default\">\n\t\t\t\t\t\t\t\t\t<p>Aus rechtlicher Sicht ist der Edan SE-1515 DX12 Elektrokardiograph ein medizinisches Ger\u00e4t, das f\u00fcr die Aufzeichnung von Ruhe-EKGs bestimmt ist. Daher unterliegt seine Verwendung den Anforderungen f\u00fcr professionelle medizinische Ger\u00e4te in der Schweiz. <\/p><p>Daher sind die folgenden Referenzen relevante Quellen f\u00fcr diesen Ger\u00e4tetyp. In jedem Fall bleibt der Betreiber daf\u00fcr verantwortlich, das Ger\u00e4t gem\u00e4\u00df den geltenden gesetzlichen Anforderungen in seine internen Verfahren zu integrieren. <br>\t\t<div data-elementor-type=\"widget\" data-elementor-id=\"59088\" class=\"elementor elementor-59088 elementor-59083 elementor-59083\" data-elementor-post-type=\"elementor_library\">\n\t\t\t\t\t\t<div class=\"elementor-element elementor-element-59083 elementor-widget elementor-widget-text-editor\" data-id=\"59083\" data-element_type=\"widget\" data-e-type=\"widget\" data-widget_type=\"text-editor.default\">\n\t\t\t\t\t\t\t\t\t<p>Weitere Informationen finden Sie unter :<\/p><ul><li><a href=\"https:\/\/www.swissmedic.ch\" target=\"_blank\" rel=\"noopener\">Swissmedic<\/a><\/li><li><a href=\"https:\/\/www.bag.admin.ch\" target=\"_blank\" rel=\"noopener\">Bundesamt f\u00fcr Gesundheit (BAG)<\/a><\/li><li><a href=\"https:\/\/www.switec.info\" target=\"_blank\" rel=\"noopener\">Schweizerisches Informationszentrum f\u00fcr technische Regeln (Switec)<\/a><\/li><li><a href=\"https:\/\/www.fedlex.admin.ch\/eli\/cc\/2020\/552\/\" target=\"_blank\" rel=\"noopener\">Verordnung \u00fcber Medizinprodukte (MDDV oder MedDO)<\/a><\/li><\/ul><p><br>Unsere Medizinprodukte haben einen autorisierten Vertreter in der Schweiz (CH-REP), gem\u00e4\u00df der geltenden schweizerischen Gesetzgebung f\u00fcr Medizinprodukte.<\/p>\t\t\t\t\t\t\t\t<\/div>\n\t\t\t\t<\/div>\n\t\t<br>Klicken Sie hier, um die <a href=\"https:\/\/swixed.ch\/de\/produkt\/sed94001\/\">regelm\u00e4\u00dfige Wartung<\/a> zu buchen.<\/p>\t\t\t\t\t\t\t\t<\/div>\n\t\t\t\t<div class=\"elementor-element elementor-element-aecbb15 elementor-widget elementor-widget-heading\" data-id=\"aecbb15\" data-element_type=\"widget\" data-e-type=\"widget\" data-widget_type=\"heading.default\">\n\t\t\t\t\t<h2 class=\"elementor-heading-title elementor-size-default\">Inhalt<\/h2>\t\t\t\t<\/div>\n\t\t\t\t<div class=\"elementor-element elementor-element-e3bb1c1 elementor-widget elementor-widget-text-editor\" data-id=\"e3bb1c1\" data-element_type=\"widget\" data-e-type=\"widget\" data-widget_type=\"text-editor.default\">\n\t\t\t\t\t\t\t\t\t<p>Das Edan SE-1515 DX12 Ruhe-EKG-Paket enth\u00e4lt alle Komponenten, die f\u00fcr eine schnelle Inbetriebnahme erforderlich sind:<\/p><ul><li>1 EKG-Senderbox<\/li><li>1 EKG-Empf\u00e4nger<\/li><li>1 Patientenkabel mit 10 Str\u00e4ngen<\/li><li>6 pr\u00e4kordiale Elektroden<\/li><li>4 Klammern f\u00fcr Gliedma\u00dfen<\/li><li>1 Installationsmedium f\u00fcr die Software (Windows)<\/li><li>1 Bedienungsanleitung<\/li><\/ul>\t\t\t\t\t\t\t\t<\/div>\n\t\t\t\t<\/div>\n\t\t\t\t<\/div>\n\t\t\t\t<\/div>\n\t\t","protected":false},"excerpt":{"rendered":"<p>Der Edan SE-1515 DX12 ist ein Ruhe-EKG-Elektrokardiograph, der f\u00fcr die Erfassung von Signalen mit 12 Ableitungen \u00fcber eine Bluetooth-Verbindung mit einem Computer entwickelt wurde. Das System arbeitet mit der Software Edan SE-1515 und erm\u00f6glicht die Echtzeitanzeige, die Aufzeichnung und Archivierung von Kurven sowie den Export von Berichten in verschiedenen digitalen Formaten. Das System ist CE-zertifiziert und kompatibel mit Windows-Umgebungen und ist f\u00fcr die Integration in computergest\u00fctzte Arbeitsumgebungen vorgesehen.  <\/p>\n","protected":false},"featured_media":60746,"template":"","meta":{"_acf_changed":false},"product_brand":[2085],"product_cat":[954,973],"product_tag":[7699,7710,7718,7701,7702,3619,7715,7707,7706,2277],"class_list":{"0":"post-33616","1":"product","2":"type-product","3":"status-publish","4":"has-post-thumbnail","6":"product_brand-edan-de","7":"product_cat-elektrokardiographen","8":"product_cat-ruhe-ekg","9":"product_tag-12d-ekg","10":"product_tag-diagnostisches-ekg","11":"product_tag-ekg-dx12","12":"product_tag-ekg-pc","13":"product_tag-ekg-erfassung","14":"product_tag-ekg-software-de","15":"product_tag-ekg-untersuchung","16":"product_tag-festes-ekg","17":"product_tag-kabel-ekg","18":"product_tag-ruhe-ekg","20":"first","21":"instock","22":"sale","23":"taxable","24":"shipping-taxable","25":"purchasable","26":"product-type-simple"},"acf":[],"yoast_head":"<!-- This site is optimized with the Yoast SEO Premium plugin v27.4 (Yoast SEO v27.4) - https:\/\/yoast.com\/product\/yoast-seo-premium-wordpress\/ -->\n<title>Elektrokardiograph Edan SE-1515 DX12 Ruhe-EKG PC | Swixed SA<\/title>\n<meta name=\"description\" content=\"Edan SE-1515 DX12 Ruhe-EKG-Elektrokardiograph mit PC-Software, 12-Kanal-Anzeige, Patientenverwaltung und sicherer Archivierung.\" \/>\n<meta name=\"robots\" content=\"index, follow, max-snippet:-1, max-image-preview:large, max-video-preview:-1\" \/>\n<link rel=\"canonical\" href=\"https:\/\/swixed.ch\/de\/produkt\/sed10008\/\" \/>\n<meta property=\"og:locale\" content=\"de_DE\" \/>\n<meta property=\"og:type\" content=\"article\" \/>\n<meta property=\"og:title\" content=\"Elektrokardiograph Edan SE-1515 DX12 Ruhe-EKG\" \/>\n<meta property=\"og:description\" content=\"Edan SE-1515 DX12 Ruhe-EKG-Elektrokardiograph mit PC-Software, 12-Kanal-Anzeige, Patientenverwaltung und sicherer Archivierung.\" \/>\n<meta property=\"og:url\" content=\"https:\/\/swixed.ch\/de\/produkt\/sed10008\/\" \/>\n<meta property=\"og:site_name\" content=\"Swixed SA\" \/>\n<meta property=\"article:publisher\" content=\"https:\/\/www.facebook.com\/swixed\" \/>\n<meta property=\"article:modified_time\" content=\"2026-03-17T00:07:11+00:00\" \/>\n<meta property=\"og:image\" content=\"https:\/\/swixed.ch\/wp-content\/uploads\/2026\/01\/SED12003-01.png\" \/>\n\t<meta property=\"og:image:width\" content=\"600\" \/>\n\t<meta property=\"og:image:height\" content=\"600\" \/>\n\t<meta property=\"og:image:type\" content=\"image\/png\" \/>\n<meta name=\"twitter:card\" content=\"summary_large_image\" \/>\n<meta name=\"twitter:label1\" content=\"Gesch\u00e4tzte Lesezeit\" \/>\n\t<meta name=\"twitter:data1\" content=\"2\u00a0Minuten\" \/>\n<script type=\"application\/ld+json\" class=\"yoast-schema-graph\">{\"@context\":\"https:\\\/\\\/schema.org\",\"@graph\":[{\"@type\":\"WebPage\",\"@id\":\"https:\\\/\\\/swixed.ch\\\/de\\\/produkt\\\/sed10008\\\/\",\"url\":\"https:\\\/\\\/swixed.ch\\\/de\\\/produkt\\\/sed10008\\\/\",\"name\":\"Elektrokardiograph Edan SE-1515 DX12 Ruhe-EKG PC | Swixed SA\",\"isPartOf\":{\"@id\":\"https:\\\/\\\/swixed.ch\\\/de\\\/#website\"},\"primaryImageOfPage\":{\"@id\":\"https:\\\/\\\/swixed.ch\\\/de\\\/produkt\\\/sed10008\\\/#primaryimage\"},\"image\":{\"@id\":\"https:\\\/\\\/swixed.ch\\\/de\\\/produkt\\\/sed10008\\\/#primaryimage\"},\"thumbnailUrl\":\"https:\\\/\\\/swixed.ch\\\/wp-content\\\/uploads\\\/2026\\\/01\\\/SED12003-01.png\",\"datePublished\":\"2021-04-28T10:02:16+00:00\",\"dateModified\":\"2026-03-17T00:07:11+00:00\",\"description\":\"Edan SE-1515 DX12 Ruhe-EKG-Elektrokardiograph mit PC-Software, 12-Kanal-Anzeige, Patientenverwaltung und sicherer Archivierung.\",\"breadcrumb\":{\"@id\":\"https:\\\/\\\/swixed.ch\\\/de\\\/produkt\\\/sed10008\\\/#breadcrumb\"},\"inLanguage\":\"de\",\"potentialAction\":[{\"@type\":\"ReadAction\",\"target\":[\"https:\\\/\\\/swixed.ch\\\/de\\\/produkt\\\/sed10008\\\/\"]}]},{\"@type\":\"ImageObject\",\"inLanguage\":\"de\",\"@id\":\"https:\\\/\\\/swixed.ch\\\/de\\\/produkt\\\/sed10008\\\/#primaryimage\",\"url\":\"https:\\\/\\\/swixed.ch\\\/wp-content\\\/uploads\\\/2026\\\/01\\\/SED12003-01.png\",\"contentUrl\":\"https:\\\/\\\/swixed.ch\\\/wp-content\\\/uploads\\\/2026\\\/01\\\/SED12003-01.png\",\"width\":600,\"height\":600,\"caption\":\"SED12003, SED10008\"},{\"@type\":\"BreadcrumbList\",\"@id\":\"https:\\\/\\\/swixed.ch\\\/de\\\/produkt\\\/sed10008\\\/#breadcrumb\",\"itemListElement\":[{\"@type\":\"ListItem\",\"position\":1,\"name\":\"Startseite\",\"item\":\"https:\\\/\\\/swixed.ch\\\/de\\\/home\\\/\"},{\"@type\":\"ListItem\",\"position\":2,\"name\":\"Shop\",\"item\":\"https:\\\/\\\/swixed.ch\\\/de\\\/shop\\\/\"},{\"@type\":\"ListItem\",\"position\":3,\"name\":\"Elektrokardiograph Edan SE-1515 DX12 Ruhe-EKG\"}]},{\"@type\":\"WebSite\",\"@id\":\"https:\\\/\\\/swixed.ch\\\/de\\\/#website\",\"url\":\"https:\\\/\\\/swixed.ch\\\/de\\\/\",\"name\":\"Swixed SA\",\"description\":\"Elektronische Ger\u00e4te\",\"publisher\":{\"@id\":\"https:\\\/\\\/swixed.ch\\\/de\\\/#organization\"},\"potentialAction\":[{\"@type\":\"SearchAction\",\"target\":{\"@type\":\"EntryPoint\",\"urlTemplate\":\"https:\\\/\\\/swixed.ch\\\/de\\\/?s={search_term_string}\"},\"query-input\":{\"@type\":\"PropertyValueSpecification\",\"valueRequired\":true,\"valueName\":\"search_term_string\"}}],\"inLanguage\":\"de\"},{\"@type\":\"Organization\",\"@id\":\"https:\\\/\\\/swixed.ch\\\/de\\\/#organization\",\"name\":\"Swixed SA\",\"url\":\"https:\\\/\\\/swixed.ch\\\/de\\\/\",\"logo\":{\"@type\":\"ImageObject\",\"inLanguage\":\"de\",\"@id\":\"https:\\\/\\\/swixed.ch\\\/de\\\/#\\\/schema\\\/logo\\\/image\\\/\",\"url\":\"https:\\\/\\\/swixed.ch\\\/wp-content\\\/uploads\\\/logos\\\/swixed-logo-lite.png\",\"contentUrl\":\"https:\\\/\\\/swixed.ch\\\/wp-content\\\/uploads\\\/logos\\\/swixed-logo-lite.png\",\"width\":696,\"height\":696,\"caption\":\"Swixed SA\"},\"image\":{\"@id\":\"https:\\\/\\\/swixed.ch\\\/de\\\/#\\\/schema\\\/logo\\\/image\\\/\"},\"sameAs\":[\"https:\\\/\\\/www.facebook.com\\\/swixed\",\"https:\\\/\\\/www.linkedin.com\\\/company\\\/swixed\",\"https:\\\/\\\/www.youtube.com\\\/@swixedsa\"],\"description\":\"Swixed SA est une entreprise suisse bas\u00e9e \u00e0 Gen\u00e8ve, sp\u00e9cialis\u00e9e dans la vente, la location et la maintenance d\u2019appareils m\u00e9dicaux professionnels, tels que d\u00e9fibrillateurs AED, \u00e9lectrocardiographes, moniteurs patient et dispositifs de diagnostic.\",\"email\":\"infoshop@swixed.ch\",\"telephone\":\"+41 22 566 11 95\",\"legalName\":\"Swixed SA\",\"foundingDate\":\"2021-03-01\",\"numberOfEmployees\":{\"@type\":\"QuantitativeValue\",\"minValue\":\"1\",\"maxValue\":\"10\"}}]}<\/script>\n<!-- \/ Yoast SEO Premium plugin. -->","yoast_head_json":{"title":"Elektrokardiograph Edan SE-1515 DX12 Ruhe-EKG PC | Swixed SA","description":"Edan SE-1515 DX12 Ruhe-EKG-Elektrokardiograph mit PC-Software, 12-Kanal-Anzeige, Patientenverwaltung und sicherer Archivierung.","robots":{"index":"index","follow":"follow","max-snippet":"max-snippet:-1","max-image-preview":"max-image-preview:large","max-video-preview":"max-video-preview:-1"},"canonical":"https:\/\/swixed.ch\/de\/produkt\/sed10008\/","og_locale":"de_DE","og_type":"article","og_title":"Elektrokardiograph Edan SE-1515 DX12 Ruhe-EKG","og_description":"Edan SE-1515 DX12 Ruhe-EKG-Elektrokardiograph mit PC-Software, 12-Kanal-Anzeige, Patientenverwaltung und sicherer Archivierung.","og_url":"https:\/\/swixed.ch\/de\/produkt\/sed10008\/","og_site_name":"Swixed SA","article_publisher":"https:\/\/www.facebook.com\/swixed","article_modified_time":"2026-03-17T00:07:11+00:00","og_image":[{"width":600,"height":600,"url":"https:\/\/swixed.ch\/wp-content\/uploads\/2026\/01\/SED12003-01.png","type":"image\/png"}],"twitter_card":"summary_large_image","twitter_misc":{"Gesch\u00e4tzte Lesezeit":"2\u00a0Minuten"},"schema":{"@context":"https:\/\/schema.org","@graph":[{"@type":"WebPage","@id":"https:\/\/swixed.ch\/de\/produkt\/sed10008\/","url":"https:\/\/swixed.ch\/de\/produkt\/sed10008\/","name":"Elektrokardiograph Edan SE-1515 DX12 Ruhe-EKG PC | Swixed SA","isPartOf":{"@id":"https:\/\/swixed.ch\/de\/#website"},"primaryImageOfPage":{"@id":"https:\/\/swixed.ch\/de\/produkt\/sed10008\/#primaryimage"},"image":{"@id":"https:\/\/swixed.ch\/de\/produkt\/sed10008\/#primaryimage"},"thumbnailUrl":"https:\/\/swixed.ch\/wp-content\/uploads\/2026\/01\/SED12003-01.png","datePublished":"2021-04-28T10:02:16+00:00","dateModified":"2026-03-17T00:07:11+00:00","description":"Edan SE-1515 DX12 Ruhe-EKG-Elektrokardiograph mit PC-Software, 12-Kanal-Anzeige, Patientenverwaltung und sicherer Archivierung.","breadcrumb":{"@id":"https:\/\/swixed.ch\/de\/produkt\/sed10008\/#breadcrumb"},"inLanguage":"de","potentialAction":[{"@type":"ReadAction","target":["https:\/\/swixed.ch\/de\/produkt\/sed10008\/"]}]},{"@type":"ImageObject","inLanguage":"de","@id":"https:\/\/swixed.ch\/de\/produkt\/sed10008\/#primaryimage","url":"https:\/\/swixed.ch\/wp-content\/uploads\/2026\/01\/SED12003-01.png","contentUrl":"https:\/\/swixed.ch\/wp-content\/uploads\/2026\/01\/SED12003-01.png","width":600,"height":600,"caption":"SED12003, SED10008"},{"@type":"BreadcrumbList","@id":"https:\/\/swixed.ch\/de\/produkt\/sed10008\/#breadcrumb","itemListElement":[{"@type":"ListItem","position":1,"name":"Startseite","item":"https:\/\/swixed.ch\/de\/home\/"},{"@type":"ListItem","position":2,"name":"Shop","item":"https:\/\/swixed.ch\/de\/shop\/"},{"@type":"ListItem","position":3,"name":"Elektrokardiograph Edan SE-1515 DX12 Ruhe-EKG"}]},{"@type":"WebSite","@id":"https:\/\/swixed.ch\/de\/#website","url":"https:\/\/swixed.ch\/de\/","name":"Swixed SA","description":"Elektronische Ger\u00e4te","publisher":{"@id":"https:\/\/swixed.ch\/de\/#organization"},"potentialAction":[{"@type":"SearchAction","target":{"@type":"EntryPoint","urlTemplate":"https:\/\/swixed.ch\/de\/?s={search_term_string}"},"query-input":{"@type":"PropertyValueSpecification","valueRequired":true,"valueName":"search_term_string"}}],"inLanguage":"de"},{"@type":"Organization","@id":"https:\/\/swixed.ch\/de\/#organization","name":"Swixed SA","url":"https:\/\/swixed.ch\/de\/","logo":{"@type":"ImageObject","inLanguage":"de","@id":"https:\/\/swixed.ch\/de\/#\/schema\/logo\/image\/","url":"https:\/\/swixed.ch\/wp-content\/uploads\/logos\/swixed-logo-lite.png","contentUrl":"https:\/\/swixed.ch\/wp-content\/uploads\/logos\/swixed-logo-lite.png","width":696,"height":696,"caption":"Swixed SA"},"image":{"@id":"https:\/\/swixed.ch\/de\/#\/schema\/logo\/image\/"},"sameAs":["https:\/\/www.facebook.com\/swixed","https:\/\/www.linkedin.com\/company\/swixed","https:\/\/www.youtube.com\/@swixedsa"],"description":"Swixed SA est une entreprise suisse bas\u00e9e \u00e0 Gen\u00e8ve, sp\u00e9cialis\u00e9e dans la vente, la location et la maintenance d\u2019appareils m\u00e9dicaux professionnels, tels que d\u00e9fibrillateurs AED, \u00e9lectrocardiographes, moniteurs patient et dispositifs de diagnostic.","email":"infoshop@swixed.ch","telephone":"+41 22 566 11 95","legalName":"Swixed SA","foundingDate":"2021-03-01","numberOfEmployees":{"@type":"QuantitativeValue","minValue":"1","maxValue":"10"}}]}},"_links":{"self":[{"href":"https:\/\/swixed.ch\/de\/wp-json\/wp\/v2\/product\/33616","targetHints":{"allow":["GET"]}}],"collection":[{"href":"https:\/\/swixed.ch\/de\/wp-json\/wp\/v2\/product"}],"about":[{"href":"https:\/\/swixed.ch\/de\/wp-json\/wp\/v2\/types\/product"}],"version-history":[{"count":0,"href":"https:\/\/swixed.ch\/de\/wp-json\/wp\/v2\/product\/33616\/revisions"}],"wp:featuredmedia":[{"embeddable":true,"href":"https:\/\/swixed.ch\/de\/wp-json\/wp\/v2\/media\/60746"}],"wp:attachment":[{"href":"https:\/\/swixed.ch\/de\/wp-json\/wp\/v2\/media?parent=33616"}],"wp:term":[{"taxonomy":"product_brand","embeddable":true,"href":"https:\/\/swixed.ch\/de\/wp-json\/wp\/v2\/product_brand?post=33616"},{"taxonomy":"product_cat","embeddable":true,"href":"https:\/\/swixed.ch\/de\/wp-json\/wp\/v2\/product_cat?post=33616"},{"taxonomy":"product_tag","embeddable":true,"href":"https:\/\/swixed.ch\/de\/wp-json\/wp\/v2\/product_tag?post=33616"}],"curies":[{"name":"wp","href":"https:\/\/api.w.org\/{rel}","templated":true}]}}