{"id":33700,"date":"2021-04-28T14:52:58","date_gmt":"2021-04-28T12:52:58","guid":{"rendered":"https:\/\/swixed.com\/produit\/edan-se-1515-dp12-belastungs-ekg-usb\/"},"modified":"2026-02-01T21:09:45","modified_gmt":"2026-02-01T20:09:45","slug":"sed12002","status":"publish","type":"product","link":"https:\/\/swixed.ch\/de\/produkt\/sed12002\/","title":{"rendered":"Elektrokardiograph Edan SE-1515 DP12 Belastungs-EKG"},"content":{"rendered":"\t\t<div data-elementor-type=\"product-post\" data-elementor-id=\"33700\" class=\"elementor elementor-33700 elementor-3342\" data-elementor-post-type=\"product\">\n\t\t\t\t<div class=\"elementor-element elementor-element-16680ae e-con-full e-flex e-con e-parent\" data-id=\"16680ae\" data-element_type=\"container\" data-e-type=\"container\">\n\t\t<div class=\"elementor-element elementor-element-f95cf85 e-con-full e-flex e-con e-child\" data-id=\"f95cf85\" data-element_type=\"container\" data-e-type=\"container\">\n\t\t\t\t<div class=\"elementor-element elementor-element-4edbe93 elementor-widget elementor-widget-heading\" data-id=\"4edbe93\" data-element_type=\"widget\" data-e-type=\"widget\" data-widget_type=\"heading.default\">\n\t\t\t\t\t<h2 class=\"elementor-heading-title elementor-size-default\">Allgemeine Darstellung<\/h2>\t\t\t\t<\/div>\n\t\t\t\t<div class=\"elementor-element elementor-element-c374423 elementor-widget elementor-widget-text-editor\" data-id=\"c374423\" data-element_type=\"widget\" data-e-type=\"widget\" data-widget_type=\"text-editor.default\">\n\t\t\t\t\t\t\t\t\t<p>Das Edan SE-1515 DP12 Belastungs-EKG kombiniert ein kompaktes Hardware-Modul mit einer Software, die auf die Untersuchung der Herzfunktion unter Belastung ausgerichtet ist. Der USB-Anschluss sorgt f\u00fcr eine stabile \u00dcbertragung der EKG-Signale auf einen Computer. Die gleichzeitige Erfassung von 12 Ableitungen garantiert eine vollst\u00e4ndige Ablesung w\u00e4hrend der Belastungs- und Erholungsphase.  <\/p><p>Dar\u00fcber hinaus unterst\u00fctzt die L\u00f6sung die Echtzeitanzeige, was die sofortige Analyse erleichtert. Die direkte Stromversorgung \u00fcber USB vereinfacht die t\u00e4gliche Installation. <\/p><p>Schl\u00fcsselmerkmale :<\/p><ul><li>Kontinuierliche 12-Kanal-EKG-Erfassung<\/li><li>Direkte USB-Verbindung zum Computer<\/li><li>Echtzeitanzeige auf dem PC-Bildschirm<\/li><li>Stromversorgung \u00fcber USB-Port, ohne Batterie<\/li><li>Kompaktes Format, geeignet f\u00fcr den Einsatz in Trainingsr\u00e4umen<\/li><\/ul>\t\t\t\t\t\t\t\t<\/div>\n\t\t\t\t<div class=\"elementor-element elementor-element-dadd730 elementor-widget elementor-widget-heading\" data-id=\"dadd730\" data-element_type=\"widget\" data-e-type=\"widget\" data-widget_type=\"heading.default\">\n\t\t\t\t\t<h2 class=\"elementor-heading-title elementor-size-default\">Betrieb und technisches Design<\/h2>\t\t\t\t<\/div>\n\t\t\t\t<div class=\"elementor-element elementor-element-2d137b9 elementor-widget elementor-widget-text-editor\" data-id=\"2d137b9\" data-element_type=\"widget\" data-e-type=\"widget\" data-widget_type=\"text-editor.default\">\n\t\t\t\t\t\t\t\t\t<p>Die SE-1515 Belastungs-EKG-Software strukturiert die Untersuchung auf klare und schrittweise Weise. Zun\u00e4chst zeigt sie die EKG-Signale w\u00e4hrend der Belastung an. Dann steuert sie kompatible externe Ger\u00e4te \u00fcber eine Software-Schnittstelle. Dar\u00fcber hinaus bietet es vordefinierte Protokolle und erm\u00f6glicht individuelle Einstellungen je nach den Bed\u00fcrfnissen der Abteilung.   <\/p><p>Dar\u00fcber hinaus erleichtert die Anwendung das Dokumentenmanagement nach der Untersuchung. So kann der Benutzer die Berichte in verschiedene Standardformate exportieren, was die Integration in die elektronische Patientenakte verbessert. <\/p><p>Hauptfunktionen :<\/p><ul><li>Software-Steuerung von kompatiblen Ergometern und Laufb\u00e4ndern<\/li><li>Vordefinierte oder anpassbare Belastungsprotokolle<\/li><li>Diagramme und Trendtabellen ST<\/li><li>Strukturierte Archivierung von Untersuchungen<\/li><li>Export von Berichten in PDF, Word und JPEG<\/li><\/ul>\t\t\t\t\t\t\t\t<\/div>\n\t\t\t\t<div class=\"elementor-element elementor-element-ab539da elementor-widget elementor-widget-heading\" data-id=\"ab539da\" data-element_type=\"widget\" data-e-type=\"widget\" data-widget_type=\"heading.default\">\n\t\t\t\t\t<h2 class=\"elementor-heading-title elementor-size-default\">Nutzung, Einhaltung und Empfehlungen<\/h2>\t\t\t\t<\/div>\n\t\t\t\t<div class=\"elementor-element elementor-element-fb7b6f7 elementor-widget elementor-widget-text-editor\" data-id=\"fb7b6f7\" data-element_type=\"widget\" data-e-type=\"widget\" data-widget_type=\"text-editor.default\">\n\t\t\t\t\t\t\t\t\t<p>Das Edan SE-1515 DP12 Belastungs-EKG wird in einem professionellen medizinischen Umfeld verwendet, insbesondere f\u00fcr Funktionsuntersuchungen unter k\u00f6rperlicher Belastung. Die Integration des EKG-Ger\u00e4ts in das System erfolgt daher in \u00dcbereinstimmung mit den Schweizer Vorschriften f\u00fcr Medizinprodukte. <\/p><p>In der Schweiz ist das Bundesamt f\u00fcr Gesundheit f\u00fcr die \u00dcberwachung und Steuerung zust\u00e4ndig, w\u00e4hrend die Konformit\u00e4t von Medizinprodukten auch von den Anforderungen abh\u00e4ngt, die von Swissmedic \u00fcberwacht werden. Dar\u00fcber hinaus legt die Medizinprodukteverordnung (MepV) die Regeln f\u00fcr das Inverkehrbringen und die Anwendung fest. <\/p><p>F\u00fcr technische und normative Aspekte k\u00f6nnen Sie Referenzinformationen beim Schweizerischen Informationszentrum f\u00fcr technische Regeln (Switec) einsehen.<br>\t\t<div data-elementor-type=\"widget\" data-elementor-id=\"59088\" class=\"elementor elementor-59088 elementor-59083 elementor-59083\" data-elementor-post-type=\"elementor_library\">\n\t\t\t\t\t\t<div class=\"elementor-element elementor-element-59083 elementor-widget elementor-widget-text-editor\" data-id=\"59083\" data-element_type=\"widget\" data-e-type=\"widget\" data-widget_type=\"text-editor.default\">\n\t\t\t\t\t\t\t\t\t<p>Weitere Informationen finden Sie unter :<\/p><ul><li><a href=\"https:\/\/www.swissmedic.ch\" target=\"_blank\" rel=\"noopener\">Swissmedic<\/a><\/li><li><a href=\"https:\/\/www.bag.admin.ch\" target=\"_blank\" rel=\"noopener\">Bundesamt f\u00fcr Gesundheit (BAG)<\/a><\/li><li><a href=\"https:\/\/www.switec.info\" target=\"_blank\" rel=\"noopener\">Schweizerisches Informationszentrum f\u00fcr technische Regeln (Switec)<\/a><\/li><li><a href=\"https:\/\/www.fedlex.admin.ch\/eli\/cc\/2020\/552\/\" target=\"_blank\" rel=\"noopener\">Verordnung \u00fcber Medizinprodukte (MDDV oder MedDO)<\/a><\/li><\/ul><p><br>Unsere Medizinprodukte haben einen autorisierten Vertreter in der Schweiz (CH-REP), gem\u00e4\u00df der geltenden schweizerischen Gesetzgebung f\u00fcr Medizinprodukte.<\/p>\t\t\t\t\t\t\t\t<\/div>\n\t\t\t\t<\/div>\n\t\t<br>Klicken Sie hier, um die <a href=\"https:\/\/swixed.ch\/de\/produkt\/sed94001\/\">regelm\u00e4\u00dfige Wartung<\/a> zu buchen.<\/p>\t\t\t\t\t\t\t\t<\/div>\n\t\t\t\t<div class=\"elementor-element elementor-element-571592d elementor-widget elementor-widget-heading\" data-id=\"571592d\" data-element_type=\"widget\" data-e-type=\"widget\" data-widget_type=\"heading.default\">\n\t\t\t\t\t<h2 class=\"elementor-heading-title elementor-size-default\">Inhalt<\/h2>\t\t\t\t<\/div>\n\t\t\t\t<div class=\"elementor-element elementor-element-aa55b61 elementor-widget elementor-widget-text-editor\" data-id=\"aa55b61\" data-element_type=\"widget\" data-e-type=\"widget\" data-widget_type=\"text-editor.default\">\n\t\t\t\t\t\t\t\t\t<p>Das Edan SE-1515 DP12 Belastungs-EKG-System wird mit allen Komponenten geliefert, die f\u00fcr eine schnelle Inbetriebnahme erforderlich sind. So l\u00e4sst sich jede Komponente direkt in den bestehenden Arbeitsablauf integrieren. <\/p><p>Standardinhalt :<\/p><ul><li>DP12 EKG-Box mit USB-Kabel (2,90 m)<\/li><li>1 10-adriges Patientenkabel (2,90 m)<\/li><li>6 Pr\u00e4kordiale Elektroden<\/li><li>4 Gliedma\u00dfenklemmen<\/li><li>CD-ROM Software SE-1515 kompatibel mit Windows<\/li><li>Lizenzschl\u00fcssel f\u00fcr die Option Belastungs-EKG<\/li><li>Benutzerhandbuch<\/li><li>Tragetasche<\/li><\/ul>\t\t\t\t\t\t\t\t<\/div>\n\t\t\t\t<\/div>\n\t\t\t\t<\/div>\n\t\t\t\t<\/div>\n\t\t","protected":false},"excerpt":{"rendered":"<p>Der Edan SE-1515 DP12 ist ein Belastungs-EKG-Elektrokardiograph zur Erfassung von Signalen mit 12 Ableitungen \u00fcber eine spezielle Software. Das System wird \u00fcber eine USB-Schnittstelle an einen Computer angeschlossen und erm\u00f6glicht die Echtzeitanzeige, Aufzeichnung, Archivierung der Kurven und den Export der Daten in verschiedene digitale Formate. Das System ist f\u00fcr die Integration in computergest\u00fctzte professionelle Umgebungen konzipiert und ist gem\u00e4\u00df den geltenden Anforderungen CE-zertifiziert.  <\/p>\n","protected":false},"featured_media":60696,"template":"","meta":{"_acf_changed":false},"product_brand":[2085],"product_cat":[1248,954],"product_tag":[7699,3567,7703,7710,7701,7702,3619,7707,7706,7700],"class_list":{"0":"post-33700","1":"product","2":"type-product","3":"status-publish","4":"has-post-thumbnail","6":"product_brand-edan-de","7":"product_cat-belastungs-ekg","8":"product_cat-elektrokardiographen","9":"product_tag-12d-ekg","10":"product_tag-belastungs-ekg","11":"product_tag-belastungstest-2","12":"product_tag-diagnostisches-ekg","13":"product_tag-ekg-pc","14":"product_tag-ekg-erfassung","15":"product_tag-ekg-software-de","16":"product_tag-festes-ekg","17":"product_tag-kabel-ekg","18":"product_tag-usb-ekg","20":"first","21":"instock","22":"taxable","23":"shipping-taxable","24":"purchasable","25":"product-type-simple"},"acf":[],"yoast_head":"<!-- This site is optimized with the Yoast SEO Premium plugin v27.4 (Yoast SEO v27.4) - https:\/\/yoast.com\/product\/yoast-seo-premium-wordpress\/ -->\n<title>Belastungs-EKG Edan SE-1515 DP12 | Swixed SA<\/title>\n<meta name=\"description\" content=\"Edan SE-1515 DP12 Belastungs-EKG mit DP12-Modul und dedizierter Software. Kompatibel mit Ergometern und Laufb\u00e4ndern, PDF- und Word-Export.\" \/>\n<meta name=\"robots\" content=\"index, follow, max-snippet:-1, max-image-preview:large, max-video-preview:-1\" \/>\n<link rel=\"canonical\" href=\"https:\/\/swixed.ch\/de\/produkt\/sed12002\/\" \/>\n<meta property=\"og:locale\" content=\"de_DE\" \/>\n<meta property=\"og:type\" content=\"article\" \/>\n<meta property=\"og:title\" content=\"Elektrokardiograph Edan SE-1515 DP12 Belastungs-EKG\" \/>\n<meta property=\"og:description\" content=\"Edan SE-1515 DP12 Belastungs-EKG mit DP12-Modul und dedizierter Software. Kompatibel mit Ergometern und Laufb\u00e4ndern, PDF- und Word-Export.\" \/>\n<meta property=\"og:url\" content=\"https:\/\/swixed.ch\/de\/produkt\/sed12002\/\" \/>\n<meta property=\"og:site_name\" content=\"Swixed SA\" \/>\n<meta property=\"article:publisher\" content=\"https:\/\/www.facebook.com\/swixed\" \/>\n<meta property=\"article:modified_time\" content=\"2026-02-01T20:09:45+00:00\" \/>\n<meta property=\"og:image\" content=\"https:\/\/swixed.ch\/wp-content\/uploads\/2026\/01\/SED12002-01.png\" \/>\n\t<meta property=\"og:image:width\" content=\"600\" \/>\n\t<meta property=\"og:image:height\" content=\"600\" \/>\n\t<meta property=\"og:image:type\" content=\"image\/png\" \/>\n<meta name=\"twitter:card\" content=\"summary_large_image\" \/>\n<meta name=\"twitter:label1\" content=\"Gesch\u00e4tzte Lesezeit\" \/>\n\t<meta name=\"twitter:data1\" content=\"2\u00a0Minuten\" \/>\n<script type=\"application\/ld+json\" class=\"yoast-schema-graph\">{\"@context\":\"https:\\\/\\\/schema.org\",\"@graph\":[{\"@type\":\"WebPage\",\"@id\":\"https:\\\/\\\/swixed.ch\\\/de\\\/produkt\\\/sed12002\\\/\",\"url\":\"https:\\\/\\\/swixed.ch\\\/de\\\/produkt\\\/sed12002\\\/\",\"name\":\"Belastungs-EKG Edan SE-1515 DP12 | Swixed SA\",\"isPartOf\":{\"@id\":\"https:\\\/\\\/swixed.ch\\\/de\\\/#website\"},\"primaryImageOfPage\":{\"@id\":\"https:\\\/\\\/swixed.ch\\\/de\\\/produkt\\\/sed12002\\\/#primaryimage\"},\"image\":{\"@id\":\"https:\\\/\\\/swixed.ch\\\/de\\\/produkt\\\/sed12002\\\/#primaryimage\"},\"thumbnailUrl\":\"https:\\\/\\\/swixed.ch\\\/wp-content\\\/uploads\\\/2026\\\/01\\\/SED12002-01.png\",\"datePublished\":\"2021-04-28T12:52:58+00:00\",\"dateModified\":\"2026-02-01T20:09:45+00:00\",\"description\":\"Edan SE-1515 DP12 Belastungs-EKG mit DP12-Modul und dedizierter Software. Kompatibel mit Ergometern und Laufb\u00e4ndern, PDF- und Word-Export.\",\"breadcrumb\":{\"@id\":\"https:\\\/\\\/swixed.ch\\\/de\\\/produkt\\\/sed12002\\\/#breadcrumb\"},\"inLanguage\":\"de\",\"potentialAction\":[{\"@type\":\"ReadAction\",\"target\":[\"https:\\\/\\\/swixed.ch\\\/de\\\/produkt\\\/sed12002\\\/\"]}]},{\"@type\":\"ImageObject\",\"inLanguage\":\"de\",\"@id\":\"https:\\\/\\\/swixed.ch\\\/de\\\/produkt\\\/sed12002\\\/#primaryimage\",\"url\":\"https:\\\/\\\/swixed.ch\\\/wp-content\\\/uploads\\\/2026\\\/01\\\/SED12002-01.png\",\"contentUrl\":\"https:\\\/\\\/swixed.ch\\\/wp-content\\\/uploads\\\/2026\\\/01\\\/SED12002-01.png\",\"width\":600,\"height\":600,\"caption\":\"SED12002, SED10007\"},{\"@type\":\"BreadcrumbList\",\"@id\":\"https:\\\/\\\/swixed.ch\\\/de\\\/produkt\\\/sed12002\\\/#breadcrumb\",\"itemListElement\":[{\"@type\":\"ListItem\",\"position\":1,\"name\":\"Startseite\",\"item\":\"https:\\\/\\\/swixed.ch\\\/de\\\/home\\\/\"},{\"@type\":\"ListItem\",\"position\":2,\"name\":\"Shop\",\"item\":\"https:\\\/\\\/swixed.ch\\\/de\\\/shop\\\/\"},{\"@type\":\"ListItem\",\"position\":3,\"name\":\"Elektrokardiograph Edan SE-1515 DP12 Belastungs-EKG\"}]},{\"@type\":\"WebSite\",\"@id\":\"https:\\\/\\\/swixed.ch\\\/de\\\/#website\",\"url\":\"https:\\\/\\\/swixed.ch\\\/de\\\/\",\"name\":\"Swixed SA\",\"description\":\"Elektronische Ger\u00e4te\",\"publisher\":{\"@id\":\"https:\\\/\\\/swixed.ch\\\/de\\\/#organization\"},\"potentialAction\":[{\"@type\":\"SearchAction\",\"target\":{\"@type\":\"EntryPoint\",\"urlTemplate\":\"https:\\\/\\\/swixed.ch\\\/de\\\/?s={search_term_string}\"},\"query-input\":{\"@type\":\"PropertyValueSpecification\",\"valueRequired\":true,\"valueName\":\"search_term_string\"}}],\"inLanguage\":\"de\"},{\"@type\":\"Organization\",\"@id\":\"https:\\\/\\\/swixed.ch\\\/de\\\/#organization\",\"name\":\"Swixed SA\",\"url\":\"https:\\\/\\\/swixed.ch\\\/de\\\/\",\"logo\":{\"@type\":\"ImageObject\",\"inLanguage\":\"de\",\"@id\":\"https:\\\/\\\/swixed.ch\\\/de\\\/#\\\/schema\\\/logo\\\/image\\\/\",\"url\":\"https:\\\/\\\/swixed.ch\\\/wp-content\\\/uploads\\\/logos\\\/swixed-logo-lite.png\",\"contentUrl\":\"https:\\\/\\\/swixed.ch\\\/wp-content\\\/uploads\\\/logos\\\/swixed-logo-lite.png\",\"width\":696,\"height\":696,\"caption\":\"Swixed SA\"},\"image\":{\"@id\":\"https:\\\/\\\/swixed.ch\\\/de\\\/#\\\/schema\\\/logo\\\/image\\\/\"},\"sameAs\":[\"https:\\\/\\\/www.facebook.com\\\/swixed\",\"https:\\\/\\\/www.linkedin.com\\\/company\\\/swixed\",\"https:\\\/\\\/www.youtube.com\\\/@swixedsa\"],\"description\":\"Swixed SA est une entreprise suisse bas\u00e9e \u00e0 Gen\u00e8ve, sp\u00e9cialis\u00e9e dans la vente, la location et la maintenance d\u2019appareils m\u00e9dicaux professionnels, tels que d\u00e9fibrillateurs AED, \u00e9lectrocardiographes, moniteurs patient et dispositifs de diagnostic.\",\"email\":\"infoshop@swixed.ch\",\"telephone\":\"+41 22 566 11 95\",\"legalName\":\"Swixed SA\",\"foundingDate\":\"2021-03-01\",\"numberOfEmployees\":{\"@type\":\"QuantitativeValue\",\"minValue\":\"1\",\"maxValue\":\"10\"}}]}<\/script>\n<!-- \/ Yoast SEO Premium plugin. -->","yoast_head_json":{"title":"Belastungs-EKG Edan SE-1515 DP12 | Swixed SA","description":"Edan SE-1515 DP12 Belastungs-EKG mit DP12-Modul und dedizierter Software. Kompatibel mit Ergometern und Laufb\u00e4ndern, PDF- und Word-Export.","robots":{"index":"index","follow":"follow","max-snippet":"max-snippet:-1","max-image-preview":"max-image-preview:large","max-video-preview":"max-video-preview:-1"},"canonical":"https:\/\/swixed.ch\/de\/produkt\/sed12002\/","og_locale":"de_DE","og_type":"article","og_title":"Elektrokardiograph Edan SE-1515 DP12 Belastungs-EKG","og_description":"Edan SE-1515 DP12 Belastungs-EKG mit DP12-Modul und dedizierter Software. Kompatibel mit Ergometern und Laufb\u00e4ndern, PDF- und Word-Export.","og_url":"https:\/\/swixed.ch\/de\/produkt\/sed12002\/","og_site_name":"Swixed SA","article_publisher":"https:\/\/www.facebook.com\/swixed","article_modified_time":"2026-02-01T20:09:45+00:00","og_image":[{"width":600,"height":600,"url":"https:\/\/swixed.ch\/wp-content\/uploads\/2026\/01\/SED12002-01.png","type":"image\/png"}],"twitter_card":"summary_large_image","twitter_misc":{"Gesch\u00e4tzte Lesezeit":"2\u00a0Minuten"},"schema":{"@context":"https:\/\/schema.org","@graph":[{"@type":"WebPage","@id":"https:\/\/swixed.ch\/de\/produkt\/sed12002\/","url":"https:\/\/swixed.ch\/de\/produkt\/sed12002\/","name":"Belastungs-EKG Edan SE-1515 DP12 | Swixed SA","isPartOf":{"@id":"https:\/\/swixed.ch\/de\/#website"},"primaryImageOfPage":{"@id":"https:\/\/swixed.ch\/de\/produkt\/sed12002\/#primaryimage"},"image":{"@id":"https:\/\/swixed.ch\/de\/produkt\/sed12002\/#primaryimage"},"thumbnailUrl":"https:\/\/swixed.ch\/wp-content\/uploads\/2026\/01\/SED12002-01.png","datePublished":"2021-04-28T12:52:58+00:00","dateModified":"2026-02-01T20:09:45+00:00","description":"Edan SE-1515 DP12 Belastungs-EKG mit DP12-Modul und dedizierter Software. Kompatibel mit Ergometern und Laufb\u00e4ndern, PDF- und Word-Export.","breadcrumb":{"@id":"https:\/\/swixed.ch\/de\/produkt\/sed12002\/#breadcrumb"},"inLanguage":"de","potentialAction":[{"@type":"ReadAction","target":["https:\/\/swixed.ch\/de\/produkt\/sed12002\/"]}]},{"@type":"ImageObject","inLanguage":"de","@id":"https:\/\/swixed.ch\/de\/produkt\/sed12002\/#primaryimage","url":"https:\/\/swixed.ch\/wp-content\/uploads\/2026\/01\/SED12002-01.png","contentUrl":"https:\/\/swixed.ch\/wp-content\/uploads\/2026\/01\/SED12002-01.png","width":600,"height":600,"caption":"SED12002, SED10007"},{"@type":"BreadcrumbList","@id":"https:\/\/swixed.ch\/de\/produkt\/sed12002\/#breadcrumb","itemListElement":[{"@type":"ListItem","position":1,"name":"Startseite","item":"https:\/\/swixed.ch\/de\/home\/"},{"@type":"ListItem","position":2,"name":"Shop","item":"https:\/\/swixed.ch\/de\/shop\/"},{"@type":"ListItem","position":3,"name":"Elektrokardiograph Edan SE-1515 DP12 Belastungs-EKG"}]},{"@type":"WebSite","@id":"https:\/\/swixed.ch\/de\/#website","url":"https:\/\/swixed.ch\/de\/","name":"Swixed SA","description":"Elektronische Ger\u00e4te","publisher":{"@id":"https:\/\/swixed.ch\/de\/#organization"},"potentialAction":[{"@type":"SearchAction","target":{"@type":"EntryPoint","urlTemplate":"https:\/\/swixed.ch\/de\/?s={search_term_string}"},"query-input":{"@type":"PropertyValueSpecification","valueRequired":true,"valueName":"search_term_string"}}],"inLanguage":"de"},{"@type":"Organization","@id":"https:\/\/swixed.ch\/de\/#organization","name":"Swixed SA","url":"https:\/\/swixed.ch\/de\/","logo":{"@type":"ImageObject","inLanguage":"de","@id":"https:\/\/swixed.ch\/de\/#\/schema\/logo\/image\/","url":"https:\/\/swixed.ch\/wp-content\/uploads\/logos\/swixed-logo-lite.png","contentUrl":"https:\/\/swixed.ch\/wp-content\/uploads\/logos\/swixed-logo-lite.png","width":696,"height":696,"caption":"Swixed SA"},"image":{"@id":"https:\/\/swixed.ch\/de\/#\/schema\/logo\/image\/"},"sameAs":["https:\/\/www.facebook.com\/swixed","https:\/\/www.linkedin.com\/company\/swixed","https:\/\/www.youtube.com\/@swixedsa"],"description":"Swixed SA est une entreprise suisse bas\u00e9e \u00e0 Gen\u00e8ve, sp\u00e9cialis\u00e9e dans la vente, la location et la maintenance d\u2019appareils m\u00e9dicaux professionnels, tels que d\u00e9fibrillateurs AED, \u00e9lectrocardiographes, moniteurs patient et dispositifs de diagnostic.","email":"infoshop@swixed.ch","telephone":"+41 22 566 11 95","legalName":"Swixed SA","foundingDate":"2021-03-01","numberOfEmployees":{"@type":"QuantitativeValue","minValue":"1","maxValue":"10"}}]}},"_links":{"self":[{"href":"https:\/\/swixed.ch\/de\/wp-json\/wp\/v2\/product\/33700","targetHints":{"allow":["GET"]}}],"collection":[{"href":"https:\/\/swixed.ch\/de\/wp-json\/wp\/v2\/product"}],"about":[{"href":"https:\/\/swixed.ch\/de\/wp-json\/wp\/v2\/types\/product"}],"version-history":[{"count":0,"href":"https:\/\/swixed.ch\/de\/wp-json\/wp\/v2\/product\/33700\/revisions"}],"wp:featuredmedia":[{"embeddable":true,"href":"https:\/\/swixed.ch\/de\/wp-json\/wp\/v2\/media\/60696"}],"wp:attachment":[{"href":"https:\/\/swixed.ch\/de\/wp-json\/wp\/v2\/media?parent=33700"}],"wp:term":[{"taxonomy":"product_brand","embeddable":true,"href":"https:\/\/swixed.ch\/de\/wp-json\/wp\/v2\/product_brand?post=33700"},{"taxonomy":"product_cat","embeddable":true,"href":"https:\/\/swixed.ch\/de\/wp-json\/wp\/v2\/product_cat?post=33700"},{"taxonomy":"product_tag","embeddable":true,"href":"https:\/\/swixed.ch\/de\/wp-json\/wp\/v2\/product_tag?post=33700"}],"curies":[{"name":"wp","href":"https:\/\/api.w.org\/{rel}","templated":true}]}}