{"id":33716,"date":"2021-04-28T15:48:53","date_gmt":"2021-04-28T13:48:53","guid":{"rendered":"https:\/\/swixed.com\/produit\/wiederverwendbarer-sensor-fuer-erwachsene-fuer-edan-h100b\/"},"modified":"2025-12-28T21:11:22","modified_gmt":"2025-12-28T20:11:22","slug":"sed72004","status":"publish","type":"product","link":"https:\/\/swixed.ch\/de\/produkt\/sed72004\/","title":{"rendered":"Wiederverwendbarer Sensor f\u00fcr Erwachsene f\u00fcr das Oximeter Edan H100B"},"content":{"rendered":"\t\t<div data-elementor-type=\"product-post\" data-elementor-id=\"33716\" class=\"elementor elementor-33716 elementor-3374\" data-elementor-post-type=\"product\">\n\t\t\t\t\t\t<section class=\"elementor-section elementor-top-section elementor-element elementor-element-566dfe8 elementor-section-full_width elementor-section-height-default elementor-section-height-default\" data-id=\"566dfe8\" data-element_type=\"section\" data-e-type=\"section\">\n\t\t\t\t\t\t<div class=\"elementor-container elementor-column-gap-default\">\n\t\t\t\t\t<div class=\"elementor-column elementor-col-100 elementor-top-column elementor-element elementor-element-2c4618e\" data-id=\"2c4618e\" data-element_type=\"column\" data-e-type=\"column\">\n\t\t\t<div class=\"elementor-widget-wrap elementor-element-populated\">\n\t\t\t\t\t\t<div class=\"elementor-element elementor-element-57fea7d elementor-widget elementor-widget-heading\" data-id=\"57fea7d\" data-element_type=\"widget\" data-e-type=\"widget\" data-widget_type=\"heading.default\">\n\t\t\t\t\t<h2 class=\"elementor-heading-title elementor-size-default\">Beschreibung<\/h2>\t\t\t\t<\/div>\n\t\t\t\t<div class=\"elementor-element elementor-element-e0a279c elementor-widget elementor-widget-text-editor\" data-id=\"e0a279c\" data-element_type=\"widget\" data-e-type=\"widget\" data-widget_type=\"text-editor.default\">\n\t\t\t\t\t\t\t\t\t<p>Der wiederverwendbare Sensor f\u00fcr Erwachsene f\u00fcr das Pulsoximeter Edan H100B ist ein wichtiges Zubeh\u00f6r f\u00fcr die Gesundheits\u00fcberwachung von erwachsenen Patienten. Er ist f\u00fcr genaue Messungen der pulsierenden Sauerstoffs\u00e4ttigung (SpO2) und der Herzfrequenz konzipiert und kann einfach an der Fingerspitze (Zeige-, Mittel- oder Ringfinger) von Patienten mit einem Gewicht von mehr als 40 kg befestigt werden. <\/p><p>Dieser Sensor ist aus hochwertigen Materialien gefertigt, die eine komfortable und sichere Anwendung gew\u00e4hrleisten. Durch sein wiederverwendbares Design tr\u00e4gt er zur Reduzierung von medizinischem Abfall bei, w\u00e4hrend er gleichzeitig hohe Hygiene- und Sicherheitsstandards aufrechterh\u00e4lt. <\/p>\t\t\t\t\t\t\t\t<\/div>\n\t\t\t\t<div class=\"elementor-element elementor-element-f4ba687 elementor-widget elementor-widget-heading\" data-id=\"f4ba687\" data-element_type=\"widget\" data-e-type=\"widget\" data-widget_type=\"heading.default\">\n\t\t\t\t\t<h2 class=\"elementor-heading-title elementor-size-default\">Hauptmerkmale<\/h2>\t\t\t\t<\/div>\n\t\t\t\t<div class=\"elementor-element elementor-element-ecd3042 elementor-widget elementor-widget-text-editor\" data-id=\"ecd3042\" data-element_type=\"widget\" data-e-type=\"widget\" data-widget_type=\"text-editor.default\">\n\t\t\t\t\t\t\t\t\t<ul><li><strong>Kompatibilit\u00e4t:<\/strong> Verwendet mit dem Oximeter Edan H100B<\/li><li><strong>Messungen:<\/strong> Sauerstoffs\u00e4ttigung (SpO2) und Herzfrequenz<\/li><li><strong>Befestigung:<\/strong> Klemme, die an die Finger angepasst ist (Zeige-, Mittel-, Ringfinger)<\/li><li><strong>Patientengewicht:<\/strong> Geeignet f\u00fcr erwachsene Patienten \u00fcber 40 kg.<\/li><li><strong>Materialien:<\/strong> Hochwertige Verarbeitung f\u00fcr optimalen Komfort<\/li><\/ul>\t\t\t\t\t\t\t\t<\/div>\n\t\t\t\t<div class=\"elementor-element elementor-element-99d4cd3 elementor-widget elementor-widget-heading\" data-id=\"99d4cd3\" data-element_type=\"widget\" data-e-type=\"widget\" data-widget_type=\"heading.default\">\n\t\t\t\t\t<h2 class=\"elementor-heading-title elementor-size-default\">Inhalt<\/h2>\t\t\t\t<\/div>\n\t\t\t\t<div class=\"elementor-element elementor-element-c96327a elementor-widget elementor-widget-text-editor\" data-id=\"c96327a\" data-element_type=\"widget\" data-e-type=\"widget\" data-widget_type=\"text-editor.default\">\n\t\t\t\t\t\t\t\t\t<ul><li>1 wiederverwendbarer Sensor f\u00fcr Erwachsene<\/li><li>Handbuch<\/li><\/ul><p><em><strong>Hinweis: <\/strong>Dieser Sensor ist ein medizinisches Ger\u00e4t, das unter der Aufsicht von medizinischem Fachpersonal verwendet werden soll. Er wurde f\u00fcr zuverl\u00e4ssige und genaue Gesundheitsmessungen entwickelt, die in medizinischen Umgebungen unerl\u00e4sslich sind. <\/em><\/p>\t\t\t\t\t\t\t\t<\/div>\n\t\t\t\t\t<\/div>\n\t\t<\/div>\n\t\t\t\t\t<\/div>\n\t\t<\/section>\n\t\t\t\t<\/div>\n\t\t","protected":false},"excerpt":{"rendered":"<p>Wiederverwendbarer Sensor f\u00fcr das Oximeter Edan H100B, ideal zur Messung der Sauerstoffs\u00e4ttigung (SpO2) und der Herzfrequenz bei erwachsenen Patienten mit einem Gewicht von mehr als 40 kg.<\/p>\n","protected":false},"featured_media":27135,"template":"","meta":{"_acf_changed":false},"product_brand":[2085],"product_cat":[1112,1256],"product_tag":[5335,5333,5340,5337,3097,5338,2752,3417,5336,1711,1119,5339,3303,1181,5334],"class_list":{"0":"post-33716","1":"product","2":"type-product","3":"status-publish","4":"has-post-thumbnail","6":"product_brand-edan-de","7":"product_cat-pulsoximeter","8":"product_cat-zubehor-pulsoximeter","9":"product_tag-edan-h100b-de","10":"product_tag-erwachsener-sensor","11":"product_tag-fingerbefestigung","12":"product_tag-gesundheit-der-patienten","13":"product_tag-herzrhythmus","14":"product_tag-medizinische-uberwachung","15":"product_tag-medizinisches-gerat","16":"product_tag-medizinisches-zubehor","17":"product_tag-messung-der-sattigung","18":"product_tag-oximetrie","19":"product_tag-pulsoximeter","20":"product_tag-pulssensor","21":"product_tag-sauerstoffsattigung","22":"product_tag-spo2-de","23":"product_tag-wiederverwendbarer-sensor","25":"first","26":"instock","27":"sale","28":"taxable","29":"shipping-taxable","30":"purchasable","31":"product-type-simple"},"acf":[],"yoast_head":"<!-- This site is optimized with the Yoast SEO Premium plugin v27.4 (Yoast SEO v27.4) - https:\/\/yoast.com\/product\/yoast-seo-premium-wordpress\/ -->\n<title>Wiederverwendbarer Sensor f\u00fcr Erwachsene f\u00fcr das Oximeter Edan H100B | Swixed SA<\/title>\n<meta name=\"description\" content=\"Wiederverwendbarer Sensor f\u00fcr Erwachsene f\u00fcr das Oximeter Edan H100B, mit dem Sie die Sauerstoffs\u00e4ttigung (SpO2) und die Herzfrequenz genau messen k\u00f6nnen.\" \/>\n<meta name=\"robots\" content=\"index, follow, max-snippet:-1, max-image-preview:large, max-video-preview:-1\" \/>\n<link rel=\"canonical\" href=\"https:\/\/swixed.ch\/de\/produkt\/sed72004\/\" \/>\n<meta property=\"og:locale\" content=\"de_DE\" \/>\n<meta property=\"og:type\" content=\"article\" \/>\n<meta property=\"og:title\" content=\"Wiederverwendbarer Sensor f\u00fcr Erwachsene f\u00fcr das Oximeter Edan H100B\" \/>\n<meta property=\"og:description\" content=\"Wiederverwendbarer Sensor f\u00fcr Erwachsene f\u00fcr das Oximeter Edan H100B, mit dem Sie die Sauerstoffs\u00e4ttigung (SpO2) und die Herzfrequenz genau messen k\u00f6nnen.\" \/>\n<meta property=\"og:url\" content=\"https:\/\/swixed.ch\/de\/produkt\/sed72004\/\" \/>\n<meta property=\"og:site_name\" content=\"Swixed SA\" \/>\n<meta property=\"article:publisher\" content=\"https:\/\/www.facebook.com\/swixed\" \/>\n<meta property=\"article:modified_time\" content=\"2025-12-28T20:11:22+00:00\" \/>\n<meta property=\"og:image\" content=\"https:\/\/swixed.ch\/wp-content\/uploads\/products\/edan-h100b-capteur-adulte-01.png\" \/>\n\t<meta property=\"og:image:width\" content=\"600\" \/>\n\t<meta property=\"og:image:height\" content=\"600\" \/>\n\t<meta property=\"og:image:type\" content=\"image\/png\" \/>\n<meta name=\"twitter:card\" content=\"summary_large_image\" \/>\n<meta name=\"twitter:label1\" content=\"Gesch\u00e4tzte Lesezeit\" \/>\n\t<meta name=\"twitter:data1\" content=\"1\u00a0Minute\" \/>\n<script type=\"application\/ld+json\" class=\"yoast-schema-graph\">{\"@context\":\"https:\\\/\\\/schema.org\",\"@graph\":[{\"@type\":\"WebPage\",\"@id\":\"https:\\\/\\\/swixed.ch\\\/de\\\/produkt\\\/sed72004\\\/\",\"url\":\"https:\\\/\\\/swixed.ch\\\/de\\\/produkt\\\/sed72004\\\/\",\"name\":\"Wiederverwendbarer Sensor f\u00fcr Erwachsene f\u00fcr das Oximeter Edan H100B | Swixed SA\",\"isPartOf\":{\"@id\":\"https:\\\/\\\/swixed.ch\\\/de\\\/#website\"},\"primaryImageOfPage\":{\"@id\":\"https:\\\/\\\/swixed.ch\\\/de\\\/produkt\\\/sed72004\\\/#primaryimage\"},\"image\":{\"@id\":\"https:\\\/\\\/swixed.ch\\\/de\\\/produkt\\\/sed72004\\\/#primaryimage\"},\"thumbnailUrl\":\"https:\\\/\\\/swixed.ch\\\/wp-content\\\/uploads\\\/products\\\/edan-h100b-capteur-adulte-01.png\",\"datePublished\":\"2021-04-28T13:48:53+00:00\",\"dateModified\":\"2025-12-28T20:11:22+00:00\",\"description\":\"Wiederverwendbarer Sensor f\u00fcr Erwachsene f\u00fcr das Oximeter Edan H100B, mit dem Sie die Sauerstoffs\u00e4ttigung (SpO2) und die Herzfrequenz genau messen k\u00f6nnen.\",\"breadcrumb\":{\"@id\":\"https:\\\/\\\/swixed.ch\\\/de\\\/produkt\\\/sed72004\\\/#breadcrumb\"},\"inLanguage\":\"de\",\"potentialAction\":[{\"@type\":\"ReadAction\",\"target\":[\"https:\\\/\\\/swixed.ch\\\/de\\\/produkt\\\/sed72004\\\/\"]}]},{\"@type\":\"ImageObject\",\"inLanguage\":\"de\",\"@id\":\"https:\\\/\\\/swixed.ch\\\/de\\\/produkt\\\/sed72004\\\/#primaryimage\",\"url\":\"https:\\\/\\\/swixed.ch\\\/wp-content\\\/uploads\\\/products\\\/edan-h100b-capteur-adulte-01.png\",\"contentUrl\":\"https:\\\/\\\/swixed.ch\\\/wp-content\\\/uploads\\\/products\\\/edan-h100b-capteur-adulte-01.png\",\"width\":600,\"height\":600,\"caption\":\"edan-h100b-capteur-adulte-01\"},{\"@type\":\"BreadcrumbList\",\"@id\":\"https:\\\/\\\/swixed.ch\\\/de\\\/produkt\\\/sed72004\\\/#breadcrumb\",\"itemListElement\":[{\"@type\":\"ListItem\",\"position\":1,\"name\":\"Startseite\",\"item\":\"https:\\\/\\\/swixed.ch\\\/de\\\/home\\\/\"},{\"@type\":\"ListItem\",\"position\":2,\"name\":\"Shop\",\"item\":\"https:\\\/\\\/swixed.ch\\\/de\\\/shop\\\/\"},{\"@type\":\"ListItem\",\"position\":3,\"name\":\"Wiederverwendbarer Sensor f\u00fcr Erwachsene f\u00fcr das Oximeter Edan H100B\"}]},{\"@type\":\"WebSite\",\"@id\":\"https:\\\/\\\/swixed.ch\\\/de\\\/#website\",\"url\":\"https:\\\/\\\/swixed.ch\\\/de\\\/\",\"name\":\"Swixed SA\",\"description\":\"Elektronische Ger\u00e4te\",\"publisher\":{\"@id\":\"https:\\\/\\\/swixed.ch\\\/de\\\/#organization\"},\"potentialAction\":[{\"@type\":\"SearchAction\",\"target\":{\"@type\":\"EntryPoint\",\"urlTemplate\":\"https:\\\/\\\/swixed.ch\\\/de\\\/?s={search_term_string}\"},\"query-input\":{\"@type\":\"PropertyValueSpecification\",\"valueRequired\":true,\"valueName\":\"search_term_string\"}}],\"inLanguage\":\"de\"},{\"@type\":\"Organization\",\"@id\":\"https:\\\/\\\/swixed.ch\\\/de\\\/#organization\",\"name\":\"Swixed SA\",\"url\":\"https:\\\/\\\/swixed.ch\\\/de\\\/\",\"logo\":{\"@type\":\"ImageObject\",\"inLanguage\":\"de\",\"@id\":\"https:\\\/\\\/swixed.ch\\\/de\\\/#\\\/schema\\\/logo\\\/image\\\/\",\"url\":\"https:\\\/\\\/swixed.ch\\\/wp-content\\\/uploads\\\/logos\\\/swixed-logo-lite.png\",\"contentUrl\":\"https:\\\/\\\/swixed.ch\\\/wp-content\\\/uploads\\\/logos\\\/swixed-logo-lite.png\",\"width\":696,\"height\":696,\"caption\":\"Swixed SA\"},\"image\":{\"@id\":\"https:\\\/\\\/swixed.ch\\\/de\\\/#\\\/schema\\\/logo\\\/image\\\/\"},\"sameAs\":[\"https:\\\/\\\/www.facebook.com\\\/swixed\",\"https:\\\/\\\/www.linkedin.com\\\/company\\\/swixed\",\"https:\\\/\\\/www.youtube.com\\\/@swixedsa\"],\"description\":\"Swixed SA est une entreprise suisse bas\u00e9e \u00e0 Gen\u00e8ve, sp\u00e9cialis\u00e9e dans la vente, la location et la maintenance d\u2019appareils m\u00e9dicaux professionnels, tels que d\u00e9fibrillateurs AED, \u00e9lectrocardiographes, moniteurs patient et dispositifs de diagnostic.\",\"email\":\"infoshop@swixed.ch\",\"telephone\":\"+41 22 566 11 95\",\"legalName\":\"Swixed SA\",\"foundingDate\":\"2021-03-01\",\"numberOfEmployees\":{\"@type\":\"QuantitativeValue\",\"minValue\":\"1\",\"maxValue\":\"10\"}}]}<\/script>\n<!-- \/ Yoast SEO Premium plugin. -->","yoast_head_json":{"title":"Wiederverwendbarer Sensor f\u00fcr Erwachsene f\u00fcr das Oximeter Edan H100B | Swixed SA","description":"Wiederverwendbarer Sensor f\u00fcr Erwachsene f\u00fcr das Oximeter Edan H100B, mit dem Sie die Sauerstoffs\u00e4ttigung (SpO2) und die Herzfrequenz genau messen k\u00f6nnen.","robots":{"index":"index","follow":"follow","max-snippet":"max-snippet:-1","max-image-preview":"max-image-preview:large","max-video-preview":"max-video-preview:-1"},"canonical":"https:\/\/swixed.ch\/de\/produkt\/sed72004\/","og_locale":"de_DE","og_type":"article","og_title":"Wiederverwendbarer Sensor f\u00fcr Erwachsene f\u00fcr das Oximeter Edan H100B","og_description":"Wiederverwendbarer Sensor f\u00fcr Erwachsene f\u00fcr das Oximeter Edan H100B, mit dem Sie die Sauerstoffs\u00e4ttigung (SpO2) und die Herzfrequenz genau messen k\u00f6nnen.","og_url":"https:\/\/swixed.ch\/de\/produkt\/sed72004\/","og_site_name":"Swixed SA","article_publisher":"https:\/\/www.facebook.com\/swixed","article_modified_time":"2025-12-28T20:11:22+00:00","og_image":[{"width":600,"height":600,"url":"https:\/\/swixed.ch\/wp-content\/uploads\/products\/edan-h100b-capteur-adulte-01.png","type":"image\/png"}],"twitter_card":"summary_large_image","twitter_misc":{"Gesch\u00e4tzte Lesezeit":"1\u00a0Minute"},"schema":{"@context":"https:\/\/schema.org","@graph":[{"@type":"WebPage","@id":"https:\/\/swixed.ch\/de\/produkt\/sed72004\/","url":"https:\/\/swixed.ch\/de\/produkt\/sed72004\/","name":"Wiederverwendbarer Sensor f\u00fcr Erwachsene f\u00fcr das Oximeter Edan H100B | Swixed SA","isPartOf":{"@id":"https:\/\/swixed.ch\/de\/#website"},"primaryImageOfPage":{"@id":"https:\/\/swixed.ch\/de\/produkt\/sed72004\/#primaryimage"},"image":{"@id":"https:\/\/swixed.ch\/de\/produkt\/sed72004\/#primaryimage"},"thumbnailUrl":"https:\/\/swixed.ch\/wp-content\/uploads\/products\/edan-h100b-capteur-adulte-01.png","datePublished":"2021-04-28T13:48:53+00:00","dateModified":"2025-12-28T20:11:22+00:00","description":"Wiederverwendbarer Sensor f\u00fcr Erwachsene f\u00fcr das Oximeter Edan H100B, mit dem Sie die Sauerstoffs\u00e4ttigung (SpO2) und die Herzfrequenz genau messen k\u00f6nnen.","breadcrumb":{"@id":"https:\/\/swixed.ch\/de\/produkt\/sed72004\/#breadcrumb"},"inLanguage":"de","potentialAction":[{"@type":"ReadAction","target":["https:\/\/swixed.ch\/de\/produkt\/sed72004\/"]}]},{"@type":"ImageObject","inLanguage":"de","@id":"https:\/\/swixed.ch\/de\/produkt\/sed72004\/#primaryimage","url":"https:\/\/swixed.ch\/wp-content\/uploads\/products\/edan-h100b-capteur-adulte-01.png","contentUrl":"https:\/\/swixed.ch\/wp-content\/uploads\/products\/edan-h100b-capteur-adulte-01.png","width":600,"height":600,"caption":"edan-h100b-capteur-adulte-01"},{"@type":"BreadcrumbList","@id":"https:\/\/swixed.ch\/de\/produkt\/sed72004\/#breadcrumb","itemListElement":[{"@type":"ListItem","position":1,"name":"Startseite","item":"https:\/\/swixed.ch\/de\/home\/"},{"@type":"ListItem","position":2,"name":"Shop","item":"https:\/\/swixed.ch\/de\/shop\/"},{"@type":"ListItem","position":3,"name":"Wiederverwendbarer Sensor f\u00fcr Erwachsene f\u00fcr das Oximeter Edan H100B"}]},{"@type":"WebSite","@id":"https:\/\/swixed.ch\/de\/#website","url":"https:\/\/swixed.ch\/de\/","name":"Swixed SA","description":"Elektronische Ger\u00e4te","publisher":{"@id":"https:\/\/swixed.ch\/de\/#organization"},"potentialAction":[{"@type":"SearchAction","target":{"@type":"EntryPoint","urlTemplate":"https:\/\/swixed.ch\/de\/?s={search_term_string}"},"query-input":{"@type":"PropertyValueSpecification","valueRequired":true,"valueName":"search_term_string"}}],"inLanguage":"de"},{"@type":"Organization","@id":"https:\/\/swixed.ch\/de\/#organization","name":"Swixed SA","url":"https:\/\/swixed.ch\/de\/","logo":{"@type":"ImageObject","inLanguage":"de","@id":"https:\/\/swixed.ch\/de\/#\/schema\/logo\/image\/","url":"https:\/\/swixed.ch\/wp-content\/uploads\/logos\/swixed-logo-lite.png","contentUrl":"https:\/\/swixed.ch\/wp-content\/uploads\/logos\/swixed-logo-lite.png","width":696,"height":696,"caption":"Swixed SA"},"image":{"@id":"https:\/\/swixed.ch\/de\/#\/schema\/logo\/image\/"},"sameAs":["https:\/\/www.facebook.com\/swixed","https:\/\/www.linkedin.com\/company\/swixed","https:\/\/www.youtube.com\/@swixedsa"],"description":"Swixed SA est une entreprise suisse bas\u00e9e \u00e0 Gen\u00e8ve, sp\u00e9cialis\u00e9e dans la vente, la location et la maintenance d\u2019appareils m\u00e9dicaux professionnels, tels que d\u00e9fibrillateurs AED, \u00e9lectrocardiographes, moniteurs patient et dispositifs de diagnostic.","email":"infoshop@swixed.ch","telephone":"+41 22 566 11 95","legalName":"Swixed SA","foundingDate":"2021-03-01","numberOfEmployees":{"@type":"QuantitativeValue","minValue":"1","maxValue":"10"}}]}},"_links":{"self":[{"href":"https:\/\/swixed.ch\/de\/wp-json\/wp\/v2\/product\/33716","targetHints":{"allow":["GET"]}}],"collection":[{"href":"https:\/\/swixed.ch\/de\/wp-json\/wp\/v2\/product"}],"about":[{"href":"https:\/\/swixed.ch\/de\/wp-json\/wp\/v2\/types\/product"}],"version-history":[{"count":0,"href":"https:\/\/swixed.ch\/de\/wp-json\/wp\/v2\/product\/33716\/revisions"}],"wp:featuredmedia":[{"embeddable":true,"href":"https:\/\/swixed.ch\/de\/wp-json\/wp\/v2\/media\/27135"}],"wp:attachment":[{"href":"https:\/\/swixed.ch\/de\/wp-json\/wp\/v2\/media?parent=33716"}],"wp:term":[{"taxonomy":"product_brand","embeddable":true,"href":"https:\/\/swixed.ch\/de\/wp-json\/wp\/v2\/product_brand?post=33716"},{"taxonomy":"product_cat","embeddable":true,"href":"https:\/\/swixed.ch\/de\/wp-json\/wp\/v2\/product_cat?post=33716"},{"taxonomy":"product_tag","embeddable":true,"href":"https:\/\/swixed.ch\/de\/wp-json\/wp\/v2\/product_tag?post=33716"}],"curies":[{"name":"wp","href":"https:\/\/api.w.org\/{rel}","templated":true}]}}