{"id":33739,"date":"2021-04-29T08:43:01","date_gmt":"2021-04-29T07:43:01","guid":{"rendered":"https:\/\/swixed.com\/produit\/sonden-fuer-edan-sonotrax\/"},"modified":"2026-04-20T20:00:38","modified_gmt":"2026-04-20T19:00:38","slug":"sed52001","status":"publish","type":"product","link":"https:\/\/swixed.ch\/de\/produkt\/sed52001\/","title":{"rendered":"Sonden f\u00fcr Edan Sonotrax"},"content":{"rendered":"\t\t<div data-elementor-type=\"product-post\" data-elementor-id=\"33739\" class=\"elementor elementor-33739 elementor-3396\" data-elementor-post-type=\"product\">\n\t\t\t\t\t\t<section class=\"elementor-section elementor-top-section elementor-element elementor-element-566dfe8 elementor-section-full_width elementor-section-height-default elementor-section-height-default\" data-id=\"566dfe8\" data-element_type=\"section\" data-e-type=\"section\">\n\t\t\t\t\t\t<div class=\"elementor-container elementor-column-gap-default\">\n\t\t\t\t\t<div class=\"elementor-column elementor-col-100 elementor-top-column elementor-element elementor-element-2c4618e\" data-id=\"2c4618e\" data-element_type=\"column\" data-e-type=\"column\">\n\t\t\t<div class=\"elementor-widget-wrap elementor-element-populated\">\n\t\t\t\t\t\t<div class=\"elementor-element elementor-element-57fea7d elementor-widget elementor-widget-heading\" data-id=\"57fea7d\" data-element_type=\"widget\" data-e-type=\"widget\" data-widget_type=\"heading.default\">\n\t\t\t\t\t<h2 class=\"elementor-heading-title elementor-size-default\">Beschreibung<\/h2>\t\t\t\t<\/div>\n\t\t\t\t<div class=\"elementor-element elementor-element-e0a279c elementor-widget elementor-widget-text-editor\" data-id=\"e0a279c\" data-element_type=\"widget\" data-e-type=\"widget\" data-widget_type=\"text-editor.default\">\n\t\t\t\t\t\t\t\t\t<p>Optimieren Sie Ihre medizinischen \u00dcberwachungsm\u00f6glichkeiten mit den Sonotrax-Dopplersonden von EDAN. Diese Sonden sind so konzipiert, dass sie perfekt zu allen Sonotrax-Ger\u00e4ten passen und bieten medizinischem Fachpersonal die M\u00f6glichkeit, fetale oder vaskul\u00e4re Untersuchungen mit Pr\u00e4zision durchzuf\u00fchren. <\/p><p>Durch die Verwendung dieser Sonden kann ein Sonotrax Fetaldoppler in einen Gef\u00e4\u00dfdoppler umgewandelt werden, wodurch sich die Einsatzm\u00f6glichkeiten erweitern. Jede Sonde ist in verschiedenen Frequenzen erh\u00e4ltlich: 2, 3, 4,5 oder 8 MHz, um den unterschiedlichen klinischen Anforderungen und medizinischen Situationen gerecht zu werden. <\/p><p>Ob zur Beurteilung des F\u00f6tus oder zur \u00dcberwachung des Blutflusses, die Sonotrax-Sonden von EDAN liefern zuverl\u00e4ssige Ergebnisse und bieten eine intuitive Benutzererfahrung, die die Arbeit des medizinischen Personals erleichtert.<\/p>\t\t\t\t\t\t\t\t<\/div>\n\t\t\t\t<div class=\"elementor-element elementor-element-f180a20 elementor-widget elementor-widget-heading\" data-id=\"f180a20\" data-element_type=\"widget\" data-e-type=\"widget\" data-widget_type=\"heading.default\">\n\t\t\t\t\t<h2 class=\"elementor-heading-title elementor-size-default\">Inhalt<\/h2>\t\t\t\t<\/div>\n\t\t\t\t<div class=\"elementor-element elementor-element-ebd5fda elementor-widget elementor-widget-text-editor\" data-id=\"ebd5fda\" data-element_type=\"widget\" data-e-type=\"widget\" data-widget_type=\"text-editor.default\">\n\t\t\t\t\t\t\t\t\t<ul><li>Sonotrax Doppler-Sonden (Modelle je nach gew\u00e4hlter Frequenz)<\/li><li>Handbuch<\/li><\/ul>\t\t\t\t\t\t\t\t<\/div>\n\t\t\t\t\t<\/div>\n\t\t<\/div>\n\t\t\t\t\t<\/div>\n\t\t<\/section>\n\t\t\t\t<\/div>\n\t\t","protected":false},"excerpt":{"rendered":"<p>Austauschbare Doppler-Sonden von Edan, kompatibel mit allen Ger\u00e4ten der Sonotrax-Serie. Erh\u00e4ltlich in den Frequenzen 2, 3, 4,5 und 8 MHz. Jede Sonde ist CE-zertifiziert, mit passendem Anschluss ausgestattet und einzeln erh\u00e4ltlich.  <\/p>\n","protected":false},"featured_media":27247,"template":"","meta":{"_acf_changed":false},"product_brand":[2085],"product_cat":[1198,1273],"product_tag":[5148,4732,3767,3403,5156,5151,5152,5153,5154,5150,3769,3824,5155,5157,5149],"class_list":{"0":"post-33739","1":"product","2":"type-product","3":"status-publish","4":"has-post-thumbnail","6":"product_brand-edan-de","7":"product_cat-doppler-de","8":"product_cat-zubehor-doppler","9":"product_tag-doppler-sonden","10":"product_tag-edan-sonotrax-de","11":"product_tag-fetale-uberwachung","12":"product_tag-fetaler-doppler","13":"product_tag-fetalmonitoring","14":"product_tag-frequenz-2-mhz","15":"product_tag-frequenz-3-mhz","16":"product_tag-frequenz-45-mhz","17":"product_tag-frequenz-8-mhz","18":"product_tag-gefasdoppler","19":"product_tag-medizinische-ausrustung","20":"product_tag-medizinisches-zubehor-de","21":"product_tag-pranataldiagnostik","22":"product_tag-ultraschallsonde","23":"product_tag-vaskulare-uberwachung","25":"first","26":"instock","27":"taxable","28":"shipping-taxable","29":"purchasable","30":"product-type-variable","31":"has-default-attributes"},"acf":[],"yoast_head":"<!-- This site is optimized with the Yoast SEO Premium plugin v27.4 (Yoast SEO v27.4) - https:\/\/yoast.com\/product\/yoast-seo-premium-wordpress\/ -->\n<title>Sonden f\u00fcr Edan Sonotrax | Swixed SA<\/title>\n<meta name=\"description\" content=\"Edan Sonotrax-kompatible Sonde f\u00fcr die fetale und vaskul\u00e4re \u00dcberwachung. Verf\u00fcgbare Frequenzen: 2, 3, 4,5 und 8 MHz f\u00fcr pr\u00e4zise Diagnosen.\" \/>\n<meta name=\"robots\" content=\"index, follow, max-snippet:-1, max-image-preview:large, max-video-preview:-1\" \/>\n<link rel=\"canonical\" href=\"https:\/\/swixed.ch\/de\/produkt\/sed52001\/\" \/>\n<meta property=\"og:locale\" content=\"de_DE\" \/>\n<meta property=\"og:type\" content=\"article\" \/>\n<meta property=\"og:title\" content=\"Sonden f\u00fcr Edan Sonotrax\" \/>\n<meta property=\"og:description\" content=\"Edan Sonotrax-kompatible Sonde f\u00fcr die fetale und vaskul\u00e4re \u00dcberwachung. Verf\u00fcgbare Frequenzen: 2, 3, 4,5 und 8 MHz f\u00fcr pr\u00e4zise Diagnosen.\" \/>\n<meta property=\"og:url\" content=\"https:\/\/swixed.ch\/de\/produkt\/sed52001\/\" \/>\n<meta property=\"og:site_name\" content=\"Swixed SA\" \/>\n<meta property=\"article:publisher\" content=\"https:\/\/www.facebook.com\/swixed\" \/>\n<meta property=\"article:modified_time\" content=\"2026-04-20T19:00:38+00:00\" \/>\n<meta property=\"og:image\" content=\"https:\/\/swixed.ch\/wp-content\/uploads\/products\/edan-sonde-pour-sonotrax-01.png\" \/>\n\t<meta property=\"og:image:width\" content=\"600\" \/>\n\t<meta property=\"og:image:height\" content=\"600\" \/>\n\t<meta property=\"og:image:type\" content=\"image\/png\" \/>\n<meta name=\"twitter:card\" content=\"summary_large_image\" \/>\n<meta name=\"twitter:label1\" content=\"Gesch\u00e4tzte Lesezeit\" \/>\n\t<meta name=\"twitter:data1\" content=\"1\u00a0Minute\" \/>\n<script type=\"application\/ld+json\" class=\"yoast-schema-graph\">{\"@context\":\"https:\\\/\\\/schema.org\",\"@graph\":[{\"@type\":\"WebPage\",\"@id\":\"https:\\\/\\\/swixed.ch\\\/de\\\/produkt\\\/sed52001\\\/\",\"url\":\"https:\\\/\\\/swixed.ch\\\/de\\\/produkt\\\/sed52001\\\/\",\"name\":\"Sonden f\u00fcr Edan Sonotrax | Swixed SA\",\"isPartOf\":{\"@id\":\"https:\\\/\\\/swixed.ch\\\/de\\\/#website\"},\"primaryImageOfPage\":{\"@id\":\"https:\\\/\\\/swixed.ch\\\/de\\\/produkt\\\/sed52001\\\/#primaryimage\"},\"image\":{\"@id\":\"https:\\\/\\\/swixed.ch\\\/de\\\/produkt\\\/sed52001\\\/#primaryimage\"},\"thumbnailUrl\":\"https:\\\/\\\/swixed.ch\\\/wp-content\\\/uploads\\\/products\\\/edan-sonde-pour-sonotrax-01.png\",\"datePublished\":\"2021-04-29T07:43:01+00:00\",\"dateModified\":\"2026-04-20T19:00:38+00:00\",\"description\":\"Edan Sonotrax-kompatible Sonde f\u00fcr die fetale und vaskul\u00e4re \u00dcberwachung. Verf\u00fcgbare Frequenzen: 2, 3, 4,5 und 8 MHz f\u00fcr pr\u00e4zise Diagnosen.\",\"breadcrumb\":{\"@id\":\"https:\\\/\\\/swixed.ch\\\/de\\\/produkt\\\/sed52001\\\/#breadcrumb\"},\"inLanguage\":\"de\",\"potentialAction\":[{\"@type\":\"ReadAction\",\"target\":[\"https:\\\/\\\/swixed.ch\\\/de\\\/produkt\\\/sed52001\\\/\"]}]},{\"@type\":\"ImageObject\",\"inLanguage\":\"de\",\"@id\":\"https:\\\/\\\/swixed.ch\\\/de\\\/produkt\\\/sed52001\\\/#primaryimage\",\"url\":\"https:\\\/\\\/swixed.ch\\\/wp-content\\\/uploads\\\/products\\\/edan-sonde-pour-sonotrax-01.png\",\"contentUrl\":\"https:\\\/\\\/swixed.ch\\\/wp-content\\\/uploads\\\/products\\\/edan-sonde-pour-sonotrax-01.png\",\"width\":600,\"height\":600,\"caption\":\"edan-sonde-f\u00fcr-sonotrax-01\"},{\"@type\":\"BreadcrumbList\",\"@id\":\"https:\\\/\\\/swixed.ch\\\/de\\\/produkt\\\/sed52001\\\/#breadcrumb\",\"itemListElement\":[{\"@type\":\"ListItem\",\"position\":1,\"name\":\"Startseite\",\"item\":\"https:\\\/\\\/swixed.ch\\\/de\\\/home\\\/\"},{\"@type\":\"ListItem\",\"position\":2,\"name\":\"Shop\",\"item\":\"https:\\\/\\\/swixed.ch\\\/de\\\/shop\\\/\"},{\"@type\":\"ListItem\",\"position\":3,\"name\":\"Sonden f\u00fcr Edan Sonotrax\"}]},{\"@type\":\"WebSite\",\"@id\":\"https:\\\/\\\/swixed.ch\\\/de\\\/#website\",\"url\":\"https:\\\/\\\/swixed.ch\\\/de\\\/\",\"name\":\"Swixed SA\",\"description\":\"Elektronische Ger\u00e4te\",\"publisher\":{\"@id\":\"https:\\\/\\\/swixed.ch\\\/de\\\/#organization\"},\"potentialAction\":[{\"@type\":\"SearchAction\",\"target\":{\"@type\":\"EntryPoint\",\"urlTemplate\":\"https:\\\/\\\/swixed.ch\\\/de\\\/?s={search_term_string}\"},\"query-input\":{\"@type\":\"PropertyValueSpecification\",\"valueRequired\":true,\"valueName\":\"search_term_string\"}}],\"inLanguage\":\"de\"},{\"@type\":\"Organization\",\"@id\":\"https:\\\/\\\/swixed.ch\\\/de\\\/#organization\",\"name\":\"Swixed SA\",\"url\":\"https:\\\/\\\/swixed.ch\\\/de\\\/\",\"logo\":{\"@type\":\"ImageObject\",\"inLanguage\":\"de\",\"@id\":\"https:\\\/\\\/swixed.ch\\\/de\\\/#\\\/schema\\\/logo\\\/image\\\/\",\"url\":\"https:\\\/\\\/swixed.ch\\\/wp-content\\\/uploads\\\/logos\\\/swixed-logo-lite.png\",\"contentUrl\":\"https:\\\/\\\/swixed.ch\\\/wp-content\\\/uploads\\\/logos\\\/swixed-logo-lite.png\",\"width\":696,\"height\":696,\"caption\":\"Swixed SA\"},\"image\":{\"@id\":\"https:\\\/\\\/swixed.ch\\\/de\\\/#\\\/schema\\\/logo\\\/image\\\/\"},\"sameAs\":[\"https:\\\/\\\/www.facebook.com\\\/swixed\",\"https:\\\/\\\/www.linkedin.com\\\/company\\\/swixed\",\"https:\\\/\\\/www.youtube.com\\\/@swixedsa\"],\"description\":\"Swixed SA est une entreprise suisse bas\u00e9e \u00e0 Gen\u00e8ve, sp\u00e9cialis\u00e9e dans la vente, la location et la maintenance d\u2019appareils m\u00e9dicaux professionnels, tels que d\u00e9fibrillateurs AED, \u00e9lectrocardiographes, moniteurs patient et dispositifs de diagnostic.\",\"email\":\"infoshop@swixed.ch\",\"telephone\":\"+41 22 566 11 95\",\"legalName\":\"Swixed SA\",\"foundingDate\":\"2021-03-01\",\"numberOfEmployees\":{\"@type\":\"QuantitativeValue\",\"minValue\":\"1\",\"maxValue\":\"10\"}}]}<\/script>\n<!-- \/ Yoast SEO Premium plugin. -->","yoast_head_json":{"title":"Sonden f\u00fcr Edan Sonotrax | Swixed SA","description":"Edan Sonotrax-kompatible Sonde f\u00fcr die fetale und vaskul\u00e4re \u00dcberwachung. Verf\u00fcgbare Frequenzen: 2, 3, 4,5 und 8 MHz f\u00fcr pr\u00e4zise Diagnosen.","robots":{"index":"index","follow":"follow","max-snippet":"max-snippet:-1","max-image-preview":"max-image-preview:large","max-video-preview":"max-video-preview:-1"},"canonical":"https:\/\/swixed.ch\/de\/produkt\/sed52001\/","og_locale":"de_DE","og_type":"article","og_title":"Sonden f\u00fcr Edan Sonotrax","og_description":"Edan Sonotrax-kompatible Sonde f\u00fcr die fetale und vaskul\u00e4re \u00dcberwachung. Verf\u00fcgbare Frequenzen: 2, 3, 4,5 und 8 MHz f\u00fcr pr\u00e4zise Diagnosen.","og_url":"https:\/\/swixed.ch\/de\/produkt\/sed52001\/","og_site_name":"Swixed SA","article_publisher":"https:\/\/www.facebook.com\/swixed","article_modified_time":"2026-04-20T19:00:38+00:00","og_image":[{"width":600,"height":600,"url":"https:\/\/swixed.ch\/wp-content\/uploads\/products\/edan-sonde-pour-sonotrax-01.png","type":"image\/png"}],"twitter_card":"summary_large_image","twitter_misc":{"Gesch\u00e4tzte Lesezeit":"1\u00a0Minute"},"schema":{"@context":"https:\/\/schema.org","@graph":[{"@type":"WebPage","@id":"https:\/\/swixed.ch\/de\/produkt\/sed52001\/","url":"https:\/\/swixed.ch\/de\/produkt\/sed52001\/","name":"Sonden f\u00fcr Edan Sonotrax | Swixed SA","isPartOf":{"@id":"https:\/\/swixed.ch\/de\/#website"},"primaryImageOfPage":{"@id":"https:\/\/swixed.ch\/de\/produkt\/sed52001\/#primaryimage"},"image":{"@id":"https:\/\/swixed.ch\/de\/produkt\/sed52001\/#primaryimage"},"thumbnailUrl":"https:\/\/swixed.ch\/wp-content\/uploads\/products\/edan-sonde-pour-sonotrax-01.png","datePublished":"2021-04-29T07:43:01+00:00","dateModified":"2026-04-20T19:00:38+00:00","description":"Edan Sonotrax-kompatible Sonde f\u00fcr die fetale und vaskul\u00e4re \u00dcberwachung. Verf\u00fcgbare Frequenzen: 2, 3, 4,5 und 8 MHz f\u00fcr pr\u00e4zise Diagnosen.","breadcrumb":{"@id":"https:\/\/swixed.ch\/de\/produkt\/sed52001\/#breadcrumb"},"inLanguage":"de","potentialAction":[{"@type":"ReadAction","target":["https:\/\/swixed.ch\/de\/produkt\/sed52001\/"]}]},{"@type":"ImageObject","inLanguage":"de","@id":"https:\/\/swixed.ch\/de\/produkt\/sed52001\/#primaryimage","url":"https:\/\/swixed.ch\/wp-content\/uploads\/products\/edan-sonde-pour-sonotrax-01.png","contentUrl":"https:\/\/swixed.ch\/wp-content\/uploads\/products\/edan-sonde-pour-sonotrax-01.png","width":600,"height":600,"caption":"edan-sonde-f\u00fcr-sonotrax-01"},{"@type":"BreadcrumbList","@id":"https:\/\/swixed.ch\/de\/produkt\/sed52001\/#breadcrumb","itemListElement":[{"@type":"ListItem","position":1,"name":"Startseite","item":"https:\/\/swixed.ch\/de\/home\/"},{"@type":"ListItem","position":2,"name":"Shop","item":"https:\/\/swixed.ch\/de\/shop\/"},{"@type":"ListItem","position":3,"name":"Sonden f\u00fcr Edan Sonotrax"}]},{"@type":"WebSite","@id":"https:\/\/swixed.ch\/de\/#website","url":"https:\/\/swixed.ch\/de\/","name":"Swixed SA","description":"Elektronische Ger\u00e4te","publisher":{"@id":"https:\/\/swixed.ch\/de\/#organization"},"potentialAction":[{"@type":"SearchAction","target":{"@type":"EntryPoint","urlTemplate":"https:\/\/swixed.ch\/de\/?s={search_term_string}"},"query-input":{"@type":"PropertyValueSpecification","valueRequired":true,"valueName":"search_term_string"}}],"inLanguage":"de"},{"@type":"Organization","@id":"https:\/\/swixed.ch\/de\/#organization","name":"Swixed SA","url":"https:\/\/swixed.ch\/de\/","logo":{"@type":"ImageObject","inLanguage":"de","@id":"https:\/\/swixed.ch\/de\/#\/schema\/logo\/image\/","url":"https:\/\/swixed.ch\/wp-content\/uploads\/logos\/swixed-logo-lite.png","contentUrl":"https:\/\/swixed.ch\/wp-content\/uploads\/logos\/swixed-logo-lite.png","width":696,"height":696,"caption":"Swixed SA"},"image":{"@id":"https:\/\/swixed.ch\/de\/#\/schema\/logo\/image\/"},"sameAs":["https:\/\/www.facebook.com\/swixed","https:\/\/www.linkedin.com\/company\/swixed","https:\/\/www.youtube.com\/@swixedsa"],"description":"Swixed SA est une entreprise suisse bas\u00e9e \u00e0 Gen\u00e8ve, sp\u00e9cialis\u00e9e dans la vente, la location et la maintenance d\u2019appareils m\u00e9dicaux professionnels, tels que d\u00e9fibrillateurs AED, \u00e9lectrocardiographes, moniteurs patient et dispositifs de diagnostic.","email":"infoshop@swixed.ch","telephone":"+41 22 566 11 95","legalName":"Swixed SA","foundingDate":"2021-03-01","numberOfEmployees":{"@type":"QuantitativeValue","minValue":"1","maxValue":"10"}}]}},"_links":{"self":[{"href":"https:\/\/swixed.ch\/de\/wp-json\/wp\/v2\/product\/33739","targetHints":{"allow":["GET"]}}],"collection":[{"href":"https:\/\/swixed.ch\/de\/wp-json\/wp\/v2\/product"}],"about":[{"href":"https:\/\/swixed.ch\/de\/wp-json\/wp\/v2\/types\/product"}],"version-history":[{"count":1,"href":"https:\/\/swixed.ch\/de\/wp-json\/wp\/v2\/product\/33739\/revisions"}],"predecessor-version":[{"id":62996,"href":"https:\/\/swixed.ch\/de\/wp-json\/wp\/v2\/product\/33739\/revisions\/62996"}],"wp:featuredmedia":[{"embeddable":true,"href":"https:\/\/swixed.ch\/de\/wp-json\/wp\/v2\/media\/27247"}],"wp:attachment":[{"href":"https:\/\/swixed.ch\/de\/wp-json\/wp\/v2\/media?parent=33739"}],"wp:term":[{"taxonomy":"product_brand","embeddable":true,"href":"https:\/\/swixed.ch\/de\/wp-json\/wp\/v2\/product_brand?post=33739"},{"taxonomy":"product_cat","embeddable":true,"href":"https:\/\/swixed.ch\/de\/wp-json\/wp\/v2\/product_cat?post=33739"},{"taxonomy":"product_tag","embeddable":true,"href":"https:\/\/swixed.ch\/de\/wp-json\/wp\/v2\/product_tag?post=33739"}],"curies":[{"name":"wp","href":"https:\/\/api.w.org\/{rel}","templated":true}]}}