{"id":33773,"date":"2021-04-29T21:18:13","date_gmt":"2021-04-29T20:18:13","guid":{"rendered":"https:\/\/swixed.com\/produit\/boso-manschette-gross-fuer-manuelle-blutdruckmessgeraete-2-schlaeuche\/"},"modified":"2026-04-20T20:48:09","modified_gmt":"2026-04-20T19:48:09","slug":"sed60003","status":"publish","type":"product","link":"https:\/\/swixed.ch\/de\/produkt\/sed60003\/","title":{"rendered":"Boso-Manschette in gro\u00dfer Gr\u00f6\u00dfe f\u00fcr manuelle 2-Schlauch-Blutdruckmessger\u00e4te"},"content":{"rendered":"\t\t<div data-elementor-type=\"product-post\" data-elementor-id=\"33773\" class=\"elementor elementor-33773 elementor-3444\" data-elementor-post-type=\"product\">\n\t\t\t\t\t\t<section class=\"elementor-section elementor-top-section elementor-element elementor-element-c0f3979 elementor-section-boxed elementor-section-height-default elementor-section-height-default\" data-id=\"c0f3979\" data-element_type=\"section\" data-e-type=\"section\">\n\t\t\t\t\t\t<div class=\"elementor-container elementor-column-gap-default\">\n\t\t\t\t\t<div class=\"elementor-column elementor-col-100 elementor-top-column elementor-element elementor-element-6e68e75\" data-id=\"6e68e75\" data-element_type=\"column\" data-e-type=\"column\">\n\t\t\t<div class=\"elementor-widget-wrap elementor-element-populated\">\n\t\t\t\t\t\t<div class=\"elementor-element elementor-element-0684e71 elementor-widget elementor-widget-heading\" data-id=\"0684e71\" data-element_type=\"widget\" data-e-type=\"widget\" data-widget_type=\"heading.default\">\n\t\t\t\t\t<h2 class=\"elementor-heading-title elementor-size-default\">Beschreibung<\/h2>\t\t\t\t<\/div>\n\t\t\t\t<div class=\"elementor-element elementor-element-3376bb3 elementor-widget elementor-widget-text-editor\" data-id=\"3376bb3\" data-element_type=\"widget\" data-e-type=\"widget\" data-widget_type=\"text-editor.default\">\n\t\t\t\t\t\t\t\t\t<p>Die gro\u00dfe Boso-Manschette ist so konzipiert, dass sie sich perfekt an Patienten mit einem Armumfang zwischen 33 und 41 cm anpasst und eine genaue und komfortable Blutdruckmessung erm\u00f6glicht. Diese Manschette ist mit einer Vielzahl von manuellen Blutdruckmessger\u00e4ten kompatibel, einschlie\u00dflich des Boso Clinicus II, und ist ideal f\u00fcr medizinisches Fachpersonal, das eine zuverl\u00e4ssige Ausr\u00fcstung f\u00fcr Patienten mit einem gr\u00f6\u00dferen Oberarmumfang ben\u00f6tigt. <\/p>\n<p>Hergestellt aus hochwertigen Materialien, garantiert sie eine au\u00dfergew\u00f6hnliche Haltbarkeit und optimalen Komfort w\u00e4hrend der Anwendung. Diese Manschette ist mit zwei Schl\u00e4uchen f\u00fcr eine einfache und stabile Verbindung zu manuellen Blutdruckmessger\u00e4ten ausgestattet, um genaue und wiederholbare Messungen zu gew\u00e4hrleisten. Geeignet f\u00fcr den t\u00e4glichen medizinischen Gebrauch oder f\u00fcr die h\u00e4usliche Pflege.  <\/p>\n\t\t\t\t\t\t\t\t<\/div>\n\t\t\t\t<div class=\"elementor-element elementor-element-178ca3f elementor-widget elementor-widget-heading\" data-id=\"178ca3f\" data-element_type=\"widget\" data-e-type=\"widget\" data-widget_type=\"heading.default\">\n\t\t\t\t\t<h2 class=\"elementor-heading-title elementor-size-default\">Inhalt<\/h2>\t\t\t\t<\/div>\n\t\t\t\t<div class=\"elementor-element elementor-element-75e1dfa elementor-widget elementor-widget-text-editor\" data-id=\"75e1dfa\" data-element_type=\"widget\" data-e-type=\"widget\" data-widget_type=\"text-editor.default\">\n\t\t\t\t\t\t\t\t\t<ul>\n<li>1 Boso Manschette gro\u00df (33-41 cm)<\/li>\n<li>2 integrierte Schl\u00e4uche<\/li>\n<\/ul>\n<p><em>Hinweis: Dieses medizinische Ger\u00e4t ist f\u00fcr den Gebrauch durch qualifiziertes medizinisches Fachpersonal bestimmt. Wenn Sie Fragen zu seiner Verwendung oder seinen Indikationen haben, wenden Sie sich bitte an einen Spezialisten. <\/em><\/p>\n\t\t\t\t\t\t\t\t<\/div>\n\t\t\t\t\t<\/div>\n\t\t<\/div>\n\t\t\t\t\t<\/div>\n\t\t<\/section>\n\t\t\t\t<\/div>\n\t\t","protected":false},"excerpt":{"rendered":"<p>Gro\u00dfe Boso-Manschette, kompatibel mit manuellen 2-Schlauch-Blutdruckmessger\u00e4ten, geeignet f\u00fcr Oberarml\u00e4ngen von 33 bis 41 cm. Ideal f\u00fcr Personen mit einem gr\u00f6\u00dferen Oberarmumfang. <\/p>\n","protected":false},"featured_media":26987,"template":"","meta":{"_acf_changed":false},"product_brand":[2119],"product_cat":[1012,1013,1278],"product_tag":[4920,4925,4930,4921,4918,4927,4917,4929,4922,4928,4926,4919,3769,4924,4923],"class_list":{"0":"post-33773","1":"product","2":"type-product","3":"status-publish","4":"has-post-thumbnail","6":"product_brand-boso-de","7":"product_cat-blutdruckmessgerate","8":"product_cat-manuelle-blutdruckmessgerate","9":"product_cat-zubehor-blutdruckmessgeraete","10":"product_tag-2-schlauchmanschette","11":"product_tag-blutdruckmanschette","12":"product_tag-blutdruckmanschette-de","13":"product_tag-blutdruckmessgerat-boso-clinicus-ii","14":"product_tag-boso-armbinde","15":"product_tag-boso-kompatible-manschette","16":"product_tag-grose-manschette","17":"product_tag-langlebige-manschette","18":"product_tag-manschette-armumfang-33-41-cm","19":"product_tag-manschette-fur-medizinisches-fachpersonal","20":"product_tag-manschette-fur-starken-arm","21":"product_tag-manuelle-blutdruckmanschette","22":"product_tag-medizinische-ausrustung","23":"product_tag-medizinische-manschette","24":"product_tag-zubehor-fur-blutdruckmessgerate","26":"first","27":"instock","28":"taxable","29":"shipping-taxable","30":"purchasable","31":"product-type-simple"},"acf":[],"yoast_head":"<!-- This site is optimized with the Yoast SEO Premium plugin v27.4 (Yoast SEO v27.4) - https:\/\/yoast.com\/product\/yoast-seo-premium-wordpress\/ -->\n<title>Boso-Manschette in gro\u00dfer Gr\u00f6\u00dfe f\u00fcr manuelle 2-Schlauch-Blutdruckmessger\u00e4te | Swixed SA<\/title>\n<meta name=\"description\" content=\"Boso Manschette gro\u00df 33-41 cm f\u00fcr manuelle 2-Schlauch-Blutdruckmessger\u00e4te, ideal f\u00fcr eine genaue Blutdruckmessung an starken Armen.\" \/>\n<meta name=\"robots\" content=\"index, follow, max-snippet:-1, max-image-preview:large, max-video-preview:-1\" \/>\n<link rel=\"canonical\" href=\"https:\/\/swixed.ch\/de\/produkt\/sed60003\/\" \/>\n<meta property=\"og:locale\" content=\"de_DE\" \/>\n<meta property=\"og:type\" content=\"article\" \/>\n<meta property=\"og:title\" content=\"Boso-Manschette in gro\u00dfer Gr\u00f6\u00dfe f\u00fcr manuelle 2-Schlauch-Blutdruckmessger\u00e4te\" \/>\n<meta property=\"og:description\" content=\"Boso Manschette gro\u00df 33-41 cm f\u00fcr manuelle 2-Schlauch-Blutdruckmessger\u00e4te, ideal f\u00fcr eine genaue Blutdruckmessung an starken Armen.\" \/>\n<meta property=\"og:url\" content=\"https:\/\/swixed.ch\/de\/produkt\/sed60003\/\" \/>\n<meta property=\"og:site_name\" content=\"Swixed SA\" \/>\n<meta property=\"article:publisher\" content=\"https:\/\/www.facebook.com\/swixed\" \/>\n<meta property=\"article:modified_time\" content=\"2026-04-20T19:48:09+00:00\" \/>\n<meta property=\"og:image\" content=\"https:\/\/swixed.ch\/wp-content\/uploads\/products\/boso-brassard-grande-taille-02.png\" \/>\n\t<meta property=\"og:image:width\" content=\"600\" \/>\n\t<meta property=\"og:image:height\" content=\"600\" \/>\n\t<meta property=\"og:image:type\" content=\"image\/png\" \/>\n<meta name=\"twitter:card\" content=\"summary_large_image\" \/>\n<meta name=\"twitter:label1\" content=\"Gesch\u00e4tzte Lesezeit\" \/>\n\t<meta name=\"twitter:data1\" content=\"1\u00a0Minute\" \/>\n<script type=\"application\/ld+json\" class=\"yoast-schema-graph\">{\"@context\":\"https:\\\/\\\/schema.org\",\"@graph\":[{\"@type\":\"WebPage\",\"@id\":\"https:\\\/\\\/swixed.ch\\\/de\\\/produkt\\\/sed60003\\\/\",\"url\":\"https:\\\/\\\/swixed.ch\\\/de\\\/produkt\\\/sed60003\\\/\",\"name\":\"Boso-Manschette in gro\u00dfer Gr\u00f6\u00dfe f\u00fcr manuelle 2-Schlauch-Blutdruckmessger\u00e4te | Swixed SA\",\"isPartOf\":{\"@id\":\"https:\\\/\\\/swixed.ch\\\/de\\\/#website\"},\"primaryImageOfPage\":{\"@id\":\"https:\\\/\\\/swixed.ch\\\/de\\\/produkt\\\/sed60003\\\/#primaryimage\"},\"image\":{\"@id\":\"https:\\\/\\\/swixed.ch\\\/de\\\/produkt\\\/sed60003\\\/#primaryimage\"},\"thumbnailUrl\":\"https:\\\/\\\/swixed.ch\\\/wp-content\\\/uploads\\\/products\\\/boso-brassard-grande-taille-02.png\",\"datePublished\":\"2021-04-29T20:18:13+00:00\",\"dateModified\":\"2026-04-20T19:48:09+00:00\",\"description\":\"Boso Manschette gro\u00df 33-41 cm f\u00fcr manuelle 2-Schlauch-Blutdruckmessger\u00e4te, ideal f\u00fcr eine genaue Blutdruckmessung an starken Armen.\",\"breadcrumb\":{\"@id\":\"https:\\\/\\\/swixed.ch\\\/de\\\/produkt\\\/sed60003\\\/#breadcrumb\"},\"inLanguage\":\"de\",\"potentialAction\":[{\"@type\":\"ReadAction\",\"target\":[\"https:\\\/\\\/swixed.ch\\\/de\\\/produkt\\\/sed60003\\\/\"]}]},{\"@type\":\"ImageObject\",\"inLanguage\":\"de\",\"@id\":\"https:\\\/\\\/swixed.ch\\\/de\\\/produkt\\\/sed60003\\\/#primaryimage\",\"url\":\"https:\\\/\\\/swixed.ch\\\/wp-content\\\/uploads\\\/products\\\/boso-brassard-grande-taille-02.png\",\"contentUrl\":\"https:\\\/\\\/swixed.ch\\\/wp-content\\\/uploads\\\/products\\\/boso-brassard-grande-taille-02.png\",\"width\":600,\"height\":600,\"caption\":\"boso-brassard-gro\u00df-gro\u00df-02\"},{\"@type\":\"BreadcrumbList\",\"@id\":\"https:\\\/\\\/swixed.ch\\\/de\\\/produkt\\\/sed60003\\\/#breadcrumb\",\"itemListElement\":[{\"@type\":\"ListItem\",\"position\":1,\"name\":\"Startseite\",\"item\":\"https:\\\/\\\/swixed.ch\\\/de\\\/home\\\/\"},{\"@type\":\"ListItem\",\"position\":2,\"name\":\"Shop\",\"item\":\"https:\\\/\\\/swixed.ch\\\/de\\\/shop\\\/\"},{\"@type\":\"ListItem\",\"position\":3,\"name\":\"Boso-Manschette in gro\u00dfer Gr\u00f6\u00dfe f\u00fcr manuelle 2-Schlauch-Blutdruckmessger\u00e4te\"}]},{\"@type\":\"WebSite\",\"@id\":\"https:\\\/\\\/swixed.ch\\\/de\\\/#website\",\"url\":\"https:\\\/\\\/swixed.ch\\\/de\\\/\",\"name\":\"Swixed SA\",\"description\":\"Elektronische Ger\u00e4te\",\"publisher\":{\"@id\":\"https:\\\/\\\/swixed.ch\\\/de\\\/#organization\"},\"potentialAction\":[{\"@type\":\"SearchAction\",\"target\":{\"@type\":\"EntryPoint\",\"urlTemplate\":\"https:\\\/\\\/swixed.ch\\\/de\\\/?s={search_term_string}\"},\"query-input\":{\"@type\":\"PropertyValueSpecification\",\"valueRequired\":true,\"valueName\":\"search_term_string\"}}],\"inLanguage\":\"de\"},{\"@type\":\"Organization\",\"@id\":\"https:\\\/\\\/swixed.ch\\\/de\\\/#organization\",\"name\":\"Swixed SA\",\"url\":\"https:\\\/\\\/swixed.ch\\\/de\\\/\",\"logo\":{\"@type\":\"ImageObject\",\"inLanguage\":\"de\",\"@id\":\"https:\\\/\\\/swixed.ch\\\/de\\\/#\\\/schema\\\/logo\\\/image\\\/\",\"url\":\"https:\\\/\\\/swixed.ch\\\/wp-content\\\/uploads\\\/logos\\\/swixed-logo-lite.png\",\"contentUrl\":\"https:\\\/\\\/swixed.ch\\\/wp-content\\\/uploads\\\/logos\\\/swixed-logo-lite.png\",\"width\":696,\"height\":696,\"caption\":\"Swixed SA\"},\"image\":{\"@id\":\"https:\\\/\\\/swixed.ch\\\/de\\\/#\\\/schema\\\/logo\\\/image\\\/\"},\"sameAs\":[\"https:\\\/\\\/www.facebook.com\\\/swixed\",\"https:\\\/\\\/www.linkedin.com\\\/company\\\/swixed\",\"https:\\\/\\\/www.youtube.com\\\/@swixedsa\"],\"description\":\"Swixed SA est une entreprise suisse bas\u00e9e \u00e0 Gen\u00e8ve, sp\u00e9cialis\u00e9e dans la vente, la location et la maintenance d\u2019appareils m\u00e9dicaux professionnels, tels que d\u00e9fibrillateurs AED, \u00e9lectrocardiographes, moniteurs patient et dispositifs de diagnostic.\",\"email\":\"infoshop@swixed.ch\",\"telephone\":\"+41 22 566 11 95\",\"legalName\":\"Swixed SA\",\"foundingDate\":\"2021-03-01\",\"numberOfEmployees\":{\"@type\":\"QuantitativeValue\",\"minValue\":\"1\",\"maxValue\":\"10\"}}]}<\/script>\n<!-- \/ Yoast SEO Premium plugin. -->","yoast_head_json":{"title":"Boso-Manschette in gro\u00dfer Gr\u00f6\u00dfe f\u00fcr manuelle 2-Schlauch-Blutdruckmessger\u00e4te | Swixed SA","description":"Boso Manschette gro\u00df 33-41 cm f\u00fcr manuelle 2-Schlauch-Blutdruckmessger\u00e4te, ideal f\u00fcr eine genaue Blutdruckmessung an starken Armen.","robots":{"index":"index","follow":"follow","max-snippet":"max-snippet:-1","max-image-preview":"max-image-preview:large","max-video-preview":"max-video-preview:-1"},"canonical":"https:\/\/swixed.ch\/de\/produkt\/sed60003\/","og_locale":"de_DE","og_type":"article","og_title":"Boso-Manschette in gro\u00dfer Gr\u00f6\u00dfe f\u00fcr manuelle 2-Schlauch-Blutdruckmessger\u00e4te","og_description":"Boso Manschette gro\u00df 33-41 cm f\u00fcr manuelle 2-Schlauch-Blutdruckmessger\u00e4te, ideal f\u00fcr eine genaue Blutdruckmessung an starken Armen.","og_url":"https:\/\/swixed.ch\/de\/produkt\/sed60003\/","og_site_name":"Swixed SA","article_publisher":"https:\/\/www.facebook.com\/swixed","article_modified_time":"2026-04-20T19:48:09+00:00","og_image":[{"width":600,"height":600,"url":"https:\/\/swixed.ch\/wp-content\/uploads\/products\/boso-brassard-grande-taille-02.png","type":"image\/png"}],"twitter_card":"summary_large_image","twitter_misc":{"Gesch\u00e4tzte Lesezeit":"1\u00a0Minute"},"schema":{"@context":"https:\/\/schema.org","@graph":[{"@type":"WebPage","@id":"https:\/\/swixed.ch\/de\/produkt\/sed60003\/","url":"https:\/\/swixed.ch\/de\/produkt\/sed60003\/","name":"Boso-Manschette in gro\u00dfer Gr\u00f6\u00dfe f\u00fcr manuelle 2-Schlauch-Blutdruckmessger\u00e4te | Swixed SA","isPartOf":{"@id":"https:\/\/swixed.ch\/de\/#website"},"primaryImageOfPage":{"@id":"https:\/\/swixed.ch\/de\/produkt\/sed60003\/#primaryimage"},"image":{"@id":"https:\/\/swixed.ch\/de\/produkt\/sed60003\/#primaryimage"},"thumbnailUrl":"https:\/\/swixed.ch\/wp-content\/uploads\/products\/boso-brassard-grande-taille-02.png","datePublished":"2021-04-29T20:18:13+00:00","dateModified":"2026-04-20T19:48:09+00:00","description":"Boso Manschette gro\u00df 33-41 cm f\u00fcr manuelle 2-Schlauch-Blutdruckmessger\u00e4te, ideal f\u00fcr eine genaue Blutdruckmessung an starken Armen.","breadcrumb":{"@id":"https:\/\/swixed.ch\/de\/produkt\/sed60003\/#breadcrumb"},"inLanguage":"de","potentialAction":[{"@type":"ReadAction","target":["https:\/\/swixed.ch\/de\/produkt\/sed60003\/"]}]},{"@type":"ImageObject","inLanguage":"de","@id":"https:\/\/swixed.ch\/de\/produkt\/sed60003\/#primaryimage","url":"https:\/\/swixed.ch\/wp-content\/uploads\/products\/boso-brassard-grande-taille-02.png","contentUrl":"https:\/\/swixed.ch\/wp-content\/uploads\/products\/boso-brassard-grande-taille-02.png","width":600,"height":600,"caption":"boso-brassard-gro\u00df-gro\u00df-02"},{"@type":"BreadcrumbList","@id":"https:\/\/swixed.ch\/de\/produkt\/sed60003\/#breadcrumb","itemListElement":[{"@type":"ListItem","position":1,"name":"Startseite","item":"https:\/\/swixed.ch\/de\/home\/"},{"@type":"ListItem","position":2,"name":"Shop","item":"https:\/\/swixed.ch\/de\/shop\/"},{"@type":"ListItem","position":3,"name":"Boso-Manschette in gro\u00dfer Gr\u00f6\u00dfe f\u00fcr manuelle 2-Schlauch-Blutdruckmessger\u00e4te"}]},{"@type":"WebSite","@id":"https:\/\/swixed.ch\/de\/#website","url":"https:\/\/swixed.ch\/de\/","name":"Swixed SA","description":"Elektronische Ger\u00e4te","publisher":{"@id":"https:\/\/swixed.ch\/de\/#organization"},"potentialAction":[{"@type":"SearchAction","target":{"@type":"EntryPoint","urlTemplate":"https:\/\/swixed.ch\/de\/?s={search_term_string}"},"query-input":{"@type":"PropertyValueSpecification","valueRequired":true,"valueName":"search_term_string"}}],"inLanguage":"de"},{"@type":"Organization","@id":"https:\/\/swixed.ch\/de\/#organization","name":"Swixed SA","url":"https:\/\/swixed.ch\/de\/","logo":{"@type":"ImageObject","inLanguage":"de","@id":"https:\/\/swixed.ch\/de\/#\/schema\/logo\/image\/","url":"https:\/\/swixed.ch\/wp-content\/uploads\/logos\/swixed-logo-lite.png","contentUrl":"https:\/\/swixed.ch\/wp-content\/uploads\/logos\/swixed-logo-lite.png","width":696,"height":696,"caption":"Swixed SA"},"image":{"@id":"https:\/\/swixed.ch\/de\/#\/schema\/logo\/image\/"},"sameAs":["https:\/\/www.facebook.com\/swixed","https:\/\/www.linkedin.com\/company\/swixed","https:\/\/www.youtube.com\/@swixedsa"],"description":"Swixed SA est une entreprise suisse bas\u00e9e \u00e0 Gen\u00e8ve, sp\u00e9cialis\u00e9e dans la vente, la location et la maintenance d\u2019appareils m\u00e9dicaux professionnels, tels que d\u00e9fibrillateurs AED, \u00e9lectrocardiographes, moniteurs patient et dispositifs de diagnostic.","email":"infoshop@swixed.ch","telephone":"+41 22 566 11 95","legalName":"Swixed SA","foundingDate":"2021-03-01","numberOfEmployees":{"@type":"QuantitativeValue","minValue":"1","maxValue":"10"}}]}},"_links":{"self":[{"href":"https:\/\/swixed.ch\/de\/wp-json\/wp\/v2\/product\/33773","targetHints":{"allow":["GET"]}}],"collection":[{"href":"https:\/\/swixed.ch\/de\/wp-json\/wp\/v2\/product"}],"about":[{"href":"https:\/\/swixed.ch\/de\/wp-json\/wp\/v2\/types\/product"}],"version-history":[{"count":1,"href":"https:\/\/swixed.ch\/de\/wp-json\/wp\/v2\/product\/33773\/revisions"}],"predecessor-version":[{"id":63011,"href":"https:\/\/swixed.ch\/de\/wp-json\/wp\/v2\/product\/33773\/revisions\/63011"}],"wp:featuredmedia":[{"embeddable":true,"href":"https:\/\/swixed.ch\/de\/wp-json\/wp\/v2\/media\/26987"}],"wp:attachment":[{"href":"https:\/\/swixed.ch\/de\/wp-json\/wp\/v2\/media?parent=33773"}],"wp:term":[{"taxonomy":"product_brand","embeddable":true,"href":"https:\/\/swixed.ch\/de\/wp-json\/wp\/v2\/product_brand?post=33773"},{"taxonomy":"product_cat","embeddable":true,"href":"https:\/\/swixed.ch\/de\/wp-json\/wp\/v2\/product_cat?post=33773"},{"taxonomy":"product_tag","embeddable":true,"href":"https:\/\/swixed.ch\/de\/wp-json\/wp\/v2\/product_tag?post=33773"}],"curies":[{"name":"wp","href":"https:\/\/api.w.org\/{rel}","templated":true}]}}