{"id":33910,"date":"2021-04-30T00:09:01","date_gmt":"2021-04-29T23:09:01","guid":{"rendered":"https:\/\/swixed.com\/produit\/stethoskop-heine-gamma-3-2-acoustic\/"},"modified":"2026-04-21T06:46:23","modified_gmt":"2026-04-21T05:46:23","slug":"sed67004","status":"publish","type":"product","link":"https:\/\/swixed.ch\/de\/produkt\/sed67004\/","title":{"rendered":"Heine Gamma 3.2 Acoustic Sthetoskop"},"content":{"rendered":"\t\t<div data-elementor-type=\"product-post\" data-elementor-id=\"33910\" class=\"elementor elementor-33910 elementor-3553\" data-elementor-post-type=\"product\">\n\t\t\t\t\t\t<section class=\"elementor-section elementor-top-section elementor-element elementor-element-834d306 elementor-section-boxed elementor-section-height-default elementor-section-height-default\" data-id=\"834d306\" data-element_type=\"section\" data-e-type=\"section\">\n\t\t\t\t\t\t<div class=\"elementor-container elementor-column-gap-default\">\n\t\t\t\t\t<div class=\"elementor-column elementor-col-100 elementor-top-column elementor-element elementor-element-085465e\" data-id=\"085465e\" data-element_type=\"column\" data-e-type=\"column\">\n\t\t\t<div class=\"elementor-widget-wrap elementor-element-populated\">\n\t\t\t\t\t\t<div class=\"elementor-element elementor-element-0684e71 elementor-widget elementor-widget-heading\" data-id=\"0684e71\" data-element_type=\"widget\" data-e-type=\"widget\" data-widget_type=\"heading.default\">\n\t\t\t\t\t<h2 class=\"elementor-heading-title elementor-size-default\">Beschreibung<\/h2>\t\t\t\t<\/div>\n\t\t\t\t\t<\/div>\n\t\t<\/div>\n\t\t\t\t\t<\/div>\n\t\t<\/section>\n\t\t\t\t<section class=\"elementor-section elementor-top-section elementor-element elementor-element-c0f3979 elementor-section-boxed elementor-section-height-default elementor-section-height-default\" data-id=\"c0f3979\" data-element_type=\"section\" data-e-type=\"section\">\n\t\t\t\t\t\t<div class=\"elementor-container elementor-column-gap-default\">\n\t\t\t\t\t<div class=\"elementor-column elementor-col-100 elementor-top-column elementor-element elementor-element-6e68e75\" data-id=\"6e68e75\" data-element_type=\"column\" data-e-type=\"column\">\n\t\t\t<div class=\"elementor-widget-wrap elementor-element-populated\">\n\t\t\t\t\t\t<div class=\"elementor-element elementor-element-3376bb3 elementor-widget elementor-widget-text-editor\" data-id=\"3376bb3\" data-element_type=\"widget\" data-e-type=\"widget\" data-widget_type=\"text-editor.default\">\n\t\t\t\t\t\t\t\t\t<p>Das Heine Gamma 3.2 Acoustic Stethoskop ist ein qualitativ hochwertiges medizinisches Instrument, das entwickelt wurde, um die Anforderungen von medizinischem Fachpersonal zu erf\u00fcllen. Es ist mit einem umkehrbaren Doppelbrustst\u00fcck ausgestattet, das auf der einen Seite eine 44 mm Membran und auf der anderen Seite einen konischen Schallkopf mit einem Durchmesser von 30 mm aufweist und somit eine au\u00dfergew\u00f6hnliche akustische Leistung bietet. <\/p>\n\t\t\t\t\t\t\t\t<\/div>\n\t\t\t\t<div class=\"elementor-element elementor-element-119e46f elementor-widget elementor-widget-heading\" data-id=\"119e46f\" data-element_type=\"widget\" data-e-type=\"widget\" data-widget_type=\"heading.default\">\n\t\t\t\t\t<h2 class=\"elementor-heading-title elementor-size-default\">Schl\u00fcsselmerkmale<\/h2>\t\t\t\t<\/div>\n\t\t\t\t<div class=\"elementor-element elementor-element-d1e9a81 elementor-widget elementor-widget-text-editor\" data-id=\"d1e9a81\" data-element_type=\"widget\" data-e-type=\"widget\" data-widget_type=\"text-editor.default\">\n\t\t\t\t\t\t\t\t\t<ul>\n<li><strong>Pr\u00e4zisionsauskultation:<\/strong> Dieses Stethoskop wurde entwickelt, um sowohl hoch- als auch niederfrequente T\u00f6ne effektiv aufzunehmen und ist ideal f\u00fcr klinische Untersuchungen.<\/li>\n<li><strong>Ergonomische Konstruktion:<\/strong> Der einfache Schlauch ist vollst\u00e4ndig latexfrei und garantiert eine komfortable und allergenfreie Anwendung.<\/li>\n<li><strong>Doppelte umkehrbare Ohrmuschel:<\/strong> Erm\u00f6glicht eine vielseitige Nutzung je nach Bedarf der Untersuchung.<\/li>\n<\/ul>\n<p>Das Heine Gamma 3.2 Acoustic Stethoskop bietet eine un\u00fcbertroffene H\u00f6rqualit\u00e4t, die den Erwartungen von \u00c4rzten und Krankenschwestern entspricht, sowohl bei Routineuntersuchungen als auch bei weiterf\u00fchrenden Diagnosen.<\/p>\n\t\t\t\t\t\t\t\t<\/div>\n\t\t\t\t<div class=\"elementor-element elementor-element-8769929 elementor-widget elementor-widget-heading\" data-id=\"8769929\" data-element_type=\"widget\" data-e-type=\"widget\" data-widget_type=\"heading.default\">\n\t\t\t\t\t<h2 class=\"elementor-heading-title elementor-size-default\">Inhalt<\/h2>\t\t\t\t<\/div>\n\t\t\t\t<div class=\"elementor-element elementor-element-4eebb2d elementor-widget elementor-widget-text-editor\" data-id=\"4eebb2d\" data-element_type=\"widget\" data-e-type=\"widget\" data-widget_type=\"text-editor.default\">\n\t\t\t\t\t\t\t\t\t<ul>\n<li>1 Stethoskop Heine Gamma 3.2 Acoustic<\/li>\n<li>Handbuch<\/li>\n<\/ul>\n\t\t\t\t\t\t\t\t<\/div>\n\t\t\t\t\t<\/div>\n\t\t<\/div>\n\t\t\t\t\t<\/div>\n\t\t<\/section>\n\t\t\t\t<\/div>\n\t\t","protected":false},"excerpt":{"rendered":"<p>Das Stethoskop Heine Gamma 3.2 Acoustic mit seinem doppelten, umkehrbaren Horn bietet eine ausgezeichnete Schall\u00fcbertragung. Das latexfreie Design macht es ideal f\u00fcr die pr\u00e4zise Auskultation von hohen und niedrigen Frequenzen. <\/p>\n","protected":false},"featured_media":27463,"template":"","meta":{"_acf_changed":false},"product_brand":[2147],"product_cat":[1053],"product_tag":[4604,4602,4613,4603,4607,4605,4601,4608,4612,4610,3769,4611,4609,4600,4606],"class_list":{"0":"post-33910","1":"product","2":"type-product","3":"status-publish","4":"has-post-thumbnail","6":"product_brand-heine-de","7":"product_cat-stethoskope","8":"product_tag-akustische-leistung","9":"product_tag-akustisches-stethoskop","10":"product_tag-arzte-und-krankenschwestern","11":"product_tag-auskultation","12":"product_tag-auskultation-von-klangen","13":"product_tag-gesundheitsfachkraft","14":"product_tag-heine-gamma-3-2-de","15":"product_tag-hohe-frequenz","16":"product_tag-klangqualitat","17":"product_tag-latexfreies-stethoskop","18":"product_tag-medizinische-ausrustung","19":"product_tag-medizinisches-instrument","20":"product_tag-niedrige-frequenz","21":"product_tag-stethoskop","22":"product_tag-stethoskop-mit-zwei-ohrmuscheln","24":"first","25":"instock","26":"taxable","27":"shipping-taxable","28":"purchasable","29":"product-type-simple"},"acf":[],"yoast_head":"<!-- This site is optimized with the Yoast SEO Premium plugin v27.4 (Yoast SEO v27.4) - https:\/\/yoast.com\/product\/yoast-seo-premium-wordpress\/ -->\n<title>Heine Gamma 3.2 Acoustic Sthetoskop | Swixed SA<\/title>\n<meta name=\"description\" content=\"Entdecken Sie das Heine Gamma 3.2 Acoustic Stethoskop, das eine hervorragende akustische Leistung und Komfort f\u00fcr eine genaue und effiziente Untersuchung bietet.\" \/>\n<meta name=\"robots\" content=\"index, follow, max-snippet:-1, max-image-preview:large, max-video-preview:-1\" \/>\n<link rel=\"canonical\" href=\"https:\/\/swixed.ch\/de\/produkt\/sed67004\/\" \/>\n<meta property=\"og:locale\" content=\"de_DE\" \/>\n<meta property=\"og:type\" content=\"article\" \/>\n<meta property=\"og:title\" content=\"Heine Gamma 3.2 Acoustic Sthetoskop\" \/>\n<meta property=\"og:description\" content=\"Entdecken Sie das Heine Gamma 3.2 Acoustic Stethoskop, das eine hervorragende akustische Leistung und Komfort f\u00fcr eine genaue und effiziente Untersuchung bietet.\" \/>\n<meta property=\"og:url\" content=\"https:\/\/swixed.ch\/de\/produkt\/sed67004\/\" \/>\n<meta property=\"og:site_name\" content=\"Swixed SA\" \/>\n<meta property=\"article:publisher\" content=\"https:\/\/www.facebook.com\/swixed\" \/>\n<meta property=\"article:modified_time\" content=\"2026-04-21T05:46:23+00:00\" \/>\n<meta property=\"og:image\" content=\"https:\/\/swixed.ch\/wp-content\/uploads\/products\/heine-gamma-3.2-acoustic-01.png\" \/>\n\t<meta property=\"og:image:width\" content=\"600\" \/>\n\t<meta property=\"og:image:height\" content=\"600\" \/>\n\t<meta property=\"og:image:type\" content=\"image\/png\" \/>\n<meta name=\"twitter:card\" content=\"summary_large_image\" \/>\n<meta name=\"twitter:label1\" content=\"Gesch\u00e4tzte Lesezeit\" \/>\n\t<meta name=\"twitter:data1\" content=\"1\u00a0Minute\" \/>\n<script type=\"application\/ld+json\" class=\"yoast-schema-graph\">{\"@context\":\"https:\\\/\\\/schema.org\",\"@graph\":[{\"@type\":\"WebPage\",\"@id\":\"https:\\\/\\\/swixed.ch\\\/de\\\/produkt\\\/sed67004\\\/\",\"url\":\"https:\\\/\\\/swixed.ch\\\/de\\\/produkt\\\/sed67004\\\/\",\"name\":\"Heine Gamma 3.2 Acoustic Sthetoskop | Swixed SA\",\"isPartOf\":{\"@id\":\"https:\\\/\\\/swixed.ch\\\/de\\\/#website\"},\"primaryImageOfPage\":{\"@id\":\"https:\\\/\\\/swixed.ch\\\/de\\\/produkt\\\/sed67004\\\/#primaryimage\"},\"image\":{\"@id\":\"https:\\\/\\\/swixed.ch\\\/de\\\/produkt\\\/sed67004\\\/#primaryimage\"},\"thumbnailUrl\":\"https:\\\/\\\/swixed.ch\\\/wp-content\\\/uploads\\\/products\\\/heine-gamma-3.2-acoustic-01.png\",\"datePublished\":\"2021-04-29T23:09:01+00:00\",\"dateModified\":\"2026-04-21T05:46:23+00:00\",\"description\":\"Entdecken Sie das Heine Gamma 3.2 Acoustic Stethoskop, das eine hervorragende akustische Leistung und Komfort f\u00fcr eine genaue und effiziente Untersuchung bietet.\",\"breadcrumb\":{\"@id\":\"https:\\\/\\\/swixed.ch\\\/de\\\/produkt\\\/sed67004\\\/#breadcrumb\"},\"inLanguage\":\"de\",\"potentialAction\":[{\"@type\":\"ReadAction\",\"target\":[\"https:\\\/\\\/swixed.ch\\\/de\\\/produkt\\\/sed67004\\\/\"]}]},{\"@type\":\"ImageObject\",\"inLanguage\":\"de\",\"@id\":\"https:\\\/\\\/swixed.ch\\\/de\\\/produkt\\\/sed67004\\\/#primaryimage\",\"url\":\"https:\\\/\\\/swixed.ch\\\/wp-content\\\/uploads\\\/products\\\/heine-gamma-3.2-acoustic-01.png\",\"contentUrl\":\"https:\\\/\\\/swixed.ch\\\/wp-content\\\/uploads\\\/products\\\/heine-gamma-3.2-acoustic-01.png\",\"width\":600,\"height\":600,\"caption\":\"heine-gamma-3.2-acoustic-01\"},{\"@type\":\"BreadcrumbList\",\"@id\":\"https:\\\/\\\/swixed.ch\\\/de\\\/produkt\\\/sed67004\\\/#breadcrumb\",\"itemListElement\":[{\"@type\":\"ListItem\",\"position\":1,\"name\":\"Startseite\",\"item\":\"https:\\\/\\\/swixed.ch\\\/de\\\/home\\\/\"},{\"@type\":\"ListItem\",\"position\":2,\"name\":\"Shop\",\"item\":\"https:\\\/\\\/swixed.ch\\\/de\\\/shop\\\/\"},{\"@type\":\"ListItem\",\"position\":3,\"name\":\"Heine Gamma 3.2 Acoustic Sthetoskop\"}]},{\"@type\":\"WebSite\",\"@id\":\"https:\\\/\\\/swixed.ch\\\/de\\\/#website\",\"url\":\"https:\\\/\\\/swixed.ch\\\/de\\\/\",\"name\":\"Swixed SA\",\"description\":\"Elektronische Ger\u00e4te\",\"publisher\":{\"@id\":\"https:\\\/\\\/swixed.ch\\\/de\\\/#organization\"},\"potentialAction\":[{\"@type\":\"SearchAction\",\"target\":{\"@type\":\"EntryPoint\",\"urlTemplate\":\"https:\\\/\\\/swixed.ch\\\/de\\\/?s={search_term_string}\"},\"query-input\":{\"@type\":\"PropertyValueSpecification\",\"valueRequired\":true,\"valueName\":\"search_term_string\"}}],\"inLanguage\":\"de\"},{\"@type\":\"Organization\",\"@id\":\"https:\\\/\\\/swixed.ch\\\/de\\\/#organization\",\"name\":\"Swixed SA\",\"url\":\"https:\\\/\\\/swixed.ch\\\/de\\\/\",\"logo\":{\"@type\":\"ImageObject\",\"inLanguage\":\"de\",\"@id\":\"https:\\\/\\\/swixed.ch\\\/de\\\/#\\\/schema\\\/logo\\\/image\\\/\",\"url\":\"https:\\\/\\\/swixed.ch\\\/wp-content\\\/uploads\\\/logos\\\/swixed-logo-lite.png\",\"contentUrl\":\"https:\\\/\\\/swixed.ch\\\/wp-content\\\/uploads\\\/logos\\\/swixed-logo-lite.png\",\"width\":696,\"height\":696,\"caption\":\"Swixed SA\"},\"image\":{\"@id\":\"https:\\\/\\\/swixed.ch\\\/de\\\/#\\\/schema\\\/logo\\\/image\\\/\"},\"sameAs\":[\"https:\\\/\\\/www.facebook.com\\\/swixed\",\"https:\\\/\\\/www.linkedin.com\\\/company\\\/swixed\",\"https:\\\/\\\/www.youtube.com\\\/@swixedsa\"],\"description\":\"Swixed SA est une entreprise suisse bas\u00e9e \u00e0 Gen\u00e8ve, sp\u00e9cialis\u00e9e dans la vente, la location et la maintenance d\u2019appareils m\u00e9dicaux professionnels, tels que d\u00e9fibrillateurs AED, \u00e9lectrocardiographes, moniteurs patient et dispositifs de diagnostic.\",\"email\":\"infoshop@swixed.ch\",\"telephone\":\"+41 22 566 11 95\",\"legalName\":\"Swixed SA\",\"foundingDate\":\"2021-03-01\",\"numberOfEmployees\":{\"@type\":\"QuantitativeValue\",\"minValue\":\"1\",\"maxValue\":\"10\"}}]}<\/script>\n<!-- \/ Yoast SEO Premium plugin. -->","yoast_head_json":{"title":"Heine Gamma 3.2 Acoustic Sthetoskop | Swixed SA","description":"Entdecken Sie das Heine Gamma 3.2 Acoustic Stethoskop, das eine hervorragende akustische Leistung und Komfort f\u00fcr eine genaue und effiziente Untersuchung bietet.","robots":{"index":"index","follow":"follow","max-snippet":"max-snippet:-1","max-image-preview":"max-image-preview:large","max-video-preview":"max-video-preview:-1"},"canonical":"https:\/\/swixed.ch\/de\/produkt\/sed67004\/","og_locale":"de_DE","og_type":"article","og_title":"Heine Gamma 3.2 Acoustic Sthetoskop","og_description":"Entdecken Sie das Heine Gamma 3.2 Acoustic Stethoskop, das eine hervorragende akustische Leistung und Komfort f\u00fcr eine genaue und effiziente Untersuchung bietet.","og_url":"https:\/\/swixed.ch\/de\/produkt\/sed67004\/","og_site_name":"Swixed SA","article_publisher":"https:\/\/www.facebook.com\/swixed","article_modified_time":"2026-04-21T05:46:23+00:00","og_image":[{"width":600,"height":600,"url":"https:\/\/swixed.ch\/wp-content\/uploads\/products\/heine-gamma-3.2-acoustic-01.png","type":"image\/png"}],"twitter_card":"summary_large_image","twitter_misc":{"Gesch\u00e4tzte Lesezeit":"1\u00a0Minute"},"schema":{"@context":"https:\/\/schema.org","@graph":[{"@type":"WebPage","@id":"https:\/\/swixed.ch\/de\/produkt\/sed67004\/","url":"https:\/\/swixed.ch\/de\/produkt\/sed67004\/","name":"Heine Gamma 3.2 Acoustic Sthetoskop | Swixed SA","isPartOf":{"@id":"https:\/\/swixed.ch\/de\/#website"},"primaryImageOfPage":{"@id":"https:\/\/swixed.ch\/de\/produkt\/sed67004\/#primaryimage"},"image":{"@id":"https:\/\/swixed.ch\/de\/produkt\/sed67004\/#primaryimage"},"thumbnailUrl":"https:\/\/swixed.ch\/wp-content\/uploads\/products\/heine-gamma-3.2-acoustic-01.png","datePublished":"2021-04-29T23:09:01+00:00","dateModified":"2026-04-21T05:46:23+00:00","description":"Entdecken Sie das Heine Gamma 3.2 Acoustic Stethoskop, das eine hervorragende akustische Leistung und Komfort f\u00fcr eine genaue und effiziente Untersuchung bietet.","breadcrumb":{"@id":"https:\/\/swixed.ch\/de\/produkt\/sed67004\/#breadcrumb"},"inLanguage":"de","potentialAction":[{"@type":"ReadAction","target":["https:\/\/swixed.ch\/de\/produkt\/sed67004\/"]}]},{"@type":"ImageObject","inLanguage":"de","@id":"https:\/\/swixed.ch\/de\/produkt\/sed67004\/#primaryimage","url":"https:\/\/swixed.ch\/wp-content\/uploads\/products\/heine-gamma-3.2-acoustic-01.png","contentUrl":"https:\/\/swixed.ch\/wp-content\/uploads\/products\/heine-gamma-3.2-acoustic-01.png","width":600,"height":600,"caption":"heine-gamma-3.2-acoustic-01"},{"@type":"BreadcrumbList","@id":"https:\/\/swixed.ch\/de\/produkt\/sed67004\/#breadcrumb","itemListElement":[{"@type":"ListItem","position":1,"name":"Startseite","item":"https:\/\/swixed.ch\/de\/home\/"},{"@type":"ListItem","position":2,"name":"Shop","item":"https:\/\/swixed.ch\/de\/shop\/"},{"@type":"ListItem","position":3,"name":"Heine Gamma 3.2 Acoustic Sthetoskop"}]},{"@type":"WebSite","@id":"https:\/\/swixed.ch\/de\/#website","url":"https:\/\/swixed.ch\/de\/","name":"Swixed SA","description":"Elektronische Ger\u00e4te","publisher":{"@id":"https:\/\/swixed.ch\/de\/#organization"},"potentialAction":[{"@type":"SearchAction","target":{"@type":"EntryPoint","urlTemplate":"https:\/\/swixed.ch\/de\/?s={search_term_string}"},"query-input":{"@type":"PropertyValueSpecification","valueRequired":true,"valueName":"search_term_string"}}],"inLanguage":"de"},{"@type":"Organization","@id":"https:\/\/swixed.ch\/de\/#organization","name":"Swixed SA","url":"https:\/\/swixed.ch\/de\/","logo":{"@type":"ImageObject","inLanguage":"de","@id":"https:\/\/swixed.ch\/de\/#\/schema\/logo\/image\/","url":"https:\/\/swixed.ch\/wp-content\/uploads\/logos\/swixed-logo-lite.png","contentUrl":"https:\/\/swixed.ch\/wp-content\/uploads\/logos\/swixed-logo-lite.png","width":696,"height":696,"caption":"Swixed SA"},"image":{"@id":"https:\/\/swixed.ch\/de\/#\/schema\/logo\/image\/"},"sameAs":["https:\/\/www.facebook.com\/swixed","https:\/\/www.linkedin.com\/company\/swixed","https:\/\/www.youtube.com\/@swixedsa"],"description":"Swixed SA est une entreprise suisse bas\u00e9e \u00e0 Gen\u00e8ve, sp\u00e9cialis\u00e9e dans la vente, la location et la maintenance d\u2019appareils m\u00e9dicaux professionnels, tels que d\u00e9fibrillateurs AED, \u00e9lectrocardiographes, moniteurs patient et dispositifs de diagnostic.","email":"infoshop@swixed.ch","telephone":"+41 22 566 11 95","legalName":"Swixed SA","foundingDate":"2021-03-01","numberOfEmployees":{"@type":"QuantitativeValue","minValue":"1","maxValue":"10"}}]}},"_links":{"self":[{"href":"https:\/\/swixed.ch\/de\/wp-json\/wp\/v2\/product\/33910","targetHints":{"allow":["GET"]}}],"collection":[{"href":"https:\/\/swixed.ch\/de\/wp-json\/wp\/v2\/product"}],"about":[{"href":"https:\/\/swixed.ch\/de\/wp-json\/wp\/v2\/types\/product"}],"version-history":[{"count":1,"href":"https:\/\/swixed.ch\/de\/wp-json\/wp\/v2\/product\/33910\/revisions"}],"predecessor-version":[{"id":63072,"href":"https:\/\/swixed.ch\/de\/wp-json\/wp\/v2\/product\/33910\/revisions\/63072"}],"wp:featuredmedia":[{"embeddable":true,"href":"https:\/\/swixed.ch\/de\/wp-json\/wp\/v2\/media\/27463"}],"wp:attachment":[{"href":"https:\/\/swixed.ch\/de\/wp-json\/wp\/v2\/media?parent=33910"}],"wp:term":[{"taxonomy":"product_brand","embeddable":true,"href":"https:\/\/swixed.ch\/de\/wp-json\/wp\/v2\/product_brand?post=33910"},{"taxonomy":"product_cat","embeddable":true,"href":"https:\/\/swixed.ch\/de\/wp-json\/wp\/v2\/product_cat?post=33910"},{"taxonomy":"product_tag","embeddable":true,"href":"https:\/\/swixed.ch\/de\/wp-json\/wp\/v2\/product_tag?post=33910"}],"curies":[{"name":"wp","href":"https:\/\/api.w.org\/{rel}","templated":true}]}}