{"id":33959,"date":"2021-04-30T14:09:03","date_gmt":"2021-04-30T12:09:03","guid":{"rendered":"https:\/\/swixed.com\/produit\/edan-mt-201-ekg-rollstativ\/"},"modified":"2026-02-03T22:17:35","modified_gmt":"2026-02-03T21:17:35","slug":"sed14009","status":"publish","type":"product","link":"https:\/\/swixed.ch\/de\/produkt\/sed14009\/","title":{"rendered":"Edan MT-201 Rollwagen f\u00fcr Edan EKG-Ger\u00e4te"},"content":{"rendered":"\t\t<div data-elementor-type=\"product-post\" data-elementor-id=\"33959\" class=\"elementor elementor-33959 elementor-3562\" data-elementor-post-type=\"product\">\n\t\t\t\t<div class=\"elementor-element elementor-element-51336d2 e-con-full e-flex e-con e-parent\" data-id=\"51336d2\" data-element_type=\"container\" data-e-type=\"container\">\n\t\t<div class=\"elementor-element elementor-element-40a7b4e e-con-full e-flex e-con e-child\" data-id=\"40a7b4e\" data-element_type=\"container\" data-e-type=\"container\">\n\t\t\t\t<div class=\"elementor-element elementor-element-02c8255 elementor-widget elementor-widget-heading\" data-id=\"02c8255\" data-element_type=\"widget\" data-e-type=\"widget\" data-widget_type=\"heading.default\">\n\t\t\t\t\t<h2 class=\"elementor-heading-title elementor-size-default\">Hauptmerkmale<\/h2>\t\t\t\t<\/div>\n\t\t\t\t<div class=\"elementor-element elementor-element-39d39dc elementor-widget elementor-widget-text-editor\" data-id=\"39d39dc\" data-element_type=\"widget\" data-e-type=\"widget\" data-widget_type=\"text-editor.default\">\n\t\t\t\t\t\t\t\t\t<p>Der Edan Rollwagen MT-201 f\u00fcr Edan EKG-Ger\u00e4te ist f\u00fcr medizinische Umgebungen bestimmt, in denen kompatible Edan Elektrokardiographen verwendet werden. Zun\u00e4chst einmal ist sein Design auf eine kontrollierte Mobilit\u00e4t ausgerichtet. Zweitens sorgt die Struktur f\u00fcr eine gute Stabilit\u00e4t bei internen Bewegungen. Die integrierten K\u00f6rbe erleichtern die Aufbewahrung von Zubeh\u00f6r.   <\/p><p>Hauptmerkmale :<\/p><ul><li>Kompatibilit\u00e4t mit den Modellen Edan SE-3, SE-301, SE-601 und SE-1201<\/li><li>F\u00fcnf R\u00e4der, zwei davon mit Bremse<\/li><li>H\u00f6he einstellbar von 58 bis 109 cm<\/li><li>M\u00f6gliche Neigung des Ger\u00e4ts bis zu 15\u00b0.<\/li><li>Zwei integrierte Aufbewahrungsk\u00f6rbe<\/li><\/ul><p><br>So verbessert dieses Zubeh\u00f6r die Organisation des Arbeitsplatzes, ohne die Hauptausstattung zu ver\u00e4ndern.<\/p>\t\t\t\t\t\t\t\t<\/div>\n\t\t\t\t<div class=\"elementor-element elementor-element-2829cf8 elementor-widget elementor-widget-heading\" data-id=\"2829cf8\" data-element_type=\"widget\" data-e-type=\"widget\" data-widget_type=\"heading.default\">\n\t\t\t\t\t<h2 class=\"elementor-heading-title elementor-size-default\">Funktionen<\/h2>\t\t\t\t<\/div>\n\t\t\t\t<div class=\"elementor-element elementor-element-db4f713 elementor-widget elementor-widget-text-editor\" data-id=\"db4f713\" data-element_type=\"widget\" data-e-type=\"widget\" data-widget_type=\"text-editor.default\">\n\t\t\t\t\t\t\t\t\t<p>Dieser Rollwagen erleichtert den t\u00e4glichen Gebrauch von Elektrokardiographen. Er erm\u00f6glicht es Ihnen, das Ger\u00e4t zu bewegen, ohne es zu heben. Die H\u00f6henverstellung hilft, das Ger\u00e4t an die jeweilige Arbeitsposition anzupassen. So bleibt das Ger\u00e4t w\u00e4hrend der Untersuchungen zug\u00e4nglich.   <\/p><p>Integrierte Funktionen :<\/p><ul><li>Reibungslose Bewegung durch multidirektionale R\u00e4der<\/li><li>Stabilisierung des Ganzen durch integrierte Bremsen<\/li><li>Aufbewahrung von Kabeln und Verbrauchsmaterialien in den K\u00f6rben<\/li><li>Option f\u00fcr einen zus\u00e4tzlichen Arm zur Kabelf\u00fchrung<\/li><\/ul><p><br>Auf diese Weise optimiert der Wagen die Raumorganisation, w\u00e4hrend die Ger\u00e4te zug\u00e4nglich bleiben.<\/p>\t\t\t\t\t\t\t\t<\/div>\n\t\t\t\t<div class=\"elementor-element elementor-element-c2d71f9 elementor-widget elementor-widget-heading\" data-id=\"c2d71f9\" data-element_type=\"widget\" data-e-type=\"widget\" data-widget_type=\"heading.default\">\n\t\t\t\t\t<h2 class=\"elementor-heading-title elementor-size-default\">Nutzung, Einhaltung und Empfehlungen<\/h2>\t\t\t\t<\/div>\n\t\t\t\t<div class=\"elementor-element elementor-element-3d294ed elementor-widget elementor-widget-text-editor\" data-id=\"3d294ed\" data-element_type=\"widget\" data-e-type=\"widget\" data-widget_type=\"text-editor.default\">\n\t\t\t\t\t\t\t\t\t<p>Der Edan MT-201 Rollwagen ist f\u00fcr den professionellen Gebrauch in Gesundheitseinrichtungen in der Schweiz bestimmt. Er entspricht den Vorschriften f\u00fcr Zubeh\u00f6r f\u00fcr medizinische Ger\u00e4te. <\/p><p>In der Schweiz ist das EKG-Zubeh\u00f6r in den gesetzlichen Rahmen eingebunden, der vom Bundesamt f\u00fcr Gesundheit festgelegt wurde, das allgemeine Informationen \u00fcber seine Verwendung ver\u00f6ffentlicht. Das Schweizerische Informationszentrum f\u00fcr technische Regeln stellt technische Ressourcen zur Verf\u00fcgung, die f\u00fcr Fachleute n\u00fctzlich sind. <br>\t\t<div data-elementor-type=\"widget\" data-elementor-id=\"60303\" class=\"elementor elementor-60303 elementor-60240 elementor-60240\" data-elementor-post-type=\"elementor_library\">\n\t\t\t\t\t\t<div class=\"elementor-element elementor-element-60240 elementor-widget elementor-widget-text-editor\" data-id=\"60240\" data-element_type=\"widget\" data-e-type=\"widget\" data-widget_type=\"text-editor.default\">\n\t\t\t\t\t\t\t\t\t<p>Weitere Informationen finden Sie unter :<\/p><ul><li><a href=\"https:\/\/www.bag.admin.ch\" target=\"_blank\" rel=\"noopener\">Bundesamt f\u00fcr Gesundheit (BAG)<\/a><\/li><li><a href=\"https:\/\/www.switec.info\" target=\"_blank\" rel=\"noopener\">Schweizerisches Informationszentrum f\u00fcr technische Regeln (Switec)<\/a><\/li><\/ul><p><br>Unsere Medizinprodukte haben einen autorisierten Vertreter in der Schweiz (CH-REP), gem\u00e4\u00df der geltenden schweizerischen Gesetzgebung f\u00fcr Medizinprodukte.<\/p>\t\t\t\t\t\t\t\t<\/div>\n\t\t\t\t<\/div>\n\t\t<\/p>\t\t\t\t\t\t\t\t<\/div>\n\t\t\t\t<div class=\"elementor-element elementor-element-779265a elementor-widget elementor-widget-heading\" data-id=\"779265a\" data-element_type=\"widget\" data-e-type=\"widget\" data-widget_type=\"heading.default\">\n\t\t\t\t\t<h2 class=\"elementor-heading-title elementor-size-default\">Inhalt<\/h2>\t\t\t\t<\/div>\n\t\t\t\t<div class=\"elementor-element elementor-element-59500e5 elementor-widget elementor-widget-text-editor\" data-id=\"59500e5\" data-element_type=\"widget\" data-e-type=\"widget\" data-widget_type=\"text-editor.default\">\n\t\t\t\t\t\t\t\t\t<p>Der Edan Rollwagen MT-201 wird als Zubeh\u00f6r f\u00fcr kompatible Edan Elektrokardiographen geliefert. Er erm\u00f6glicht eine mobile und strukturierte Installation des Ger\u00e4tes in professionellen Umgebungen. <\/p><p>Inhalt der Verpackung :<\/p><ul><li>1 Edan MT-201 Rollwagen<\/li><li>2 K\u00f6rbe zur Aufbewahrung von medizinischem Zubeh\u00f6r<\/li><li>Kabelarm (optional)<\/li><\/ul>\t\t\t\t\t\t\t\t<\/div>\n\t\t\t\t<\/div>\n\t\t\t\t<\/div>\n\t\t\t\t<\/div>\n\t\t","protected":false},"excerpt":{"rendered":"<p>Der Edan Rollwagen MT-201 ist ein Zubeh\u00f6r f\u00fcr die Edan Elektrokardiographen der SE-Serie, wie z.B. Edan SE-3, SE-301, SE-601 und SE-1201. Er erleichtert die Positionierung und den Transport des Ger\u00e4ts in medizinischen Umgebungen. Er ist mit f\u00fcnf R\u00e4dern ausgestattet, von denen zwei gebremst sind, und verf\u00fcgt \u00fcber zwei Aufbewahrungsk\u00f6rbe. Die verstellbare H\u00f6he erm\u00f6glicht eine ergonomische Anpassung an den Arbeitsplatz. Eine Option mit Kabelarm ist erh\u00e4ltlich.    <\/p>\n","protected":false},"featured_media":61885,"template":"","meta":{"_acf_changed":false},"product_brand":[2085],"product_cat":[954,1199],"product_tag":[7842,7840,4437,6716,4500,7829,3769,4441,7841,5201],"class_list":{"0":"post-33959","1":"product","2":"type-product","3":"status-publish","4":"has-post-thumbnail","6":"product_brand-edan-de","7":"product_cat-elektrokardiographen","8":"product_cat-zubehor-belastungs","9":"product_tag-ekg-anlage","10":"product_tag-ekg-unterstutzung","11":"product_tag-ekg-wagen","12":"product_tag-ekg-wartung","13":"product_tag-ekg-zubehor-de","14":"product_tag-kompatibel-edan","15":"product_tag-medizinische-ausrustung","16":"product_tag-medizinischer-wagen","17":"product_tag-medizinisches-mobiliar","18":"product_tag-rollwagen","20":"first","21":"instock","22":"taxable","23":"shipping-taxable","24":"purchasable","25":"product-type-variable","26":"has-default-attributes"},"acf":[],"yoast_head":"<!-- This site is optimized with the Yoast SEO Premium plugin v27.4 (Yoast SEO v27.4) - https:\/\/yoast.com\/product\/yoast-seo-premium-wordpress\/ -->\n<title>Edan MT-201 Rollwagen f\u00fcr Edan Elektrokardiograph | Swixed SA<\/title>\n<meta name=\"description\" content=\"Edan MT-201 Rollwagen, kompatibel mit Edan SE EKG. Stabile Struktur, h\u00f6henverstellbar, integrierte K\u00f6rbe, Option Kabelarm.\" \/>\n<meta name=\"robots\" content=\"index, follow, max-snippet:-1, max-image-preview:large, max-video-preview:-1\" \/>\n<link rel=\"canonical\" href=\"https:\/\/swixed.ch\/de\/produkt\/sed14009\/\" \/>\n<meta property=\"og:locale\" content=\"de_DE\" \/>\n<meta property=\"og:type\" content=\"article\" \/>\n<meta property=\"og:title\" content=\"Edan MT-201 Rollwagen f\u00fcr Edan EKG-Ger\u00e4te\" \/>\n<meta property=\"og:description\" content=\"Edan MT-201 Rollwagen, kompatibel mit Edan SE EKG. Stabile Struktur, h\u00f6henverstellbar, integrierte K\u00f6rbe, Option Kabelarm.\" \/>\n<meta property=\"og:url\" content=\"https:\/\/swixed.ch\/de\/produkt\/sed14009\/\" \/>\n<meta property=\"og:site_name\" content=\"Swixed SA\" \/>\n<meta property=\"article:publisher\" content=\"https:\/\/www.facebook.com\/swixed\" \/>\n<meta property=\"article:modified_time\" content=\"2026-02-03T21:17:35+00:00\" \/>\n<meta property=\"og:image\" content=\"https:\/\/swixed.ch\/wp-content\/uploads\/2026\/02\/SED14009-01.png\" \/>\n\t<meta property=\"og:image:width\" content=\"600\" \/>\n\t<meta property=\"og:image:height\" content=\"600\" \/>\n\t<meta property=\"og:image:type\" content=\"image\/png\" \/>\n<meta name=\"twitter:card\" content=\"summary_large_image\" \/>\n<meta name=\"twitter:label1\" content=\"Gesch\u00e4tzte Lesezeit\" \/>\n\t<meta name=\"twitter:data1\" content=\"2\u00a0Minuten\" \/>\n<script type=\"application\/ld+json\" class=\"yoast-schema-graph\">{\"@context\":\"https:\\\/\\\/schema.org\",\"@graph\":[{\"@type\":\"WebPage\",\"@id\":\"https:\\\/\\\/swixed.ch\\\/de\\\/produkt\\\/sed14009\\\/\",\"url\":\"https:\\\/\\\/swixed.ch\\\/de\\\/produkt\\\/sed14009\\\/\",\"name\":\"Edan MT-201 Rollwagen f\u00fcr Edan Elektrokardiograph | Swixed SA\",\"isPartOf\":{\"@id\":\"https:\\\/\\\/swixed.ch\\\/de\\\/#website\"},\"primaryImageOfPage\":{\"@id\":\"https:\\\/\\\/swixed.ch\\\/de\\\/produkt\\\/sed14009\\\/#primaryimage\"},\"image\":{\"@id\":\"https:\\\/\\\/swixed.ch\\\/de\\\/produkt\\\/sed14009\\\/#primaryimage\"},\"thumbnailUrl\":\"https:\\\/\\\/swixed.ch\\\/wp-content\\\/uploads\\\/2026\\\/02\\\/SED14009-01.png\",\"datePublished\":\"2021-04-30T12:09:03+00:00\",\"dateModified\":\"2026-02-03T21:17:35+00:00\",\"description\":\"Edan MT-201 Rollwagen, kompatibel mit Edan SE EKG. Stabile Struktur, h\u00f6henverstellbar, integrierte K\u00f6rbe, Option Kabelarm.\",\"breadcrumb\":{\"@id\":\"https:\\\/\\\/swixed.ch\\\/de\\\/produkt\\\/sed14009\\\/#breadcrumb\"},\"inLanguage\":\"de\",\"potentialAction\":[{\"@type\":\"ReadAction\",\"target\":[\"https:\\\/\\\/swixed.ch\\\/de\\\/produkt\\\/sed14009\\\/\"]}]},{\"@type\":\"ImageObject\",\"inLanguage\":\"de\",\"@id\":\"https:\\\/\\\/swixed.ch\\\/de\\\/produkt\\\/sed14009\\\/#primaryimage\",\"url\":\"https:\\\/\\\/swixed.ch\\\/wp-content\\\/uploads\\\/2026\\\/02\\\/SED14009-01.png\",\"contentUrl\":\"https:\\\/\\\/swixed.ch\\\/wp-content\\\/uploads\\\/2026\\\/02\\\/SED14009-01.png\",\"width\":600,\"height\":600,\"caption\":\"SED14009\"},{\"@type\":\"BreadcrumbList\",\"@id\":\"https:\\\/\\\/swixed.ch\\\/de\\\/produkt\\\/sed14009\\\/#breadcrumb\",\"itemListElement\":[{\"@type\":\"ListItem\",\"position\":1,\"name\":\"Startseite\",\"item\":\"https:\\\/\\\/swixed.ch\\\/de\\\/home\\\/\"},{\"@type\":\"ListItem\",\"position\":2,\"name\":\"Shop\",\"item\":\"https:\\\/\\\/swixed.ch\\\/de\\\/shop\\\/\"},{\"@type\":\"ListItem\",\"position\":3,\"name\":\"Edan MT-201 Rollwagen f\u00fcr Edan EKG-Ger\u00e4te\"}]},{\"@type\":\"WebSite\",\"@id\":\"https:\\\/\\\/swixed.ch\\\/de\\\/#website\",\"url\":\"https:\\\/\\\/swixed.ch\\\/de\\\/\",\"name\":\"Swixed SA\",\"description\":\"Elektronische Ger\u00e4te\",\"publisher\":{\"@id\":\"https:\\\/\\\/swixed.ch\\\/de\\\/#organization\"},\"potentialAction\":[{\"@type\":\"SearchAction\",\"target\":{\"@type\":\"EntryPoint\",\"urlTemplate\":\"https:\\\/\\\/swixed.ch\\\/de\\\/?s={search_term_string}\"},\"query-input\":{\"@type\":\"PropertyValueSpecification\",\"valueRequired\":true,\"valueName\":\"search_term_string\"}}],\"inLanguage\":\"de\"},{\"@type\":\"Organization\",\"@id\":\"https:\\\/\\\/swixed.ch\\\/de\\\/#organization\",\"name\":\"Swixed SA\",\"url\":\"https:\\\/\\\/swixed.ch\\\/de\\\/\",\"logo\":{\"@type\":\"ImageObject\",\"inLanguage\":\"de\",\"@id\":\"https:\\\/\\\/swixed.ch\\\/de\\\/#\\\/schema\\\/logo\\\/image\\\/\",\"url\":\"https:\\\/\\\/swixed.ch\\\/wp-content\\\/uploads\\\/logos\\\/swixed-logo-lite.png\",\"contentUrl\":\"https:\\\/\\\/swixed.ch\\\/wp-content\\\/uploads\\\/logos\\\/swixed-logo-lite.png\",\"width\":696,\"height\":696,\"caption\":\"Swixed SA\"},\"image\":{\"@id\":\"https:\\\/\\\/swixed.ch\\\/de\\\/#\\\/schema\\\/logo\\\/image\\\/\"},\"sameAs\":[\"https:\\\/\\\/www.facebook.com\\\/swixed\",\"https:\\\/\\\/www.linkedin.com\\\/company\\\/swixed\",\"https:\\\/\\\/www.youtube.com\\\/@swixedsa\"],\"description\":\"Swixed SA est une entreprise suisse bas\u00e9e \u00e0 Gen\u00e8ve, sp\u00e9cialis\u00e9e dans la vente, la location et la maintenance d\u2019appareils m\u00e9dicaux professionnels, tels que d\u00e9fibrillateurs AED, \u00e9lectrocardiographes, moniteurs patient et dispositifs de diagnostic.\",\"email\":\"infoshop@swixed.ch\",\"telephone\":\"+41 22 566 11 95\",\"legalName\":\"Swixed SA\",\"foundingDate\":\"2021-03-01\",\"numberOfEmployees\":{\"@type\":\"QuantitativeValue\",\"minValue\":\"1\",\"maxValue\":\"10\"}}]}<\/script>\n<!-- \/ Yoast SEO Premium plugin. -->","yoast_head_json":{"title":"Edan MT-201 Rollwagen f\u00fcr Edan Elektrokardiograph | Swixed SA","description":"Edan MT-201 Rollwagen, kompatibel mit Edan SE EKG. Stabile Struktur, h\u00f6henverstellbar, integrierte K\u00f6rbe, Option Kabelarm.","robots":{"index":"index","follow":"follow","max-snippet":"max-snippet:-1","max-image-preview":"max-image-preview:large","max-video-preview":"max-video-preview:-1"},"canonical":"https:\/\/swixed.ch\/de\/produkt\/sed14009\/","og_locale":"de_DE","og_type":"article","og_title":"Edan MT-201 Rollwagen f\u00fcr Edan EKG-Ger\u00e4te","og_description":"Edan MT-201 Rollwagen, kompatibel mit Edan SE EKG. Stabile Struktur, h\u00f6henverstellbar, integrierte K\u00f6rbe, Option Kabelarm.","og_url":"https:\/\/swixed.ch\/de\/produkt\/sed14009\/","og_site_name":"Swixed SA","article_publisher":"https:\/\/www.facebook.com\/swixed","article_modified_time":"2026-02-03T21:17:35+00:00","og_image":[{"width":600,"height":600,"url":"https:\/\/swixed.ch\/wp-content\/uploads\/2026\/02\/SED14009-01.png","type":"image\/png"}],"twitter_card":"summary_large_image","twitter_misc":{"Gesch\u00e4tzte Lesezeit":"2\u00a0Minuten"},"schema":{"@context":"https:\/\/schema.org","@graph":[{"@type":"WebPage","@id":"https:\/\/swixed.ch\/de\/produkt\/sed14009\/","url":"https:\/\/swixed.ch\/de\/produkt\/sed14009\/","name":"Edan MT-201 Rollwagen f\u00fcr Edan Elektrokardiograph | Swixed SA","isPartOf":{"@id":"https:\/\/swixed.ch\/de\/#website"},"primaryImageOfPage":{"@id":"https:\/\/swixed.ch\/de\/produkt\/sed14009\/#primaryimage"},"image":{"@id":"https:\/\/swixed.ch\/de\/produkt\/sed14009\/#primaryimage"},"thumbnailUrl":"https:\/\/swixed.ch\/wp-content\/uploads\/2026\/02\/SED14009-01.png","datePublished":"2021-04-30T12:09:03+00:00","dateModified":"2026-02-03T21:17:35+00:00","description":"Edan MT-201 Rollwagen, kompatibel mit Edan SE EKG. Stabile Struktur, h\u00f6henverstellbar, integrierte K\u00f6rbe, Option Kabelarm.","breadcrumb":{"@id":"https:\/\/swixed.ch\/de\/produkt\/sed14009\/#breadcrumb"},"inLanguage":"de","potentialAction":[{"@type":"ReadAction","target":["https:\/\/swixed.ch\/de\/produkt\/sed14009\/"]}]},{"@type":"ImageObject","inLanguage":"de","@id":"https:\/\/swixed.ch\/de\/produkt\/sed14009\/#primaryimage","url":"https:\/\/swixed.ch\/wp-content\/uploads\/2026\/02\/SED14009-01.png","contentUrl":"https:\/\/swixed.ch\/wp-content\/uploads\/2026\/02\/SED14009-01.png","width":600,"height":600,"caption":"SED14009"},{"@type":"BreadcrumbList","@id":"https:\/\/swixed.ch\/de\/produkt\/sed14009\/#breadcrumb","itemListElement":[{"@type":"ListItem","position":1,"name":"Startseite","item":"https:\/\/swixed.ch\/de\/home\/"},{"@type":"ListItem","position":2,"name":"Shop","item":"https:\/\/swixed.ch\/de\/shop\/"},{"@type":"ListItem","position":3,"name":"Edan MT-201 Rollwagen f\u00fcr Edan EKG-Ger\u00e4te"}]},{"@type":"WebSite","@id":"https:\/\/swixed.ch\/de\/#website","url":"https:\/\/swixed.ch\/de\/","name":"Swixed SA","description":"Elektronische Ger\u00e4te","publisher":{"@id":"https:\/\/swixed.ch\/de\/#organization"},"potentialAction":[{"@type":"SearchAction","target":{"@type":"EntryPoint","urlTemplate":"https:\/\/swixed.ch\/de\/?s={search_term_string}"},"query-input":{"@type":"PropertyValueSpecification","valueRequired":true,"valueName":"search_term_string"}}],"inLanguage":"de"},{"@type":"Organization","@id":"https:\/\/swixed.ch\/de\/#organization","name":"Swixed SA","url":"https:\/\/swixed.ch\/de\/","logo":{"@type":"ImageObject","inLanguage":"de","@id":"https:\/\/swixed.ch\/de\/#\/schema\/logo\/image\/","url":"https:\/\/swixed.ch\/wp-content\/uploads\/logos\/swixed-logo-lite.png","contentUrl":"https:\/\/swixed.ch\/wp-content\/uploads\/logos\/swixed-logo-lite.png","width":696,"height":696,"caption":"Swixed SA"},"image":{"@id":"https:\/\/swixed.ch\/de\/#\/schema\/logo\/image\/"},"sameAs":["https:\/\/www.facebook.com\/swixed","https:\/\/www.linkedin.com\/company\/swixed","https:\/\/www.youtube.com\/@swixedsa"],"description":"Swixed SA est une entreprise suisse bas\u00e9e \u00e0 Gen\u00e8ve, sp\u00e9cialis\u00e9e dans la vente, la location et la maintenance d\u2019appareils m\u00e9dicaux professionnels, tels que d\u00e9fibrillateurs AED, \u00e9lectrocardiographes, moniteurs patient et dispositifs de diagnostic.","email":"infoshop@swixed.ch","telephone":"+41 22 566 11 95","legalName":"Swixed SA","foundingDate":"2021-03-01","numberOfEmployees":{"@type":"QuantitativeValue","minValue":"1","maxValue":"10"}}]}},"_links":{"self":[{"href":"https:\/\/swixed.ch\/de\/wp-json\/wp\/v2\/product\/33959","targetHints":{"allow":["GET"]}}],"collection":[{"href":"https:\/\/swixed.ch\/de\/wp-json\/wp\/v2\/product"}],"about":[{"href":"https:\/\/swixed.ch\/de\/wp-json\/wp\/v2\/types\/product"}],"version-history":[{"count":0,"href":"https:\/\/swixed.ch\/de\/wp-json\/wp\/v2\/product\/33959\/revisions"}],"wp:featuredmedia":[{"embeddable":true,"href":"https:\/\/swixed.ch\/de\/wp-json\/wp\/v2\/media\/61885"}],"wp:attachment":[{"href":"https:\/\/swixed.ch\/de\/wp-json\/wp\/v2\/media?parent=33959"}],"wp:term":[{"taxonomy":"product_brand","embeddable":true,"href":"https:\/\/swixed.ch\/de\/wp-json\/wp\/v2\/product_brand?post=33959"},{"taxonomy":"product_cat","embeddable":true,"href":"https:\/\/swixed.ch\/de\/wp-json\/wp\/v2\/product_cat?post=33959"},{"taxonomy":"product_tag","embeddable":true,"href":"https:\/\/swixed.ch\/de\/wp-json\/wp\/v2\/product_tag?post=33959"}],"curies":[{"name":"wp","href":"https:\/\/api.w.org\/{rel}","templated":true}]}}