{"id":34079,"date":"2021-04-30T14:53:03","date_gmt":"2021-04-30T12:53:03","guid":{"rendered":"https:\/\/swixed.com\/produit\/medizinischer-rollwagen-edan-mt-801\/"},"modified":"2026-02-03T22:17:36","modified_gmt":"2026-02-03T21:17:36","slug":"sed14010","status":"publish","type":"product","link":"https:\/\/swixed.ch\/de\/produkt\/sed14010\/","title":{"rendered":"Edan MT-801 Rollwagen f\u00fcr Edan EKG-Ger\u00e4te"},"content":{"rendered":"\t\t<div data-elementor-type=\"product-post\" data-elementor-id=\"34079\" class=\"elementor elementor-34079 elementor-3569\" data-elementor-post-type=\"product\">\n\t\t\t\t<div class=\"elementor-element elementor-element-00d57ef e-con-full e-flex e-con e-parent\" data-id=\"00d57ef\" data-element_type=\"container\" data-e-type=\"container\">\n\t\t<div class=\"elementor-element elementor-element-9b8bd86 e-con-full e-flex e-con e-child\" data-id=\"9b8bd86\" data-element_type=\"container\" data-e-type=\"container\">\n\t\t\t\t<div class=\"elementor-element elementor-element-161caef elementor-widget elementor-widget-heading\" data-id=\"161caef\" data-element_type=\"widget\" data-e-type=\"widget\" data-widget_type=\"heading.default\">\n\t\t\t\t\t<h2 class=\"elementor-heading-title elementor-size-default\">Hauptmerkmale<\/h2>\t\t\t\t<\/div>\n\t\t\t\t<div class=\"elementor-element elementor-element-b6e68b5 elementor-widget elementor-widget-text-editor\" data-id=\"b6e68b5\" data-element_type=\"widget\" data-e-type=\"widget\" data-widget_type=\"text-editor.default\">\n\t\t\t\t\t\t\t\t\t<p>Erstens ist der Rollwagen Edan MT-801 f\u00fcr die Aufnahme von Elektrokardiographen der Edan SE-Reihe ausgelegt, einschlie\u00dflich der Modelle SE-12 Express, SE-601, SE-1200 Express und SE-18. Zweitens ist das Design auf Stabilit\u00e4t und Widerstandsf\u00e4higkeit f\u00fcr den professionellen Einsatz ausgelegt. Die Kombination aus verst\u00e4rktem ABS-Kunststoff und rostfreiem Stahl sorgt f\u00fcr eine zuverl\u00e4ssige Struktur f\u00fcr den Dauergebrauch. Das Gewicht tr\u00e4gt dazu bei, dass das Ger\u00e4t w\u00e4hrend des Gebrauchs in einer stabilen Position bleibt.   <\/p><ul><li>Struktur aus verst\u00e4rktem ABS-Kunststoff<\/li><li>Rahmen und Ablage aus rostfreiem Stahl<\/li><li>Integrierte Schublade f\u00fcr EKG-Zubeh\u00f6r<\/li><li>Zwei Schiebegriffe<\/li><li>Zweites Regal f\u00fcr Peripherieger\u00e4te<\/li><li>Gewicht ca. 19,5 kg<\/li><\/ul><p><br>So erf\u00fcllt dieser Wagen die Anforderungen an Organisation und Nachhaltigkeit in medizinischen Umgebungen.<\/p>\t\t\t\t\t\t\t\t<\/div>\n\t\t\t\t<div class=\"elementor-element elementor-element-59e0941 elementor-widget elementor-widget-heading\" data-id=\"59e0941\" data-element_type=\"widget\" data-e-type=\"widget\" data-widget_type=\"heading.default\">\n\t\t\t\t\t<h2 class=\"elementor-heading-title elementor-size-default\">Funktionen<\/h2>\t\t\t\t<\/div>\n\t\t\t\t<div class=\"elementor-element elementor-element-0d1d17f elementor-widget elementor-widget-text-editor\" data-id=\"0d1d17f\" data-element_type=\"widget\" data-e-type=\"widget\" data-widget_type=\"text-editor.default\">\n\t\t\t\t\t\t\t\t\t<p>Der Edan MT-801 Wagen erleichtert den Transport von Elektrokardiographen zwischen den Arbeitspl\u00e4tzen. Die Griffe erm\u00f6glichen eine einfache Handhabung w\u00e4hrend des Transports. Die integrierte Schublade hilft bei der Aufbewahrung von wichtigem Zubeh\u00f6r wie Kabeln oder EKG-Papier. Die untere Ablage bietet zus\u00e4tzlichen Platz f\u00fcr ein kompatibles Ger\u00e4t.   <\/p><ul><li>Erleichterte Bewegung durch Griffe<\/li><li>Aufbewahrung von Zubeh\u00f6r in der Schublade<\/li><li>Installation eines Druckers oder eines zus\u00e4tzlichen Ger\u00e4ts<\/li><li>Kompatibilit\u00e4t mit einem optionalen Kabelarm<\/li><\/ul><p><br>Dadurch wird die Organisation der EKG-Stelle klarer und effizienter.<\/p>\t\t\t\t\t\t\t\t<\/div>\n\t\t\t\t<div class=\"elementor-element elementor-element-7161018 elementor-widget elementor-widget-heading\" data-id=\"7161018\" data-element_type=\"widget\" data-e-type=\"widget\" data-widget_type=\"heading.default\">\n\t\t\t\t\t<h2 class=\"elementor-heading-title elementor-size-default\">Nutzung, Einhaltung und Empfehlungen<\/h2>\t\t\t\t<\/div>\n\t\t\t\t<div class=\"elementor-element elementor-element-8709b32 elementor-widget elementor-widget-text-editor\" data-id=\"8709b32\" data-element_type=\"widget\" data-e-type=\"widget\" data-widget_type=\"text-editor.default\">\n\t\t\t\t\t\t\t\t\t<p>In der Schweiz wird der Edan MT-801 Rollwagen als Hilfsmittel zur Unterst\u00fctzung von medizinischen Ger\u00e4ten verwendet. Er f\u00fchrt keine Messungen durch und hat keine diagnostische Funktion. Daher f\u00e4llt seine Verwendung unter den allgemeinen Rahmen f\u00fcr medizinische Ger\u00e4te und deren Zubeh\u00f6r. Dar\u00fcber hinaus gelten die Anforderungen der Schweizer Gesetzgebung.   <\/p><p>In der Schweiz ist das EKG-Zubeh\u00f6r in den gesetzlichen Rahmen eingebunden, der vom Bundesamt f\u00fcr Gesundheit festgelegt wurde, das allgemeine Informationen \u00fcber seine Verwendung ver\u00f6ffentlicht. Das Schweizerische Informationszentrum f\u00fcr technische Regeln stellt technische Ressourcen zur Verf\u00fcgung, die f\u00fcr Fachleute n\u00fctzlich sind. <br>\t\t<div data-elementor-type=\"widget\" data-elementor-id=\"60303\" class=\"elementor elementor-60303 elementor-60240 elementor-60240\" data-elementor-post-type=\"elementor_library\">\n\t\t\t\t\t\t<div class=\"elementor-element elementor-element-60240 elementor-widget elementor-widget-text-editor\" data-id=\"60240\" data-element_type=\"widget\" data-e-type=\"widget\" data-widget_type=\"text-editor.default\">\n\t\t\t\t\t\t\t\t\t<p>Weitere Informationen finden Sie unter :<\/p><ul><li><a href=\"https:\/\/www.bag.admin.ch\" target=\"_blank\" rel=\"noopener\">Bundesamt f\u00fcr Gesundheit (BAG)<\/a><\/li><li><a href=\"https:\/\/www.switec.info\" target=\"_blank\" rel=\"noopener\">Schweizerisches Informationszentrum f\u00fcr technische Regeln (Switec)<\/a><\/li><\/ul><p><br>Unsere Medizinprodukte haben einen autorisierten Vertreter in der Schweiz (CH-REP), gem\u00e4\u00df der geltenden schweizerischen Gesetzgebung f\u00fcr Medizinprodukte.<\/p>\t\t\t\t\t\t\t\t<\/div>\n\t\t\t\t<\/div>\n\t\t<\/p>\t\t\t\t\t\t\t\t<\/div>\n\t\t\t\t<div class=\"elementor-element elementor-element-43c6c5e elementor-widget elementor-widget-heading\" data-id=\"43c6c5e\" data-element_type=\"widget\" data-e-type=\"widget\" data-widget_type=\"heading.default\">\n\t\t\t\t\t<h2 class=\"elementor-heading-title elementor-size-default\">Inhalt<\/h2>\t\t\t\t<\/div>\n\t\t\t\t<div class=\"elementor-element elementor-element-a7e7595 elementor-widget elementor-widget-text-editor\" data-id=\"a7e7595\" data-element_type=\"widget\" data-e-type=\"widget\" data-widget_type=\"text-editor.default\">\n\t\t\t\t\t\t\t\t\t<p>Schlie\u00dflich wird der Edan MT-801 Wagen als mobiler St\u00e4nder geliefert, der fertig zusammengebaut und mit kompatiblen Elektrokardiographen verwendet werden kann. Er erm\u00f6glicht die Strukturierung eines EKG-Arbeitsplatzes in einem professionellen Rahmen, ohne dass eine eigene technische Funktion hinzugef\u00fcgt werden muss. <\/p><p>Inhalt der Verpackung :<\/p><ul><li>1 Edan MT-801 Rollwagen<\/li><li>1 integrierte Schublade<\/li><li>1 Hauptfachboden<\/li><li>1 sekund\u00e4rer Fachboden<\/li><li>Strukturelemente und Schiebegriffe<\/li><li>Kabelarm (optional)<\/li><\/ul>\t\t\t\t\t\t\t\t<\/div>\n\t\t\t\t<\/div>\n\t\t\t\t<\/div>\n\t\t\t\t<\/div>\n\t\t","protected":false},"excerpt":{"rendered":"<p>Der Edan Rollwagen MT-801 ist ein mobiler St\u00e4nder, der f\u00fcr die Edan Elektrokardiographen SE-12 Express, SE-601, SE-1200 Express und SE-18 entwickelt wurde. Die Konstruktion aus verst\u00e4rktem ABS-Kunststoff in Verbindung mit Teilen aus rostfreiem Stahl bietet Stabilit\u00e4t f\u00fcr den professionellen Dauereinsatz. Dar\u00fcber hinaus verf\u00fcgt der Wagen \u00fcber eine Schublade, zwei Schiebegriffe und eine zweite Ablagefl\u00e4che, die die Organisation von Zubeh\u00f6r und die Positionierung von EKG-Ger\u00e4ten in medizinischen Umgebungen erleichtern.  <\/p>\n","protected":false},"featured_media":61876,"template":"","meta":{"_acf_changed":false},"product_brand":[2085],"product_cat":[954,1133,1199,1251],"product_tag":[7842,7840,4437,6716,4500,7829,3769,4441,7841,5201],"class_list":{"0":"post-34079","1":"product","2":"type-product","3":"status-publish","4":"has-post-thumbnail","6":"product_brand-edan-de","7":"product_cat-elektrokardiographen","8":"product_cat-kardiotokographen","9":"product_cat-zubehor-belastungs","10":"product_cat-zubehor-kardiotokographen","11":"product_tag-ekg-anlage","12":"product_tag-ekg-unterstutzung","13":"product_tag-ekg-wagen","14":"product_tag-ekg-wartung","15":"product_tag-ekg-zubehor-de","16":"product_tag-kompatibel-edan","17":"product_tag-medizinische-ausrustung","18":"product_tag-medizinischer-wagen","19":"product_tag-medizinisches-mobiliar","20":"product_tag-rollwagen","22":"first","23":"instock","24":"taxable","25":"shipping-taxable","26":"purchasable","27":"product-type-variable","28":"has-default-attributes"},"acf":[],"yoast_head":"<!-- This site is optimized with the Yoast SEO Premium plugin v27.4 (Yoast SEO v27.4) - https:\/\/yoast.com\/product\/yoast-seo-premium-wordpress\/ -->\n<title>Edan MT-801 Rollwagen f\u00fcr EKG-Elektrokardiographen | Swixed SA<\/title>\n<meta name=\"description\" content=\"Edan MT-801 Rollwagen f\u00fcr Elektrokardiographen SE-12 Express, SE-601, SE-1200 Express und SE-18, robuste Struktur aus ABS und rostfreiem Stahl.\" \/>\n<meta name=\"robots\" content=\"index, follow, max-snippet:-1, max-image-preview:large, max-video-preview:-1\" \/>\n<link rel=\"canonical\" href=\"https:\/\/swixed.ch\/de\/produkt\/sed14010\/\" \/>\n<meta property=\"og:locale\" content=\"de_DE\" \/>\n<meta property=\"og:type\" content=\"article\" \/>\n<meta property=\"og:title\" content=\"Edan MT-801 Rollwagen f\u00fcr Edan EKG-Ger\u00e4te\" \/>\n<meta property=\"og:description\" content=\"Edan MT-801 Rollwagen f\u00fcr Elektrokardiographen SE-12 Express, SE-601, SE-1200 Express und SE-18, robuste Struktur aus ABS und rostfreiem Stahl.\" \/>\n<meta property=\"og:url\" content=\"https:\/\/swixed.ch\/de\/produkt\/sed14010\/\" \/>\n<meta property=\"og:site_name\" content=\"Swixed SA\" \/>\n<meta property=\"article:publisher\" content=\"https:\/\/www.facebook.com\/swixed\" \/>\n<meta property=\"article:modified_time\" content=\"2026-02-03T21:17:36+00:00\" \/>\n<meta property=\"og:image\" content=\"https:\/\/swixed.ch\/wp-content\/uploads\/2026\/02\/SED14010-01.png\" \/>\n\t<meta property=\"og:image:width\" content=\"600\" \/>\n\t<meta property=\"og:image:height\" content=\"600\" \/>\n\t<meta property=\"og:image:type\" content=\"image\/png\" \/>\n<meta name=\"twitter:card\" content=\"summary_large_image\" \/>\n<meta name=\"twitter:label1\" content=\"Gesch\u00e4tzte Lesezeit\" \/>\n\t<meta name=\"twitter:data1\" content=\"2\u00a0Minuten\" \/>\n<script type=\"application\/ld+json\" class=\"yoast-schema-graph\">{\"@context\":\"https:\\\/\\\/schema.org\",\"@graph\":[{\"@type\":\"WebPage\",\"@id\":\"https:\\\/\\\/swixed.ch\\\/de\\\/produkt\\\/sed14010\\\/\",\"url\":\"https:\\\/\\\/swixed.ch\\\/de\\\/produkt\\\/sed14010\\\/\",\"name\":\"Edan MT-801 Rollwagen f\u00fcr EKG-Elektrokardiographen | Swixed SA\",\"isPartOf\":{\"@id\":\"https:\\\/\\\/swixed.ch\\\/de\\\/#website\"},\"primaryImageOfPage\":{\"@id\":\"https:\\\/\\\/swixed.ch\\\/de\\\/produkt\\\/sed14010\\\/#primaryimage\"},\"image\":{\"@id\":\"https:\\\/\\\/swixed.ch\\\/de\\\/produkt\\\/sed14010\\\/#primaryimage\"},\"thumbnailUrl\":\"https:\\\/\\\/swixed.ch\\\/wp-content\\\/uploads\\\/2026\\\/02\\\/SED14010-01.png\",\"datePublished\":\"2021-04-30T12:53:03+00:00\",\"dateModified\":\"2026-02-03T21:17:36+00:00\",\"description\":\"Edan MT-801 Rollwagen f\u00fcr Elektrokardiographen SE-12 Express, SE-601, SE-1200 Express und SE-18, robuste Struktur aus ABS und rostfreiem Stahl.\",\"breadcrumb\":{\"@id\":\"https:\\\/\\\/swixed.ch\\\/de\\\/produkt\\\/sed14010\\\/#breadcrumb\"},\"inLanguage\":\"de\",\"potentialAction\":[{\"@type\":\"ReadAction\",\"target\":[\"https:\\\/\\\/swixed.ch\\\/de\\\/produkt\\\/sed14010\\\/\"]}]},{\"@type\":\"ImageObject\",\"inLanguage\":\"de\",\"@id\":\"https:\\\/\\\/swixed.ch\\\/de\\\/produkt\\\/sed14010\\\/#primaryimage\",\"url\":\"https:\\\/\\\/swixed.ch\\\/wp-content\\\/uploads\\\/2026\\\/02\\\/SED14010-01.png\",\"contentUrl\":\"https:\\\/\\\/swixed.ch\\\/wp-content\\\/uploads\\\/2026\\\/02\\\/SED14010-01.png\",\"width\":600,\"height\":600,\"caption\":\"SED14010\"},{\"@type\":\"BreadcrumbList\",\"@id\":\"https:\\\/\\\/swixed.ch\\\/de\\\/produkt\\\/sed14010\\\/#breadcrumb\",\"itemListElement\":[{\"@type\":\"ListItem\",\"position\":1,\"name\":\"Startseite\",\"item\":\"https:\\\/\\\/swixed.ch\\\/de\\\/home\\\/\"},{\"@type\":\"ListItem\",\"position\":2,\"name\":\"Shop\",\"item\":\"https:\\\/\\\/swixed.ch\\\/de\\\/shop\\\/\"},{\"@type\":\"ListItem\",\"position\":3,\"name\":\"Edan MT-801 Rollwagen f\u00fcr Edan EKG-Ger\u00e4te\"}]},{\"@type\":\"WebSite\",\"@id\":\"https:\\\/\\\/swixed.ch\\\/de\\\/#website\",\"url\":\"https:\\\/\\\/swixed.ch\\\/de\\\/\",\"name\":\"Swixed SA\",\"description\":\"Elektronische Ger\u00e4te\",\"publisher\":{\"@id\":\"https:\\\/\\\/swixed.ch\\\/de\\\/#organization\"},\"potentialAction\":[{\"@type\":\"SearchAction\",\"target\":{\"@type\":\"EntryPoint\",\"urlTemplate\":\"https:\\\/\\\/swixed.ch\\\/de\\\/?s={search_term_string}\"},\"query-input\":{\"@type\":\"PropertyValueSpecification\",\"valueRequired\":true,\"valueName\":\"search_term_string\"}}],\"inLanguage\":\"de\"},{\"@type\":\"Organization\",\"@id\":\"https:\\\/\\\/swixed.ch\\\/de\\\/#organization\",\"name\":\"Swixed SA\",\"url\":\"https:\\\/\\\/swixed.ch\\\/de\\\/\",\"logo\":{\"@type\":\"ImageObject\",\"inLanguage\":\"de\",\"@id\":\"https:\\\/\\\/swixed.ch\\\/de\\\/#\\\/schema\\\/logo\\\/image\\\/\",\"url\":\"https:\\\/\\\/swixed.ch\\\/wp-content\\\/uploads\\\/logos\\\/swixed-logo-lite.png\",\"contentUrl\":\"https:\\\/\\\/swixed.ch\\\/wp-content\\\/uploads\\\/logos\\\/swixed-logo-lite.png\",\"width\":696,\"height\":696,\"caption\":\"Swixed SA\"},\"image\":{\"@id\":\"https:\\\/\\\/swixed.ch\\\/de\\\/#\\\/schema\\\/logo\\\/image\\\/\"},\"sameAs\":[\"https:\\\/\\\/www.facebook.com\\\/swixed\",\"https:\\\/\\\/www.linkedin.com\\\/company\\\/swixed\",\"https:\\\/\\\/www.youtube.com\\\/@swixedsa\"],\"description\":\"Swixed SA est une entreprise suisse bas\u00e9e \u00e0 Gen\u00e8ve, sp\u00e9cialis\u00e9e dans la vente, la location et la maintenance d\u2019appareils m\u00e9dicaux professionnels, tels que d\u00e9fibrillateurs AED, \u00e9lectrocardiographes, moniteurs patient et dispositifs de diagnostic.\",\"email\":\"infoshop@swixed.ch\",\"telephone\":\"+41 22 566 11 95\",\"legalName\":\"Swixed SA\",\"foundingDate\":\"2021-03-01\",\"numberOfEmployees\":{\"@type\":\"QuantitativeValue\",\"minValue\":\"1\",\"maxValue\":\"10\"}}]}<\/script>\n<!-- \/ Yoast SEO Premium plugin. -->","yoast_head_json":{"title":"Edan MT-801 Rollwagen f\u00fcr EKG-Elektrokardiographen | Swixed SA","description":"Edan MT-801 Rollwagen f\u00fcr Elektrokardiographen SE-12 Express, SE-601, SE-1200 Express und SE-18, robuste Struktur aus ABS und rostfreiem Stahl.","robots":{"index":"index","follow":"follow","max-snippet":"max-snippet:-1","max-image-preview":"max-image-preview:large","max-video-preview":"max-video-preview:-1"},"canonical":"https:\/\/swixed.ch\/de\/produkt\/sed14010\/","og_locale":"de_DE","og_type":"article","og_title":"Edan MT-801 Rollwagen f\u00fcr Edan EKG-Ger\u00e4te","og_description":"Edan MT-801 Rollwagen f\u00fcr Elektrokardiographen SE-12 Express, SE-601, SE-1200 Express und SE-18, robuste Struktur aus ABS und rostfreiem Stahl.","og_url":"https:\/\/swixed.ch\/de\/produkt\/sed14010\/","og_site_name":"Swixed SA","article_publisher":"https:\/\/www.facebook.com\/swixed","article_modified_time":"2026-02-03T21:17:36+00:00","og_image":[{"width":600,"height":600,"url":"https:\/\/swixed.ch\/wp-content\/uploads\/2026\/02\/SED14010-01.png","type":"image\/png"}],"twitter_card":"summary_large_image","twitter_misc":{"Gesch\u00e4tzte Lesezeit":"2\u00a0Minuten"},"schema":{"@context":"https:\/\/schema.org","@graph":[{"@type":"WebPage","@id":"https:\/\/swixed.ch\/de\/produkt\/sed14010\/","url":"https:\/\/swixed.ch\/de\/produkt\/sed14010\/","name":"Edan MT-801 Rollwagen f\u00fcr EKG-Elektrokardiographen | Swixed SA","isPartOf":{"@id":"https:\/\/swixed.ch\/de\/#website"},"primaryImageOfPage":{"@id":"https:\/\/swixed.ch\/de\/produkt\/sed14010\/#primaryimage"},"image":{"@id":"https:\/\/swixed.ch\/de\/produkt\/sed14010\/#primaryimage"},"thumbnailUrl":"https:\/\/swixed.ch\/wp-content\/uploads\/2026\/02\/SED14010-01.png","datePublished":"2021-04-30T12:53:03+00:00","dateModified":"2026-02-03T21:17:36+00:00","description":"Edan MT-801 Rollwagen f\u00fcr Elektrokardiographen SE-12 Express, SE-601, SE-1200 Express und SE-18, robuste Struktur aus ABS und rostfreiem Stahl.","breadcrumb":{"@id":"https:\/\/swixed.ch\/de\/produkt\/sed14010\/#breadcrumb"},"inLanguage":"de","potentialAction":[{"@type":"ReadAction","target":["https:\/\/swixed.ch\/de\/produkt\/sed14010\/"]}]},{"@type":"ImageObject","inLanguage":"de","@id":"https:\/\/swixed.ch\/de\/produkt\/sed14010\/#primaryimage","url":"https:\/\/swixed.ch\/wp-content\/uploads\/2026\/02\/SED14010-01.png","contentUrl":"https:\/\/swixed.ch\/wp-content\/uploads\/2026\/02\/SED14010-01.png","width":600,"height":600,"caption":"SED14010"},{"@type":"BreadcrumbList","@id":"https:\/\/swixed.ch\/de\/produkt\/sed14010\/#breadcrumb","itemListElement":[{"@type":"ListItem","position":1,"name":"Startseite","item":"https:\/\/swixed.ch\/de\/home\/"},{"@type":"ListItem","position":2,"name":"Shop","item":"https:\/\/swixed.ch\/de\/shop\/"},{"@type":"ListItem","position":3,"name":"Edan MT-801 Rollwagen f\u00fcr Edan EKG-Ger\u00e4te"}]},{"@type":"WebSite","@id":"https:\/\/swixed.ch\/de\/#website","url":"https:\/\/swixed.ch\/de\/","name":"Swixed SA","description":"Elektronische Ger\u00e4te","publisher":{"@id":"https:\/\/swixed.ch\/de\/#organization"},"potentialAction":[{"@type":"SearchAction","target":{"@type":"EntryPoint","urlTemplate":"https:\/\/swixed.ch\/de\/?s={search_term_string}"},"query-input":{"@type":"PropertyValueSpecification","valueRequired":true,"valueName":"search_term_string"}}],"inLanguage":"de"},{"@type":"Organization","@id":"https:\/\/swixed.ch\/de\/#organization","name":"Swixed SA","url":"https:\/\/swixed.ch\/de\/","logo":{"@type":"ImageObject","inLanguage":"de","@id":"https:\/\/swixed.ch\/de\/#\/schema\/logo\/image\/","url":"https:\/\/swixed.ch\/wp-content\/uploads\/logos\/swixed-logo-lite.png","contentUrl":"https:\/\/swixed.ch\/wp-content\/uploads\/logos\/swixed-logo-lite.png","width":696,"height":696,"caption":"Swixed SA"},"image":{"@id":"https:\/\/swixed.ch\/de\/#\/schema\/logo\/image\/"},"sameAs":["https:\/\/www.facebook.com\/swixed","https:\/\/www.linkedin.com\/company\/swixed","https:\/\/www.youtube.com\/@swixedsa"],"description":"Swixed SA est une entreprise suisse bas\u00e9e \u00e0 Gen\u00e8ve, sp\u00e9cialis\u00e9e dans la vente, la location et la maintenance d\u2019appareils m\u00e9dicaux professionnels, tels que d\u00e9fibrillateurs AED, \u00e9lectrocardiographes, moniteurs patient et dispositifs de diagnostic.","email":"infoshop@swixed.ch","telephone":"+41 22 566 11 95","legalName":"Swixed SA","foundingDate":"2021-03-01","numberOfEmployees":{"@type":"QuantitativeValue","minValue":"1","maxValue":"10"}}]}},"_links":{"self":[{"href":"https:\/\/swixed.ch\/de\/wp-json\/wp\/v2\/product\/34079","targetHints":{"allow":["GET"]}}],"collection":[{"href":"https:\/\/swixed.ch\/de\/wp-json\/wp\/v2\/product"}],"about":[{"href":"https:\/\/swixed.ch\/de\/wp-json\/wp\/v2\/types\/product"}],"version-history":[{"count":0,"href":"https:\/\/swixed.ch\/de\/wp-json\/wp\/v2\/product\/34079\/revisions"}],"wp:featuredmedia":[{"embeddable":true,"href":"https:\/\/swixed.ch\/de\/wp-json\/wp\/v2\/media\/61876"}],"wp:attachment":[{"href":"https:\/\/swixed.ch\/de\/wp-json\/wp\/v2\/media?parent=34079"}],"wp:term":[{"taxonomy":"product_brand","embeddable":true,"href":"https:\/\/swixed.ch\/de\/wp-json\/wp\/v2\/product_brand?post=34079"},{"taxonomy":"product_cat","embeddable":true,"href":"https:\/\/swixed.ch\/de\/wp-json\/wp\/v2\/product_cat?post=34079"},{"taxonomy":"product_tag","embeddable":true,"href":"https:\/\/swixed.ch\/de\/wp-json\/wp\/v2\/product_tag?post=34079"}],"curies":[{"name":"wp","href":"https:\/\/api.w.org\/{rel}","templated":true}]}}