{"id":34117,"date":"2021-05-03T16:09:43","date_gmt":"2021-05-03T15:09:43","guid":{"rendered":"https:\/\/swixed.com\/produit\/2-schlauchmanschette-fuer-heine-gamma-xxl-lf\/"},"modified":"2026-04-20T21:00:55","modified_gmt":"2026-04-20T20:00:55","slug":"sed60007","status":"publish","type":"product","link":"https:\/\/swixed.ch\/de\/produkt\/sed60007\/","title":{"rendered":"2-Schlauch-Manschetten f\u00fcr Heine Gamma XXL-LF"},"content":{"rendered":"\t\t<div data-elementor-type=\"product-post\" data-elementor-id=\"34117\" class=\"elementor elementor-34117 elementor-3797\" data-elementor-post-type=\"product\">\n\t\t\t\t\t\t<section class=\"elementor-section elementor-top-section elementor-element elementor-element-834d306 elementor-section-boxed elementor-section-height-default elementor-section-height-default\" data-id=\"834d306\" data-element_type=\"section\" data-e-type=\"section\">\n\t\t\t\t\t\t<div class=\"elementor-container elementor-column-gap-default\">\n\t\t\t\t\t<div class=\"elementor-column elementor-col-100 elementor-top-column elementor-element elementor-element-085465e\" data-id=\"085465e\" data-element_type=\"column\" data-e-type=\"column\">\n\t\t\t<div class=\"elementor-widget-wrap elementor-element-populated\">\n\t\t\t\t\t\t<div class=\"elementor-element elementor-element-0684e71 elementor-widget elementor-widget-heading\" data-id=\"0684e71\" data-element_type=\"widget\" data-e-type=\"widget\" data-widget_type=\"heading.default\">\n\t\t\t\t\t<h2 class=\"elementor-heading-title elementor-size-default\">Beschreibung<\/h2>\t\t\t\t<\/div>\n\t\t\t\t\t<\/div>\n\t\t<\/div>\n\t\t\t\t\t<\/div>\n\t\t<\/section>\n\t\t\t\t<section class=\"elementor-section elementor-top-section elementor-element elementor-element-c0f3979 elementor-section-boxed elementor-section-height-default elementor-section-height-default\" data-id=\"c0f3979\" data-element_type=\"section\" data-e-type=\"section\">\n\t\t\t\t\t\t<div class=\"elementor-container elementor-column-gap-default\">\n\t\t\t\t\t<div class=\"elementor-column elementor-col-100 elementor-top-column elementor-element elementor-element-6e68e75\" data-id=\"6e68e75\" data-element_type=\"column\" data-e-type=\"column\">\n\t\t\t<div class=\"elementor-widget-wrap elementor-element-populated\">\n\t\t\t\t\t\t<div class=\"elementor-element elementor-element-3376bb3 elementor-widget elementor-widget-text-editor\" data-id=\"3376bb3\" data-element_type=\"widget\" data-e-type=\"widget\" data-widget_type=\"text-editor.default\">\n\t\t\t\t\t\t\t\t\t<div class=\"attribute-product-number3\"><p align=\"justify\">Diese Manschetten mit 2 Klettschl\u00e4uchen f\u00fcr Gamma XXL-LF Blutdruckmessger\u00e4te sind aus einem besonders widerstandsf\u00e4higen und physiologisch getesteten, hochwertigen Material gefertigt. Diese Manschetten verf\u00fcgen \u00fcber eine doppelte Naht. Sie sind waschbar und haben eine Markierung f\u00fcr die korrekte Positionierung.<br>Die Rohre sind sehr dick und hochflexibel, um eine lange Lebensdauer bei Gebrauch und Reinigung zu gew\u00e4hrleisten.<br>Das System wurde auf vollst\u00e4ndige Dichtheit getestet. Latexfrei.<\/p><p><strong>Heine-Manschette in 5 Modellen erh\u00e4ltlich<\/strong><\/p><div class=\"tableau1descr\" align=\"center\"><table width=\"500\"><thead><tr><th>Bezeichnung<\/th><th>Manschette<\/th><th>Umfang<\/th><\/tr><\/thead><tbody><tr><td>Baby<\/td><td>6 x 28 cm<\/td><td>8 bis 13 cm<\/td><\/tr><tr><td>Kind<\/td><td>10 x 34 cm<\/td><td>13 bis 20 cm<\/td><\/tr><tr><td>Kleiner Erwachsener<\/td><td>14 x 53 cm<\/td><td>20 bis 29 cm<\/td><\/tr><tr><td>Erwachsener<\/td><td>15 x 58 cm<\/td><td>29 bis 41 cm<\/td><\/tr><tr><td>Fettleibig &#8211; Oberschenkel<\/td><td>20 x 86 cm<\/td><td>Umfang gr\u00f6\u00dfer als 41 cm (Oberschenkel)<\/td><\/tr><\/tbody><\/table><\/div><\/div>\t\t\t\t\t\t\t\t<\/div>\n\t\t\t\t\t<\/div>\n\t\t<\/div>\n\t\t\t\t\t<\/div>\n\t\t<\/section>\n\t\t\t\t<\/div>\n\t\t","protected":false},"excerpt":{"rendered":"<p>Doppelschlauch-Manschetten mit Klettverschluss, passend f\u00fcr Blutdruckmessger\u00e4te der Serie Heine Gamma XXL LF. Aus strapazierf\u00e4higem Gewebe mit verst\u00e4rkten N\u00e4hten gefertigt, verf\u00fcgen sie \u00fcber einen flexiblen Schlauch mit gro\u00dfem Durchmesser. Waschbar bis 60\u202f\u00b0C und frei von Latex. F\u00fcr den regelm\u00e4\u00dfigen Einsatz in professionellen Umgebungen geeignet. Erh\u00e4ltlich in verschiedenen Gr\u00f6\u00dfen.    <\/p>\n","protected":false},"featured_media":27595,"template":"","meta":{"_acf_changed":false},"product_brand":[2147],"product_cat":[1012,1013,1278],"product_tag":[1017,1014,1330,1016,1015],"class_list":{"0":"post-34117","1":"product","2":"type-product","3":"status-publish","4":"has-post-thumbnail","6":"product_brand-heine-de","7":"product_cat-blutdruckmessgerate","8":"product_cat-manuelle-blutdruckmessgerate","9":"product_cat-zubehor-blutdruckmessgeraete","10":"product_tag-allgemeinmedizin","11":"product_tag-diagnose","12":"product_tag-manschette","13":"product_tag-mmhg-de","14":"product_tag-spannung","16":"first","17":"instock","18":"taxable","19":"shipping-taxable","20":"purchasable","21":"product-type-variable","22":"has-default-attributes"},"acf":[],"yoast_head":"<!-- This site is optimized with the Yoast SEO Premium plugin v27.4 (Yoast SEO v27.4) - https:\/\/yoast.com\/product\/yoast-seo-premium-wordpress\/ -->\n<title>2-Schlauch-Manschetten f\u00fcr Heine Gamma XXL-LF | Swixed SA<\/title>\n<meta name=\"description\" content=\"Manschette mit 2 Klettschl\u00e4uchen f\u00fcr Gamma XXL-LF Blutdruckmessger\u00e4te. Doppelnaht, waschbar. Die R\u00f6hren sind sehr dick und hochflexibel\" \/>\n<meta name=\"robots\" content=\"index, follow, max-snippet:-1, max-image-preview:large, max-video-preview:-1\" \/>\n<link rel=\"canonical\" href=\"https:\/\/swixed.ch\/de\/produkt\/sed60007\/\" \/>\n<meta property=\"og:locale\" content=\"de_DE\" \/>\n<meta property=\"og:type\" content=\"article\" \/>\n<meta property=\"og:title\" content=\"2-Schlauch-Manschetten f\u00fcr Heine Gamma XXL-LF\" \/>\n<meta property=\"og:description\" content=\"Manschette mit 2 Klettschl\u00e4uchen f\u00fcr Gamma XXL-LF Blutdruckmessger\u00e4te. Doppelnaht, waschbar. Die R\u00f6hren sind sehr dick und hochflexibel\" \/>\n<meta property=\"og:url\" content=\"https:\/\/swixed.ch\/de\/produkt\/sed60007\/\" \/>\n<meta property=\"og:site_name\" content=\"Swixed SA\" \/>\n<meta property=\"article:publisher\" content=\"https:\/\/www.facebook.com\/swixed\" \/>\n<meta property=\"article:modified_time\" content=\"2026-04-20T20:00:55+00:00\" \/>\n<meta property=\"og:image\" content=\"https:\/\/swixed.ch\/wp-content\/uploads\/products\/heine-brassards-pour-xxl-lf-01.png\" \/>\n\t<meta property=\"og:image:width\" content=\"600\" \/>\n\t<meta property=\"og:image:height\" content=\"600\" \/>\n\t<meta property=\"og:image:type\" content=\"image\/png\" \/>\n<meta name=\"twitter:card\" content=\"summary_large_image\" \/>\n<meta name=\"twitter:label1\" content=\"Gesch\u00e4tzte Lesezeit\" \/>\n\t<meta name=\"twitter:data1\" content=\"1\u00a0Minute\" \/>\n<script type=\"application\/ld+json\" class=\"yoast-schema-graph\">{\"@context\":\"https:\\\/\\\/schema.org\",\"@graph\":[{\"@type\":\"WebPage\",\"@id\":\"https:\\\/\\\/swixed.ch\\\/de\\\/produkt\\\/sed60007\\\/\",\"url\":\"https:\\\/\\\/swixed.ch\\\/de\\\/produkt\\\/sed60007\\\/\",\"name\":\"2-Schlauch-Manschetten f\u00fcr Heine Gamma XXL-LF | Swixed SA\",\"isPartOf\":{\"@id\":\"https:\\\/\\\/swixed.ch\\\/de\\\/#website\"},\"primaryImageOfPage\":{\"@id\":\"https:\\\/\\\/swixed.ch\\\/de\\\/produkt\\\/sed60007\\\/#primaryimage\"},\"image\":{\"@id\":\"https:\\\/\\\/swixed.ch\\\/de\\\/produkt\\\/sed60007\\\/#primaryimage\"},\"thumbnailUrl\":\"https:\\\/\\\/swixed.ch\\\/wp-content\\\/uploads\\\/products\\\/heine-brassards-pour-xxl-lf-01.png\",\"datePublished\":\"2021-05-03T15:09:43+00:00\",\"dateModified\":\"2026-04-20T20:00:55+00:00\",\"description\":\"Manschette mit 2 Klettschl\u00e4uchen f\u00fcr Gamma XXL-LF Blutdruckmessger\u00e4te. Doppelnaht, waschbar. Die R\u00f6hren sind sehr dick und hochflexibel\",\"breadcrumb\":{\"@id\":\"https:\\\/\\\/swixed.ch\\\/de\\\/produkt\\\/sed60007\\\/#breadcrumb\"},\"inLanguage\":\"de\",\"potentialAction\":[{\"@type\":\"ReadAction\",\"target\":[\"https:\\\/\\\/swixed.ch\\\/de\\\/produkt\\\/sed60007\\\/\"]}]},{\"@type\":\"ImageObject\",\"inLanguage\":\"de\",\"@id\":\"https:\\\/\\\/swixed.ch\\\/de\\\/produkt\\\/sed60007\\\/#primaryimage\",\"url\":\"https:\\\/\\\/swixed.ch\\\/wp-content\\\/uploads\\\/products\\\/heine-brassards-pour-xxl-lf-01.png\",\"contentUrl\":\"https:\\\/\\\/swixed.ch\\\/wp-content\\\/uploads\\\/products\\\/heine-brassards-pour-xxl-lf-01.png\",\"width\":600,\"height\":600,\"caption\":\"heine-brassards-f\u00fcr-xxl-lf-01\"},{\"@type\":\"BreadcrumbList\",\"@id\":\"https:\\\/\\\/swixed.ch\\\/de\\\/produkt\\\/sed60007\\\/#breadcrumb\",\"itemListElement\":[{\"@type\":\"ListItem\",\"position\":1,\"name\":\"Startseite\",\"item\":\"https:\\\/\\\/swixed.ch\\\/de\\\/home\\\/\"},{\"@type\":\"ListItem\",\"position\":2,\"name\":\"Shop\",\"item\":\"https:\\\/\\\/swixed.ch\\\/de\\\/shop\\\/\"},{\"@type\":\"ListItem\",\"position\":3,\"name\":\"2-Schlauch-Manschetten f\u00fcr Heine Gamma XXL-LF\"}]},{\"@type\":\"WebSite\",\"@id\":\"https:\\\/\\\/swixed.ch\\\/de\\\/#website\",\"url\":\"https:\\\/\\\/swixed.ch\\\/de\\\/\",\"name\":\"Swixed SA\",\"description\":\"Elektronische Ger\u00e4te\",\"publisher\":{\"@id\":\"https:\\\/\\\/swixed.ch\\\/de\\\/#organization\"},\"potentialAction\":[{\"@type\":\"SearchAction\",\"target\":{\"@type\":\"EntryPoint\",\"urlTemplate\":\"https:\\\/\\\/swixed.ch\\\/de\\\/?s={search_term_string}\"},\"query-input\":{\"@type\":\"PropertyValueSpecification\",\"valueRequired\":true,\"valueName\":\"search_term_string\"}}],\"inLanguage\":\"de\"},{\"@type\":\"Organization\",\"@id\":\"https:\\\/\\\/swixed.ch\\\/de\\\/#organization\",\"name\":\"Swixed SA\",\"url\":\"https:\\\/\\\/swixed.ch\\\/de\\\/\",\"logo\":{\"@type\":\"ImageObject\",\"inLanguage\":\"de\",\"@id\":\"https:\\\/\\\/swixed.ch\\\/de\\\/#\\\/schema\\\/logo\\\/image\\\/\",\"url\":\"https:\\\/\\\/swixed.ch\\\/wp-content\\\/uploads\\\/logos\\\/swixed-logo-lite.png\",\"contentUrl\":\"https:\\\/\\\/swixed.ch\\\/wp-content\\\/uploads\\\/logos\\\/swixed-logo-lite.png\",\"width\":696,\"height\":696,\"caption\":\"Swixed SA\"},\"image\":{\"@id\":\"https:\\\/\\\/swixed.ch\\\/de\\\/#\\\/schema\\\/logo\\\/image\\\/\"},\"sameAs\":[\"https:\\\/\\\/www.facebook.com\\\/swixed\",\"https:\\\/\\\/www.linkedin.com\\\/company\\\/swixed\",\"https:\\\/\\\/www.youtube.com\\\/@swixedsa\"],\"description\":\"Swixed SA est une entreprise suisse bas\u00e9e \u00e0 Gen\u00e8ve, sp\u00e9cialis\u00e9e dans la vente, la location et la maintenance d\u2019appareils m\u00e9dicaux professionnels, tels que d\u00e9fibrillateurs AED, \u00e9lectrocardiographes, moniteurs patient et dispositifs de diagnostic.\",\"email\":\"infoshop@swixed.ch\",\"telephone\":\"+41 22 566 11 95\",\"legalName\":\"Swixed SA\",\"foundingDate\":\"2021-03-01\",\"numberOfEmployees\":{\"@type\":\"QuantitativeValue\",\"minValue\":\"1\",\"maxValue\":\"10\"}}]}<\/script>\n<!-- \/ Yoast SEO Premium plugin. -->","yoast_head_json":{"title":"2-Schlauch-Manschetten f\u00fcr Heine Gamma XXL-LF | Swixed SA","description":"Manschette mit 2 Klettschl\u00e4uchen f\u00fcr Gamma XXL-LF Blutdruckmessger\u00e4te. Doppelnaht, waschbar. Die R\u00f6hren sind sehr dick und hochflexibel","robots":{"index":"index","follow":"follow","max-snippet":"max-snippet:-1","max-image-preview":"max-image-preview:large","max-video-preview":"max-video-preview:-1"},"canonical":"https:\/\/swixed.ch\/de\/produkt\/sed60007\/","og_locale":"de_DE","og_type":"article","og_title":"2-Schlauch-Manschetten f\u00fcr Heine Gamma XXL-LF","og_description":"Manschette mit 2 Klettschl\u00e4uchen f\u00fcr Gamma XXL-LF Blutdruckmessger\u00e4te. Doppelnaht, waschbar. Die R\u00f6hren sind sehr dick und hochflexibel","og_url":"https:\/\/swixed.ch\/de\/produkt\/sed60007\/","og_site_name":"Swixed SA","article_publisher":"https:\/\/www.facebook.com\/swixed","article_modified_time":"2026-04-20T20:00:55+00:00","og_image":[{"width":600,"height":600,"url":"https:\/\/swixed.ch\/wp-content\/uploads\/products\/heine-brassards-pour-xxl-lf-01.png","type":"image\/png"}],"twitter_card":"summary_large_image","twitter_misc":{"Gesch\u00e4tzte Lesezeit":"1\u00a0Minute"},"schema":{"@context":"https:\/\/schema.org","@graph":[{"@type":"WebPage","@id":"https:\/\/swixed.ch\/de\/produkt\/sed60007\/","url":"https:\/\/swixed.ch\/de\/produkt\/sed60007\/","name":"2-Schlauch-Manschetten f\u00fcr Heine Gamma XXL-LF | Swixed SA","isPartOf":{"@id":"https:\/\/swixed.ch\/de\/#website"},"primaryImageOfPage":{"@id":"https:\/\/swixed.ch\/de\/produkt\/sed60007\/#primaryimage"},"image":{"@id":"https:\/\/swixed.ch\/de\/produkt\/sed60007\/#primaryimage"},"thumbnailUrl":"https:\/\/swixed.ch\/wp-content\/uploads\/products\/heine-brassards-pour-xxl-lf-01.png","datePublished":"2021-05-03T15:09:43+00:00","dateModified":"2026-04-20T20:00:55+00:00","description":"Manschette mit 2 Klettschl\u00e4uchen f\u00fcr Gamma XXL-LF Blutdruckmessger\u00e4te. Doppelnaht, waschbar. Die R\u00f6hren sind sehr dick und hochflexibel","breadcrumb":{"@id":"https:\/\/swixed.ch\/de\/produkt\/sed60007\/#breadcrumb"},"inLanguage":"de","potentialAction":[{"@type":"ReadAction","target":["https:\/\/swixed.ch\/de\/produkt\/sed60007\/"]}]},{"@type":"ImageObject","inLanguage":"de","@id":"https:\/\/swixed.ch\/de\/produkt\/sed60007\/#primaryimage","url":"https:\/\/swixed.ch\/wp-content\/uploads\/products\/heine-brassards-pour-xxl-lf-01.png","contentUrl":"https:\/\/swixed.ch\/wp-content\/uploads\/products\/heine-brassards-pour-xxl-lf-01.png","width":600,"height":600,"caption":"heine-brassards-f\u00fcr-xxl-lf-01"},{"@type":"BreadcrumbList","@id":"https:\/\/swixed.ch\/de\/produkt\/sed60007\/#breadcrumb","itemListElement":[{"@type":"ListItem","position":1,"name":"Startseite","item":"https:\/\/swixed.ch\/de\/home\/"},{"@type":"ListItem","position":2,"name":"Shop","item":"https:\/\/swixed.ch\/de\/shop\/"},{"@type":"ListItem","position":3,"name":"2-Schlauch-Manschetten f\u00fcr Heine Gamma XXL-LF"}]},{"@type":"WebSite","@id":"https:\/\/swixed.ch\/de\/#website","url":"https:\/\/swixed.ch\/de\/","name":"Swixed SA","description":"Elektronische Ger\u00e4te","publisher":{"@id":"https:\/\/swixed.ch\/de\/#organization"},"potentialAction":[{"@type":"SearchAction","target":{"@type":"EntryPoint","urlTemplate":"https:\/\/swixed.ch\/de\/?s={search_term_string}"},"query-input":{"@type":"PropertyValueSpecification","valueRequired":true,"valueName":"search_term_string"}}],"inLanguage":"de"},{"@type":"Organization","@id":"https:\/\/swixed.ch\/de\/#organization","name":"Swixed SA","url":"https:\/\/swixed.ch\/de\/","logo":{"@type":"ImageObject","inLanguage":"de","@id":"https:\/\/swixed.ch\/de\/#\/schema\/logo\/image\/","url":"https:\/\/swixed.ch\/wp-content\/uploads\/logos\/swixed-logo-lite.png","contentUrl":"https:\/\/swixed.ch\/wp-content\/uploads\/logos\/swixed-logo-lite.png","width":696,"height":696,"caption":"Swixed SA"},"image":{"@id":"https:\/\/swixed.ch\/de\/#\/schema\/logo\/image\/"},"sameAs":["https:\/\/www.facebook.com\/swixed","https:\/\/www.linkedin.com\/company\/swixed","https:\/\/www.youtube.com\/@swixedsa"],"description":"Swixed SA est une entreprise suisse bas\u00e9e \u00e0 Gen\u00e8ve, sp\u00e9cialis\u00e9e dans la vente, la location et la maintenance d\u2019appareils m\u00e9dicaux professionnels, tels que d\u00e9fibrillateurs AED, \u00e9lectrocardiographes, moniteurs patient et dispositifs de diagnostic.","email":"infoshop@swixed.ch","telephone":"+41 22 566 11 95","legalName":"Swixed SA","foundingDate":"2021-03-01","numberOfEmployees":{"@type":"QuantitativeValue","minValue":"1","maxValue":"10"}}]}},"_links":{"self":[{"href":"https:\/\/swixed.ch\/de\/wp-json\/wp\/v2\/product\/34117","targetHints":{"allow":["GET"]}}],"collection":[{"href":"https:\/\/swixed.ch\/de\/wp-json\/wp\/v2\/product"}],"about":[{"href":"https:\/\/swixed.ch\/de\/wp-json\/wp\/v2\/types\/product"}],"version-history":[{"count":1,"href":"https:\/\/swixed.ch\/de\/wp-json\/wp\/v2\/product\/34117\/revisions"}],"predecessor-version":[{"id":63022,"href":"https:\/\/swixed.ch\/de\/wp-json\/wp\/v2\/product\/34117\/revisions\/63022"}],"wp:featuredmedia":[{"embeddable":true,"href":"https:\/\/swixed.ch\/de\/wp-json\/wp\/v2\/media\/27595"}],"wp:attachment":[{"href":"https:\/\/swixed.ch\/de\/wp-json\/wp\/v2\/media?parent=34117"}],"wp:term":[{"taxonomy":"product_brand","embeddable":true,"href":"https:\/\/swixed.ch\/de\/wp-json\/wp\/v2\/product_brand?post=34117"},{"taxonomy":"product_cat","embeddable":true,"href":"https:\/\/swixed.ch\/de\/wp-json\/wp\/v2\/product_cat?post=34117"},{"taxonomy":"product_tag","embeddable":true,"href":"https:\/\/swixed.ch\/de\/wp-json\/wp\/v2\/product_tag?post=34117"}],"curies":[{"name":"wp","href":"https:\/\/api.w.org\/{rel}","templated":true}]}}