{"id":34119,"date":"2021-05-04T17:57:28","date_gmt":"2021-05-04T15:57:28","guid":{"rendered":"https:\/\/swixed.com\/produit\/sondenabdeckungen-fuer-tympatherm-200\/"},"modified":"2026-01-31T19:16:40","modified_gmt":"2026-01-31T18:16:40","slug":"sed75201","status":"publish","type":"product","link":"https:\/\/swixed.ch\/de\/produkt\/sed75201\/","title":{"rendered":"Swixed Probetherm 201 &#8211; Sondenabdeckungen f\u00fcr Tympatherm 200"},"content":{"rendered":"\t\t<div data-elementor-type=\"product-post\" data-elementor-id=\"34119\" class=\"elementor elementor-34119 elementor-3980\" data-elementor-post-type=\"product\">\n\t\t\t\t\t\t<section class=\"elementor-section elementor-top-section elementor-element elementor-element-b792d8a elementor-section-full_width elementor-section-height-default elementor-section-height-default\" data-id=\"b792d8a\" data-element_type=\"section\" data-e-type=\"section\">\n\t\t\t\t\t\t<div class=\"elementor-container elementor-column-gap-default\">\n\t\t\t\t\t<div class=\"elementor-column elementor-col-100 elementor-top-column elementor-element elementor-element-71d094a\" data-id=\"71d094a\" data-element_type=\"column\" data-e-type=\"column\">\n\t\t\t<div class=\"elementor-widget-wrap elementor-element-populated\">\n\t\t\t\t\t\t<div class=\"elementor-element elementor-element-92f4c46 elementor-widget elementor-widget-heading\" data-id=\"92f4c46\" data-element_type=\"widget\" data-e-type=\"widget\" data-widget_type=\"heading.default\">\n\t\t\t\t\t<h2 class=\"elementor-heading-title elementor-size-default\">Beschreibung<\/h2>\t\t\t\t<\/div>\n\t\t\t\t<div class=\"elementor-element elementor-element-a16f24c elementor-widget elementor-widget-text-editor\" data-id=\"a16f24c\" data-element_type=\"widget\" data-e-type=\"widget\" data-widget_type=\"text-editor.default\">\n\t\t\t\t\t\t\t\t\t<p>Die <em>Probetherm <\/em>201 Sondenabdeckungen wurden speziell f\u00fcr den <a href=\"\/shop\/sed75200\/\"><em>Tympatherm<\/em> 200<\/a> entwickelt und bieten einen wirksamen Schutz gegen die Ansammlung von Schmutz und Cerumen auf der Temperatursonde. Dieses medizinische Zubeh\u00f6r hat eine Doppelfunktion: Es dient der Hygiene und sch\u00fctzt die Sonde, wodurch das Risiko einer \u00dcbertragung von Infektionen zwischen Patienten verringert wird.<\/p><p>Die Sondenabdeckungen sind einfach zu handhaben und l\u00f6sen sich nach jeder Messung automatisch ab, wodurch der manuelle Kontakt minimiert und eine bequeme Handhabung gew\u00e4hrleistet wird. Sie sind nur f\u00fcr den einmaligen Gebrauch bestimmt und m\u00fcssen nach jedem Gebrauch ausgetauscht werden, um die Sicherheit und Genauigkeit der Messungen zu gew\u00e4hrleisten. <\/p>\t\t\t\t\t\t\t\t<\/div>\n\t\t\t\t<div class=\"elementor-element elementor-element-b4d8cd9 elementor-widget elementor-widget-heading\" data-id=\"b4d8cd9\" data-element_type=\"widget\" data-e-type=\"widget\" data-widget_type=\"heading.default\">\n\t\t\t\t\t<h2 class=\"elementor-heading-title elementor-size-default\">Inhalt<\/h2>\t\t\t\t<\/div>\n\t\t\t\t<div class=\"elementor-element elementor-element-595b248 elementor-widget elementor-widget-text-editor\" data-id=\"595b248\" data-element_type=\"widget\" data-e-type=\"widget\" data-widget_type=\"text-editor.default\">\n\t\t\t\t\t\t\t\t\t<ul><li>Packung mit 15 Probetherm 201 Sondenabdeckungen<\/li><\/ul><p><em><strong>Hinweis: <\/strong>Diese Sondenabdeckungen sind wichtige medizinische Produkte, um eine optimale Hygiene bei Temperaturmessungen zu gew\u00e4hrleisten, und ihre einmalige Verwendung tr\u00e4gt zur Sicherheit der Patienten bei.<\/em><\/p>\t\t\t\t\t\t\t\t<\/div>\n\t\t\t\t\t<\/div>\n\t\t<\/div>\n\t\t\t\t\t<\/div>\n\t\t<\/section>\n\t\t\t\t<\/div>\n\t\t","protected":false},"excerpt":{"rendered":"<p>Die Swixed Probetherm 201 Sondenabdeckungen sch\u00fctzen die Sonde des Ohrthermometers Tympatherm 200 vor Schmutz und Ohrenschmalz. Sie sind f\u00fcr den Einmalgebrauch vorgesehen, gew\u00e4hrleisten optimale Hygiene und reduzieren das Risiko von Kreuzkontaminationen. Die automatische Auswurffunktion erleichtert das Entfernen nach der Messung.  <\/p>\n","protected":false},"featured_media":28939,"template":"","meta":{"_acf_changed":false},"product_brand":[2192],"product_cat":[959,974,967,1335],"product_tag":[1346,5937,5938,5934,4134,5110,5939,3824,5940,5931,5930,5933,5936,5935,5932],"class_list":{"0":"post-34119","1":"product","2":"type-product","3":"status-publish","4":"has-post-thumbnail","6":"product_brand-swixed-de","7":"product_cat-swixed-produkte","8":"product_cat-thermometer-de","9":"product_cat-thermometer","10":"product_cat-verbrauchsmaterial-thermometer","11":"product_tag-einmalige-verwendung","12":"product_tag-einweg-sondenabdeckung","13":"product_tag-gesundheitsschutz","14":"product_tag-infektionspravention","15":"product_tag-medizinische-gerate","16":"product_tag-medizinische-hygiene","17":"product_tag-medizinisches-verbrauchsmaterial","18":"product_tag-medizinisches-zubehor-de","19":"product_tag-patientenversorgung","20":"product_tag-probetherm-201-de","21":"product_tag-sondenabdeckungen","22":"product_tag-sondenschutz-de","23":"product_tag-temperaturfuhler","24":"product_tag-temperaturmessung","25":"product_tag-tympatherm-200-de","27":"first","28":"instock","29":"sale","30":"taxable","31":"shipping-taxable","32":"purchasable","33":"product-type-simple"},"acf":[],"yoast_head":"<!-- This site is optimized with the Yoast SEO Premium plugin v27.4 (Yoast SEO v27.4) - https:\/\/yoast.com\/product\/yoast-seo-premium-wordpress\/ -->\n<title>Swixed Probetherm 201 - Sondenabdeckungen f\u00fcr Tympatherm 200 | Swixed SA<\/title>\n<meta name=\"description\" content=\"Probetherm 201 Sondenh\u00fcllen f\u00fcr Tympatherm 200, garantieren Hygiene und Schutz. Einmalgebrauch, verpackt zu 15 St\u00fcck f\u00fcr jede Messung.\" \/>\n<meta name=\"robots\" content=\"index, follow, max-snippet:-1, max-image-preview:large, max-video-preview:-1\" \/>\n<link rel=\"canonical\" href=\"https:\/\/swixed.ch\/de\/produkt\/sed75201\/\" \/>\n<meta property=\"og:locale\" content=\"de_DE\" \/>\n<meta property=\"og:type\" content=\"article\" \/>\n<meta property=\"og:title\" content=\"Swixed Probetherm 201 - Sondenabdeckungen f\u00fcr Tympatherm 200\" \/>\n<meta property=\"og:description\" content=\"Probetherm 201 Sondenh\u00fcllen f\u00fcr Tympatherm 200, garantieren Hygiene und Schutz. Einmalgebrauch, verpackt zu 15 St\u00fcck f\u00fcr jede Messung.\" \/>\n<meta property=\"og:url\" content=\"https:\/\/swixed.ch\/de\/produkt\/sed75201\/\" \/>\n<meta property=\"og:site_name\" content=\"Swixed SA\" \/>\n<meta property=\"article:publisher\" content=\"https:\/\/www.facebook.com\/swixed\" \/>\n<meta property=\"article:modified_time\" content=\"2026-01-31T18:16:40+00:00\" \/>\n<meta property=\"og:image\" content=\"https:\/\/swixed.ch\/wp-content\/uploads\/products\/swixed-probecover-201-01b.png\" \/>\n\t<meta property=\"og:image:width\" content=\"600\" \/>\n\t<meta property=\"og:image:height\" content=\"600\" \/>\n\t<meta property=\"og:image:type\" content=\"image\/png\" \/>\n<meta name=\"twitter:card\" content=\"summary_large_image\" \/>\n<meta name=\"twitter:label1\" content=\"Gesch\u00e4tzte Lesezeit\" \/>\n\t<meta name=\"twitter:data1\" content=\"1\u00a0Minute\" \/>\n<script type=\"application\/ld+json\" class=\"yoast-schema-graph\">{\"@context\":\"https:\\\/\\\/schema.org\",\"@graph\":[{\"@type\":\"WebPage\",\"@id\":\"https:\\\/\\\/swixed.ch\\\/de\\\/produkt\\\/sed75201\\\/\",\"url\":\"https:\\\/\\\/swixed.ch\\\/de\\\/produkt\\\/sed75201\\\/\",\"name\":\"Swixed Probetherm 201 - Sondenabdeckungen f\u00fcr Tympatherm 200 | Swixed SA\",\"isPartOf\":{\"@id\":\"https:\\\/\\\/swixed.ch\\\/de\\\/#website\"},\"primaryImageOfPage\":{\"@id\":\"https:\\\/\\\/swixed.ch\\\/de\\\/produkt\\\/sed75201\\\/#primaryimage\"},\"image\":{\"@id\":\"https:\\\/\\\/swixed.ch\\\/de\\\/produkt\\\/sed75201\\\/#primaryimage\"},\"thumbnailUrl\":\"https:\\\/\\\/swixed.ch\\\/wp-content\\\/uploads\\\/products\\\/swixed-probecover-201-01b.png\",\"datePublished\":\"2021-05-04T15:57:28+00:00\",\"dateModified\":\"2026-01-31T18:16:40+00:00\",\"description\":\"Probetherm 201 Sondenh\u00fcllen f\u00fcr Tympatherm 200, garantieren Hygiene und Schutz. Einmalgebrauch, verpackt zu 15 St\u00fcck f\u00fcr jede Messung.\",\"breadcrumb\":{\"@id\":\"https:\\\/\\\/swixed.ch\\\/de\\\/produkt\\\/sed75201\\\/#breadcrumb\"},\"inLanguage\":\"de\",\"potentialAction\":[{\"@type\":\"ReadAction\",\"target\":[\"https:\\\/\\\/swixed.ch\\\/de\\\/produkt\\\/sed75201\\\/\"]}]},{\"@type\":\"ImageObject\",\"inLanguage\":\"de\",\"@id\":\"https:\\\/\\\/swixed.ch\\\/de\\\/produkt\\\/sed75201\\\/#primaryimage\",\"url\":\"https:\\\/\\\/swixed.ch\\\/wp-content\\\/uploads\\\/products\\\/swixed-probecover-201-01b.png\",\"contentUrl\":\"https:\\\/\\\/swixed.ch\\\/wp-content\\\/uploads\\\/products\\\/swixed-probecover-201-01b.png\",\"width\":600,\"height\":600,\"caption\":\"swixed-probecover-201-01b\"},{\"@type\":\"BreadcrumbList\",\"@id\":\"https:\\\/\\\/swixed.ch\\\/de\\\/produkt\\\/sed75201\\\/#breadcrumb\",\"itemListElement\":[{\"@type\":\"ListItem\",\"position\":1,\"name\":\"Startseite\",\"item\":\"https:\\\/\\\/swixed.ch\\\/de\\\/home\\\/\"},{\"@type\":\"ListItem\",\"position\":2,\"name\":\"Shop\",\"item\":\"https:\\\/\\\/swixed.ch\\\/de\\\/shop\\\/\"},{\"@type\":\"ListItem\",\"position\":3,\"name\":\"Swixed Probetherm 201 &#8211; Sondenabdeckungen f\u00fcr Tympatherm 200\"}]},{\"@type\":\"WebSite\",\"@id\":\"https:\\\/\\\/swixed.ch\\\/de\\\/#website\",\"url\":\"https:\\\/\\\/swixed.ch\\\/de\\\/\",\"name\":\"Swixed SA\",\"description\":\"Elektronische Ger\u00e4te\",\"publisher\":{\"@id\":\"https:\\\/\\\/swixed.ch\\\/de\\\/#organization\"},\"potentialAction\":[{\"@type\":\"SearchAction\",\"target\":{\"@type\":\"EntryPoint\",\"urlTemplate\":\"https:\\\/\\\/swixed.ch\\\/de\\\/?s={search_term_string}\"},\"query-input\":{\"@type\":\"PropertyValueSpecification\",\"valueRequired\":true,\"valueName\":\"search_term_string\"}}],\"inLanguage\":\"de\"},{\"@type\":\"Organization\",\"@id\":\"https:\\\/\\\/swixed.ch\\\/de\\\/#organization\",\"name\":\"Swixed SA\",\"url\":\"https:\\\/\\\/swixed.ch\\\/de\\\/\",\"logo\":{\"@type\":\"ImageObject\",\"inLanguage\":\"de\",\"@id\":\"https:\\\/\\\/swixed.ch\\\/de\\\/#\\\/schema\\\/logo\\\/image\\\/\",\"url\":\"https:\\\/\\\/swixed.ch\\\/wp-content\\\/uploads\\\/logos\\\/swixed-logo-lite.png\",\"contentUrl\":\"https:\\\/\\\/swixed.ch\\\/wp-content\\\/uploads\\\/logos\\\/swixed-logo-lite.png\",\"width\":696,\"height\":696,\"caption\":\"Swixed SA\"},\"image\":{\"@id\":\"https:\\\/\\\/swixed.ch\\\/de\\\/#\\\/schema\\\/logo\\\/image\\\/\"},\"sameAs\":[\"https:\\\/\\\/www.facebook.com\\\/swixed\",\"https:\\\/\\\/www.linkedin.com\\\/company\\\/swixed\",\"https:\\\/\\\/www.youtube.com\\\/@swixedsa\"],\"description\":\"Swixed SA est une entreprise suisse bas\u00e9e \u00e0 Gen\u00e8ve, sp\u00e9cialis\u00e9e dans la vente, la location et la maintenance d\u2019appareils m\u00e9dicaux professionnels, tels que d\u00e9fibrillateurs AED, \u00e9lectrocardiographes, moniteurs patient et dispositifs de diagnostic.\",\"email\":\"infoshop@swixed.ch\",\"telephone\":\"+41 22 566 11 95\",\"legalName\":\"Swixed SA\",\"foundingDate\":\"2021-03-01\",\"numberOfEmployees\":{\"@type\":\"QuantitativeValue\",\"minValue\":\"1\",\"maxValue\":\"10\"}}]}<\/script>\n<!-- \/ Yoast SEO Premium plugin. -->","yoast_head_json":{"title":"Swixed Probetherm 201 - Sondenabdeckungen f\u00fcr Tympatherm 200 | Swixed SA","description":"Probetherm 201 Sondenh\u00fcllen f\u00fcr Tympatherm 200, garantieren Hygiene und Schutz. Einmalgebrauch, verpackt zu 15 St\u00fcck f\u00fcr jede Messung.","robots":{"index":"index","follow":"follow","max-snippet":"max-snippet:-1","max-image-preview":"max-image-preview:large","max-video-preview":"max-video-preview:-1"},"canonical":"https:\/\/swixed.ch\/de\/produkt\/sed75201\/","og_locale":"de_DE","og_type":"article","og_title":"Swixed Probetherm 201 - Sondenabdeckungen f\u00fcr Tympatherm 200","og_description":"Probetherm 201 Sondenh\u00fcllen f\u00fcr Tympatherm 200, garantieren Hygiene und Schutz. Einmalgebrauch, verpackt zu 15 St\u00fcck f\u00fcr jede Messung.","og_url":"https:\/\/swixed.ch\/de\/produkt\/sed75201\/","og_site_name":"Swixed SA","article_publisher":"https:\/\/www.facebook.com\/swixed","article_modified_time":"2026-01-31T18:16:40+00:00","og_image":[{"width":600,"height":600,"url":"https:\/\/swixed.ch\/wp-content\/uploads\/products\/swixed-probecover-201-01b.png","type":"image\/png"}],"twitter_card":"summary_large_image","twitter_misc":{"Gesch\u00e4tzte Lesezeit":"1\u00a0Minute"},"schema":{"@context":"https:\/\/schema.org","@graph":[{"@type":"WebPage","@id":"https:\/\/swixed.ch\/de\/produkt\/sed75201\/","url":"https:\/\/swixed.ch\/de\/produkt\/sed75201\/","name":"Swixed Probetherm 201 - Sondenabdeckungen f\u00fcr Tympatherm 200 | Swixed SA","isPartOf":{"@id":"https:\/\/swixed.ch\/de\/#website"},"primaryImageOfPage":{"@id":"https:\/\/swixed.ch\/de\/produkt\/sed75201\/#primaryimage"},"image":{"@id":"https:\/\/swixed.ch\/de\/produkt\/sed75201\/#primaryimage"},"thumbnailUrl":"https:\/\/swixed.ch\/wp-content\/uploads\/products\/swixed-probecover-201-01b.png","datePublished":"2021-05-04T15:57:28+00:00","dateModified":"2026-01-31T18:16:40+00:00","description":"Probetherm 201 Sondenh\u00fcllen f\u00fcr Tympatherm 200, garantieren Hygiene und Schutz. Einmalgebrauch, verpackt zu 15 St\u00fcck f\u00fcr jede Messung.","breadcrumb":{"@id":"https:\/\/swixed.ch\/de\/produkt\/sed75201\/#breadcrumb"},"inLanguage":"de","potentialAction":[{"@type":"ReadAction","target":["https:\/\/swixed.ch\/de\/produkt\/sed75201\/"]}]},{"@type":"ImageObject","inLanguage":"de","@id":"https:\/\/swixed.ch\/de\/produkt\/sed75201\/#primaryimage","url":"https:\/\/swixed.ch\/wp-content\/uploads\/products\/swixed-probecover-201-01b.png","contentUrl":"https:\/\/swixed.ch\/wp-content\/uploads\/products\/swixed-probecover-201-01b.png","width":600,"height":600,"caption":"swixed-probecover-201-01b"},{"@type":"BreadcrumbList","@id":"https:\/\/swixed.ch\/de\/produkt\/sed75201\/#breadcrumb","itemListElement":[{"@type":"ListItem","position":1,"name":"Startseite","item":"https:\/\/swixed.ch\/de\/home\/"},{"@type":"ListItem","position":2,"name":"Shop","item":"https:\/\/swixed.ch\/de\/shop\/"},{"@type":"ListItem","position":3,"name":"Swixed Probetherm 201 &#8211; Sondenabdeckungen f\u00fcr Tympatherm 200"}]},{"@type":"WebSite","@id":"https:\/\/swixed.ch\/de\/#website","url":"https:\/\/swixed.ch\/de\/","name":"Swixed SA","description":"Elektronische Ger\u00e4te","publisher":{"@id":"https:\/\/swixed.ch\/de\/#organization"},"potentialAction":[{"@type":"SearchAction","target":{"@type":"EntryPoint","urlTemplate":"https:\/\/swixed.ch\/de\/?s={search_term_string}"},"query-input":{"@type":"PropertyValueSpecification","valueRequired":true,"valueName":"search_term_string"}}],"inLanguage":"de"},{"@type":"Organization","@id":"https:\/\/swixed.ch\/de\/#organization","name":"Swixed SA","url":"https:\/\/swixed.ch\/de\/","logo":{"@type":"ImageObject","inLanguage":"de","@id":"https:\/\/swixed.ch\/de\/#\/schema\/logo\/image\/","url":"https:\/\/swixed.ch\/wp-content\/uploads\/logos\/swixed-logo-lite.png","contentUrl":"https:\/\/swixed.ch\/wp-content\/uploads\/logos\/swixed-logo-lite.png","width":696,"height":696,"caption":"Swixed SA"},"image":{"@id":"https:\/\/swixed.ch\/de\/#\/schema\/logo\/image\/"},"sameAs":["https:\/\/www.facebook.com\/swixed","https:\/\/www.linkedin.com\/company\/swixed","https:\/\/www.youtube.com\/@swixedsa"],"description":"Swixed SA est une entreprise suisse bas\u00e9e \u00e0 Gen\u00e8ve, sp\u00e9cialis\u00e9e dans la vente, la location et la maintenance d\u2019appareils m\u00e9dicaux professionnels, tels que d\u00e9fibrillateurs AED, \u00e9lectrocardiographes, moniteurs patient et dispositifs de diagnostic.","email":"infoshop@swixed.ch","telephone":"+41 22 566 11 95","legalName":"Swixed SA","foundingDate":"2021-03-01","numberOfEmployees":{"@type":"QuantitativeValue","minValue":"1","maxValue":"10"}}]}},"_links":{"self":[{"href":"https:\/\/swixed.ch\/de\/wp-json\/wp\/v2\/product\/34119","targetHints":{"allow":["GET"]}}],"collection":[{"href":"https:\/\/swixed.ch\/de\/wp-json\/wp\/v2\/product"}],"about":[{"href":"https:\/\/swixed.ch\/de\/wp-json\/wp\/v2\/types\/product"}],"version-history":[{"count":0,"href":"https:\/\/swixed.ch\/de\/wp-json\/wp\/v2\/product\/34119\/revisions"}],"wp:featuredmedia":[{"embeddable":true,"href":"https:\/\/swixed.ch\/de\/wp-json\/wp\/v2\/media\/28939"}],"wp:attachment":[{"href":"https:\/\/swixed.ch\/de\/wp-json\/wp\/v2\/media?parent=34119"}],"wp:term":[{"taxonomy":"product_brand","embeddable":true,"href":"https:\/\/swixed.ch\/de\/wp-json\/wp\/v2\/product_brand?post=34119"},{"taxonomy":"product_cat","embeddable":true,"href":"https:\/\/swixed.ch\/de\/wp-json\/wp\/v2\/product_cat?post=34119"},{"taxonomy":"product_tag","embeddable":true,"href":"https:\/\/swixed.ch\/de\/wp-json\/wp\/v2\/product_tag?post=34119"}],"curies":[{"name":"wp","href":"https:\/\/api.w.org\/{rel}","templated":true}]}}