{"id":34164,"date":"2021-05-04T16:15:02","date_gmt":"2021-05-04T14:15:02","guid":{"rendered":"https:\/\/swixed.com\/produit\/heine-allspec-spekula-fuer-otoskope\/"},"modified":"2026-01-14T07:38:30","modified_gmt":"2026-01-14T06:38:30","slug":"sed80004","status":"publish","type":"product","link":"https:\/\/swixed.ch\/de\/produkt\/sed80004\/","title":{"rendered":"Heine AllSpec &#8211; Einweg-Ohrtrichter f\u00fcr kompatible Otoskope"},"content":{"rendered":"\t\t<div data-elementor-type=\"product-post\" data-elementor-id=\"34164\" class=\"elementor elementor-34164 elementor-3957\" data-elementor-post-type=\"product\">\n\t\t\t\t\t\t<section class=\"elementor-section elementor-top-section elementor-element elementor-element-834d306 elementor-section-boxed elementor-section-height-default elementor-section-height-default\" data-id=\"834d306\" data-element_type=\"section\" data-e-type=\"section\">\n\t\t\t\t\t\t<div class=\"elementor-container elementor-column-gap-default\">\n\t\t\t\t\t<div class=\"elementor-column elementor-col-100 elementor-top-column elementor-element elementor-element-085465e\" data-id=\"085465e\" data-element_type=\"column\" data-e-type=\"column\">\n\t\t\t<div class=\"elementor-widget-wrap elementor-element-populated\">\n\t\t\t\t\t\t<div class=\"elementor-element elementor-element-0684e71 elementor-widget elementor-widget-heading\" data-id=\"0684e71\" data-element_type=\"widget\" data-e-type=\"widget\" data-widget_type=\"heading.default\">\n\t\t\t\t\t<h2 class=\"elementor-heading-title elementor-size-default\">Beschreibung<\/h2>\t\t\t\t<\/div>\n\t\t\t\t\t<\/div>\n\t\t<\/div>\n\t\t\t\t\t<\/div>\n\t\t<\/section>\n\t\t\t\t<section class=\"elementor-section elementor-top-section elementor-element elementor-element-c0f3979 elementor-section-boxed elementor-section-height-default elementor-section-height-default\" data-id=\"c0f3979\" data-element_type=\"section\" data-e-type=\"section\">\n\t\t\t\t\t\t<div class=\"elementor-container elementor-column-gap-default\">\n\t\t\t\t\t<div class=\"elementor-column elementor-col-100 elementor-top-column elementor-element elementor-element-6e68e75\" data-id=\"6e68e75\" data-element_type=\"column\" data-e-type=\"column\">\n\t\t\t<div class=\"elementor-widget-wrap elementor-element-populated\">\n\t\t\t\t\t\t<div class=\"elementor-element elementor-element-3376bb3 elementor-widget elementor-widget-text-editor\" data-id=\"3376bb3\" data-element_type=\"widget\" data-e-type=\"widget\" data-widget_type=\"text-editor.default\">\n\t\t\t\t\t\t\t\t\t<p>Die <strong>Heine AllSpec Einmal-Spekula<\/strong> sind f\u00fcr <strong>HNO-Untersuchungen<\/strong> des \u00e4u\u00dferen Geh\u00f6rgangs und des Trommelfells bestimmt. Sie sind so konzipiert, dass sie auf die Otoskope <strong>BETA 200 FO<\/strong>, <strong>K180<\/strong>, <strong>ALPHA+<\/strong>, <strong>Mini 2000<\/strong>, Mini <strong>3000<\/strong> und <strong>Mini 3000 FO<\/strong> passen.<\/p><p>Sie k\u00f6nnen auch an den Otoskopen K100 und BETA 100 mit einem HEINE Adapter f\u00fcr Einmal-Spekula verwendet werden.<\/p><p>Wir empfehlen die Verwendung von HEINE Einmal-Spekula f\u00fcr einen besonders festen Halt, eine bessere Lichtdurchl\u00e4ssigkeit und<br>eine bessere Hygiene. Die AllSpec Spekula sind speziell f\u00fcr Heine Otoskope entwickelt worden und bieten einen hervorragenden Halt auf dem Otoskop.<br>Die von Heine kontrollierte Qualit\u00e4t gew\u00e4hrleistet, dass die Spekula keine kantigen Oberfl\u00e4chen haben.  Sie erm\u00f6glichen eine optimale Lichtdurchl\u00e4ssigkeit f\u00fcr qualitativ hochwertige Diagnosen.<\/p><p>AllSpec-Spekula sind in 2 Gr\u00f6\u00dfen erh\u00e4ltlich :<\/p><ul><li>\u00d8 2,5 mm (Kind)<\/li><li>\u00d8 4 mm (Erwachsener)<\/li><\/ul>\t\t\t\t\t\t\t\t<\/div>\n\t\t\t\t\t<\/div>\n\t\t<\/div>\n\t\t\t\t\t<\/div>\n\t\t<\/section>\n\t\t\t\t<\/div>\n\t\t","protected":false},"excerpt":{"rendered":"<p>Die Heine AllSpec Ohrtrichter zur einmaligen Verwendung wurden speziell f\u00fcr die Otoskope BETA 200 FO, K180, ALPHA+, Mini 2000, Mini 3000 und Mini 3000 FO entwickelt. Mit einem passenden Adapter sind sie auch mit den Otoskopen K100 und BETA 100 verwendbar. Die robuste Kunststoffausf\u00fchrung sorgt f\u00fcr festen Sitz und erleichtert die Handhabung. Die Form ist auf eine optimale Licht\u00fcbertragung abgestimmt. CE-gekennzeichnetes Zubeh\u00f6r, erh\u00e4ltlich in mehreren Gr\u00f6\u00dfen.    <\/p>\n","protected":false},"featured_media":27607,"template":"","meta":{"_acf_changed":false},"product_brand":[2147],"product_cat":[1364,1365],"product_tag":[1017,1014,1346,1366],"class_list":{"0":"post-34164","1":"product","2":"type-product","3":"status-publish","4":"has-post-thumbnail","6":"product_brand-heine-de","7":"product_cat-otoskope","8":"product_cat-verbrauchsmaterial-otoskope","9":"product_tag-allgemeinmedizin","10":"product_tag-diagnose","11":"product_tag-einmalige-verwendung","12":"product_tag-otoskop","14":"first","15":"instock","16":"taxable","17":"shipping-taxable","18":"purchasable","19":"product-type-variable","20":"has-default-attributes"},"acf":[],"yoast_head":"<!-- This site is optimized with the Yoast SEO Premium plugin v27.4 (Yoast SEO v27.4) - https:\/\/yoast.com\/product\/yoast-seo-premium-wordpress\/ -->\n<title>Heine AllSpec - Einweg-Ohrtrichter f\u00fcr kompatible Otoskope | Swixed SA<\/title>\n<meta name=\"description\" content=\"Heine AllSpec Einwegspekula sind f\u00fcr HNO-Untersuchungen des \u00e4u\u00dferen Geh\u00f6rgangs und des Trommelfells bestimmt.\" \/>\n<meta name=\"robots\" content=\"index, follow, max-snippet:-1, max-image-preview:large, max-video-preview:-1\" \/>\n<link rel=\"canonical\" href=\"https:\/\/swixed.ch\/de\/produkt\/sed80004\/\" \/>\n<meta property=\"og:locale\" content=\"de_DE\" \/>\n<meta property=\"og:type\" content=\"article\" \/>\n<meta property=\"og:title\" content=\"Heine AllSpec - Einweg-Ohrtrichter f\u00fcr kompatible Otoskope\" \/>\n<meta property=\"og:description\" content=\"Heine AllSpec Einwegspekula sind f\u00fcr HNO-Untersuchungen des \u00e4u\u00dferen Geh\u00f6rgangs und des Trommelfells bestimmt.\" \/>\n<meta property=\"og:url\" content=\"https:\/\/swixed.ch\/de\/produkt\/sed80004\/\" \/>\n<meta property=\"og:site_name\" content=\"Swixed SA\" \/>\n<meta property=\"article:publisher\" content=\"https:\/\/www.facebook.com\/swixed\" \/>\n<meta property=\"article:modified_time\" content=\"2026-01-14T06:38:30+00:00\" \/>\n<meta property=\"og:image\" content=\"https:\/\/swixed.ch\/wp-content\/uploads\/products\/heine-speculums-jetables-allspec-02.png\" \/>\n\t<meta property=\"og:image:width\" content=\"600\" \/>\n\t<meta property=\"og:image:height\" content=\"600\" \/>\n\t<meta property=\"og:image:type\" content=\"image\/png\" \/>\n<meta name=\"twitter:card\" content=\"summary_large_image\" \/>\n<meta name=\"twitter:label1\" content=\"Gesch\u00e4tzte Lesezeit\" \/>\n\t<meta name=\"twitter:data1\" content=\"1\u00a0Minute\" \/>\n<script type=\"application\/ld+json\" class=\"yoast-schema-graph\">{\"@context\":\"https:\\\/\\\/schema.org\",\"@graph\":[{\"@type\":\"WebPage\",\"@id\":\"https:\\\/\\\/swixed.ch\\\/de\\\/produkt\\\/sed80004\\\/\",\"url\":\"https:\\\/\\\/swixed.ch\\\/de\\\/produkt\\\/sed80004\\\/\",\"name\":\"Heine AllSpec - Einweg-Ohrtrichter f\u00fcr kompatible Otoskope | Swixed SA\",\"isPartOf\":{\"@id\":\"https:\\\/\\\/swixed.ch\\\/de\\\/#website\"},\"primaryImageOfPage\":{\"@id\":\"https:\\\/\\\/swixed.ch\\\/de\\\/produkt\\\/sed80004\\\/#primaryimage\"},\"image\":{\"@id\":\"https:\\\/\\\/swixed.ch\\\/de\\\/produkt\\\/sed80004\\\/#primaryimage\"},\"thumbnailUrl\":\"https:\\\/\\\/swixed.ch\\\/wp-content\\\/uploads\\\/products\\\/heine-speculums-jetables-allspec-02.png\",\"datePublished\":\"2021-05-04T14:15:02+00:00\",\"dateModified\":\"2026-01-14T06:38:30+00:00\",\"description\":\"Heine AllSpec Einwegspekula sind f\u00fcr HNO-Untersuchungen des \u00e4u\u00dferen Geh\u00f6rgangs und des Trommelfells bestimmt.\",\"breadcrumb\":{\"@id\":\"https:\\\/\\\/swixed.ch\\\/de\\\/produkt\\\/sed80004\\\/#breadcrumb\"},\"inLanguage\":\"de\",\"potentialAction\":[{\"@type\":\"ReadAction\",\"target\":[\"https:\\\/\\\/swixed.ch\\\/de\\\/produkt\\\/sed80004\\\/\"]}]},{\"@type\":\"ImageObject\",\"inLanguage\":\"de\",\"@id\":\"https:\\\/\\\/swixed.ch\\\/de\\\/produkt\\\/sed80004\\\/#primaryimage\",\"url\":\"https:\\\/\\\/swixed.ch\\\/wp-content\\\/uploads\\\/products\\\/heine-speculums-jetables-allspec-02.png\",\"contentUrl\":\"https:\\\/\\\/swixed.ch\\\/wp-content\\\/uploads\\\/products\\\/heine-speculums-jetables-allspec-02.png\",\"width\":600,\"height\":600,\"caption\":\"heine-einweg-spekulum-allspec-02\"},{\"@type\":\"BreadcrumbList\",\"@id\":\"https:\\\/\\\/swixed.ch\\\/de\\\/produkt\\\/sed80004\\\/#breadcrumb\",\"itemListElement\":[{\"@type\":\"ListItem\",\"position\":1,\"name\":\"Startseite\",\"item\":\"https:\\\/\\\/swixed.ch\\\/de\\\/home\\\/\"},{\"@type\":\"ListItem\",\"position\":2,\"name\":\"Shop\",\"item\":\"https:\\\/\\\/swixed.ch\\\/de\\\/shop\\\/\"},{\"@type\":\"ListItem\",\"position\":3,\"name\":\"Heine AllSpec &#8211; Einweg-Ohrtrichter f\u00fcr kompatible Otoskope\"}]},{\"@type\":\"WebSite\",\"@id\":\"https:\\\/\\\/swixed.ch\\\/de\\\/#website\",\"url\":\"https:\\\/\\\/swixed.ch\\\/de\\\/\",\"name\":\"Swixed SA\",\"description\":\"Elektronische Ger\u00e4te\",\"publisher\":{\"@id\":\"https:\\\/\\\/swixed.ch\\\/de\\\/#organization\"},\"potentialAction\":[{\"@type\":\"SearchAction\",\"target\":{\"@type\":\"EntryPoint\",\"urlTemplate\":\"https:\\\/\\\/swixed.ch\\\/de\\\/?s={search_term_string}\"},\"query-input\":{\"@type\":\"PropertyValueSpecification\",\"valueRequired\":true,\"valueName\":\"search_term_string\"}}],\"inLanguage\":\"de\"},{\"@type\":\"Organization\",\"@id\":\"https:\\\/\\\/swixed.ch\\\/de\\\/#organization\",\"name\":\"Swixed SA\",\"url\":\"https:\\\/\\\/swixed.ch\\\/de\\\/\",\"logo\":{\"@type\":\"ImageObject\",\"inLanguage\":\"de\",\"@id\":\"https:\\\/\\\/swixed.ch\\\/de\\\/#\\\/schema\\\/logo\\\/image\\\/\",\"url\":\"https:\\\/\\\/swixed.ch\\\/wp-content\\\/uploads\\\/logos\\\/swixed-logo-lite.png\",\"contentUrl\":\"https:\\\/\\\/swixed.ch\\\/wp-content\\\/uploads\\\/logos\\\/swixed-logo-lite.png\",\"width\":696,\"height\":696,\"caption\":\"Swixed SA\"},\"image\":{\"@id\":\"https:\\\/\\\/swixed.ch\\\/de\\\/#\\\/schema\\\/logo\\\/image\\\/\"},\"sameAs\":[\"https:\\\/\\\/www.facebook.com\\\/swixed\",\"https:\\\/\\\/www.linkedin.com\\\/company\\\/swixed\",\"https:\\\/\\\/www.youtube.com\\\/@swixedsa\"],\"description\":\"Swixed SA est une entreprise suisse bas\u00e9e \u00e0 Gen\u00e8ve, sp\u00e9cialis\u00e9e dans la vente, la location et la maintenance d\u2019appareils m\u00e9dicaux professionnels, tels que d\u00e9fibrillateurs AED, \u00e9lectrocardiographes, moniteurs patient et dispositifs de diagnostic.\",\"email\":\"infoshop@swixed.ch\",\"telephone\":\"+41 22 566 11 95\",\"legalName\":\"Swixed SA\",\"foundingDate\":\"2021-03-01\",\"numberOfEmployees\":{\"@type\":\"QuantitativeValue\",\"minValue\":\"1\",\"maxValue\":\"10\"}}]}<\/script>\n<!-- \/ Yoast SEO Premium plugin. -->","yoast_head_json":{"title":"Heine AllSpec - Einweg-Ohrtrichter f\u00fcr kompatible Otoskope | Swixed SA","description":"Heine AllSpec Einwegspekula sind f\u00fcr HNO-Untersuchungen des \u00e4u\u00dferen Geh\u00f6rgangs und des Trommelfells bestimmt.","robots":{"index":"index","follow":"follow","max-snippet":"max-snippet:-1","max-image-preview":"max-image-preview:large","max-video-preview":"max-video-preview:-1"},"canonical":"https:\/\/swixed.ch\/de\/produkt\/sed80004\/","og_locale":"de_DE","og_type":"article","og_title":"Heine AllSpec - Einweg-Ohrtrichter f\u00fcr kompatible Otoskope","og_description":"Heine AllSpec Einwegspekula sind f\u00fcr HNO-Untersuchungen des \u00e4u\u00dferen Geh\u00f6rgangs und des Trommelfells bestimmt.","og_url":"https:\/\/swixed.ch\/de\/produkt\/sed80004\/","og_site_name":"Swixed SA","article_publisher":"https:\/\/www.facebook.com\/swixed","article_modified_time":"2026-01-14T06:38:30+00:00","og_image":[{"width":600,"height":600,"url":"https:\/\/swixed.ch\/wp-content\/uploads\/products\/heine-speculums-jetables-allspec-02.png","type":"image\/png"}],"twitter_card":"summary_large_image","twitter_misc":{"Gesch\u00e4tzte Lesezeit":"1\u00a0Minute"},"schema":{"@context":"https:\/\/schema.org","@graph":[{"@type":"WebPage","@id":"https:\/\/swixed.ch\/de\/produkt\/sed80004\/","url":"https:\/\/swixed.ch\/de\/produkt\/sed80004\/","name":"Heine AllSpec - Einweg-Ohrtrichter f\u00fcr kompatible Otoskope | Swixed SA","isPartOf":{"@id":"https:\/\/swixed.ch\/de\/#website"},"primaryImageOfPage":{"@id":"https:\/\/swixed.ch\/de\/produkt\/sed80004\/#primaryimage"},"image":{"@id":"https:\/\/swixed.ch\/de\/produkt\/sed80004\/#primaryimage"},"thumbnailUrl":"https:\/\/swixed.ch\/wp-content\/uploads\/products\/heine-speculums-jetables-allspec-02.png","datePublished":"2021-05-04T14:15:02+00:00","dateModified":"2026-01-14T06:38:30+00:00","description":"Heine AllSpec Einwegspekula sind f\u00fcr HNO-Untersuchungen des \u00e4u\u00dferen Geh\u00f6rgangs und des Trommelfells bestimmt.","breadcrumb":{"@id":"https:\/\/swixed.ch\/de\/produkt\/sed80004\/#breadcrumb"},"inLanguage":"de","potentialAction":[{"@type":"ReadAction","target":["https:\/\/swixed.ch\/de\/produkt\/sed80004\/"]}]},{"@type":"ImageObject","inLanguage":"de","@id":"https:\/\/swixed.ch\/de\/produkt\/sed80004\/#primaryimage","url":"https:\/\/swixed.ch\/wp-content\/uploads\/products\/heine-speculums-jetables-allspec-02.png","contentUrl":"https:\/\/swixed.ch\/wp-content\/uploads\/products\/heine-speculums-jetables-allspec-02.png","width":600,"height":600,"caption":"heine-einweg-spekulum-allspec-02"},{"@type":"BreadcrumbList","@id":"https:\/\/swixed.ch\/de\/produkt\/sed80004\/#breadcrumb","itemListElement":[{"@type":"ListItem","position":1,"name":"Startseite","item":"https:\/\/swixed.ch\/de\/home\/"},{"@type":"ListItem","position":2,"name":"Shop","item":"https:\/\/swixed.ch\/de\/shop\/"},{"@type":"ListItem","position":3,"name":"Heine AllSpec &#8211; Einweg-Ohrtrichter f\u00fcr kompatible Otoskope"}]},{"@type":"WebSite","@id":"https:\/\/swixed.ch\/de\/#website","url":"https:\/\/swixed.ch\/de\/","name":"Swixed SA","description":"Elektronische Ger\u00e4te","publisher":{"@id":"https:\/\/swixed.ch\/de\/#organization"},"potentialAction":[{"@type":"SearchAction","target":{"@type":"EntryPoint","urlTemplate":"https:\/\/swixed.ch\/de\/?s={search_term_string}"},"query-input":{"@type":"PropertyValueSpecification","valueRequired":true,"valueName":"search_term_string"}}],"inLanguage":"de"},{"@type":"Organization","@id":"https:\/\/swixed.ch\/de\/#organization","name":"Swixed SA","url":"https:\/\/swixed.ch\/de\/","logo":{"@type":"ImageObject","inLanguage":"de","@id":"https:\/\/swixed.ch\/de\/#\/schema\/logo\/image\/","url":"https:\/\/swixed.ch\/wp-content\/uploads\/logos\/swixed-logo-lite.png","contentUrl":"https:\/\/swixed.ch\/wp-content\/uploads\/logos\/swixed-logo-lite.png","width":696,"height":696,"caption":"Swixed SA"},"image":{"@id":"https:\/\/swixed.ch\/de\/#\/schema\/logo\/image\/"},"sameAs":["https:\/\/www.facebook.com\/swixed","https:\/\/www.linkedin.com\/company\/swixed","https:\/\/www.youtube.com\/@swixedsa"],"description":"Swixed SA est une entreprise suisse bas\u00e9e \u00e0 Gen\u00e8ve, sp\u00e9cialis\u00e9e dans la vente, la location et la maintenance d\u2019appareils m\u00e9dicaux professionnels, tels que d\u00e9fibrillateurs AED, \u00e9lectrocardiographes, moniteurs patient et dispositifs de diagnostic.","email":"infoshop@swixed.ch","telephone":"+41 22 566 11 95","legalName":"Swixed SA","foundingDate":"2021-03-01","numberOfEmployees":{"@type":"QuantitativeValue","minValue":"1","maxValue":"10"}}]}},"_links":{"self":[{"href":"https:\/\/swixed.ch\/de\/wp-json\/wp\/v2\/product\/34164","targetHints":{"allow":["GET"]}}],"collection":[{"href":"https:\/\/swixed.ch\/de\/wp-json\/wp\/v2\/product"}],"about":[{"href":"https:\/\/swixed.ch\/de\/wp-json\/wp\/v2\/types\/product"}],"version-history":[{"count":0,"href":"https:\/\/swixed.ch\/de\/wp-json\/wp\/v2\/product\/34164\/revisions"}],"wp:featuredmedia":[{"embeddable":true,"href":"https:\/\/swixed.ch\/de\/wp-json\/wp\/v2\/media\/27607"}],"wp:attachment":[{"href":"https:\/\/swixed.ch\/de\/wp-json\/wp\/v2\/media?parent=34164"}],"wp:term":[{"taxonomy":"product_brand","embeddable":true,"href":"https:\/\/swixed.ch\/de\/wp-json\/wp\/v2\/product_brand?post=34164"},{"taxonomy":"product_cat","embeddable":true,"href":"https:\/\/swixed.ch\/de\/wp-json\/wp\/v2\/product_cat?post=34164"},{"taxonomy":"product_tag","embeddable":true,"href":"https:\/\/swixed.ch\/de\/wp-json\/wp\/v2\/product_tag?post=34164"}],"curies":[{"name":"wp","href":"https:\/\/api.w.org\/{rel}","templated":true}]}}