{"id":34201,"date":"2021-05-04T14:39:57","date_gmt":"2021-05-04T12:39:57","guid":{"rendered":"https:\/\/swixed.com\/produit\/heine-mini-3000-ophthalmoskop-25v\/"},"modified":"2025-11-29T23:23:10","modified_gmt":"2025-11-29T22:23:10","slug":"sed82001","status":"publish","type":"product","link":"https:\/\/swixed.ch\/de\/produkt\/sed82001\/","title":{"rendered":"Heine Mini 3000 2,5V Ophthalmoskop"},"content":{"rendered":"\t\t<div data-elementor-type=\"product-post\" data-elementor-id=\"34201\" class=\"elementor elementor-34201 elementor-3946\" data-elementor-post-type=\"product\">\n\t\t\t\t\t\t<section class=\"elementor-section elementor-top-section elementor-element elementor-element-c0f3979 elementor-section-full_width elementor-section-height-default elementor-section-height-default\" data-id=\"c0f3979\" data-element_type=\"section\" data-e-type=\"section\">\n\t\t\t\t\t\t<div class=\"elementor-container elementor-column-gap-default\">\n\t\t\t\t\t<div class=\"elementor-column elementor-col-100 elementor-top-column elementor-element elementor-element-6e68e75\" data-id=\"6e68e75\" data-element_type=\"column\" data-e-type=\"column\">\n\t\t\t<div class=\"elementor-widget-wrap elementor-element-populated\">\n\t\t\t\t\t\t<div class=\"elementor-element elementor-element-0684e71 elementor-widget elementor-widget-heading\" data-id=\"0684e71\" data-element_type=\"widget\" data-e-type=\"widget\" data-widget_type=\"heading.default\">\n\t\t\t\t\t<h2 class=\"elementor-heading-title elementor-size-default\">Beschreibung<\/h2>\t\t\t\t<\/div>\n\t\t\t\t<div class=\"elementor-element elementor-element-3376bb3 elementor-widget elementor-widget-text-editor\" data-id=\"3376bb3\" data-element_type=\"widget\" data-e-type=\"widget\" data-widget_type=\"text-editor.default\">\n\t\t\t\t\t\t\t\t\t<p>Das Heine Mini 3000 Ophthalmoskop mit 2,5 V ist Teil der Mini 3000-Serie, die sich durch ihr kompaktes Design und ihre Handlichkeit auszeichnet. Dieses hochwertige Instrument wurde speziell f\u00fcr die Untersuchung des Auges entwickelt und bietet innovative Funktionen wie eine automatische Abschaltung der Stromversorgung und eine erh\u00f6hte Stabilit\u00e4t der internen Komponenten. <\/p><p>Dieses Modell ist mit der XHL-Technologie (Xenon-Halogen) ausgestattet, die ein intensives und homogenes wei\u00dfes Licht projiziert, das eine optimale Ausleuchtung des Augenhintergrunds gew\u00e4hrleistet. Seine Pr\u00e4zisionsoptik in einem kleinen Format macht ihn ideal f\u00fcr Berufst\u00e4tige, die viel unterwegs sind. <\/p><p>Das Mini 3000 Ophthalmoskop bietet f\u00fcnf verschiedene Blenden: gro\u00dfer Spot, kleiner Spot, Fixierstern (zentriert und dezentriert), Halbmond und Gr\u00fcnfilter. Dies erm\u00f6glicht es dem Benutzer, die Einstellungen an die Bed\u00fcrfnisse der Untersuchung anzupassen. <\/p>\t\t\t\t\t\t\t\t<\/div>\n\t\t\t\t<div class=\"elementor-element elementor-element-287050e elementor-widget elementor-widget-heading\" data-id=\"287050e\" data-element_type=\"widget\" data-e-type=\"widget\" data-widget_type=\"heading.default\">\n\t\t\t\t\t<h2 class=\"elementor-heading-title elementor-size-default\">Merkmale<\/h2>\t\t\t\t<\/div>\n\t\t\t\t<div class=\"elementor-element elementor-element-1d4f7c1 elementor-widget elementor-widget-text-editor\" data-id=\"1d4f7c1\" data-element_type=\"widget\" data-e-type=\"widget\" data-widget_type=\"text-editor.default\">\n\t\t\t\t\t\t\t\t\t<ul><li>Unabh\u00e4ngiger Griff und Kopf f\u00fcr bessere Ergonomie<\/li><li>Rutschfeste Oberfl\u00e4che des Griffs f\u00fcr einen sicheren Halt<\/li><li>Inklusive zwei AA-Batterien f\u00fcr den sofortigen Betrieb<\/li><li>Kompatibel mit der gesamten Mini 3000-Reihe<\/li><\/ul>\t\t\t\t\t\t\t\t<\/div>\n\t\t\t\t<div class=\"elementor-element elementor-element-e828e10 elementor-widget elementor-widget-heading\" data-id=\"e828e10\" data-element_type=\"widget\" data-e-type=\"widget\" data-widget_type=\"heading.default\">\n\t\t\t\t\t<h2 class=\"elementor-heading-title elementor-size-default\">LED-Option<\/h2>\t\t\t\t<\/div>\n\t\t\t\t<div class=\"elementor-element elementor-element-fb2e28e elementor-widget elementor-widget-text-editor\" data-id=\"fb2e28e\" data-element_type=\"widget\" data-e-type=\"widget\" data-widget_type=\"text-editor.default\">\n\t\t\t\t\t\t\t\t\t<p>F\u00fcr eine h\u00f6here Helligkeit bietet die LED-Option des Mini 3000 eine reflexions- und blendfreie Beleuchtung, die doppelt so hell wie herk\u00f6mmliche Halogenlampen ist. Das System bietet eine hervorragende Farbwiedergabe und erm\u00f6glicht eine pr\u00e4zise Diagnose. Dar\u00fcber hinaus ist die LED-Beleuchtung wartungsfrei, so dass die Gl\u00fchbirne nicht ausgetauscht werden muss.  <\/p>\t\t\t\t\t\t\t\t<\/div>\n\t\t\t\t<div class=\"elementor-element elementor-element-406abcb elementor-widget elementor-widget-heading\" data-id=\"406abcb\" data-element_type=\"widget\" data-e-type=\"widget\" data-widget_type=\"heading.default\">\n\t\t\t\t\t<h2 class=\"elementor-heading-title elementor-size-default\">Inhalt<\/h2>\t\t\t\t<\/div>\n\t\t\t\t<div class=\"elementor-element elementor-element-0193456 elementor-widget elementor-widget-text-editor\" data-id=\"0193456\" data-element_type=\"widget\" data-e-type=\"widget\" data-widget_type=\"text-editor.default\">\n\t\t\t\t\t\t\t\t\t<ul><li>1 Heine Mini 3000 Ophthalmoskopkopf<\/li><li>1 XHL-Gl\u00fchbirne<\/li><li>1 Batteriegriff<\/li><li>2 AA-Batterien (nicht wiederaufladbar)<\/li><\/ul><p><em><strong>Hinweis: <\/strong>Das Heine Mini 3000 Ophthalmoskop ist ein Medizinprodukt, das f\u00fcr den professionellen Gebrauch bestimmt ist. Bitte befolgen Sie die Gebrauchsanweisung, um eine effektive und sichere Augenuntersuchung zu gew\u00e4hrleisten. <\/em><\/p>\t\t\t\t\t\t\t\t<\/div>\n\t\t\t\t\t<\/div>\n\t\t<\/div>\n\t\t\t\t\t<\/div>\n\t\t<\/section>\n\t\t\t\t<\/div>\n\t\t","protected":false},"excerpt":{"rendered":"<p>Entdecken Sie das Heine Mini 3000 Ophthalmoskop, ein kompaktes und leichtes Ger\u00e4t zur Augenuntersuchung mit XHL-Halogenlicht f\u00fcr optimale Sicht.<\/p>\n","protected":false},"featured_media":27355,"template":"","meta":{"_acf_changed":false},"product_brand":[2147],"product_cat":[1373,1374],"product_tag":[5381,5388,1014,4133,5385,5382,1678,5384,3769,5387,2752,5380,5386,5379,5383,3519],"class_list":{"0":"post-34201","1":"product","2":"type-product","3":"status-publish","4":"has-post-thumbnail","6":"product_brand-heine-de","7":"product_cat-ophthalmoskope","8":"product_cat-geraete-ophthalmoskope","9":"product_tag-augenuntersuchung","10":"product_tag-augenuntersuchung-de","11":"product_tag-diagnose","12":"product_tag-gesundheitsfursorge","13":"product_tag-gesundheitstools","14":"product_tag-halogenlicht","15":"product_tag-heine-de","16":"product_tag-medizin","17":"product_tag-medizinische-ausrustung","18":"product_tag-medizinische-instrumente","19":"product_tag-medizinisches-gerat","20":"product_tag-mini-3000-de","21":"product_tag-ophthalmologie","22":"product_tag-ophthalmoskop","23":"product_tag-optik","24":"product_tag-tragbar","26":"first","27":"instock","28":"taxable","29":"shipping-taxable","30":"purchasable","31":"product-type-variable","32":"has-default-attributes"},"acf":[],"yoast_head":"<!-- This site is optimized with the Yoast SEO Premium plugin v27.4 (Yoast SEO v27.4) - https:\/\/yoast.com\/product\/yoast-seo-premium-wordpress\/ -->\n<title>Heine Mini 3000 2,5V Ophthalmoskop | Swixed SA<\/title>\n<meta name=\"description\" content=\"Entdecken Sie das Heine Mini 3000 2,5V Ophthalmoskop, ein kompaktes und leistungsstarkes Ger\u00e4t f\u00fcr eine pr\u00e4zise Augenuntersuchung. Ideal f\u00fcr medizinisches Fachpersonal.\" \/>\n<meta name=\"robots\" content=\"index, follow, max-snippet:-1, max-image-preview:large, max-video-preview:-1\" \/>\n<link rel=\"canonical\" href=\"https:\/\/swixed.ch\/de\/produkt\/sed82001\/\" \/>\n<meta property=\"og:locale\" content=\"de_DE\" \/>\n<meta property=\"og:type\" content=\"article\" \/>\n<meta property=\"og:title\" content=\"Heine Mini 3000 2,5V Ophthalmoskop\" \/>\n<meta property=\"og:description\" content=\"Entdecken Sie das Heine Mini 3000 2,5V Ophthalmoskop, ein kompaktes und leistungsstarkes Ger\u00e4t f\u00fcr eine pr\u00e4zise Augenuntersuchung. Ideal f\u00fcr medizinisches Fachpersonal.\" \/>\n<meta property=\"og:url\" content=\"https:\/\/swixed.ch\/de\/produkt\/sed82001\/\" \/>\n<meta property=\"og:site_name\" content=\"Swixed SA\" \/>\n<meta property=\"article:publisher\" content=\"https:\/\/www.facebook.com\/swixed\" \/>\n<meta property=\"article:modified_time\" content=\"2025-11-29T22:23:10+00:00\" \/>\n<meta property=\"og:image\" content=\"https:\/\/swixed.ch\/wp-content\/uploads\/products\/heine-mini-3000-ophtalmoscope-01.png\" \/>\n\t<meta property=\"og:image:width\" content=\"600\" \/>\n\t<meta property=\"og:image:height\" content=\"600\" \/>\n\t<meta property=\"og:image:type\" content=\"image\/png\" \/>\n<meta name=\"twitter:card\" content=\"summary_large_image\" \/>\n<meta name=\"twitter:label1\" content=\"Gesch\u00e4tzte Lesezeit\" \/>\n\t<meta name=\"twitter:data1\" content=\"1\u00a0Minute\" \/>\n<script type=\"application\/ld+json\" class=\"yoast-schema-graph\">{\"@context\":\"https:\\\/\\\/schema.org\",\"@graph\":[{\"@type\":\"WebPage\",\"@id\":\"https:\\\/\\\/swixed.ch\\\/de\\\/produkt\\\/sed82001\\\/\",\"url\":\"https:\\\/\\\/swixed.ch\\\/de\\\/produkt\\\/sed82001\\\/\",\"name\":\"Heine Mini 3000 2,5V Ophthalmoskop | Swixed SA\",\"isPartOf\":{\"@id\":\"https:\\\/\\\/swixed.ch\\\/de\\\/#website\"},\"primaryImageOfPage\":{\"@id\":\"https:\\\/\\\/swixed.ch\\\/de\\\/produkt\\\/sed82001\\\/#primaryimage\"},\"image\":{\"@id\":\"https:\\\/\\\/swixed.ch\\\/de\\\/produkt\\\/sed82001\\\/#primaryimage\"},\"thumbnailUrl\":\"https:\\\/\\\/swixed.ch\\\/wp-content\\\/uploads\\\/products\\\/heine-mini-3000-ophtalmoscope-01.png\",\"datePublished\":\"2021-05-04T12:39:57+00:00\",\"dateModified\":\"2025-11-29T22:23:10+00:00\",\"description\":\"Entdecken Sie das Heine Mini 3000 2,5V Ophthalmoskop, ein kompaktes und leistungsstarkes Ger\u00e4t f\u00fcr eine pr\u00e4zise Augenuntersuchung. Ideal f\u00fcr medizinisches Fachpersonal.\",\"breadcrumb\":{\"@id\":\"https:\\\/\\\/swixed.ch\\\/de\\\/produkt\\\/sed82001\\\/#breadcrumb\"},\"inLanguage\":\"de\",\"potentialAction\":[{\"@type\":\"ReadAction\",\"target\":[\"https:\\\/\\\/swixed.ch\\\/de\\\/produkt\\\/sed82001\\\/\"]}]},{\"@type\":\"ImageObject\",\"inLanguage\":\"de\",\"@id\":\"https:\\\/\\\/swixed.ch\\\/de\\\/produkt\\\/sed82001\\\/#primaryimage\",\"url\":\"https:\\\/\\\/swixed.ch\\\/wp-content\\\/uploads\\\/products\\\/heine-mini-3000-ophtalmoscope-01.png\",\"contentUrl\":\"https:\\\/\\\/swixed.ch\\\/wp-content\\\/uploads\\\/products\\\/heine-mini-3000-ophtalmoscope-01.png\",\"width\":600,\"height\":600,\"caption\":\"Heine mini 3000 Ophthalmoskop 2,5V\"},{\"@type\":\"BreadcrumbList\",\"@id\":\"https:\\\/\\\/swixed.ch\\\/de\\\/produkt\\\/sed82001\\\/#breadcrumb\",\"itemListElement\":[{\"@type\":\"ListItem\",\"position\":1,\"name\":\"Startseite\",\"item\":\"https:\\\/\\\/swixed.ch\\\/de\\\/home\\\/\"},{\"@type\":\"ListItem\",\"position\":2,\"name\":\"Shop\",\"item\":\"https:\\\/\\\/swixed.ch\\\/de\\\/shop\\\/\"},{\"@type\":\"ListItem\",\"position\":3,\"name\":\"Heine Mini 3000 2,5V Ophthalmoskop\"}]},{\"@type\":\"WebSite\",\"@id\":\"https:\\\/\\\/swixed.ch\\\/de\\\/#website\",\"url\":\"https:\\\/\\\/swixed.ch\\\/de\\\/\",\"name\":\"Swixed SA\",\"description\":\"Elektronische Ger\u00e4te\",\"publisher\":{\"@id\":\"https:\\\/\\\/swixed.ch\\\/de\\\/#organization\"},\"potentialAction\":[{\"@type\":\"SearchAction\",\"target\":{\"@type\":\"EntryPoint\",\"urlTemplate\":\"https:\\\/\\\/swixed.ch\\\/de\\\/?s={search_term_string}\"},\"query-input\":{\"@type\":\"PropertyValueSpecification\",\"valueRequired\":true,\"valueName\":\"search_term_string\"}}],\"inLanguage\":\"de\"},{\"@type\":\"Organization\",\"@id\":\"https:\\\/\\\/swixed.ch\\\/de\\\/#organization\",\"name\":\"Swixed SA\",\"url\":\"https:\\\/\\\/swixed.ch\\\/de\\\/\",\"logo\":{\"@type\":\"ImageObject\",\"inLanguage\":\"de\",\"@id\":\"https:\\\/\\\/swixed.ch\\\/de\\\/#\\\/schema\\\/logo\\\/image\\\/\",\"url\":\"https:\\\/\\\/swixed.ch\\\/wp-content\\\/uploads\\\/logos\\\/swixed-logo-lite.png\",\"contentUrl\":\"https:\\\/\\\/swixed.ch\\\/wp-content\\\/uploads\\\/logos\\\/swixed-logo-lite.png\",\"width\":696,\"height\":696,\"caption\":\"Swixed SA\"},\"image\":{\"@id\":\"https:\\\/\\\/swixed.ch\\\/de\\\/#\\\/schema\\\/logo\\\/image\\\/\"},\"sameAs\":[\"https:\\\/\\\/www.facebook.com\\\/swixed\",\"https:\\\/\\\/www.linkedin.com\\\/company\\\/swixed\",\"https:\\\/\\\/www.youtube.com\\\/@swixedsa\"],\"description\":\"Swixed SA est une entreprise suisse bas\u00e9e \u00e0 Gen\u00e8ve, sp\u00e9cialis\u00e9e dans la vente, la location et la maintenance d\u2019appareils m\u00e9dicaux professionnels, tels que d\u00e9fibrillateurs AED, \u00e9lectrocardiographes, moniteurs patient et dispositifs de diagnostic.\",\"email\":\"infoshop@swixed.ch\",\"telephone\":\"+41 22 566 11 95\",\"legalName\":\"Swixed SA\",\"foundingDate\":\"2021-03-01\",\"numberOfEmployees\":{\"@type\":\"QuantitativeValue\",\"minValue\":\"1\",\"maxValue\":\"10\"}}]}<\/script>\n<!-- \/ Yoast SEO Premium plugin. -->","yoast_head_json":{"title":"Heine Mini 3000 2,5V Ophthalmoskop | Swixed SA","description":"Entdecken Sie das Heine Mini 3000 2,5V Ophthalmoskop, ein kompaktes und leistungsstarkes Ger\u00e4t f\u00fcr eine pr\u00e4zise Augenuntersuchung. Ideal f\u00fcr medizinisches Fachpersonal.","robots":{"index":"index","follow":"follow","max-snippet":"max-snippet:-1","max-image-preview":"max-image-preview:large","max-video-preview":"max-video-preview:-1"},"canonical":"https:\/\/swixed.ch\/de\/produkt\/sed82001\/","og_locale":"de_DE","og_type":"article","og_title":"Heine Mini 3000 2,5V Ophthalmoskop","og_description":"Entdecken Sie das Heine Mini 3000 2,5V Ophthalmoskop, ein kompaktes und leistungsstarkes Ger\u00e4t f\u00fcr eine pr\u00e4zise Augenuntersuchung. Ideal f\u00fcr medizinisches Fachpersonal.","og_url":"https:\/\/swixed.ch\/de\/produkt\/sed82001\/","og_site_name":"Swixed SA","article_publisher":"https:\/\/www.facebook.com\/swixed","article_modified_time":"2025-11-29T22:23:10+00:00","og_image":[{"width":600,"height":600,"url":"https:\/\/swixed.ch\/wp-content\/uploads\/products\/heine-mini-3000-ophtalmoscope-01.png","type":"image\/png"}],"twitter_card":"summary_large_image","twitter_misc":{"Gesch\u00e4tzte Lesezeit":"1\u00a0Minute"},"schema":{"@context":"https:\/\/schema.org","@graph":[{"@type":"WebPage","@id":"https:\/\/swixed.ch\/de\/produkt\/sed82001\/","url":"https:\/\/swixed.ch\/de\/produkt\/sed82001\/","name":"Heine Mini 3000 2,5V Ophthalmoskop | Swixed SA","isPartOf":{"@id":"https:\/\/swixed.ch\/de\/#website"},"primaryImageOfPage":{"@id":"https:\/\/swixed.ch\/de\/produkt\/sed82001\/#primaryimage"},"image":{"@id":"https:\/\/swixed.ch\/de\/produkt\/sed82001\/#primaryimage"},"thumbnailUrl":"https:\/\/swixed.ch\/wp-content\/uploads\/products\/heine-mini-3000-ophtalmoscope-01.png","datePublished":"2021-05-04T12:39:57+00:00","dateModified":"2025-11-29T22:23:10+00:00","description":"Entdecken Sie das Heine Mini 3000 2,5V Ophthalmoskop, ein kompaktes und leistungsstarkes Ger\u00e4t f\u00fcr eine pr\u00e4zise Augenuntersuchung. Ideal f\u00fcr medizinisches Fachpersonal.","breadcrumb":{"@id":"https:\/\/swixed.ch\/de\/produkt\/sed82001\/#breadcrumb"},"inLanguage":"de","potentialAction":[{"@type":"ReadAction","target":["https:\/\/swixed.ch\/de\/produkt\/sed82001\/"]}]},{"@type":"ImageObject","inLanguage":"de","@id":"https:\/\/swixed.ch\/de\/produkt\/sed82001\/#primaryimage","url":"https:\/\/swixed.ch\/wp-content\/uploads\/products\/heine-mini-3000-ophtalmoscope-01.png","contentUrl":"https:\/\/swixed.ch\/wp-content\/uploads\/products\/heine-mini-3000-ophtalmoscope-01.png","width":600,"height":600,"caption":"Heine mini 3000 Ophthalmoskop 2,5V"},{"@type":"BreadcrumbList","@id":"https:\/\/swixed.ch\/de\/produkt\/sed82001\/#breadcrumb","itemListElement":[{"@type":"ListItem","position":1,"name":"Startseite","item":"https:\/\/swixed.ch\/de\/home\/"},{"@type":"ListItem","position":2,"name":"Shop","item":"https:\/\/swixed.ch\/de\/shop\/"},{"@type":"ListItem","position":3,"name":"Heine Mini 3000 2,5V Ophthalmoskop"}]},{"@type":"WebSite","@id":"https:\/\/swixed.ch\/de\/#website","url":"https:\/\/swixed.ch\/de\/","name":"Swixed SA","description":"Elektronische Ger\u00e4te","publisher":{"@id":"https:\/\/swixed.ch\/de\/#organization"},"potentialAction":[{"@type":"SearchAction","target":{"@type":"EntryPoint","urlTemplate":"https:\/\/swixed.ch\/de\/?s={search_term_string}"},"query-input":{"@type":"PropertyValueSpecification","valueRequired":true,"valueName":"search_term_string"}}],"inLanguage":"de"},{"@type":"Organization","@id":"https:\/\/swixed.ch\/de\/#organization","name":"Swixed SA","url":"https:\/\/swixed.ch\/de\/","logo":{"@type":"ImageObject","inLanguage":"de","@id":"https:\/\/swixed.ch\/de\/#\/schema\/logo\/image\/","url":"https:\/\/swixed.ch\/wp-content\/uploads\/logos\/swixed-logo-lite.png","contentUrl":"https:\/\/swixed.ch\/wp-content\/uploads\/logos\/swixed-logo-lite.png","width":696,"height":696,"caption":"Swixed SA"},"image":{"@id":"https:\/\/swixed.ch\/de\/#\/schema\/logo\/image\/"},"sameAs":["https:\/\/www.facebook.com\/swixed","https:\/\/www.linkedin.com\/company\/swixed","https:\/\/www.youtube.com\/@swixedsa"],"description":"Swixed SA est une entreprise suisse bas\u00e9e \u00e0 Gen\u00e8ve, sp\u00e9cialis\u00e9e dans la vente, la location et la maintenance d\u2019appareils m\u00e9dicaux professionnels, tels que d\u00e9fibrillateurs AED, \u00e9lectrocardiographes, moniteurs patient et dispositifs de diagnostic.","email":"infoshop@swixed.ch","telephone":"+41 22 566 11 95","legalName":"Swixed SA","foundingDate":"2021-03-01","numberOfEmployees":{"@type":"QuantitativeValue","minValue":"1","maxValue":"10"}}]}},"_links":{"self":[{"href":"https:\/\/swixed.ch\/de\/wp-json\/wp\/v2\/product\/34201","targetHints":{"allow":["GET"]}}],"collection":[{"href":"https:\/\/swixed.ch\/de\/wp-json\/wp\/v2\/product"}],"about":[{"href":"https:\/\/swixed.ch\/de\/wp-json\/wp\/v2\/types\/product"}],"version-history":[{"count":0,"href":"https:\/\/swixed.ch\/de\/wp-json\/wp\/v2\/product\/34201\/revisions"}],"wp:featuredmedia":[{"embeddable":true,"href":"https:\/\/swixed.ch\/de\/wp-json\/wp\/v2\/media\/27355"}],"wp:attachment":[{"href":"https:\/\/swixed.ch\/de\/wp-json\/wp\/v2\/media?parent=34201"}],"wp:term":[{"taxonomy":"product_brand","embeddable":true,"href":"https:\/\/swixed.ch\/de\/wp-json\/wp\/v2\/product_brand?post=34201"},{"taxonomy":"product_cat","embeddable":true,"href":"https:\/\/swixed.ch\/de\/wp-json\/wp\/v2\/product_cat?post=34201"},{"taxonomy":"product_tag","embeddable":true,"href":"https:\/\/swixed.ch\/de\/wp-json\/wp\/v2\/product_tag?post=34201"}],"curies":[{"name":"wp","href":"https:\/\/api.w.org\/{rel}","templated":true}]}}