{"id":34224,"date":"2021-05-05T14:49:15","date_gmt":"2021-05-05T12:49:15","guid":{"rendered":"https:\/\/swixed.com\/produit\/manschetten-fuer-edan-vitalzeichenmonitore\/"},"modified":"2025-11-29T23:23:10","modified_gmt":"2025-11-29T22:23:10","slug":"sed22001","status":"publish","type":"product","link":"https:\/\/swixed.ch\/de\/produkt\/sed22001\/","title":{"rendered":"Manschetten f\u00fcr Edan Vitalzeichenmonitore"},"content":{"rendered":"\t\t<div data-elementor-type=\"product-post\" data-elementor-id=\"34224\" class=\"elementor elementor-34224 elementor-4009\" data-elementor-post-type=\"product\">\n\t\t\t\t\t\t<section class=\"elementor-section elementor-top-section elementor-element elementor-element-834d306 elementor-section-full_width elementor-section-height-default elementor-section-height-default\" data-id=\"834d306\" data-element_type=\"section\" data-e-type=\"section\">\n\t\t\t\t\t\t<div class=\"elementor-container elementor-column-gap-default\">\n\t\t\t\t\t<div class=\"elementor-column elementor-col-100 elementor-top-column elementor-element elementor-element-085465e\" data-id=\"085465e\" data-element_type=\"column\" data-e-type=\"column\">\n\t\t\t<div class=\"elementor-widget-wrap elementor-element-populated\">\n\t\t\t\t\t\t<div class=\"elementor-element elementor-element-0684e71 elementor-widget elementor-widget-heading\" data-id=\"0684e71\" data-element_type=\"widget\" data-e-type=\"widget\" data-widget_type=\"heading.default\">\n\t\t\t\t\t<h2 class=\"elementor-heading-title elementor-size-default\">Beschreibung<\/h2>\t\t\t\t<\/div>\n\t\t\t\t<div class=\"elementor-element elementor-element-3376bb3 elementor-widget elementor-widget-text-editor\" data-id=\"3376bb3\" data-element_type=\"widget\" data-e-type=\"widget\" data-widget_type=\"text-editor.default\">\n\t\t\t\t\t\t\t\t\t<div class=\"attribute-product-number3\"><p>Die Manschetten f\u00fcr Vitalparameter-Monitore von Edan wurden speziell f\u00fcr die Ger\u00e4te iM20, M3A-i, iM3 und iM8 entwickelt. Diese Manschetten gew\u00e4hrleisten einen perfekten Sitz und eine genaue Blutdruckmessung und bieten Patienten aller Altersgruppen optimalen Komfort. <\/p><p>Die verf\u00fcgbaren Gr\u00f6\u00dfen sind wie folgt:<\/p><ul><li><strong>Extra gro\u00dfe Manschette (fettleibig)<\/strong>: 42 bis 54 cm<\/li><li><strong>Gro\u00dfe Manschette (fettleibig)<\/strong>: 34 bis 43 cm<\/li><li><strong>Manschette Erwachsene<\/strong>: 27 bis 35 cm<\/li><li><strong>Manschette Kind<\/strong>: 20,5 bis 28 cm<\/li><li><strong>S\u00e4uglingsmanschette<\/strong>: 13 bis 17 cm<\/li><li><strong>Neonatalmanschette<\/strong>: 6 bis 11 cm<\/li><\/ul><p>Jede Manschette ist so konzipiert, dass sie sich an verschiedene Patientengruppen anpasst und somit zuverl\u00e4ssige und genaue Messergebnisse gew\u00e4hrleistet. Das ergonomische Design erm\u00f6glicht ein einfaches Wickeln um den Arm, wodurch die Beschwerden minimiert werden. <\/p><\/div>\t\t\t\t\t\t\t\t<\/div>\n\t\t\t\t<div class=\"elementor-element elementor-element-4e5d861 elementor-widget elementor-widget-heading\" data-id=\"4e5d861\" data-element_type=\"widget\" data-e-type=\"widget\" data-widget_type=\"heading.default\">\n\t\t\t\t\t<h2 class=\"elementor-heading-title elementor-size-default\">Inhalt<\/h2>\t\t\t\t<\/div>\n\t\t\t\t<div class=\"elementor-element elementor-element-6f6eb04 elementor-widget elementor-widget-text-editor\" data-id=\"6f6eb04\" data-element_type=\"widget\" data-e-type=\"widget\" data-widget_type=\"text-editor.default\">\n\t\t\t\t\t\t\t\t\t<ul><li>Manschetten sind in verschiedenen Gr\u00f6\u00dfen erh\u00e4ltlich.<\/li><\/ul><p><em><strong>Hinweis: <\/strong>Diese Manschetten sind medizinische Ger\u00e4te, die von medizinischem Fachpersonal zur effektiven \u00dcberwachung der Vitalzeichen verwendet werden sollen.<\/em><\/p>\t\t\t\t\t\t\t\t<\/div>\n\t\t\t\t\t<\/div>\n\t\t<\/div>\n\t\t\t\t\t<\/div>\n\t\t<\/section>\n\t\t\t\t<section class=\"elementor-section elementor-top-section elementor-element elementor-element-3e02256 elementor-section-full_width elementor-section-height-default elementor-section-height-default\" data-id=\"3e02256\" data-element_type=\"section\" data-e-type=\"section\">\n\t\t\t\t\t\t<div class=\"elementor-container elementor-column-gap-default\">\n\t\t\t\t\t<div class=\"elementor-column elementor-col-100 elementor-top-column elementor-element elementor-element-194019b\" data-id=\"194019b\" data-element_type=\"column\" data-e-type=\"column\">\n\t\t\t<div class=\"elementor-widget-wrap elementor-element-populated\">\n\t\t\t\t\t\t\t<\/div>\n\t\t<\/div>\n\t\t\t\t\t<\/div>\n\t\t<\/section>\n\t\t\t\t<\/div>\n\t\t","protected":false},"excerpt":{"rendered":"<p>Manschetten passend f\u00fcr Edan Vitalparameter-Monitore (iM20, M3A-i, iM3, iM8). Erh\u00e4ltlich in verschiedenen Gr\u00f6\u00dfen f\u00fcr alle Altersgruppen.  Nicht vertragliche Fotografie.<\/p>\n","protected":false},"featured_media":27683,"template":"","meta":{"_acf_changed":false},"product_brand":[2085],"product_cat":[970,1203],"product_tag":[5895,3099,2245,4044,5892,5897,5898,4541,5896,5890,2752,3824,5894,5893,5891],"class_list":{"0":"post-34224","1":"product","2":"type-product","3":"status-publish","4":"has-post-thumbnail","6":"product_brand-edan-de","7":"product_cat-patientenmonitore","8":"product_cat-zubehor-patientenmonitore","9":"product_tag-adipositas-manschette","10":"product_tag-blutdruck","11":"product_tag-edan-de","12":"product_tag-gesundheit","13":"product_tag-kindermanschette","14":"product_tag-krankenhausausstattung","15":"product_tag-krankenpflege","16":"product_tag-manschette-fur-erwachsene","17":"product_tag-manschettengrose","18":"product_tag-medizinische-manschetten","19":"product_tag-medizinisches-gerat","20":"product_tag-medizinisches-zubehor-de","21":"product_tag-neonatale-manschette","22":"product_tag-sauglingsmanschette","23":"product_tag-vitalzeichenmonitore","25":"first","26":"instock","27":"taxable","28":"shipping-taxable","29":"purchasable","30":"product-type-variable","31":"has-default-attributes"},"acf":[],"yoast_head":"<!-- This site is optimized with the Yoast SEO Premium plugin v27.4 (Yoast SEO v27.4) - https:\/\/yoast.com\/product\/yoast-seo-premium-wordpress\/ -->\n<title>Manschetten f\u00fcr Edan Vitalzeichenmonitore | Swixed SA<\/title>\n<meta name=\"description\" content=\"F\u00fcr Edan-Monitore geeignete Manschetten, in verschiedenen Gr\u00f6\u00dfen f\u00fcr alle Altersgruppen erh\u00e4ltlich. Ideal f\u00fcr eine genaue und bequeme medizinische \u00dcberwachung.\" \/>\n<meta name=\"robots\" content=\"index, follow, max-snippet:-1, max-image-preview:large, max-video-preview:-1\" \/>\n<link rel=\"canonical\" href=\"https:\/\/swixed.ch\/de\/produkt\/sed22001\/\" \/>\n<meta property=\"og:locale\" content=\"de_DE\" \/>\n<meta property=\"og:type\" content=\"article\" \/>\n<meta property=\"og:title\" content=\"Manschetten f\u00fcr Edan Vitalzeichenmonitore\" \/>\n<meta property=\"og:description\" content=\"F\u00fcr Edan-Monitore geeignete Manschetten, in verschiedenen Gr\u00f6\u00dfen f\u00fcr alle Altersgruppen erh\u00e4ltlich. Ideal f\u00fcr eine genaue und bequeme medizinische \u00dcberwachung.\" \/>\n<meta property=\"og:url\" content=\"https:\/\/swixed.ch\/de\/produkt\/sed22001\/\" \/>\n<meta property=\"og:site_name\" content=\"Swixed SA\" \/>\n<meta property=\"article:publisher\" content=\"https:\/\/www.facebook.com\/swixed\" \/>\n<meta property=\"article:modified_time\" content=\"2025-11-29T22:23:10+00:00\" \/>\n<meta property=\"og:image\" content=\"https:\/\/swixed.ch\/wp-content\/uploads\/products\/edan-brassard-01.png\" \/>\n\t<meta property=\"og:image:width\" content=\"600\" \/>\n\t<meta property=\"og:image:height\" content=\"600\" \/>\n\t<meta property=\"og:image:type\" content=\"image\/png\" \/>\n<meta name=\"twitter:card\" content=\"summary_large_image\" \/>\n<meta name=\"twitter:label1\" content=\"Gesch\u00e4tzte Lesezeit\" \/>\n\t<meta name=\"twitter:data1\" content=\"1\u00a0Minute\" \/>\n<script type=\"application\/ld+json\" class=\"yoast-schema-graph\">{\"@context\":\"https:\\\/\\\/schema.org\",\"@graph\":[{\"@type\":\"WebPage\",\"@id\":\"https:\\\/\\\/swixed.ch\\\/de\\\/produkt\\\/sed22001\\\/\",\"url\":\"https:\\\/\\\/swixed.ch\\\/de\\\/produkt\\\/sed22001\\\/\",\"name\":\"Manschetten f\u00fcr Edan Vitalzeichenmonitore | Swixed SA\",\"isPartOf\":{\"@id\":\"https:\\\/\\\/swixed.ch\\\/de\\\/#website\"},\"primaryImageOfPage\":{\"@id\":\"https:\\\/\\\/swixed.ch\\\/de\\\/produkt\\\/sed22001\\\/#primaryimage\"},\"image\":{\"@id\":\"https:\\\/\\\/swixed.ch\\\/de\\\/produkt\\\/sed22001\\\/#primaryimage\"},\"thumbnailUrl\":\"https:\\\/\\\/swixed.ch\\\/wp-content\\\/uploads\\\/products\\\/edan-brassard-01.png\",\"datePublished\":\"2021-05-05T12:49:15+00:00\",\"dateModified\":\"2025-11-29T22:23:10+00:00\",\"description\":\"F\u00fcr Edan-Monitore geeignete Manschetten, in verschiedenen Gr\u00f6\u00dfen f\u00fcr alle Altersgruppen erh\u00e4ltlich. Ideal f\u00fcr eine genaue und bequeme medizinische \u00dcberwachung.\",\"breadcrumb\":{\"@id\":\"https:\\\/\\\/swixed.ch\\\/de\\\/produkt\\\/sed22001\\\/#breadcrumb\"},\"inLanguage\":\"de\",\"potentialAction\":[{\"@type\":\"ReadAction\",\"target\":[\"https:\\\/\\\/swixed.ch\\\/de\\\/produkt\\\/sed22001\\\/\"]}]},{\"@type\":\"ImageObject\",\"inLanguage\":\"de\",\"@id\":\"https:\\\/\\\/swixed.ch\\\/de\\\/produkt\\\/sed22001\\\/#primaryimage\",\"url\":\"https:\\\/\\\/swixed.ch\\\/wp-content\\\/uploads\\\/products\\\/edan-brassard-01.png\",\"contentUrl\":\"https:\\\/\\\/swixed.ch\\\/wp-content\\\/uploads\\\/products\\\/edan-brassard-01.png\",\"width\":600,\"height\":600,\"caption\":\"edan-brassard-01\"},{\"@type\":\"BreadcrumbList\",\"@id\":\"https:\\\/\\\/swixed.ch\\\/de\\\/produkt\\\/sed22001\\\/#breadcrumb\",\"itemListElement\":[{\"@type\":\"ListItem\",\"position\":1,\"name\":\"Startseite\",\"item\":\"https:\\\/\\\/swixed.ch\\\/de\\\/home\\\/\"},{\"@type\":\"ListItem\",\"position\":2,\"name\":\"Shop\",\"item\":\"https:\\\/\\\/swixed.ch\\\/de\\\/shop\\\/\"},{\"@type\":\"ListItem\",\"position\":3,\"name\":\"Manschetten f\u00fcr Edan Vitalzeichenmonitore\"}]},{\"@type\":\"WebSite\",\"@id\":\"https:\\\/\\\/swixed.ch\\\/de\\\/#website\",\"url\":\"https:\\\/\\\/swixed.ch\\\/de\\\/\",\"name\":\"Swixed SA\",\"description\":\"Elektronische Ger\u00e4te\",\"publisher\":{\"@id\":\"https:\\\/\\\/swixed.ch\\\/de\\\/#organization\"},\"potentialAction\":[{\"@type\":\"SearchAction\",\"target\":{\"@type\":\"EntryPoint\",\"urlTemplate\":\"https:\\\/\\\/swixed.ch\\\/de\\\/?s={search_term_string}\"},\"query-input\":{\"@type\":\"PropertyValueSpecification\",\"valueRequired\":true,\"valueName\":\"search_term_string\"}}],\"inLanguage\":\"de\"},{\"@type\":\"Organization\",\"@id\":\"https:\\\/\\\/swixed.ch\\\/de\\\/#organization\",\"name\":\"Swixed SA\",\"url\":\"https:\\\/\\\/swixed.ch\\\/de\\\/\",\"logo\":{\"@type\":\"ImageObject\",\"inLanguage\":\"de\",\"@id\":\"https:\\\/\\\/swixed.ch\\\/de\\\/#\\\/schema\\\/logo\\\/image\\\/\",\"url\":\"https:\\\/\\\/swixed.ch\\\/wp-content\\\/uploads\\\/logos\\\/swixed-logo-lite.png\",\"contentUrl\":\"https:\\\/\\\/swixed.ch\\\/wp-content\\\/uploads\\\/logos\\\/swixed-logo-lite.png\",\"width\":696,\"height\":696,\"caption\":\"Swixed SA\"},\"image\":{\"@id\":\"https:\\\/\\\/swixed.ch\\\/de\\\/#\\\/schema\\\/logo\\\/image\\\/\"},\"sameAs\":[\"https:\\\/\\\/www.facebook.com\\\/swixed\",\"https:\\\/\\\/www.linkedin.com\\\/company\\\/swixed\",\"https:\\\/\\\/www.youtube.com\\\/@swixedsa\"],\"description\":\"Swixed SA est une entreprise suisse bas\u00e9e \u00e0 Gen\u00e8ve, sp\u00e9cialis\u00e9e dans la vente, la location et la maintenance d\u2019appareils m\u00e9dicaux professionnels, tels que d\u00e9fibrillateurs AED, \u00e9lectrocardiographes, moniteurs patient et dispositifs de diagnostic.\",\"email\":\"infoshop@swixed.ch\",\"telephone\":\"+41 22 566 11 95\",\"legalName\":\"Swixed SA\",\"foundingDate\":\"2021-03-01\",\"numberOfEmployees\":{\"@type\":\"QuantitativeValue\",\"minValue\":\"1\",\"maxValue\":\"10\"}}]}<\/script>\n<!-- \/ Yoast SEO Premium plugin. -->","yoast_head_json":{"title":"Manschetten f\u00fcr Edan Vitalzeichenmonitore | Swixed SA","description":"F\u00fcr Edan-Monitore geeignete Manschetten, in verschiedenen Gr\u00f6\u00dfen f\u00fcr alle Altersgruppen erh\u00e4ltlich. Ideal f\u00fcr eine genaue und bequeme medizinische \u00dcberwachung.","robots":{"index":"index","follow":"follow","max-snippet":"max-snippet:-1","max-image-preview":"max-image-preview:large","max-video-preview":"max-video-preview:-1"},"canonical":"https:\/\/swixed.ch\/de\/produkt\/sed22001\/","og_locale":"de_DE","og_type":"article","og_title":"Manschetten f\u00fcr Edan Vitalzeichenmonitore","og_description":"F\u00fcr Edan-Monitore geeignete Manschetten, in verschiedenen Gr\u00f6\u00dfen f\u00fcr alle Altersgruppen erh\u00e4ltlich. Ideal f\u00fcr eine genaue und bequeme medizinische \u00dcberwachung.","og_url":"https:\/\/swixed.ch\/de\/produkt\/sed22001\/","og_site_name":"Swixed SA","article_publisher":"https:\/\/www.facebook.com\/swixed","article_modified_time":"2025-11-29T22:23:10+00:00","og_image":[{"width":600,"height":600,"url":"https:\/\/swixed.ch\/wp-content\/uploads\/products\/edan-brassard-01.png","type":"image\/png"}],"twitter_card":"summary_large_image","twitter_misc":{"Gesch\u00e4tzte Lesezeit":"1\u00a0Minute"},"schema":{"@context":"https:\/\/schema.org","@graph":[{"@type":"WebPage","@id":"https:\/\/swixed.ch\/de\/produkt\/sed22001\/","url":"https:\/\/swixed.ch\/de\/produkt\/sed22001\/","name":"Manschetten f\u00fcr Edan Vitalzeichenmonitore | Swixed SA","isPartOf":{"@id":"https:\/\/swixed.ch\/de\/#website"},"primaryImageOfPage":{"@id":"https:\/\/swixed.ch\/de\/produkt\/sed22001\/#primaryimage"},"image":{"@id":"https:\/\/swixed.ch\/de\/produkt\/sed22001\/#primaryimage"},"thumbnailUrl":"https:\/\/swixed.ch\/wp-content\/uploads\/products\/edan-brassard-01.png","datePublished":"2021-05-05T12:49:15+00:00","dateModified":"2025-11-29T22:23:10+00:00","description":"F\u00fcr Edan-Monitore geeignete Manschetten, in verschiedenen Gr\u00f6\u00dfen f\u00fcr alle Altersgruppen erh\u00e4ltlich. Ideal f\u00fcr eine genaue und bequeme medizinische \u00dcberwachung.","breadcrumb":{"@id":"https:\/\/swixed.ch\/de\/produkt\/sed22001\/#breadcrumb"},"inLanguage":"de","potentialAction":[{"@type":"ReadAction","target":["https:\/\/swixed.ch\/de\/produkt\/sed22001\/"]}]},{"@type":"ImageObject","inLanguage":"de","@id":"https:\/\/swixed.ch\/de\/produkt\/sed22001\/#primaryimage","url":"https:\/\/swixed.ch\/wp-content\/uploads\/products\/edan-brassard-01.png","contentUrl":"https:\/\/swixed.ch\/wp-content\/uploads\/products\/edan-brassard-01.png","width":600,"height":600,"caption":"edan-brassard-01"},{"@type":"BreadcrumbList","@id":"https:\/\/swixed.ch\/de\/produkt\/sed22001\/#breadcrumb","itemListElement":[{"@type":"ListItem","position":1,"name":"Startseite","item":"https:\/\/swixed.ch\/de\/home\/"},{"@type":"ListItem","position":2,"name":"Shop","item":"https:\/\/swixed.ch\/de\/shop\/"},{"@type":"ListItem","position":3,"name":"Manschetten f\u00fcr Edan Vitalzeichenmonitore"}]},{"@type":"WebSite","@id":"https:\/\/swixed.ch\/de\/#website","url":"https:\/\/swixed.ch\/de\/","name":"Swixed SA","description":"Elektronische Ger\u00e4te","publisher":{"@id":"https:\/\/swixed.ch\/de\/#organization"},"potentialAction":[{"@type":"SearchAction","target":{"@type":"EntryPoint","urlTemplate":"https:\/\/swixed.ch\/de\/?s={search_term_string}"},"query-input":{"@type":"PropertyValueSpecification","valueRequired":true,"valueName":"search_term_string"}}],"inLanguage":"de"},{"@type":"Organization","@id":"https:\/\/swixed.ch\/de\/#organization","name":"Swixed SA","url":"https:\/\/swixed.ch\/de\/","logo":{"@type":"ImageObject","inLanguage":"de","@id":"https:\/\/swixed.ch\/de\/#\/schema\/logo\/image\/","url":"https:\/\/swixed.ch\/wp-content\/uploads\/logos\/swixed-logo-lite.png","contentUrl":"https:\/\/swixed.ch\/wp-content\/uploads\/logos\/swixed-logo-lite.png","width":696,"height":696,"caption":"Swixed SA"},"image":{"@id":"https:\/\/swixed.ch\/de\/#\/schema\/logo\/image\/"},"sameAs":["https:\/\/www.facebook.com\/swixed","https:\/\/www.linkedin.com\/company\/swixed","https:\/\/www.youtube.com\/@swixedsa"],"description":"Swixed SA est une entreprise suisse bas\u00e9e \u00e0 Gen\u00e8ve, sp\u00e9cialis\u00e9e dans la vente, la location et la maintenance d\u2019appareils m\u00e9dicaux professionnels, tels que d\u00e9fibrillateurs AED, \u00e9lectrocardiographes, moniteurs patient et dispositifs de diagnostic.","email":"infoshop@swixed.ch","telephone":"+41 22 566 11 95","legalName":"Swixed SA","foundingDate":"2021-03-01","numberOfEmployees":{"@type":"QuantitativeValue","minValue":"1","maxValue":"10"}}]}},"_links":{"self":[{"href":"https:\/\/swixed.ch\/de\/wp-json\/wp\/v2\/product\/34224","targetHints":{"allow":["GET"]}}],"collection":[{"href":"https:\/\/swixed.ch\/de\/wp-json\/wp\/v2\/product"}],"about":[{"href":"https:\/\/swixed.ch\/de\/wp-json\/wp\/v2\/types\/product"}],"version-history":[{"count":0,"href":"https:\/\/swixed.ch\/de\/wp-json\/wp\/v2\/product\/34224\/revisions"}],"wp:featuredmedia":[{"embeddable":true,"href":"https:\/\/swixed.ch\/de\/wp-json\/wp\/v2\/media\/27683"}],"wp:attachment":[{"href":"https:\/\/swixed.ch\/de\/wp-json\/wp\/v2\/media?parent=34224"}],"wp:term":[{"taxonomy":"product_brand","embeddable":true,"href":"https:\/\/swixed.ch\/de\/wp-json\/wp\/v2\/product_brand?post=34224"},{"taxonomy":"product_cat","embeddable":true,"href":"https:\/\/swixed.ch\/de\/wp-json\/wp\/v2\/product_cat?post=34224"},{"taxonomy":"product_tag","embeddable":true,"href":"https:\/\/swixed.ch\/de\/wp-json\/wp\/v2\/product_tag?post=34224"}],"curies":[{"name":"wp","href":"https:\/\/api.w.org\/{rel}","templated":true}]}}