{"id":34254,"date":"2021-05-04T11:41:35","date_gmt":"2021-05-04T09:41:35","guid":{"rendered":"https:\/\/swixed.com\/produit\/otoskop-heine-beta-200-fiber-optik\/"},"modified":"2025-11-29T23:23:09","modified_gmt":"2025-11-29T22:23:09","slug":"sed80002","status":"publish","type":"product","link":"https:\/\/swixed.ch\/de\/produkt\/sed80002\/","title":{"rendered":"Otoskop Heine Beta 200 Fiber Optik"},"content":{"rendered":"\t\t<div data-elementor-type=\"product-post\" data-elementor-id=\"34254\" class=\"elementor elementor-34254 elementor-3931\" data-elementor-post-type=\"product\">\n\t\t\t\t\t\t<section class=\"elementor-section elementor-top-section elementor-element elementor-element-834d306 elementor-section-boxed elementor-section-height-default elementor-section-height-default\" data-id=\"834d306\" data-element_type=\"section\" data-e-type=\"section\">\n\t\t\t\t\t\t<div class=\"elementor-container elementor-column-gap-default\">\n\t\t\t\t\t<div class=\"elementor-column elementor-col-100 elementor-top-column elementor-element elementor-element-085465e\" data-id=\"085465e\" data-element_type=\"column\" data-e-type=\"column\">\n\t\t\t<div class=\"elementor-widget-wrap elementor-element-populated\">\n\t\t\t\t\t\t<div class=\"elementor-element elementor-element-0684e71 elementor-widget elementor-widget-heading\" data-id=\"0684e71\" data-element_type=\"widget\" data-e-type=\"widget\" data-widget_type=\"heading.default\">\n\t\t\t\t\t<h2 class=\"elementor-heading-title elementor-size-default\">Beschreibung<\/h2>\t\t\t\t<\/div>\n\t\t\t\t\t<\/div>\n\t\t<\/div>\n\t\t\t\t\t<\/div>\n\t\t<\/section>\n\t\t\t\t<section class=\"elementor-section elementor-top-section elementor-element elementor-element-c0f3979 elementor-section-boxed elementor-section-height-default elementor-section-height-default\" data-id=\"c0f3979\" data-element_type=\"section\" data-e-type=\"section\">\n\t\t\t\t\t\t<div class=\"elementor-container elementor-column-gap-default\">\n\t\t\t\t\t<div class=\"elementor-column elementor-col-100 elementor-top-column elementor-element elementor-element-6e68e75\" data-id=\"6e68e75\" data-element_type=\"column\" data-e-type=\"column\">\n\t\t\t<div class=\"elementor-widget-wrap elementor-element-populated\">\n\t\t\t\t\t\t<div class=\"elementor-element elementor-element-3376bb3 elementor-widget elementor-widget-text-editor\" data-id=\"3376bb3\" data-element_type=\"widget\" data-e-type=\"widget\" data-widget_type=\"text-editor.default\">\n\t\t\t\t\t\t\t\t\t<p>Das Otoskop Heine Beta 200 ist ein hochpr\u00e4zises medizinisches Instrument, das dank seiner faseroptischen Beleuchtung eine freie und klare Sicht auf den Geh\u00f6rgang bietet. Die schattenfreie distale Beleuchtung sorgt f\u00fcr eine gleichm\u00e4\u00dfige Helligkeit, die eine optimale Beobachtung erm\u00f6glicht. Das kratzfeste Sichtfenster mit 3-facher Vergr\u00f6\u00dferung liefert ein scharfes und verzerrungsfreies Bild, auch an den R\u00e4ndern, f\u00fcr eine pr\u00e4zise Diagnose.  <\/p><p>Das Otoskop besteht aus einem matt verchromten Metallgeh\u00e4use, das robust und leicht zu reinigen ist. Das mattschwarze Innere eliminiert st\u00f6rende Reflexionen und optimiert so die Bildqualit\u00e4t. Das Ger\u00e4t ist in erster Linie f\u00fcr die Untersuchung des Geh\u00f6rgangs gedacht, kann aber auch zur Beleuchtung anderer Oberfl\u00e4chen bei nicht-invasiven Untersuchungen wie der Mundh\u00f6hle oder der Haut verwendet werden.  <\/p><p><strong>LED-Option<\/strong>: Das Otoskop Heine Beta 200 kann mit einer LED-Beleuchtung ausgestattet werden, die doppelt so hell ist wie die herk\u00f6mmliche Halogenbeleuchtung und eine hervorragende Farbwiedergabe f\u00fcr eine noch genauere Diagnose bietet.<\/p>\t\t\t\t\t\t\t\t<\/div>\n\t\t\t\t<div class=\"elementor-element elementor-element-39a42da elementor-widget elementor-widget-text-editor\" data-id=\"39a42da\" data-element_type=\"widget\" data-e-type=\"widget\" data-widget_type=\"text-editor.default\">\n\t\t\t\t\t\t\t\t\t<p><em><strong>Hinweis: <\/strong>Das Heine Beta 200 Otoskop ist ein medizinisches Ger\u00e4t, das f\u00fcr medizinisches Fachpersonal bestimmt ist. Es darf nur von geschultem Personal verwendet werden, um zuverl\u00e4ssige Diagnosen und eine korrekte Handhabung zu gew\u00e4hrleisten, um medizinische Fehler zu vermeiden. <\/em><\/p>\t\t\t\t\t\t\t\t<\/div>\n\t\t\t\t<div class=\"elementor-element elementor-element-129b88b elementor-widget elementor-widget-heading\" data-id=\"129b88b\" data-element_type=\"widget\" data-e-type=\"widget\" data-widget_type=\"heading.default\">\n\t\t\t\t\t<h2 class=\"elementor-heading-title elementor-size-default\">Otoskop Heine Beta 200 mit Fiber Optik Version 2.5 V XHL<\/h2>\t\t\t\t<\/div>\n\t\t\t\t<div class=\"elementor-element elementor-element-29e3acb elementor-widget elementor-widget-text-editor\" data-id=\"29e3acb\" data-element_type=\"widget\" data-e-type=\"widget\" data-widget_type=\"text-editor.default\">\n\t\t\t\t\t\t\t\t\t<p><strong>Ref. SED80002-01 <\/strong>Mit batteriebetriebenem Griff.<\/p><ul><li>BETA 200 2.5V XHL Diagnostik-Otoskopkopf mit Glasfaseroptik.<\/li><li>Batteriegriff (Batterien nicht im Lieferumfang enthalten)<\/li><li>Satz von 4 wiederverwendbaren Spekula aus Sanalon (autoklavierbar) Heine.<\/li><li>10 Einwegspekula von Heine.<\/li><li>1 Ersatzgl\u00fchbirne.<\/li><li>Hartes Etui.<\/li><\/ul>\t\t\t\t\t\t\t\t<\/div>\n\t\t\t\t<div class=\"elementor-element elementor-element-32cac10 elementor-widget elementor-widget-heading\" data-id=\"32cac10\" data-element_type=\"widget\" data-e-type=\"widget\" data-widget_type=\"heading.default\">\n\t\t\t\t\t<h2 class=\"elementor-heading-title elementor-size-default\">Otoskop Heine Beta 200 mit Glasfaseroptik Version 3.5V XHL (abh\u00e4ngig vom gew\u00e4hlten Modell)<\/h2>\t\t\t\t<\/div>\n\t\t\t\t<div class=\"elementor-element elementor-element-1061015 elementor-widget elementor-widget-text-editor\" data-id=\"1061015\" data-element_type=\"widget\" data-e-type=\"widget\" data-widget_type=\"text-editor.default\">\n\t\t\t\t\t\t\t\t\t<p><strong>Ref. SED80002-02 <\/strong>Mit BETA4 Griff (Li-ION) und USB-Ladeger\u00e4t<\/p><ul><li>BETA 200 3.5V Otoskopkopf mit Glasfaseroptik.<\/li><li>Wiederaufladbarer Griff BETA4 (Li-ION-Akkus)<\/li><li>Satz von 4 wiederverwendbaren Spekula aus Sanalon (autoklavierbar) Heine.<\/li><li>10 Einwegspekula von Heine.<\/li><li>1 Ersatzgl\u00fchbirne.<\/li><li>Hartes Etui.<\/li><li>USB-Ladeger\u00e4t (Kabel + Netzteil).<\/li><\/ul><p><strong>Ref. SED80002-03 <\/strong>Mit BETA4 Griff (Li-ION) und NT 4 Ladeger\u00e4t<\/p><ul><li>BETA 200 3.5V Otoskopkopf mit Glasfaseroptik.<\/li><li>Wiederaufladbarer Griff BETA4 (Li-ION-Akkus)<\/li><li>Satz von 4 wiederverwendbaren Spekula aus Sanalon (autoklavierbar) Heine.<\/li><li>10 Einwegspekula von Heine.<\/li><li>1 Ersatzgl\u00fchbirne.<\/li><li>Hartes Etui.<\/li><li>Tischladeger\u00e4t NT4.<\/li><\/ul>\t\t\t\t\t\t\t\t<\/div>\n\t\t\t\t<div class=\"elementor-element elementor-element-96abbb7 elementor-widget elementor-widget-heading\" data-id=\"96abbb7\" data-element_type=\"widget\" data-e-type=\"widget\" data-widget_type=\"heading.default\">\n\t\t\t\t\t<h2 class=\"elementor-heading-title elementor-size-default\">Heine Beta 200 Fiber Optik Otoskop LED-Version (abh\u00e4ngig vom gew\u00e4hlten Modell)<\/h2>\t\t\t\t<\/div>\n\t\t\t\t<div class=\"elementor-element elementor-element-133f076 elementor-widget elementor-widget-text-editor\" data-id=\"133f076\" data-element_type=\"widget\" data-e-type=\"widget\" data-widget_type=\"text-editor.default\">\n\t\t\t\t\t\t\t\t\t<p><strong>Ref. SED80002-04 <\/strong>Mit BETA4 Griff (Li-ION) und USB-Ladeger\u00e4t<\/p><ul><li>BETA 200 LED-Otoskopkopf mit Glasfaseroptik.<\/li><li>Wiederaufladbarer Griff BETA4 (Li-ION-Akkus)<\/li><li>Satz von 4 wiederverwendbaren Spekula aus Sanalon (autoklavierbar) Heine.<\/li><li>10 Einwegspekula von Heine.<\/li><li>Hartes Etui.<\/li><li>USB-Ladeger\u00e4t (Kabel + Netzteil).<\/li><\/ul><p><strong>Ref. SED80002-05 <\/strong>Mit BETA4 Griff (Li-ION) und NT 4 Ladeger\u00e4t<\/p><ul><li>BETA 200 LED-Otoskopkopf mit Glasfaseroptik.<\/li><li>Wiederaufladbarer Griff BETA4 (Li-ION-Akkus)<\/li><li>Satz von 4 wiederverwendbaren Spekula aus Sanalon (autoklavierbar) Heine.<\/li><li>10 Einwegspekula von Heine.<\/li><li>Hartes Etui.<\/li><li>Tischladeger\u00e4t NT4.<\/li><\/ul>\t\t\t\t\t\t\t\t<\/div>\n\t\t\t\t\t<\/div>\n\t\t<\/div>\n\t\t\t\t\t<\/div>\n\t\t<\/section>\n\t\t\t\t<\/div>\n\t\t","protected":false},"excerpt":{"rendered":"<p>Das Otoskop Heine Beta 200 mit Fiber Optik Beleuchtung bietet dank seiner 3-fachen Vergr\u00f6\u00dferung und der homogenen Beleuchtung eine klare und blendfreie Beobachtung. Es wurde f\u00fcr den professionellen Gebrauch entwickelt und ist mit einem robusten Metallgeh\u00e4use und einem kratzfesten Fenster ausgestattet. Die mattschwarze Innenseite eliminiert unerw\u00fcnschte Reflexionen und gew\u00e4hrleistet eine genaue Sicht auf den Geh\u00f6rgang. Dieses Ger\u00e4t eignet sich auch f\u00fcr andere nicht-invasive Untersuchungen und ist ideal f\u00fcr zuverl\u00e4ssige und genaue Diagnosen.   <\/p>\n","protected":false},"featured_media":27655,"template":"","meta":{"_acf_changed":false},"product_brand":[2147],"product_cat":[1364,1391],"product_tag":[6120,6123,6117,6119,6124,6116,6127,6113,6125,6114,6121,6122,6118,6115,6126],"class_list":{"0":"post-34254","1":"product","2":"type-product","3":"status-publish","4":"has-post-thumbnail","6":"product_brand-heine-de","7":"product_cat-otoskope","8":"product_cat-geraete-otoskope","9":"product_tag-halogen-otoskop","10":"product_tag-heine-beta-200-f-o-de","11":"product_tag-hordiagnose","12":"product_tag-led-otoskop","13":"product_tag-medizinische-instrumente-otoskop","14":"product_tag-medizinisches-otoskop","15":"product_tag-otoskop-fur-arzte","16":"product_tag-otoskop-heine-beta-200","17":"product_tag-otoskop-mit-distaler-beleuchtung","18":"product_tag-otoskop-mit-glasfaseroptik-de","19":"product_tag-otoskop-mit-vergroserung","20":"product_tag-otoskop-untersuchung-des-ohrs","21":"product_tag-otoskopie-ausrustung","22":"product_tag-professionelles-otoskop","23":"product_tag-robustes-otoskop","25":"first","26":"instock","27":"taxable","28":"shipping-taxable","29":"purchasable","30":"product-type-variable","31":"has-default-attributes"},"acf":[],"yoast_head":"<!-- This site is optimized with the Yoast SEO Premium plugin v27.4 (Yoast SEO v27.4) - https:\/\/yoast.com\/product\/yoast-seo-premium-wordpress\/ -->\n<title>Otoskop Heine Beta 200 Fiber Optik | Swixed SA<\/title>\n<meta name=\"description\" content=\"Heine Beta 200 Fiber Optik Otoskop mit distaler Beleuchtung f\u00fcr pr\u00e4zise H\u00f6rpr\u00fcfungen, robust, reflexionsfrei und mit 3-facher Vergr\u00f6\u00dferung.\" \/>\n<meta name=\"robots\" content=\"index, follow, max-snippet:-1, max-image-preview:large, max-video-preview:-1\" \/>\n<link rel=\"canonical\" href=\"https:\/\/swixed.ch\/de\/produkt\/sed80002\/\" \/>\n<meta property=\"og:locale\" content=\"de_DE\" \/>\n<meta property=\"og:type\" content=\"article\" \/>\n<meta property=\"og:title\" content=\"Otoskop Heine Beta 200 Fiber Optik\" \/>\n<meta property=\"og:description\" content=\"Heine Beta 200 Fiber Optik Otoskop mit distaler Beleuchtung f\u00fcr pr\u00e4zise H\u00f6rpr\u00fcfungen, robust, reflexionsfrei und mit 3-facher Vergr\u00f6\u00dferung.\" \/>\n<meta property=\"og:url\" content=\"https:\/\/swixed.ch\/de\/produkt\/sed80002\/\" \/>\n<meta property=\"og:site_name\" content=\"Swixed SA\" \/>\n<meta property=\"article:publisher\" content=\"https:\/\/www.facebook.com\/swixed\" \/>\n<meta property=\"article:modified_time\" content=\"2025-11-29T22:23:09+00:00\" \/>\n<meta property=\"og:image\" content=\"https:\/\/swixed.ch\/wp-content\/uploads\/products\/heine-beta-200-01.png\" \/>\n\t<meta property=\"og:image:width\" content=\"600\" \/>\n\t<meta property=\"og:image:height\" content=\"600\" \/>\n\t<meta property=\"og:image:type\" content=\"image\/png\" \/>\n<meta name=\"twitter:card\" content=\"summary_large_image\" \/>\n<meta name=\"twitter:label1\" content=\"Gesch\u00e4tzte Lesezeit\" \/>\n\t<meta name=\"twitter:data1\" content=\"2\u00a0Minuten\" \/>\n<script type=\"application\/ld+json\" class=\"yoast-schema-graph\">{\"@context\":\"https:\\\/\\\/schema.org\",\"@graph\":[{\"@type\":\"WebPage\",\"@id\":\"https:\\\/\\\/swixed.ch\\\/de\\\/produkt\\\/sed80002\\\/\",\"url\":\"https:\\\/\\\/swixed.ch\\\/de\\\/produkt\\\/sed80002\\\/\",\"name\":\"Otoskop Heine Beta 200 Fiber Optik | Swixed SA\",\"isPartOf\":{\"@id\":\"https:\\\/\\\/swixed.ch\\\/de\\\/#website\"},\"primaryImageOfPage\":{\"@id\":\"https:\\\/\\\/swixed.ch\\\/de\\\/produkt\\\/sed80002\\\/#primaryimage\"},\"image\":{\"@id\":\"https:\\\/\\\/swixed.ch\\\/de\\\/produkt\\\/sed80002\\\/#primaryimage\"},\"thumbnailUrl\":\"https:\\\/\\\/swixed.ch\\\/wp-content\\\/uploads\\\/products\\\/heine-beta-200-01.png\",\"datePublished\":\"2021-05-04T09:41:35+00:00\",\"dateModified\":\"2025-11-29T22:23:09+00:00\",\"description\":\"Heine Beta 200 Fiber Optik Otoskop mit distaler Beleuchtung f\u00fcr pr\u00e4zise H\u00f6rpr\u00fcfungen, robust, reflexionsfrei und mit 3-facher Vergr\u00f6\u00dferung.\",\"breadcrumb\":{\"@id\":\"https:\\\/\\\/swixed.ch\\\/de\\\/produkt\\\/sed80002\\\/#breadcrumb\"},\"inLanguage\":\"de\",\"potentialAction\":[{\"@type\":\"ReadAction\",\"target\":[\"https:\\\/\\\/swixed.ch\\\/de\\\/produkt\\\/sed80002\\\/\"]}]},{\"@type\":\"ImageObject\",\"inLanguage\":\"de\",\"@id\":\"https:\\\/\\\/swixed.ch\\\/de\\\/produkt\\\/sed80002\\\/#primaryimage\",\"url\":\"https:\\\/\\\/swixed.ch\\\/wp-content\\\/uploads\\\/products\\\/heine-beta-200-01.png\",\"contentUrl\":\"https:\\\/\\\/swixed.ch\\\/wp-content\\\/uploads\\\/products\\\/heine-beta-200-01.png\",\"width\":600,\"height\":600,\"caption\":\"Otoskop Heine Beta 200 Fiber Optik\"},{\"@type\":\"BreadcrumbList\",\"@id\":\"https:\\\/\\\/swixed.ch\\\/de\\\/produkt\\\/sed80002\\\/#breadcrumb\",\"itemListElement\":[{\"@type\":\"ListItem\",\"position\":1,\"name\":\"Startseite\",\"item\":\"https:\\\/\\\/swixed.ch\\\/de\\\/home\\\/\"},{\"@type\":\"ListItem\",\"position\":2,\"name\":\"Shop\",\"item\":\"https:\\\/\\\/swixed.ch\\\/de\\\/shop\\\/\"},{\"@type\":\"ListItem\",\"position\":3,\"name\":\"Otoskop Heine Beta 200 Fiber Optik\"}]},{\"@type\":\"WebSite\",\"@id\":\"https:\\\/\\\/swixed.ch\\\/de\\\/#website\",\"url\":\"https:\\\/\\\/swixed.ch\\\/de\\\/\",\"name\":\"Swixed SA\",\"description\":\"Elektronische Ger\u00e4te\",\"publisher\":{\"@id\":\"https:\\\/\\\/swixed.ch\\\/de\\\/#organization\"},\"potentialAction\":[{\"@type\":\"SearchAction\",\"target\":{\"@type\":\"EntryPoint\",\"urlTemplate\":\"https:\\\/\\\/swixed.ch\\\/de\\\/?s={search_term_string}\"},\"query-input\":{\"@type\":\"PropertyValueSpecification\",\"valueRequired\":true,\"valueName\":\"search_term_string\"}}],\"inLanguage\":\"de\"},{\"@type\":\"Organization\",\"@id\":\"https:\\\/\\\/swixed.ch\\\/de\\\/#organization\",\"name\":\"Swixed SA\",\"url\":\"https:\\\/\\\/swixed.ch\\\/de\\\/\",\"logo\":{\"@type\":\"ImageObject\",\"inLanguage\":\"de\",\"@id\":\"https:\\\/\\\/swixed.ch\\\/de\\\/#\\\/schema\\\/logo\\\/image\\\/\",\"url\":\"https:\\\/\\\/swixed.ch\\\/wp-content\\\/uploads\\\/logos\\\/swixed-logo-lite.png\",\"contentUrl\":\"https:\\\/\\\/swixed.ch\\\/wp-content\\\/uploads\\\/logos\\\/swixed-logo-lite.png\",\"width\":696,\"height\":696,\"caption\":\"Swixed SA\"},\"image\":{\"@id\":\"https:\\\/\\\/swixed.ch\\\/de\\\/#\\\/schema\\\/logo\\\/image\\\/\"},\"sameAs\":[\"https:\\\/\\\/www.facebook.com\\\/swixed\",\"https:\\\/\\\/www.linkedin.com\\\/company\\\/swixed\",\"https:\\\/\\\/www.youtube.com\\\/@swixedsa\"],\"description\":\"Swixed SA est une entreprise suisse bas\u00e9e \u00e0 Gen\u00e8ve, sp\u00e9cialis\u00e9e dans la vente, la location et la maintenance d\u2019appareils m\u00e9dicaux professionnels, tels que d\u00e9fibrillateurs AED, \u00e9lectrocardiographes, moniteurs patient et dispositifs de diagnostic.\",\"email\":\"infoshop@swixed.ch\",\"telephone\":\"+41 22 566 11 95\",\"legalName\":\"Swixed SA\",\"foundingDate\":\"2021-03-01\",\"numberOfEmployees\":{\"@type\":\"QuantitativeValue\",\"minValue\":\"1\",\"maxValue\":\"10\"}}]}<\/script>\n<!-- \/ Yoast SEO Premium plugin. -->","yoast_head_json":{"title":"Otoskop Heine Beta 200 Fiber Optik | Swixed SA","description":"Heine Beta 200 Fiber Optik Otoskop mit distaler Beleuchtung f\u00fcr pr\u00e4zise H\u00f6rpr\u00fcfungen, robust, reflexionsfrei und mit 3-facher Vergr\u00f6\u00dferung.","robots":{"index":"index","follow":"follow","max-snippet":"max-snippet:-1","max-image-preview":"max-image-preview:large","max-video-preview":"max-video-preview:-1"},"canonical":"https:\/\/swixed.ch\/de\/produkt\/sed80002\/","og_locale":"de_DE","og_type":"article","og_title":"Otoskop Heine Beta 200 Fiber Optik","og_description":"Heine Beta 200 Fiber Optik Otoskop mit distaler Beleuchtung f\u00fcr pr\u00e4zise H\u00f6rpr\u00fcfungen, robust, reflexionsfrei und mit 3-facher Vergr\u00f6\u00dferung.","og_url":"https:\/\/swixed.ch\/de\/produkt\/sed80002\/","og_site_name":"Swixed SA","article_publisher":"https:\/\/www.facebook.com\/swixed","article_modified_time":"2025-11-29T22:23:09+00:00","og_image":[{"width":600,"height":600,"url":"https:\/\/swixed.ch\/wp-content\/uploads\/products\/heine-beta-200-01.png","type":"image\/png"}],"twitter_card":"summary_large_image","twitter_misc":{"Gesch\u00e4tzte Lesezeit":"2\u00a0Minuten"},"schema":{"@context":"https:\/\/schema.org","@graph":[{"@type":"WebPage","@id":"https:\/\/swixed.ch\/de\/produkt\/sed80002\/","url":"https:\/\/swixed.ch\/de\/produkt\/sed80002\/","name":"Otoskop Heine Beta 200 Fiber Optik | Swixed SA","isPartOf":{"@id":"https:\/\/swixed.ch\/de\/#website"},"primaryImageOfPage":{"@id":"https:\/\/swixed.ch\/de\/produkt\/sed80002\/#primaryimage"},"image":{"@id":"https:\/\/swixed.ch\/de\/produkt\/sed80002\/#primaryimage"},"thumbnailUrl":"https:\/\/swixed.ch\/wp-content\/uploads\/products\/heine-beta-200-01.png","datePublished":"2021-05-04T09:41:35+00:00","dateModified":"2025-11-29T22:23:09+00:00","description":"Heine Beta 200 Fiber Optik Otoskop mit distaler Beleuchtung f\u00fcr pr\u00e4zise H\u00f6rpr\u00fcfungen, robust, reflexionsfrei und mit 3-facher Vergr\u00f6\u00dferung.","breadcrumb":{"@id":"https:\/\/swixed.ch\/de\/produkt\/sed80002\/#breadcrumb"},"inLanguage":"de","potentialAction":[{"@type":"ReadAction","target":["https:\/\/swixed.ch\/de\/produkt\/sed80002\/"]}]},{"@type":"ImageObject","inLanguage":"de","@id":"https:\/\/swixed.ch\/de\/produkt\/sed80002\/#primaryimage","url":"https:\/\/swixed.ch\/wp-content\/uploads\/products\/heine-beta-200-01.png","contentUrl":"https:\/\/swixed.ch\/wp-content\/uploads\/products\/heine-beta-200-01.png","width":600,"height":600,"caption":"Otoskop Heine Beta 200 Fiber Optik"},{"@type":"BreadcrumbList","@id":"https:\/\/swixed.ch\/de\/produkt\/sed80002\/#breadcrumb","itemListElement":[{"@type":"ListItem","position":1,"name":"Startseite","item":"https:\/\/swixed.ch\/de\/home\/"},{"@type":"ListItem","position":2,"name":"Shop","item":"https:\/\/swixed.ch\/de\/shop\/"},{"@type":"ListItem","position":3,"name":"Otoskop Heine Beta 200 Fiber Optik"}]},{"@type":"WebSite","@id":"https:\/\/swixed.ch\/de\/#website","url":"https:\/\/swixed.ch\/de\/","name":"Swixed SA","description":"Elektronische Ger\u00e4te","publisher":{"@id":"https:\/\/swixed.ch\/de\/#organization"},"potentialAction":[{"@type":"SearchAction","target":{"@type":"EntryPoint","urlTemplate":"https:\/\/swixed.ch\/de\/?s={search_term_string}"},"query-input":{"@type":"PropertyValueSpecification","valueRequired":true,"valueName":"search_term_string"}}],"inLanguage":"de"},{"@type":"Organization","@id":"https:\/\/swixed.ch\/de\/#organization","name":"Swixed SA","url":"https:\/\/swixed.ch\/de\/","logo":{"@type":"ImageObject","inLanguage":"de","@id":"https:\/\/swixed.ch\/de\/#\/schema\/logo\/image\/","url":"https:\/\/swixed.ch\/wp-content\/uploads\/logos\/swixed-logo-lite.png","contentUrl":"https:\/\/swixed.ch\/wp-content\/uploads\/logos\/swixed-logo-lite.png","width":696,"height":696,"caption":"Swixed SA"},"image":{"@id":"https:\/\/swixed.ch\/de\/#\/schema\/logo\/image\/"},"sameAs":["https:\/\/www.facebook.com\/swixed","https:\/\/www.linkedin.com\/company\/swixed","https:\/\/www.youtube.com\/@swixedsa"],"description":"Swixed SA est une entreprise suisse bas\u00e9e \u00e0 Gen\u00e8ve, sp\u00e9cialis\u00e9e dans la vente, la location et la maintenance d\u2019appareils m\u00e9dicaux professionnels, tels que d\u00e9fibrillateurs AED, \u00e9lectrocardiographes, moniteurs patient et dispositifs de diagnostic.","email":"infoshop@swixed.ch","telephone":"+41 22 566 11 95","legalName":"Swixed SA","foundingDate":"2021-03-01","numberOfEmployees":{"@type":"QuantitativeValue","minValue":"1","maxValue":"10"}}]}},"_links":{"self":[{"href":"https:\/\/swixed.ch\/de\/wp-json\/wp\/v2\/product\/34254","targetHints":{"allow":["GET"]}}],"collection":[{"href":"https:\/\/swixed.ch\/de\/wp-json\/wp\/v2\/product"}],"about":[{"href":"https:\/\/swixed.ch\/de\/wp-json\/wp\/v2\/types\/product"}],"version-history":[{"count":0,"href":"https:\/\/swixed.ch\/de\/wp-json\/wp\/v2\/product\/34254\/revisions"}],"wp:featuredmedia":[{"embeddable":true,"href":"https:\/\/swixed.ch\/de\/wp-json\/wp\/v2\/media\/27655"}],"wp:attachment":[{"href":"https:\/\/swixed.ch\/de\/wp-json\/wp\/v2\/media?parent=34254"}],"wp:term":[{"taxonomy":"product_brand","embeddable":true,"href":"https:\/\/swixed.ch\/de\/wp-json\/wp\/v2\/product_brand?post=34254"},{"taxonomy":"product_cat","embeddable":true,"href":"https:\/\/swixed.ch\/de\/wp-json\/wp\/v2\/product_cat?post=34254"},{"taxonomy":"product_tag","embeddable":true,"href":"https:\/\/swixed.ch\/de\/wp-json\/wp\/v2\/product_tag?post=34254"}],"curies":[{"name":"wp","href":"https:\/\/api.w.org\/{rel}","templated":true}]}}