{"id":34311,"date":"2021-05-05T13:21:02","date_gmt":"2021-05-05T11:21:02","guid":{"rendered":"https:\/\/swixed.com\/produit\/edan-im20-patientenmonitor\/"},"modified":"2026-01-13T22:39:22","modified_gmt":"2026-01-13T21:39:22","slug":"sed20002","status":"publish","type":"product","link":"https:\/\/swixed.ch\/de\/produkt\/sed20002\/","title":{"rendered":"Edan iM20 Vitalzeichenmonitor"},"content":{"rendered":"\t\t<div data-elementor-type=\"product-post\" data-elementor-id=\"34311\" class=\"elementor elementor-34311 elementor-4000\" data-elementor-post-type=\"product\">\n\t\t\t\t\t\t<section class=\"elementor-section elementor-top-section elementor-element elementor-element-566dfe8 elementor-section-full_width elementor-section-height-default elementor-section-height-default\" data-id=\"566dfe8\" data-element_type=\"section\" data-e-type=\"section\">\n\t\t\t\t\t\t<div class=\"elementor-container elementor-column-gap-default\">\n\t\t\t\t\t<div class=\"elementor-column elementor-col-100 elementor-top-column elementor-element elementor-element-2c4618e\" data-id=\"2c4618e\" data-element_type=\"column\" data-e-type=\"column\">\n\t\t\t<div class=\"elementor-widget-wrap elementor-element-populated\">\n\t\t\t\t\t\t<div class=\"elementor-element elementor-element-57fea7d elementor-widget elementor-widget-heading\" data-id=\"57fea7d\" data-element_type=\"widget\" data-e-type=\"widget\" data-widget_type=\"heading.default\">\n\t\t\t\t\t<h2 class=\"elementor-heading-title elementor-size-default\">Beschreibung<\/h2>\t\t\t\t<\/div>\n\t\t\t\t<div class=\"elementor-element elementor-element-e0a279c elementor-widget elementor-widget-text-editor\" data-id=\"e0a279c\" data-element_type=\"widget\" data-e-type=\"widget\" data-widget_type=\"text-editor.default\">\n\t\t\t\t\t\t\t\t\t<p>Der Patientenmonitor Edan iM20 ist f\u00fcr die \u00dcberwachung von f\u00fcnf Vitalparametern bei erwachsenen, p\u00e4diatrischen und neonatalen Patienten konzipiert:<\/p><ul><li>Herzrhythmus<\/li><li>EKG (5 Ableitungen)<\/li><li>Atemrhythmus<\/li><li>Sauerstoffs\u00e4ttigung (SpO2)<\/li><li>Blutdruck<\/li><li>K\u00f6rpertemperatur<\/li><\/ul><p>Das Ger\u00e4t ist leicht (weniger als 1,5 kg) und kompakt (19 x 8 x 19 cm mit Griff), leicht zu transportieren und perfekt f\u00fcr den Einsatz in Krankenh\u00e4usern und im Freien geeignet. Der Edan iM20 wurde f\u00fcr extreme Bedingungen entwickelt und ist gegen St\u00fcrze aus bis zu 1 m H\u00f6he, Vibrationen, Staub und Wasser (IP44) gesch\u00fctzt und kann bei sehr niedrigen oder hohen Temperaturen betrieben werden. <\/p><p>Der hochaufl\u00f6sende 5-Zoll-Touchscreen und die intuitive Benutzeroberfl\u00e4che erm\u00f6glichen einen schnellen Zugriff auf die wichtigsten Funktionen und bieten eine flexible Anpassung an die Bed\u00fcrfnisse des medizinischen Fachpersonals. Mit einer Akkulaufzeit von 4 Stunden ist der Monitor ideal f\u00fcr die Notfallversorgung und mobile Konsultationen. <\/p>\t\t\t\t\t\t\t\t<\/div>\n\t\t\t\t<div class=\"elementor-element elementor-element-89c9b41 elementor-widget elementor-widget-heading\" data-id=\"89c9b41\" data-element_type=\"widget\" data-e-type=\"widget\" data-widget_type=\"heading.default\">\n\t\t\t\t\t<h2 class=\"elementor-heading-title elementor-size-default\">Inhalt des Edan IM20-Monitors<\/h2>\t\t\t\t<\/div>\n\t\t\t\t<div class=\"elementor-element elementor-element-750d482 elementor-widget elementor-widget-text-editor\" data-id=\"750d482\" data-element_type=\"widget\" data-e-type=\"widget\" data-widget_type=\"text-editor.default\">\n\t\t\t\t\t\t\t\t\t<ul><li>3-adriges EKG-Kabel<\/li><li>3 Meter NIBP-Schlauch<\/li><li>Manschette f\u00fcr Erwachsene (27-35 cm)<\/li><li>2 Meter SpO2-Adapterkabel<\/li><li>1 Meter langer SpO2-Sensor aus Silikon<\/li><li>Hauttemperatursonde (axillar)<\/li><li>Wiederaufladbarer Akku<\/li><li>Ladeger\u00e4t<\/li><\/ul>\t\t\t\t\t\t\t\t<\/div>\n\t\t\t\t\t<\/div>\n\t\t<\/div>\n\t\t\t\t\t<\/div>\n\t\t<\/section>\n\t\t\t\t<\/div>\n\t\t","protected":false},"excerpt":{"rendered":"<p>Der Patientenmonitor Edan iM20 \u00fcberwacht 5 Vitalparameter (Herzfrequenz, EKG, Atmung, SpO2, Blutdruck) bei Patienten aller Altersgruppen. Er ist tragbar, sto\u00dffest und widerstandsf\u00e4hig gegen extreme Temperaturen und eignet sich f\u00fcr anspruchsvolle medizinische Umgebungen wie Notaufnahmen und Erste Hilfe. Das Ger\u00e4t ist kompakt (1,5 kg) und verf\u00fcgt \u00fcber einen HD-Touchscreen mit einer Betriebsdauer von 4 Stunden.  <\/p>\n","protected":false},"featured_media":27563,"template":"","meta":{"_acf_changed":false},"product_brand":[2085],"product_cat":[1409],"product_tag":[982,3716,1412,7644,7645,7641,7640,1626,1181,7639],"class_list":{"0":"post-34311","1":"product","2":"type-product","3":"status-publish","4":"has-post-thumbnail","6":"product_brand-edan-de","7":"product_cat-geraete-patientenmonitore","8":"product_tag-ecg-de","9":"product_tag-farbbildschirm","10":"product_tag-nibp-de","11":"product_tag-oszillometrisch","12":"product_tag-patientengedachtnis","13":"product_tag-physiologische-alarme","14":"product_tag-pr","15":"product_tag-resp-de","16":"product_tag-spo2-de","17":"product_tag-temp","19":"first","20":"instock","21":"sale","22":"taxable","23":"shipping-taxable","24":"purchasable","25":"product-type-simple"},"acf":[],"yoast_head":"<!-- This site is optimized with the Yoast SEO Premium plugin v27.4 (Yoast SEO v27.4) - https:\/\/yoast.com\/product\/yoast-seo-premium-wordpress\/ -->\n<title>Edan iM20 Vitalzeichenmonitor | Swixed SA<\/title>\n<meta name=\"description\" content=\"Der Edan iM20 Vitalzeichenmonitor ist kompakt, tragbar und robust und eignet sich ideal f\u00fcr die \u00dcberwachung der Vitalfunktionen in jeder medizinischen Umgebung.\" \/>\n<meta name=\"robots\" content=\"index, follow, max-snippet:-1, max-image-preview:large, max-video-preview:-1\" \/>\n<link rel=\"canonical\" href=\"https:\/\/swixed.ch\/de\/produkt\/sed20002\/\" \/>\n<meta property=\"og:locale\" content=\"de_DE\" \/>\n<meta property=\"og:type\" content=\"article\" \/>\n<meta property=\"og:title\" content=\"Edan iM20 Vitalzeichenmonitor\" \/>\n<meta property=\"og:description\" content=\"Der Edan iM20 Vitalzeichenmonitor ist kompakt, tragbar und robust und eignet sich ideal f\u00fcr die \u00dcberwachung der Vitalfunktionen in jeder medizinischen Umgebung.\" \/>\n<meta property=\"og:url\" content=\"https:\/\/swixed.ch\/de\/produkt\/sed20002\/\" \/>\n<meta property=\"og:site_name\" content=\"Swixed SA\" \/>\n<meta property=\"article:publisher\" content=\"https:\/\/www.facebook.com\/swixed\" \/>\n<meta property=\"article:modified_time\" content=\"2026-01-13T21:39:22+00:00\" \/>\n<meta property=\"og:image\" content=\"https:\/\/swixed.ch\/wp-content\/uploads\/products\/edan-im20-03.png\" \/>\n\t<meta property=\"og:image:width\" content=\"600\" \/>\n\t<meta property=\"og:image:height\" content=\"600\" \/>\n\t<meta property=\"og:image:type\" content=\"image\/png\" \/>\n<meta name=\"twitter:card\" content=\"summary_large_image\" \/>\n<meta name=\"twitter:label1\" content=\"Gesch\u00e4tzte Lesezeit\" \/>\n\t<meta name=\"twitter:data1\" content=\"1\u00a0Minute\" \/>\n<script type=\"application\/ld+json\" class=\"yoast-schema-graph\">{\"@context\":\"https:\\\/\\\/schema.org\",\"@graph\":[{\"@type\":\"WebPage\",\"@id\":\"https:\\\/\\\/swixed.ch\\\/de\\\/produkt\\\/sed20002\\\/\",\"url\":\"https:\\\/\\\/swixed.ch\\\/de\\\/produkt\\\/sed20002\\\/\",\"name\":\"Edan iM20 Vitalzeichenmonitor | Swixed SA\",\"isPartOf\":{\"@id\":\"https:\\\/\\\/swixed.ch\\\/de\\\/#website\"},\"primaryImageOfPage\":{\"@id\":\"https:\\\/\\\/swixed.ch\\\/de\\\/produkt\\\/sed20002\\\/#primaryimage\"},\"image\":{\"@id\":\"https:\\\/\\\/swixed.ch\\\/de\\\/produkt\\\/sed20002\\\/#primaryimage\"},\"thumbnailUrl\":\"https:\\\/\\\/swixed.ch\\\/wp-content\\\/uploads\\\/products\\\/edan-im20-03.png\",\"datePublished\":\"2021-05-05T11:21:02+00:00\",\"dateModified\":\"2026-01-13T21:39:22+00:00\",\"description\":\"Der Edan iM20 Vitalzeichenmonitor ist kompakt, tragbar und robust und eignet sich ideal f\u00fcr die \u00dcberwachung der Vitalfunktionen in jeder medizinischen Umgebung.\",\"breadcrumb\":{\"@id\":\"https:\\\/\\\/swixed.ch\\\/de\\\/produkt\\\/sed20002\\\/#breadcrumb\"},\"inLanguage\":\"de\",\"potentialAction\":[{\"@type\":\"ReadAction\",\"target\":[\"https:\\\/\\\/swixed.ch\\\/de\\\/produkt\\\/sed20002\\\/\"]}]},{\"@type\":\"ImageObject\",\"inLanguage\":\"de\",\"@id\":\"https:\\\/\\\/swixed.ch\\\/de\\\/produkt\\\/sed20002\\\/#primaryimage\",\"url\":\"https:\\\/\\\/swixed.ch\\\/wp-content\\\/uploads\\\/products\\\/edan-im20-03.png\",\"contentUrl\":\"https:\\\/\\\/swixed.ch\\\/wp-content\\\/uploads\\\/products\\\/edan-im20-03.png\",\"width\":600,\"height\":600,\"caption\":\"edan-im20-03\"},{\"@type\":\"BreadcrumbList\",\"@id\":\"https:\\\/\\\/swixed.ch\\\/de\\\/produkt\\\/sed20002\\\/#breadcrumb\",\"itemListElement\":[{\"@type\":\"ListItem\",\"position\":1,\"name\":\"Startseite\",\"item\":\"https:\\\/\\\/swixed.ch\\\/de\\\/home\\\/\"},{\"@type\":\"ListItem\",\"position\":2,\"name\":\"Shop\",\"item\":\"https:\\\/\\\/swixed.ch\\\/de\\\/shop\\\/\"},{\"@type\":\"ListItem\",\"position\":3,\"name\":\"Edan iM20 Vitalzeichenmonitor\"}]},{\"@type\":\"WebSite\",\"@id\":\"https:\\\/\\\/swixed.ch\\\/de\\\/#website\",\"url\":\"https:\\\/\\\/swixed.ch\\\/de\\\/\",\"name\":\"Swixed SA\",\"description\":\"Elektronische Ger\u00e4te\",\"publisher\":{\"@id\":\"https:\\\/\\\/swixed.ch\\\/de\\\/#organization\"},\"potentialAction\":[{\"@type\":\"SearchAction\",\"target\":{\"@type\":\"EntryPoint\",\"urlTemplate\":\"https:\\\/\\\/swixed.ch\\\/de\\\/?s={search_term_string}\"},\"query-input\":{\"@type\":\"PropertyValueSpecification\",\"valueRequired\":true,\"valueName\":\"search_term_string\"}}],\"inLanguage\":\"de\"},{\"@type\":\"Organization\",\"@id\":\"https:\\\/\\\/swixed.ch\\\/de\\\/#organization\",\"name\":\"Swixed SA\",\"url\":\"https:\\\/\\\/swixed.ch\\\/de\\\/\",\"logo\":{\"@type\":\"ImageObject\",\"inLanguage\":\"de\",\"@id\":\"https:\\\/\\\/swixed.ch\\\/de\\\/#\\\/schema\\\/logo\\\/image\\\/\",\"url\":\"https:\\\/\\\/swixed.ch\\\/wp-content\\\/uploads\\\/logos\\\/swixed-logo-lite.png\",\"contentUrl\":\"https:\\\/\\\/swixed.ch\\\/wp-content\\\/uploads\\\/logos\\\/swixed-logo-lite.png\",\"width\":696,\"height\":696,\"caption\":\"Swixed SA\"},\"image\":{\"@id\":\"https:\\\/\\\/swixed.ch\\\/de\\\/#\\\/schema\\\/logo\\\/image\\\/\"},\"sameAs\":[\"https:\\\/\\\/www.facebook.com\\\/swixed\",\"https:\\\/\\\/www.linkedin.com\\\/company\\\/swixed\",\"https:\\\/\\\/www.youtube.com\\\/@swixedsa\"],\"description\":\"Swixed SA est une entreprise suisse bas\u00e9e \u00e0 Gen\u00e8ve, sp\u00e9cialis\u00e9e dans la vente, la location et la maintenance d\u2019appareils m\u00e9dicaux professionnels, tels que d\u00e9fibrillateurs AED, \u00e9lectrocardiographes, moniteurs patient et dispositifs de diagnostic.\",\"email\":\"infoshop@swixed.ch\",\"telephone\":\"+41 22 566 11 95\",\"legalName\":\"Swixed SA\",\"foundingDate\":\"2021-03-01\",\"numberOfEmployees\":{\"@type\":\"QuantitativeValue\",\"minValue\":\"1\",\"maxValue\":\"10\"}}]}<\/script>\n<!-- \/ Yoast SEO Premium plugin. -->","yoast_head_json":{"title":"Edan iM20 Vitalzeichenmonitor | Swixed SA","description":"Der Edan iM20 Vitalzeichenmonitor ist kompakt, tragbar und robust und eignet sich ideal f\u00fcr die \u00dcberwachung der Vitalfunktionen in jeder medizinischen Umgebung.","robots":{"index":"index","follow":"follow","max-snippet":"max-snippet:-1","max-image-preview":"max-image-preview:large","max-video-preview":"max-video-preview:-1"},"canonical":"https:\/\/swixed.ch\/de\/produkt\/sed20002\/","og_locale":"de_DE","og_type":"article","og_title":"Edan iM20 Vitalzeichenmonitor","og_description":"Der Edan iM20 Vitalzeichenmonitor ist kompakt, tragbar und robust und eignet sich ideal f\u00fcr die \u00dcberwachung der Vitalfunktionen in jeder medizinischen Umgebung.","og_url":"https:\/\/swixed.ch\/de\/produkt\/sed20002\/","og_site_name":"Swixed SA","article_publisher":"https:\/\/www.facebook.com\/swixed","article_modified_time":"2026-01-13T21:39:22+00:00","og_image":[{"width":600,"height":600,"url":"https:\/\/swixed.ch\/wp-content\/uploads\/products\/edan-im20-03.png","type":"image\/png"}],"twitter_card":"summary_large_image","twitter_misc":{"Gesch\u00e4tzte Lesezeit":"1\u00a0Minute"},"schema":{"@context":"https:\/\/schema.org","@graph":[{"@type":"WebPage","@id":"https:\/\/swixed.ch\/de\/produkt\/sed20002\/","url":"https:\/\/swixed.ch\/de\/produkt\/sed20002\/","name":"Edan iM20 Vitalzeichenmonitor | Swixed SA","isPartOf":{"@id":"https:\/\/swixed.ch\/de\/#website"},"primaryImageOfPage":{"@id":"https:\/\/swixed.ch\/de\/produkt\/sed20002\/#primaryimage"},"image":{"@id":"https:\/\/swixed.ch\/de\/produkt\/sed20002\/#primaryimage"},"thumbnailUrl":"https:\/\/swixed.ch\/wp-content\/uploads\/products\/edan-im20-03.png","datePublished":"2021-05-05T11:21:02+00:00","dateModified":"2026-01-13T21:39:22+00:00","description":"Der Edan iM20 Vitalzeichenmonitor ist kompakt, tragbar und robust und eignet sich ideal f\u00fcr die \u00dcberwachung der Vitalfunktionen in jeder medizinischen Umgebung.","breadcrumb":{"@id":"https:\/\/swixed.ch\/de\/produkt\/sed20002\/#breadcrumb"},"inLanguage":"de","potentialAction":[{"@type":"ReadAction","target":["https:\/\/swixed.ch\/de\/produkt\/sed20002\/"]}]},{"@type":"ImageObject","inLanguage":"de","@id":"https:\/\/swixed.ch\/de\/produkt\/sed20002\/#primaryimage","url":"https:\/\/swixed.ch\/wp-content\/uploads\/products\/edan-im20-03.png","contentUrl":"https:\/\/swixed.ch\/wp-content\/uploads\/products\/edan-im20-03.png","width":600,"height":600,"caption":"edan-im20-03"},{"@type":"BreadcrumbList","@id":"https:\/\/swixed.ch\/de\/produkt\/sed20002\/#breadcrumb","itemListElement":[{"@type":"ListItem","position":1,"name":"Startseite","item":"https:\/\/swixed.ch\/de\/home\/"},{"@type":"ListItem","position":2,"name":"Shop","item":"https:\/\/swixed.ch\/de\/shop\/"},{"@type":"ListItem","position":3,"name":"Edan iM20 Vitalzeichenmonitor"}]},{"@type":"WebSite","@id":"https:\/\/swixed.ch\/de\/#website","url":"https:\/\/swixed.ch\/de\/","name":"Swixed SA","description":"Elektronische Ger\u00e4te","publisher":{"@id":"https:\/\/swixed.ch\/de\/#organization"},"potentialAction":[{"@type":"SearchAction","target":{"@type":"EntryPoint","urlTemplate":"https:\/\/swixed.ch\/de\/?s={search_term_string}"},"query-input":{"@type":"PropertyValueSpecification","valueRequired":true,"valueName":"search_term_string"}}],"inLanguage":"de"},{"@type":"Organization","@id":"https:\/\/swixed.ch\/de\/#organization","name":"Swixed SA","url":"https:\/\/swixed.ch\/de\/","logo":{"@type":"ImageObject","inLanguage":"de","@id":"https:\/\/swixed.ch\/de\/#\/schema\/logo\/image\/","url":"https:\/\/swixed.ch\/wp-content\/uploads\/logos\/swixed-logo-lite.png","contentUrl":"https:\/\/swixed.ch\/wp-content\/uploads\/logos\/swixed-logo-lite.png","width":696,"height":696,"caption":"Swixed SA"},"image":{"@id":"https:\/\/swixed.ch\/de\/#\/schema\/logo\/image\/"},"sameAs":["https:\/\/www.facebook.com\/swixed","https:\/\/www.linkedin.com\/company\/swixed","https:\/\/www.youtube.com\/@swixedsa"],"description":"Swixed SA est une entreprise suisse bas\u00e9e \u00e0 Gen\u00e8ve, sp\u00e9cialis\u00e9e dans la vente, la location et la maintenance d\u2019appareils m\u00e9dicaux professionnels, tels que d\u00e9fibrillateurs AED, \u00e9lectrocardiographes, moniteurs patient et dispositifs de diagnostic.","email":"infoshop@swixed.ch","telephone":"+41 22 566 11 95","legalName":"Swixed SA","foundingDate":"2021-03-01","numberOfEmployees":{"@type":"QuantitativeValue","minValue":"1","maxValue":"10"}}]}},"_links":{"self":[{"href":"https:\/\/swixed.ch\/de\/wp-json\/wp\/v2\/product\/34311","targetHints":{"allow":["GET"]}}],"collection":[{"href":"https:\/\/swixed.ch\/de\/wp-json\/wp\/v2\/product"}],"about":[{"href":"https:\/\/swixed.ch\/de\/wp-json\/wp\/v2\/types\/product"}],"version-history":[{"count":0,"href":"https:\/\/swixed.ch\/de\/wp-json\/wp\/v2\/product\/34311\/revisions"}],"wp:featuredmedia":[{"embeddable":true,"href":"https:\/\/swixed.ch\/de\/wp-json\/wp\/v2\/media\/27563"}],"wp:attachment":[{"href":"https:\/\/swixed.ch\/de\/wp-json\/wp\/v2\/media?parent=34311"}],"wp:term":[{"taxonomy":"product_brand","embeddable":true,"href":"https:\/\/swixed.ch\/de\/wp-json\/wp\/v2\/product_brand?post=34311"},{"taxonomy":"product_cat","embeddable":true,"href":"https:\/\/swixed.ch\/de\/wp-json\/wp\/v2\/product_cat?post=34311"},{"taxonomy":"product_tag","embeddable":true,"href":"https:\/\/swixed.ch\/de\/wp-json\/wp\/v2\/product_tag?post=34311"}],"curies":[{"name":"wp","href":"https:\/\/api.w.org\/{rel}","templated":true}]}}