{"id":34322,"date":"2021-05-05T09:31:29","date_gmt":"2021-05-05T07:31:29","guid":{"rendered":"https:\/\/swixed.com\/produit\/edan-im3-vitalzeichenmonitor\/"},"modified":"2026-03-25T19:29:51","modified_gmt":"2026-03-25T18:29:51","slug":"sed20001","status":"publish","type":"product","link":"https:\/\/swixed.ch\/de\/produkt\/sed20001\/","title":{"rendered":"Edan IM3 Vitalzeichenmonitor"},"content":{"rendered":"\t\t<div data-elementor-type=\"product-post\" data-elementor-id=\"34322\" class=\"elementor elementor-34322 elementor-3989\" data-elementor-post-type=\"product\">\n\t\t\t\t\t\t<section class=\"elementor-section elementor-top-section elementor-element elementor-element-566dfe8 elementor-section-full_width elementor-section-height-default elementor-section-height-default\" data-id=\"566dfe8\" data-element_type=\"section\" data-e-type=\"section\">\n\t\t\t\t\t\t<div class=\"elementor-container elementor-column-gap-default\">\n\t\t\t\t\t<div class=\"elementor-column elementor-col-100 elementor-top-column elementor-element elementor-element-2c4618e\" data-id=\"2c4618e\" data-element_type=\"column\" data-e-type=\"column\">\n\t\t\t<div class=\"elementor-widget-wrap elementor-element-populated\">\n\t\t\t\t\t\t<div class=\"elementor-element elementor-element-57fea7d elementor-widget elementor-widget-heading\" data-id=\"57fea7d\" data-element_type=\"widget\" data-e-type=\"widget\" data-widget_type=\"heading.default\">\n\t\t\t\t\t<h2 class=\"elementor-heading-title elementor-size-default\">Beschreibung<\/h2>\t\t\t\t<\/div>\n\t\t\t\t<div class=\"elementor-element elementor-element-e0a279c elementor-widget elementor-widget-text-editor\" data-id=\"e0a279c\" data-element_type=\"widget\" data-e-type=\"widget\" data-widget_type=\"text-editor.default\">\n\t\t\t\t\t\t\t\t\t<p>Der <strong>Edan IM3 Vitalzeichenmonitor<\/strong> ist ein modernes, kompaktes und ergonomisches Ger\u00e4t, das sich ideal f\u00fcr den klinischen und h\u00e4uslichen Gebrauch eignet.\nDieser leichte Monitor (2,5 kg mit Batterie) ist mit einem <strong>8-Zoll-Touchscreen<\/strong> ausgestattet und erm\u00f6glicht die einfache Messung von <strong>Vitalzeichen<\/strong> wie <strong>SpO2<\/strong>, <strong>nichtinvasivem Blutdruck (NIBP)<\/strong>, <strong>Herzfrequenz<\/strong> und <strong>K\u00f6rpertemperatur<\/strong> (optional). <\/p><p>Dank seines ergonomischen Designs verf\u00fcgt er \u00fcber <strong>gro\u00dfe Tasten<\/strong>, einen <strong>integrierten Griff<\/strong> f\u00fcr den einfachen Transport und ein Kabelaufwicklungssystem f\u00fcr mehr Komfort, wenn er nicht in Gebrauch ist.<\/p><p>Der IM3-Monitor bietet drei Arbeitsmodi:<\/p><ul><li><strong>Krankenhausmodus<\/strong>: Erm\u00f6glicht die \u00dcberwachung von Patienten mit Echtzeitdaten, einstellbaren Alarmen und der M\u00f6glichkeit, Patientenlisten einfach \u00fcber USB zu laden.<\/li><li><strong>\u00dcberwachungsmodus<\/strong>: Kontinuierliche \u00dcberwachung mit Echtzeitalarmen und historischen Trends.<\/li><li><strong>Diagnosemodus<\/strong>: F\u00fcr einmalige \u00dcberpr\u00fcfungen mit Anzeige der Vitalfunktionen ohne Alarme.<\/li><\/ul><p>Die einstellbaren <strong>visuellen und akustischen Alarme<\/strong> sorgen f\u00fcr eine effektive \u00dcberwachung.\nDieser Monitor ist eine zuverl\u00e4ssige Wahl f\u00fcr Hausbesuche, Notf\u00e4lle und Krankenhauspflege. <\/p>\t\t\t\t\t\t\t\t<\/div>\n\t\t\t\t<div class=\"elementor-element elementor-element-458e0a8 elementor-widget elementor-widget-heading\" data-id=\"458e0a8\" data-element_type=\"widget\" data-e-type=\"widget\" data-widget_type=\"heading.default\">\n\t\t\t\t\t<h3 class=\"elementor-heading-title elementor-size-default\">Schl\u00fcsselpunkte<\/h3>\t\t\t\t<\/div>\n\t\t\t\t<div class=\"elementor-element elementor-element-a94c173 elementor-widget elementor-widget-text-editor\" data-id=\"a94c173\" data-element_type=\"widget\" data-e-type=\"widget\" data-widget_type=\"text-editor.default\">\n\t\t\t\t\t\t\t\t\t<ul><li><strong>8-Zoll-Touchscreen<\/strong> f\u00fcr eine intuitive Benutzeroberfl\u00e4che<\/li><li><strong>Leichtes Gewicht von 2,5 kg<\/strong> f\u00fcr einfache Mobilit\u00e4t<\/li><li><strong>Pr\u00e4zise Messung<\/strong> der Vitalzeichen (SpO2, NIBP, Herzfrequenz, Temperatur)<\/li><li>Drei Betriebsmodi: Krankenhaus, \u00dcberwachung und Diagnose<\/li><li>Einstellbare visuelle und akustische Alarme<\/li><\/ul>\t\t\t\t\t\t\t\t<\/div>\n\t\t\t\t<div class=\"elementor-element elementor-element-4de509a elementor-widget elementor-widget-heading\" data-id=\"4de509a\" data-element_type=\"widget\" data-e-type=\"widget\" data-widget_type=\"heading.default\">\n\t\t\t\t\t<h3 class=\"elementor-heading-title elementor-size-default\">Videos Edan IM3<\/h3>\t\t\t\t<\/div>\n\t\t\t\t<section class=\"elementor-section elementor-inner-section elementor-element elementor-element-b83312d elementor-section-full_width elementor-section-height-default elementor-section-height-default\" data-id=\"b83312d\" data-element_type=\"section\" data-e-type=\"section\">\n\t\t\t\t\t\t<div class=\"elementor-container elementor-column-gap-default\">\n\t\t\t\t\t<div class=\"elementor-column elementor-col-50 elementor-inner-column elementor-element elementor-element-60860cf\" data-id=\"60860cf\" data-element_type=\"column\" data-e-type=\"column\">\n\t\t\t<div class=\"elementor-widget-wrap\">\n\t\t\t\t\t\t\t<\/div>\n\t\t<\/div>\n\t\t\t\t<div class=\"elementor-column elementor-col-50 elementor-inner-column elementor-element elementor-element-5735927\" data-id=\"5735927\" data-element_type=\"column\" data-e-type=\"column\">\n\t\t\t<div class=\"elementor-widget-wrap\">\n\t\t\t\t\t\t\t<\/div>\n\t\t<\/div>\n\t\t\t\t\t<\/div>\n\t\t<\/section>\n\t\t\t\t<div class=\"elementor-element elementor-element-45fdddf elementor-widget elementor-widget-heading\" data-id=\"45fdddf\" data-element_type=\"widget\" data-e-type=\"widget\" data-widget_type=\"heading.default\">\n\t\t\t\t\t<h2 class=\"elementor-heading-title elementor-size-default\">Inhalt des Edan IM3<\/h2>\t\t\t\t<\/div>\n\t\t\t\t<div class=\"elementor-element elementor-element-9c8a9d7 elementor-widget elementor-widget-text-editor\" data-id=\"9c8a9d7\" data-element_type=\"widget\" data-e-type=\"widget\" data-widget_type=\"text-editor.default\">\n\t\t\t\t\t\t\t\t\t<ul><li>Edan IM3 Monitor mit Touchscreen<\/li><li>Wiederaufladbare Batterie<\/li><li>Netzkabel<\/li><li>Manschette f\u00fcr Erwachsene 27-35 cm<\/li><li>SpO2-Sensor f\u00fcr Erwachsene<\/li><li>Adapterkabel (Oximetrie)<\/li><li>Ohrthermometer (optional)<\/li><li>200 Einmal-Sondenschutz<\/li><\/ul>\t\t\t\t\t\t\t\t<\/div>\n\t\t\t\t\t<\/div>\n\t\t<\/div>\n\t\t\t\t\t<\/div>\n\t\t<\/section>\n\t\t\t\t<\/div>\n\t\t","protected":false},"excerpt":{"rendered":"<p>Der Edan IM3 Vitalparameter-Monitor mit 8-Zoll-Touchscreen ist leicht (2,5 kg), ergonomisch und vielseitig einsetzbar. Er misst SpO2, Blutdruck, Herzfrequenz und Temperatur (optional). <\/p>\n","protected":false},"featured_media":27359,"template":"","meta":{"_acf_changed":false},"product_brand":[2085],"product_cat":[1409,970],"product_tag":[3716,1412,7656,7644,7645,7640,7655,1181,7639,3721],"class_list":{"0":"post-34322","1":"product","2":"type-product","3":"status-publish","4":"has-post-thumbnail","6":"product_brand-edan-de","7":"product_cat-geraete-patientenmonitore","8":"product_cat-patientenmonitore","9":"product_tag-farbbildschirm","10":"product_tag-nibp-de","11":"product_tag-ohrthermometrie","12":"product_tag-oszillometrisch","13":"product_tag-patientengedachtnis","14":"product_tag-pr","15":"product_tag-pulsoximetrie","16":"product_tag-spo2-de","17":"product_tag-temp","18":"product_tag-tragbarer-monitor","19":"product_shipping_class-kostenloser-versand","21":"first","22":"instock","23":"sale","24":"taxable","25":"shipping-taxable","26":"purchasable","27":"product-type-variable","28":"has-default-attributes"},"acf":[],"yoast_head":"<!-- This site is optimized with the Yoast SEO Premium plugin v27.4 (Yoast SEO v27.4) - https:\/\/yoast.com\/product\/yoast-seo-premium-wordpress\/ -->\n<title>Edan IM3 Vitalzeichenmonitor | Swixed SA<\/title>\n<meta name=\"description\" content=\"Edan IM3 Vitalparameter-Monitor, 8&quot; Touchscreen, leicht und tragbar, misst SpO2, NIBP, Herzfrequenz und Temperatur f\u00fcr eine effektive \u00dcberwachung.\" \/>\n<meta name=\"robots\" content=\"index, follow, max-snippet:-1, max-image-preview:large, max-video-preview:-1\" \/>\n<link rel=\"canonical\" href=\"https:\/\/swixed.ch\/de\/produkt\/sed20001\/\" \/>\n<meta property=\"og:locale\" content=\"de_DE\" \/>\n<meta property=\"og:type\" content=\"article\" \/>\n<meta property=\"og:title\" content=\"Edan IM3 Vitalzeichenmonitor\" \/>\n<meta property=\"og:description\" content=\"Edan IM3 Vitalparameter-Monitor, 8&quot; Touchscreen, leicht und tragbar, misst SpO2, NIBP, Herzfrequenz und Temperatur f\u00fcr eine effektive \u00dcberwachung.\" \/>\n<meta property=\"og:url\" content=\"https:\/\/swixed.ch\/de\/produkt\/sed20001\/\" \/>\n<meta property=\"og:site_name\" content=\"Swixed SA\" \/>\n<meta property=\"article:publisher\" content=\"https:\/\/www.facebook.com\/swixed\" \/>\n<meta property=\"article:modified_time\" content=\"2026-03-25T18:29:51+00:00\" \/>\n<meta property=\"og:image\" content=\"https:\/\/swixed.ch\/wp-content\/uploads\/products\/edan-im3-03.png\" \/>\n\t<meta property=\"og:image:width\" content=\"600\" \/>\n\t<meta property=\"og:image:height\" content=\"600\" \/>\n\t<meta property=\"og:image:type\" content=\"image\/png\" \/>\n<meta name=\"twitter:card\" content=\"summary_large_image\" \/>\n<meta name=\"twitter:label1\" content=\"Gesch\u00e4tzte Lesezeit\" \/>\n\t<meta name=\"twitter:data1\" content=\"2\u00a0Minuten\" \/>\n<script type=\"application\/ld+json\" class=\"yoast-schema-graph\">{\"@context\":\"https:\\\/\\\/schema.org\",\"@graph\":[{\"@type\":\"WebPage\",\"@id\":\"https:\\\/\\\/swixed.ch\\\/de\\\/produkt\\\/sed20001\\\/\",\"url\":\"https:\\\/\\\/swixed.ch\\\/de\\\/produkt\\\/sed20001\\\/\",\"name\":\"Edan IM3 Vitalzeichenmonitor | Swixed SA\",\"isPartOf\":{\"@id\":\"https:\\\/\\\/swixed.ch\\\/de\\\/#website\"},\"primaryImageOfPage\":{\"@id\":\"https:\\\/\\\/swixed.ch\\\/de\\\/produkt\\\/sed20001\\\/#primaryimage\"},\"image\":{\"@id\":\"https:\\\/\\\/swixed.ch\\\/de\\\/produkt\\\/sed20001\\\/#primaryimage\"},\"thumbnailUrl\":\"https:\\\/\\\/swixed.ch\\\/wp-content\\\/uploads\\\/products\\\/edan-im3-03.png\",\"datePublished\":\"2021-05-05T07:31:29+00:00\",\"dateModified\":\"2026-03-25T18:29:51+00:00\",\"description\":\"Edan IM3 Vitalparameter-Monitor, 8\\\" Touchscreen, leicht und tragbar, misst SpO2, NIBP, Herzfrequenz und Temperatur f\u00fcr eine effektive \u00dcberwachung.\",\"breadcrumb\":{\"@id\":\"https:\\\/\\\/swixed.ch\\\/de\\\/produkt\\\/sed20001\\\/#breadcrumb\"},\"inLanguage\":\"de\",\"potentialAction\":[{\"@type\":\"ReadAction\",\"target\":[\"https:\\\/\\\/swixed.ch\\\/de\\\/produkt\\\/sed20001\\\/\"]}]},{\"@type\":\"ImageObject\",\"inLanguage\":\"de\",\"@id\":\"https:\\\/\\\/swixed.ch\\\/de\\\/produkt\\\/sed20001\\\/#primaryimage\",\"url\":\"https:\\\/\\\/swixed.ch\\\/wp-content\\\/uploads\\\/products\\\/edan-im3-03.png\",\"contentUrl\":\"https:\\\/\\\/swixed.ch\\\/wp-content\\\/uploads\\\/products\\\/edan-im3-03.png\",\"width\":600,\"height\":600,\"caption\":\"Edan IM3 Vitalzeichenmonitor\"},{\"@type\":\"BreadcrumbList\",\"@id\":\"https:\\\/\\\/swixed.ch\\\/de\\\/produkt\\\/sed20001\\\/#breadcrumb\",\"itemListElement\":[{\"@type\":\"ListItem\",\"position\":1,\"name\":\"Startseite\",\"item\":\"https:\\\/\\\/swixed.ch\\\/de\\\/home\\\/\"},{\"@type\":\"ListItem\",\"position\":2,\"name\":\"Shop\",\"item\":\"https:\\\/\\\/swixed.ch\\\/de\\\/shop\\\/\"},{\"@type\":\"ListItem\",\"position\":3,\"name\":\"Edan IM3 Vitalzeichenmonitor\"}]},{\"@type\":\"WebSite\",\"@id\":\"https:\\\/\\\/swixed.ch\\\/de\\\/#website\",\"url\":\"https:\\\/\\\/swixed.ch\\\/de\\\/\",\"name\":\"Swixed SA\",\"description\":\"Elektronische Ger\u00e4te\",\"publisher\":{\"@id\":\"https:\\\/\\\/swixed.ch\\\/de\\\/#organization\"},\"potentialAction\":[{\"@type\":\"SearchAction\",\"target\":{\"@type\":\"EntryPoint\",\"urlTemplate\":\"https:\\\/\\\/swixed.ch\\\/de\\\/?s={search_term_string}\"},\"query-input\":{\"@type\":\"PropertyValueSpecification\",\"valueRequired\":true,\"valueName\":\"search_term_string\"}}],\"inLanguage\":\"de\"},{\"@type\":\"Organization\",\"@id\":\"https:\\\/\\\/swixed.ch\\\/de\\\/#organization\",\"name\":\"Swixed SA\",\"url\":\"https:\\\/\\\/swixed.ch\\\/de\\\/\",\"logo\":{\"@type\":\"ImageObject\",\"inLanguage\":\"de\",\"@id\":\"https:\\\/\\\/swixed.ch\\\/de\\\/#\\\/schema\\\/logo\\\/image\\\/\",\"url\":\"https:\\\/\\\/swixed.ch\\\/wp-content\\\/uploads\\\/logos\\\/swixed-logo-lite.png\",\"contentUrl\":\"https:\\\/\\\/swixed.ch\\\/wp-content\\\/uploads\\\/logos\\\/swixed-logo-lite.png\",\"width\":696,\"height\":696,\"caption\":\"Swixed SA\"},\"image\":{\"@id\":\"https:\\\/\\\/swixed.ch\\\/de\\\/#\\\/schema\\\/logo\\\/image\\\/\"},\"sameAs\":[\"https:\\\/\\\/www.facebook.com\\\/swixed\",\"https:\\\/\\\/www.linkedin.com\\\/company\\\/swixed\",\"https:\\\/\\\/www.youtube.com\\\/@swixedsa\"],\"description\":\"Swixed SA est une entreprise suisse bas\u00e9e \u00e0 Gen\u00e8ve, sp\u00e9cialis\u00e9e dans la vente, la location et la maintenance d\u2019appareils m\u00e9dicaux professionnels, tels que d\u00e9fibrillateurs AED, \u00e9lectrocardiographes, moniteurs patient et dispositifs de diagnostic.\",\"email\":\"infoshop@swixed.ch\",\"telephone\":\"+41 22 566 11 95\",\"legalName\":\"Swixed SA\",\"foundingDate\":\"2021-03-01\",\"numberOfEmployees\":{\"@type\":\"QuantitativeValue\",\"minValue\":\"1\",\"maxValue\":\"10\"}}]}<\/script>\n<!-- \/ Yoast SEO Premium plugin. -->","yoast_head_json":{"title":"Edan IM3 Vitalzeichenmonitor | Swixed SA","description":"Edan IM3 Vitalparameter-Monitor, 8\" Touchscreen, leicht und tragbar, misst SpO2, NIBP, Herzfrequenz und Temperatur f\u00fcr eine effektive \u00dcberwachung.","robots":{"index":"index","follow":"follow","max-snippet":"max-snippet:-1","max-image-preview":"max-image-preview:large","max-video-preview":"max-video-preview:-1"},"canonical":"https:\/\/swixed.ch\/de\/produkt\/sed20001\/","og_locale":"de_DE","og_type":"article","og_title":"Edan IM3 Vitalzeichenmonitor","og_description":"Edan IM3 Vitalparameter-Monitor, 8\" Touchscreen, leicht und tragbar, misst SpO2, NIBP, Herzfrequenz und Temperatur f\u00fcr eine effektive \u00dcberwachung.","og_url":"https:\/\/swixed.ch\/de\/produkt\/sed20001\/","og_site_name":"Swixed SA","article_publisher":"https:\/\/www.facebook.com\/swixed","article_modified_time":"2026-03-25T18:29:51+00:00","og_image":[{"width":600,"height":600,"url":"https:\/\/swixed.ch\/wp-content\/uploads\/products\/edan-im3-03.png","type":"image\/png"}],"twitter_card":"summary_large_image","twitter_misc":{"Gesch\u00e4tzte Lesezeit":"2\u00a0Minuten"},"schema":{"@context":"https:\/\/schema.org","@graph":[{"@type":"WebPage","@id":"https:\/\/swixed.ch\/de\/produkt\/sed20001\/","url":"https:\/\/swixed.ch\/de\/produkt\/sed20001\/","name":"Edan IM3 Vitalzeichenmonitor | Swixed SA","isPartOf":{"@id":"https:\/\/swixed.ch\/de\/#website"},"primaryImageOfPage":{"@id":"https:\/\/swixed.ch\/de\/produkt\/sed20001\/#primaryimage"},"image":{"@id":"https:\/\/swixed.ch\/de\/produkt\/sed20001\/#primaryimage"},"thumbnailUrl":"https:\/\/swixed.ch\/wp-content\/uploads\/products\/edan-im3-03.png","datePublished":"2021-05-05T07:31:29+00:00","dateModified":"2026-03-25T18:29:51+00:00","description":"Edan IM3 Vitalparameter-Monitor, 8\" Touchscreen, leicht und tragbar, misst SpO2, NIBP, Herzfrequenz und Temperatur f\u00fcr eine effektive \u00dcberwachung.","breadcrumb":{"@id":"https:\/\/swixed.ch\/de\/produkt\/sed20001\/#breadcrumb"},"inLanguage":"de","potentialAction":[{"@type":"ReadAction","target":["https:\/\/swixed.ch\/de\/produkt\/sed20001\/"]}]},{"@type":"ImageObject","inLanguage":"de","@id":"https:\/\/swixed.ch\/de\/produkt\/sed20001\/#primaryimage","url":"https:\/\/swixed.ch\/wp-content\/uploads\/products\/edan-im3-03.png","contentUrl":"https:\/\/swixed.ch\/wp-content\/uploads\/products\/edan-im3-03.png","width":600,"height":600,"caption":"Edan IM3 Vitalzeichenmonitor"},{"@type":"BreadcrumbList","@id":"https:\/\/swixed.ch\/de\/produkt\/sed20001\/#breadcrumb","itemListElement":[{"@type":"ListItem","position":1,"name":"Startseite","item":"https:\/\/swixed.ch\/de\/home\/"},{"@type":"ListItem","position":2,"name":"Shop","item":"https:\/\/swixed.ch\/de\/shop\/"},{"@type":"ListItem","position":3,"name":"Edan IM3 Vitalzeichenmonitor"}]},{"@type":"WebSite","@id":"https:\/\/swixed.ch\/de\/#website","url":"https:\/\/swixed.ch\/de\/","name":"Swixed SA","description":"Elektronische Ger\u00e4te","publisher":{"@id":"https:\/\/swixed.ch\/de\/#organization"},"potentialAction":[{"@type":"SearchAction","target":{"@type":"EntryPoint","urlTemplate":"https:\/\/swixed.ch\/de\/?s={search_term_string}"},"query-input":{"@type":"PropertyValueSpecification","valueRequired":true,"valueName":"search_term_string"}}],"inLanguage":"de"},{"@type":"Organization","@id":"https:\/\/swixed.ch\/de\/#organization","name":"Swixed SA","url":"https:\/\/swixed.ch\/de\/","logo":{"@type":"ImageObject","inLanguage":"de","@id":"https:\/\/swixed.ch\/de\/#\/schema\/logo\/image\/","url":"https:\/\/swixed.ch\/wp-content\/uploads\/logos\/swixed-logo-lite.png","contentUrl":"https:\/\/swixed.ch\/wp-content\/uploads\/logos\/swixed-logo-lite.png","width":696,"height":696,"caption":"Swixed SA"},"image":{"@id":"https:\/\/swixed.ch\/de\/#\/schema\/logo\/image\/"},"sameAs":["https:\/\/www.facebook.com\/swixed","https:\/\/www.linkedin.com\/company\/swixed","https:\/\/www.youtube.com\/@swixedsa"],"description":"Swixed SA est une entreprise suisse bas\u00e9e \u00e0 Gen\u00e8ve, sp\u00e9cialis\u00e9e dans la vente, la location et la maintenance d\u2019appareils m\u00e9dicaux professionnels, tels que d\u00e9fibrillateurs AED, \u00e9lectrocardiographes, moniteurs patient et dispositifs de diagnostic.","email":"infoshop@swixed.ch","telephone":"+41 22 566 11 95","legalName":"Swixed SA","foundingDate":"2021-03-01","numberOfEmployees":{"@type":"QuantitativeValue","minValue":"1","maxValue":"10"}}]}},"_links":{"self":[{"href":"https:\/\/swixed.ch\/de\/wp-json\/wp\/v2\/product\/34322","targetHints":{"allow":["GET"]}}],"collection":[{"href":"https:\/\/swixed.ch\/de\/wp-json\/wp\/v2\/product"}],"about":[{"href":"https:\/\/swixed.ch\/de\/wp-json\/wp\/v2\/types\/product"}],"version-history":[{"count":0,"href":"https:\/\/swixed.ch\/de\/wp-json\/wp\/v2\/product\/34322\/revisions"}],"wp:featuredmedia":[{"embeddable":true,"href":"https:\/\/swixed.ch\/de\/wp-json\/wp\/v2\/media\/27359"}],"wp:attachment":[{"href":"https:\/\/swixed.ch\/de\/wp-json\/wp\/v2\/media?parent=34322"}],"wp:term":[{"taxonomy":"product_brand","embeddable":true,"href":"https:\/\/swixed.ch\/de\/wp-json\/wp\/v2\/product_brand?post=34322"},{"taxonomy":"product_cat","embeddable":true,"href":"https:\/\/swixed.ch\/de\/wp-json\/wp\/v2\/product_cat?post=34322"},{"taxonomy":"product_tag","embeddable":true,"href":"https:\/\/swixed.ch\/de\/wp-json\/wp\/v2\/product_tag?post=34322"}],"curies":[{"name":"wp","href":"https:\/\/api.w.org\/{rel}","templated":true}]}}