{"id":34336,"date":"2021-05-04T10:17:16","date_gmt":"2021-05-04T08:17:16","guid":{"rendered":"https:\/\/swixed.com\/produit\/heine-mini-3000-25v-fiber-optik-otoskop\/"},"modified":"2025-12-28T20:58:33","modified_gmt":"2025-12-28T19:58:33","slug":"sed80001","status":"publish","type":"product","link":"https:\/\/swixed.ch\/de\/produkt\/sed80001\/","title":{"rendered":"Heine Mini 3000 &#8211; Otoskop mit 2,5 V Glasfaseroptik"},"content":{"rendered":"\t\t<div data-elementor-type=\"product-post\" data-elementor-id=\"34336\" class=\"elementor elementor-34336 elementor-3915\" data-elementor-post-type=\"product\">\n\t\t\t\t\t\t<section class=\"elementor-section elementor-top-section elementor-element elementor-element-834d306 elementor-section-boxed elementor-section-height-default elementor-section-height-default\" data-id=\"834d306\" data-element_type=\"section\" data-e-type=\"section\">\n\t\t\t\t\t\t<div class=\"elementor-container elementor-column-gap-default\">\n\t\t\t\t\t<div class=\"elementor-column elementor-col-100 elementor-top-column elementor-element elementor-element-085465e\" data-id=\"085465e\" data-element_type=\"column\" data-e-type=\"column\">\n\t\t\t<div class=\"elementor-widget-wrap elementor-element-populated\">\n\t\t\t\t\t\t<div class=\"elementor-element elementor-element-0684e71 elementor-widget elementor-widget-heading\" data-id=\"0684e71\" data-element_type=\"widget\" data-e-type=\"widget\" data-widget_type=\"heading.default\">\n\t\t\t\t\t<h2 class=\"elementor-heading-title elementor-size-default\">Beschreibung<\/h2>\t\t\t\t<\/div>\n\t\t\t\t\t<\/div>\n\t\t<\/div>\n\t\t\t\t\t<\/div>\n\t\t<\/section>\n\t\t\t\t<section class=\"elementor-section elementor-top-section elementor-element elementor-element-c0f3979 elementor-section-boxed elementor-section-height-default elementor-section-height-default\" data-id=\"c0f3979\" data-element_type=\"section\" data-e-type=\"section\">\n\t\t\t\t\t\t<div class=\"elementor-container elementor-column-gap-default\">\n\t\t\t\t\t<div class=\"elementor-column elementor-col-100 elementor-top-column elementor-element elementor-element-6e68e75\" data-id=\"6e68e75\" data-element_type=\"column\" data-e-type=\"column\">\n\t\t\t<div class=\"elementor-widget-wrap elementor-element-populated\">\n\t\t\t\t\t\t<div class=\"elementor-element elementor-element-3376bb3 elementor-widget elementor-widget-text-editor\" data-id=\"3376bb3\" data-element_type=\"widget\" data-e-type=\"widget\" data-widget_type=\"text-editor.default\">\n\t\t\t\t\t\t\t\t\t<p>Das<strong> HEINE Mini 3000 Fiber Optik<\/strong> Otoskop ist ein kompaktes Taschen-Otoskop mit modernem Design und hoher Qualit\u00e4t. Wie alle Instrumente der neuen Mini 3000 Serie von Heine verf\u00fcgt es \u00fcber innovative Funktionen wie die automatische Abschaltung der Stromversorgung und eine h\u00f6here Stabilit\u00e4t der internen Komponenten des Instruments. <br>Sein Sichtfenster erm\u00f6glicht eine <strong>3-fache Vergr\u00f6\u00dferung<\/strong> ohne Bildverzerrung. <br>Das Ger\u00e4t wird mit zwei 1,5 V AA-Batterien betrieben.<br>Praktisch! Der Befestigungsclip mit integriertem Schalter schaltet das Otoskop automatisch aus, wenn es wieder in die Tasche gesteckt wird.<\/p><p><strong>LED-Option<\/strong><br>Das mini 3000 F.O. LED-Otoskop bietet eine reflexions- und blendfreie Beleuchtung, die doppelt so hell ist wie die von Instrumenten mit Halogenbeleuchtung. Au\u00dferdem bietet es eine hervorragende Farbwiedergabe und erm\u00f6glicht eine sehr genaue Diagnose.<\/p><p>Das Heine Mini 3000 FO 2.5V Otoskop und seine LED-Variante werden mit einem Batteriegriff, 4 wiederverwendbaren Spekula (2,4 mm, 3 mm, 4 mm, 5 mm), 10 Einwegspekula 2,5 und 4 mm ( je 5 ) und 2 Batterien vom Typ AA geliefert.<\/p><p>Ein <strong>Hartschalenkoffer zur Aufbewahrung<\/strong> ist optional erh\u00e4ltlich.<\/p>\t\t\t\t\t\t\t\t<\/div>\n\t\t\t\t\t<\/div>\n\t\t<\/div>\n\t\t\t\t\t<\/div>\n\t\t<\/section>\n\t\t\t\t<\/div>\n\t\t","protected":false},"excerpt":{"rendered":"<p>Kompaktes Otoskop der Serie Heine Mini 3000 mit Glasfaserbeleuchtung und automatischer Abschaltung. Robustes Geh\u00e4use mit integriertem Clip-Schalter. Betrieb mit zwei AA-Batterien (1,5 V). CE-zertifiziert, entspricht den Herstellerspezifikationen.   <\/p>\n","protected":false},"featured_media":28719,"template":"","meta":{"_acf_changed":false},"product_brand":[2147],"product_cat":[1364,1391],"product_tag":[1017,1392,1014,1375,1393],"class_list":{"0":"post-34336","1":"product","2":"type-product","3":"status-publish","4":"has-post-thumbnail","6":"product_brand-heine-de","7":"product_cat-otoskope","8":"product_cat-geraete-otoskope","9":"product_tag-allgemeinmedizin","10":"product_tag-auditiv","11":"product_tag-diagnose","12":"product_tag-orl-de","13":"product_tag-speculum-de","15":"first","16":"instock","17":"taxable","18":"shipping-taxable","19":"purchasable","20":"product-type-variable","21":"has-default-attributes"},"acf":[],"yoast_head":"<!-- This site is optimized with the Yoast SEO Premium plugin v27.4 (Yoast SEO v27.4) - https:\/\/yoast.com\/product\/yoast-seo-premium-wordpress\/ -->\n<title>Heine Mini 3000 - Otoskop mit 2,5 V Glasfaseroptik | Swixed SA<\/title>\n<meta name=\"description\" content=\"Kompaktes Taschen-Otoskop mit modernem Design und hoher Qualit\u00e4t. Automatische Abschaltung der Stromversorgung und hohe Stabilit\u00e4t der Komponenten\" \/>\n<meta name=\"robots\" content=\"index, follow, max-snippet:-1, max-image-preview:large, max-video-preview:-1\" \/>\n<link rel=\"canonical\" href=\"https:\/\/swixed.ch\/de\/produkt\/sed80001\/\" \/>\n<meta property=\"og:locale\" content=\"de_DE\" \/>\n<meta property=\"og:type\" content=\"article\" \/>\n<meta property=\"og:title\" content=\"Heine Mini 3000 - Otoskop mit 2,5 V Glasfaseroptik\" \/>\n<meta property=\"og:description\" content=\"Kompaktes Taschen-Otoskop mit modernem Design und hoher Qualit\u00e4t. Automatische Abschaltung der Stromversorgung und hohe Stabilit\u00e4t der Komponenten\" \/>\n<meta property=\"og:url\" content=\"https:\/\/swixed.ch\/de\/produkt\/sed80001\/\" \/>\n<meta property=\"og:site_name\" content=\"Swixed SA\" \/>\n<meta property=\"article:publisher\" content=\"https:\/\/www.facebook.com\/swixed\" \/>\n<meta property=\"article:modified_time\" content=\"2025-12-28T19:58:33+00:00\" \/>\n<meta property=\"og:image\" content=\"https:\/\/swixed.ch\/wp-content\/uploads\/products\/heine-mini-3000-otoscope-01a.png\" \/>\n\t<meta property=\"og:image:width\" content=\"600\" \/>\n\t<meta property=\"og:image:height\" content=\"600\" \/>\n\t<meta property=\"og:image:type\" content=\"image\/png\" \/>\n<meta name=\"twitter:card\" content=\"summary_large_image\" \/>\n<meta name=\"twitter:label1\" content=\"Gesch\u00e4tzte Lesezeit\" \/>\n\t<meta name=\"twitter:data1\" content=\"1\u00a0Minute\" \/>\n<script type=\"application\/ld+json\" class=\"yoast-schema-graph\">{\"@context\":\"https:\\\/\\\/schema.org\",\"@graph\":[{\"@type\":\"WebPage\",\"@id\":\"https:\\\/\\\/swixed.ch\\\/de\\\/produkt\\\/sed80001\\\/\",\"url\":\"https:\\\/\\\/swixed.ch\\\/de\\\/produkt\\\/sed80001\\\/\",\"name\":\"Heine Mini 3000 - Otoskop mit 2,5 V Glasfaseroptik | Swixed SA\",\"isPartOf\":{\"@id\":\"https:\\\/\\\/swixed.ch\\\/de\\\/#website\"},\"primaryImageOfPage\":{\"@id\":\"https:\\\/\\\/swixed.ch\\\/de\\\/produkt\\\/sed80001\\\/#primaryimage\"},\"image\":{\"@id\":\"https:\\\/\\\/swixed.ch\\\/de\\\/produkt\\\/sed80001\\\/#primaryimage\"},\"thumbnailUrl\":\"https:\\\/\\\/swixed.ch\\\/wp-content\\\/uploads\\\/products\\\/heine-mini-3000-otoscope-01a.png\",\"datePublished\":\"2021-05-04T08:17:16+00:00\",\"dateModified\":\"2025-12-28T19:58:33+00:00\",\"description\":\"Kompaktes Taschen-Otoskop mit modernem Design und hoher Qualit\u00e4t. Automatische Abschaltung der Stromversorgung und hohe Stabilit\u00e4t der Komponenten\",\"breadcrumb\":{\"@id\":\"https:\\\/\\\/swixed.ch\\\/de\\\/produkt\\\/sed80001\\\/#breadcrumb\"},\"inLanguage\":\"de\",\"potentialAction\":[{\"@type\":\"ReadAction\",\"target\":[\"https:\\\/\\\/swixed.ch\\\/de\\\/produkt\\\/sed80001\\\/\"]}]},{\"@type\":\"ImageObject\",\"inLanguage\":\"de\",\"@id\":\"https:\\\/\\\/swixed.ch\\\/de\\\/produkt\\\/sed80001\\\/#primaryimage\",\"url\":\"https:\\\/\\\/swixed.ch\\\/wp-content\\\/uploads\\\/products\\\/heine-mini-3000-otoscope-01a.png\",\"contentUrl\":\"https:\\\/\\\/swixed.ch\\\/wp-content\\\/uploads\\\/products\\\/heine-mini-3000-otoscope-01a.png\",\"width\":600,\"height\":600,\"caption\":\"heine-mini-3000-otoscope-01a\"},{\"@type\":\"BreadcrumbList\",\"@id\":\"https:\\\/\\\/swixed.ch\\\/de\\\/produkt\\\/sed80001\\\/#breadcrumb\",\"itemListElement\":[{\"@type\":\"ListItem\",\"position\":1,\"name\":\"Startseite\",\"item\":\"https:\\\/\\\/swixed.ch\\\/de\\\/home\\\/\"},{\"@type\":\"ListItem\",\"position\":2,\"name\":\"Shop\",\"item\":\"https:\\\/\\\/swixed.ch\\\/de\\\/shop\\\/\"},{\"@type\":\"ListItem\",\"position\":3,\"name\":\"Heine Mini 3000 &#8211; Otoskop mit 2,5 V Glasfaseroptik\"}]},{\"@type\":\"WebSite\",\"@id\":\"https:\\\/\\\/swixed.ch\\\/de\\\/#website\",\"url\":\"https:\\\/\\\/swixed.ch\\\/de\\\/\",\"name\":\"Swixed SA\",\"description\":\"Elektronische Ger\u00e4te\",\"publisher\":{\"@id\":\"https:\\\/\\\/swixed.ch\\\/de\\\/#organization\"},\"potentialAction\":[{\"@type\":\"SearchAction\",\"target\":{\"@type\":\"EntryPoint\",\"urlTemplate\":\"https:\\\/\\\/swixed.ch\\\/de\\\/?s={search_term_string}\"},\"query-input\":{\"@type\":\"PropertyValueSpecification\",\"valueRequired\":true,\"valueName\":\"search_term_string\"}}],\"inLanguage\":\"de\"},{\"@type\":\"Organization\",\"@id\":\"https:\\\/\\\/swixed.ch\\\/de\\\/#organization\",\"name\":\"Swixed SA\",\"url\":\"https:\\\/\\\/swixed.ch\\\/de\\\/\",\"logo\":{\"@type\":\"ImageObject\",\"inLanguage\":\"de\",\"@id\":\"https:\\\/\\\/swixed.ch\\\/de\\\/#\\\/schema\\\/logo\\\/image\\\/\",\"url\":\"https:\\\/\\\/swixed.ch\\\/wp-content\\\/uploads\\\/logos\\\/swixed-logo-lite.png\",\"contentUrl\":\"https:\\\/\\\/swixed.ch\\\/wp-content\\\/uploads\\\/logos\\\/swixed-logo-lite.png\",\"width\":696,\"height\":696,\"caption\":\"Swixed SA\"},\"image\":{\"@id\":\"https:\\\/\\\/swixed.ch\\\/de\\\/#\\\/schema\\\/logo\\\/image\\\/\"},\"sameAs\":[\"https:\\\/\\\/www.facebook.com\\\/swixed\",\"https:\\\/\\\/www.linkedin.com\\\/company\\\/swixed\",\"https:\\\/\\\/www.youtube.com\\\/@swixedsa\"],\"description\":\"Swixed SA est une entreprise suisse bas\u00e9e \u00e0 Gen\u00e8ve, sp\u00e9cialis\u00e9e dans la vente, la location et la maintenance d\u2019appareils m\u00e9dicaux professionnels, tels que d\u00e9fibrillateurs AED, \u00e9lectrocardiographes, moniteurs patient et dispositifs de diagnostic.\",\"email\":\"infoshop@swixed.ch\",\"telephone\":\"+41 22 566 11 95\",\"legalName\":\"Swixed SA\",\"foundingDate\":\"2021-03-01\",\"numberOfEmployees\":{\"@type\":\"QuantitativeValue\",\"minValue\":\"1\",\"maxValue\":\"10\"}}]}<\/script>\n<!-- \/ Yoast SEO Premium plugin. -->","yoast_head_json":{"title":"Heine Mini 3000 - Otoskop mit 2,5 V Glasfaseroptik | Swixed SA","description":"Kompaktes Taschen-Otoskop mit modernem Design und hoher Qualit\u00e4t. Automatische Abschaltung der Stromversorgung und hohe Stabilit\u00e4t der Komponenten","robots":{"index":"index","follow":"follow","max-snippet":"max-snippet:-1","max-image-preview":"max-image-preview:large","max-video-preview":"max-video-preview:-1"},"canonical":"https:\/\/swixed.ch\/de\/produkt\/sed80001\/","og_locale":"de_DE","og_type":"article","og_title":"Heine Mini 3000 - Otoskop mit 2,5 V Glasfaseroptik","og_description":"Kompaktes Taschen-Otoskop mit modernem Design und hoher Qualit\u00e4t. Automatische Abschaltung der Stromversorgung und hohe Stabilit\u00e4t der Komponenten","og_url":"https:\/\/swixed.ch\/de\/produkt\/sed80001\/","og_site_name":"Swixed SA","article_publisher":"https:\/\/www.facebook.com\/swixed","article_modified_time":"2025-12-28T19:58:33+00:00","og_image":[{"width":600,"height":600,"url":"https:\/\/swixed.ch\/wp-content\/uploads\/products\/heine-mini-3000-otoscope-01a.png","type":"image\/png"}],"twitter_card":"summary_large_image","twitter_misc":{"Gesch\u00e4tzte Lesezeit":"1\u00a0Minute"},"schema":{"@context":"https:\/\/schema.org","@graph":[{"@type":"WebPage","@id":"https:\/\/swixed.ch\/de\/produkt\/sed80001\/","url":"https:\/\/swixed.ch\/de\/produkt\/sed80001\/","name":"Heine Mini 3000 - Otoskop mit 2,5 V Glasfaseroptik | Swixed SA","isPartOf":{"@id":"https:\/\/swixed.ch\/de\/#website"},"primaryImageOfPage":{"@id":"https:\/\/swixed.ch\/de\/produkt\/sed80001\/#primaryimage"},"image":{"@id":"https:\/\/swixed.ch\/de\/produkt\/sed80001\/#primaryimage"},"thumbnailUrl":"https:\/\/swixed.ch\/wp-content\/uploads\/products\/heine-mini-3000-otoscope-01a.png","datePublished":"2021-05-04T08:17:16+00:00","dateModified":"2025-12-28T19:58:33+00:00","description":"Kompaktes Taschen-Otoskop mit modernem Design und hoher Qualit\u00e4t. Automatische Abschaltung der Stromversorgung und hohe Stabilit\u00e4t der Komponenten","breadcrumb":{"@id":"https:\/\/swixed.ch\/de\/produkt\/sed80001\/#breadcrumb"},"inLanguage":"de","potentialAction":[{"@type":"ReadAction","target":["https:\/\/swixed.ch\/de\/produkt\/sed80001\/"]}]},{"@type":"ImageObject","inLanguage":"de","@id":"https:\/\/swixed.ch\/de\/produkt\/sed80001\/#primaryimage","url":"https:\/\/swixed.ch\/wp-content\/uploads\/products\/heine-mini-3000-otoscope-01a.png","contentUrl":"https:\/\/swixed.ch\/wp-content\/uploads\/products\/heine-mini-3000-otoscope-01a.png","width":600,"height":600,"caption":"heine-mini-3000-otoscope-01a"},{"@type":"BreadcrumbList","@id":"https:\/\/swixed.ch\/de\/produkt\/sed80001\/#breadcrumb","itemListElement":[{"@type":"ListItem","position":1,"name":"Startseite","item":"https:\/\/swixed.ch\/de\/home\/"},{"@type":"ListItem","position":2,"name":"Shop","item":"https:\/\/swixed.ch\/de\/shop\/"},{"@type":"ListItem","position":3,"name":"Heine Mini 3000 &#8211; Otoskop mit 2,5 V Glasfaseroptik"}]},{"@type":"WebSite","@id":"https:\/\/swixed.ch\/de\/#website","url":"https:\/\/swixed.ch\/de\/","name":"Swixed SA","description":"Elektronische Ger\u00e4te","publisher":{"@id":"https:\/\/swixed.ch\/de\/#organization"},"potentialAction":[{"@type":"SearchAction","target":{"@type":"EntryPoint","urlTemplate":"https:\/\/swixed.ch\/de\/?s={search_term_string}"},"query-input":{"@type":"PropertyValueSpecification","valueRequired":true,"valueName":"search_term_string"}}],"inLanguage":"de"},{"@type":"Organization","@id":"https:\/\/swixed.ch\/de\/#organization","name":"Swixed SA","url":"https:\/\/swixed.ch\/de\/","logo":{"@type":"ImageObject","inLanguage":"de","@id":"https:\/\/swixed.ch\/de\/#\/schema\/logo\/image\/","url":"https:\/\/swixed.ch\/wp-content\/uploads\/logos\/swixed-logo-lite.png","contentUrl":"https:\/\/swixed.ch\/wp-content\/uploads\/logos\/swixed-logo-lite.png","width":696,"height":696,"caption":"Swixed SA"},"image":{"@id":"https:\/\/swixed.ch\/de\/#\/schema\/logo\/image\/"},"sameAs":["https:\/\/www.facebook.com\/swixed","https:\/\/www.linkedin.com\/company\/swixed","https:\/\/www.youtube.com\/@swixedsa"],"description":"Swixed SA est une entreprise suisse bas\u00e9e \u00e0 Gen\u00e8ve, sp\u00e9cialis\u00e9e dans la vente, la location et la maintenance d\u2019appareils m\u00e9dicaux professionnels, tels que d\u00e9fibrillateurs AED, \u00e9lectrocardiographes, moniteurs patient et dispositifs de diagnostic.","email":"infoshop@swixed.ch","telephone":"+41 22 566 11 95","legalName":"Swixed SA","foundingDate":"2021-03-01","numberOfEmployees":{"@type":"QuantitativeValue","minValue":"1","maxValue":"10"}}]}},"_links":{"self":[{"href":"https:\/\/swixed.ch\/de\/wp-json\/wp\/v2\/product\/34336","targetHints":{"allow":["GET"]}}],"collection":[{"href":"https:\/\/swixed.ch\/de\/wp-json\/wp\/v2\/product"}],"about":[{"href":"https:\/\/swixed.ch\/de\/wp-json\/wp\/v2\/types\/product"}],"version-history":[{"count":0,"href":"https:\/\/swixed.ch\/de\/wp-json\/wp\/v2\/product\/34336\/revisions"}],"wp:featuredmedia":[{"embeddable":true,"href":"https:\/\/swixed.ch\/de\/wp-json\/wp\/v2\/media\/28719"}],"wp:attachment":[{"href":"https:\/\/swixed.ch\/de\/wp-json\/wp\/v2\/media?parent=34336"}],"wp:term":[{"taxonomy":"product_brand","embeddable":true,"href":"https:\/\/swixed.ch\/de\/wp-json\/wp\/v2\/product_brand?post=34336"},{"taxonomy":"product_cat","embeddable":true,"href":"https:\/\/swixed.ch\/de\/wp-json\/wp\/v2\/product_cat?post=34336"},{"taxonomy":"product_tag","embeddable":true,"href":"https:\/\/swixed.ch\/de\/wp-json\/wp\/v2\/product_tag?post=34336"}],"curies":[{"name":"wp","href":"https:\/\/api.w.org\/{rel}","templated":true}]}}