{"id":34376,"date":"2021-05-05T15:37:25","date_gmt":"2021-05-05T14:37:25","guid":{"rendered":"https:\/\/swixed.com\/produit\/rollstativ-fuer-edan-mt-206-monitore\/"},"modified":"2026-04-19T16:59:53","modified_gmt":"2026-04-19T15:59:53","slug":"sed22003","status":"publish","type":"product","link":"https:\/\/swixed.ch\/de\/produkt\/sed22003\/","title":{"rendered":"Edan MT-206 Rollst\u00e4nder f\u00fcr Multiparameter-Monitore"},"content":{"rendered":"\t\t<div data-elementor-type=\"product-post\" data-elementor-id=\"34376\" class=\"elementor elementor-34376 elementor-4025\" data-elementor-post-type=\"product\">\n\t\t\t\t\t\t<section class=\"elementor-section elementor-top-section elementor-element elementor-element-566dfe8 elementor-section-full_width elementor-section-height-default elementor-section-height-default\" data-id=\"566dfe8\" data-element_type=\"section\" data-e-type=\"section\">\n\t\t\t\t\t\t<div class=\"elementor-container elementor-column-gap-default\">\n\t\t\t\t\t<div class=\"elementor-column elementor-col-100 elementor-top-column elementor-element elementor-element-2c4618e\" data-id=\"2c4618e\" data-element_type=\"column\" data-e-type=\"column\">\n\t\t\t<div class=\"elementor-widget-wrap elementor-element-populated\">\n\t\t\t\t\t\t<div class=\"elementor-element elementor-element-57fea7d elementor-widget elementor-widget-heading\" data-id=\"57fea7d\" data-element_type=\"widget\" data-e-type=\"widget\" data-widget_type=\"heading.default\">\n\t\t\t\t\t<h2 class=\"elementor-heading-title elementor-size-default\">Beschreibung<\/h2>\t\t\t\t<\/div>\n\t\t\t\t<div class=\"elementor-element elementor-element-e0a279c elementor-widget elementor-widget-text-editor\" data-id=\"e0a279c\" data-element_type=\"widget\" data-e-type=\"widget\" data-widget_type=\"text-editor.default\">\n\t\t\t\t\t\t\t\t\t<p>Das EDAN MT-206 Rollstativ ist mit den Vitalzeichenmonitoren <strong>Edan IM3 \/ IM8 \/ IM50 \/ IM60 \/ IM70, Edan M3A, Edan X8 \/ X10 \/ X12<\/strong> kompatibel.<\/p><p>Dank seiner 5 R\u00e4der ist der MT-201 Wagen \u00e4u\u00dferst stabil. Zwei der f\u00fcnf R\u00e4der haben eine Bremse, um das Ger\u00e4t zu stabilisieren, wenn es steht. Er verf\u00fcgt \u00fcber zwei K\u00f6rbe f\u00fcr die Aufbewahrung von medizinischen Ger\u00e4ten und kann in der H\u00f6he zwischen 90 und 109 cm verstellt werden.<\/p><p>Der Wagen MT-206 ist ideal f\u00fcr Kliniken, Labore, medizinische Zentren und Praxen.<\/p>\t\t\t\t\t\t\t\t<\/div>\n\t\t\t\t\t<\/div>\n\t\t<\/div>\n\t\t\t\t\t<\/div>\n\t\t<\/section>\n\t\t\t\t<section class=\"elementor-section elementor-top-section elementor-element elementor-element-c079a73 elementor-section-full_width elementor-section-height-default elementor-section-height-default\" data-id=\"c079a73\" data-element_type=\"section\" data-e-type=\"section\">\n\t\t\t\t\t\t<div class=\"elementor-container elementor-column-gap-default\">\n\t\t\t\t\t<div class=\"elementor-column elementor-col-100 elementor-top-column elementor-element elementor-element-233abf8\" data-id=\"233abf8\" data-element_type=\"column\" data-e-type=\"column\">\n\t\t\t<div class=\"elementor-widget-wrap elementor-element-populated\">\n\t\t\t\t\t\t\t<\/div>\n\t\t<\/div>\n\t\t\t\t\t<\/div>\n\t\t<\/section>\n\t\t\t\t<\/div>\n\t\t","protected":false},"excerpt":{"rendered":"<p>Der Edan MT-206 ist ein mobiler Rollst\u00e4nder f\u00fcr Multiparameter-Monitore der Serien Edan IM3, IM8, IM50, IM60, IM70, M3A, X8, X10 und X12. Ausgestattet mit f\u00fcnf Rollen \u2013 zwei davon mit Feststellbremse \u2013 bietet er eine hohe Stabilit\u00e4t im Stand. Die H\u00f6he ist von 90 bis 109 cm einstellbar. Zwei integrierte K\u00f6rbe erm\u00f6glichen die Aufbewahrung von Zubeh\u00f6r oder Kabeln. Robuste Konstruktion, CE-konform und ideal f\u00fcr professionelle Anwendungen mit kompatiblen Edan-Ger\u00e4ten.    <\/p>\n","protected":false},"featured_media":27647,"template":"","meta":{"_acf_changed":false},"product_brand":[2085],"product_cat":[970,1203],"product_tag":[1327,998,1311,1216,1313],"class_list":{"0":"post-34376","1":"product","2":"type-product","3":"status-publish","4":"has-post-thumbnail","6":"product_brand-edan-de","7":"product_cat-patientenmonitore","8":"product_cat-zubehor-patientenmonitore","9":"product_tag-mobil","10":"product_tag-monitoring-de","11":"product_tag-stativ","12":"product_tag-transport-de","13":"product_tag-trolley-de","15":"first","16":"instock","17":"taxable","18":"shipping-taxable","19":"purchasable","20":"product-type-simple"},"acf":[],"yoast_head":"<!-- This site is optimized with the Yoast SEO Premium plugin v27.4 (Yoast SEO v27.4) - https:\/\/yoast.com\/product\/yoast-seo-premium-wordpress\/ -->\n<title>Edan MT-206 Rollst\u00e4nder f\u00fcr Multiparameter-Monitore | Swixed SA<\/title>\n<meta name=\"description\" content=\"Monitorhalterung kompatibel mit den Vitalzeichenmonitoren Edan IM3 \/ IM8 \/ IM50 \/ IM60 \/ IM70, Edan M3A, Edan X8 \/ X10 \/ X12.\" \/>\n<meta name=\"robots\" content=\"index, follow, max-snippet:-1, max-image-preview:large, max-video-preview:-1\" \/>\n<link rel=\"canonical\" href=\"https:\/\/swixed.ch\/de\/produkt\/sed22003\/\" \/>\n<meta property=\"og:locale\" content=\"de_DE\" \/>\n<meta property=\"og:type\" content=\"article\" \/>\n<meta property=\"og:title\" content=\"Edan MT-206 Rollst\u00e4nder f\u00fcr Multiparameter-Monitore\" \/>\n<meta property=\"og:description\" content=\"Monitorhalterung kompatibel mit den Vitalzeichenmonitoren Edan IM3 \/ IM8 \/ IM50 \/ IM60 \/ IM70, Edan M3A, Edan X8 \/ X10 \/ X12.\" \/>\n<meta property=\"og:url\" content=\"https:\/\/swixed.ch\/de\/produkt\/sed22003\/\" \/>\n<meta property=\"og:site_name\" content=\"Swixed SA\" \/>\n<meta property=\"article:publisher\" content=\"https:\/\/www.facebook.com\/swixed\" \/>\n<meta property=\"article:modified_time\" content=\"2026-04-19T15:59:53+00:00\" \/>\n<meta property=\"og:image\" content=\"https:\/\/swixed.ch\/wp-content\/uploads\/products\/edan-mt-206-rolling-stand-01.png\" \/>\n\t<meta property=\"og:image:width\" content=\"600\" \/>\n\t<meta property=\"og:image:height\" content=\"600\" \/>\n\t<meta property=\"og:image:type\" content=\"image\/png\" \/>\n<meta name=\"twitter:card\" content=\"summary_large_image\" \/>\n<script type=\"application\/ld+json\" class=\"yoast-schema-graph\">{\"@context\":\"https:\\\/\\\/schema.org\",\"@graph\":[{\"@type\":\"WebPage\",\"@id\":\"https:\\\/\\\/swixed.ch\\\/de\\\/produkt\\\/sed22003\\\/\",\"url\":\"https:\\\/\\\/swixed.ch\\\/de\\\/produkt\\\/sed22003\\\/\",\"name\":\"Edan MT-206 Rollst\u00e4nder f\u00fcr Multiparameter-Monitore | Swixed SA\",\"isPartOf\":{\"@id\":\"https:\\\/\\\/swixed.ch\\\/de\\\/#website\"},\"primaryImageOfPage\":{\"@id\":\"https:\\\/\\\/swixed.ch\\\/de\\\/produkt\\\/sed22003\\\/#primaryimage\"},\"image\":{\"@id\":\"https:\\\/\\\/swixed.ch\\\/de\\\/produkt\\\/sed22003\\\/#primaryimage\"},\"thumbnailUrl\":\"https:\\\/\\\/swixed.ch\\\/wp-content\\\/uploads\\\/products\\\/edan-mt-206-rolling-stand-01.png\",\"datePublished\":\"2021-05-05T14:37:25+00:00\",\"dateModified\":\"2026-04-19T15:59:53+00:00\",\"description\":\"Monitorhalterung kompatibel mit den Vitalzeichenmonitoren Edan IM3 \\\/ IM8 \\\/ IM50 \\\/ IM60 \\\/ IM70, Edan M3A, Edan X8 \\\/ X10 \\\/ X12.\",\"breadcrumb\":{\"@id\":\"https:\\\/\\\/swixed.ch\\\/de\\\/produkt\\\/sed22003\\\/#breadcrumb\"},\"inLanguage\":\"de\",\"potentialAction\":[{\"@type\":\"ReadAction\",\"target\":[\"https:\\\/\\\/swixed.ch\\\/de\\\/produkt\\\/sed22003\\\/\"]}]},{\"@type\":\"ImageObject\",\"inLanguage\":\"de\",\"@id\":\"https:\\\/\\\/swixed.ch\\\/de\\\/produkt\\\/sed22003\\\/#primaryimage\",\"url\":\"https:\\\/\\\/swixed.ch\\\/wp-content\\\/uploads\\\/products\\\/edan-mt-206-rolling-stand-01.png\",\"contentUrl\":\"https:\\\/\\\/swixed.ch\\\/wp-content\\\/uploads\\\/products\\\/edan-mt-206-rolling-stand-01.png\",\"width\":600,\"height\":600,\"caption\":\"edan-mt-206-rolling-stand-01\"},{\"@type\":\"BreadcrumbList\",\"@id\":\"https:\\\/\\\/swixed.ch\\\/de\\\/produkt\\\/sed22003\\\/#breadcrumb\",\"itemListElement\":[{\"@type\":\"ListItem\",\"position\":1,\"name\":\"Startseite\",\"item\":\"https:\\\/\\\/swixed.ch\\\/de\\\/home\\\/\"},{\"@type\":\"ListItem\",\"position\":2,\"name\":\"Shop\",\"item\":\"https:\\\/\\\/swixed.ch\\\/de\\\/shop\\\/\"},{\"@type\":\"ListItem\",\"position\":3,\"name\":\"Edan MT-206 Rollst\u00e4nder f\u00fcr Multiparameter-Monitore\"}]},{\"@type\":\"WebSite\",\"@id\":\"https:\\\/\\\/swixed.ch\\\/de\\\/#website\",\"url\":\"https:\\\/\\\/swixed.ch\\\/de\\\/\",\"name\":\"Swixed SA\",\"description\":\"Elektronische Ger\u00e4te\",\"publisher\":{\"@id\":\"https:\\\/\\\/swixed.ch\\\/de\\\/#organization\"},\"potentialAction\":[{\"@type\":\"SearchAction\",\"target\":{\"@type\":\"EntryPoint\",\"urlTemplate\":\"https:\\\/\\\/swixed.ch\\\/de\\\/?s={search_term_string}\"},\"query-input\":{\"@type\":\"PropertyValueSpecification\",\"valueRequired\":true,\"valueName\":\"search_term_string\"}}],\"inLanguage\":\"de\"},{\"@type\":\"Organization\",\"@id\":\"https:\\\/\\\/swixed.ch\\\/de\\\/#organization\",\"name\":\"Swixed SA\",\"url\":\"https:\\\/\\\/swixed.ch\\\/de\\\/\",\"logo\":{\"@type\":\"ImageObject\",\"inLanguage\":\"de\",\"@id\":\"https:\\\/\\\/swixed.ch\\\/de\\\/#\\\/schema\\\/logo\\\/image\\\/\",\"url\":\"https:\\\/\\\/swixed.ch\\\/wp-content\\\/uploads\\\/logos\\\/swixed-logo-lite.png\",\"contentUrl\":\"https:\\\/\\\/swixed.ch\\\/wp-content\\\/uploads\\\/logos\\\/swixed-logo-lite.png\",\"width\":696,\"height\":696,\"caption\":\"Swixed SA\"},\"image\":{\"@id\":\"https:\\\/\\\/swixed.ch\\\/de\\\/#\\\/schema\\\/logo\\\/image\\\/\"},\"sameAs\":[\"https:\\\/\\\/www.facebook.com\\\/swixed\",\"https:\\\/\\\/www.linkedin.com\\\/company\\\/swixed\",\"https:\\\/\\\/www.youtube.com\\\/@swixedsa\"],\"description\":\"Swixed SA est une entreprise suisse bas\u00e9e \u00e0 Gen\u00e8ve, sp\u00e9cialis\u00e9e dans la vente, la location et la maintenance d\u2019appareils m\u00e9dicaux professionnels, tels que d\u00e9fibrillateurs AED, \u00e9lectrocardiographes, moniteurs patient et dispositifs de diagnostic.\",\"email\":\"infoshop@swixed.ch\",\"telephone\":\"+41 22 566 11 95\",\"legalName\":\"Swixed SA\",\"foundingDate\":\"2021-03-01\",\"numberOfEmployees\":{\"@type\":\"QuantitativeValue\",\"minValue\":\"1\",\"maxValue\":\"10\"}}]}<\/script>\n<!-- \/ Yoast SEO Premium plugin. -->","yoast_head_json":{"title":"Edan MT-206 Rollst\u00e4nder f\u00fcr Multiparameter-Monitore | Swixed SA","description":"Monitorhalterung kompatibel mit den Vitalzeichenmonitoren Edan IM3 \/ IM8 \/ IM50 \/ IM60 \/ IM70, Edan M3A, Edan X8 \/ X10 \/ X12.","robots":{"index":"index","follow":"follow","max-snippet":"max-snippet:-1","max-image-preview":"max-image-preview:large","max-video-preview":"max-video-preview:-1"},"canonical":"https:\/\/swixed.ch\/de\/produkt\/sed22003\/","og_locale":"de_DE","og_type":"article","og_title":"Edan MT-206 Rollst\u00e4nder f\u00fcr Multiparameter-Monitore","og_description":"Monitorhalterung kompatibel mit den Vitalzeichenmonitoren Edan IM3 \/ IM8 \/ IM50 \/ IM60 \/ IM70, Edan M3A, Edan X8 \/ X10 \/ X12.","og_url":"https:\/\/swixed.ch\/de\/produkt\/sed22003\/","og_site_name":"Swixed SA","article_publisher":"https:\/\/www.facebook.com\/swixed","article_modified_time":"2026-04-19T15:59:53+00:00","og_image":[{"width":600,"height":600,"url":"https:\/\/swixed.ch\/wp-content\/uploads\/products\/edan-mt-206-rolling-stand-01.png","type":"image\/png"}],"twitter_card":"summary_large_image","schema":{"@context":"https:\/\/schema.org","@graph":[{"@type":"WebPage","@id":"https:\/\/swixed.ch\/de\/produkt\/sed22003\/","url":"https:\/\/swixed.ch\/de\/produkt\/sed22003\/","name":"Edan MT-206 Rollst\u00e4nder f\u00fcr Multiparameter-Monitore | Swixed SA","isPartOf":{"@id":"https:\/\/swixed.ch\/de\/#website"},"primaryImageOfPage":{"@id":"https:\/\/swixed.ch\/de\/produkt\/sed22003\/#primaryimage"},"image":{"@id":"https:\/\/swixed.ch\/de\/produkt\/sed22003\/#primaryimage"},"thumbnailUrl":"https:\/\/swixed.ch\/wp-content\/uploads\/products\/edan-mt-206-rolling-stand-01.png","datePublished":"2021-05-05T14:37:25+00:00","dateModified":"2026-04-19T15:59:53+00:00","description":"Monitorhalterung kompatibel mit den Vitalzeichenmonitoren Edan IM3 \/ IM8 \/ IM50 \/ IM60 \/ IM70, Edan M3A, Edan X8 \/ X10 \/ X12.","breadcrumb":{"@id":"https:\/\/swixed.ch\/de\/produkt\/sed22003\/#breadcrumb"},"inLanguage":"de","potentialAction":[{"@type":"ReadAction","target":["https:\/\/swixed.ch\/de\/produkt\/sed22003\/"]}]},{"@type":"ImageObject","inLanguage":"de","@id":"https:\/\/swixed.ch\/de\/produkt\/sed22003\/#primaryimage","url":"https:\/\/swixed.ch\/wp-content\/uploads\/products\/edan-mt-206-rolling-stand-01.png","contentUrl":"https:\/\/swixed.ch\/wp-content\/uploads\/products\/edan-mt-206-rolling-stand-01.png","width":600,"height":600,"caption":"edan-mt-206-rolling-stand-01"},{"@type":"BreadcrumbList","@id":"https:\/\/swixed.ch\/de\/produkt\/sed22003\/#breadcrumb","itemListElement":[{"@type":"ListItem","position":1,"name":"Startseite","item":"https:\/\/swixed.ch\/de\/home\/"},{"@type":"ListItem","position":2,"name":"Shop","item":"https:\/\/swixed.ch\/de\/shop\/"},{"@type":"ListItem","position":3,"name":"Edan MT-206 Rollst\u00e4nder f\u00fcr Multiparameter-Monitore"}]},{"@type":"WebSite","@id":"https:\/\/swixed.ch\/de\/#website","url":"https:\/\/swixed.ch\/de\/","name":"Swixed SA","description":"Elektronische Ger\u00e4te","publisher":{"@id":"https:\/\/swixed.ch\/de\/#organization"},"potentialAction":[{"@type":"SearchAction","target":{"@type":"EntryPoint","urlTemplate":"https:\/\/swixed.ch\/de\/?s={search_term_string}"},"query-input":{"@type":"PropertyValueSpecification","valueRequired":true,"valueName":"search_term_string"}}],"inLanguage":"de"},{"@type":"Organization","@id":"https:\/\/swixed.ch\/de\/#organization","name":"Swixed SA","url":"https:\/\/swixed.ch\/de\/","logo":{"@type":"ImageObject","inLanguage":"de","@id":"https:\/\/swixed.ch\/de\/#\/schema\/logo\/image\/","url":"https:\/\/swixed.ch\/wp-content\/uploads\/logos\/swixed-logo-lite.png","contentUrl":"https:\/\/swixed.ch\/wp-content\/uploads\/logos\/swixed-logo-lite.png","width":696,"height":696,"caption":"Swixed SA"},"image":{"@id":"https:\/\/swixed.ch\/de\/#\/schema\/logo\/image\/"},"sameAs":["https:\/\/www.facebook.com\/swixed","https:\/\/www.linkedin.com\/company\/swixed","https:\/\/www.youtube.com\/@swixedsa"],"description":"Swixed SA est une entreprise suisse bas\u00e9e \u00e0 Gen\u00e8ve, sp\u00e9cialis\u00e9e dans la vente, la location et la maintenance d\u2019appareils m\u00e9dicaux professionnels, tels que d\u00e9fibrillateurs AED, \u00e9lectrocardiographes, moniteurs patient et dispositifs de diagnostic.","email":"infoshop@swixed.ch","telephone":"+41 22 566 11 95","legalName":"Swixed SA","foundingDate":"2021-03-01","numberOfEmployees":{"@type":"QuantitativeValue","minValue":"1","maxValue":"10"}}]}},"_links":{"self":[{"href":"https:\/\/swixed.ch\/de\/wp-json\/wp\/v2\/product\/34376","targetHints":{"allow":["GET"]}}],"collection":[{"href":"https:\/\/swixed.ch\/de\/wp-json\/wp\/v2\/product"}],"about":[{"href":"https:\/\/swixed.ch\/de\/wp-json\/wp\/v2\/types\/product"}],"version-history":[{"count":1,"href":"https:\/\/swixed.ch\/de\/wp-json\/wp\/v2\/product\/34376\/revisions"}],"predecessor-version":[{"id":62794,"href":"https:\/\/swixed.ch\/de\/wp-json\/wp\/v2\/product\/34376\/revisions\/62794"}],"wp:featuredmedia":[{"embeddable":true,"href":"https:\/\/swixed.ch\/de\/wp-json\/wp\/v2\/media\/27647"}],"wp:attachment":[{"href":"https:\/\/swixed.ch\/de\/wp-json\/wp\/v2\/media?parent=34376"}],"wp:term":[{"taxonomy":"product_brand","embeddable":true,"href":"https:\/\/swixed.ch\/de\/wp-json\/wp\/v2\/product_brand?post=34376"},{"taxonomy":"product_cat","embeddable":true,"href":"https:\/\/swixed.ch\/de\/wp-json\/wp\/v2\/product_cat?post=34376"},{"taxonomy":"product_tag","embeddable":true,"href":"https:\/\/swixed.ch\/de\/wp-json\/wp\/v2\/product_tag?post=34376"}],"curies":[{"name":"wp","href":"https:\/\/api.w.org\/{rel}","templated":true}]}}