{"id":34479,"date":"2021-05-12T14:22:47","date_gmt":"2021-05-12T12:22:47","guid":{"rendered":"https:\/\/swixed.com\/produit\/heine-mini-3000-f-o-otoskop-und-ophthalmoskop-set\/"},"modified":"2025-11-29T23:23:54","modified_gmt":"2025-11-29T22:23:54","slug":"sed80005","status":"publish","type":"product","link":"https:\/\/swixed.ch\/de\/produkt\/sed80005\/","title":{"rendered":"Heine Mini 3000 Set: F.O. Otoskop und Ophthalmoskop"},"content":{"rendered":"\t\t<div data-elementor-type=\"product-post\" data-elementor-id=\"34479\" class=\"elementor elementor-34479 elementor-4620\" data-elementor-post-type=\"product\">\n\t\t\t\t\t\t<section class=\"elementor-section elementor-top-section elementor-element elementor-element-834d306 elementor-section-boxed elementor-section-height-default elementor-section-height-default\" data-id=\"834d306\" data-element_type=\"section\" data-e-type=\"section\">\n\t\t\t\t\t\t<div class=\"elementor-container elementor-column-gap-default\">\n\t\t\t\t\t<div class=\"elementor-column elementor-col-100 elementor-top-column elementor-element elementor-element-085465e\" data-id=\"085465e\" data-element_type=\"column\" data-e-type=\"column\">\n\t\t\t<div class=\"elementor-widget-wrap elementor-element-populated\">\n\t\t\t\t\t\t<div class=\"elementor-element elementor-element-0684e71 elementor-widget elementor-widget-heading\" data-id=\"0684e71\" data-element_type=\"widget\" data-e-type=\"widget\" data-widget_type=\"heading.default\">\n\t\t\t\t\t<h2 class=\"elementor-heading-title elementor-size-default\">Beschreibung<\/h2>\t\t\t\t<\/div>\n\t\t\t\t<div class=\"elementor-element elementor-element-3376bb3 elementor-widget elementor-widget-text-editor\" data-id=\"3376bb3\" data-element_type=\"widget\" data-e-type=\"widget\" data-widget_type=\"text-editor.default\">\n\t\t\t\t\t\t\t\t\t<p>Das Heine Mini 3000 Kit ist ein wichtiges diagnostisches Set, das aus einem Glasfaser-Otoskop und einem Ophthalmoskop besteht, beide in einem kompakten und modernen Design. Das Set wurde f\u00fcr eine einfache und effiziente Anwendung entwickelt und ist ideal f\u00fcr medizinisches Fachpersonal, das viel unterwegs ist. <\/p><p>Jedes Instrument ist mit innovativen Funktionen ausgestattet, einschlie\u00dflich einer automatischen Stromabschaltung, um Energie zu sparen, und einer verbesserten Stabilit\u00e4t der internen Komponenten. Das Set wird mit einem Hartschalenkoffer geliefert, der den Transport und die sichere Aufbewahrung in einer Arzttasche oder bei Hausbesuchen erleichtert. <\/p><p>Die Instrumente werden \u00fcber ihre eigenen Griffe mit Strom versorgt, was eine kontinuierliche Nutzung ohne zus\u00e4tzliche Handhabung erm\u00f6glicht. Dar\u00fcber hinaus ist das Set mit XHL- oder LED-Beleuchtung erh\u00e4ltlich, um eine optimale Beleuchtung w\u00e4hrend der Untersuchungen zu gew\u00e4hrleisten. <\/p>\t\t\t\t\t\t\t\t<\/div>\n\t\t\t\t<div class=\"elementor-element elementor-element-98f3683 elementor-widget elementor-widget-heading\" data-id=\"98f3683\" data-element_type=\"widget\" data-e-type=\"widget\" data-widget_type=\"heading.default\">\n\t\t\t\t\t<h2 class=\"elementor-heading-title elementor-size-default\">Inhalt<\/h2>\t\t\t\t<\/div>\n\t\t\t\t\t<\/div>\n\t\t<\/div>\n\t\t\t\t\t<\/div>\n\t\t<\/section>\n\t\t\t\t<section class=\"elementor-section elementor-top-section elementor-element elementor-element-c0f3979 elementor-section-boxed elementor-section-height-default elementor-section-height-default\" data-id=\"c0f3979\" data-element_type=\"section\" data-e-type=\"section\">\n\t\t\t\t\t\t<div class=\"elementor-container elementor-column-gap-default\">\n\t\t\t\t\t<div class=\"elementor-column elementor-col-100 elementor-top-column elementor-element elementor-element-6e68e75\" data-id=\"6e68e75\" data-element_type=\"column\" data-e-type=\"column\">\n\t\t\t<div class=\"elementor-widget-wrap elementor-element-populated\">\n\t\t\t\t\t\t<div class=\"elementor-element elementor-element-9d105bb elementor-widget elementor-widget-text-editor\" data-id=\"9d105bb\" data-element_type=\"widget\" data-e-type=\"widget\" data-widget_type=\"text-editor.default\">\n\t\t\t\t\t\t\t\t\t<ul><li>1 Ophthalmoskop 2,5V Mini 3000<\/li><li>1 Otoskop 2,5V Mini 3000 F.O. (Glasfaseroptik)<\/li><li>1 Satz von 4 wiederverwendbaren Spekula<\/li><li>1 Satz von 10 AllSpec Einmal-Spekula (5 von 2,5 mm und 5 von 4 mm)<\/li><li>2 Batteriegriffe Mini 3000 (inkl. Batterien)<\/li><li>1 Hartschalenetui<\/li><\/ul><p><em><strong>Hinweis: <\/strong>Das Heine Mini 3000 Kit ist ein medizinisches Produkt f\u00fcr medizinisches Fachpersonal, das eine genaue und effiziente Diagnose erm\u00f6glicht. Seine Verwendung erfordert eine angemessene Schulung, um die Sicherheit der Patienten und die Wirksamkeit der Untersuchungen zu gew\u00e4hrleisten. <\/em><\/p>\t\t\t\t\t\t\t\t<\/div>\n\t\t\t\t\t<\/div>\n\t\t<\/div>\n\t\t\t\t\t<\/div>\n\t\t<\/section>\n\t\t\t\t<\/div>\n\t\t","protected":false},"excerpt":{"rendered":"<p>Das Heine Mini 3000 Set besteht aus einem kompakten und modernen Otoskop und Ophthalmoskop mit Glasfaseroptik und XHL- oder LED-Beleuchtung. Es ist ideal f\u00fcr Arztbesuche au\u00dferhalb der Praxis und verf\u00fcgt \u00fcber praktische Funktionen und ein festes Etui f\u00fcr den sicheren Transport. <\/p>\n","protected":false},"featured_media":27807,"template":"","meta":{"_acf_changed":false},"product_brand":[2147],"product_cat":[1373,1374,1391,1364],"product_tag":[5852,5851,5853,5845,5847,5848,5387,4735,5846,2752,5379,1366,3026,5850,5849],"class_list":{"0":"post-34479","1":"product","2":"type-product","3":"status-publish","4":"has-post-thumbnail","6":"product_brand-heine-de","7":"product_cat-ophthalmoskope","8":"product_cat-geraete-ophthalmoskope","9":"product_cat-geraete-otoskope","10":"product_cat-otoskope","11":"product_tag-arztkoffer","12":"product_tag-einwegspekula","13":"product_tag-gesundheitsmaterial","14":"product_tag-hals-nasen-ohrenheilkunde","15":"product_tag-heine-mini-3000-de","16":"product_tag-led-beleuchtung","17":"product_tag-medizinische-instrumente","18":"product_tag-medizinische-untersuchung","19":"product_tag-medizinisches-diagnose-set","20":"product_tag-medizinisches-gerat","21":"product_tag-ophthalmoskop","22":"product_tag-otoskop","23":"product_tag-tragbares-medizinisches-gerat","24":"product_tag-wiederverwendbare-spekula","25":"product_tag-xhl-beleuchtung","27":"first","28":"instock","29":"taxable","30":"shipping-taxable","31":"purchasable","32":"product-type-variable","33":"has-default-attributes"},"acf":[],"yoast_head":"<!-- This site is optimized with the Yoast SEO Premium plugin v27.4 (Yoast SEO v27.4) - https:\/\/yoast.com\/product\/yoast-seo-premium-wordpress\/ -->\n<title>Heine Mini 3000 Set: F.O. Otoskop und Ophthalmoskop | Swixed SA<\/title>\n<meta name=\"description\" content=\"Heine Mini 3000 Diagnostik-Set mit Otoskop und fiberoptischem Ophthalmoskop, ideal f\u00fcr den professionellen und tragbaren Gebrauch.\" \/>\n<meta name=\"robots\" content=\"index, follow, max-snippet:-1, max-image-preview:large, max-video-preview:-1\" \/>\n<link rel=\"canonical\" href=\"https:\/\/swixed.ch\/de\/produkt\/sed80005\/\" \/>\n<meta property=\"og:locale\" content=\"de_DE\" \/>\n<meta property=\"og:type\" content=\"article\" \/>\n<meta property=\"og:title\" content=\"Heine Mini 3000 Set: F.O. Otoskop und Ophthalmoskop\" \/>\n<meta property=\"og:description\" content=\"Heine Mini 3000 Diagnostik-Set mit Otoskop und fiberoptischem Ophthalmoskop, ideal f\u00fcr den professionellen und tragbaren Gebrauch.\" \/>\n<meta property=\"og:url\" content=\"https:\/\/swixed.ch\/de\/produkt\/sed80005\/\" \/>\n<meta property=\"og:site_name\" content=\"Swixed SA\" \/>\n<meta property=\"article:publisher\" content=\"https:\/\/www.facebook.com\/swixed\" \/>\n<meta property=\"article:modified_time\" content=\"2025-11-29T22:23:54+00:00\" \/>\n<meta property=\"og:image\" content=\"https:\/\/swixed.ch\/wp-content\/uploads\/products\/heine-mini-3000-kit-02.png\" \/>\n\t<meta property=\"og:image:width\" content=\"600\" \/>\n\t<meta property=\"og:image:height\" content=\"600\" \/>\n\t<meta property=\"og:image:type\" content=\"image\/png\" \/>\n<meta name=\"twitter:card\" content=\"summary_large_image\" \/>\n<meta name=\"twitter:label1\" content=\"Gesch\u00e4tzte Lesezeit\" \/>\n\t<meta name=\"twitter:data1\" content=\"1\u00a0Minute\" \/>\n<script type=\"application\/ld+json\" class=\"yoast-schema-graph\">{\"@context\":\"https:\\\/\\\/schema.org\",\"@graph\":[{\"@type\":\"WebPage\",\"@id\":\"https:\\\/\\\/swixed.ch\\\/de\\\/produkt\\\/sed80005\\\/\",\"url\":\"https:\\\/\\\/swixed.ch\\\/de\\\/produkt\\\/sed80005\\\/\",\"name\":\"Heine Mini 3000 Set: F.O. Otoskop und Ophthalmoskop | Swixed SA\",\"isPartOf\":{\"@id\":\"https:\\\/\\\/swixed.ch\\\/de\\\/#website\"},\"primaryImageOfPage\":{\"@id\":\"https:\\\/\\\/swixed.ch\\\/de\\\/produkt\\\/sed80005\\\/#primaryimage\"},\"image\":{\"@id\":\"https:\\\/\\\/swixed.ch\\\/de\\\/produkt\\\/sed80005\\\/#primaryimage\"},\"thumbnailUrl\":\"https:\\\/\\\/swixed.ch\\\/wp-content\\\/uploads\\\/products\\\/heine-mini-3000-kit-02.png\",\"datePublished\":\"2021-05-12T12:22:47+00:00\",\"dateModified\":\"2025-11-29T22:23:54+00:00\",\"description\":\"Heine Mini 3000 Diagnostik-Set mit Otoskop und fiberoptischem Ophthalmoskop, ideal f\u00fcr den professionellen und tragbaren Gebrauch.\",\"breadcrumb\":{\"@id\":\"https:\\\/\\\/swixed.ch\\\/de\\\/produkt\\\/sed80005\\\/#breadcrumb\"},\"inLanguage\":\"de\",\"potentialAction\":[{\"@type\":\"ReadAction\",\"target\":[\"https:\\\/\\\/swixed.ch\\\/de\\\/produkt\\\/sed80005\\\/\"]}]},{\"@type\":\"ImageObject\",\"inLanguage\":\"de\",\"@id\":\"https:\\\/\\\/swixed.ch\\\/de\\\/produkt\\\/sed80005\\\/#primaryimage\",\"url\":\"https:\\\/\\\/swixed.ch\\\/wp-content\\\/uploads\\\/products\\\/heine-mini-3000-kit-02.png\",\"contentUrl\":\"https:\\\/\\\/swixed.ch\\\/wp-content\\\/uploads\\\/products\\\/heine-mini-3000-kit-02.png\",\"width\":600,\"height\":600,\"caption\":\"heine-mini-3000-kit-02\"},{\"@type\":\"BreadcrumbList\",\"@id\":\"https:\\\/\\\/swixed.ch\\\/de\\\/produkt\\\/sed80005\\\/#breadcrumb\",\"itemListElement\":[{\"@type\":\"ListItem\",\"position\":1,\"name\":\"Startseite\",\"item\":\"https:\\\/\\\/swixed.ch\\\/de\\\/home\\\/\"},{\"@type\":\"ListItem\",\"position\":2,\"name\":\"Shop\",\"item\":\"https:\\\/\\\/swixed.ch\\\/de\\\/shop\\\/\"},{\"@type\":\"ListItem\",\"position\":3,\"name\":\"Heine Mini 3000 Set: F.O. Otoskop und Ophthalmoskop\"}]},{\"@type\":\"WebSite\",\"@id\":\"https:\\\/\\\/swixed.ch\\\/de\\\/#website\",\"url\":\"https:\\\/\\\/swixed.ch\\\/de\\\/\",\"name\":\"Swixed SA\",\"description\":\"Elektronische Ger\u00e4te\",\"publisher\":{\"@id\":\"https:\\\/\\\/swixed.ch\\\/de\\\/#organization\"},\"potentialAction\":[{\"@type\":\"SearchAction\",\"target\":{\"@type\":\"EntryPoint\",\"urlTemplate\":\"https:\\\/\\\/swixed.ch\\\/de\\\/?s={search_term_string}\"},\"query-input\":{\"@type\":\"PropertyValueSpecification\",\"valueRequired\":true,\"valueName\":\"search_term_string\"}}],\"inLanguage\":\"de\"},{\"@type\":\"Organization\",\"@id\":\"https:\\\/\\\/swixed.ch\\\/de\\\/#organization\",\"name\":\"Swixed SA\",\"url\":\"https:\\\/\\\/swixed.ch\\\/de\\\/\",\"logo\":{\"@type\":\"ImageObject\",\"inLanguage\":\"de\",\"@id\":\"https:\\\/\\\/swixed.ch\\\/de\\\/#\\\/schema\\\/logo\\\/image\\\/\",\"url\":\"https:\\\/\\\/swixed.ch\\\/wp-content\\\/uploads\\\/logos\\\/swixed-logo-lite.png\",\"contentUrl\":\"https:\\\/\\\/swixed.ch\\\/wp-content\\\/uploads\\\/logos\\\/swixed-logo-lite.png\",\"width\":696,\"height\":696,\"caption\":\"Swixed SA\"},\"image\":{\"@id\":\"https:\\\/\\\/swixed.ch\\\/de\\\/#\\\/schema\\\/logo\\\/image\\\/\"},\"sameAs\":[\"https:\\\/\\\/www.facebook.com\\\/swixed\",\"https:\\\/\\\/www.linkedin.com\\\/company\\\/swixed\",\"https:\\\/\\\/www.youtube.com\\\/@swixedsa\"],\"description\":\"Swixed SA est une entreprise suisse bas\u00e9e \u00e0 Gen\u00e8ve, sp\u00e9cialis\u00e9e dans la vente, la location et la maintenance d\u2019appareils m\u00e9dicaux professionnels, tels que d\u00e9fibrillateurs AED, \u00e9lectrocardiographes, moniteurs patient et dispositifs de diagnostic.\",\"email\":\"infoshop@swixed.ch\",\"telephone\":\"+41 22 566 11 95\",\"legalName\":\"Swixed SA\",\"foundingDate\":\"2021-03-01\",\"numberOfEmployees\":{\"@type\":\"QuantitativeValue\",\"minValue\":\"1\",\"maxValue\":\"10\"}}]}<\/script>\n<!-- \/ Yoast SEO Premium plugin. -->","yoast_head_json":{"title":"Heine Mini 3000 Set: F.O. Otoskop und Ophthalmoskop | Swixed SA","description":"Heine Mini 3000 Diagnostik-Set mit Otoskop und fiberoptischem Ophthalmoskop, ideal f\u00fcr den professionellen und tragbaren Gebrauch.","robots":{"index":"index","follow":"follow","max-snippet":"max-snippet:-1","max-image-preview":"max-image-preview:large","max-video-preview":"max-video-preview:-1"},"canonical":"https:\/\/swixed.ch\/de\/produkt\/sed80005\/","og_locale":"de_DE","og_type":"article","og_title":"Heine Mini 3000 Set: F.O. Otoskop und Ophthalmoskop","og_description":"Heine Mini 3000 Diagnostik-Set mit Otoskop und fiberoptischem Ophthalmoskop, ideal f\u00fcr den professionellen und tragbaren Gebrauch.","og_url":"https:\/\/swixed.ch\/de\/produkt\/sed80005\/","og_site_name":"Swixed SA","article_publisher":"https:\/\/www.facebook.com\/swixed","article_modified_time":"2025-11-29T22:23:54+00:00","og_image":[{"width":600,"height":600,"url":"https:\/\/swixed.ch\/wp-content\/uploads\/products\/heine-mini-3000-kit-02.png","type":"image\/png"}],"twitter_card":"summary_large_image","twitter_misc":{"Gesch\u00e4tzte Lesezeit":"1\u00a0Minute"},"schema":{"@context":"https:\/\/schema.org","@graph":[{"@type":"WebPage","@id":"https:\/\/swixed.ch\/de\/produkt\/sed80005\/","url":"https:\/\/swixed.ch\/de\/produkt\/sed80005\/","name":"Heine Mini 3000 Set: F.O. Otoskop und Ophthalmoskop | Swixed SA","isPartOf":{"@id":"https:\/\/swixed.ch\/de\/#website"},"primaryImageOfPage":{"@id":"https:\/\/swixed.ch\/de\/produkt\/sed80005\/#primaryimage"},"image":{"@id":"https:\/\/swixed.ch\/de\/produkt\/sed80005\/#primaryimage"},"thumbnailUrl":"https:\/\/swixed.ch\/wp-content\/uploads\/products\/heine-mini-3000-kit-02.png","datePublished":"2021-05-12T12:22:47+00:00","dateModified":"2025-11-29T22:23:54+00:00","description":"Heine Mini 3000 Diagnostik-Set mit Otoskop und fiberoptischem Ophthalmoskop, ideal f\u00fcr den professionellen und tragbaren Gebrauch.","breadcrumb":{"@id":"https:\/\/swixed.ch\/de\/produkt\/sed80005\/#breadcrumb"},"inLanguage":"de","potentialAction":[{"@type":"ReadAction","target":["https:\/\/swixed.ch\/de\/produkt\/sed80005\/"]}]},{"@type":"ImageObject","inLanguage":"de","@id":"https:\/\/swixed.ch\/de\/produkt\/sed80005\/#primaryimage","url":"https:\/\/swixed.ch\/wp-content\/uploads\/products\/heine-mini-3000-kit-02.png","contentUrl":"https:\/\/swixed.ch\/wp-content\/uploads\/products\/heine-mini-3000-kit-02.png","width":600,"height":600,"caption":"heine-mini-3000-kit-02"},{"@type":"BreadcrumbList","@id":"https:\/\/swixed.ch\/de\/produkt\/sed80005\/#breadcrumb","itemListElement":[{"@type":"ListItem","position":1,"name":"Startseite","item":"https:\/\/swixed.ch\/de\/home\/"},{"@type":"ListItem","position":2,"name":"Shop","item":"https:\/\/swixed.ch\/de\/shop\/"},{"@type":"ListItem","position":3,"name":"Heine Mini 3000 Set: F.O. Otoskop und Ophthalmoskop"}]},{"@type":"WebSite","@id":"https:\/\/swixed.ch\/de\/#website","url":"https:\/\/swixed.ch\/de\/","name":"Swixed SA","description":"Elektronische Ger\u00e4te","publisher":{"@id":"https:\/\/swixed.ch\/de\/#organization"},"potentialAction":[{"@type":"SearchAction","target":{"@type":"EntryPoint","urlTemplate":"https:\/\/swixed.ch\/de\/?s={search_term_string}"},"query-input":{"@type":"PropertyValueSpecification","valueRequired":true,"valueName":"search_term_string"}}],"inLanguage":"de"},{"@type":"Organization","@id":"https:\/\/swixed.ch\/de\/#organization","name":"Swixed SA","url":"https:\/\/swixed.ch\/de\/","logo":{"@type":"ImageObject","inLanguage":"de","@id":"https:\/\/swixed.ch\/de\/#\/schema\/logo\/image\/","url":"https:\/\/swixed.ch\/wp-content\/uploads\/logos\/swixed-logo-lite.png","contentUrl":"https:\/\/swixed.ch\/wp-content\/uploads\/logos\/swixed-logo-lite.png","width":696,"height":696,"caption":"Swixed SA"},"image":{"@id":"https:\/\/swixed.ch\/de\/#\/schema\/logo\/image\/"},"sameAs":["https:\/\/www.facebook.com\/swixed","https:\/\/www.linkedin.com\/company\/swixed","https:\/\/www.youtube.com\/@swixedsa"],"description":"Swixed SA est une entreprise suisse bas\u00e9e \u00e0 Gen\u00e8ve, sp\u00e9cialis\u00e9e dans la vente, la location et la maintenance d\u2019appareils m\u00e9dicaux professionnels, tels que d\u00e9fibrillateurs AED, \u00e9lectrocardiographes, moniteurs patient et dispositifs de diagnostic.","email":"infoshop@swixed.ch","telephone":"+41 22 566 11 95","legalName":"Swixed SA","foundingDate":"2021-03-01","numberOfEmployees":{"@type":"QuantitativeValue","minValue":"1","maxValue":"10"}}]}},"_links":{"self":[{"href":"https:\/\/swixed.ch\/de\/wp-json\/wp\/v2\/product\/34479","targetHints":{"allow":["GET"]}}],"collection":[{"href":"https:\/\/swixed.ch\/de\/wp-json\/wp\/v2\/product"}],"about":[{"href":"https:\/\/swixed.ch\/de\/wp-json\/wp\/v2\/types\/product"}],"version-history":[{"count":0,"href":"https:\/\/swixed.ch\/de\/wp-json\/wp\/v2\/product\/34479\/revisions"}],"wp:featuredmedia":[{"embeddable":true,"href":"https:\/\/swixed.ch\/de\/wp-json\/wp\/v2\/media\/27807"}],"wp:attachment":[{"href":"https:\/\/swixed.ch\/de\/wp-json\/wp\/v2\/media?parent=34479"}],"wp:term":[{"taxonomy":"product_brand","embeddable":true,"href":"https:\/\/swixed.ch\/de\/wp-json\/wp\/v2\/product_brand?post=34479"},{"taxonomy":"product_cat","embeddable":true,"href":"https:\/\/swixed.ch\/de\/wp-json\/wp\/v2\/product_cat?post=34479"},{"taxonomy":"product_tag","embeddable":true,"href":"https:\/\/swixed.ch\/de\/wp-json\/wp\/v2\/product_tag?post=34479"}],"curies":[{"name":"wp","href":"https:\/\/api.w.org\/{rel}","templated":true}]}}