{"id":34520,"date":"2021-05-12T10:10:03","date_gmt":"2021-05-12T09:10:03","guid":{"rendered":"https:\/\/swixed.com\/produit\/blutdruckmessgeraet-heine-gamma-gp\/"},"modified":"2026-04-20T21:03:35","modified_gmt":"2026-04-20T20:03:35","slug":"sed60009","status":"publish","type":"product","link":"https:\/\/swixed.ch\/de\/produkt\/sed60009\/","title":{"rendered":"Heine Gamma GP Blutdruckmessger\u00e4t"},"content":{"rendered":"\t\t<div data-elementor-type=\"product-post\" data-elementor-id=\"34520\" class=\"elementor elementor-34520 elementor-4612\" data-elementor-post-type=\"product\">\n\t\t\t\t\t\t<section class=\"elementor-section elementor-top-section elementor-element elementor-element-c0f3979 elementor-section-full_width elementor-section-height-default elementor-section-height-default\" data-id=\"c0f3979\" data-element_type=\"section\" data-e-type=\"section\">\n\t\t\t\t\t\t<div class=\"elementor-container elementor-column-gap-default\">\n\t\t\t\t\t<div class=\"elementor-column elementor-col-100 elementor-top-column elementor-element elementor-element-6e68e75\" data-id=\"6e68e75\" data-element_type=\"column\" data-e-type=\"column\">\n\t\t\t<div class=\"elementor-widget-wrap elementor-element-populated\">\n\t\t\t\t\t\t<div class=\"elementor-element elementor-element-0684e71 elementor-widget elementor-widget-heading\" data-id=\"0684e71\" data-element_type=\"widget\" data-e-type=\"widget\" data-widget_type=\"heading.default\">\n\t\t\t\t\t<h2 class=\"elementor-heading-title elementor-size-default\">Beschreibung<\/h2>\t\t\t\t<\/div>\n\t\t\t\t<div class=\"elementor-element elementor-element-3376bb3 elementor-widget elementor-widget-text-editor\" data-id=\"3376bb3\" data-element_type=\"widget\" data-e-type=\"widget\" data-widget_type=\"text-editor.default\">\n\t\t\t\t\t\t\t\t\t<p>Das Blutdruckmessger\u00e4t Heine Gamma GP ist ein manuelles Ger\u00e4t, das f\u00fcr au\u00dfergew\u00f6hnliche Genauigkeit und Benutzerfreundlichkeit entwickelt wurde. Es verf\u00fcgt \u00fcber die bew\u00e4hrten Merkmale des Modells Heine G5, einschlie\u00dflich eines optimierten Druckverteilungssystems und eines hochwertigen, sto\u00dffesten Designs. <\/p><p>Die wichtigste Innovation des Heine GP ist das Druckknopfventil, das eine pr\u00e4zise Steuerung der Dekompressionsgeschwindigkeit erm\u00f6glicht. Der zentral angeordnete Knopf ist sowohl f\u00fcr Rechts- als auch f\u00fcr Linksh\u00e4nder zug\u00e4nglich, was eine fl\u00fcssige und intuitive Bedienung gew\u00e4hrleistet. Dank dieses ergonomischen Designs ist die Einhandbedienung sehr einfach, was es zu einer idealen Wahl f\u00fcr medizinisches Fachpersonal in klinischen Situationen macht.  <\/p><p>Au\u00dferdem sind die Heine Gamma-Blutdruckmessger\u00e4te latexfrei, wodurch das Allergierisiko verringert wird und dieses Modell f\u00fcr eine breite Palette von Patienten noch besser geeignet ist.<\/p>\t\t\t\t\t\t\t\t<\/div>\n\t\t\t\t<div class=\"elementor-element elementor-element-e7e819c elementor-widget elementor-widget-heading\" data-id=\"e7e819c\" data-element_type=\"widget\" data-e-type=\"widget\" data-widget_type=\"heading.default\">\n\t\t\t\t\t<h2 class=\"elementor-heading-title elementor-size-default\">Inhalt<\/h2>\t\t\t\t<\/div>\n\t\t\t\t<div class=\"elementor-element elementor-element-344f748 elementor-widget elementor-widget-text-editor\" data-id=\"344f748\" data-element_type=\"widget\" data-e-type=\"widget\" data-widget_type=\"text-editor.default\">\n\t\t\t\t\t\t\t\t\t<ul><li>1 Blutdruckmessger\u00e4t Heine Gamma GP<\/li><li>1 Manschette in Standardgr\u00f6\u00dfe<\/li><li>1 Benutzerhandbuch<\/li><li>1 Konformit\u00e4tszertifikat<\/li><\/ul><p><em>Hinweis: Dieses Produkt ist ein medizinisches Ger\u00e4t zur Messung des Blutdrucks. Es darf nur von qualifiziertem medizinischem Fachpersonal verwendet werden. <\/em><\/p>\t\t\t\t\t\t\t\t<\/div>\n\t\t\t\t\t<\/div>\n\t\t<\/div>\n\t\t\t\t\t<\/div>\n\t\t<\/section>\n\t\t\t\t<\/div>\n\t\t","protected":false},"excerpt":{"rendered":"<p>Das Heine Gamma GP ist ein manuelles Blutdruckmessger\u00e4t, das dank seines Druckknopf-Druckablassventils Pr\u00e4zision und Komfort bietet. Ideal f\u00fcr Rechts- und Linksh\u00e4nder. <\/p>\n","protected":false},"featured_media":27875,"template":"","meta":{"_acf_changed":false},"product_brand":[2147],"product_cat":[1012,1013],"product_tag":[5609,5615,5610,5614,5612,5607,5613,5114,4924,3410,4611,3023,5616,5608,5611],"class_list":{"0":"post-34520","1":"product","2":"type-product","3":"status-publish","4":"has-post-thumbnail","6":"product_brand-heine-de","7":"product_cat-blutdruckmessgerate","8":"product_cat-manuelle-blutdruckmessgerate","9":"product_tag-dekompressionsventil","10":"product_tag-druckkontrolle","11":"product_tag-drucksystem","12":"product_tag-ergonomisches-blutdruckmessgerat","13":"product_tag-gesundheitsausstattung-de","14":"product_tag-heine-gamma-gp-de","15":"product_tag-latexfreies-blutdruckmessgerat","16":"product_tag-manuelles-blutdruckmessgerat","17":"product_tag-medizinische-manschette","18":"product_tag-medizinisches-gerat-de","19":"product_tag-medizinisches-instrument","20":"product_tag-messung-des-blutdrucks","21":"product_tag-prazises-blutdruckmessgerat","22":"product_tag-professionelles-blutdruckmessgerat","23":"product_tag-stosfestes-design","25":"first","26":"instock","27":"taxable","28":"shipping-taxable","29":"purchasable","30":"product-type-variable","31":"has-default-attributes"},"acf":[],"yoast_head":"<!-- This site is optimized with the Yoast SEO Premium plugin v27.4 (Yoast SEO v27.4) - https:\/\/yoast.com\/product\/yoast-seo-premium-wordpress\/ -->\n<title>Heine Gamma GP Blutdruckmessger\u00e4t | Swixed SA<\/title>\n<meta name=\"description\" content=\"Manuelles Blutdruckmessger\u00e4t Heine Gamma GP mit Druckknopfventil f\u00fcr pr\u00e4zise Druckentlastung. Sto\u00dffestes, latexfreies Design, f\u00fcr alle Benutzer geeignet.\" \/>\n<meta name=\"robots\" content=\"index, follow, max-snippet:-1, max-image-preview:large, max-video-preview:-1\" \/>\n<link rel=\"canonical\" href=\"https:\/\/swixed.ch\/de\/produkt\/sed60009\/\" \/>\n<meta property=\"og:locale\" content=\"de_DE\" \/>\n<meta property=\"og:type\" content=\"article\" \/>\n<meta property=\"og:title\" content=\"Heine Gamma GP Blutdruckmessger\u00e4t\" \/>\n<meta property=\"og:description\" content=\"Manuelles Blutdruckmessger\u00e4t Heine Gamma GP mit Druckknopfventil f\u00fcr pr\u00e4zise Druckentlastung. Sto\u00dffestes, latexfreies Design, f\u00fcr alle Benutzer geeignet.\" \/>\n<meta property=\"og:url\" content=\"https:\/\/swixed.ch\/de\/produkt\/sed60009\/\" \/>\n<meta property=\"og:site_name\" content=\"Swixed SA\" \/>\n<meta property=\"article:publisher\" content=\"https:\/\/www.facebook.com\/swixed\" \/>\n<meta property=\"article:modified_time\" content=\"2026-04-20T20:03:35+00:00\" \/>\n<meta property=\"og:image\" content=\"https:\/\/swixed.ch\/wp-content\/uploads\/products\/heine-gp-03.png\" \/>\n\t<meta property=\"og:image:width\" content=\"600\" \/>\n\t<meta property=\"og:image:height\" content=\"600\" \/>\n\t<meta property=\"og:image:type\" content=\"image\/png\" \/>\n<meta name=\"twitter:card\" content=\"summary_large_image\" \/>\n<meta name=\"twitter:label1\" content=\"Gesch\u00e4tzte Lesezeit\" \/>\n\t<meta name=\"twitter:data1\" content=\"1\u00a0Minute\" \/>\n<script type=\"application\/ld+json\" class=\"yoast-schema-graph\">{\"@context\":\"https:\\\/\\\/schema.org\",\"@graph\":[{\"@type\":\"WebPage\",\"@id\":\"https:\\\/\\\/swixed.ch\\\/de\\\/produkt\\\/sed60009\\\/\",\"url\":\"https:\\\/\\\/swixed.ch\\\/de\\\/produkt\\\/sed60009\\\/\",\"name\":\"Heine Gamma GP Blutdruckmessger\u00e4t | Swixed SA\",\"isPartOf\":{\"@id\":\"https:\\\/\\\/swixed.ch\\\/de\\\/#website\"},\"primaryImageOfPage\":{\"@id\":\"https:\\\/\\\/swixed.ch\\\/de\\\/produkt\\\/sed60009\\\/#primaryimage\"},\"image\":{\"@id\":\"https:\\\/\\\/swixed.ch\\\/de\\\/produkt\\\/sed60009\\\/#primaryimage\"},\"thumbnailUrl\":\"https:\\\/\\\/swixed.ch\\\/wp-content\\\/uploads\\\/products\\\/heine-gp-03.png\",\"datePublished\":\"2021-05-12T09:10:03+00:00\",\"dateModified\":\"2026-04-20T20:03:35+00:00\",\"description\":\"Manuelles Blutdruckmessger\u00e4t Heine Gamma GP mit Druckknopfventil f\u00fcr pr\u00e4zise Druckentlastung. Sto\u00dffestes, latexfreies Design, f\u00fcr alle Benutzer geeignet.\",\"breadcrumb\":{\"@id\":\"https:\\\/\\\/swixed.ch\\\/de\\\/produkt\\\/sed60009\\\/#breadcrumb\"},\"inLanguage\":\"de\",\"potentialAction\":[{\"@type\":\"ReadAction\",\"target\":[\"https:\\\/\\\/swixed.ch\\\/de\\\/produkt\\\/sed60009\\\/\"]}]},{\"@type\":\"ImageObject\",\"inLanguage\":\"de\",\"@id\":\"https:\\\/\\\/swixed.ch\\\/de\\\/produkt\\\/sed60009\\\/#primaryimage\",\"url\":\"https:\\\/\\\/swixed.ch\\\/wp-content\\\/uploads\\\/products\\\/heine-gp-03.png\",\"contentUrl\":\"https:\\\/\\\/swixed.ch\\\/wp-content\\\/uploads\\\/products\\\/heine-gp-03.png\",\"width\":600,\"height\":600,\"caption\":\"heine-gp-03\"},{\"@type\":\"BreadcrumbList\",\"@id\":\"https:\\\/\\\/swixed.ch\\\/de\\\/produkt\\\/sed60009\\\/#breadcrumb\",\"itemListElement\":[{\"@type\":\"ListItem\",\"position\":1,\"name\":\"Startseite\",\"item\":\"https:\\\/\\\/swixed.ch\\\/de\\\/home\\\/\"},{\"@type\":\"ListItem\",\"position\":2,\"name\":\"Shop\",\"item\":\"https:\\\/\\\/swixed.ch\\\/de\\\/shop\\\/\"},{\"@type\":\"ListItem\",\"position\":3,\"name\":\"Heine Gamma GP Blutdruckmessger\u00e4t\"}]},{\"@type\":\"WebSite\",\"@id\":\"https:\\\/\\\/swixed.ch\\\/de\\\/#website\",\"url\":\"https:\\\/\\\/swixed.ch\\\/de\\\/\",\"name\":\"Swixed SA\",\"description\":\"Elektronische Ger\u00e4te\",\"publisher\":{\"@id\":\"https:\\\/\\\/swixed.ch\\\/de\\\/#organization\"},\"potentialAction\":[{\"@type\":\"SearchAction\",\"target\":{\"@type\":\"EntryPoint\",\"urlTemplate\":\"https:\\\/\\\/swixed.ch\\\/de\\\/?s={search_term_string}\"},\"query-input\":{\"@type\":\"PropertyValueSpecification\",\"valueRequired\":true,\"valueName\":\"search_term_string\"}}],\"inLanguage\":\"de\"},{\"@type\":\"Organization\",\"@id\":\"https:\\\/\\\/swixed.ch\\\/de\\\/#organization\",\"name\":\"Swixed SA\",\"url\":\"https:\\\/\\\/swixed.ch\\\/de\\\/\",\"logo\":{\"@type\":\"ImageObject\",\"inLanguage\":\"de\",\"@id\":\"https:\\\/\\\/swixed.ch\\\/de\\\/#\\\/schema\\\/logo\\\/image\\\/\",\"url\":\"https:\\\/\\\/swixed.ch\\\/wp-content\\\/uploads\\\/logos\\\/swixed-logo-lite.png\",\"contentUrl\":\"https:\\\/\\\/swixed.ch\\\/wp-content\\\/uploads\\\/logos\\\/swixed-logo-lite.png\",\"width\":696,\"height\":696,\"caption\":\"Swixed SA\"},\"image\":{\"@id\":\"https:\\\/\\\/swixed.ch\\\/de\\\/#\\\/schema\\\/logo\\\/image\\\/\"},\"sameAs\":[\"https:\\\/\\\/www.facebook.com\\\/swixed\",\"https:\\\/\\\/www.linkedin.com\\\/company\\\/swixed\",\"https:\\\/\\\/www.youtube.com\\\/@swixedsa\"],\"description\":\"Swixed SA est une entreprise suisse bas\u00e9e \u00e0 Gen\u00e8ve, sp\u00e9cialis\u00e9e dans la vente, la location et la maintenance d\u2019appareils m\u00e9dicaux professionnels, tels que d\u00e9fibrillateurs AED, \u00e9lectrocardiographes, moniteurs patient et dispositifs de diagnostic.\",\"email\":\"infoshop@swixed.ch\",\"telephone\":\"+41 22 566 11 95\",\"legalName\":\"Swixed SA\",\"foundingDate\":\"2021-03-01\",\"numberOfEmployees\":{\"@type\":\"QuantitativeValue\",\"minValue\":\"1\",\"maxValue\":\"10\"}}]}<\/script>\n<!-- \/ Yoast SEO Premium plugin. -->","yoast_head_json":{"title":"Heine Gamma GP Blutdruckmessger\u00e4t | Swixed SA","description":"Manuelles Blutdruckmessger\u00e4t Heine Gamma GP mit Druckknopfventil f\u00fcr pr\u00e4zise Druckentlastung. Sto\u00dffestes, latexfreies Design, f\u00fcr alle Benutzer geeignet.","robots":{"index":"index","follow":"follow","max-snippet":"max-snippet:-1","max-image-preview":"max-image-preview:large","max-video-preview":"max-video-preview:-1"},"canonical":"https:\/\/swixed.ch\/de\/produkt\/sed60009\/","og_locale":"de_DE","og_type":"article","og_title":"Heine Gamma GP Blutdruckmessger\u00e4t","og_description":"Manuelles Blutdruckmessger\u00e4t Heine Gamma GP mit Druckknopfventil f\u00fcr pr\u00e4zise Druckentlastung. Sto\u00dffestes, latexfreies Design, f\u00fcr alle Benutzer geeignet.","og_url":"https:\/\/swixed.ch\/de\/produkt\/sed60009\/","og_site_name":"Swixed SA","article_publisher":"https:\/\/www.facebook.com\/swixed","article_modified_time":"2026-04-20T20:03:35+00:00","og_image":[{"width":600,"height":600,"url":"https:\/\/swixed.ch\/wp-content\/uploads\/products\/heine-gp-03.png","type":"image\/png"}],"twitter_card":"summary_large_image","twitter_misc":{"Gesch\u00e4tzte Lesezeit":"1\u00a0Minute"},"schema":{"@context":"https:\/\/schema.org","@graph":[{"@type":"WebPage","@id":"https:\/\/swixed.ch\/de\/produkt\/sed60009\/","url":"https:\/\/swixed.ch\/de\/produkt\/sed60009\/","name":"Heine Gamma GP Blutdruckmessger\u00e4t | Swixed SA","isPartOf":{"@id":"https:\/\/swixed.ch\/de\/#website"},"primaryImageOfPage":{"@id":"https:\/\/swixed.ch\/de\/produkt\/sed60009\/#primaryimage"},"image":{"@id":"https:\/\/swixed.ch\/de\/produkt\/sed60009\/#primaryimage"},"thumbnailUrl":"https:\/\/swixed.ch\/wp-content\/uploads\/products\/heine-gp-03.png","datePublished":"2021-05-12T09:10:03+00:00","dateModified":"2026-04-20T20:03:35+00:00","description":"Manuelles Blutdruckmessger\u00e4t Heine Gamma GP mit Druckknopfventil f\u00fcr pr\u00e4zise Druckentlastung. Sto\u00dffestes, latexfreies Design, f\u00fcr alle Benutzer geeignet.","breadcrumb":{"@id":"https:\/\/swixed.ch\/de\/produkt\/sed60009\/#breadcrumb"},"inLanguage":"de","potentialAction":[{"@type":"ReadAction","target":["https:\/\/swixed.ch\/de\/produkt\/sed60009\/"]}]},{"@type":"ImageObject","inLanguage":"de","@id":"https:\/\/swixed.ch\/de\/produkt\/sed60009\/#primaryimage","url":"https:\/\/swixed.ch\/wp-content\/uploads\/products\/heine-gp-03.png","contentUrl":"https:\/\/swixed.ch\/wp-content\/uploads\/products\/heine-gp-03.png","width":600,"height":600,"caption":"heine-gp-03"},{"@type":"BreadcrumbList","@id":"https:\/\/swixed.ch\/de\/produkt\/sed60009\/#breadcrumb","itemListElement":[{"@type":"ListItem","position":1,"name":"Startseite","item":"https:\/\/swixed.ch\/de\/home\/"},{"@type":"ListItem","position":2,"name":"Shop","item":"https:\/\/swixed.ch\/de\/shop\/"},{"@type":"ListItem","position":3,"name":"Heine Gamma GP Blutdruckmessger\u00e4t"}]},{"@type":"WebSite","@id":"https:\/\/swixed.ch\/de\/#website","url":"https:\/\/swixed.ch\/de\/","name":"Swixed SA","description":"Elektronische Ger\u00e4te","publisher":{"@id":"https:\/\/swixed.ch\/de\/#organization"},"potentialAction":[{"@type":"SearchAction","target":{"@type":"EntryPoint","urlTemplate":"https:\/\/swixed.ch\/de\/?s={search_term_string}"},"query-input":{"@type":"PropertyValueSpecification","valueRequired":true,"valueName":"search_term_string"}}],"inLanguage":"de"},{"@type":"Organization","@id":"https:\/\/swixed.ch\/de\/#organization","name":"Swixed SA","url":"https:\/\/swixed.ch\/de\/","logo":{"@type":"ImageObject","inLanguage":"de","@id":"https:\/\/swixed.ch\/de\/#\/schema\/logo\/image\/","url":"https:\/\/swixed.ch\/wp-content\/uploads\/logos\/swixed-logo-lite.png","contentUrl":"https:\/\/swixed.ch\/wp-content\/uploads\/logos\/swixed-logo-lite.png","width":696,"height":696,"caption":"Swixed SA"},"image":{"@id":"https:\/\/swixed.ch\/de\/#\/schema\/logo\/image\/"},"sameAs":["https:\/\/www.facebook.com\/swixed","https:\/\/www.linkedin.com\/company\/swixed","https:\/\/www.youtube.com\/@swixedsa"],"description":"Swixed SA est une entreprise suisse bas\u00e9e \u00e0 Gen\u00e8ve, sp\u00e9cialis\u00e9e dans la vente, la location et la maintenance d\u2019appareils m\u00e9dicaux professionnels, tels que d\u00e9fibrillateurs AED, \u00e9lectrocardiographes, moniteurs patient et dispositifs de diagnostic.","email":"infoshop@swixed.ch","telephone":"+41 22 566 11 95","legalName":"Swixed SA","foundingDate":"2021-03-01","numberOfEmployees":{"@type":"QuantitativeValue","minValue":"1","maxValue":"10"}}]}},"_links":{"self":[{"href":"https:\/\/swixed.ch\/de\/wp-json\/wp\/v2\/product\/34520","targetHints":{"allow":["GET"]}}],"collection":[{"href":"https:\/\/swixed.ch\/de\/wp-json\/wp\/v2\/product"}],"about":[{"href":"https:\/\/swixed.ch\/de\/wp-json\/wp\/v2\/types\/product"}],"version-history":[{"count":1,"href":"https:\/\/swixed.ch\/de\/wp-json\/wp\/v2\/product\/34520\/revisions"}],"predecessor-version":[{"id":63028,"href":"https:\/\/swixed.ch\/de\/wp-json\/wp\/v2\/product\/34520\/revisions\/63028"}],"wp:featuredmedia":[{"embeddable":true,"href":"https:\/\/swixed.ch\/de\/wp-json\/wp\/v2\/media\/27875"}],"wp:attachment":[{"href":"https:\/\/swixed.ch\/de\/wp-json\/wp\/v2\/media?parent=34520"}],"wp:term":[{"taxonomy":"product_brand","embeddable":true,"href":"https:\/\/swixed.ch\/de\/wp-json\/wp\/v2\/product_brand?post=34520"},{"taxonomy":"product_cat","embeddable":true,"href":"https:\/\/swixed.ch\/de\/wp-json\/wp\/v2\/product_cat?post=34520"},{"taxonomy":"product_tag","embeddable":true,"href":"https:\/\/swixed.ch\/de\/wp-json\/wp\/v2\/product_tag?post=34520"}],"curies":[{"name":"wp","href":"https:\/\/api.w.org\/{rel}","templated":true}]}}