{"id":34566,"date":"2021-06-30T10:28:26","date_gmt":"2021-06-30T09:28:26","guid":{"rendered":"https:\/\/swixed.com\/produit\/blutdruckmessgeraet-boso-tm2450-remler-24h\/"},"modified":"2026-04-21T06:26:52","modified_gmt":"2026-04-21T05:26:52","slug":"sed63004","status":"publish","type":"product","link":"https:\/\/swixed.ch\/de\/produkt\/sed63004\/","title":{"rendered":"Boso TM2450 Remler 24-Stunden-Blutdruckmessger\u00e4t"},"content":{"rendered":"\t\t<div data-elementor-type=\"product-post\" data-elementor-id=\"34566\" class=\"elementor elementor-34566 elementor-5585\" data-elementor-post-type=\"product\">\n\t\t\t\t\t\t<section class=\"elementor-section elementor-top-section elementor-element elementor-element-834d306 elementor-section-boxed elementor-section-height-default elementor-section-height-default\" data-id=\"834d306\" data-element_type=\"section\" data-e-type=\"section\">\n\t\t\t\t\t\t<div class=\"elementor-container elementor-column-gap-default\">\n\t\t\t\t\t<div class=\"elementor-column elementor-col-100 elementor-top-column elementor-element elementor-element-085465e\" data-id=\"085465e\" data-element_type=\"column\" data-e-type=\"column\">\n\t\t\t<div class=\"elementor-widget-wrap elementor-element-populated\">\n\t\t\t\t\t\t<div class=\"elementor-element elementor-element-0684e71 elementor-widget elementor-widget-heading\" data-id=\"0684e71\" data-element_type=\"widget\" data-e-type=\"widget\" data-widget_type=\"heading.default\">\n\t\t\t\t\t<h2 class=\"elementor-heading-title elementor-size-default\">Beschreibung<\/h2>\t\t\t\t<\/div>\n\t\t\t\t\t<\/div>\n\t\t<\/div>\n\t\t\t\t\t<\/div>\n\t\t<\/section>\n\t\t\t\t<section class=\"elementor-section elementor-top-section elementor-element elementor-element-c0f3979 elementor-section-boxed elementor-section-height-default elementor-section-height-default\" data-id=\"c0f3979\" data-element_type=\"section\" data-e-type=\"section\">\n\t\t\t\t\t\t<div class=\"elementor-container elementor-column-gap-default\">\n\t\t\t\t\t<div class=\"elementor-column elementor-col-100 elementor-top-column elementor-element elementor-element-6e68e75\" data-id=\"6e68e75\" data-element_type=\"column\" data-e-type=\"column\">\n\t\t\t<div class=\"elementor-widget-wrap elementor-element-populated\">\n\t\t\t\t\t\t<div class=\"elementor-element elementor-element-3376bb3 elementor-widget elementor-widget-text-editor\" data-id=\"3376bb3\" data-element_type=\"widget\" data-e-type=\"widget\" data-widget_type=\"text-editor.default\">\n\t\t\t\t\t\t\t\t\t<p>Das <strong>24h-Blutdruckmessger\u00e4t<\/strong> Boso TM 2450 ist ein einfach zu bedienendes Messger\u00e4t, das pr\u00e4zise Messungen und eine schnelle Auswertung der Ergebnisse \u00fcber seine <strong>intuitive PC-Software<\/strong> erm\u00f6glicht.<\/p><p>Mit den Ma\u00dfen 2,5 x 9,5 x 6,6 cm ist der TM2450 <strong>sehr kompakt<\/strong> und kann leicht verstaut und transportiert werden. Um das Ger\u00e4t bequem zu tragen, wird es mit einer Tasche geliefert, die entweder mit einem G\u00fcrtel oder einem Schultergurt verwendet werden kann.<br>Insgesamt kann der interne Speicher des Remler TM2450 <strong>bis zu 600 Messergebnisse speichern<\/strong>. <\/p><p>Es ist <strong>m\u00f6glich, individuelle Zeitintervalle f\u00fcr die Messung<\/strong> sowie die Start- und Endzeit des Tag- und Nachtmodus <strong>einzustellen<\/strong>. Dar\u00fcber hinaus steht ein voreingestelltes Standard-Automatikprogramm zur Verf\u00fcgung. Es erm\u00f6glicht die direkte Aufzeichnung des Blutdrucks und der Herzfrequenz.  <\/p>\t\t\t\t\t\t\t\t<\/div>\n\t\t\t\t<div class=\"elementor-element elementor-element-4799974 elementor-widget elementor-widget-heading\" data-id=\"4799974\" data-element_type=\"widget\" data-e-type=\"widget\" data-widget_type=\"heading.default\">\n\t\t\t\t\t<h2 class=\"elementor-heading-title elementor-size-default\">Inhalt<\/h2>\t\t\t\t<\/div>\n\t\t\t\t<div class=\"elementor-element elementor-element-f8350d3 elementor-widget elementor-widget-text-editor\" data-id=\"f8350d3\" data-element_type=\"widget\" data-e-type=\"widget\" data-widget_type=\"text-editor.default\">\n\t\t\t\t\t\t\t\t\t<p>Inhalt des Pakets Boso TM2450 :<\/p><ul><li>24h-Blutdruckmessger\u00e4t Boso TM 2450 remler<\/li><li>Bewertungssoftware f\u00fcr Windows-Betriebssysteme (Boso profil-manager XD)<\/li><li>USB-Anschlusskabel<\/li><li>1 Batterieladeger\u00e4t<\/li><li>2 Batteries\u00e4tze (entspricht 4 wiederaufladbaren Batterien)<\/li><li>G\u00fcrteltasche mit Gurt<\/li><li>Manschette f\u00fcr einen Armumfang von 22 &#8211; 32 cm<\/li><\/ul>\t\t\t\t\t\t\t\t<\/div>\n\t\t\t\t\t<\/div>\n\t\t<\/div>\n\t\t\t\t\t<\/div>\n\t\t<\/section>\n\t\t\t\t<\/div>\n\t\t","protected":false},"excerpt":{"rendered":"<p>Das Boso TM-2450 ist ein elektronisches Blutdruckmessger\u00e4t, das f\u00fcr 24-Stunden-Messungen konzipiert ist. Es ist kompakt (2,5 x 9,5 x 6,6 cm) und leicht und wird mit einer speziellen PC-Software verwendet, die den Export und die Analyse der Daten erm\u00f6glicht. Das Ger\u00e4t wird mit einer Tragetasche geliefert, die am G\u00fcrtel oder als Schultergurt verwendet werden kann. Der interne Speicher erm\u00f6glicht die Aufzeichnung von bis zu 600 Messungen. Das Modell ist CE-zertifiziert und mit Boso-Manschetten f\u00fcr Erwachsene kompatibel.    <\/p>\n","protected":false},"featured_media":62669,"template":"","meta":{"_acf_changed":false},"product_brand":[2119],"product_cat":[1012,1079],"product_tag":[1017,1436,1014,1435,1434,1016,1433,1015],"class_list":{"0":"post-34566","1":"product","2":"type-product","3":"status-publish","4":"has-post-thumbnail","6":"product_brand-boso-de","7":"product_cat-blutdruckmessgerate","8":"product_cat-elektronische-blutdruckmessgerate","9":"product_tag-allgemeinmedizin","10":"product_tag-blutdruck-holter","11":"product_tag-diagnose","12":"product_tag-holter-de","13":"product_tag-mapa-de","14":"product_tag-mmhg-de","15":"product_tag-remler-de","16":"product_tag-spannung","17":"product_shipping_class-kostenloser-versand","19":"first","20":"instock","21":"sale","22":"taxable","23":"shipping-taxable","24":"purchasable","25":"product-type-simple"},"acf":[],"yoast_head":"<!-- This site is optimized with the Yoast SEO Premium plugin v27.4 (Yoast SEO v27.4) - https:\/\/yoast.com\/product\/yoast-seo-premium-wordpress\/ -->\n<title>Boso TM2450 Remler 24-Stunden-Blutdruckmessger\u00e4t | Swixed SA<\/title>\n<meta name=\"description\" content=\"Der 24-Stunden-Reminder Boso TM-2450 ist ein einfach zu bedienendes Ger\u00e4t, das genaue Messungen und eine schnelle Auswertung der Ergebnisse erm\u00f6glicht.\" \/>\n<meta name=\"robots\" content=\"index, follow, max-snippet:-1, max-image-preview:large, max-video-preview:-1\" \/>\n<link rel=\"canonical\" href=\"https:\/\/swixed.ch\/de\/produkt\/sed63004\/\" \/>\n<meta property=\"og:locale\" content=\"de_DE\" \/>\n<meta property=\"og:type\" content=\"article\" \/>\n<meta property=\"og:title\" content=\"Boso TM2450 Remler 24-Stunden-Blutdruckmessger\u00e4t\" \/>\n<meta property=\"og:description\" content=\"Der 24-Stunden-Reminder Boso TM-2450 ist ein einfach zu bedienendes Ger\u00e4t, das genaue Messungen und eine schnelle Auswertung der Ergebnisse erm\u00f6glicht.\" \/>\n<meta property=\"og:url\" content=\"https:\/\/swixed.ch\/de\/produkt\/sed63004\/\" \/>\n<meta property=\"og:site_name\" content=\"Swixed SA\" \/>\n<meta property=\"article:publisher\" content=\"https:\/\/www.facebook.com\/swixed\" \/>\n<meta property=\"article:modified_time\" content=\"2026-04-21T05:26:52+00:00\" \/>\n<meta property=\"og:image\" content=\"https:\/\/swixed.ch\/wp-content\/uploads\/products\/boso-tm2450-01a-1.png\" \/>\n\t<meta property=\"og:image:width\" content=\"600\" \/>\n\t<meta property=\"og:image:height\" content=\"600\" \/>\n\t<meta property=\"og:image:type\" content=\"image\/png\" \/>\n<meta name=\"twitter:card\" content=\"summary_large_image\" \/>\n<meta name=\"twitter:label1\" content=\"Gesch\u00e4tzte Lesezeit\" \/>\n\t<meta name=\"twitter:data1\" content=\"1\u00a0Minute\" \/>\n<script type=\"application\/ld+json\" class=\"yoast-schema-graph\">{\"@context\":\"https:\\\/\\\/schema.org\",\"@graph\":[{\"@type\":\"WebPage\",\"@id\":\"https:\\\/\\\/swixed.ch\\\/de\\\/produkt\\\/sed63004\\\/\",\"url\":\"https:\\\/\\\/swixed.ch\\\/de\\\/produkt\\\/sed63004\\\/\",\"name\":\"Boso TM2450 Remler 24-Stunden-Blutdruckmessger\u00e4t | Swixed SA\",\"isPartOf\":{\"@id\":\"https:\\\/\\\/swixed.ch\\\/de\\\/#website\"},\"primaryImageOfPage\":{\"@id\":\"https:\\\/\\\/swixed.ch\\\/de\\\/produkt\\\/sed63004\\\/#primaryimage\"},\"image\":{\"@id\":\"https:\\\/\\\/swixed.ch\\\/de\\\/produkt\\\/sed63004\\\/#primaryimage\"},\"thumbnailUrl\":\"https:\\\/\\\/swixed.ch\\\/wp-content\\\/uploads\\\/products\\\/boso-tm2450-01a-1.png\",\"datePublished\":\"2021-06-30T09:28:26+00:00\",\"dateModified\":\"2026-04-21T05:26:52+00:00\",\"description\":\"Der 24-Stunden-Reminder Boso TM-2450 ist ein einfach zu bedienendes Ger\u00e4t, das genaue Messungen und eine schnelle Auswertung der Ergebnisse erm\u00f6glicht.\",\"breadcrumb\":{\"@id\":\"https:\\\/\\\/swixed.ch\\\/de\\\/produkt\\\/sed63004\\\/#breadcrumb\"},\"inLanguage\":\"de\",\"potentialAction\":[{\"@type\":\"ReadAction\",\"target\":[\"https:\\\/\\\/swixed.ch\\\/de\\\/produkt\\\/sed63004\\\/\"]}]},{\"@type\":\"ImageObject\",\"inLanguage\":\"de\",\"@id\":\"https:\\\/\\\/swixed.ch\\\/de\\\/produkt\\\/sed63004\\\/#primaryimage\",\"url\":\"https:\\\/\\\/swixed.ch\\\/wp-content\\\/uploads\\\/products\\\/boso-tm2450-01a-1.png\",\"contentUrl\":\"https:\\\/\\\/swixed.ch\\\/wp-content\\\/uploads\\\/products\\\/boso-tm2450-01a-1.png\",\"width\":600,\"height\":600,\"caption\":\"boso tm2450 01a 1\"},{\"@type\":\"BreadcrumbList\",\"@id\":\"https:\\\/\\\/swixed.ch\\\/de\\\/produkt\\\/sed63004\\\/#breadcrumb\",\"itemListElement\":[{\"@type\":\"ListItem\",\"position\":1,\"name\":\"Startseite\",\"item\":\"https:\\\/\\\/swixed.ch\\\/de\\\/home\\\/\"},{\"@type\":\"ListItem\",\"position\":2,\"name\":\"Shop\",\"item\":\"https:\\\/\\\/swixed.ch\\\/de\\\/shop\\\/\"},{\"@type\":\"ListItem\",\"position\":3,\"name\":\"Boso TM2450 Remler 24-Stunden-Blutdruckmessger\u00e4t\"}]},{\"@type\":\"WebSite\",\"@id\":\"https:\\\/\\\/swixed.ch\\\/de\\\/#website\",\"url\":\"https:\\\/\\\/swixed.ch\\\/de\\\/\",\"name\":\"Swixed SA\",\"description\":\"Elektronische Ger\u00e4te\",\"publisher\":{\"@id\":\"https:\\\/\\\/swixed.ch\\\/de\\\/#organization\"},\"potentialAction\":[{\"@type\":\"SearchAction\",\"target\":{\"@type\":\"EntryPoint\",\"urlTemplate\":\"https:\\\/\\\/swixed.ch\\\/de\\\/?s={search_term_string}\"},\"query-input\":{\"@type\":\"PropertyValueSpecification\",\"valueRequired\":true,\"valueName\":\"search_term_string\"}}],\"inLanguage\":\"de\"},{\"@type\":\"Organization\",\"@id\":\"https:\\\/\\\/swixed.ch\\\/de\\\/#organization\",\"name\":\"Swixed SA\",\"url\":\"https:\\\/\\\/swixed.ch\\\/de\\\/\",\"logo\":{\"@type\":\"ImageObject\",\"inLanguage\":\"de\",\"@id\":\"https:\\\/\\\/swixed.ch\\\/de\\\/#\\\/schema\\\/logo\\\/image\\\/\",\"url\":\"https:\\\/\\\/swixed.ch\\\/wp-content\\\/uploads\\\/logos\\\/swixed-logo-lite.png\",\"contentUrl\":\"https:\\\/\\\/swixed.ch\\\/wp-content\\\/uploads\\\/logos\\\/swixed-logo-lite.png\",\"width\":696,\"height\":696,\"caption\":\"Swixed SA\"},\"image\":{\"@id\":\"https:\\\/\\\/swixed.ch\\\/de\\\/#\\\/schema\\\/logo\\\/image\\\/\"},\"sameAs\":[\"https:\\\/\\\/www.facebook.com\\\/swixed\",\"https:\\\/\\\/www.linkedin.com\\\/company\\\/swixed\",\"https:\\\/\\\/www.youtube.com\\\/@swixedsa\"],\"description\":\"Swixed SA est une entreprise suisse bas\u00e9e \u00e0 Gen\u00e8ve, sp\u00e9cialis\u00e9e dans la vente, la location et la maintenance d\u2019appareils m\u00e9dicaux professionnels, tels que d\u00e9fibrillateurs AED, \u00e9lectrocardiographes, moniteurs patient et dispositifs de diagnostic.\",\"email\":\"infoshop@swixed.ch\",\"telephone\":\"+41 22 566 11 95\",\"legalName\":\"Swixed SA\",\"foundingDate\":\"2021-03-01\",\"numberOfEmployees\":{\"@type\":\"QuantitativeValue\",\"minValue\":\"1\",\"maxValue\":\"10\"}}]}<\/script>\n<!-- \/ Yoast SEO Premium plugin. -->","yoast_head_json":{"title":"Boso TM2450 Remler 24-Stunden-Blutdruckmessger\u00e4t | Swixed SA","description":"Der 24-Stunden-Reminder Boso TM-2450 ist ein einfach zu bedienendes Ger\u00e4t, das genaue Messungen und eine schnelle Auswertung der Ergebnisse erm\u00f6glicht.","robots":{"index":"index","follow":"follow","max-snippet":"max-snippet:-1","max-image-preview":"max-image-preview:large","max-video-preview":"max-video-preview:-1"},"canonical":"https:\/\/swixed.ch\/de\/produkt\/sed63004\/","og_locale":"de_DE","og_type":"article","og_title":"Boso TM2450 Remler 24-Stunden-Blutdruckmessger\u00e4t","og_description":"Der 24-Stunden-Reminder Boso TM-2450 ist ein einfach zu bedienendes Ger\u00e4t, das genaue Messungen und eine schnelle Auswertung der Ergebnisse erm\u00f6glicht.","og_url":"https:\/\/swixed.ch\/de\/produkt\/sed63004\/","og_site_name":"Swixed SA","article_publisher":"https:\/\/www.facebook.com\/swixed","article_modified_time":"2026-04-21T05:26:52+00:00","og_image":[{"width":600,"height":600,"url":"https:\/\/swixed.ch\/wp-content\/uploads\/products\/boso-tm2450-01a-1.png","type":"image\/png"}],"twitter_card":"summary_large_image","twitter_misc":{"Gesch\u00e4tzte Lesezeit":"1\u00a0Minute"},"schema":{"@context":"https:\/\/schema.org","@graph":[{"@type":"WebPage","@id":"https:\/\/swixed.ch\/de\/produkt\/sed63004\/","url":"https:\/\/swixed.ch\/de\/produkt\/sed63004\/","name":"Boso TM2450 Remler 24-Stunden-Blutdruckmessger\u00e4t | Swixed SA","isPartOf":{"@id":"https:\/\/swixed.ch\/de\/#website"},"primaryImageOfPage":{"@id":"https:\/\/swixed.ch\/de\/produkt\/sed63004\/#primaryimage"},"image":{"@id":"https:\/\/swixed.ch\/de\/produkt\/sed63004\/#primaryimage"},"thumbnailUrl":"https:\/\/swixed.ch\/wp-content\/uploads\/products\/boso-tm2450-01a-1.png","datePublished":"2021-06-30T09:28:26+00:00","dateModified":"2026-04-21T05:26:52+00:00","description":"Der 24-Stunden-Reminder Boso TM-2450 ist ein einfach zu bedienendes Ger\u00e4t, das genaue Messungen und eine schnelle Auswertung der Ergebnisse erm\u00f6glicht.","breadcrumb":{"@id":"https:\/\/swixed.ch\/de\/produkt\/sed63004\/#breadcrumb"},"inLanguage":"de","potentialAction":[{"@type":"ReadAction","target":["https:\/\/swixed.ch\/de\/produkt\/sed63004\/"]}]},{"@type":"ImageObject","inLanguage":"de","@id":"https:\/\/swixed.ch\/de\/produkt\/sed63004\/#primaryimage","url":"https:\/\/swixed.ch\/wp-content\/uploads\/products\/boso-tm2450-01a-1.png","contentUrl":"https:\/\/swixed.ch\/wp-content\/uploads\/products\/boso-tm2450-01a-1.png","width":600,"height":600,"caption":"boso tm2450 01a 1"},{"@type":"BreadcrumbList","@id":"https:\/\/swixed.ch\/de\/produkt\/sed63004\/#breadcrumb","itemListElement":[{"@type":"ListItem","position":1,"name":"Startseite","item":"https:\/\/swixed.ch\/de\/home\/"},{"@type":"ListItem","position":2,"name":"Shop","item":"https:\/\/swixed.ch\/de\/shop\/"},{"@type":"ListItem","position":3,"name":"Boso TM2450 Remler 24-Stunden-Blutdruckmessger\u00e4t"}]},{"@type":"WebSite","@id":"https:\/\/swixed.ch\/de\/#website","url":"https:\/\/swixed.ch\/de\/","name":"Swixed SA","description":"Elektronische Ger\u00e4te","publisher":{"@id":"https:\/\/swixed.ch\/de\/#organization"},"potentialAction":[{"@type":"SearchAction","target":{"@type":"EntryPoint","urlTemplate":"https:\/\/swixed.ch\/de\/?s={search_term_string}"},"query-input":{"@type":"PropertyValueSpecification","valueRequired":true,"valueName":"search_term_string"}}],"inLanguage":"de"},{"@type":"Organization","@id":"https:\/\/swixed.ch\/de\/#organization","name":"Swixed SA","url":"https:\/\/swixed.ch\/de\/","logo":{"@type":"ImageObject","inLanguage":"de","@id":"https:\/\/swixed.ch\/de\/#\/schema\/logo\/image\/","url":"https:\/\/swixed.ch\/wp-content\/uploads\/logos\/swixed-logo-lite.png","contentUrl":"https:\/\/swixed.ch\/wp-content\/uploads\/logos\/swixed-logo-lite.png","width":696,"height":696,"caption":"Swixed SA"},"image":{"@id":"https:\/\/swixed.ch\/de\/#\/schema\/logo\/image\/"},"sameAs":["https:\/\/www.facebook.com\/swixed","https:\/\/www.linkedin.com\/company\/swixed","https:\/\/www.youtube.com\/@swixedsa"],"description":"Swixed SA est une entreprise suisse bas\u00e9e \u00e0 Gen\u00e8ve, sp\u00e9cialis\u00e9e dans la vente, la location et la maintenance d\u2019appareils m\u00e9dicaux professionnels, tels que d\u00e9fibrillateurs AED, \u00e9lectrocardiographes, moniteurs patient et dispositifs de diagnostic.","email":"infoshop@swixed.ch","telephone":"+41 22 566 11 95","legalName":"Swixed SA","foundingDate":"2021-03-01","numberOfEmployees":{"@type":"QuantitativeValue","minValue":"1","maxValue":"10"}}]}},"_links":{"self":[{"href":"https:\/\/swixed.ch\/de\/wp-json\/wp\/v2\/product\/34566","targetHints":{"allow":["GET"]}}],"collection":[{"href":"https:\/\/swixed.ch\/de\/wp-json\/wp\/v2\/product"}],"about":[{"href":"https:\/\/swixed.ch\/de\/wp-json\/wp\/v2\/types\/product"}],"version-history":[{"count":1,"href":"https:\/\/swixed.ch\/de\/wp-json\/wp\/v2\/product\/34566\/revisions"}],"predecessor-version":[{"id":63040,"href":"https:\/\/swixed.ch\/de\/wp-json\/wp\/v2\/product\/34566\/revisions\/63040"}],"wp:featuredmedia":[{"embeddable":true,"href":"https:\/\/swixed.ch\/de\/wp-json\/wp\/v2\/media\/62669"}],"wp:attachment":[{"href":"https:\/\/swixed.ch\/de\/wp-json\/wp\/v2\/media?parent=34566"}],"wp:term":[{"taxonomy":"product_brand","embeddable":true,"href":"https:\/\/swixed.ch\/de\/wp-json\/wp\/v2\/product_brand?post=34566"},{"taxonomy":"product_cat","embeddable":true,"href":"https:\/\/swixed.ch\/de\/wp-json\/wp\/v2\/product_cat?post=34566"},{"taxonomy":"product_tag","embeddable":true,"href":"https:\/\/swixed.ch\/de\/wp-json\/wp\/v2\/product_tag?post=34566"}],"curies":[{"name":"wp","href":"https:\/\/api.w.org\/{rel}","templated":true}]}}