{"id":34602,"date":"2021-05-18T10:23:30","date_gmt":"2021-05-18T08:23:30","guid":{"rendered":"https:\/\/swixed.com\/produit\/heine-beta-200-ophthalmoskop\/"},"modified":"2025-12-28T20:59:10","modified_gmt":"2025-12-28T19:59:10","slug":"sed82002","status":"publish","type":"product","link":"https:\/\/swixed.ch\/de\/produkt\/sed82002\/","title":{"rendered":"Heine Beta 200 &#8211; Staubdichtes Ophthalmoskop mit asph\u00e4rischer Optik"},"content":{"rendered":"\t\t<div data-elementor-type=\"product-post\" data-elementor-id=\"34602\" class=\"elementor elementor-34602 elementor-4709\" data-elementor-post-type=\"product\">\n\t\t\t\t\t\t<section class=\"elementor-section elementor-top-section elementor-element elementor-element-c0f3979 elementor-section-boxed elementor-section-height-default elementor-section-height-default\" data-id=\"c0f3979\" data-element_type=\"section\" data-e-type=\"section\">\n\t\t\t\t\t\t<div class=\"elementor-container elementor-column-gap-default\">\n\t\t\t\t\t<div class=\"elementor-column elementor-col-100 elementor-top-column elementor-element elementor-element-6e68e75\" data-id=\"6e68e75\" data-element_type=\"column\" data-e-type=\"column\">\n\t\t\t<div class=\"elementor-widget-wrap elementor-element-populated\">\n\t\t\t\t\t\t<div class=\"elementor-element elementor-element-0684e71 elementor-widget elementor-widget-heading\" data-id=\"0684e71\" data-element_type=\"widget\" data-e-type=\"widget\" data-widget_type=\"heading.default\">\n\t\t\t\t\t<h2 class=\"elementor-heading-title elementor-size-default\">Beschreibung<\/h2>\t\t\t\t<\/div>\n\t\t\t\t<div class=\"elementor-element elementor-element-3376bb3 elementor-widget elementor-widget-text-editor\" data-id=\"3376bb3\" data-element_type=\"widget\" data-e-type=\"widget\" data-widget_type=\"text-editor.default\">\n\t\t\t\t\t\t\t\t\t<p>Das<strong>Heine Beta 200 Ophthalmoskop<\/strong> ist ein hochwertiges, <strong>staubdichtes<\/strong> und besonders robustes Modell. Es verf\u00fcgt \u00fcber eine fortschrittliche, von Heine patentierte asph\u00e4rische Optik, die (durch die Umsetzung des Gullstrand-Prinzips) die Reflexionen der Hornhaut und der Iris reduziert, um ein extrem scharfes und klares Bild des Augenhintergrunds zu gew\u00e4hrleisten.<\/p><p>Das<strong>Heine Beta 200 Ophthalmoskop<\/strong> nutzt die verbesserte Technologie der XHL Xenon Halogenlampen und liefert ein konzentriertes und homogenes wei\u00dfes Licht, das f\u00fcr die ophthalmologische Untersuchung der Medien (Hornhaut, Kammerwasser, Linse, Glask\u00f6rper) und der Netzhaut des Auges geeignet ist.<\/p><p>Es kann auch mit der <strong>HQ-LED-Technologie<\/strong> von Heine von Heine ausgestattet werden, die eine blend- und reflexfreie Beleuchtung bietet, die doppelt so hell ist wie die von Instrumenten mit Halogenbeleuchtung. Au\u00dferdem bietet es eine hervorragende Farbwiedergabe und erm\u00f6glicht eine sehr genaue Diagnose.<\/p><p>Ausgestattet mit einem Beobachtungsfenster aus optischem Spezialglas mit Einbuchtung, das Umgebungslicht st\u00f6rt nicht. Mit ihrer ergonomischen Form passt sie sich bequem der Augenh\u00f6hle an und schirmt das Auge vom Umgebungslicht ab. Seine weiche Orbitalst\u00fctze sch\u00fctzt die eventuell vorhandene Brille des Betrachters.<\/p><p>Der gro\u00dfe Korrekturbereich (-35 D bis +40 D) sorgt auch bei starker Fehlsichtigkeit f\u00fcr ein scharfes Bild.<\/p><p>Das HEINE Beta 200 Ophthalmoskop ist f\u00fcr enge oder erweiterte Pupillen geeignet und erm\u00f6glicht neben der Spalt- und Fluoreszenz-Ophthalmoskopie auch den Fixationstest. Er verf\u00fcgt \u00fcber<strong> 6 verschiedene Blenden<\/strong> und einen separat schaltbaren gr\u00fcnen (Rot ausblendenden) Interferenzfilter (der mit allen Blenden verwendet werden kann).<\/p><p>Das BETA 200 Ophthalmoskop wird in mehreren Varianten angeboten. Alle Sets bestehen aus einem Etui und einem Heine BETA 200 Ophthalmoskopkopf. Sie unterscheiden sich in ihrem Stromversorgungssystem (2,5-V-Griffe mit Batterie oder 3,5-V-Griffe mit Akkus und Ladeger\u00e4t) und in der Art der Beleuchtung XHL oder LED.<\/p>\t\t\t\t\t\t\t\t<\/div>\n\t\t\t\t<div class=\"elementor-element elementor-element-af04992 elementor-widget elementor-widget-heading\" data-id=\"af04992\" data-element_type=\"widget\" data-e-type=\"widget\" data-widget_type=\"heading.default\">\n\t\t\t\t\t<h3 class=\"elementor-heading-title elementor-size-default\">Heine Beta 200 Ophthalmoskop Version 2.5 V XHL<\/h3>\t\t\t\t<\/div>\n\t\t\t\t<div class=\"elementor-element elementor-element-8a6eb4c elementor-widget elementor-widget-text-editor\" data-id=\"8a6eb4c\" data-element_type=\"widget\" data-e-type=\"widget\" data-widget_type=\"text-editor.default\">\n\t\t\t\t\t\t\t\t\t<p><strong>Ref. SED82002 Mit batteriebetriebenem Griff.<\/strong><\/p><ul><li>1 BETA 200 2.5V XHL Diagnostik-Ophthalmoskopkopf.<\/li><li>1 Batteriegriff (Batterien nicht im Lieferumfang enthalten)<\/li><li>1 Ersatzgl\u00fchbirne.<\/li><li>1 Hartschalenetui.<\/li><\/ul>\t\t\t\t\t\t\t\t<\/div>\n\t\t\t\t<div class=\"elementor-element elementor-element-aacf333 elementor-widget elementor-widget-heading\" data-id=\"aacf333\" data-element_type=\"widget\" data-e-type=\"widget\" data-widget_type=\"heading.default\">\n\t\t\t\t\t<h3 class=\"elementor-heading-title elementor-size-default\">Heine Beta 200 Ophthalmoskop Version 3.5V XHL (abh\u00e4ngig vom gew\u00e4hlten Modell)<\/h3>\t\t\t\t<\/div>\n\t\t\t\t<div class=\"elementor-element elementor-element-ad8baa7 elementor-widget elementor-widget-text-editor\" data-id=\"ad8baa7\" data-element_type=\"widget\" data-e-type=\"widget\" data-widget_type=\"text-editor.default\">\n\t\t\t\t\t\t\t\t\t<p><strong>Ref. SED82002-01 Mit BETA4-Griff (Li-ION) und USB-Ladeger\u00e4t<\/strong><\/p><ul><li>1 BETA 200 3.5V Ophthalmoskopkopf.<\/li><li>1 wiederaufladbarer Griff BETA4 (Li-Ion-Akkus)<\/li><li>1 Ersatzgl\u00fchbirne.<\/li><li>1 Hartschalenetui.<\/li><li>1 USB-Ladeger\u00e4t (Kabel + Netzteil).<\/li><\/ul><p><strong>Ref. SED82002-03 Mit BETA4-Griff (Li-ION) und NT 4-Ladeger\u00e4t<\/strong><\/p><ul><li>1 BETA 200 3.5V Ophthalmoskopkopf.<\/li><li>1 wiederaufladbarer Griff BETA4 (Li-Ion-Akkus)<\/li><li>1 Ersatzgl\u00fchbirne.<\/li><li>1 Hartschalenetui.<\/li><li>1 NT4-Tischlader.<\/li><\/ul>\t\t\t\t\t\t\t\t<\/div>\n\t\t\t\t<div class=\"elementor-element elementor-element-899fb87 elementor-widget elementor-widget-heading\" data-id=\"899fb87\" data-element_type=\"widget\" data-e-type=\"widget\" data-widget_type=\"heading.default\">\n\t\t\t\t\t<h3 class=\"elementor-heading-title elementor-size-default\">Heine Beta 200 Ophthalmoskop LED-Version (abh\u00e4ngig vom gew\u00e4hlten Modell)<\/h3>\t\t\t\t<\/div>\n\t\t\t\t<div class=\"elementor-element elementor-element-c2cdaa0 elementor-widget elementor-widget-text-editor\" data-id=\"c2cdaa0\" data-element_type=\"widget\" data-e-type=\"widget\" data-widget_type=\"text-editor.default\">\n\t\t\t\t\t\t\t\t\t<p><strong>Ref. SED82002-02 Mit BETA4-Griff (Li-ION) und USB-Ladeger\u00e4t<\/strong><\/p><ul><li>1 BETA 200 LED-Ophthalmoskopkopf.<\/li><li>1 wiederaufladbarer Griff BETA4 (Li-Ion-Akkus)<\/li><li>1 Hartschalenetui.<\/li><li>1 USB-Ladeger\u00e4t (Kabel + Netzteil).<\/li><\/ul><p><strong>Ref. SED82002-04 Mit BETA4-Griff (Li-ION) und NT 4-Ladeger\u00e4t<\/strong><\/p><ul><li>1 BETA 200 LED-Ophthalmoskopkopf mit Glasfaseroptik.<\/li><li>1 wiederaufladbarer Griff BETA4 (Li-Ion-Akkus)<\/li><li>1 Hartschalenetui.<\/li><li>1 NT4-Tischlader.<\/li><\/ul>\t\t\t\t\t\t\t\t<\/div>\n\t\t\t\t\t<\/div>\n\t\t<\/div>\n\t\t\t\t\t<\/div>\n\t\t<\/section>\n\t\t\t\t<\/div>\n\t\t","protected":false},"excerpt":{"rendered":"<p>Das Heine Beta 200 ist ein staubdichtes Ophthalmoskop mit robustem Geh\u00e4use und asph\u00e4rischer Optik nach dem Gullstrand-Prinzip. Es ist in verschiedenen Ausf\u00fchrungen erh\u00e4ltlich: mit 2,5 V Batteriegriff oder 3,5 V Akku-Handgriff mit Ladeger\u00e4t sowie mit XHL- oder LED-Beleuchtung. Jedes Set enth\u00e4lt einen Beta 200 Ophthalmoskop-Kopf und ein passendes Etui. CE-zertifiziertes Zubeh\u00f6r f\u00fcr den professionellen Einsatz.    <\/p>\n","protected":false},"featured_media":27835,"template":"","meta":{"_acf_changed":false},"product_brand":[2147],"product_cat":[1373,1374],"product_tag":[1017,1377,1014,1376,1375],"class_list":{"0":"post-34602","1":"product","2":"type-product","3":"status-publish","4":"has-post-thumbnail","6":"product_brand-heine-de","7":"product_cat-ophthalmoskope","8":"product_cat-geraete-ophthalmoskope","9":"product_tag-allgemeinmedizin","10":"product_tag-blende","11":"product_tag-diagnose","12":"product_tag-okular","13":"product_tag-orl-de","15":"first","16":"instock","17":"taxable","18":"shipping-taxable","19":"purchasable","20":"product-type-variable","21":"has-default-attributes"},"acf":[],"yoast_head":"<!-- This site is optimized with the Yoast SEO Premium plugin v27.4 (Yoast SEO v27.4) - https:\/\/yoast.com\/product\/yoast-seo-premium-wordpress\/ -->\n<title>Heine Beta 200 - Staubdichtes Ophthalmoskop mit asph\u00e4rischer Optik | Swixed SA<\/title>\n<meta name=\"description\" content=\"Hochwertiges Modell. Es verf\u00fcgt \u00fcber eine fortschrittliche asph\u00e4rische Optik, die die Reflexionen der Hornhaut und der Iris reduziert (Gullstrand-Prinzip).\" \/>\n<meta name=\"robots\" content=\"index, follow, max-snippet:-1, max-image-preview:large, max-video-preview:-1\" \/>\n<link rel=\"canonical\" href=\"https:\/\/swixed.ch\/de\/produkt\/sed82002\/\" \/>\n<meta property=\"og:locale\" content=\"de_DE\" \/>\n<meta property=\"og:type\" content=\"article\" \/>\n<meta property=\"og:title\" content=\"Heine Beta 200 - Staubdichtes Ophthalmoskop mit asph\u00e4rischer Optik\" \/>\n<meta property=\"og:description\" content=\"Hochwertiges Modell. Es verf\u00fcgt \u00fcber eine fortschrittliche asph\u00e4rische Optik, die die Reflexionen der Hornhaut und der Iris reduziert (Gullstrand-Prinzip).\" \/>\n<meta property=\"og:url\" content=\"https:\/\/swixed.ch\/de\/produkt\/sed82002\/\" \/>\n<meta property=\"og:site_name\" content=\"Swixed SA\" \/>\n<meta property=\"article:publisher\" content=\"https:\/\/www.facebook.com\/swixed\" \/>\n<meta property=\"article:modified_time\" content=\"2025-12-28T19:59:10+00:00\" \/>\n<meta property=\"og:image\" content=\"https:\/\/swixed.ch\/wp-content\/uploads\/products\/heine-beta-200-ophtalmoscope-01.png\" \/>\n\t<meta property=\"og:image:width\" content=\"600\" \/>\n\t<meta property=\"og:image:height\" content=\"600\" \/>\n\t<meta property=\"og:image:type\" content=\"image\/png\" \/>\n<meta name=\"twitter:card\" content=\"summary_large_image\" \/>\n<meta name=\"twitter:label1\" content=\"Gesch\u00e4tzte Lesezeit\" \/>\n\t<meta name=\"twitter:data1\" content=\"2\u00a0Minuten\" \/>\n<script type=\"application\/ld+json\" class=\"yoast-schema-graph\">{\"@context\":\"https:\\\/\\\/schema.org\",\"@graph\":[{\"@type\":\"WebPage\",\"@id\":\"https:\\\/\\\/swixed.ch\\\/de\\\/produkt\\\/sed82002\\\/\",\"url\":\"https:\\\/\\\/swixed.ch\\\/de\\\/produkt\\\/sed82002\\\/\",\"name\":\"Heine Beta 200 - Staubdichtes Ophthalmoskop mit asph\u00e4rischer Optik | Swixed SA\",\"isPartOf\":{\"@id\":\"https:\\\/\\\/swixed.ch\\\/de\\\/#website\"},\"primaryImageOfPage\":{\"@id\":\"https:\\\/\\\/swixed.ch\\\/de\\\/produkt\\\/sed82002\\\/#primaryimage\"},\"image\":{\"@id\":\"https:\\\/\\\/swixed.ch\\\/de\\\/produkt\\\/sed82002\\\/#primaryimage\"},\"thumbnailUrl\":\"https:\\\/\\\/swixed.ch\\\/wp-content\\\/uploads\\\/products\\\/heine-beta-200-ophtalmoscope-01.png\",\"datePublished\":\"2021-05-18T08:23:30+00:00\",\"dateModified\":\"2025-12-28T19:59:10+00:00\",\"description\":\"Hochwertiges Modell. Es verf\u00fcgt \u00fcber eine fortschrittliche asph\u00e4rische Optik, die die Reflexionen der Hornhaut und der Iris reduziert (Gullstrand-Prinzip).\",\"breadcrumb\":{\"@id\":\"https:\\\/\\\/swixed.ch\\\/de\\\/produkt\\\/sed82002\\\/#breadcrumb\"},\"inLanguage\":\"de\",\"potentialAction\":[{\"@type\":\"ReadAction\",\"target\":[\"https:\\\/\\\/swixed.ch\\\/de\\\/produkt\\\/sed82002\\\/\"]}]},{\"@type\":\"ImageObject\",\"inLanguage\":\"de\",\"@id\":\"https:\\\/\\\/swixed.ch\\\/de\\\/produkt\\\/sed82002\\\/#primaryimage\",\"url\":\"https:\\\/\\\/swixed.ch\\\/wp-content\\\/uploads\\\/products\\\/heine-beta-200-ophtalmoscope-01.png\",\"contentUrl\":\"https:\\\/\\\/swixed.ch\\\/wp-content\\\/uploads\\\/products\\\/heine-beta-200-ophtalmoscope-01.png\",\"width\":600,\"height\":600,\"caption\":\"heine-beta-200-ophtalmoscope-01\"},{\"@type\":\"BreadcrumbList\",\"@id\":\"https:\\\/\\\/swixed.ch\\\/de\\\/produkt\\\/sed82002\\\/#breadcrumb\",\"itemListElement\":[{\"@type\":\"ListItem\",\"position\":1,\"name\":\"Startseite\",\"item\":\"https:\\\/\\\/swixed.ch\\\/de\\\/home\\\/\"},{\"@type\":\"ListItem\",\"position\":2,\"name\":\"Shop\",\"item\":\"https:\\\/\\\/swixed.ch\\\/de\\\/shop\\\/\"},{\"@type\":\"ListItem\",\"position\":3,\"name\":\"Heine Beta 200 &#8211; Staubdichtes Ophthalmoskop mit asph\u00e4rischer Optik\"}]},{\"@type\":\"WebSite\",\"@id\":\"https:\\\/\\\/swixed.ch\\\/de\\\/#website\",\"url\":\"https:\\\/\\\/swixed.ch\\\/de\\\/\",\"name\":\"Swixed SA\",\"description\":\"Elektronische Ger\u00e4te\",\"publisher\":{\"@id\":\"https:\\\/\\\/swixed.ch\\\/de\\\/#organization\"},\"potentialAction\":[{\"@type\":\"SearchAction\",\"target\":{\"@type\":\"EntryPoint\",\"urlTemplate\":\"https:\\\/\\\/swixed.ch\\\/de\\\/?s={search_term_string}\"},\"query-input\":{\"@type\":\"PropertyValueSpecification\",\"valueRequired\":true,\"valueName\":\"search_term_string\"}}],\"inLanguage\":\"de\"},{\"@type\":\"Organization\",\"@id\":\"https:\\\/\\\/swixed.ch\\\/de\\\/#organization\",\"name\":\"Swixed SA\",\"url\":\"https:\\\/\\\/swixed.ch\\\/de\\\/\",\"logo\":{\"@type\":\"ImageObject\",\"inLanguage\":\"de\",\"@id\":\"https:\\\/\\\/swixed.ch\\\/de\\\/#\\\/schema\\\/logo\\\/image\\\/\",\"url\":\"https:\\\/\\\/swixed.ch\\\/wp-content\\\/uploads\\\/logos\\\/swixed-logo-lite.png\",\"contentUrl\":\"https:\\\/\\\/swixed.ch\\\/wp-content\\\/uploads\\\/logos\\\/swixed-logo-lite.png\",\"width\":696,\"height\":696,\"caption\":\"Swixed SA\"},\"image\":{\"@id\":\"https:\\\/\\\/swixed.ch\\\/de\\\/#\\\/schema\\\/logo\\\/image\\\/\"},\"sameAs\":[\"https:\\\/\\\/www.facebook.com\\\/swixed\",\"https:\\\/\\\/www.linkedin.com\\\/company\\\/swixed\",\"https:\\\/\\\/www.youtube.com\\\/@swixedsa\"],\"description\":\"Swixed SA est une entreprise suisse bas\u00e9e \u00e0 Gen\u00e8ve, sp\u00e9cialis\u00e9e dans la vente, la location et la maintenance d\u2019appareils m\u00e9dicaux professionnels, tels que d\u00e9fibrillateurs AED, \u00e9lectrocardiographes, moniteurs patient et dispositifs de diagnostic.\",\"email\":\"infoshop@swixed.ch\",\"telephone\":\"+41 22 566 11 95\",\"legalName\":\"Swixed SA\",\"foundingDate\":\"2021-03-01\",\"numberOfEmployees\":{\"@type\":\"QuantitativeValue\",\"minValue\":\"1\",\"maxValue\":\"10\"}}]}<\/script>\n<!-- \/ Yoast SEO Premium plugin. -->","yoast_head_json":{"title":"Heine Beta 200 - Staubdichtes Ophthalmoskop mit asph\u00e4rischer Optik | Swixed SA","description":"Hochwertiges Modell. Es verf\u00fcgt \u00fcber eine fortschrittliche asph\u00e4rische Optik, die die Reflexionen der Hornhaut und der Iris reduziert (Gullstrand-Prinzip).","robots":{"index":"index","follow":"follow","max-snippet":"max-snippet:-1","max-image-preview":"max-image-preview:large","max-video-preview":"max-video-preview:-1"},"canonical":"https:\/\/swixed.ch\/de\/produkt\/sed82002\/","og_locale":"de_DE","og_type":"article","og_title":"Heine Beta 200 - Staubdichtes Ophthalmoskop mit asph\u00e4rischer Optik","og_description":"Hochwertiges Modell. Es verf\u00fcgt \u00fcber eine fortschrittliche asph\u00e4rische Optik, die die Reflexionen der Hornhaut und der Iris reduziert (Gullstrand-Prinzip).","og_url":"https:\/\/swixed.ch\/de\/produkt\/sed82002\/","og_site_name":"Swixed SA","article_publisher":"https:\/\/www.facebook.com\/swixed","article_modified_time":"2025-12-28T19:59:10+00:00","og_image":[{"width":600,"height":600,"url":"https:\/\/swixed.ch\/wp-content\/uploads\/products\/heine-beta-200-ophtalmoscope-01.png","type":"image\/png"}],"twitter_card":"summary_large_image","twitter_misc":{"Gesch\u00e4tzte Lesezeit":"2\u00a0Minuten"},"schema":{"@context":"https:\/\/schema.org","@graph":[{"@type":"WebPage","@id":"https:\/\/swixed.ch\/de\/produkt\/sed82002\/","url":"https:\/\/swixed.ch\/de\/produkt\/sed82002\/","name":"Heine Beta 200 - Staubdichtes Ophthalmoskop mit asph\u00e4rischer Optik | Swixed SA","isPartOf":{"@id":"https:\/\/swixed.ch\/de\/#website"},"primaryImageOfPage":{"@id":"https:\/\/swixed.ch\/de\/produkt\/sed82002\/#primaryimage"},"image":{"@id":"https:\/\/swixed.ch\/de\/produkt\/sed82002\/#primaryimage"},"thumbnailUrl":"https:\/\/swixed.ch\/wp-content\/uploads\/products\/heine-beta-200-ophtalmoscope-01.png","datePublished":"2021-05-18T08:23:30+00:00","dateModified":"2025-12-28T19:59:10+00:00","description":"Hochwertiges Modell. Es verf\u00fcgt \u00fcber eine fortschrittliche asph\u00e4rische Optik, die die Reflexionen der Hornhaut und der Iris reduziert (Gullstrand-Prinzip).","breadcrumb":{"@id":"https:\/\/swixed.ch\/de\/produkt\/sed82002\/#breadcrumb"},"inLanguage":"de","potentialAction":[{"@type":"ReadAction","target":["https:\/\/swixed.ch\/de\/produkt\/sed82002\/"]}]},{"@type":"ImageObject","inLanguage":"de","@id":"https:\/\/swixed.ch\/de\/produkt\/sed82002\/#primaryimage","url":"https:\/\/swixed.ch\/wp-content\/uploads\/products\/heine-beta-200-ophtalmoscope-01.png","contentUrl":"https:\/\/swixed.ch\/wp-content\/uploads\/products\/heine-beta-200-ophtalmoscope-01.png","width":600,"height":600,"caption":"heine-beta-200-ophtalmoscope-01"},{"@type":"BreadcrumbList","@id":"https:\/\/swixed.ch\/de\/produkt\/sed82002\/#breadcrumb","itemListElement":[{"@type":"ListItem","position":1,"name":"Startseite","item":"https:\/\/swixed.ch\/de\/home\/"},{"@type":"ListItem","position":2,"name":"Shop","item":"https:\/\/swixed.ch\/de\/shop\/"},{"@type":"ListItem","position":3,"name":"Heine Beta 200 &#8211; Staubdichtes Ophthalmoskop mit asph\u00e4rischer Optik"}]},{"@type":"WebSite","@id":"https:\/\/swixed.ch\/de\/#website","url":"https:\/\/swixed.ch\/de\/","name":"Swixed SA","description":"Elektronische Ger\u00e4te","publisher":{"@id":"https:\/\/swixed.ch\/de\/#organization"},"potentialAction":[{"@type":"SearchAction","target":{"@type":"EntryPoint","urlTemplate":"https:\/\/swixed.ch\/de\/?s={search_term_string}"},"query-input":{"@type":"PropertyValueSpecification","valueRequired":true,"valueName":"search_term_string"}}],"inLanguage":"de"},{"@type":"Organization","@id":"https:\/\/swixed.ch\/de\/#organization","name":"Swixed SA","url":"https:\/\/swixed.ch\/de\/","logo":{"@type":"ImageObject","inLanguage":"de","@id":"https:\/\/swixed.ch\/de\/#\/schema\/logo\/image\/","url":"https:\/\/swixed.ch\/wp-content\/uploads\/logos\/swixed-logo-lite.png","contentUrl":"https:\/\/swixed.ch\/wp-content\/uploads\/logos\/swixed-logo-lite.png","width":696,"height":696,"caption":"Swixed SA"},"image":{"@id":"https:\/\/swixed.ch\/de\/#\/schema\/logo\/image\/"},"sameAs":["https:\/\/www.facebook.com\/swixed","https:\/\/www.linkedin.com\/company\/swixed","https:\/\/www.youtube.com\/@swixedsa"],"description":"Swixed SA est une entreprise suisse bas\u00e9e \u00e0 Gen\u00e8ve, sp\u00e9cialis\u00e9e dans la vente, la location et la maintenance d\u2019appareils m\u00e9dicaux professionnels, tels que d\u00e9fibrillateurs AED, \u00e9lectrocardiographes, moniteurs patient et dispositifs de diagnostic.","email":"infoshop@swixed.ch","telephone":"+41 22 566 11 95","legalName":"Swixed SA","foundingDate":"2021-03-01","numberOfEmployees":{"@type":"QuantitativeValue","minValue":"1","maxValue":"10"}}]}},"_links":{"self":[{"href":"https:\/\/swixed.ch\/de\/wp-json\/wp\/v2\/product\/34602","targetHints":{"allow":["GET"]}}],"collection":[{"href":"https:\/\/swixed.ch\/de\/wp-json\/wp\/v2\/product"}],"about":[{"href":"https:\/\/swixed.ch\/de\/wp-json\/wp\/v2\/types\/product"}],"version-history":[{"count":0,"href":"https:\/\/swixed.ch\/de\/wp-json\/wp\/v2\/product\/34602\/revisions"}],"wp:featuredmedia":[{"embeddable":true,"href":"https:\/\/swixed.ch\/de\/wp-json\/wp\/v2\/media\/27835"}],"wp:attachment":[{"href":"https:\/\/swixed.ch\/de\/wp-json\/wp\/v2\/media?parent=34602"}],"wp:term":[{"taxonomy":"product_brand","embeddable":true,"href":"https:\/\/swixed.ch\/de\/wp-json\/wp\/v2\/product_brand?post=34602"},{"taxonomy":"product_cat","embeddable":true,"href":"https:\/\/swixed.ch\/de\/wp-json\/wp\/v2\/product_cat?post=34602"},{"taxonomy":"product_tag","embeddable":true,"href":"https:\/\/swixed.ch\/de\/wp-json\/wp\/v2\/product_tag?post=34602"}],"curies":[{"name":"wp","href":"https:\/\/api.w.org\/{rel}","templated":true}]}}