{"id":34615,"date":"2021-05-17T12:56:14","date_gmt":"2021-05-17T10:56:14","guid":{"rendered":"https:\/\/swixed.com\/produit\/heine-beta-200-f-o-otoskop-und-ophthalmoskop-set\/"},"modified":"2025-12-28T20:58:37","modified_gmt":"2025-12-28T19:58:37","slug":"sed80003","status":"publish","type":"product","link":"https:\/\/swixed.ch\/de\/produkt\/sed80003\/","title":{"rendered":"Heine Beta 200 &#8211; F.O. Otoskop und diagnostisches Ophthalmoskop-Set"},"content":{"rendered":"\t\t<div data-elementor-type=\"product-post\" data-elementor-id=\"34615\" class=\"elementor elementor-34615 elementor-4661\" data-elementor-post-type=\"product\">\n\t\t\t\t\t\t<section class=\"elementor-section elementor-top-section elementor-element elementor-element-c0f3979 elementor-section-boxed elementor-section-height-default elementor-section-height-default\" data-id=\"c0f3979\" data-element_type=\"section\" data-e-type=\"section\">\n\t\t\t\t\t\t<div class=\"elementor-container elementor-column-gap-default\">\n\t\t\t\t\t<div class=\"elementor-column elementor-col-100 elementor-top-column elementor-element elementor-element-6e68e75\" data-id=\"6e68e75\" data-element_type=\"column\" data-e-type=\"column\">\n\t\t\t<div class=\"elementor-widget-wrap elementor-element-populated\">\n\t\t\t\t\t\t<div class=\"elementor-element elementor-element-0684e71 elementor-widget elementor-widget-heading\" data-id=\"0684e71\" data-element_type=\"widget\" data-e-type=\"widget\" data-widget_type=\"heading.default\">\n\t\t\t\t\t<h2 class=\"elementor-heading-title elementor-size-default\">Beschreibung<\/h2>\t\t\t\t<\/div>\n\t\t\t\t<div class=\"elementor-element elementor-element-3376bb3 elementor-widget elementor-widget-text-editor\" data-id=\"3376bb3\" data-element_type=\"widget\" data-e-type=\"widget\" data-widget_type=\"text-editor.default\">\n\t\t\t\t\t\t\t\t\t<p>Das Heine Beta 200 Kit wurde entwickelt, um die Anforderungen von medizinischem Fachpersonal an Genauigkeit und Haltbarkeit zu erf\u00fcllen. Das Beta 200 Otoskop nutzt die Fiber Optik (F.O.) Technologie, um eine homogene und schattenfreie Beleuchtung des Geh\u00f6rgangs zu bieten, die eine zuverl\u00e4ssige und genaue Diagnose erleichtert. Das Beta 200 Ophthalmoskop erm\u00f6glicht eine klare Beobachtung des Augenhintergrunds, reduziert Reflexionen und optimiert die Sehqualit\u00e4t durch ein hochwertiges Linsensystem.  <\/p><p>Dank seines ergonomischen Designs bietet das Kit auch bei l\u00e4ngerem Gebrauch optimalen Komfort und die wiederaufladbaren Griffe (je nach gew\u00e4hltem Modell) sorgen f\u00fcr eine l\u00e4ngere Betriebsdauer. Das Kit ist in verschiedenen Ausf\u00fchrungen erh\u00e4ltlich, einschlie\u00dflich Batterie- und Akkuoptionen (NiMH oder Li-Ion), und wird mit verschiedenen Zubeh\u00f6rteilen f\u00fcr den sofortigen Einsatz geliefert. <\/p>\t\t\t\t\t\t\t\t<\/div>\n\t\t\t\t<div class=\"elementor-element elementor-element-e48619a elementor-widget elementor-widget-heading\" data-id=\"e48619a\" data-element_type=\"widget\" data-e-type=\"widget\" data-widget_type=\"heading.default\">\n\t\t\t\t\t<h2 class=\"elementor-heading-title elementor-size-default\">Inhalt des 2,5V-Batteriekits<\/h2>\t\t\t\t<\/div>\n\t\t\t\t<div class=\"elementor-element elementor-element-bdcff96 elementor-widget elementor-widget-text-editor\" data-id=\"bdcff96\" data-element_type=\"widget\" data-e-type=\"widget\" data-widget_type=\"text-editor.default\">\n\t\t\t\t\t\t\t\t\t<p><strong>Referenz SED80003<\/strong><\/p><ul><li>Ein BETA 200 Fiber Optik Otoskop.<\/li><li>Ein BETA 200-Ophthalmoskop.<\/li><li>Ein Griff mit BETA-Batterien 2,5 Volt.<\/li><li>1 Satz von 4 wiederverwendbaren Spekula.<\/li><li>10 AllSpec Einweg-Spekula.<\/li><li>Eine Ersatzbirne f\u00fcr jedes Ger\u00e4t<\/li><li>Ein Hartschalenkoffer<\/li><\/ul>\t\t\t\t\t\t\t\t<\/div>\n\t\t\t\t<div class=\"elementor-element elementor-element-764c45f elementor-widget elementor-widget-heading\" data-id=\"764c45f\" data-element_type=\"widget\" data-e-type=\"widget\" data-widget_type=\"heading.default\">\n\t\t\t\t\t<h2 class=\"elementor-heading-title elementor-size-default\">Inhalt des 3,5V XHL Kits (abh\u00e4ngig vom gew\u00e4hlten Modell)<\/h2>\t\t\t\t<\/div>\n\t\t\t\t<div class=\"elementor-element elementor-element-da18fab elementor-widget elementor-widget-text-editor\" data-id=\"da18fab\" data-element_type=\"widget\" data-e-type=\"widget\" data-widget_type=\"text-editor.default\">\n\t\t\t\t\t\t\t\t\t<p><strong>Referenz SED80003-01<\/strong><\/p><p>Mit dem BETA4 USB-Griff und Ladeger\u00e4t<\/p><ul><li>Ein BETA 200 Fiber Optik Otoskop.<\/li><li>Ein BETA 200-Ophthalmoskop.<\/li><li>Ein Griff mit aufladbarem BETA4 (NiMH) 3,5 Volt.<\/li><li>Ein USB-Ladeger\u00e4t.<\/li><li>1 Satz von 4 wiederverwendbaren Spekula.<\/li><li>10 AllSpec Einweg-Spekula.<\/li><li>Eine Ersatzgl\u00fchbirne f\u00fcr jedes Ger\u00e4t.<\/li><li>Ein Hartschalenkoffer.<\/li><\/ul><p><strong>Referenz SED80003-03<\/strong><\/p><p>Mit BETA4-Griffen (Li-ION) und NT4-Tischladeger\u00e4t<\/p><ul><li>Ein BETA 200 Fiber Optik Otoskop.<\/li><li>Ein BETA 200-Ophthalmoskop.<\/li><li>2 Griffe mit aufladbarem BETA4 (Li-ION) 3.5 Volt.<\/li><li>Ein NT4-Lader.<\/li><li>1 Satz von 4 wiederverwendbaren Spekula.<\/li><li>10 AllSpec Einweg-Spekula.<\/li><li>Eine Ersatzgl\u00fchbirne f\u00fcr jedes Ger\u00e4t.<\/li><\/ul>\t\t\t\t\t\t\t\t<\/div>\n\t\t\t\t<div class=\"elementor-element elementor-element-d1ef9b4 elementor-widget elementor-widget-heading\" data-id=\"d1ef9b4\" data-element_type=\"widget\" data-e-type=\"widget\" data-widget_type=\"heading.default\">\n\t\t\t\t\t<h2 class=\"elementor-heading-title elementor-size-default\">Inhalt des 3,5V LED-Kits (abh\u00e4ngig vom gew\u00e4hlten Modell)<\/h2>\t\t\t\t<\/div>\n\t\t\t\t<div class=\"elementor-element elementor-element-9718f58 elementor-widget elementor-widget-text-editor\" data-id=\"9718f58\" data-element_type=\"widget\" data-e-type=\"widget\" data-widget_type=\"text-editor.default\">\n\t\t\t\t\t\t\t\t\t<p><strong>Referenz SED80003-02<\/strong><\/p><p>Mit dem BETA4 USB-Griff und Ladeger\u00e4t<\/p><ul><li>Ein BETA 200 Fiber Optik Otoskop.<\/li><li>Ein BETA 200-Ophthalmoskop.<\/li><li>Ein Griff mit aufladbarem BETA4 (NiMH) 3,5 Volt.<\/li><li>Ein USB-Ladeger\u00e4t.<\/li><li>1 Satz von 4 wiederverwendbaren Spekula.<\/li><li>10 AllSpec Einweg-Spekula.<\/li><li>Ein Hartschalenkoffer.<\/li><\/ul><p><strong>Referenz SED80003-04<\/strong><\/p><ul><li>Mit BETA4-Griffen (Li-ION) und NT4-Tischladeger\u00e4t<\/li><li>Ein BETA 200 Fiber Optik Otoskop.<\/li><li>Ein BETA 200-Ophthalmoskop.<\/li><li>2 Griffe mit aufladbarem BETA4 (Li-ION) 3.5 Volt.<\/li><li>Ein NT4-Lader.<\/li><li>1 Satz von 4 wiederverwendbaren Spekula.<\/li><li>10 AllSpec Einweg-Spekula.<\/li><\/ul>\t\t\t\t\t\t\t\t<\/div>\n\t\t\t\t<div class=\"elementor-element elementor-element-7f0a952 elementor-widget elementor-widget-text-editor\" data-id=\"7f0a952\" data-element_type=\"widget\" data-e-type=\"widget\" data-widget_type=\"text-editor.default\">\n\t\t\t\t\t\t\t\t\t<p><em><strong>Hinweis<\/strong>: Dieses Set ist f\u00fcr den professionellen medizinischen Gebrauch f\u00fcr H\u00f6r- und Sehdiagnosen bestimmt. Seine Genauigkeit und Qualit\u00e4t erf\u00fcllen die Anforderungen f\u00fcr medizinische Untersuchungen. <\/em><\/p>\t\t\t\t\t\t\t\t<\/div>\n\t\t\t\t\t<\/div>\n\t\t<\/div>\n\t\t\t\t\t<\/div>\n\t\t<\/section>\n\t\t\t\t<\/div>\n\t\t","protected":false},"excerpt":{"rendered":"<p>Das Heine Beta 200 Diagnostik-Set besteht aus einem F.O-Otoskop und einem Ophthalmoskop. Beide Instrumente verf\u00fcgen \u00fcber eine helle Fiberoptik-Beleuchtung und ein robustes Geh\u00e4use. Das Set ist f\u00fcr eine regelm\u00e4\u00dfige Nutzung in professionellen Umgebungen ausgelegt. Zubeh\u00f6r CE-zertifiziert. <\/p>\n","protected":false},"featured_media":27839,"template":"","meta":{"_acf_changed":false},"product_brand":[2147],"product_cat":[1373,1374,1364,1391],"product_tag":[6321,6324,6123,6001,6004,6319,6317,6320,6117,3769,6323,6318,6002,6325,6322],"class_list":{"0":"post-34615","1":"product","2":"type-product","3":"status-publish","4":"has-post-thumbnail","6":"product_brand-heine-de","7":"product_cat-ophthalmoskope","8":"product_cat-geraete-ophthalmoskope","9":"product_cat-otoskope","10":"product_cat-geraete-otoskope","11":"product_tag-diagnostisches-ophthalmoskop","12":"product_tag-glasfaserbeleuchtung","13":"product_tag-heine-beta-200-f-o-de","14":"product_tag-heine-beta-200-kit","15":"product_tag-heine-diagnostik-kit","16":"product_tag-heine-medizinisches-kit","17":"product_tag-heine-ophthalmoskop","18":"product_tag-hochprazisions-otoskop","19":"product_tag-hordiagnose","20":"product_tag-medizinische-ausrustung","21":"product_tag-ohr-und-augendiagnose","22":"product_tag-ophthalmologische-untersuchung","23":"product_tag-otoskop-mit-glasfaseroptik","24":"product_tag-otoskop-ophthalmoskop-kit","25":"product_tag-otoskop-und-ophthalmoskop","27":"first","28":"instock","29":"taxable","30":"shipping-taxable","31":"purchasable","32":"product-type-variable","33":"has-default-attributes"},"acf":[],"yoast_head":"<!-- This site is optimized with the Yoast SEO Premium plugin v27.4 (Yoast SEO v27.4) - https:\/\/yoast.com\/product\/yoast-seo-premium-wordpress\/ -->\n<title>Heine Beta 200 - F.O. Otoskop und diagnostisches Ophthalmoskop-Set | Swixed SA<\/title>\n<meta name=\"description\" content=\"Heine Beta 200 Set mit F.O. Otoskop und Ophthalmoskop f\u00fcr pr\u00e4zise H\u00f6r- und Sehdiagnosen, optimale Beleuchtung und au\u00dfergew\u00f6hnliche Haltbarkeit\" \/>\n<meta name=\"robots\" content=\"index, follow, max-snippet:-1, max-image-preview:large, max-video-preview:-1\" \/>\n<link rel=\"canonical\" href=\"https:\/\/swixed.ch\/de\/produkt\/sed80003\/\" \/>\n<meta property=\"og:locale\" content=\"de_DE\" \/>\n<meta property=\"og:type\" content=\"article\" \/>\n<meta property=\"og:title\" content=\"Heine Beta 200 - F.O. Otoskop und diagnostisches Ophthalmoskop-Set\" \/>\n<meta property=\"og:description\" content=\"Heine Beta 200 Set mit F.O. Otoskop und Ophthalmoskop f\u00fcr pr\u00e4zise H\u00f6r- und Sehdiagnosen, optimale Beleuchtung und au\u00dfergew\u00f6hnliche Haltbarkeit\" \/>\n<meta property=\"og:url\" content=\"https:\/\/swixed.ch\/de\/produkt\/sed80003\/\" \/>\n<meta property=\"og:site_name\" content=\"Swixed SA\" \/>\n<meta property=\"article:publisher\" content=\"https:\/\/www.facebook.com\/swixed\" \/>\n<meta property=\"article:modified_time\" content=\"2025-12-28T19:58:37+00:00\" \/>\n<meta property=\"og:image\" content=\"https:\/\/swixed.ch\/wp-content\/uploads\/products\/heine-beta-200-kit-02.png\" \/>\n\t<meta property=\"og:image:width\" content=\"600\" \/>\n\t<meta property=\"og:image:height\" content=\"600\" \/>\n\t<meta property=\"og:image:type\" content=\"image\/png\" \/>\n<meta name=\"twitter:card\" content=\"summary_large_image\" \/>\n<meta name=\"twitter:label1\" content=\"Gesch\u00e4tzte Lesezeit\" \/>\n\t<meta name=\"twitter:data1\" content=\"2\u00a0Minuten\" \/>\n<script type=\"application\/ld+json\" class=\"yoast-schema-graph\">{\"@context\":\"https:\\\/\\\/schema.org\",\"@graph\":[{\"@type\":\"WebPage\",\"@id\":\"https:\\\/\\\/swixed.ch\\\/de\\\/produkt\\\/sed80003\\\/\",\"url\":\"https:\\\/\\\/swixed.ch\\\/de\\\/produkt\\\/sed80003\\\/\",\"name\":\"Heine Beta 200 - F.O. Otoskop und diagnostisches Ophthalmoskop-Set | Swixed SA\",\"isPartOf\":{\"@id\":\"https:\\\/\\\/swixed.ch\\\/de\\\/#website\"},\"primaryImageOfPage\":{\"@id\":\"https:\\\/\\\/swixed.ch\\\/de\\\/produkt\\\/sed80003\\\/#primaryimage\"},\"image\":{\"@id\":\"https:\\\/\\\/swixed.ch\\\/de\\\/produkt\\\/sed80003\\\/#primaryimage\"},\"thumbnailUrl\":\"https:\\\/\\\/swixed.ch\\\/wp-content\\\/uploads\\\/products\\\/heine-beta-200-kit-02.png\",\"datePublished\":\"2021-05-17T10:56:14+00:00\",\"dateModified\":\"2025-12-28T19:58:37+00:00\",\"description\":\"Heine Beta 200 Set mit F.O. Otoskop und Ophthalmoskop f\u00fcr pr\u00e4zise H\u00f6r- und Sehdiagnosen, optimale Beleuchtung und au\u00dfergew\u00f6hnliche Haltbarkeit\",\"breadcrumb\":{\"@id\":\"https:\\\/\\\/swixed.ch\\\/de\\\/produkt\\\/sed80003\\\/#breadcrumb\"},\"inLanguage\":\"de\",\"potentialAction\":[{\"@type\":\"ReadAction\",\"target\":[\"https:\\\/\\\/swixed.ch\\\/de\\\/produkt\\\/sed80003\\\/\"]}]},{\"@type\":\"ImageObject\",\"inLanguage\":\"de\",\"@id\":\"https:\\\/\\\/swixed.ch\\\/de\\\/produkt\\\/sed80003\\\/#primaryimage\",\"url\":\"https:\\\/\\\/swixed.ch\\\/wp-content\\\/uploads\\\/products\\\/heine-beta-200-kit-02.png\",\"contentUrl\":\"https:\\\/\\\/swixed.ch\\\/wp-content\\\/uploads\\\/products\\\/heine-beta-200-kit-02.png\",\"width\":600,\"height\":600,\"caption\":\"heine-beta-200-kit-02\"},{\"@type\":\"BreadcrumbList\",\"@id\":\"https:\\\/\\\/swixed.ch\\\/de\\\/produkt\\\/sed80003\\\/#breadcrumb\",\"itemListElement\":[{\"@type\":\"ListItem\",\"position\":1,\"name\":\"Startseite\",\"item\":\"https:\\\/\\\/swixed.ch\\\/de\\\/home\\\/\"},{\"@type\":\"ListItem\",\"position\":2,\"name\":\"Shop\",\"item\":\"https:\\\/\\\/swixed.ch\\\/de\\\/shop\\\/\"},{\"@type\":\"ListItem\",\"position\":3,\"name\":\"Heine Beta 200 &#8211; F.O. Otoskop und diagnostisches Ophthalmoskop-Set\"}]},{\"@type\":\"WebSite\",\"@id\":\"https:\\\/\\\/swixed.ch\\\/de\\\/#website\",\"url\":\"https:\\\/\\\/swixed.ch\\\/de\\\/\",\"name\":\"Swixed SA\",\"description\":\"Elektronische Ger\u00e4te\",\"publisher\":{\"@id\":\"https:\\\/\\\/swixed.ch\\\/de\\\/#organization\"},\"potentialAction\":[{\"@type\":\"SearchAction\",\"target\":{\"@type\":\"EntryPoint\",\"urlTemplate\":\"https:\\\/\\\/swixed.ch\\\/de\\\/?s={search_term_string}\"},\"query-input\":{\"@type\":\"PropertyValueSpecification\",\"valueRequired\":true,\"valueName\":\"search_term_string\"}}],\"inLanguage\":\"de\"},{\"@type\":\"Organization\",\"@id\":\"https:\\\/\\\/swixed.ch\\\/de\\\/#organization\",\"name\":\"Swixed SA\",\"url\":\"https:\\\/\\\/swixed.ch\\\/de\\\/\",\"logo\":{\"@type\":\"ImageObject\",\"inLanguage\":\"de\",\"@id\":\"https:\\\/\\\/swixed.ch\\\/de\\\/#\\\/schema\\\/logo\\\/image\\\/\",\"url\":\"https:\\\/\\\/swixed.ch\\\/wp-content\\\/uploads\\\/logos\\\/swixed-logo-lite.png\",\"contentUrl\":\"https:\\\/\\\/swixed.ch\\\/wp-content\\\/uploads\\\/logos\\\/swixed-logo-lite.png\",\"width\":696,\"height\":696,\"caption\":\"Swixed SA\"},\"image\":{\"@id\":\"https:\\\/\\\/swixed.ch\\\/de\\\/#\\\/schema\\\/logo\\\/image\\\/\"},\"sameAs\":[\"https:\\\/\\\/www.facebook.com\\\/swixed\",\"https:\\\/\\\/www.linkedin.com\\\/company\\\/swixed\",\"https:\\\/\\\/www.youtube.com\\\/@swixedsa\"],\"description\":\"Swixed SA est une entreprise suisse bas\u00e9e \u00e0 Gen\u00e8ve, sp\u00e9cialis\u00e9e dans la vente, la location et la maintenance d\u2019appareils m\u00e9dicaux professionnels, tels que d\u00e9fibrillateurs AED, \u00e9lectrocardiographes, moniteurs patient et dispositifs de diagnostic.\",\"email\":\"infoshop@swixed.ch\",\"telephone\":\"+41 22 566 11 95\",\"legalName\":\"Swixed SA\",\"foundingDate\":\"2021-03-01\",\"numberOfEmployees\":{\"@type\":\"QuantitativeValue\",\"minValue\":\"1\",\"maxValue\":\"10\"}}]}<\/script>\n<!-- \/ Yoast SEO Premium plugin. -->","yoast_head_json":{"title":"Heine Beta 200 - F.O. Otoskop und diagnostisches Ophthalmoskop-Set | Swixed SA","description":"Heine Beta 200 Set mit F.O. Otoskop und Ophthalmoskop f\u00fcr pr\u00e4zise H\u00f6r- und Sehdiagnosen, optimale Beleuchtung und au\u00dfergew\u00f6hnliche Haltbarkeit","robots":{"index":"index","follow":"follow","max-snippet":"max-snippet:-1","max-image-preview":"max-image-preview:large","max-video-preview":"max-video-preview:-1"},"canonical":"https:\/\/swixed.ch\/de\/produkt\/sed80003\/","og_locale":"de_DE","og_type":"article","og_title":"Heine Beta 200 - F.O. Otoskop und diagnostisches Ophthalmoskop-Set","og_description":"Heine Beta 200 Set mit F.O. Otoskop und Ophthalmoskop f\u00fcr pr\u00e4zise H\u00f6r- und Sehdiagnosen, optimale Beleuchtung und au\u00dfergew\u00f6hnliche Haltbarkeit","og_url":"https:\/\/swixed.ch\/de\/produkt\/sed80003\/","og_site_name":"Swixed SA","article_publisher":"https:\/\/www.facebook.com\/swixed","article_modified_time":"2025-12-28T19:58:37+00:00","og_image":[{"width":600,"height":600,"url":"https:\/\/swixed.ch\/wp-content\/uploads\/products\/heine-beta-200-kit-02.png","type":"image\/png"}],"twitter_card":"summary_large_image","twitter_misc":{"Gesch\u00e4tzte Lesezeit":"2\u00a0Minuten"},"schema":{"@context":"https:\/\/schema.org","@graph":[{"@type":"WebPage","@id":"https:\/\/swixed.ch\/de\/produkt\/sed80003\/","url":"https:\/\/swixed.ch\/de\/produkt\/sed80003\/","name":"Heine Beta 200 - F.O. Otoskop und diagnostisches Ophthalmoskop-Set | Swixed SA","isPartOf":{"@id":"https:\/\/swixed.ch\/de\/#website"},"primaryImageOfPage":{"@id":"https:\/\/swixed.ch\/de\/produkt\/sed80003\/#primaryimage"},"image":{"@id":"https:\/\/swixed.ch\/de\/produkt\/sed80003\/#primaryimage"},"thumbnailUrl":"https:\/\/swixed.ch\/wp-content\/uploads\/products\/heine-beta-200-kit-02.png","datePublished":"2021-05-17T10:56:14+00:00","dateModified":"2025-12-28T19:58:37+00:00","description":"Heine Beta 200 Set mit F.O. Otoskop und Ophthalmoskop f\u00fcr pr\u00e4zise H\u00f6r- und Sehdiagnosen, optimale Beleuchtung und au\u00dfergew\u00f6hnliche Haltbarkeit","breadcrumb":{"@id":"https:\/\/swixed.ch\/de\/produkt\/sed80003\/#breadcrumb"},"inLanguage":"de","potentialAction":[{"@type":"ReadAction","target":["https:\/\/swixed.ch\/de\/produkt\/sed80003\/"]}]},{"@type":"ImageObject","inLanguage":"de","@id":"https:\/\/swixed.ch\/de\/produkt\/sed80003\/#primaryimage","url":"https:\/\/swixed.ch\/wp-content\/uploads\/products\/heine-beta-200-kit-02.png","contentUrl":"https:\/\/swixed.ch\/wp-content\/uploads\/products\/heine-beta-200-kit-02.png","width":600,"height":600,"caption":"heine-beta-200-kit-02"},{"@type":"BreadcrumbList","@id":"https:\/\/swixed.ch\/de\/produkt\/sed80003\/#breadcrumb","itemListElement":[{"@type":"ListItem","position":1,"name":"Startseite","item":"https:\/\/swixed.ch\/de\/home\/"},{"@type":"ListItem","position":2,"name":"Shop","item":"https:\/\/swixed.ch\/de\/shop\/"},{"@type":"ListItem","position":3,"name":"Heine Beta 200 &#8211; F.O. Otoskop und diagnostisches Ophthalmoskop-Set"}]},{"@type":"WebSite","@id":"https:\/\/swixed.ch\/de\/#website","url":"https:\/\/swixed.ch\/de\/","name":"Swixed SA","description":"Elektronische Ger\u00e4te","publisher":{"@id":"https:\/\/swixed.ch\/de\/#organization"},"potentialAction":[{"@type":"SearchAction","target":{"@type":"EntryPoint","urlTemplate":"https:\/\/swixed.ch\/de\/?s={search_term_string}"},"query-input":{"@type":"PropertyValueSpecification","valueRequired":true,"valueName":"search_term_string"}}],"inLanguage":"de"},{"@type":"Organization","@id":"https:\/\/swixed.ch\/de\/#organization","name":"Swixed SA","url":"https:\/\/swixed.ch\/de\/","logo":{"@type":"ImageObject","inLanguage":"de","@id":"https:\/\/swixed.ch\/de\/#\/schema\/logo\/image\/","url":"https:\/\/swixed.ch\/wp-content\/uploads\/logos\/swixed-logo-lite.png","contentUrl":"https:\/\/swixed.ch\/wp-content\/uploads\/logos\/swixed-logo-lite.png","width":696,"height":696,"caption":"Swixed SA"},"image":{"@id":"https:\/\/swixed.ch\/de\/#\/schema\/logo\/image\/"},"sameAs":["https:\/\/www.facebook.com\/swixed","https:\/\/www.linkedin.com\/company\/swixed","https:\/\/www.youtube.com\/@swixedsa"],"description":"Swixed SA est une entreprise suisse bas\u00e9e \u00e0 Gen\u00e8ve, sp\u00e9cialis\u00e9e dans la vente, la location et la maintenance d\u2019appareils m\u00e9dicaux professionnels, tels que d\u00e9fibrillateurs AED, \u00e9lectrocardiographes, moniteurs patient et dispositifs de diagnostic.","email":"infoshop@swixed.ch","telephone":"+41 22 566 11 95","legalName":"Swixed SA","foundingDate":"2021-03-01","numberOfEmployees":{"@type":"QuantitativeValue","minValue":"1","maxValue":"10"}}]}},"_links":{"self":[{"href":"https:\/\/swixed.ch\/de\/wp-json\/wp\/v2\/product\/34615","targetHints":{"allow":["GET"]}}],"collection":[{"href":"https:\/\/swixed.ch\/de\/wp-json\/wp\/v2\/product"}],"about":[{"href":"https:\/\/swixed.ch\/de\/wp-json\/wp\/v2\/types\/product"}],"version-history":[{"count":0,"href":"https:\/\/swixed.ch\/de\/wp-json\/wp\/v2\/product\/34615\/revisions"}],"wp:featuredmedia":[{"embeddable":true,"href":"https:\/\/swixed.ch\/de\/wp-json\/wp\/v2\/media\/27839"}],"wp:attachment":[{"href":"https:\/\/swixed.ch\/de\/wp-json\/wp\/v2\/media?parent=34615"}],"wp:term":[{"taxonomy":"product_brand","embeddable":true,"href":"https:\/\/swixed.ch\/de\/wp-json\/wp\/v2\/product_brand?post=34615"},{"taxonomy":"product_cat","embeddable":true,"href":"https:\/\/swixed.ch\/de\/wp-json\/wp\/v2\/product_cat?post=34615"},{"taxonomy":"product_tag","embeddable":true,"href":"https:\/\/swixed.ch\/de\/wp-json\/wp\/v2\/product_tag?post=34615"}],"curies":[{"name":"wp","href":"https:\/\/api.w.org\/{rel}","templated":true}]}}