{"id":34940,"date":"2021-07-29T10:14:01","date_gmt":"2021-07-29T09:14:01","guid":{"rendered":"https:\/\/swixed.com\/produit\/cardio-first-angel\/"},"modified":"2026-04-19T19:52:54","modified_gmt":"2026-04-19T18:52:54","slug":"sed32001","status":"publish","type":"product","link":"https:\/\/swixed.ch\/de\/produkt\/sed32001\/","title":{"rendered":"Cardio First Angel"},"content":{"rendered":"\t\t<div data-elementor-type=\"product-post\" data-elementor-id=\"34940\" class=\"elementor elementor-34940 elementor-5951\" data-elementor-post-type=\"product\">\n\t\t\t\t\t\t<section class=\"elementor-section elementor-top-section elementor-element elementor-element-566dfe8 elementor-section-boxed elementor-section-height-default elementor-section-height-default\" data-id=\"566dfe8\" data-element_type=\"section\" data-e-type=\"section\">\n\t\t\t\t\t\t<div class=\"elementor-container elementor-column-gap-default\">\n\t\t\t\t\t<div class=\"elementor-column elementor-col-100 elementor-top-column elementor-element elementor-element-2c4618e\" data-id=\"2c4618e\" data-element_type=\"column\" data-e-type=\"column\">\n\t\t\t<div class=\"elementor-widget-wrap elementor-element-populated\">\n\t\t\t\t\t\t<div class=\"elementor-element elementor-element-57fea7d elementor-widget elementor-widget-heading\" data-id=\"57fea7d\" data-element_type=\"widget\" data-e-type=\"widget\" data-widget_type=\"heading.default\">\n\t\t\t\t\t<h2 class=\"elementor-heading-title elementor-size-default\">Beschreibung<\/h2>\t\t\t\t<\/div>\n\t\t\t\t<div class=\"elementor-element elementor-element-e0a279c elementor-widget elementor-widget-text-editor\" data-id=\"e0a279c\" data-element_type=\"widget\" data-e-type=\"widget\" data-widget_type=\"text-editor.default\">\n\t\t\t\t\t\t\t\t\t<p>Der <strong>Cardio First Angel<\/strong> ist ein revolution\u00e4res Ger\u00e4t, das entwickelt wurde, um die Qualit\u00e4t der Thoraxkompressionen bei der Behandlung von Herzstillst\u00e4nden zu verbessern. Dank seines vollst\u00e4ndig mechanischen Designs l\u00e4sst er sich leicht auf der Brust des Opfers positionieren, so dass sich der Retter auf die Technik konzentrieren kann, anstatt die H\u00e4nde zu positionieren. <\/p>\t\t\t\t\t\t\t\t<\/div>\n\t\t\t\t<div class=\"elementor-element elementor-element-3de3279 elementor-widget elementor-widget-heading\" data-id=\"3de3279\" data-element_type=\"widget\" data-e-type=\"widget\" data-widget_type=\"heading.default\">\n\t\t\t\t\t<h2 class=\"elementor-heading-title elementor-size-default\">Merkmale<\/h2>\t\t\t\t<\/div>\n\t\t\t\t<div class=\"elementor-element elementor-element-ecd3377 elementor-widget elementor-widget-text-editor\" data-id=\"ecd3377\" data-element_type=\"widget\" data-e-type=\"widget\" data-widget_type=\"text-editor.default\">\n\t\t\t\t\t\t\t\t\t<ul><li><strong>Visuelle und akustische F\u00fchrung:<\/strong> Klare Anweisungen werden auf dem Schutzgeh\u00e4use angezeigt, und ein &#8222;Klick-Klack&#8220;-Ton best\u00e4tigt jede Kompression, wodurch sichergestellt wird, dass die empfohlene Frequenz und Tiefe von 100 Kompressionen pro Minute eingehalten wird.<\/li><li><strong>Einfache Bedienung:<\/strong> Der First Angel Cardio wurde f\u00fcr den Gebrauch durch Ersthelfer aller Stufen entwickelt und erm\u00f6glicht einen schnellen Beginn der Kompressionen ohne direkten Kontakt mit dem Opfer, wodurch das Risiko einer Kontamination verringert wird.<\/li><li><strong>Anpassungsf\u00e4higkeit:<\/strong> Dieses Ger\u00e4t ist ideal f\u00fcr \u00f6ffentliche Pl\u00e4tze, Sportveranstaltungen und sogar zu Hause und bietet eine unverzichtbare Unterst\u00fctzung f\u00fcr alle, die im Notfall einsatzbereit sein wollen.<\/li><\/ul>\t\t\t\t\t\t\t\t<\/div>\n\t\t\t\t<div class=\"elementor-element elementor-element-9b19058 elementor-widget elementor-widget-heading\" data-id=\"9b19058\" data-element_type=\"widget\" data-e-type=\"widget\" data-widget_type=\"heading.default\">\n\t\t\t\t\t<h2 class=\"elementor-heading-title elementor-size-default\">Inhalt<\/h2>\t\t\t\t<\/div>\n\t\t\t\t<div class=\"elementor-element elementor-element-f01dd9c elementor-widget elementor-widget-text-editor\" data-id=\"f01dd9c\" data-element_type=\"widget\" data-e-type=\"widget\" data-widget_type=\"text-editor.default\">\n\t\t\t\t\t\t\t\t\t<ul><li><strong>1 Cardio First Angel<\/strong> &#8211; Ger\u00e4t zur Unterst\u00fctzung der Wiederbelebung.<\/li><li><strong>Benutzerhandbuch<\/strong> &#8211; Detaillierte Anweisungen f\u00fcr eine schnelle Einarbeitung.<\/li><li><strong>Garantiekarte<\/strong> &#8211; G\u00fcltigkeit und Bedingungen der Produktgarantie.<\/li><li><strong>Transporttasche<\/strong> &#8211; F\u00fcr einfachen Transport und Lagerung.<\/li><\/ul>\t\t\t\t\t\t\t\t<\/div>\n\t\t\t\t\t<\/div>\n\t\t<\/div>\n\t\t\t\t\t<\/div>\n\t\t<\/section>\n\t\t\t\t<\/div>\n\t\t","protected":false},"excerpt":{"rendered":"<p>Mechanisches Hilfsmittel ohne Stromversorgung, entwickelt zur Unterst\u00fctzung bei manuellen Thoraxkompressionen. Kompakt und einfach anzuwenden, gew\u00e4hrleistet es einen gleichm\u00e4\u00dfigen Druck durch seine intuitive Form. Geeignet f\u00fcr \u00f6ffentliche oder professionelle Einsatzbereiche.  <\/p>\n","protected":false},"featured_media":28435,"template":"","meta":{"_acf_changed":false},"product_brand":[2179],"product_cat":[1422,1503],"product_tag":[2747,2750,1504,2757,2754,1428,2748,2756,2753,2752,2755,2759,2751,2749,2758],"class_list":{"0":"post-34940","1":"product","2":"type-product","3":"status-publish","4":"has-post-thumbnail","6":"product_brand-schiller-de","7":"product_cat-defibrillatoren","8":"product_cat-zubehor-defibrillatoren","9":"product_tag-cardio-first-angel-de","10":"product_tag-cpr-kardiopulmonale-reanimation","11":"product_tag-defibrillator","12":"product_tag-erste-hilfe","13":"product_tag-erste-hilfe-ausbildung","14":"product_tag-herzmassage","15":"product_tag-hilfe-bei-der-wiederbelebung","16":"product_tag-medizinische-hilfe","17":"product_tag-medizinischer-notfall","18":"product_tag-medizinisches-gerat","19":"product_tag-notfallausrustung","20":"product_tag-notfallintervention","21":"product_tag-rettung","22":"product_tag-thoraxkompression","23":"product_tag-wiederbelebungsausrustung","25":"first","26":"instock","27":"sale","28":"taxable","29":"shipping-taxable","30":"purchasable","31":"product-type-simple"},"acf":[],"yoast_head":"<!-- This site is optimized with the Yoast SEO Premium plugin v27.4 (Yoast SEO v27.4) - https:\/\/yoast.com\/product\/yoast-seo-premium-wordpress\/ -->\n<title>Cardio First Angel | Swixed SA - Hilfe bei der kardiopulmonalen Reanimation<\/title>\n<meta name=\"description\" content=\"Als Hilfe bei der Wiederbelebung leitet der Cardio First Angel die Herzmassage effektiv an, um im Notfall eine optimale Rettung zu erm\u00f6glichen.\" \/>\n<meta name=\"robots\" content=\"index, follow, max-snippet:-1, max-image-preview:large, max-video-preview:-1\" \/>\n<link rel=\"canonical\" href=\"https:\/\/swixed.ch\/de\/produkt\/sed32001\/\" \/>\n<meta property=\"og:locale\" content=\"de_DE\" \/>\n<meta property=\"og:type\" content=\"article\" \/>\n<meta property=\"og:title\" content=\"Cardio First Angel\" \/>\n<meta property=\"og:description\" content=\"Als Hilfe bei der Wiederbelebung leitet der Cardio First Angel die Herzmassage effektiv an, um im Notfall eine optimale Rettung zu erm\u00f6glichen.\" \/>\n<meta property=\"og:url\" content=\"https:\/\/swixed.ch\/de\/produkt\/sed32001\/\" \/>\n<meta property=\"og:site_name\" content=\"Swixed SA\" \/>\n<meta property=\"article:publisher\" content=\"https:\/\/www.facebook.com\/swixed\" \/>\n<meta property=\"article:modified_time\" content=\"2026-04-19T18:52:54+00:00\" \/>\n<meta property=\"og:image\" content=\"https:\/\/swixed.ch\/wp-content\/uploads\/products\/schiller-cardi-first-angel-01.png\" \/>\n\t<meta property=\"og:image:width\" content=\"600\" \/>\n\t<meta property=\"og:image:height\" content=\"600\" \/>\n\t<meta property=\"og:image:type\" content=\"image\/png\" \/>\n<meta name=\"twitter:card\" content=\"summary_large_image\" \/>\n<meta name=\"twitter:label1\" content=\"Gesch\u00e4tzte Lesezeit\" \/>\n\t<meta name=\"twitter:data1\" content=\"1\u00a0Minute\" \/>\n<script type=\"application\/ld+json\" class=\"yoast-schema-graph\">{\"@context\":\"https:\\\/\\\/schema.org\",\"@graph\":[{\"@type\":\"WebPage\",\"@id\":\"https:\\\/\\\/swixed.ch\\\/de\\\/produkt\\\/sed32001\\\/\",\"url\":\"https:\\\/\\\/swixed.ch\\\/de\\\/produkt\\\/sed32001\\\/\",\"name\":\"Cardio First Angel | Swixed SA - Hilfe bei der kardiopulmonalen Reanimation\",\"isPartOf\":{\"@id\":\"https:\\\/\\\/swixed.ch\\\/de\\\/#website\"},\"primaryImageOfPage\":{\"@id\":\"https:\\\/\\\/swixed.ch\\\/de\\\/produkt\\\/sed32001\\\/#primaryimage\"},\"image\":{\"@id\":\"https:\\\/\\\/swixed.ch\\\/de\\\/produkt\\\/sed32001\\\/#primaryimage\"},\"thumbnailUrl\":\"https:\\\/\\\/swixed.ch\\\/wp-content\\\/uploads\\\/products\\\/schiller-cardi-first-angel-01.png\",\"datePublished\":\"2021-07-29T09:14:01+00:00\",\"dateModified\":\"2026-04-19T18:52:54+00:00\",\"description\":\"Als Hilfe bei der Wiederbelebung leitet der Cardio First Angel die Herzmassage effektiv an, um im Notfall eine optimale Rettung zu erm\u00f6glichen.\",\"breadcrumb\":{\"@id\":\"https:\\\/\\\/swixed.ch\\\/de\\\/produkt\\\/sed32001\\\/#breadcrumb\"},\"inLanguage\":\"de\",\"potentialAction\":[{\"@type\":\"ReadAction\",\"target\":[\"https:\\\/\\\/swixed.ch\\\/de\\\/produkt\\\/sed32001\\\/\"]}]},{\"@type\":\"ImageObject\",\"inLanguage\":\"de\",\"@id\":\"https:\\\/\\\/swixed.ch\\\/de\\\/produkt\\\/sed32001\\\/#primaryimage\",\"url\":\"https:\\\/\\\/swixed.ch\\\/wp-content\\\/uploads\\\/products\\\/schiller-cardi-first-angel-01.png\",\"contentUrl\":\"https:\\\/\\\/swixed.ch\\\/wp-content\\\/uploads\\\/products\\\/schiller-cardi-first-angel-01.png\",\"width\":600,\"height\":600,\"caption\":\"schiller-cardi-first-angel-01\"},{\"@type\":\"BreadcrumbList\",\"@id\":\"https:\\\/\\\/swixed.ch\\\/de\\\/produkt\\\/sed32001\\\/#breadcrumb\",\"itemListElement\":[{\"@type\":\"ListItem\",\"position\":1,\"name\":\"Startseite\",\"item\":\"https:\\\/\\\/swixed.ch\\\/de\\\/home\\\/\"},{\"@type\":\"ListItem\",\"position\":2,\"name\":\"Shop\",\"item\":\"https:\\\/\\\/swixed.ch\\\/de\\\/shop\\\/\"},{\"@type\":\"ListItem\",\"position\":3,\"name\":\"Cardio First Angel\"}]},{\"@type\":\"WebSite\",\"@id\":\"https:\\\/\\\/swixed.ch\\\/de\\\/#website\",\"url\":\"https:\\\/\\\/swixed.ch\\\/de\\\/\",\"name\":\"Swixed SA\",\"description\":\"Elektronische Ger\u00e4te\",\"publisher\":{\"@id\":\"https:\\\/\\\/swixed.ch\\\/de\\\/#organization\"},\"potentialAction\":[{\"@type\":\"SearchAction\",\"target\":{\"@type\":\"EntryPoint\",\"urlTemplate\":\"https:\\\/\\\/swixed.ch\\\/de\\\/?s={search_term_string}\"},\"query-input\":{\"@type\":\"PropertyValueSpecification\",\"valueRequired\":true,\"valueName\":\"search_term_string\"}}],\"inLanguage\":\"de\"},{\"@type\":\"Organization\",\"@id\":\"https:\\\/\\\/swixed.ch\\\/de\\\/#organization\",\"name\":\"Swixed SA\",\"url\":\"https:\\\/\\\/swixed.ch\\\/de\\\/\",\"logo\":{\"@type\":\"ImageObject\",\"inLanguage\":\"de\",\"@id\":\"https:\\\/\\\/swixed.ch\\\/de\\\/#\\\/schema\\\/logo\\\/image\\\/\",\"url\":\"https:\\\/\\\/swixed.ch\\\/wp-content\\\/uploads\\\/logos\\\/swixed-logo-lite.png\",\"contentUrl\":\"https:\\\/\\\/swixed.ch\\\/wp-content\\\/uploads\\\/logos\\\/swixed-logo-lite.png\",\"width\":696,\"height\":696,\"caption\":\"Swixed SA\"},\"image\":{\"@id\":\"https:\\\/\\\/swixed.ch\\\/de\\\/#\\\/schema\\\/logo\\\/image\\\/\"},\"sameAs\":[\"https:\\\/\\\/www.facebook.com\\\/swixed\",\"https:\\\/\\\/www.linkedin.com\\\/company\\\/swixed\",\"https:\\\/\\\/www.youtube.com\\\/@swixedsa\"],\"description\":\"Swixed SA est une entreprise suisse bas\u00e9e \u00e0 Gen\u00e8ve, sp\u00e9cialis\u00e9e dans la vente, la location et la maintenance d\u2019appareils m\u00e9dicaux professionnels, tels que d\u00e9fibrillateurs AED, \u00e9lectrocardiographes, moniteurs patient et dispositifs de diagnostic.\",\"email\":\"infoshop@swixed.ch\",\"telephone\":\"+41 22 566 11 95\",\"legalName\":\"Swixed SA\",\"foundingDate\":\"2021-03-01\",\"numberOfEmployees\":{\"@type\":\"QuantitativeValue\",\"minValue\":\"1\",\"maxValue\":\"10\"}}]}<\/script>\n<!-- \/ Yoast SEO Premium plugin. -->","yoast_head_json":{"title":"Cardio First Angel | Swixed SA - Hilfe bei der kardiopulmonalen Reanimation","description":"Als Hilfe bei der Wiederbelebung leitet der Cardio First Angel die Herzmassage effektiv an, um im Notfall eine optimale Rettung zu erm\u00f6glichen.","robots":{"index":"index","follow":"follow","max-snippet":"max-snippet:-1","max-image-preview":"max-image-preview:large","max-video-preview":"max-video-preview:-1"},"canonical":"https:\/\/swixed.ch\/de\/produkt\/sed32001\/","og_locale":"de_DE","og_type":"article","og_title":"Cardio First Angel","og_description":"Als Hilfe bei der Wiederbelebung leitet der Cardio First Angel die Herzmassage effektiv an, um im Notfall eine optimale Rettung zu erm\u00f6glichen.","og_url":"https:\/\/swixed.ch\/de\/produkt\/sed32001\/","og_site_name":"Swixed SA","article_publisher":"https:\/\/www.facebook.com\/swixed","article_modified_time":"2026-04-19T18:52:54+00:00","og_image":[{"width":600,"height":600,"url":"https:\/\/swixed.ch\/wp-content\/uploads\/products\/schiller-cardi-first-angel-01.png","type":"image\/png"}],"twitter_card":"summary_large_image","twitter_misc":{"Gesch\u00e4tzte Lesezeit":"1\u00a0Minute"},"schema":{"@context":"https:\/\/schema.org","@graph":[{"@type":"WebPage","@id":"https:\/\/swixed.ch\/de\/produkt\/sed32001\/","url":"https:\/\/swixed.ch\/de\/produkt\/sed32001\/","name":"Cardio First Angel | Swixed SA - Hilfe bei der kardiopulmonalen Reanimation","isPartOf":{"@id":"https:\/\/swixed.ch\/de\/#website"},"primaryImageOfPage":{"@id":"https:\/\/swixed.ch\/de\/produkt\/sed32001\/#primaryimage"},"image":{"@id":"https:\/\/swixed.ch\/de\/produkt\/sed32001\/#primaryimage"},"thumbnailUrl":"https:\/\/swixed.ch\/wp-content\/uploads\/products\/schiller-cardi-first-angel-01.png","datePublished":"2021-07-29T09:14:01+00:00","dateModified":"2026-04-19T18:52:54+00:00","description":"Als Hilfe bei der Wiederbelebung leitet der Cardio First Angel die Herzmassage effektiv an, um im Notfall eine optimale Rettung zu erm\u00f6glichen.","breadcrumb":{"@id":"https:\/\/swixed.ch\/de\/produkt\/sed32001\/#breadcrumb"},"inLanguage":"de","potentialAction":[{"@type":"ReadAction","target":["https:\/\/swixed.ch\/de\/produkt\/sed32001\/"]}]},{"@type":"ImageObject","inLanguage":"de","@id":"https:\/\/swixed.ch\/de\/produkt\/sed32001\/#primaryimage","url":"https:\/\/swixed.ch\/wp-content\/uploads\/products\/schiller-cardi-first-angel-01.png","contentUrl":"https:\/\/swixed.ch\/wp-content\/uploads\/products\/schiller-cardi-first-angel-01.png","width":600,"height":600,"caption":"schiller-cardi-first-angel-01"},{"@type":"BreadcrumbList","@id":"https:\/\/swixed.ch\/de\/produkt\/sed32001\/#breadcrumb","itemListElement":[{"@type":"ListItem","position":1,"name":"Startseite","item":"https:\/\/swixed.ch\/de\/home\/"},{"@type":"ListItem","position":2,"name":"Shop","item":"https:\/\/swixed.ch\/de\/shop\/"},{"@type":"ListItem","position":3,"name":"Cardio First Angel"}]},{"@type":"WebSite","@id":"https:\/\/swixed.ch\/de\/#website","url":"https:\/\/swixed.ch\/de\/","name":"Swixed SA","description":"Elektronische Ger\u00e4te","publisher":{"@id":"https:\/\/swixed.ch\/de\/#organization"},"potentialAction":[{"@type":"SearchAction","target":{"@type":"EntryPoint","urlTemplate":"https:\/\/swixed.ch\/de\/?s={search_term_string}"},"query-input":{"@type":"PropertyValueSpecification","valueRequired":true,"valueName":"search_term_string"}}],"inLanguage":"de"},{"@type":"Organization","@id":"https:\/\/swixed.ch\/de\/#organization","name":"Swixed SA","url":"https:\/\/swixed.ch\/de\/","logo":{"@type":"ImageObject","inLanguage":"de","@id":"https:\/\/swixed.ch\/de\/#\/schema\/logo\/image\/","url":"https:\/\/swixed.ch\/wp-content\/uploads\/logos\/swixed-logo-lite.png","contentUrl":"https:\/\/swixed.ch\/wp-content\/uploads\/logos\/swixed-logo-lite.png","width":696,"height":696,"caption":"Swixed SA"},"image":{"@id":"https:\/\/swixed.ch\/de\/#\/schema\/logo\/image\/"},"sameAs":["https:\/\/www.facebook.com\/swixed","https:\/\/www.linkedin.com\/company\/swixed","https:\/\/www.youtube.com\/@swixedsa"],"description":"Swixed SA est une entreprise suisse bas\u00e9e \u00e0 Gen\u00e8ve, sp\u00e9cialis\u00e9e dans la vente, la location et la maintenance d\u2019appareils m\u00e9dicaux professionnels, tels que d\u00e9fibrillateurs AED, \u00e9lectrocardiographes, moniteurs patient et dispositifs de diagnostic.","email":"infoshop@swixed.ch","telephone":"+41 22 566 11 95","legalName":"Swixed SA","foundingDate":"2021-03-01","numberOfEmployees":{"@type":"QuantitativeValue","minValue":"1","maxValue":"10"}}]}},"_links":{"self":[{"href":"https:\/\/swixed.ch\/de\/wp-json\/wp\/v2\/product\/34940","targetHints":{"allow":["GET"]}}],"collection":[{"href":"https:\/\/swixed.ch\/de\/wp-json\/wp\/v2\/product"}],"about":[{"href":"https:\/\/swixed.ch\/de\/wp-json\/wp\/v2\/types\/product"}],"version-history":[{"count":1,"href":"https:\/\/swixed.ch\/de\/wp-json\/wp\/v2\/product\/34940\/revisions"}],"predecessor-version":[{"id":62899,"href":"https:\/\/swixed.ch\/de\/wp-json\/wp\/v2\/product\/34940\/revisions\/62899"}],"wp:featuredmedia":[{"embeddable":true,"href":"https:\/\/swixed.ch\/de\/wp-json\/wp\/v2\/media\/28435"}],"wp:attachment":[{"href":"https:\/\/swixed.ch\/de\/wp-json\/wp\/v2\/media?parent=34940"}],"wp:term":[{"taxonomy":"product_brand","embeddable":true,"href":"https:\/\/swixed.ch\/de\/wp-json\/wp\/v2\/product_brand?post=34940"},{"taxonomy":"product_cat","embeddable":true,"href":"https:\/\/swixed.ch\/de\/wp-json\/wp\/v2\/product_cat?post=34940"},{"taxonomy":"product_tag","embeddable":true,"href":"https:\/\/swixed.ch\/de\/wp-json\/wp\/v2\/product_tag?post=34940"}],"curies":[{"name":"wp","href":"https:\/\/api.w.org\/{rel}","templated":true}]}}