{"id":35013,"date":"2021-07-30T11:22:12","date_gmt":"2021-07-30T10:22:12","guid":{"rendered":"https:\/\/swixed.com\/produit\/elektroden-smart-pads-ii-fuer-philips-heartstart-frx\/"},"modified":"2026-04-20T08:58:07","modified_gmt":"2026-04-20T07:58:07","slug":"sed34010","status":"publish","type":"product","link":"https:\/\/swixed.ch\/de\/produkt\/sed34010\/","title":{"rendered":"Smart Pads II-Elektroden f\u00fcr Erwachsene f\u00fcr Philips Heartstart FRx"},"content":{"rendered":"\t\t<div data-elementor-type=\"product-post\" data-elementor-id=\"35013\" class=\"elementor elementor-35013 elementor-6045\" data-elementor-post-type=\"product\">\n\t\t\t\t\t\t<section class=\"elementor-section elementor-top-section elementor-element elementor-element-566dfe8 elementor-section-boxed elementor-section-height-default elementor-section-height-default\" data-id=\"566dfe8\" data-element_type=\"section\" data-e-type=\"section\">\n\t\t\t\t\t\t<div class=\"elementor-container elementor-column-gap-default\">\n\t\t\t\t\t<div class=\"elementor-column elementor-col-100 elementor-top-column elementor-element elementor-element-2c4618e\" data-id=\"2c4618e\" data-element_type=\"column\" data-e-type=\"column\">\n\t\t\t<div class=\"elementor-widget-wrap elementor-element-populated\">\n\t\t\t\t\t\t<div class=\"elementor-element elementor-element-57fea7d elementor-widget elementor-widget-heading\" data-id=\"57fea7d\" data-element_type=\"widget\" data-e-type=\"widget\" data-widget_type=\"heading.default\">\n\t\t\t\t\t<h2 class=\"elementor-heading-title elementor-size-default\">Beschreibung<\/h2>\t\t\t\t<\/div>\n\t\t\t\t<div class=\"elementor-element elementor-element-e0a279c elementor-widget elementor-widget-text-editor\" data-id=\"e0a279c\" data-element_type=\"widget\" data-e-type=\"widget\" data-widget_type=\"text-editor.default\">\n\t\t\t\t\t\t\t\t\t<p>Die Smart Pads II Elektroden, die speziell f\u00fcr den Philips Heartstart FRx Defibrillator entwickelt wurden, gew\u00e4hrleisten eine effektive Anwendung im Notfall. Diese vielseitigen Elektroden sind f\u00fcr erwachsene Patienten geeignet, k\u00f6nnen aber dank des mitgelieferten Kinder-\/Kleinkindschl\u00fcssels auch f\u00fcr Kinder und S\u00e4uglinge verwendet werden. <\/p><p>Die Smart Pads II sind f\u00fcr eine schnelle und einfache Verbindung konzipiert und gew\u00e4hrleisten eine optimale Energie\u00fcbertragung w\u00e4hrend der Defibrillation, was f\u00fcr die Erh\u00f6hung der \u00dcberlebenschancen entscheidend ist. Sie sind mit einer fortschrittlichen Technologie ausgestattet, die eine sichere Haftung auf der Haut und eine pr\u00e4zise Erfassung der Vitalsignale gew\u00e4hrleistet. Die Elektroden sind vorab angeschlossen, was eine schnelle Aktivierung des Defibrillators erm\u00f6glicht und die Zeit bis zum Eintreffen in einer kritischen Situation minimiert.  <\/p>\t\t\t\t\t\t\t\t<\/div>\n\t\t\t\t<div class=\"elementor-element elementor-element-32139f9 elementor-widget elementor-widget-heading\" data-id=\"32139f9\" data-element_type=\"widget\" data-e-type=\"widget\" data-widget_type=\"heading.default\">\n\t\t\t\t\t<h2 class=\"elementor-heading-title elementor-size-default\">Merkmal<\/h2>\t\t\t\t<\/div>\n\t\t\t\t<div class=\"elementor-element elementor-element-c796b36 elementor-widget elementor-widget-text-editor\" data-id=\"c796b36\" data-element_type=\"widget\" data-e-type=\"widget\" data-widget_type=\"text-editor.default\">\n\t\t\t\t\t\t\t\t\t<ul><li>Anwendung bei Erwachsenen, Kindern und S\u00e4uglingen<\/li><li>Kompatibel mit Philips Heartstart FRx<\/li><li>Inklusive Schl\u00fcssel f\u00fcr Kinder\/Kleinkinder<\/li><li>Fortschrittliche Adh\u00e4sionstechnologie<\/li><li>Vorgekoppelt f\u00fcr eine schnelle Aktivierung<\/li><\/ul>\t\t\t\t\t\t\t\t<\/div>\n\t\t\t\t<div class=\"elementor-element elementor-element-5aac30a elementor-widget elementor-widget-heading\" data-id=\"5aac30a\" data-element_type=\"widget\" data-e-type=\"widget\" data-widget_type=\"heading.default\">\n\t\t\t\t\t<h2 class=\"elementor-heading-title elementor-size-default\">Inhalt<\/h2>\t\t\t\t<\/div>\n\t\t\t\t<div class=\"elementor-element elementor-element-7b9729e elementor-widget elementor-widget-text-editor\" data-id=\"7b9729e\" data-element_type=\"widget\" data-e-type=\"widget\" data-widget_type=\"text-editor.default\">\n\t\t\t\t\t\t\t\t\t<ul><li>1 Paar Smart Pads II f\u00fcr Philips Heartstart FRx Defibrillator<\/li><li>Schl\u00fcssel f\u00fcr Kinder\/Kleinkinder<\/li><\/ul>\t\t\t\t\t\t\t\t<\/div>\n\t\t\t\t\t<\/div>\n\t\t<\/div>\n\t\t\t\t\t<\/div>\n\t\t<\/section>\n\t\t\t\t<\/div>\n\t\t","protected":false},"excerpt":{"rendered":"<p>Die Smart Pads II Elektroden von Philips sind f\u00fcr den Einsatz mit dem Defibrillator HeartStart FRx vorgesehen. Sie befinden sich in einem stabilen Hartschalenbeh\u00e4lter und werden direkt mit dem Ger\u00e4t verbunden. CE-zertifiziertes Zubeh\u00f6r, geeignet f\u00fcr die Verwendung mit dem Modell FRx. Kompatibel mit optionalen Ger\u00e4teeinstellungen je nach Zubeh\u00f6r.  <\/p>\n","protected":false},"featured_media":28391,"template":"","meta":{"_acf_changed":false},"product_brand":[2171],"product_cat":[1422,1490],"product_tag":[1425,6578,6580,6583,6584,6586,4134,2752,6582,6585,4011,6581,6579,2758,4020],"class_list":{"0":"post-35013","1":"product","2":"type-product","3":"status-publish","4":"has-post-thumbnail","6":"product_brand-philips-de","7":"product_cat-defibrillatoren","8":"product_cat-verbrauchsmaterial-defibrillatoren","9":"product_tag-defibrillation-de","10":"product_tag-defibrillator-elektroden","11":"product_tag-elektroden-erwachsene-kinder","12":"product_tag-gesundheit-im-notfall","13":"product_tag-intensivpflege","14":"product_tag-kardio-elektroden","15":"product_tag-medizinische-gerate","16":"product_tag-medizinisches-gerat","17":"product_tag-notfall-elektroden","18":"product_tag-patientenschutz","19":"product_tag-philips-heartstart-frx-de","20":"product_tag-schlussel-fur-kind-kleinkind","21":"product_tag-smart-pads-ii-de","22":"product_tag-wiederbelebungsausrustung","23":"product_tag-wiederverwendbare-elektroden","25":"first","26":"instock","27":"sale","28":"taxable","29":"shipping-taxable","30":"purchasable","31":"product-type-simple"},"acf":[],"yoast_head":"<!-- This site is optimized with the Yoast SEO Premium plugin v27.4 (Yoast SEO v27.4) - https:\/\/yoast.com\/product\/yoast-seo-premium-wordpress\/ -->\n<title>Smart Pads II-Elektroden f\u00fcr Erwachsene f\u00fcr Philips Heartstart FRx | Swixed SA<\/title>\n<meta name=\"description\" content=\"Smart Pads II Elektroden f\u00fcr Philips Heartstart FRx, geeignet f\u00fcr Erwachsene, Kinder und S\u00e4uglinge mit Spezialschl\u00fcssel. Sichern Sie Ihre Eingriffe.\" \/>\n<meta name=\"robots\" content=\"index, follow, max-snippet:-1, max-image-preview:large, max-video-preview:-1\" \/>\n<link rel=\"canonical\" href=\"https:\/\/swixed.ch\/de\/produkt\/sed34010\/\" \/>\n<meta property=\"og:locale\" content=\"de_DE\" \/>\n<meta property=\"og:type\" content=\"article\" \/>\n<meta property=\"og:title\" content=\"Smart Pads II-Elektroden f\u00fcr Erwachsene f\u00fcr Philips Heartstart FRx\" \/>\n<meta property=\"og:description\" content=\"Smart Pads II Elektroden f\u00fcr Philips Heartstart FRx, geeignet f\u00fcr Erwachsene, Kinder und S\u00e4uglinge mit Spezialschl\u00fcssel. Sichern Sie Ihre Eingriffe.\" \/>\n<meta property=\"og:url\" content=\"https:\/\/swixed.ch\/de\/produkt\/sed34010\/\" \/>\n<meta property=\"og:site_name\" content=\"Swixed SA\" \/>\n<meta property=\"article:publisher\" content=\"https:\/\/www.facebook.com\/swixed\" \/>\n<meta property=\"article:modified_time\" content=\"2026-04-20T07:58:07+00:00\" \/>\n<meta property=\"og:image\" content=\"https:\/\/swixed.ch\/wp-content\/uploads\/products\/philips-heartstar-frx-electrodes-01.png\" \/>\n\t<meta property=\"og:image:width\" content=\"600\" \/>\n\t<meta property=\"og:image:height\" content=\"600\" \/>\n\t<meta property=\"og:image:type\" content=\"image\/png\" \/>\n<meta name=\"twitter:card\" content=\"summary_large_image\" \/>\n<meta name=\"twitter:label1\" content=\"Gesch\u00e4tzte Lesezeit\" \/>\n\t<meta name=\"twitter:data1\" content=\"1\u00a0Minute\" \/>\n<script type=\"application\/ld+json\" class=\"yoast-schema-graph\">{\"@context\":\"https:\\\/\\\/schema.org\",\"@graph\":[{\"@type\":\"WebPage\",\"@id\":\"https:\\\/\\\/swixed.ch\\\/de\\\/produkt\\\/sed34010\\\/\",\"url\":\"https:\\\/\\\/swixed.ch\\\/de\\\/produkt\\\/sed34010\\\/\",\"name\":\"Smart Pads II-Elektroden f\u00fcr Erwachsene f\u00fcr Philips Heartstart FRx | Swixed SA\",\"isPartOf\":{\"@id\":\"https:\\\/\\\/swixed.ch\\\/de\\\/#website\"},\"primaryImageOfPage\":{\"@id\":\"https:\\\/\\\/swixed.ch\\\/de\\\/produkt\\\/sed34010\\\/#primaryimage\"},\"image\":{\"@id\":\"https:\\\/\\\/swixed.ch\\\/de\\\/produkt\\\/sed34010\\\/#primaryimage\"},\"thumbnailUrl\":\"https:\\\/\\\/swixed.ch\\\/wp-content\\\/uploads\\\/products\\\/philips-heartstar-frx-electrodes-01.png\",\"datePublished\":\"2021-07-30T10:22:12+00:00\",\"dateModified\":\"2026-04-20T07:58:07+00:00\",\"description\":\"Smart Pads II Elektroden f\u00fcr Philips Heartstart FRx, geeignet f\u00fcr Erwachsene, Kinder und S\u00e4uglinge mit Spezialschl\u00fcssel. Sichern Sie Ihre Eingriffe.\",\"breadcrumb\":{\"@id\":\"https:\\\/\\\/swixed.ch\\\/de\\\/produkt\\\/sed34010\\\/#breadcrumb\"},\"inLanguage\":\"de\",\"potentialAction\":[{\"@type\":\"ReadAction\",\"target\":[\"https:\\\/\\\/swixed.ch\\\/de\\\/produkt\\\/sed34010\\\/\"]}]},{\"@type\":\"ImageObject\",\"inLanguage\":\"de\",\"@id\":\"https:\\\/\\\/swixed.ch\\\/de\\\/produkt\\\/sed34010\\\/#primaryimage\",\"url\":\"https:\\\/\\\/swixed.ch\\\/wp-content\\\/uploads\\\/products\\\/philips-heartstar-frx-electrodes-01.png\",\"contentUrl\":\"https:\\\/\\\/swixed.ch\\\/wp-content\\\/uploads\\\/products\\\/philips-heartstar-frx-electrodes-01.png\",\"width\":600,\"height\":600,\"caption\":\"philips-heartstar-frx-elektroden-01\"},{\"@type\":\"BreadcrumbList\",\"@id\":\"https:\\\/\\\/swixed.ch\\\/de\\\/produkt\\\/sed34010\\\/#breadcrumb\",\"itemListElement\":[{\"@type\":\"ListItem\",\"position\":1,\"name\":\"Startseite\",\"item\":\"https:\\\/\\\/swixed.ch\\\/de\\\/home\\\/\"},{\"@type\":\"ListItem\",\"position\":2,\"name\":\"Shop\",\"item\":\"https:\\\/\\\/swixed.ch\\\/de\\\/shop\\\/\"},{\"@type\":\"ListItem\",\"position\":3,\"name\":\"Smart Pads II-Elektroden f\u00fcr Erwachsene f\u00fcr Philips Heartstart FRx\"}]},{\"@type\":\"WebSite\",\"@id\":\"https:\\\/\\\/swixed.ch\\\/de\\\/#website\",\"url\":\"https:\\\/\\\/swixed.ch\\\/de\\\/\",\"name\":\"Swixed SA\",\"description\":\"Elektronische Ger\u00e4te\",\"publisher\":{\"@id\":\"https:\\\/\\\/swixed.ch\\\/de\\\/#organization\"},\"potentialAction\":[{\"@type\":\"SearchAction\",\"target\":{\"@type\":\"EntryPoint\",\"urlTemplate\":\"https:\\\/\\\/swixed.ch\\\/de\\\/?s={search_term_string}\"},\"query-input\":{\"@type\":\"PropertyValueSpecification\",\"valueRequired\":true,\"valueName\":\"search_term_string\"}}],\"inLanguage\":\"de\"},{\"@type\":\"Organization\",\"@id\":\"https:\\\/\\\/swixed.ch\\\/de\\\/#organization\",\"name\":\"Swixed SA\",\"url\":\"https:\\\/\\\/swixed.ch\\\/de\\\/\",\"logo\":{\"@type\":\"ImageObject\",\"inLanguage\":\"de\",\"@id\":\"https:\\\/\\\/swixed.ch\\\/de\\\/#\\\/schema\\\/logo\\\/image\\\/\",\"url\":\"https:\\\/\\\/swixed.ch\\\/wp-content\\\/uploads\\\/logos\\\/swixed-logo-lite.png\",\"contentUrl\":\"https:\\\/\\\/swixed.ch\\\/wp-content\\\/uploads\\\/logos\\\/swixed-logo-lite.png\",\"width\":696,\"height\":696,\"caption\":\"Swixed SA\"},\"image\":{\"@id\":\"https:\\\/\\\/swixed.ch\\\/de\\\/#\\\/schema\\\/logo\\\/image\\\/\"},\"sameAs\":[\"https:\\\/\\\/www.facebook.com\\\/swixed\",\"https:\\\/\\\/www.linkedin.com\\\/company\\\/swixed\",\"https:\\\/\\\/www.youtube.com\\\/@swixedsa\"],\"description\":\"Swixed SA est une entreprise suisse bas\u00e9e \u00e0 Gen\u00e8ve, sp\u00e9cialis\u00e9e dans la vente, la location et la maintenance d\u2019appareils m\u00e9dicaux professionnels, tels que d\u00e9fibrillateurs AED, \u00e9lectrocardiographes, moniteurs patient et dispositifs de diagnostic.\",\"email\":\"infoshop@swixed.ch\",\"telephone\":\"+41 22 566 11 95\",\"legalName\":\"Swixed SA\",\"foundingDate\":\"2021-03-01\",\"numberOfEmployees\":{\"@type\":\"QuantitativeValue\",\"minValue\":\"1\",\"maxValue\":\"10\"}}]}<\/script>\n<!-- \/ Yoast SEO Premium plugin. -->","yoast_head_json":{"title":"Smart Pads II-Elektroden f\u00fcr Erwachsene f\u00fcr Philips Heartstart FRx | Swixed SA","description":"Smart Pads II Elektroden f\u00fcr Philips Heartstart FRx, geeignet f\u00fcr Erwachsene, Kinder und S\u00e4uglinge mit Spezialschl\u00fcssel. Sichern Sie Ihre Eingriffe.","robots":{"index":"index","follow":"follow","max-snippet":"max-snippet:-1","max-image-preview":"max-image-preview:large","max-video-preview":"max-video-preview:-1"},"canonical":"https:\/\/swixed.ch\/de\/produkt\/sed34010\/","og_locale":"de_DE","og_type":"article","og_title":"Smart Pads II-Elektroden f\u00fcr Erwachsene f\u00fcr Philips Heartstart FRx","og_description":"Smart Pads II Elektroden f\u00fcr Philips Heartstart FRx, geeignet f\u00fcr Erwachsene, Kinder und S\u00e4uglinge mit Spezialschl\u00fcssel. Sichern Sie Ihre Eingriffe.","og_url":"https:\/\/swixed.ch\/de\/produkt\/sed34010\/","og_site_name":"Swixed SA","article_publisher":"https:\/\/www.facebook.com\/swixed","article_modified_time":"2026-04-20T07:58:07+00:00","og_image":[{"width":600,"height":600,"url":"https:\/\/swixed.ch\/wp-content\/uploads\/products\/philips-heartstar-frx-electrodes-01.png","type":"image\/png"}],"twitter_card":"summary_large_image","twitter_misc":{"Gesch\u00e4tzte Lesezeit":"1\u00a0Minute"},"schema":{"@context":"https:\/\/schema.org","@graph":[{"@type":"WebPage","@id":"https:\/\/swixed.ch\/de\/produkt\/sed34010\/","url":"https:\/\/swixed.ch\/de\/produkt\/sed34010\/","name":"Smart Pads II-Elektroden f\u00fcr Erwachsene f\u00fcr Philips Heartstart FRx | Swixed SA","isPartOf":{"@id":"https:\/\/swixed.ch\/de\/#website"},"primaryImageOfPage":{"@id":"https:\/\/swixed.ch\/de\/produkt\/sed34010\/#primaryimage"},"image":{"@id":"https:\/\/swixed.ch\/de\/produkt\/sed34010\/#primaryimage"},"thumbnailUrl":"https:\/\/swixed.ch\/wp-content\/uploads\/products\/philips-heartstar-frx-electrodes-01.png","datePublished":"2021-07-30T10:22:12+00:00","dateModified":"2026-04-20T07:58:07+00:00","description":"Smart Pads II Elektroden f\u00fcr Philips Heartstart FRx, geeignet f\u00fcr Erwachsene, Kinder und S\u00e4uglinge mit Spezialschl\u00fcssel. Sichern Sie Ihre Eingriffe.","breadcrumb":{"@id":"https:\/\/swixed.ch\/de\/produkt\/sed34010\/#breadcrumb"},"inLanguage":"de","potentialAction":[{"@type":"ReadAction","target":["https:\/\/swixed.ch\/de\/produkt\/sed34010\/"]}]},{"@type":"ImageObject","inLanguage":"de","@id":"https:\/\/swixed.ch\/de\/produkt\/sed34010\/#primaryimage","url":"https:\/\/swixed.ch\/wp-content\/uploads\/products\/philips-heartstar-frx-electrodes-01.png","contentUrl":"https:\/\/swixed.ch\/wp-content\/uploads\/products\/philips-heartstar-frx-electrodes-01.png","width":600,"height":600,"caption":"philips-heartstar-frx-elektroden-01"},{"@type":"BreadcrumbList","@id":"https:\/\/swixed.ch\/de\/produkt\/sed34010\/#breadcrumb","itemListElement":[{"@type":"ListItem","position":1,"name":"Startseite","item":"https:\/\/swixed.ch\/de\/home\/"},{"@type":"ListItem","position":2,"name":"Shop","item":"https:\/\/swixed.ch\/de\/shop\/"},{"@type":"ListItem","position":3,"name":"Smart Pads II-Elektroden f\u00fcr Erwachsene f\u00fcr Philips Heartstart FRx"}]},{"@type":"WebSite","@id":"https:\/\/swixed.ch\/de\/#website","url":"https:\/\/swixed.ch\/de\/","name":"Swixed SA","description":"Elektronische Ger\u00e4te","publisher":{"@id":"https:\/\/swixed.ch\/de\/#organization"},"potentialAction":[{"@type":"SearchAction","target":{"@type":"EntryPoint","urlTemplate":"https:\/\/swixed.ch\/de\/?s={search_term_string}"},"query-input":{"@type":"PropertyValueSpecification","valueRequired":true,"valueName":"search_term_string"}}],"inLanguage":"de"},{"@type":"Organization","@id":"https:\/\/swixed.ch\/de\/#organization","name":"Swixed SA","url":"https:\/\/swixed.ch\/de\/","logo":{"@type":"ImageObject","inLanguage":"de","@id":"https:\/\/swixed.ch\/de\/#\/schema\/logo\/image\/","url":"https:\/\/swixed.ch\/wp-content\/uploads\/logos\/swixed-logo-lite.png","contentUrl":"https:\/\/swixed.ch\/wp-content\/uploads\/logos\/swixed-logo-lite.png","width":696,"height":696,"caption":"Swixed SA"},"image":{"@id":"https:\/\/swixed.ch\/de\/#\/schema\/logo\/image\/"},"sameAs":["https:\/\/www.facebook.com\/swixed","https:\/\/www.linkedin.com\/company\/swixed","https:\/\/www.youtube.com\/@swixedsa"],"description":"Swixed SA est une entreprise suisse bas\u00e9e \u00e0 Gen\u00e8ve, sp\u00e9cialis\u00e9e dans la vente, la location et la maintenance d\u2019appareils m\u00e9dicaux professionnels, tels que d\u00e9fibrillateurs AED, \u00e9lectrocardiographes, moniteurs patient et dispositifs de diagnostic.","email":"infoshop@swixed.ch","telephone":"+41 22 566 11 95","legalName":"Swixed SA","foundingDate":"2021-03-01","numberOfEmployees":{"@type":"QuantitativeValue","minValue":"1","maxValue":"10"}}]}},"_links":{"self":[{"href":"https:\/\/swixed.ch\/de\/wp-json\/wp\/v2\/product\/35013","targetHints":{"allow":["GET"]}}],"collection":[{"href":"https:\/\/swixed.ch\/de\/wp-json\/wp\/v2\/product"}],"about":[{"href":"https:\/\/swixed.ch\/de\/wp-json\/wp\/v2\/types\/product"}],"version-history":[{"count":1,"href":"https:\/\/swixed.ch\/de\/wp-json\/wp\/v2\/product\/35013\/revisions"}],"predecessor-version":[{"id":62941,"href":"https:\/\/swixed.ch\/de\/wp-json\/wp\/v2\/product\/35013\/revisions\/62941"}],"wp:featuredmedia":[{"embeddable":true,"href":"https:\/\/swixed.ch\/de\/wp-json\/wp\/v2\/media\/28391"}],"wp:attachment":[{"href":"https:\/\/swixed.ch\/de\/wp-json\/wp\/v2\/media?parent=35013"}],"wp:term":[{"taxonomy":"product_brand","embeddable":true,"href":"https:\/\/swixed.ch\/de\/wp-json\/wp\/v2\/product_brand?post=35013"},{"taxonomy":"product_cat","embeddable":true,"href":"https:\/\/swixed.ch\/de\/wp-json\/wp\/v2\/product_cat?post=35013"},{"taxonomy":"product_tag","embeddable":true,"href":"https:\/\/swixed.ch\/de\/wp-json\/wp\/v2\/product_tag?post=35013"}],"curies":[{"name":"wp","href":"https:\/\/api.w.org\/{rel}","templated":true}]}}