{"id":35034,"date":"2021-07-29T10:58:03","date_gmt":"2021-07-29T09:58:03","guid":{"rendered":"https:\/\/swixed.com\/produit\/innenwandbox-mit-alarm-defisign-aivia-100\/"},"modified":"2026-04-19T19:54:22","modified_gmt":"2026-04-19T18:54:22","slug":"sed32002","status":"publish","type":"product","link":"https:\/\/swixed.ch\/de\/produkt\/sed32002\/","title":{"rendered":"Defisign \/ Aivia 100 Innenwandgeh\u00e4use mit Alarm"},"content":{"rendered":"\t\t<div data-elementor-type=\"product-post\" data-elementor-id=\"35034\" class=\"elementor elementor-35034 elementor-5960\" data-elementor-post-type=\"product\">\n\t\t\t\t\t\t<section class=\"elementor-section elementor-top-section elementor-element elementor-element-566dfe8 elementor-section-boxed elementor-section-height-default elementor-section-height-default\" data-id=\"566dfe8\" data-element_type=\"section\" data-e-type=\"section\">\n\t\t\t\t\t\t<div class=\"elementor-container elementor-column-gap-default\">\n\t\t\t\t\t<div class=\"elementor-column elementor-col-100 elementor-top-column elementor-element elementor-element-2c4618e\" data-id=\"2c4618e\" data-element_type=\"column\" data-e-type=\"column\">\n\t\t\t<div class=\"elementor-widget-wrap elementor-element-populated\">\n\t\t\t\t\t\t<div class=\"elementor-element elementor-element-57fea7d elementor-widget elementor-widget-heading\" data-id=\"57fea7d\" data-element_type=\"widget\" data-e-type=\"widget\" data-widget_type=\"heading.default\">\n\t\t\t\t\t<h2 class=\"elementor-heading-title elementor-size-default\">Beschreibung<\/h2>\t\t\t\t<\/div>\n\t\t\t\t<div class=\"elementor-element elementor-element-e0a279c elementor-widget elementor-widget-text-editor\" data-id=\"e0a279c\" data-element_type=\"widget\" data-e-type=\"widget\" data-widget_type=\"text-editor.default\">\n\t\t\t\t\t\t\t\t\t<p>Diese gr\u00fcne <strong>Wandbox<\/strong> ist <strong>robust, aber leicht<\/strong>. Sie besteht aus zwei Teilen: einer ABS-Halterung und einer Polycarbonat-Abdeckung, auf der <strong>die Rettungskette und drei Piktogramme abgebildet sind, die erkl\u00e4ren, was im Falle einer Benutzung zu tun ist.<\/strong> <\/p><p>Diese Box <strong>ist ausschlie\u00dflich f\u00fcr den Gebrauch in Innenr\u00e4umen vorgesehen<\/strong>, da sie nicht mit einem Heizsystem ausgestattet werden kann.<\/p><p>Die<strong>Tag-\/Nachtbeleuchtung<\/strong> erfolgt \u00fcber LED-Licht mit <strong>automatischer Helligkeitserkennung<\/strong>. Die Beleuchtung wird mit 4 LR20-Batterien (im Lieferumfang enthalten) betrieben.<br>Der Zugang zum AED ist durch eine \u00d6ffnungsplombe gesch\u00fctzt und das \u00d6ffnen der Abdeckung l\u00f6st automatisch einen <strong>optischen und einen 90 Dezibel lauten akustischen Alarm<\/strong> aus. <\/p>\t\t\t\t\t\t\t\t<\/div>\n\t\t\t\t\t<\/div>\n\t\t<\/div>\n\t\t\t\t\t<\/div>\n\t\t<\/section>\n\t\t\t\t<\/div>\n\t\t","protected":false},"excerpt":{"rendered":"<p>Gr\u00fcnes Wandgeh\u00e4use f\u00fcr die Installation in Innenr\u00e4umen, das mit verschiedenen Defibrillator-Modellen kompatibel ist. Hergestellt aus ABS mit einer Abdeckung aus Polycarbonat mit erkl\u00e4renden Piktogrammen. Es ist leicht und robust und verf\u00fcgt \u00fcber einen akustischen Alarm, der beim \u00d6ffnen aktiviert wird. Dieses Modell verf\u00fcgt \u00fcber kein Heizsystem und ist nicht f\u00fcr den Einsatz im Freien geeignet.   <\/p>\n","protected":false},"featured_media":43986,"template":"","meta":{"_acf_changed":false},"product_brand":[2111,2143],"product_cat":[1422,1503],"product_tag":[1505,1506,1425,1504,1428,1427,1424,1530],"class_list":{"0":"post-35034","1":"product","2":"type-product","3":"status-publish","4":"has-post-thumbnail","6":"product_brand-aivia-de","7":"product_brand-defisign-de","8":"product_cat-defibrillatoren","9":"product_cat-zubehor-defibrillatoren","10":"product_tag-aed-de","11":"product_tag-dea-de","12":"product_tag-defibrillation-de","13":"product_tag-defibrillator","14":"product_tag-herzmassage","15":"product_tag-rcp-de","16":"product_tag-reanimation-de","17":"product_tag-schrank","18":"product_shipping_class-kostenloser-versand","20":"first","21":"instock","22":"sale","23":"taxable","24":"shipping-taxable","25":"purchasable","26":"product-type-simple"},"acf":[],"yoast_head":"<!-- This site is optimized with the Yoast SEO Premium plugin v27.4 (Yoast SEO v27.4) - https:\/\/yoast.com\/product\/yoast-seo-premium-wordpress\/ -->\n<title>Defisign \/ Aivia 100 Innenwandgeh\u00e4use mit Alarm | Swixed SA<\/title>\n<meta name=\"description\" content=\"Wandgeh\u00e4use bestehend aus einem ABS-Halter und einer Polycarbonatabdeckung. Geeignet f\u00fcr den Innenbereich, robust aber leicht.\" \/>\n<meta name=\"robots\" content=\"index, follow, max-snippet:-1, max-image-preview:large, max-video-preview:-1\" \/>\n<link rel=\"canonical\" href=\"https:\/\/swixed.ch\/de\/produkt\/sed32002\/\" \/>\n<meta property=\"og:locale\" content=\"de_DE\" \/>\n<meta property=\"og:type\" content=\"article\" \/>\n<meta property=\"og:title\" content=\"Defisign \/ Aivia 100 Innenwandgeh\u00e4use mit Alarm\" \/>\n<meta property=\"og:description\" content=\"Wandgeh\u00e4use bestehend aus einem ABS-Halter und einer Polycarbonatabdeckung. Geeignet f\u00fcr den Innenbereich, robust aber leicht.\" \/>\n<meta property=\"og:url\" content=\"https:\/\/swixed.ch\/de\/produkt\/sed32002\/\" \/>\n<meta property=\"og:site_name\" content=\"Swixed SA\" \/>\n<meta property=\"article:publisher\" content=\"https:\/\/www.facebook.com\/swixed\" \/>\n<meta property=\"article:modified_time\" content=\"2026-04-19T18:54:22+00:00\" \/>\n<meta property=\"og:image\" content=\"https:\/\/swixed.ch\/wp-content\/uploads\/products\/aivia-100-armoire-defibrillateurs-01.png\" \/>\n\t<meta property=\"og:image:width\" content=\"600\" \/>\n\t<meta property=\"og:image:height\" content=\"600\" \/>\n\t<meta property=\"og:image:type\" content=\"image\/png\" \/>\n<meta name=\"twitter:card\" content=\"summary_large_image\" \/>\n<meta name=\"twitter:label1\" content=\"Gesch\u00e4tzte Lesezeit\" \/>\n\t<meta name=\"twitter:data1\" content=\"1\u00a0Minute\" \/>\n<script type=\"application\/ld+json\" class=\"yoast-schema-graph\">{\"@context\":\"https:\\\/\\\/schema.org\",\"@graph\":[{\"@type\":\"WebPage\",\"@id\":\"https:\\\/\\\/swixed.ch\\\/de\\\/produkt\\\/sed32002\\\/\",\"url\":\"https:\\\/\\\/swixed.ch\\\/de\\\/produkt\\\/sed32002\\\/\",\"name\":\"Defisign \\\/ Aivia 100 Innenwandgeh\u00e4use mit Alarm | Swixed SA\",\"isPartOf\":{\"@id\":\"https:\\\/\\\/swixed.ch\\\/de\\\/#website\"},\"primaryImageOfPage\":{\"@id\":\"https:\\\/\\\/swixed.ch\\\/de\\\/produkt\\\/sed32002\\\/#primaryimage\"},\"image\":{\"@id\":\"https:\\\/\\\/swixed.ch\\\/de\\\/produkt\\\/sed32002\\\/#primaryimage\"},\"thumbnailUrl\":\"https:\\\/\\\/swixed.ch\\\/wp-content\\\/uploads\\\/products\\\/aivia-100-armoire-defibrillateurs-01.png\",\"datePublished\":\"2021-07-29T09:58:03+00:00\",\"dateModified\":\"2026-04-19T18:54:22+00:00\",\"description\":\"Wandgeh\u00e4use bestehend aus einem ABS-Halter und einer Polycarbonatabdeckung. Geeignet f\u00fcr den Innenbereich, robust aber leicht.\",\"breadcrumb\":{\"@id\":\"https:\\\/\\\/swixed.ch\\\/de\\\/produkt\\\/sed32002\\\/#breadcrumb\"},\"inLanguage\":\"de\",\"potentialAction\":[{\"@type\":\"ReadAction\",\"target\":[\"https:\\\/\\\/swixed.ch\\\/de\\\/produkt\\\/sed32002\\\/\"]}]},{\"@type\":\"ImageObject\",\"inLanguage\":\"de\",\"@id\":\"https:\\\/\\\/swixed.ch\\\/de\\\/produkt\\\/sed32002\\\/#primaryimage\",\"url\":\"https:\\\/\\\/swixed.ch\\\/wp-content\\\/uploads\\\/products\\\/aivia-100-armoire-defibrillateurs-01.png\",\"contentUrl\":\"https:\\\/\\\/swixed.ch\\\/wp-content\\\/uploads\\\/products\\\/aivia-100-armoire-defibrillateurs-01.png\",\"width\":600,\"height\":600,\"caption\":\"Innenwandgeh\u00e4use mit Alarm Defisign \\\/ Aivia 100\"},{\"@type\":\"BreadcrumbList\",\"@id\":\"https:\\\/\\\/swixed.ch\\\/de\\\/produkt\\\/sed32002\\\/#breadcrumb\",\"itemListElement\":[{\"@type\":\"ListItem\",\"position\":1,\"name\":\"Startseite\",\"item\":\"https:\\\/\\\/swixed.ch\\\/de\\\/home\\\/\"},{\"@type\":\"ListItem\",\"position\":2,\"name\":\"Shop\",\"item\":\"https:\\\/\\\/swixed.ch\\\/de\\\/shop\\\/\"},{\"@type\":\"ListItem\",\"position\":3,\"name\":\"Defisign \\\/ Aivia 100 Innenwandgeh\u00e4use mit Alarm\"}]},{\"@type\":\"WebSite\",\"@id\":\"https:\\\/\\\/swixed.ch\\\/de\\\/#website\",\"url\":\"https:\\\/\\\/swixed.ch\\\/de\\\/\",\"name\":\"Swixed SA\",\"description\":\"Elektronische Ger\u00e4te\",\"publisher\":{\"@id\":\"https:\\\/\\\/swixed.ch\\\/de\\\/#organization\"},\"potentialAction\":[{\"@type\":\"SearchAction\",\"target\":{\"@type\":\"EntryPoint\",\"urlTemplate\":\"https:\\\/\\\/swixed.ch\\\/de\\\/?s={search_term_string}\"},\"query-input\":{\"@type\":\"PropertyValueSpecification\",\"valueRequired\":true,\"valueName\":\"search_term_string\"}}],\"inLanguage\":\"de\"},{\"@type\":\"Organization\",\"@id\":\"https:\\\/\\\/swixed.ch\\\/de\\\/#organization\",\"name\":\"Swixed SA\",\"url\":\"https:\\\/\\\/swixed.ch\\\/de\\\/\",\"logo\":{\"@type\":\"ImageObject\",\"inLanguage\":\"de\",\"@id\":\"https:\\\/\\\/swixed.ch\\\/de\\\/#\\\/schema\\\/logo\\\/image\\\/\",\"url\":\"https:\\\/\\\/swixed.ch\\\/wp-content\\\/uploads\\\/logos\\\/swixed-logo-lite.png\",\"contentUrl\":\"https:\\\/\\\/swixed.ch\\\/wp-content\\\/uploads\\\/logos\\\/swixed-logo-lite.png\",\"width\":696,\"height\":696,\"caption\":\"Swixed SA\"},\"image\":{\"@id\":\"https:\\\/\\\/swixed.ch\\\/de\\\/#\\\/schema\\\/logo\\\/image\\\/\"},\"sameAs\":[\"https:\\\/\\\/www.facebook.com\\\/swixed\",\"https:\\\/\\\/www.linkedin.com\\\/company\\\/swixed\",\"https:\\\/\\\/www.youtube.com\\\/@swixedsa\"],\"description\":\"Swixed SA est une entreprise suisse bas\u00e9e \u00e0 Gen\u00e8ve, sp\u00e9cialis\u00e9e dans la vente, la location et la maintenance d\u2019appareils m\u00e9dicaux professionnels, tels que d\u00e9fibrillateurs AED, \u00e9lectrocardiographes, moniteurs patient et dispositifs de diagnostic.\",\"email\":\"infoshop@swixed.ch\",\"telephone\":\"+41 22 566 11 95\",\"legalName\":\"Swixed SA\",\"foundingDate\":\"2021-03-01\",\"numberOfEmployees\":{\"@type\":\"QuantitativeValue\",\"minValue\":\"1\",\"maxValue\":\"10\"}}]}<\/script>\n<!-- \/ Yoast SEO Premium plugin. -->","yoast_head_json":{"title":"Defisign \/ Aivia 100 Innenwandgeh\u00e4use mit Alarm | Swixed SA","description":"Wandgeh\u00e4use bestehend aus einem ABS-Halter und einer Polycarbonatabdeckung. Geeignet f\u00fcr den Innenbereich, robust aber leicht.","robots":{"index":"index","follow":"follow","max-snippet":"max-snippet:-1","max-image-preview":"max-image-preview:large","max-video-preview":"max-video-preview:-1"},"canonical":"https:\/\/swixed.ch\/de\/produkt\/sed32002\/","og_locale":"de_DE","og_type":"article","og_title":"Defisign \/ Aivia 100 Innenwandgeh\u00e4use mit Alarm","og_description":"Wandgeh\u00e4use bestehend aus einem ABS-Halter und einer Polycarbonatabdeckung. Geeignet f\u00fcr den Innenbereich, robust aber leicht.","og_url":"https:\/\/swixed.ch\/de\/produkt\/sed32002\/","og_site_name":"Swixed SA","article_publisher":"https:\/\/www.facebook.com\/swixed","article_modified_time":"2026-04-19T18:54:22+00:00","og_image":[{"width":600,"height":600,"url":"https:\/\/swixed.ch\/wp-content\/uploads\/products\/aivia-100-armoire-defibrillateurs-01.png","type":"image\/png"}],"twitter_card":"summary_large_image","twitter_misc":{"Gesch\u00e4tzte Lesezeit":"1\u00a0Minute"},"schema":{"@context":"https:\/\/schema.org","@graph":[{"@type":"WebPage","@id":"https:\/\/swixed.ch\/de\/produkt\/sed32002\/","url":"https:\/\/swixed.ch\/de\/produkt\/sed32002\/","name":"Defisign \/ Aivia 100 Innenwandgeh\u00e4use mit Alarm | Swixed SA","isPartOf":{"@id":"https:\/\/swixed.ch\/de\/#website"},"primaryImageOfPage":{"@id":"https:\/\/swixed.ch\/de\/produkt\/sed32002\/#primaryimage"},"image":{"@id":"https:\/\/swixed.ch\/de\/produkt\/sed32002\/#primaryimage"},"thumbnailUrl":"https:\/\/swixed.ch\/wp-content\/uploads\/products\/aivia-100-armoire-defibrillateurs-01.png","datePublished":"2021-07-29T09:58:03+00:00","dateModified":"2026-04-19T18:54:22+00:00","description":"Wandgeh\u00e4use bestehend aus einem ABS-Halter und einer Polycarbonatabdeckung. Geeignet f\u00fcr den Innenbereich, robust aber leicht.","breadcrumb":{"@id":"https:\/\/swixed.ch\/de\/produkt\/sed32002\/#breadcrumb"},"inLanguage":"de","potentialAction":[{"@type":"ReadAction","target":["https:\/\/swixed.ch\/de\/produkt\/sed32002\/"]}]},{"@type":"ImageObject","inLanguage":"de","@id":"https:\/\/swixed.ch\/de\/produkt\/sed32002\/#primaryimage","url":"https:\/\/swixed.ch\/wp-content\/uploads\/products\/aivia-100-armoire-defibrillateurs-01.png","contentUrl":"https:\/\/swixed.ch\/wp-content\/uploads\/products\/aivia-100-armoire-defibrillateurs-01.png","width":600,"height":600,"caption":"Innenwandgeh\u00e4use mit Alarm Defisign \/ Aivia 100"},{"@type":"BreadcrumbList","@id":"https:\/\/swixed.ch\/de\/produkt\/sed32002\/#breadcrumb","itemListElement":[{"@type":"ListItem","position":1,"name":"Startseite","item":"https:\/\/swixed.ch\/de\/home\/"},{"@type":"ListItem","position":2,"name":"Shop","item":"https:\/\/swixed.ch\/de\/shop\/"},{"@type":"ListItem","position":3,"name":"Defisign \/ Aivia 100 Innenwandgeh\u00e4use mit Alarm"}]},{"@type":"WebSite","@id":"https:\/\/swixed.ch\/de\/#website","url":"https:\/\/swixed.ch\/de\/","name":"Swixed SA","description":"Elektronische Ger\u00e4te","publisher":{"@id":"https:\/\/swixed.ch\/de\/#organization"},"potentialAction":[{"@type":"SearchAction","target":{"@type":"EntryPoint","urlTemplate":"https:\/\/swixed.ch\/de\/?s={search_term_string}"},"query-input":{"@type":"PropertyValueSpecification","valueRequired":true,"valueName":"search_term_string"}}],"inLanguage":"de"},{"@type":"Organization","@id":"https:\/\/swixed.ch\/de\/#organization","name":"Swixed SA","url":"https:\/\/swixed.ch\/de\/","logo":{"@type":"ImageObject","inLanguage":"de","@id":"https:\/\/swixed.ch\/de\/#\/schema\/logo\/image\/","url":"https:\/\/swixed.ch\/wp-content\/uploads\/logos\/swixed-logo-lite.png","contentUrl":"https:\/\/swixed.ch\/wp-content\/uploads\/logos\/swixed-logo-lite.png","width":696,"height":696,"caption":"Swixed SA"},"image":{"@id":"https:\/\/swixed.ch\/de\/#\/schema\/logo\/image\/"},"sameAs":["https:\/\/www.facebook.com\/swixed","https:\/\/www.linkedin.com\/company\/swixed","https:\/\/www.youtube.com\/@swixedsa"],"description":"Swixed SA est une entreprise suisse bas\u00e9e \u00e0 Gen\u00e8ve, sp\u00e9cialis\u00e9e dans la vente, la location et la maintenance d\u2019appareils m\u00e9dicaux professionnels, tels que d\u00e9fibrillateurs AED, \u00e9lectrocardiographes, moniteurs patient et dispositifs de diagnostic.","email":"infoshop@swixed.ch","telephone":"+41 22 566 11 95","legalName":"Swixed SA","foundingDate":"2021-03-01","numberOfEmployees":{"@type":"QuantitativeValue","minValue":"1","maxValue":"10"}}]}},"_links":{"self":[{"href":"https:\/\/swixed.ch\/de\/wp-json\/wp\/v2\/product\/35034","targetHints":{"allow":["GET"]}}],"collection":[{"href":"https:\/\/swixed.ch\/de\/wp-json\/wp\/v2\/product"}],"about":[{"href":"https:\/\/swixed.ch\/de\/wp-json\/wp\/v2\/types\/product"}],"version-history":[{"count":1,"href":"https:\/\/swixed.ch\/de\/wp-json\/wp\/v2\/product\/35034\/revisions"}],"predecessor-version":[{"id":62902,"href":"https:\/\/swixed.ch\/de\/wp-json\/wp\/v2\/product\/35034\/revisions\/62902"}],"wp:featuredmedia":[{"embeddable":true,"href":"https:\/\/swixed.ch\/de\/wp-json\/wp\/v2\/media\/43986"}],"wp:attachment":[{"href":"https:\/\/swixed.ch\/de\/wp-json\/wp\/v2\/media?parent=35034"}],"wp:term":[{"taxonomy":"product_brand","embeddable":true,"href":"https:\/\/swixed.ch\/de\/wp-json\/wp\/v2\/product_brand?post=35034"},{"taxonomy":"product_cat","embeddable":true,"href":"https:\/\/swixed.ch\/de\/wp-json\/wp\/v2\/product_cat?post=35034"},{"taxonomy":"product_tag","embeddable":true,"href":"https:\/\/swixed.ch\/de\/wp-json\/wp\/v2\/product_tag?post=35034"}],"curies":[{"name":"wp","href":"https:\/\/api.w.org\/{rel}","templated":true}]}}